{"id":595,"date":"2022-01-15T16:58:50","date_gmt":"2022-01-15T15:58:50","guid":{"rendered":"https:\/\/mesopolhis.fr\/?page_id=595"},"modified":"2024-10-30T11:14:52","modified_gmt":"2024-10-30T10:14:52","slug":"training","status":"publish","type":"page","link":"https:\/\/mesopolhis.fr\/en\/the-laboratory\/training\/","title":{"rendered":"Training"},"content":{"rendered":"<nav id=\"breadcrumbs\" aria-label=\"Breadcrumbs\"><a href=\"https:\/\/mesopolhis.fr\/en\/\">Home<\/a> \u00bbTraining<\/nav><h1>\n\t\tTraining\n\t<\/h1>\n\t\t\t\t\t\t\t\t\t<img loading=\"lazy\" decoding=\"async\" src=\"https:\/\/mesopolhis.fr\/wp-content\/uploads\/2024\/10\/1.A.1.-Logotype-Noir-300x130.png\" alt=\"1.A.1. Black Logotype\" height=\"130\" width=\"300\" title=\"1.A.1. Black Logotype\" \/>\n\t<h2>Department of Sociology Aix-Marseille University<\/h2>\n<p>&nbsp;<\/p>\n\t\t\t<a href=\"https:\/\/allsh.univ-amu.fr\/fr\/departements\/sociologie\" target=\"_blank\" rel=\"noopener\">\n\t\t\t\t\t\t\tSee the website\n\t\t\t\t\t<\/a>\n\t\t\t\t\t\t\t\t\t<img decoding=\"async\" src=\"https:\/\/mesopolhis.fr\/wp-content\/uploads\/2022\/01\/sciencepo.png\" alt=\"sciencepo\" title=\"sciencepo\" \/>\n\t<h2>Sciences Po Aix<\/h2>\n<p>&nbsp;<\/p>\n\t\t\t<a href=\"https:\/\/www.sciencespo-aix.fr\/contenu\/formations\/\" target=\"_blank\" rel=\"noopener\">\n\t\t\t\t\t\t\tSee the website\n\t\t\t\t\t<\/a>\n\t\t\t\t\t\t\t\t\t<img decoding=\"async\" src=\"https:\/\/mesopolhis.fr\/wp-content\/uploads\/2022\/01\/logo_inspe.png\" alt=\"logo_inspe\" title=\"logo_inspe\" \/>\n\t<h2>Insp\u00e9 d'Aix-Marseille<\/h2>\n<p>The Institut national sup\u00e9rieur du professorat et de l'\u00e9ducation (Insp\u00e9) is the part of Aix-Marseille University that prepares students for the teaching, education and training professions (MEEF).<\/p>\n\t\t\t\tFind out more\n\t\t\t\t<p>The Insp\u00e9 is involved from the 2nd year of the bachelor's degree by offering teaching units (UE) for pre-professionalisation in these professions and offers 4 MEEF master's courses which train school teachers, teachers of the 2nd level, principal education advisers (CPE) and various other professions in teaching, education and training.<br \/>The Insp\u00e9 offers the possibility of pursuing a thesis within the ED 356 Cognition Langage Education doctoral school.<\/p>\n<p>The Insp\u00e9 is associated with a number of partners who work together on the same research and training project.<br \/>The Insp\u00e9's internationally recognised expertise is based on the skills of the teacher-researchers, teachers and professionals in the field who are involved in training and the work of the laboratories of the SFERE-Provence research federation, which develop research in education.<br \/>Together with the Faculties of Science, Arts, Literature, Languages and Humanities (ALLSH) and Sports Science, as well as Avignon University, the Insp\u00e9 trains 2nd level teachers. It covers the disciplines of coll\u00e8ge, lyc\u00e9e d'enseignement g\u00e9n\u00e9ral et technologique and lyc\u00e9e professionnel.<br \/>Thanks to its close partnership with the education authority, the Insp\u00e9 is also involved in the in-service training of teachers in the French education system.<\/p>\n<p>The Insp\u00e9 has offices in Aix-en-Provence, Avignon, Digne-les-Bains and Marseille.<br \/>The course is organised around work placements and the acquisition of professional knowledge and skills. It enables students to obtain the MEEF Master's degree while preparing for the national education recruitment competitions: CRPE, CAPES, CAPET, CAPLP.<\/p>\n<p>With its 160 teachers and 152 administrative and technical staff, the Insp\u00e9 welcomes its students to train them using the latest methods and advances in educational research, to which it contributes as part of a project linking research, training and the field.<\/p>\n\t\t\t<a href=\"https:\/\/inspe.univ-amu.fr\/fr\/a-propos\/accueil\" target=\"_blank\" rel=\"noopener\">\n\t\t\t\t\t\t\tSee the website\n\t\t\t\t\t<\/a>\n\t\t\t\t\t\t\t\t\t<img decoding=\"async\" src=\"https:\/\/mesopolhis.fr\/wp-content\/uploads\/2022\/01\/logo-transparent-texteBLEU-copie.png\" alt=\"logo-transparent-textBLUE-copy\" title=\"logo-transparent-textBLUE-copy\" \/>\n\t<h2>IRTS - Regional Institute of Social Work<\/h2>\n\t\t\t<a href=\"https:\/\/www.irts-pacacorse.com\" target=\"_blank\" rel=\"noopener\">\n\t\t\t\t\t\t\tSee the website\n\t\t\t\t\t<\/a>\n\t\t\t\t\t\t\t\t\t<img decoding=\"async\" src=\"https:\/\/mesopolhis.fr\/wp-content\/uploads\/2022\/01\/scienceshuma.jpg\" alt=\"scienceshuma\" title=\"scienceshuma\" \/>\n\t<h2>Science and Humanities degree (Marseille)<\/h2>\n<p>Teaching in a different way, tackling disciplinary compartmentalisation and encouraging dialogue between disciplines on common themes: this is the starting point for the Sciences and Humanities degree.<\/p>\n<p>&nbsp;<\/p>\n\t\t\t<a href=\"https:\/\/formations.univ-amu.fr\/fr\/licence\/3SHU\" target=\"_blank\" rel=\"noopener\">\n\t\t\t\t\t\t\tSee the website\n\t\t\t\t\t<\/a>","protected":false},"excerpt":{"rendered":"<p>Home \u00bb Training Training Department of Sociology Aix-Marseille University See the Sciences Po Aix site See the Insp\u00e9 d'Aix-Marseille site The Institut national sup\u00e9rieur du professorat et de l'\u00e9ducation (Insp\u00e9) is the component of Aix-Marseille University that prepares students for the teaching, education and training professions (MEEF). Find out more The Insp\u00e9 is involved from...<\/p>","protected":false},"author":1,"featured_media":0,"parent":130,"menu_order":0,"comment_status":"closed","ping_status":"closed","template":"","meta":{"_acf_changed":false,"inline_featured_image":false,"footnotes":""},"class_list":["post-595","page","type-page","status-publish","hentry"],"acf":[],"yoast_head":"<!-- This site is optimized with the Yoast SEO plugin v27.3 - https:\/\/yoast.com\/product\/yoast-seo-wordpress\/ -->\n<title>Formation - Mesopolhis<\/title>\n<meta name=\"robots\" content=\"index, follow, max-snippet:-1, max-image-preview:large, max-video-preview:-1\" \/>\n<link rel=\"canonical\" href=\"https:\/\/mesopolhis.fr\/en\/the-laboratory\/training\/\" \/>\n<meta property=\"og:locale\" content=\"en_GB\" \/>\n<meta property=\"og:type\" content=\"article\" \/>\n<meta property=\"og:title\" content=\"Formation - Mesopolhis\" \/>\n<meta property=\"og:description\" content=\"Accueil &raquo; Formation Formation D\u00e9partement de Sociologie Aix-Marseille Universit\u00e9 &nbsp; Voir le site Sciences Po Aix &nbsp; Voir le site Insp\u00e9 d&rsquo;Aix-Marseille L&rsquo;Institut national sup\u00e9rieur du professorat et de l&rsquo;\u00e9ducation (Insp\u00e9) est la composante d&rsquo;Aix-Marseille Universit\u00e9 qui pr\u00e9pare aux m\u00e9tiers de l&rsquo;enseignement de l&rsquo;\u00e9ducation et de la formation (MEEF). En savoir plus L&rsquo;Insp\u00e9 intervient d\u00e8s&hellip;\" \/>\n<meta property=\"og:url\" content=\"https:\/\/mesopolhis.fr\/en\/the-laboratory\/training\/\" \/>\n<meta property=\"og:site_name\" content=\"Mesopolhis\" \/>\n<meta property=\"article:modified_time\" content=\"2024-10-30T10:14:52+00:00\" \/>\n<meta property=\"og:image\" content=\"https:\/\/mesopolhis.fr\/wp-content\/uploads\/2024\/10\/1.A.1.-Logotype-Noir-300x130.png\" \/>\n<meta name=\"twitter:card\" content=\"summary_large_image\" \/>\n<meta name=\"twitter:label1\" content=\"Estimated reading time\" \/>\n\t<meta name=\"twitter:data1\" content=\"4 minutes\" \/>\n<script type=\"application\/ld+json\" class=\"yoast-schema-graph\">{\"@context\":\"https:\\\/\\\/schema.org\",\"@graph\":[{\"@type\":\"WebPage\",\"@id\":\"https:\\\/\\\/mesopolhis.fr\\\/le-laboratoire\\\/formation\\\/\",\"url\":\"https:\\\/\\\/mesopolhis.fr\\\/le-laboratoire\\\/formation\\\/\",\"name\":\"Formation - Mesopolhis\",\"isPartOf\":{\"@id\":\"https:\\\/\\\/mesopolhis.fr\\\/#website\"},\"primaryImageOfPage\":{\"@id\":\"https:\\\/\\\/mesopolhis.fr\\\/le-laboratoire\\\/formation\\\/#primaryimage\"},\"image\":{\"@id\":\"https:\\\/\\\/mesopolhis.fr\\\/le-laboratoire\\\/formation\\\/#primaryimage\"},\"thumbnailUrl\":\"https:\\\/\\\/mesopolhis.fr\\\/wp-content\\\/uploads\\\/2024\\\/10\\\/1.A.1.-Logotype-Noir-300x130.png\",\"datePublished\":\"2022-01-15T15:58:50+00:00\",\"dateModified\":\"2024-10-30T10:14:52+00:00\",\"breadcrumb\":{\"@id\":\"https:\\\/\\\/mesopolhis.fr\\\/le-laboratoire\\\/formation\\\/#breadcrumb\"},\"inLanguage\":\"en-GB\",\"potentialAction\":[{\"@type\":\"ReadAction\",\"target\":[\"https:\\\/\\\/mesopolhis.fr\\\/le-laboratoire\\\/formation\\\/\"]}]},{\"@type\":\"ImageObject\",\"inLanguage\":\"en-GB\",\"@id\":\"https:\\\/\\\/mesopolhis.fr\\\/le-laboratoire\\\/formation\\\/#primaryimage\",\"url\":\"https:\\\/\\\/mesopolhis.fr\\\/wp-content\\\/uploads\\\/2024\\\/10\\\/1.A.1.-Logotype-Noir-300x130.png\",\"contentUrl\":\"https:\\\/\\\/mesopolhis.fr\\\/wp-content\\\/uploads\\\/2024\\\/10\\\/1.A.1.-Logotype-Noir-300x130.png\"},{\"@type\":\"BreadcrumbList\",\"@id\":\"https:\\\/\\\/mesopolhis.fr\\\/le-laboratoire\\\/formation\\\/#breadcrumb\",\"itemListElement\":[{\"@type\":\"ListItem\",\"position\":1,\"name\":\"Accueil\",\"item\":\"https:\\\/\\\/mesopolhis.fr\\\/\"},{\"@type\":\"ListItem\",\"position\":2,\"name\":\"Le laboratoire\",\"item\":\"https:\\\/\\\/mesopolhis.fr\\\/le-laboratoire\\\/\"},{\"@type\":\"ListItem\",\"position\":3,\"name\":\"Formation\"}]},{\"@type\":\"WebSite\",\"@id\":\"https:\\\/\\\/mesopolhis.fr\\\/#website\",\"url\":\"https:\\\/\\\/mesopolhis.fr\\\/\",\"name\":\"Mesopolhis\",\"description\":\"Centre m\u00e9diterran\u00e9en de sociologie, de science politique et d&#039;histoire\",\"publisher\":{\"@id\":\"https:\\\/\\\/mesopolhis.fr\\\/#organization\"},\"potentialAction\":[{\"@type\":\"SearchAction\",\"target\":{\"@type\":\"EntryPoint\",\"urlTemplate\":\"https:\\\/\\\/mesopolhis.fr\\\/?s={search_term_string}\"},\"query-input\":{\"@type\":\"PropertyValueSpecification\",\"valueRequired\":true,\"valueName\":\"search_term_string\"}}],\"inLanguage\":\"en-GB\"},{\"@type\":\"Organization\",\"@id\":\"https:\\\/\\\/mesopolhis.fr\\\/#organization\",\"name\":\"Mesopolhis\",\"url\":\"https:\\\/\\\/mesopolhis.fr\\\/\",\"logo\":{\"@type\":\"ImageObject\",\"inLanguage\":\"en-GB\",\"@id\":\"https:\\\/\\\/mesopolhis.fr\\\/#\\\/schema\\\/logo\\\/image\\\/\",\"url\":\"https:\\\/\\\/mesopolhis.fr\\\/wp-content\\\/uploads\\\/2021\\\/12\\\/Logo_MESOPOLHIS_Quadri.png\",\"contentUrl\":\"https:\\\/\\\/mesopolhis.fr\\\/wp-content\\\/uploads\\\/2021\\\/12\\\/Logo_MESOPOLHIS_Quadri.png\",\"width\":264,\"height\":69,\"caption\":\"Mesopolhis\"},\"image\":{\"@id\":\"https:\\\/\\\/mesopolhis.fr\\\/#\\\/schema\\\/logo\\\/image\\\/\"}}]}<\/script>\n<!-- \/ Yoast SEO plugin. -->","yoast_head_json":{"title":"Training - Mesopolhis","robots":{"index":"index","follow":"follow","max-snippet":"max-snippet:-1","max-image-preview":"max-image-preview:large","max-video-preview":"max-video-preview:-1"},"canonical":"https:\/\/mesopolhis.fr\/en\/the-laboratory\/training\/","og_locale":"en_GB","og_type":"article","og_title":"Formation - Mesopolhis","og_description":"Accueil &raquo; Formation Formation D\u00e9partement de Sociologie Aix-Marseille Universit\u00e9 &nbsp; Voir le site Sciences Po Aix &nbsp; Voir le site Insp\u00e9 d&rsquo;Aix-Marseille L&rsquo;Institut national sup\u00e9rieur du professorat et de l&rsquo;\u00e9ducation (Insp\u00e9) est la composante d&rsquo;Aix-Marseille Universit\u00e9 qui pr\u00e9pare aux m\u00e9tiers de l&rsquo;enseignement de l&rsquo;\u00e9ducation et de la formation (MEEF). En savoir plus L&rsquo;Insp\u00e9 intervient d\u00e8s&hellip;","og_url":"https:\/\/mesopolhis.fr\/en\/the-laboratory\/training\/","og_site_name":"Mesopolhis","article_modified_time":"2024-10-30T10:14:52+00:00","og_image":[{"url":"https:\/\/mesopolhis.fr\/wp-content\/uploads\/2024\/10\/1.A.1.-Logotype-Noir-300x130.png","type":"","width":"","height":""}],"twitter_card":"summary_large_image","twitter_misc":{"Estimated reading time":"4 minutes"},"schema":{"@context":"https:\/\/schema.org","@graph":[{"@type":"WebPage","@id":"https:\/\/mesopolhis.fr\/le-laboratoire\/formation\/","url":"https:\/\/mesopolhis.fr\/le-laboratoire\/formation\/","name":"Training - Mesopolhis","isPartOf":{"@id":"https:\/\/mesopolhis.fr\/#website"},"primaryImageOfPage":{"@id":"https:\/\/mesopolhis.fr\/le-laboratoire\/formation\/#primaryimage"},"image":{"@id":"https:\/\/mesopolhis.fr\/le-laboratoire\/formation\/#primaryimage"},"thumbnailUrl":"https:\/\/mesopolhis.fr\/wp-content\/uploads\/2024\/10\/1.A.1.-Logotype-Noir-300x130.png","datePublished":"2022-01-15T15:58:50+00:00","dateModified":"2024-10-30T10:14:52+00:00","breadcrumb":{"@id":"https:\/\/mesopolhis.fr\/le-laboratoire\/formation\/#breadcrumb"},"inLanguage":"en-GB","potentialAction":[{"@type":"ReadAction","target":["https:\/\/mesopolhis.fr\/le-laboratoire\/formation\/"]}]},{"@type":"ImageObject","inLanguage":"en-GB","@id":"https:\/\/mesopolhis.fr\/le-laboratoire\/formation\/#primaryimage","url":"https:\/\/mesopolhis.fr\/wp-content\/uploads\/2024\/10\/1.A.1.-Logotype-Noir-300x130.png","contentUrl":"https:\/\/mesopolhis.fr\/wp-content\/uploads\/2024\/10\/1.A.1.-Logotype-Noir-300x130.png"},{"@type":"BreadcrumbList","@id":"https:\/\/mesopolhis.fr\/le-laboratoire\/formation\/#breadcrumb","itemListElement":[{"@type":"ListItem","position":1,"name":"Accueil","item":"https:\/\/mesopolhis.fr\/"},{"@type":"ListItem","position":2,"name":"Le laboratoire","item":"https:\/\/mesopolhis.fr\/le-laboratoire\/"},{"@type":"ListItem","position":3,"name":"Formation"}]},{"@type":"WebSite","@id":"https:\/\/mesopolhis.fr\/#website","url":"https:\/\/mesopolhis.fr\/","name":"Mesopolhis","description":"Mediterranean Centre for Sociology, Political Science and History","publisher":{"@id":"https:\/\/mesopolhis.fr\/#organization"},"potentialAction":[{"@type":"SearchAction","target":{"@type":"EntryPoint","urlTemplate":"https:\/\/mesopolhis.fr\/?s={search_term_string}"},"query-input":{"@type":"PropertyValueSpecification","valueRequired":true,"valueName":"search_term_string"}}],"inLanguage":"en-GB"},{"@type":"Organization","@id":"https:\/\/mesopolhis.fr\/#organization","name":"Mesopolhis","url":"https:\/\/mesopolhis.fr\/","logo":{"@type":"ImageObject","inLanguage":"en-GB","@id":"https:\/\/mesopolhis.fr\/#\/schema\/logo\/image\/","url":"https:\/\/mesopolhis.fr\/wp-content\/uploads\/2021\/12\/Logo_MESOPOLHIS_Quadri.png","contentUrl":"https:\/\/mesopolhis.fr\/wp-content\/uploads\/2021\/12\/Logo_MESOPOLHIS_Quadri.png","width":264,"height":69,"caption":"Mesopolhis"},"image":{"@id":"https:\/\/mesopolhis.fr\/#\/schema\/logo\/image\/"}}]}},"_links":{"self":[{"href":"https:\/\/mesopolhis.fr\/en\/wp-json\/wp\/v2\/pages\/595","targetHints":{"allow":["GET"]}}],"collection":[{"href":"https:\/\/mesopolhis.fr\/en\/wp-json\/wp\/v2\/pages"}],"about":[{"href":"https:\/\/mesopolhis.fr\/en\/wp-json\/wp\/v2\/types\/page"}],"author":[{"embeddable":true,"href":"https:\/\/mesopolhis.fr\/en\/wp-json\/wp\/v2\/users\/1"}],"replies":[{"embeddable":true,"href":"https:\/\/mesopolhis.fr\/en\/wp-json\/wp\/v2\/comments?post=595"}],"version-history":[{"count":0,"href":"https:\/\/mesopolhis.fr\/en\/wp-json\/wp\/v2\/pages\/595\/revisions"}],"up":[{"embeddable":true,"href":"https:\/\/mesopolhis.fr\/en\/wp-json\/wp\/v2\/pages\/130"}],"wp:attachment":[{"href":"https:\/\/mesopolhis.fr\/en\/wp-json\/wp\/v2\/media?parent=595"}],"curies":[{"name":"wp","href":"https:\/\/api.w.org\/{rel}","templated":true}]}}