{"id":542,"date":"2022-01-14T07:54:09","date_gmt":"2022-01-14T06:54:09","guid":{"rendered":"https:\/\/mesopolhis.fr\/?page_id=542"},"modified":"2026-03-26T16:26:41","modified_gmt":"2026-03-26T15:26:41","slug":"doctoral-workshops","status":"publish","type":"page","link":"https:\/\/mesopolhis.fr\/en\/phd\/doctoral-workshops\/","title":{"rendered":"Doctoral workshops calendar"},"content":{"rendered":"\n\n\t<nav id=\"breadcrumbs\" aria-label=\"Breadcrumbs\"><a href=\"https:\/\/mesopolhis.fr\/\">Accueil<\/a> &raquo; <a href=\"https:\/\/mesopolhis.fr\/doctorat\/\">Doctorat<\/a> &raquo; Calendrier des ateliers doctoraux<\/nav><h1>\n\t\tAteliers de formation \u00e0 la recherche\n\t<\/h1>\n\t\t\t\t\t\t\t\t\t<img loading=\"lazy\" decoding=\"async\" src=\"https:\/\/mesopolhis.fr\/wp-content\/uploads\/2022\/01\/MMSH-14-1.jpg\" alt=\"Amphith\u00e9\u00e2tre de la MMSH\" itemprop=\"image\" height=\"1779\" width=\"1000\" srcset=\"https:\/\/mesopolhis.fr\/wp-content\/uploads\/2022\/01\/MMSH-14-1.jpg 1000w, https:\/\/mesopolhis.fr\/wp-content\/uploads\/2022\/01\/MMSH-14-1-169x300.jpg 169w, https:\/\/mesopolhis.fr\/wp-content\/uploads\/2022\/01\/MMSH-14-1-576x1024.jpg 576w, https:\/\/mesopolhis.fr\/wp-content\/uploads\/2022\/01\/MMSH-14-1-768x1366.jpg 768w, https:\/\/mesopolhis.fr\/wp-content\/uploads\/2022\/01\/MMSH-14-1-863x1536.jpg 863w, https:\/\/mesopolhis.fr\/wp-content\/uploads\/2022\/01\/MMSH-14-1-7x12.jpg 7w\" sizes=\"auto, (max-width: 1000px) 100vw, 1000px\" title=\"MMSH-14\" onerror=\"this.style.display='none'\"  \/>\n\t\t\t\t\t\t\t\t\t\t\tAmphith\u00e9\u00e2tre de la MMSH\n<h2>\n\t\t2025-2026\n\t<\/h2>\n\t\t\t\tLes analyses multimodales &#8211; 10 D\u00e9c 2025\n\t\t\t\t<p>Coordination : <a href=\"https:\/\/mesopolhis.fr\/blog\/membres\/tricot-anne\/\">Anne Tricot<\/a>.<\/p>\n<p><strong>13h30 &#8211; 15h | Mmsh, salle 102<\/strong><\/p>\n<p>Intervenant : <strong>Pierre Peraldi-Mittelette<\/strong>, Institut Convergences Migrations (2021-2025), LACNAD (INALCO) et Institut Fran\u00e7ois Geny &#8211; Universit\u00e9 de Lorraine.<\/p>\n<p>En lien avec une s\u00e9ance du <a href=\"https:\/\/mesopolhis.fr\/blog\/events\/seminaire-metiss-seance-6-collectes-sensibles-et-approches-multimodales\/\">s\u00e9minaire METISS<\/a> organis\u00e9e avec l&rsquo;Axe 2 \u00ab Migrations, mobilit\u00e9s, circulations \u00bb.<\/p>\n\t\t\t\tL&rsquo;\u00e9thique de la recherche en SHS &#8211; 20 Mars 2026\n\t\t\t\t<p>Coordination : <a href=\"https:\/\/mesopolhis.fr\/blog\/membres\/chiousse-sylvie\/\">Sylvie Chiousse<\/a>, <a href=\"https:\/\/mesopolhis.fr\/blog\/membres\/nonjon-magali\/\">Magali Nonjon<\/a> et <a href=\"https:\/\/mesopolhis.fr\/blog\/membres\/tricot-anne\/\">Anne Tricot<\/a>.<\/p>\n<p><strong>14h &#8211; 16h | EPS 205 + visio<\/strong><\/p>\n<p>Plus d&rsquo;informations dans <a href=\"https:\/\/mesopolhis.fr\/blog\/events\/atelier-doctoral-discussion-sur-lethique-de-la-recherche-en-shs\/\">le calendrier en ligne du MESOPOLHIS<\/a>.<\/p>\n<p>Pour vous inscrire, merci de contacter sylvie.chiousse[at]univ-amu.fr <strong>avant le 16 mars 2026<\/strong>.<\/p>\n\t\t\t\tValoriser \u0219es publications dans le respect des droits d&rsquo;auteurs &#8211; 27 avril 2026\n\t\t\t\t<p>Coordination Vanina Beauchamps-Assali\u00a0 &#8211; Animation Isabelle Gras (SCD AMU)<\/p>\n<p><strong>Lundi 27 avril 2026, 14h-16h (Confirm\u00e9) &#8211; Salle Seurat, M\u00e9diath\u00e8que MMSH<\/strong><\/p>\n<p>Pour vous inscrire, merci de r\u00e9server votre place (nbre limit\u00e9 \u00e0 15 participants) :\u00a0<\/p>\n<p><a href=\"https:\/\/evento.renater.fr\/survey\/formation-valoriser-ses-publications-dans-le-respect-des-droits-d-auteurs-onbwqp5u\">https:\/\/evento.renater.fr\/survey\/formation-valoriser-ses-publications-dans-le-respect-des-droits-d-auteurs-onbwqp5u<\/a><\/p>\n\t\t\t\tPlus d&rsquo;informations \u00e0 venir\n\t\t\t\t<p>Plus d&rsquo;informations \u00e0 venir<\/p>\n<h2>\n\t\t2024-2025\n\t<\/h2>\n\t\t\t\tPr\u00e9parer sa qualification &#8211;  29 Nov 2024\n\t\t\t\t<p>Coordination Audrey Freyermuth (MCF science politique), Constance De Gourcy (MCF sociologie) et Nicolas Badalassi (PU histoire)<\/p>\n<p>Vendredi 29 novembre<\/p>\n<p>12h-14h<\/p>\n\t\t\t\tFaire une th\u00e8se en contrat Cifre &#8211; D\u00e9c 2024\n\t\t\t\t<p>Coordination Magali Nonjon (MCF science politique)<\/p>\n\t\t\t\tPublier un article : \u00e9changes d&rsquo;exp\u00e9rience &#8211; Janv 2025\n\t\t\t\t<p>Coordination Dilek Yankaya (MCF science politique)<\/p>\n\t\t\t\tPublier une recension d&rsquo;ouvrage &#8211; Avril 2025\n\t\t\t\t<p>Coordination Sylvie Chiousse (p\u00f4le \u00e9dition MESOPOLHIS)<\/p>\n<p><strong>Mercredi 2 avril 2025, 14h-16h, MMSH, salle A154 (confirm\u00e9)<\/strong><\/p>\n<p>Format hybride<\/p>\n\t\t\t\tSe pr\u00e9parer \u00e0 une audition de recrutement (pour un contrat doctoral ou postdoctoral, poste de MCF et CR &#8211; Avril 2025\n\t\t\t\t<p>Coordination en cours<\/p>\n\t\t\t\tValoriser ses publications dans le respect des droits d&rsquo;auteurs &#8211; 22 Mai 2025\n\t\t\t\t<p>Coordination Vanina Beauchamps-Assali (p\u00f4le recherche et m\u00e9thodologie Mesopolhis) &#8211; Animation Isabelle Gras (SCD AMU)<\/p>\n<p><strong>22 Mai 2025, 14h-17h (Confirm\u00e9)<\/strong><\/p>\n\t\t\t\tLes m\u00e9thodes cr\u00e9atives dans la recherche en sciences sociales &#8211; Juin 2025\n\t\t\t\t<p>Coordination Anne Tricot (ing\u00e9nieure CNRS m\u00e9thodes et enqu\u00eates qualitatives en SHS)<\/p>\n<p><strong>Mercredi 11 juin 2025 (9h-12h) (confirm\u00e9)<\/strong><\/p>\n<h2>\n\t\t2023\n\t<\/h2>\n\t\t\t\t30 mars 2023 (9h30-11h) : Petit-d\u00e9jeuner d&rsquo;accueil des nouveaux inscrits\n\t\t\t\t<p><img loading=\"lazy\" decoding=\"async\" src=\"https:\/\/mesopolhis.fr\/wp-content\/uploads\/2023\/03\/Accompagnement-doctoral-8-214x300.png\" alt=\"\" width=\"214\" height=\"300\" \/><\/p>\n\t\t\t\t15 juin 2023 (9h-11h) : Atelier \u00ab\u00a0Le Doctorat et apr\u00e8s?\u00a0\u00bb\n\t\t\t\t<p><img loading=\"lazy\" decoding=\"async\" src=\"https:\/\/mesopolhis.fr\/wp-content\/uploads\/2023\/02\/Accompagnement-doctoral-2-214x300.png\" alt=\"\" width=\"214\" height=\"300\" \/><\/p>\n\t\t\t\t24 novembre 2023 (14h-16h) : Atelier \u00ab\u00a0Edition\u00a0\u00bb\n\t\t\t\t<p><img loading=\"lazy\" decoding=\"async\" src=\"https:\/\/mesopolhis.fr\/wp-content\/uploads\/2023\/02\/Accompagnement-doctoral-1-214x300.png\" alt=\"\" width=\"214\" height=\"300\" \/><\/p>\n<h2>\n\t\t2022\n\t<\/h2>\n\t\t\t\t2 f\u00e9vrier 2022 : Atelier \u00e9dition\n\t\t\t\t<p>avec Sylvie Chiousse + AG Mesodoc<\/p>\n\t\t\t\t18 mars 2022 (10h-12h) : Pr\u00e9sentation des travaux de Lucas Faure\n\t\t\t\t<p><img loading=\"lazy\" decoding=\"async\" src=\"https:\/\/mesopolhis.fr\/wp-content\/uploads\/2022\/02\/Atelier-doctoral-212x300.jpg\" alt=\"\" width=\"212\" height=\"300\" \/><\/p>\n\t\t\t\t9 juin 2022 : Journ\u00e9e Axe 1\n\t\t\t\tSemaine du 26 septembre 2022 : Les Doctoriales du Mesopolhis\n\t\t\t\t<p><a href=\"https:\/\/mesopolhis.fr\/wp-content\/uploads\/2022\/09\/Les-Doctoriales-2022-Programme-7_compressed.pdf\">Les Doctoriales 2022 &#8211; Programme<\/a><\/p>\n<p><img loading=\"lazy\" decoding=\"async\" src=\"https:\/\/mesopolhis.fr\/wp-content\/uploads\/2022\/10\/30092022-_MG_5792-300x200.jpg\" alt=\"\" width=\"300\" height=\"200\" \/><\/p>\n<p><img loading=\"lazy\" decoding=\"async\" src=\"https:\/\/mesopolhis.fr\/wp-content\/uploads\/2022\/10\/30092022-_MG_5798-1-300x200.jpg\" alt=\"\" width=\"300\" height=\"200\" \/><\/p>\n<p><img loading=\"lazy\" decoding=\"async\" src=\"https:\/\/mesopolhis.fr\/wp-content\/uploads\/2022\/10\/30092022-_MG_5789-1-300x200.jpg\" alt=\"\" width=\"300\" height=\"200\" \/><\/p>\n<h2>\n\t\t2021\n\t<\/h2>\n\t\t\t\t23 Septembre 2021, EPS salle 204\n\t\t\t\t24 septembre 2021, MMSH salle PAF\n\t\t\t\t<p>Organisation\u00a0: Alice Baudy, Anna Goubert, Elise Lev\u00eaque, Eleni Demetriou, Thomas Ramonda<\/p>\n<p><a href=\"https:\/\/univ-amu-fr.zoom.us\/j\/96694827517?pwd=dlA0dnBZcnBUMzg2dklHNmdxNlZHdz09\" rel=\"external\">Lien zoom<\/a> &#8211; ID de r\u00e9union\u00a0: 966 9482 7517 &#8211; Code secret\u00a0: 000<\/p>\n\t\t\t\tJeudi 23 septembre &#8211; Espace Philippe Seguin\n\t\t\t\t<p>SESSION 1\u00a0: 11h00-12h00 <br \/><img loading=\"lazy\" decoding=\"async\" src=\"https:\/\/lames.cnrs.fr\/squelettes-dist\/puce.gif\" alt=\"-\" width=\"8\" height=\"11\" \/>\u00a0<a href=\"https:\/\/www.lames.cnrs.fr\/spip.php?article1770\" rel=\"external\"><strong>Alice Baudy<\/strong><\/a> \u00ab\u00a0Administrer le pass\u00e9\u00a0: le saisissement de la question des descendants de harkis par l&rsquo;Office national des anciens combattants et des victimes de guerre (ONAC-VG)\u00a0\u00bb <br \/><img loading=\"lazy\" decoding=\"async\" src=\"https:\/\/lames.cnrs.fr\/squelettes-dist\/puce.gif\" alt=\"-\" width=\"8\" height=\"11\" \/>\u00a0Discussion\u00a0: <strong><a href=\"https:\/\/www.lames.cnrs.fr\/spip.php?article1755\" rel=\"external\">Audrey Freyermuth<\/a>, <a href=\"https:\/\/www.lames.cnrs.fr\/spip.php?article428\" rel=\"external\">St\u00e9phanie Dech\u00e9zelles<\/a><\/strong><\/p>\n<p>Pause repas\u00a0: 12h00-13h00<\/p>\n<p>SESSION 2\u00a0: 13h00-13h45 <br \/><img loading=\"lazy\" decoding=\"async\" src=\"https:\/\/lames.cnrs.fr\/squelettes-dist\/puce.gif\" alt=\"-\" width=\"8\" height=\"11\" \/>\u00a0<a href=\"https:\/\/www.lames.cnrs.fr\/spip.php?article1783\" rel=\"external\"><strong>Lucas Faure<\/strong><\/a>\u00a0: Pr\u00e9sentation d&rsquo;un chapitre de sa th\u00e8se <br \/><img loading=\"lazy\" decoding=\"async\" src=\"https:\/\/lames.cnrs.fr\/squelettes-dist\/puce.gif\" alt=\"-\" width=\"8\" height=\"11\" \/>\u00a0Discussion\u00a0: <strong>Vincent Geisser <\/strong><\/p>\n<p>SESSION 3\u00a0: 14h00-14h45 <br \/><img loading=\"lazy\" decoding=\"async\" src=\"https:\/\/lames.cnrs.fr\/squelettes-dist\/puce.gif\" alt=\"-\" width=\"8\" height=\"11\" \/>\u00a0<a href=\"https:\/\/www.lames.cnrs.fr\/spip.php?article1800\" rel=\"external\"><strong>Thomas Ramonda<\/strong><\/a>\u00a0: Pr\u00e9sentation de l&rsquo;introduction de sa th\u00e8se <br \/><img loading=\"lazy\" decoding=\"async\" src=\"https:\/\/lames.cnrs.fr\/squelettes-dist\/puce.gif\" alt=\"-\" width=\"8\" height=\"11\" \/>\u00a0Discussion\u00a0: <strong>Beno\u00eet Pouget<\/strong><\/p>\n<p><strong>Vendredi 24 septembre &#8211; MMSH, Salle PAF<\/strong><\/p>\n<p>9h30-10h\u00a0: Accueil et petit d\u00e9jeuner <br \/>10h-10h15\u00a0: Mot de bienvenue et installation<\/p>\n<p>SESSION 4\u00a0: 10h15-11h00 <br \/><img loading=\"lazy\" decoding=\"async\" src=\"https:\/\/lames.cnrs.fr\/squelettes-dist\/puce.gif\" alt=\"-\" width=\"8\" height=\"11\" \/>\u00a0<a href=\"https:\/\/www.lames.cnrs.fr\/spip.php?article1775\" rel=\"external\"><strong>Th\u00e9o Borel<\/strong><\/a>, \u00ab\u00a0L&rsquo;engagement francophone dans les forces arm\u00e9es sionistes et isra\u00e9liennes depuis 1945\u00a0: histoire d&rsquo;une infrastructure migratoire\u00a0\u00bb <br \/><img loading=\"lazy\" decoding=\"async\" src=\"https:\/\/lames.cnrs.fr\/squelettes-dist\/puce.gif\" alt=\"-\" width=\"8\" height=\"11\" \/>\u00a0Discussion\u00a0: <strong>Aur\u00e9lia Dusserre<\/strong><\/p>\n<p>SESSION 5\u00a0: 11h15-12h00 <br \/><img loading=\"lazy\" decoding=\"async\" src=\"https:\/\/lames.cnrs.fr\/squelettes-dist\/puce.gif\" alt=\"-\" width=\"8\" height=\"11\" \/>\u00a0<a href=\"https:\/\/www.lames.cnrs.fr\/spip.php?article1775\" rel=\"external\"><strong>R\u00e9mi Carc\u00e9l\u00e8s<\/strong><\/a>, \u00ab\u00a0La kurdicit\u00e9, tentative de d\u00e9finition d&rsquo;une identit\u00e9 ethnique sans fronti\u00e8res\u00a0\u00bb <br \/><img loading=\"lazy\" decoding=\"async\" src=\"https:\/\/lames.cnrs.fr\/squelettes-dist\/puce.gif\" alt=\"-\" width=\"8\" height=\"11\" \/>\u00a0Discussion\u00a0: <strong>Vincent Geisser <\/strong><\/p>\n<p>Pause repas\u00a0: 12h-14h00<\/p>\n<p>SESSION 6\u00a0: 12h15-12h45 <br \/><img loading=\"lazy\" decoding=\"async\" src=\"https:\/\/lames.cnrs.fr\/squelettes-dist\/puce.gif\" alt=\"-\" width=\"8\" height=\"11\" \/>\u00a0<a href=\"https:\/\/www.lames.cnrs.fr\/spip.php?article1798\" rel=\"external\"><strong>Jos\u00e9phine Parenthou<\/strong><\/a>\u00a0: \u00ab\u00a0El\u00e9ments de r\u00e9flexion sur le concept de retournement du stigmate chez les \u00ab\u00a0artistes syriens en exil\u00a0\u00bb\u00a0\u00bb <br \/><img loading=\"lazy\" decoding=\"async\" src=\"https:\/\/lames.cnrs.fr\/squelettes-dist\/puce.gif\" alt=\"-\" width=\"8\" height=\"11\" \/>\u00a0Discussion\u00a0: <a href=\"https:\/\/www.lames.cnrs.fr\/spip.php?article1755\" rel=\"external\"><strong>Audrey Freyermuth<\/strong><\/a><\/p>\n<p>SESSION 7\u00a0: 13h00-13h45 (salle A154, MMSH) <br \/><img loading=\"lazy\" decoding=\"async\" src=\"https:\/\/lames.cnrs.fr\/squelettes-dist\/puce.gif\" alt=\"-\" width=\"8\" height=\"11\" \/>\u00a0<a href=\"https:\/\/lames.cnrs.fr\/spip.php?article1781\"><strong>Claire Dupuy<\/strong><\/a>, CSI sur un chapitre de sa th\u00e8se <br \/><img loading=\"lazy\" decoding=\"async\" src=\"https:\/\/lames.cnrs.fr\/squelettes-dist\/puce.gif\" alt=\"-\" width=\"8\" height=\"11\" \/>\u00a0Discussion\u00a0: <a href=\"https:\/\/lames.cnrs.fr\/spip.php?article1763\"><strong>Aude Signoles<\/strong><\/a> et <a href=\"https:\/\/lames.cnrs.fr\/spip.php?article1745\"><strong>Christophe Tra\u00efni<\/strong><\/a><\/p>\n<p><br \/>14h00-16h00\u00a0: <a href=\"https:\/\/lames.cnrs.fr\/spip.php?article1879\"><strong>S\u00c9MINAIRE G\u00c9N\u00c9RAL<\/strong><\/a> <br \/><img loading=\"lazy\" decoding=\"async\" src=\"https:\/\/lames.cnrs.fr\/squelettes-dist\/puce.gif\" alt=\"-\" width=\"8\" height=\"11\" \/>\u00a0Invit\u00e9 <strong>Jean-Louis Fabiani<\/strong>, autour de l&rsquo;ouvrage <i>Clint Eastwood<\/i><br \/>Axe Images et sciences sociales <br \/><img loading=\"lazy\" decoding=\"async\" src=\"https:\/\/lames.cnrs.fr\/squelettes-dist\/puce.gif\" alt=\"-\" width=\"8\" height=\"11\" \/>\u00a0Discussion\u00a0: <a href=\"https:\/\/lames.cnrs.fr\/spip.php?article13\"><strong>Sylvia Girel<\/strong><\/a> et <a href=\"https:\/\/lames.cnrs.fr\/spip.php?article1591\"><strong>Anton Olive-Alvarez<\/strong><\/a><\/p>\n\t\t\t\t8 d\u00e9cembre 2021 &#8211; Simon Mangon\n\t\t\t\t<h4>\u00ab\u00a0La diplomatie fran\u00e7aise de l&rsquo;aide aux m\u00e9dias. Histoire et structuration d&rsquo;un instrument de politique ext\u00e9rieure\u00a0\u00bb<\/h4>\n<p>Atelier doctoral, mercredi <strong>8 d\u00e9cembre 2021<\/strong>, 15-16h30, EPS<br \/><a href=\"https:\/\/www.lames.cnrs.fr\/spip.php?article1793\">Simon Mangon<\/a> pr\u00e9sente un chapitre de sa th\u00e8se<br \/>Discut\u00e9 par <a href=\"https:\/\/www.lames.cnrs.fr\/spip.php?article1755\">Audrey Freyermuth<\/a><\/p>\n<p><img loading=\"lazy\" decoding=\"async\" src=\"https:\/\/www.lames.cnrs.fr\/squelettes-dist\/puce.gif\" alt=\"-\" width=\"8\" height=\"11\" \/>\u00a0R\u00e9sum\u00e9\u00a0: Ce chapitre contribue aux recherches portant sur la fabrique de la diplomatie publique et de l&rsquo;aide au d\u00e9veloppement, en prenant le cas de la politique fran\u00e7aise de soutien aux m\u00e9dias \u00e9trangers. Apr\u00e8s avoir pr\u00e9sent\u00e9 le champ international de l&rsquo;aide aux m\u00e9dias et plusieurs cas d&rsquo;\u00e9tude d&rsquo;organisations europ\u00e9ennes, j&rsquo;identifie les sp\u00e9cificit\u00e9s de l&rsquo;espace fran\u00e7ais. <br \/>Dans un premier temps, j&rsquo;analyse l&rsquo;histoire et la structuration de l&rsquo;aide fran\u00e7aise aux m\u00e9dias, de ses pr\u00e9mices sous l&rsquo;Empire colonial \u00e0 sa formalisation \u00e0 travers une agence (CFI) au d\u00e9but du XXIe si\u00e8cle. Ce retour historique dessine les traits d&rsquo;une politique centralis\u00e9e et articul\u00e9e \u00e0 la diplomatie fran\u00e7aise. Pour autant, si l&rsquo;objet \u00ab\u00a0m\u00e9dias\u00a0\u00bb est un outil consid\u00e9r\u00e9 comme strat\u00e9gique pour exercer une influence \u00e0 l&rsquo;ext\u00e9rieur des fronti\u00e8res nationales, il demeure marginal dans l&rsquo;appareil diplomatique fran\u00e7ais. La politique d&rsquo;aide aux m\u00e9dias se r\u00e9alise dans un cadre relativement flou et souple o\u00f9 les interm\u00e9diaires jouent un r\u00f4le crucial. Finalement le processus r\u00e9cent d&rsquo;agencification de l&rsquo;action ext\u00e9rieure fran\u00e7aise a contribu\u00e9 \u00e0 cr\u00e9er une situation de quasi-monopole du secteur. Ainsi, la place pr\u00e9pond\u00e9rante prise par cette agence du MEAE a eu pour cons\u00e9quence la marginalisation d&rsquo;autres structures fran\u00e7aises (ONG, \u00e9coles de journalisme), cultivant des visions diff\u00e9rentes de l&rsquo;aide aux m\u00e9dias.<\/p>\n<p><img loading=\"lazy\" decoding=\"async\" src=\"https:\/\/www.lames.cnrs.fr\/squelettes-dist\/puce.gif\" alt=\"-\" width=\"8\" height=\"11\" \/>\u00a0Mots-cl\u00e9s\u00a0: Diplomatie &#8211; Aide &#8211; M\u00e9dias &#8211; \u00c9tat<\/p>\n\n","protected":false},"excerpt":{"rendered":"<p>Accueil &raquo; Doctorat &raquo; Calendrier des ateliers doctoraux Ateliers de formation \u00e0 la recherche Amphith\u00e9\u00e2tre de la MMSH 2025-2026 Les analyses multimodales &#8211; 10 D\u00e9c 2025 Coordination : Anne Tricot. 13h30 &#8211; 15h | Mmsh, salle 102 Intervenant : Pierre Peraldi-Mittelette, Institut Convergences Migrations (2021-2025), LACNAD (INALCO) et Institut Fran\u00e7ois Geny &#8211; Universit\u00e9 de Lorraine.&hellip;<\/p>","protected":false},"author":1,"featured_media":0,"parent":533,"menu_order":0,"comment_status":"closed","ping_status":"closed","template":"","meta":{"_acf_changed":false,"inline_featured_image":false,"footnotes":""},"class_list":["post-542","page","type-page","status-publish","hentry"],"acf":[],"yoast_head":"<!-- This site is optimized with the Yoast SEO plugin v27.3 - https:\/\/yoast.com\/product\/yoast-seo-wordpress\/ -->\n<title>Calendrier des ateliers doctoraux - Mesopolhis<\/title>\n<meta name=\"robots\" content=\"index, follow, max-snippet:-1, max-image-preview:large, max-video-preview:-1\" \/>\n<link rel=\"canonical\" href=\"https:\/\/mesopolhis.fr\/en\/phd\/doctoral-workshops\/\" \/>\n<meta property=\"og:locale\" content=\"en_GB\" \/>\n<meta property=\"og:type\" content=\"article\" \/>\n<meta property=\"og:title\" content=\"Calendrier des ateliers doctoraux - Mesopolhis\" \/>\n<meta property=\"og:description\" content=\"Accueil &raquo; Doctorat &raquo; Calendrier des ateliers doctoraux Ateliers de formation \u00e0 la recherche Amphith\u00e9\u00e2tre de la MMSH 2025-2026 Les analyses multimodales &#8211; 10 D\u00e9c 2025 Coordination : Anne Tricot. 13h30 &#8211; 15h | Mmsh, salle 102 Intervenant : Pierre Peraldi-Mittelette, Institut Convergences Migrations (2021-2025), LACNAD (INALCO) et Institut Fran\u00e7ois Geny &#8211; Universit\u00e9 de Lorraine.&hellip;\" \/>\n<meta property=\"og:url\" content=\"https:\/\/mesopolhis.fr\/en\/phd\/doctoral-workshops\/\" \/>\n<meta property=\"og:site_name\" content=\"Mesopolhis\" \/>\n<meta property=\"article:modified_time\" content=\"2026-03-26T15:26:41+00:00\" \/>\n<meta property=\"og:image\" content=\"https:\/\/mesopolhis.fr\/wp-content\/uploads\/2022\/01\/MMSH-14-1.jpg\" \/>\n<meta name=\"twitter:card\" content=\"summary_large_image\" \/>\n<meta name=\"twitter:label1\" content=\"Estimated reading time\" \/>\n\t<meta name=\"twitter:data1\" content=\"9 minutes\" \/>\n<script type=\"application\/ld+json\" class=\"yoast-schema-graph\">{\"@context\":\"https:\\\/\\\/schema.org\",\"@graph\":[{\"@type\":\"WebPage\",\"@id\":\"https:\\\/\\\/mesopolhis.fr\\\/doctorat\\\/ateliers-doctoraux\\\/\",\"url\":\"https:\\\/\\\/mesopolhis.fr\\\/doctorat\\\/ateliers-doctoraux\\\/\",\"name\":\"Calendrier des ateliers doctoraux - Mesopolhis\",\"isPartOf\":{\"@id\":\"https:\\\/\\\/mesopolhis.fr\\\/#website\"},\"primaryImageOfPage\":{\"@id\":\"https:\\\/\\\/mesopolhis.fr\\\/doctorat\\\/ateliers-doctoraux\\\/#primaryimage\"},\"image\":{\"@id\":\"https:\\\/\\\/mesopolhis.fr\\\/doctorat\\\/ateliers-doctoraux\\\/#primaryimage\"},\"thumbnailUrl\":\"https:\\\/\\\/mesopolhis.fr\\\/wp-content\\\/uploads\\\/2022\\\/01\\\/MMSH-14-1.jpg\",\"datePublished\":\"2022-01-14T06:54:09+00:00\",\"dateModified\":\"2026-03-26T15:26:41+00:00\",\"breadcrumb\":{\"@id\":\"https:\\\/\\\/mesopolhis.fr\\\/doctorat\\\/ateliers-doctoraux\\\/#breadcrumb\"},\"inLanguage\":\"en-GB\",\"potentialAction\":[{\"@type\":\"ReadAction\",\"target\":[\"https:\\\/\\\/mesopolhis.fr\\\/doctorat\\\/ateliers-doctoraux\\\/\"]}]},{\"@type\":\"ImageObject\",\"inLanguage\":\"en-GB\",\"@id\":\"https:\\\/\\\/mesopolhis.fr\\\/doctorat\\\/ateliers-doctoraux\\\/#primaryimage\",\"url\":\"https:\\\/\\\/mesopolhis.fr\\\/wp-content\\\/uploads\\\/2022\\\/01\\\/MMSH-14-1.jpg\",\"contentUrl\":\"https:\\\/\\\/mesopolhis.fr\\\/wp-content\\\/uploads\\\/2022\\\/01\\\/MMSH-14-1.jpg\"},{\"@type\":\"BreadcrumbList\",\"@id\":\"https:\\\/\\\/mesopolhis.fr\\\/doctorat\\\/ateliers-doctoraux\\\/#breadcrumb\",\"itemListElement\":[{\"@type\":\"ListItem\",\"position\":1,\"name\":\"Accueil\",\"item\":\"https:\\\/\\\/mesopolhis.fr\\\/\"},{\"@type\":\"ListItem\",\"position\":2,\"name\":\"Doctorat\",\"item\":\"https:\\\/\\\/mesopolhis.fr\\\/doctorat\\\/\"},{\"@type\":\"ListItem\",\"position\":3,\"name\":\"Calendrier des ateliers doctoraux\"}]},{\"@type\":\"WebSite\",\"@id\":\"https:\\\/\\\/mesopolhis.fr\\\/#website\",\"url\":\"https:\\\/\\\/mesopolhis.fr\\\/\",\"name\":\"Mesopolhis\",\"description\":\"Centre m\u00e9diterran\u00e9en de sociologie, de science politique et d&#039;histoire\",\"publisher\":{\"@id\":\"https:\\\/\\\/mesopolhis.fr\\\/#organization\"},\"potentialAction\":[{\"@type\":\"SearchAction\",\"target\":{\"@type\":\"EntryPoint\",\"urlTemplate\":\"https:\\\/\\\/mesopolhis.fr\\\/?s={search_term_string}\"},\"query-input\":{\"@type\":\"PropertyValueSpecification\",\"valueRequired\":true,\"valueName\":\"search_term_string\"}}],\"inLanguage\":\"en-GB\"},{\"@type\":\"Organization\",\"@id\":\"https:\\\/\\\/mesopolhis.fr\\\/#organization\",\"name\":\"Mesopolhis\",\"url\":\"https:\\\/\\\/mesopolhis.fr\\\/\",\"logo\":{\"@type\":\"ImageObject\",\"inLanguage\":\"en-GB\",\"@id\":\"https:\\\/\\\/mesopolhis.fr\\\/#\\\/schema\\\/logo\\\/image\\\/\",\"url\":\"https:\\\/\\\/mesopolhis.fr\\\/wp-content\\\/uploads\\\/2021\\\/12\\\/Logo_MESOPOLHIS_Quadri.png\",\"contentUrl\":\"https:\\\/\\\/mesopolhis.fr\\\/wp-content\\\/uploads\\\/2021\\\/12\\\/Logo_MESOPOLHIS_Quadri.png\",\"width\":264,\"height\":69,\"caption\":\"Mesopolhis\"},\"image\":{\"@id\":\"https:\\\/\\\/mesopolhis.fr\\\/#\\\/schema\\\/logo\\\/image\\\/\"}}]}<\/script>\n<!-- \/ Yoast SEO plugin. -->","yoast_head_json":{"title":"Calendar of doctoral workshops - Mesopolhis","robots":{"index":"index","follow":"follow","max-snippet":"max-snippet:-1","max-image-preview":"max-image-preview:large","max-video-preview":"max-video-preview:-1"},"canonical":"https:\/\/mesopolhis.fr\/en\/phd\/doctoral-workshops\/","og_locale":"en_GB","og_type":"article","og_title":"Calendrier des ateliers doctoraux - Mesopolhis","og_description":"Accueil &raquo; Doctorat &raquo; Calendrier des ateliers doctoraux Ateliers de formation \u00e0 la recherche Amphith\u00e9\u00e2tre de la MMSH 2025-2026 Les analyses multimodales &#8211; 10 D\u00e9c 2025 Coordination : Anne Tricot. 13h30 &#8211; 15h | Mmsh, salle 102 Intervenant : Pierre Peraldi-Mittelette, Institut Convergences Migrations (2021-2025), LACNAD (INALCO) et Institut Fran\u00e7ois Geny &#8211; Universit\u00e9 de Lorraine.&hellip;","og_url":"https:\/\/mesopolhis.fr\/en\/phd\/doctoral-workshops\/","og_site_name":"Mesopolhis","article_modified_time":"2026-03-26T15:26:41+00:00","og_image":[{"url":"https:\/\/mesopolhis.fr\/wp-content\/uploads\/2022\/01\/MMSH-14-1.jpg","type":"","width":"","height":""}],"twitter_card":"summary_large_image","twitter_misc":{"Estimated reading time":"9 minutes"},"schema":{"@context":"https:\/\/schema.org","@graph":[{"@type":"WebPage","@id":"https:\/\/mesopolhis.fr\/doctorat\/ateliers-doctoraux\/","url":"https:\/\/mesopolhis.fr\/doctorat\/ateliers-doctoraux\/","name":"Calendar of doctoral workshops - Mesopolhis","isPartOf":{"@id":"https:\/\/mesopolhis.fr\/#website"},"primaryImageOfPage":{"@id":"https:\/\/mesopolhis.fr\/doctorat\/ateliers-doctoraux\/#primaryimage"},"image":{"@id":"https:\/\/mesopolhis.fr\/doctorat\/ateliers-doctoraux\/#primaryimage"},"thumbnailUrl":"https:\/\/mesopolhis.fr\/wp-content\/uploads\/2022\/01\/MMSH-14-1.jpg","datePublished":"2022-01-14T06:54:09+00:00","dateModified":"2026-03-26T15:26:41+00:00","breadcrumb":{"@id":"https:\/\/mesopolhis.fr\/doctorat\/ateliers-doctoraux\/#breadcrumb"},"inLanguage":"en-GB","potentialAction":[{"@type":"ReadAction","target":["https:\/\/mesopolhis.fr\/doctorat\/ateliers-doctoraux\/"]}]},{"@type":"ImageObject","inLanguage":"en-GB","@id":"https:\/\/mesopolhis.fr\/doctorat\/ateliers-doctoraux\/#primaryimage","url":"https:\/\/mesopolhis.fr\/wp-content\/uploads\/2022\/01\/MMSH-14-1.jpg","contentUrl":"https:\/\/mesopolhis.fr\/wp-content\/uploads\/2022\/01\/MMSH-14-1.jpg"},{"@type":"BreadcrumbList","@id":"https:\/\/mesopolhis.fr\/doctorat\/ateliers-doctoraux\/#breadcrumb","itemListElement":[{"@type":"ListItem","position":1,"name":"Accueil","item":"https:\/\/mesopolhis.fr\/"},{"@type":"ListItem","position":2,"name":"Doctorat","item":"https:\/\/mesopolhis.fr\/doctorat\/"},{"@type":"ListItem","position":3,"name":"Calendrier des ateliers doctoraux"}]},{"@type":"WebSite","@id":"https:\/\/mesopolhis.fr\/#website","url":"https:\/\/mesopolhis.fr\/","name":"Mesopolhis","description":"Mediterranean Centre for Sociology, Political Science and History","publisher":{"@id":"https:\/\/mesopolhis.fr\/#organization"},"potentialAction":[{"@type":"SearchAction","target":{"@type":"EntryPoint","urlTemplate":"https:\/\/mesopolhis.fr\/?s={search_term_string}"},"query-input":{"@type":"PropertyValueSpecification","valueRequired":true,"valueName":"search_term_string"}}],"inLanguage":"en-GB"},{"@type":"Organization","@id":"https:\/\/mesopolhis.fr\/#organization","name":"Mesopolhis","url":"https:\/\/mesopolhis.fr\/","logo":{"@type":"ImageObject","inLanguage":"en-GB","@id":"https:\/\/mesopolhis.fr\/#\/schema\/logo\/image\/","url":"https:\/\/mesopolhis.fr\/wp-content\/uploads\/2021\/12\/Logo_MESOPOLHIS_Quadri.png","contentUrl":"https:\/\/mesopolhis.fr\/wp-content\/uploads\/2021\/12\/Logo_MESOPOLHIS_Quadri.png","width":264,"height":69,"caption":"Mesopolhis"},"image":{"@id":"https:\/\/mesopolhis.fr\/#\/schema\/logo\/image\/"}}]}},"_links":{"self":[{"href":"https:\/\/mesopolhis.fr\/en\/wp-json\/wp\/v2\/pages\/542","targetHints":{"allow":["GET"]}}],"collection":[{"href":"https:\/\/mesopolhis.fr\/en\/wp-json\/wp\/v2\/pages"}],"about":[{"href":"https:\/\/mesopolhis.fr\/en\/wp-json\/wp\/v2\/types\/page"}],"author":[{"embeddable":true,"href":"https:\/\/mesopolhis.fr\/en\/wp-json\/wp\/v2\/users\/1"}],"replies":[{"embeddable":true,"href":"https:\/\/mesopolhis.fr\/en\/wp-json\/wp\/v2\/comments?post=542"}],"version-history":[{"count":11,"href":"https:\/\/mesopolhis.fr\/en\/wp-json\/wp\/v2\/pages\/542\/revisions"}],"predecessor-version":[{"id":39471,"href":"https:\/\/mesopolhis.fr\/en\/wp-json\/wp\/v2\/pages\/542\/revisions\/39471"}],"up":[{"embeddable":true,"href":"https:\/\/mesopolhis.fr\/en\/wp-json\/wp\/v2\/pages\/533"}],"wp:attachment":[{"href":"https:\/\/mesopolhis.fr\/en\/wp-json\/wp\/v2\/media?parent=542"}],"curies":[{"name":"wp","href":"https:\/\/api.w.org\/{rel}","templated":true}]}}