{"id":533,"date":"2022-01-13T21:10:54","date_gmt":"2022-01-13T20:10:54","guid":{"rendered":"https:\/\/mesopolhis.fr\/?page_id=533"},"modified":"2025-09-29T14:59:19","modified_gmt":"2025-09-29T12:59:19","slug":"phd","status":"publish","type":"page","link":"https:\/\/mesopolhis.fr\/en\/phd\/","title":{"rendered":"Doctorate"},"content":{"rendered":"<nav id=\"breadcrumbs\" aria-label=\"Breadcrumbs\"><a href=\"https:\/\/mesopolhis.fr\/en\/\">Home<\/a> &raquo; Doctorat<\/nav><h1>\n\t\tDoctorate\n\t<\/h1>\n<h1>\n\t\tDoctoral training is a priority mission of the MESOPOLHIS laboratory.\n\t<\/h1>\n\tEach year, MESOPOLHIS welcomes doctoral students who come to prepare their thesis under the supervision of a full member of the unit (university professor, CNRS research director, lecturer qualified to direct research).<br \/>\nLa <strong>doctoral training<\/strong> is one of the fundamental missions of any laboratory with regard to doctoral students preparing their thesis under its auspices.\n<p>In addition to the research carried out as part of their dissertation project, the training of these young researchers includes active participation in workshops, seminars and training courses designed both to provide them with a scientific culture and to prepare them for careers in higher education and research (academic careers, study centres, R&amp;D, consultancy and expertise, etc.).<\/p>\n<p>From the start of the academic year, a \"Discovery Trail\" is offered to newly-arrived doctoral students to introduce them to the laboratory's facilities and resources.<\/p>\n<h3>\n\t\t<br \/> Becoming a doctoral student <br \/> <br \/>\n\t<\/h3>\n\t\t\t<a href=\"https:\/\/mesopolhis.fr\/en\/phd\/becoming-a-doctoral-student\/\" target=\"_self\">\n\t\t\t\t\t\t\tFind out more <br \/>\n\t\t\t\t\t<\/a>\n<h3>\n\t\tWorkshop calendar <br \/> research training\n\t<\/h3>\n\t\t\t<a href=\"https:\/\/mesopolhis.fr\/en\/phd\/doctoral-workshops\/\" target=\"_self\">\n\t\t\t\t\t\t\tFind out more <br \/>\n\t\t\t\t\t<\/a>\n<h3>\n\t\t<br \/> Theses <br \/> <br \/>\n\t<\/h3>\n\t\t\t<a href=\"https:\/\/mesopolhis.fr\/en\/phd\/theses\/\" target=\"_self\">\n\t\t\t\t\t\t\tFind out more\n\t\t\t\t\t<\/a>\n<h3>\n\t\t<br \/>Association of doctoral students: MESODOC\n\t<\/h3>\n\t\t\t<a href=\"https:\/\/mesopolhis.fr\/en\/phd\/association-mesodoc\/\" target=\"_self\">\n\t\t\t\t\t\t\tFind out more <br \/>\n\t\t\t\t\t<\/a>","protected":false},"excerpt":{"rendered":"<p>Accueil &raquo; Doctorat Doctorat La formation doctorale est une mission prioritaire du laboratoire MESOPOLHIS MESOPOLHIS accueille chaque ann\u00e9e des doctorant\u00b7es qui viennent y pr\u00e9parer leur th\u00e8se sous la direction d&rsquo;un\u00b7e membre titulaire de l&rsquo;unit\u00e9 (professeur\u00b7e des universit\u00e9s, directrice ou directeur de recherche CNRS, ma\u00eetresse ou ma\u00eetre de conf\u00e9rences habilit\u00e9\u00b7e \u00e0 diriger des recherches). La formation&hellip;<\/p>","protected":false},"author":1,"featured_media":0,"parent":0,"menu_order":0,"comment_status":"closed","ping_status":"closed","template":"","meta":{"_acf_changed":false,"inline_featured_image":false,"footnotes":""},"class_list":["post-533","page","type-page","status-publish","hentry"],"acf":[],"yoast_head":"<!-- This site is optimized with the Yoast SEO plugin v27.3 - https:\/\/yoast.com\/product\/yoast-seo-wordpress\/ -->\n<title>Doctorat - Mesopolhis<\/title>\n<meta name=\"robots\" content=\"index, follow, max-snippet:-1, max-image-preview:large, max-video-preview:-1\" \/>\n<link rel=\"canonical\" href=\"https:\/\/mesopolhis.fr\/en\/phd\/\" \/>\n<meta property=\"og:locale\" content=\"en_GB\" \/>\n<meta property=\"og:type\" content=\"article\" \/>\n<meta property=\"og:title\" content=\"Doctorat - Mesopolhis\" \/>\n<meta property=\"og:description\" content=\"Accueil &raquo; Doctorat Doctorat La formation doctorale est une mission prioritaire du laboratoire MESOPOLHIS MESOPOLHIS accueille chaque ann\u00e9e des doctorant\u00b7es qui viennent y pr\u00e9parer leur th\u00e8se sous la direction d&rsquo;un\u00b7e membre titulaire de l&rsquo;unit\u00e9 (professeur\u00b7e des universit\u00e9s, directrice ou directeur de recherche CNRS, ma\u00eetresse ou ma\u00eetre de conf\u00e9rences habilit\u00e9\u00b7e \u00e0 diriger des recherches). La formation&hellip;\" \/>\n<meta property=\"og:url\" content=\"https:\/\/mesopolhis.fr\/en\/phd\/\" \/>\n<meta property=\"og:site_name\" content=\"Mesopolhis\" \/>\n<meta property=\"article:modified_time\" content=\"2025-09-29T12:59:19+00:00\" \/>\n<meta name=\"twitter:card\" content=\"summary_large_image\" \/>\n<meta name=\"twitter:label1\" content=\"Estimated reading time\" \/>\n\t<meta name=\"twitter:data1\" content=\"2 minutes\" \/>\n<script type=\"application\/ld+json\" class=\"yoast-schema-graph\">{\"@context\":\"https:\\\/\\\/schema.org\",\"@graph\":[{\"@type\":\"WebPage\",\"@id\":\"https:\\\/\\\/mesopolhis.fr\\\/doctorat\\\/\",\"url\":\"https:\\\/\\\/mesopolhis.fr\\\/doctorat\\\/\",\"name\":\"Doctorat - Mesopolhis\",\"isPartOf\":{\"@id\":\"https:\\\/\\\/mesopolhis.fr\\\/#website\"},\"datePublished\":\"2022-01-13T20:10:54+00:00\",\"dateModified\":\"2025-09-29T12:59:19+00:00\",\"breadcrumb\":{\"@id\":\"https:\\\/\\\/mesopolhis.fr\\\/doctorat\\\/#breadcrumb\"},\"inLanguage\":\"en-GB\",\"potentialAction\":[{\"@type\":\"ReadAction\",\"target\":[\"https:\\\/\\\/mesopolhis.fr\\\/doctorat\\\/\"]}]},{\"@type\":\"BreadcrumbList\",\"@id\":\"https:\\\/\\\/mesopolhis.fr\\\/doctorat\\\/#breadcrumb\",\"itemListElement\":[{\"@type\":\"ListItem\",\"position\":1,\"name\":\"Accueil\",\"item\":\"https:\\\/\\\/mesopolhis.fr\\\/\"},{\"@type\":\"ListItem\",\"position\":2,\"name\":\"Doctorat\"}]},{\"@type\":\"WebSite\",\"@id\":\"https:\\\/\\\/mesopolhis.fr\\\/#website\",\"url\":\"https:\\\/\\\/mesopolhis.fr\\\/\",\"name\":\"Mesopolhis\",\"description\":\"Centre m\u00e9diterran\u00e9en de sociologie, de science politique et d&#039;histoire\",\"publisher\":{\"@id\":\"https:\\\/\\\/mesopolhis.fr\\\/#organization\"},\"potentialAction\":[{\"@type\":\"SearchAction\",\"target\":{\"@type\":\"EntryPoint\",\"urlTemplate\":\"https:\\\/\\\/mesopolhis.fr\\\/?s={search_term_string}\"},\"query-input\":{\"@type\":\"PropertyValueSpecification\",\"valueRequired\":true,\"valueName\":\"search_term_string\"}}],\"inLanguage\":\"en-GB\"},{\"@type\":\"Organization\",\"@id\":\"https:\\\/\\\/mesopolhis.fr\\\/#organization\",\"name\":\"Mesopolhis\",\"url\":\"https:\\\/\\\/mesopolhis.fr\\\/\",\"logo\":{\"@type\":\"ImageObject\",\"inLanguage\":\"en-GB\",\"@id\":\"https:\\\/\\\/mesopolhis.fr\\\/#\\\/schema\\\/logo\\\/image\\\/\",\"url\":\"https:\\\/\\\/mesopolhis.fr\\\/wp-content\\\/uploads\\\/2021\\\/12\\\/Logo_MESOPOLHIS_Quadri.png\",\"contentUrl\":\"https:\\\/\\\/mesopolhis.fr\\\/wp-content\\\/uploads\\\/2021\\\/12\\\/Logo_MESOPOLHIS_Quadri.png\",\"width\":264,\"height\":69,\"caption\":\"Mesopolhis\"},\"image\":{\"@id\":\"https:\\\/\\\/mesopolhis.fr\\\/#\\\/schema\\\/logo\\\/image\\\/\"}}]}<\/script>\n<!-- \/ Yoast SEO plugin. -->","yoast_head_json":{"title":"Doctorate - Mesopolhis","robots":{"index":"index","follow":"follow","max-snippet":"max-snippet:-1","max-image-preview":"max-image-preview:large","max-video-preview":"max-video-preview:-1"},"canonical":"https:\/\/mesopolhis.fr\/en\/phd\/","og_locale":"en_GB","og_type":"article","og_title":"Doctorat - Mesopolhis","og_description":"Accueil &raquo; Doctorat Doctorat La formation doctorale est une mission prioritaire du laboratoire MESOPOLHIS MESOPOLHIS accueille chaque ann\u00e9e des doctorant\u00b7es qui viennent y pr\u00e9parer leur th\u00e8se sous la direction d&rsquo;un\u00b7e membre titulaire de l&rsquo;unit\u00e9 (professeur\u00b7e des universit\u00e9s, directrice ou directeur de recherche CNRS, ma\u00eetresse ou ma\u00eetre de conf\u00e9rences habilit\u00e9\u00b7e \u00e0 diriger des recherches). La formation&hellip;","og_url":"https:\/\/mesopolhis.fr\/en\/phd\/","og_site_name":"Mesopolhis","article_modified_time":"2025-09-29T12:59:19+00:00","twitter_card":"summary_large_image","twitter_misc":{"Estimated reading time":"2 minutes"},"schema":{"@context":"https:\/\/schema.org","@graph":[{"@type":"WebPage","@id":"https:\/\/mesopolhis.fr\/doctorat\/","url":"https:\/\/mesopolhis.fr\/doctorat\/","name":"Doctorate - Mesopolhis","isPartOf":{"@id":"https:\/\/mesopolhis.fr\/#website"},"datePublished":"2022-01-13T20:10:54+00:00","dateModified":"2025-09-29T12:59:19+00:00","breadcrumb":{"@id":"https:\/\/mesopolhis.fr\/doctorat\/#breadcrumb"},"inLanguage":"en-GB","potentialAction":[{"@type":"ReadAction","target":["https:\/\/mesopolhis.fr\/doctorat\/"]}]},{"@type":"BreadcrumbList","@id":"https:\/\/mesopolhis.fr\/doctorat\/#breadcrumb","itemListElement":[{"@type":"ListItem","position":1,"name":"Accueil","item":"https:\/\/mesopolhis.fr\/"},{"@type":"ListItem","position":2,"name":"Doctorat"}]},{"@type":"WebSite","@id":"https:\/\/mesopolhis.fr\/#website","url":"https:\/\/mesopolhis.fr\/","name":"Mesopolhis","description":"Mediterranean Centre for Sociology, Political Science and History","publisher":{"@id":"https:\/\/mesopolhis.fr\/#organization"},"potentialAction":[{"@type":"SearchAction","target":{"@type":"EntryPoint","urlTemplate":"https:\/\/mesopolhis.fr\/?s={search_term_string}"},"query-input":{"@type":"PropertyValueSpecification","valueRequired":true,"valueName":"search_term_string"}}],"inLanguage":"en-GB"},{"@type":"Organization","@id":"https:\/\/mesopolhis.fr\/#organization","name":"Mesopolhis","url":"https:\/\/mesopolhis.fr\/","logo":{"@type":"ImageObject","inLanguage":"en-GB","@id":"https:\/\/mesopolhis.fr\/#\/schema\/logo\/image\/","url":"https:\/\/mesopolhis.fr\/wp-content\/uploads\/2021\/12\/Logo_MESOPOLHIS_Quadri.png","contentUrl":"https:\/\/mesopolhis.fr\/wp-content\/uploads\/2021\/12\/Logo_MESOPOLHIS_Quadri.png","width":264,"height":69,"caption":"Mesopolhis"},"image":{"@id":"https:\/\/mesopolhis.fr\/#\/schema\/logo\/image\/"}}]}},"_links":{"self":[{"href":"https:\/\/mesopolhis.fr\/en\/wp-json\/wp\/v2\/pages\/533","targetHints":{"allow":["GET"]}}],"collection":[{"href":"https:\/\/mesopolhis.fr\/en\/wp-json\/wp\/v2\/pages"}],"about":[{"href":"https:\/\/mesopolhis.fr\/en\/wp-json\/wp\/v2\/types\/page"}],"author":[{"embeddable":true,"href":"https:\/\/mesopolhis.fr\/en\/wp-json\/wp\/v2\/users\/1"}],"replies":[{"embeddable":true,"href":"https:\/\/mesopolhis.fr\/en\/wp-json\/wp\/v2\/comments?post=533"}],"version-history":[{"count":3,"href":"https:\/\/mesopolhis.fr\/en\/wp-json\/wp\/v2\/pages\/533\/revisions"}],"predecessor-version":[{"id":38144,"href":"https:\/\/mesopolhis.fr\/en\/wp-json\/wp\/v2\/pages\/533\/revisions\/38144"}],"wp:attachment":[{"href":"https:\/\/mesopolhis.fr\/en\/wp-json\/wp\/v2\/media?parent=533"}],"curies":[{"name":"wp","href":"https:\/\/api.w.org\/{rel}","templated":true}]}}