{"id":511,"date":"2022-01-12T17:19:14","date_gmt":"2022-01-12T16:19:14","guid":{"rendered":"https:\/\/mesopolhis.fr\/?page_id=511"},"modified":"2025-09-04T13:02:51","modified_gmt":"2025-09-04T11:02:51","slug":"programme-contracts","status":"publish","type":"page","link":"https:\/\/mesopolhis.fr\/en\/research\/programme-contracts\/","title":{"rendered":"Contracts and Programmes"},"content":{"rendered":"<nav id=\"breadcrumbs\" aria-label=\"Breadcrumbs\"><a href=\"https:\/\/mesopolhis.fr\/en\/\">Home<\/a> \" <a href=\"https:\/\/mesopolhis.fr\/en\/research\/\">Search<\/a> \u00bbContracts and Programmes<\/nav><h1>\n\t\tContracts and programmes\n\t<\/h1>\n\t\t\t\t\t\t\t\t\t<img loading=\"lazy\" decoding=\"async\" src=\"https:\/\/mesopolhis.fr\/wp-content\/uploads\/2021\/12\/noun-search-file-4440907.png\" alt=\"noun-search-file-4440907\" height=\"539\" width=\"538\" title=\"noun-search-file-4440907\" \/>\n\n\t<blockquote>\n<h3><a href=\"https:\/\/mesopolhis.fr\/en\/observatoire-sciences-et-societe-mesri-amu\/\">MESRI - AMU \u00abObservatoire des publics et des pratiques de la culture - Sciences et soci\u00e9t\u00e9\u00bb (Observatory of cultural audiences and practices - Science and society)\u00bb<\/a><\/h3>\n<\/blockquote>\n\t<blockquote>\n<h3><a href=\"https:\/\/mesopolhis.fr\/en\/fairville-horizon-ria\/\">Horizon Europe - Fair'Ville<\/a><\/h3>\n<\/blockquote>\n\t<blockquote>\n<h3><a href=\"https:\/\/mesopolhis.fr\/en\/hyflex-amidex\/\">A*Midex - HYFLEX<\/a><\/h3>\n<\/blockquote>\n\t<blockquote>\n<h3><a href=\"https:\/\/mesopolhis.fr\/en\/proteus-amidex\/\">A*Midex - PROTEUS<\/a><\/h3>\n<\/blockquote>\n\t<blockquote>\n<h3><a href=\"https:\/\/mesopolhis.fr\/en\/educational-sites-2022-2025-educational-sites\/\">Cit\u00e9s \u00e9ducatives 2022-2025. The Marseille Education Centres<\/a><\/h3>\n<\/blockquote>\n\t<blockquote>\n<h3><a href=\"https:\/\/mesopolhis.fr\/en\/proclimex-anr\/\">ANR PROCLIMEX- Expertise in climate processes: production, use and reception<\/a><\/h3>\n<\/blockquote>\n\t<blockquote>\n<h3><a href=\"https:\/\/mesopolhis.fr\/en\/knowledge-factory-southern-region\/\">\"Knowledge Factory<\/a><\/h3>\n<\/blockquote>\n\t<blockquote>\n<h3><a href=\"\/en\/hope-analysis-of-fire-fighting-assistance-in-road-safety-etat\/\">ESPOIR: fire brigade road safety analysis<\/a><\/h3>\n<\/blockquote>\n\t<blockquote>\n<h3><a href=\"https:\/\/mesopolhis.fr\/en\/i-biolex-anr\/\">\u00abI-BIOLEX - Fragmentation and defragmentation of the Law on Biomedical innovations<\/a><\/h3>\n<\/blockquote>\n\t<blockquote>\n<h4><a href=\"https:\/\/mesopolhis.fr\/en\/research\/programme-contracts\/open-cost-action\/\">OPEN COST ACTION<\/a><\/h4>\n<\/blockquote>\n\t<blockquote>\n<h3><a href=\"\/en\/research-areas\/programme-contracts\/anr-exilest\/\">ANR EXILEST<\/a><\/h3>\n<\/blockquote>\n\t<blockquote>\n<h3><a href=\"https:\/\/mesopolhis.fr\/en\/metrocolmo-anr\/\">ANR - METROCOLMO<\/a><\/h3>\n<\/blockquote>\n\t<blockquote>\n<h3>ORA8\/ANR VIRMOBS - \u00abVirtual mobility of international students: towards a new model for the internationalisation of higher education\u00bb.\u00bb<\/h3>\n<\/blockquote>\n\t<blockquote>\n<h3><a href=\"https:\/\/mesopolhis.fr\/en\/research\/contract-archives\/\">Contract archives<\/a><\/h3>\n<\/blockquote>\n\t<blockquote>\n<h3><a href=\"https:\/\/mesopolhis.fr\/en\/research\/other-programmes\/\">Other programmes<\/a><\/h3>\n<\/blockquote>","protected":false},"excerpt":{"rendered":"<p>Home \u00bb Research \u00bb Contracts and Programmes MESRI - AMU \u00ab Observatory of cultural audiences and practices - Sciences and society \u00bb Horizon Europe - Fair'Ville A*Midex - HYFLEX A*Midex - PROTEUS Educational Cities 2022-2025. Les Cit\u00e9s \u00e9ducatives Marseillaises ANR PROCLIMEX- Les expertises dans les proc\u00e8s climatiques : fabrique, usages et...<\/p>","protected":false},"author":1,"featured_media":0,"parent":137,"menu_order":0,"comment_status":"closed","ping_status":"closed","template":"","meta":{"_acf_changed":false,"inline_featured_image":false,"footnotes":""},"class_list":["post-511","page","type-page","status-publish","hentry"],"acf":[],"yoast_head":"<!-- This site is optimized with the Yoast SEO plugin v27.4 - https:\/\/yoast.com\/product\/yoast-seo-wordpress\/ -->\n<title>Contrats et Programmes - Mesopolhis<\/title>\n<meta name=\"robots\" content=\"index, follow, max-snippet:-1, max-image-preview:large, max-video-preview:-1\" \/>\n<link rel=\"canonical\" href=\"https:\/\/mesopolhis.fr\/en\/research\/programme-contracts\/\" \/>\n<meta property=\"og:locale\" content=\"en_GB\" \/>\n<meta property=\"og:type\" content=\"article\" \/>\n<meta property=\"og:title\" content=\"Contrats et Programmes - Mesopolhis\" \/>\n<meta property=\"og:description\" content=\"Accueil &raquo; Recherche &raquo; Contrats et Programmes Contrats et programmes MESRI &#8211; AMU \u00ab Observatoire des publics et des pratiques de la culture &#8211; Sciences et soci\u00e9t\u00e9\u00a0 \u00bb Horizon Europe &#8211; Fair&rsquo;Ville A*Midex\u00a0&#8211; HYFLEX A*Midex\u00a0&#8211; PROTEUS Cit\u00e9s \u00e9ducatives 2022-2025. Les Cit\u00e9s \u00e9ducatives Marseillaises ANR PROCLIMEX- Les expertises dans les proc\u00e8s climatiques : fabrique, usages et&hellip;\" \/>\n<meta property=\"og:url\" content=\"https:\/\/mesopolhis.fr\/en\/research\/programme-contracts\/\" \/>\n<meta property=\"og:site_name\" content=\"Mesopolhis\" \/>\n<meta property=\"article:modified_time\" content=\"2025-09-04T11:02:51+00:00\" \/>\n<meta property=\"og:image\" content=\"https:\/\/mesopolhis.fr\/wp-content\/uploads\/2021\/12\/noun-search-file-4440907.png\" \/>\n<meta name=\"twitter:card\" content=\"summary_large_image\" \/>\n<meta name=\"twitter:label1\" content=\"Estimated reading time\" \/>\n\t<meta name=\"twitter:data1\" content=\"1 minute\" \/>\n<script type=\"application\/ld+json\" class=\"yoast-schema-graph\">{\"@context\":\"https:\\\/\\\/schema.org\",\"@graph\":[{\"@type\":\"WebPage\",\"@id\":\"https:\\\/\\\/mesopolhis.fr\\\/recherche\\\/contrats-programmes\\\/\",\"url\":\"https:\\\/\\\/mesopolhis.fr\\\/recherche\\\/contrats-programmes\\\/\",\"name\":\"Contrats et Programmes - Mesopolhis\",\"isPartOf\":{\"@id\":\"https:\\\/\\\/mesopolhis.fr\\\/#website\"},\"primaryImageOfPage\":{\"@id\":\"https:\\\/\\\/mesopolhis.fr\\\/recherche\\\/contrats-programmes\\\/#primaryimage\"},\"image\":{\"@id\":\"https:\\\/\\\/mesopolhis.fr\\\/recherche\\\/contrats-programmes\\\/#primaryimage\"},\"thumbnailUrl\":\"https:\\\/\\\/mesopolhis.fr\\\/wp-content\\\/uploads\\\/2021\\\/12\\\/noun-search-file-4440907.png\",\"datePublished\":\"2022-01-12T16:19:14+00:00\",\"dateModified\":\"2025-09-04T11:02:51+00:00\",\"breadcrumb\":{\"@id\":\"https:\\\/\\\/mesopolhis.fr\\\/recherche\\\/contrats-programmes\\\/#breadcrumb\"},\"inLanguage\":\"en-GB\",\"potentialAction\":[{\"@type\":\"ReadAction\",\"target\":[\"https:\\\/\\\/mesopolhis.fr\\\/recherche\\\/contrats-programmes\\\/\"]}]},{\"@type\":\"ImageObject\",\"inLanguage\":\"en-GB\",\"@id\":\"https:\\\/\\\/mesopolhis.fr\\\/recherche\\\/contrats-programmes\\\/#primaryimage\",\"url\":\"https:\\\/\\\/mesopolhis.fr\\\/wp-content\\\/uploads\\\/2021\\\/12\\\/noun-search-file-4440907.png\",\"contentUrl\":\"https:\\\/\\\/mesopolhis.fr\\\/wp-content\\\/uploads\\\/2021\\\/12\\\/noun-search-file-4440907.png\"},{\"@type\":\"BreadcrumbList\",\"@id\":\"https:\\\/\\\/mesopolhis.fr\\\/recherche\\\/contrats-programmes\\\/#breadcrumb\",\"itemListElement\":[{\"@type\":\"ListItem\",\"position\":1,\"name\":\"Accueil\",\"item\":\"https:\\\/\\\/mesopolhis.fr\\\/\"},{\"@type\":\"ListItem\",\"position\":2,\"name\":\"Recherche\",\"item\":\"https:\\\/\\\/mesopolhis.fr\\\/recherche\\\/\"},{\"@type\":\"ListItem\",\"position\":3,\"name\":\"Contrats et Programmes\"}]},{\"@type\":\"WebSite\",\"@id\":\"https:\\\/\\\/mesopolhis.fr\\\/#website\",\"url\":\"https:\\\/\\\/mesopolhis.fr\\\/\",\"name\":\"Mesopolhis\",\"description\":\"Centre m\u00e9diterran\u00e9en de sociologie, de science politique et d&#039;histoire\",\"publisher\":{\"@id\":\"https:\\\/\\\/mesopolhis.fr\\\/#organization\"},\"potentialAction\":[{\"@type\":\"SearchAction\",\"target\":{\"@type\":\"EntryPoint\",\"urlTemplate\":\"https:\\\/\\\/mesopolhis.fr\\\/?s={search_term_string}\"},\"query-input\":{\"@type\":\"PropertyValueSpecification\",\"valueRequired\":true,\"valueName\":\"search_term_string\"}}],\"inLanguage\":\"en-GB\"},{\"@type\":\"Organization\",\"@id\":\"https:\\\/\\\/mesopolhis.fr\\\/#organization\",\"name\":\"Mesopolhis\",\"url\":\"https:\\\/\\\/mesopolhis.fr\\\/\",\"logo\":{\"@type\":\"ImageObject\",\"inLanguage\":\"en-GB\",\"@id\":\"https:\\\/\\\/mesopolhis.fr\\\/#\\\/schema\\\/logo\\\/image\\\/\",\"url\":\"https:\\\/\\\/mesopolhis.fr\\\/wp-content\\\/uploads\\\/2021\\\/12\\\/Logo_MESOPOLHIS_Quadri.png\",\"contentUrl\":\"https:\\\/\\\/mesopolhis.fr\\\/wp-content\\\/uploads\\\/2021\\\/12\\\/Logo_MESOPOLHIS_Quadri.png\",\"width\":264,\"height\":69,\"caption\":\"Mesopolhis\"},\"image\":{\"@id\":\"https:\\\/\\\/mesopolhis.fr\\\/#\\\/schema\\\/logo\\\/image\\\/\"}}]}<\/script>\n<!-- \/ Yoast SEO plugin. -->","yoast_head_json":{"title":"Contracts and Programmes - Mesopolhis","robots":{"index":"index","follow":"follow","max-snippet":"max-snippet:-1","max-image-preview":"max-image-preview:large","max-video-preview":"max-video-preview:-1"},"canonical":"https:\/\/mesopolhis.fr\/en\/research\/programme-contracts\/","og_locale":"en_GB","og_type":"article","og_title":"Contrats et Programmes - Mesopolhis","og_description":"Accueil &raquo; Recherche &raquo; Contrats et Programmes Contrats et programmes MESRI &#8211; AMU \u00ab Observatoire des publics et des pratiques de la culture &#8211; Sciences et soci\u00e9t\u00e9\u00a0 \u00bb Horizon Europe &#8211; Fair&rsquo;Ville A*Midex\u00a0&#8211; HYFLEX A*Midex\u00a0&#8211; PROTEUS Cit\u00e9s \u00e9ducatives 2022-2025. Les Cit\u00e9s \u00e9ducatives Marseillaises ANR PROCLIMEX- Les expertises dans les proc\u00e8s climatiques : fabrique, usages et&hellip;","og_url":"https:\/\/mesopolhis.fr\/en\/research\/programme-contracts\/","og_site_name":"Mesopolhis","article_modified_time":"2025-09-04T11:02:51+00:00","og_image":[{"url":"https:\/\/mesopolhis.fr\/wp-content\/uploads\/2021\/12\/noun-search-file-4440907.png","type":"","width":"","height":""}],"twitter_card":"summary_large_image","twitter_misc":{"Estimated reading time":"1 minute"},"schema":{"@context":"https:\/\/schema.org","@graph":[{"@type":"WebPage","@id":"https:\/\/mesopolhis.fr\/recherche\/contrats-programmes\/","url":"https:\/\/mesopolhis.fr\/recherche\/contrats-programmes\/","name":"Contracts and Programmes - Mesopolhis","isPartOf":{"@id":"https:\/\/mesopolhis.fr\/#website"},"primaryImageOfPage":{"@id":"https:\/\/mesopolhis.fr\/recherche\/contrats-programmes\/#primaryimage"},"image":{"@id":"https:\/\/mesopolhis.fr\/recherche\/contrats-programmes\/#primaryimage"},"thumbnailUrl":"https:\/\/mesopolhis.fr\/wp-content\/uploads\/2021\/12\/noun-search-file-4440907.png","datePublished":"2022-01-12T16:19:14+00:00","dateModified":"2025-09-04T11:02:51+00:00","breadcrumb":{"@id":"https:\/\/mesopolhis.fr\/recherche\/contrats-programmes\/#breadcrumb"},"inLanguage":"en-GB","potentialAction":[{"@type":"ReadAction","target":["https:\/\/mesopolhis.fr\/recherche\/contrats-programmes\/"]}]},{"@type":"ImageObject","inLanguage":"en-GB","@id":"https:\/\/mesopolhis.fr\/recherche\/contrats-programmes\/#primaryimage","url":"https:\/\/mesopolhis.fr\/wp-content\/uploads\/2021\/12\/noun-search-file-4440907.png","contentUrl":"https:\/\/mesopolhis.fr\/wp-content\/uploads\/2021\/12\/noun-search-file-4440907.png"},{"@type":"BreadcrumbList","@id":"https:\/\/mesopolhis.fr\/recherche\/contrats-programmes\/#breadcrumb","itemListElement":[{"@type":"ListItem","position":1,"name":"Accueil","item":"https:\/\/mesopolhis.fr\/"},{"@type":"ListItem","position":2,"name":"Recherche","item":"https:\/\/mesopolhis.fr\/recherche\/"},{"@type":"ListItem","position":3,"name":"Contrats et Programmes"}]},{"@type":"WebSite","@id":"https:\/\/mesopolhis.fr\/#website","url":"https:\/\/mesopolhis.fr\/","name":"Mesopolhis","description":"Mediterranean Centre for Sociology, Political Science and History","publisher":{"@id":"https:\/\/mesopolhis.fr\/#organization"},"potentialAction":[{"@type":"SearchAction","target":{"@type":"EntryPoint","urlTemplate":"https:\/\/mesopolhis.fr\/?s={search_term_string}"},"query-input":{"@type":"PropertyValueSpecification","valueRequired":true,"valueName":"search_term_string"}}],"inLanguage":"en-GB"},{"@type":"Organization","@id":"https:\/\/mesopolhis.fr\/#organization","name":"Mesopolhis","url":"https:\/\/mesopolhis.fr\/","logo":{"@type":"ImageObject","inLanguage":"en-GB","@id":"https:\/\/mesopolhis.fr\/#\/schema\/logo\/image\/","url":"https:\/\/mesopolhis.fr\/wp-content\/uploads\/2021\/12\/Logo_MESOPOLHIS_Quadri.png","contentUrl":"https:\/\/mesopolhis.fr\/wp-content\/uploads\/2021\/12\/Logo_MESOPOLHIS_Quadri.png","width":264,"height":69,"caption":"Mesopolhis"},"image":{"@id":"https:\/\/mesopolhis.fr\/#\/schema\/logo\/image\/"}}]}},"_links":{"self":[{"href":"https:\/\/mesopolhis.fr\/en\/wp-json\/wp\/v2\/pages\/511","targetHints":{"allow":["GET"]}}],"collection":[{"href":"https:\/\/mesopolhis.fr\/en\/wp-json\/wp\/v2\/pages"}],"about":[{"href":"https:\/\/mesopolhis.fr\/en\/wp-json\/wp\/v2\/types\/page"}],"author":[{"embeddable":true,"href":"https:\/\/mesopolhis.fr\/en\/wp-json\/wp\/v2\/users\/1"}],"replies":[{"embeddable":true,"href":"https:\/\/mesopolhis.fr\/en\/wp-json\/wp\/v2\/comments?post=511"}],"version-history":[{"count":6,"href":"https:\/\/mesopolhis.fr\/en\/wp-json\/wp\/v2\/pages\/511\/revisions"}],"predecessor-version":[{"id":37910,"href":"https:\/\/mesopolhis.fr\/en\/wp-json\/wp\/v2\/pages\/511\/revisions\/37910"}],"up":[{"embeddable":true,"href":"https:\/\/mesopolhis.fr\/en\/wp-json\/wp\/v2\/pages\/137"}],"wp:attachment":[{"href":"https:\/\/mesopolhis.fr\/en\/wp-json\/wp\/v2\/media?parent=511"}],"curies":[{"name":"wp","href":"https:\/\/api.w.org\/{rel}","templated":true}]}}