{"id":489,"date":"2022-01-12T13:54:24","date_gmt":"2022-01-12T12:54:24","guid":{"rendered":"https:\/\/mesopolhis.fr\/?page_id=489"},"modified":"2025-09-12T14:53:04","modified_gmt":"2025-09-12T12:53:04","slug":"axis-6-standards-of-deviances-knowledge-of-government","status":"publish","type":"page","link":"https:\/\/mesopolhis.fr\/en\/research\/axis-6-standards-of-deviances-knowledge-of-government\/","title":{"rendered":"Axis 6. Norms, deviance and governing knowledge"},"content":{"rendered":"<nav id=\"breadcrumbs\" aria-label=\"Breadcrumbs\"><a href=\"https:\/\/mesopolhis.fr\/en\/\">Home<\/a> \" <a href=\"https:\/\/mesopolhis.fr\/en\/research\/\">Search<\/a> \u00bbAxis 6. Norms, deviance and governing knowledge<\/nav><h1>\n\t\tAxis 6 \"Norms and deviance, <br \/>government knowledge\n\t<\/h1>\n\t\t\t\t\t\t\t\t\t<img loading=\"lazy\" decoding=\"async\" src=\"https:\/\/mesopolhis.fr\/wp-content\/uploads\/2021\/12\/006-government.png\" alt=\"006-government\" height=\"512\" width=\"512\" title=\"006-government\" \/>\n<h3>\n\t\tHosted by Audrey Freyermuth\n\t<\/h3>\n\t<p>This division brings together the unit's researchers who share an interest in the sociological analysis of norms, studying how they are enacted, negotiated, contested or avoided. They develop a sociology of actors - be they professionals (producers of governmental knowledge, administrative managers and staff, politicians, trade unions, consultants, legal experts) or the public (users, complainants, \u00abordinary citizens\u00bb) - and their interactions, which they understand through the mechanisms, knowledge and know-how of governing populations at different scales.<\/p>\n<p>Current and future research focuses on the social construction of norms and deviance, with particular emphasis on the historical and processual dimensions of the situational logics of their social manufacture. The research is rooted in a critical perspective that seeks, firstly, to bring to light the mechanisms by which public problems and social and legal norms are constructed; secondly, to describe and analyse the processual dimension of the phenomena studied (trajectories, careers, professionalisation, etc.); and, thirdly, to understand how they are embedded.<\/p>\n<p>The focus is on two areas (although not exclusively): criminal studies and urban government.<\/p>\n<h2>\n\t\tAxis members\n\t<\/h2>\n\t<ul>\n\t\t\t<li>\n\t\t\t\t<b>Full members :<\/b> Philippe ALDRIN, Claire BENIT-GBAFFOU, Fran\u00e7ois DUMASY, Audrey FREYERMUTH, Samuel GOETA, Cesare MATTINA, Fr\u00e9d\u00e9ric MONIER, Laurent MUCCHIELLI, Magali NONJON, Oc\u00e9ane PERONA, Aude SIGNOLES, Christophe TRAINI\n\t\t\t<\/li>\n\t\t\t<li>\n\t\t\t\t<b>Doctoral students :<\/b> Pierre ARENE, L\u00e9a BATTAIS, Alice BAUDY, Riadh Amine BEN MAMI, Paul CERDAN, Maxime CHARCOSSET, Rapha\u00ebl GODEFROID, T\u00e9oman GONEN, Necati GUMUS, In\u00e8s KALAI, L\u00e9a NIVOIX\n\t\t\t<\/li>\n\t\t\t<li>\n\t\t\t\t<b>Partners:<\/b> Jessy BAILLY, Daphn\u00e9 BIBARD, Abderrahim BOURKIA, Nathalie CHAPON, Rapha\u00ebl CHERIAU, Romain DAMIEN, Alice DAQUIN, St\u00e9phanie DECHEZELLES, Aur\u00e9lien DYJAK, Yolaine GASSIER, Tommaso GIURIATI, Anne KLETZLEN,  Elise HO PUN CHEUNG, Fatima KHEMILAT, Vanille LABORDE, Simon MANGON, \u00c9lise MASSICARD, Yves MIRMAN, Jos\u00e9phine PARENTHOU, Audrey PLUTA, Charles REVEILLERE, Guillaume SILHOL, Pierre-Olivier WEISS\n\t\t\t<\/li>\n\t\t<\/ul>\n\t\t\t\t\t\t\t\t\t<img loading=\"lazy\" decoding=\"async\" src=\"https:\/\/mesopolhis.fr\/wp-content\/uploads\/bb-plugin\/cache\/MMSH-15-square.jpg\" alt=\"Meeting room MMSH\" height=\"1333\" width=\"2000\" title=\"MMSH-15\" \/>\n\t\t\t\t\t\t\t\t\t\t\tMeeting room MMSH\n<h3>\n\t\tThe three main thematic areas are\n\t<\/h3>\n\t<ul>\n\t\t\t<li>\n\t\t\t\tThe new sources of political legitimacy and the professionalisation of government work\n\t\t\t<\/li>\n\t\t\t<li>\n\t\t\t\tProduction, evolution and use of norms (transgressions and social reactions)\n\t\t\t<\/li>\n\t\t\t<li>\n\t\t\t\tAppropriation, circumvention and internalisation of government standards and knowledge by the public.\n\t\t\t<\/li>\n\t\t<\/ul>\n\t<p><i>Keywords: Norms, deviance, expertise, government, knowledge, police, justice, judicialisation, crime, urban government, public problem, public action, political work, professionalisation, career, administration, discrimination, inequalities, risk<\/i><\/p>\n<h1>\n\t\tAxis news\n\t<\/h1>\n\t\n\t\t\t\t\t<a href=\"https:\/\/mesopolhis.fr\/en\/blog\/2022\/01\/17\/stephanie-dechezelles-occupations\/\" title=\"St\u00e9phanie Dech\u00e9zelles - &quot;Occupations\"><\/a>\n\t\t\t\t<img loading=\"lazy\" decoding=\"async\" src=\"https:\/\/mesopolhis.fr\/wp-content\/uploads\/bb-plugin\/cache\/arton2081-landscape-f899f43f4ce9f15234a79cd787f4ec73-.jpg\" alt=\"arton2081\" data-no-lazy=\"1\" height=\"329\" width=\"211\" title=\"arton2081\" \/>\n\t\t\t\t\t\t\t\t\t<h4>\n\t\t\t\t\t\t\t\t\t\t\t\t\t\tSt\u00e9phanie Dech\u00e9zelles - \"Occupations\t\t\t\t\t\t\t\t\t\t\t<\/h4>\n\t\n\t\t\t\t\t<a href=\"https:\/\/mesopolhis.fr\/en\/blog\/2022\/01\/17\/eric-agrikoliansky-philippe-aldrin-sandrine-leveque-in-langle-mort-des-polls-or-what-voting-still-means\/\" title=\"Eric Agrikoliansky Philippe Aldrin Sandrine L\u00e9v\u00eaque - \u00abIn the polls\u00bb blind spot or what voting (still) means&quot;.\u00bb\"><\/a>\n\t\t\t\t<img loading=\"lazy\" decoding=\"async\" src=\"https:\/\/mesopolhis.fr\/wp-content\/uploads\/bb-plugin\/cache\/publication-e1642419086127-landscape-0a2db9d17859f087c81242155f4bc848-.jpg\" alt=\"publication\" data-no-lazy=\"1\" height=\"1029\" width=\"804\" title=\"publication\" \/>\n\t\t\t\t\t\t\t\t\t<h4>\n\t\t\t\t\t\t\t\t\t\t\t\t\t\tEric Agrikoliansky Philippe Aldrin Sandrine L\u00e9v\u00eaque - \u00abIn the polls\u00bb blind spot or what voting (still) means\".\u00bb\t\t\t\t\t\t\t\t\t\t\t<\/h4>\n\t\n\t\t\t\t\t<a href=\"https:\/\/mesopolhis.fr\/en\/blog\/2021\/12\/22\/review-by-eric-agrikoliansky-philippe-aldrin-sandrine-leveque-voting-in-a-time-of-crisis-portraits-of-ordinary-readers\/\" title=\"Review by Eric Agrikoliansky, Philippe Aldrin, Sandrine L\u00e9v\u00eaque - \u00abVoting in times of crisis. Portraits of ordinary voters\u00bb.\u00bb\"><\/a>\n\t\t\t\t<img loading=\"lazy\" decoding=\"async\" src=\"https:\/\/mesopolhis.fr\/wp-content\/uploads\/bb-plugin\/cache\/lemonde-landscape-2730a3808fbd0f2079311441e38d3fcc-.jpg\" alt=\"lemonde\" data-no-lazy=\"1\" height=\"308\" width=\"524\" title=\"lemonde\" \/>\n\t\t\t\t\t\t\t\t\t<h4>\n\t\t\t\t\t\t\t\t\t\t\t\t\t\tReview by Eric Agrikoliansky, Philippe Aldrin, Sandrine L\u00e9v\u00eaque - \u00abVoting in times of crisis. Portraits of ordinary voters\u00bb.\u00bb\t\t\t\t\t\t\t\t\t\t\t<\/h4>\n\t\t<!-- .pp-content-posts -->","protected":false},"excerpt":{"rendered":"<p>Home \u00bb Research \u00bb Area 6. Norms, deviances, knowledge of government Area 6: \u00abNorms, deviances, knowledge of government\u00bb Led by Audrey Freyermuth This area brings together the unit's researchers who share an interest in the sociological analysis of norms, studying the ways in which they are enacted, negotiated, contested or avoided, and the ways in which...<\/p>","protected":false},"author":1,"featured_media":0,"parent":137,"menu_order":0,"comment_status":"closed","ping_status":"closed","template":"","meta":{"_acf_changed":false,"inline_featured_image":false,"footnotes":""},"class_list":["post-489","page","type-page","status-publish","hentry"],"acf":[],"yoast_head":"<!-- This site is optimized with the Yoast SEO plugin v27.3 - https:\/\/yoast.com\/product\/yoast-seo-wordpress\/ -->\n<title>Axe 6. Normes, d\u00e9viances, savoirs de gouvernement - Mesopolhis<\/title>\n<meta name=\"robots\" content=\"index, follow, max-snippet:-1, max-image-preview:large, max-video-preview:-1\" \/>\n<link rel=\"canonical\" href=\"https:\/\/mesopolhis.fr\/en\/research\/axis-6-standards-of-deviances-knowledge-of-government\/\" \/>\n<meta property=\"og:locale\" content=\"en_GB\" \/>\n<meta property=\"og:type\" content=\"article\" \/>\n<meta property=\"og:title\" content=\"Axe 6. Normes, d\u00e9viances, savoirs de gouvernement - Mesopolhis\" \/>\n<meta property=\"og:description\" content=\"Accueil &raquo; Recherche &raquo; Axe 6. Normes, d\u00e9viances, savoirs de gouvernement Axe 6 \u00ab Normes, d\u00e9viances, savoirs de gouvernement \u00bb Anim\u00e9 par Audrey Freyermuth Ce p\u00f4le regroupe les chercheuses et chercheurs de l&rsquo;unit\u00e9 qui partagent un m\u00eame int\u00e9r\u00eat pour l&rsquo;analyse sociologique des normes, en \u00e9tudiant les entreprises d&rsquo;\u00e9diction, de n\u00e9gociation, de contestation ou d&rsquo;\u00e9vitement dont&hellip;\" \/>\n<meta property=\"og:url\" content=\"https:\/\/mesopolhis.fr\/en\/research\/axis-6-standards-of-deviances-knowledge-of-government\/\" \/>\n<meta property=\"og:site_name\" content=\"Mesopolhis\" \/>\n<meta property=\"article:modified_time\" content=\"2025-09-12T12:53:04+00:00\" \/>\n<meta property=\"og:image\" content=\"https:\/\/mesopolhis.fr\/wp-content\/uploads\/2021\/12\/006-government.png\" \/>\n<meta name=\"twitter:card\" content=\"summary_large_image\" \/>\n<meta name=\"twitter:label1\" content=\"Estimated reading time\" \/>\n\t<meta name=\"twitter:data1\" content=\"4 minutes\" \/>\n<script type=\"application\/ld+json\" class=\"yoast-schema-graph\">{\"@context\":\"https:\\\/\\\/schema.org\",\"@graph\":[{\"@type\":\"WebPage\",\"@id\":\"https:\\\/\\\/mesopolhis.fr\\\/recherche\\\/axe-6-normes-deviances-savoirs-de-gouvernement\\\/\",\"url\":\"https:\\\/\\\/mesopolhis.fr\\\/recherche\\\/axe-6-normes-deviances-savoirs-de-gouvernement\\\/\",\"name\":\"Axe 6. Normes, d\u00e9viances, savoirs de gouvernement - Mesopolhis\",\"isPartOf\":{\"@id\":\"https:\\\/\\\/mesopolhis.fr\\\/#website\"},\"primaryImageOfPage\":{\"@id\":\"https:\\\/\\\/mesopolhis.fr\\\/recherche\\\/axe-6-normes-deviances-savoirs-de-gouvernement\\\/#primaryimage\"},\"image\":{\"@id\":\"https:\\\/\\\/mesopolhis.fr\\\/recherche\\\/axe-6-normes-deviances-savoirs-de-gouvernement\\\/#primaryimage\"},\"thumbnailUrl\":\"https:\\\/\\\/mesopolhis.fr\\\/wp-content\\\/uploads\\\/2021\\\/12\\\/006-government.png\",\"datePublished\":\"2022-01-12T12:54:24+00:00\",\"dateModified\":\"2025-09-12T12:53:04+00:00\",\"breadcrumb\":{\"@id\":\"https:\\\/\\\/mesopolhis.fr\\\/recherche\\\/axe-6-normes-deviances-savoirs-de-gouvernement\\\/#breadcrumb\"},\"inLanguage\":\"en-GB\",\"potentialAction\":[{\"@type\":\"ReadAction\",\"target\":[\"https:\\\/\\\/mesopolhis.fr\\\/recherche\\\/axe-6-normes-deviances-savoirs-de-gouvernement\\\/\"]}]},{\"@type\":\"ImageObject\",\"inLanguage\":\"en-GB\",\"@id\":\"https:\\\/\\\/mesopolhis.fr\\\/recherche\\\/axe-6-normes-deviances-savoirs-de-gouvernement\\\/#primaryimage\",\"url\":\"https:\\\/\\\/mesopolhis.fr\\\/wp-content\\\/uploads\\\/2021\\\/12\\\/006-government.png\",\"contentUrl\":\"https:\\\/\\\/mesopolhis.fr\\\/wp-content\\\/uploads\\\/2021\\\/12\\\/006-government.png\"},{\"@type\":\"BreadcrumbList\",\"@id\":\"https:\\\/\\\/mesopolhis.fr\\\/recherche\\\/axe-6-normes-deviances-savoirs-de-gouvernement\\\/#breadcrumb\",\"itemListElement\":[{\"@type\":\"ListItem\",\"position\":1,\"name\":\"Accueil\",\"item\":\"https:\\\/\\\/mesopolhis.fr\\\/\"},{\"@type\":\"ListItem\",\"position\":2,\"name\":\"Recherche\",\"item\":\"https:\\\/\\\/mesopolhis.fr\\\/recherche\\\/\"},{\"@type\":\"ListItem\",\"position\":3,\"name\":\"Axe 6. Normes, d\u00e9viances, savoirs de gouvernement\"}]},{\"@type\":\"WebSite\",\"@id\":\"https:\\\/\\\/mesopolhis.fr\\\/#website\",\"url\":\"https:\\\/\\\/mesopolhis.fr\\\/\",\"name\":\"Mesopolhis\",\"description\":\"Centre m\u00e9diterran\u00e9en de sociologie, de science politique et d&#039;histoire\",\"publisher\":{\"@id\":\"https:\\\/\\\/mesopolhis.fr\\\/#organization\"},\"potentialAction\":[{\"@type\":\"SearchAction\",\"target\":{\"@type\":\"EntryPoint\",\"urlTemplate\":\"https:\\\/\\\/mesopolhis.fr\\\/?s={search_term_string}\"},\"query-input\":{\"@type\":\"PropertyValueSpecification\",\"valueRequired\":true,\"valueName\":\"search_term_string\"}}],\"inLanguage\":\"en-GB\"},{\"@type\":\"Organization\",\"@id\":\"https:\\\/\\\/mesopolhis.fr\\\/#organization\",\"name\":\"Mesopolhis\",\"url\":\"https:\\\/\\\/mesopolhis.fr\\\/\",\"logo\":{\"@type\":\"ImageObject\",\"inLanguage\":\"en-GB\",\"@id\":\"https:\\\/\\\/mesopolhis.fr\\\/#\\\/schema\\\/logo\\\/image\\\/\",\"url\":\"https:\\\/\\\/mesopolhis.fr\\\/wp-content\\\/uploads\\\/2021\\\/12\\\/Logo_MESOPOLHIS_Quadri.png\",\"contentUrl\":\"https:\\\/\\\/mesopolhis.fr\\\/wp-content\\\/uploads\\\/2021\\\/12\\\/Logo_MESOPOLHIS_Quadri.png\",\"width\":264,\"height\":69,\"caption\":\"Mesopolhis\"},\"image\":{\"@id\":\"https:\\\/\\\/mesopolhis.fr\\\/#\\\/schema\\\/logo\\\/image\\\/\"}}]}<\/script>\n<!-- \/ Yoast SEO plugin. -->","yoast_head_json":{"title":"Axis 6. Norms, deviance, knowledge of government - Mesopolhis","robots":{"index":"index","follow":"follow","max-snippet":"max-snippet:-1","max-image-preview":"max-image-preview:large","max-video-preview":"max-video-preview:-1"},"canonical":"https:\/\/mesopolhis.fr\/en\/research\/axis-6-standards-of-deviances-knowledge-of-government\/","og_locale":"en_GB","og_type":"article","og_title":"Axe 6. Normes, d\u00e9viances, savoirs de gouvernement - Mesopolhis","og_description":"Accueil &raquo; Recherche &raquo; Axe 6. Normes, d\u00e9viances, savoirs de gouvernement Axe 6 \u00ab Normes, d\u00e9viances, savoirs de gouvernement \u00bb Anim\u00e9 par Audrey Freyermuth Ce p\u00f4le regroupe les chercheuses et chercheurs de l&rsquo;unit\u00e9 qui partagent un m\u00eame int\u00e9r\u00eat pour l&rsquo;analyse sociologique des normes, en \u00e9tudiant les entreprises d&rsquo;\u00e9diction, de n\u00e9gociation, de contestation ou d&rsquo;\u00e9vitement dont&hellip;","og_url":"https:\/\/mesopolhis.fr\/en\/research\/axis-6-standards-of-deviances-knowledge-of-government\/","og_site_name":"Mesopolhis","article_modified_time":"2025-09-12T12:53:04+00:00","og_image":[{"url":"https:\/\/mesopolhis.fr\/wp-content\/uploads\/2021\/12\/006-government.png","type":"","width":"","height":""}],"twitter_card":"summary_large_image","twitter_misc":{"Estimated reading time":"4 minutes"},"schema":{"@context":"https:\/\/schema.org","@graph":[{"@type":"WebPage","@id":"https:\/\/mesopolhis.fr\/recherche\/axe-6-normes-deviances-savoirs-de-gouvernement\/","url":"https:\/\/mesopolhis.fr\/recherche\/axe-6-normes-deviances-savoirs-de-gouvernement\/","name":"Axis 6. Norms, deviance, knowledge of government - Mesopolhis","isPartOf":{"@id":"https:\/\/mesopolhis.fr\/#website"},"primaryImageOfPage":{"@id":"https:\/\/mesopolhis.fr\/recherche\/axe-6-normes-deviances-savoirs-de-gouvernement\/#primaryimage"},"image":{"@id":"https:\/\/mesopolhis.fr\/recherche\/axe-6-normes-deviances-savoirs-de-gouvernement\/#primaryimage"},"thumbnailUrl":"https:\/\/mesopolhis.fr\/wp-content\/uploads\/2021\/12\/006-government.png","datePublished":"2022-01-12T12:54:24+00:00","dateModified":"2025-09-12T12:53:04+00:00","breadcrumb":{"@id":"https:\/\/mesopolhis.fr\/recherche\/axe-6-normes-deviances-savoirs-de-gouvernement\/#breadcrumb"},"inLanguage":"en-GB","potentialAction":[{"@type":"ReadAction","target":["https:\/\/mesopolhis.fr\/recherche\/axe-6-normes-deviances-savoirs-de-gouvernement\/"]}]},{"@type":"ImageObject","inLanguage":"en-GB","@id":"https:\/\/mesopolhis.fr\/recherche\/axe-6-normes-deviances-savoirs-de-gouvernement\/#primaryimage","url":"https:\/\/mesopolhis.fr\/wp-content\/uploads\/2021\/12\/006-government.png","contentUrl":"https:\/\/mesopolhis.fr\/wp-content\/uploads\/2021\/12\/006-government.png"},{"@type":"BreadcrumbList","@id":"https:\/\/mesopolhis.fr\/recherche\/axe-6-normes-deviances-savoirs-de-gouvernement\/#breadcrumb","itemListElement":[{"@type":"ListItem","position":1,"name":"Accueil","item":"https:\/\/mesopolhis.fr\/"},{"@type":"ListItem","position":2,"name":"Recherche","item":"https:\/\/mesopolhis.fr\/recherche\/"},{"@type":"ListItem","position":3,"name":"Axe 6. Normes, d\u00e9viances, savoirs de gouvernement"}]},{"@type":"WebSite","@id":"https:\/\/mesopolhis.fr\/#website","url":"https:\/\/mesopolhis.fr\/","name":"Mesopolhis","description":"Mediterranean Centre for Sociology, Political Science and History","publisher":{"@id":"https:\/\/mesopolhis.fr\/#organization"},"potentialAction":[{"@type":"SearchAction","target":{"@type":"EntryPoint","urlTemplate":"https:\/\/mesopolhis.fr\/?s={search_term_string}"},"query-input":{"@type":"PropertyValueSpecification","valueRequired":true,"valueName":"search_term_string"}}],"inLanguage":"en-GB"},{"@type":"Organization","@id":"https:\/\/mesopolhis.fr\/#organization","name":"Mesopolhis","url":"https:\/\/mesopolhis.fr\/","logo":{"@type":"ImageObject","inLanguage":"en-GB","@id":"https:\/\/mesopolhis.fr\/#\/schema\/logo\/image\/","url":"https:\/\/mesopolhis.fr\/wp-content\/uploads\/2021\/12\/Logo_MESOPOLHIS_Quadri.png","contentUrl":"https:\/\/mesopolhis.fr\/wp-content\/uploads\/2021\/12\/Logo_MESOPOLHIS_Quadri.png","width":264,"height":69,"caption":"Mesopolhis"},"image":{"@id":"https:\/\/mesopolhis.fr\/#\/schema\/logo\/image\/"}}]}},"_links":{"self":[{"href":"https:\/\/mesopolhis.fr\/en\/wp-json\/wp\/v2\/pages\/489","targetHints":{"allow":["GET"]}}],"collection":[{"href":"https:\/\/mesopolhis.fr\/en\/wp-json\/wp\/v2\/pages"}],"about":[{"href":"https:\/\/mesopolhis.fr\/en\/wp-json\/wp\/v2\/types\/page"}],"author":[{"embeddable":true,"href":"https:\/\/mesopolhis.fr\/en\/wp-json\/wp\/v2\/users\/1"}],"replies":[{"embeddable":true,"href":"https:\/\/mesopolhis.fr\/en\/wp-json\/wp\/v2\/comments?post=489"}],"version-history":[{"count":1,"href":"https:\/\/mesopolhis.fr\/en\/wp-json\/wp\/v2\/pages\/489\/revisions"}],"predecessor-version":[{"id":37976,"href":"https:\/\/mesopolhis.fr\/en\/wp-json\/wp\/v2\/pages\/489\/revisions\/37976"}],"up":[{"embeddable":true,"href":"https:\/\/mesopolhis.fr\/en\/wp-json\/wp\/v2\/pages\/137"}],"wp:attachment":[{"href":"https:\/\/mesopolhis.fr\/en\/wp-json\/wp\/v2\/media?parent=489"}],"curies":[{"name":"wp","href":"https:\/\/api.w.org\/{rel}","templated":true}]}}