{"id":471,"date":"2022-01-12T10:33:14","date_gmt":"2022-01-12T09:33:14","guid":{"rendered":"https:\/\/mesopolhis.fr\/?page_id=471"},"modified":"2025-11-26T12:19:45","modified_gmt":"2025-11-26T11:19:45","slug":"axis-2-migration-mobility-circulation","status":"publish","type":"page","link":"https:\/\/mesopolhis.fr\/en\/research\/axis-2-migration-mobility-circulation\/","title":{"rendered":"Area 2. Migration, mobility and circulation"},"content":{"rendered":"<nav id=\"breadcrumbs\" aria-label=\"Breadcrumbs\"><a href=\"https:\/\/mesopolhis.fr\/en\/\">Home<\/a> \" <a href=\"https:\/\/mesopolhis.fr\/en\/research\/\">Search<\/a> &raquo; Axe 2. Migrations, mobilit\u00e9s, circulations<\/nav><h1>\n\t\tArea 2 \"Migration, <br \/>mobility, traffic\n\t<\/h1>\n\t\t\t\t\t\t\t\t\t<img loading=\"lazy\" decoding=\"async\" src=\"https:\/\/mesopolhis.fr\/wp-content\/uploads\/2021\/12\/noun-world-location-3613261.png\" alt=\"noun-world-location-3613261\" itemprop=\"image\" height=\"543\" width=\"543\" srcset=\"https:\/\/mesopolhis.fr\/wp-content\/uploads\/2021\/12\/noun-world-location-3613261.png 543w, https:\/\/mesopolhis.fr\/wp-content\/uploads\/2021\/12\/noun-world-location-3613261-300x300.png 300w, https:\/\/mesopolhis.fr\/wp-content\/uploads\/2021\/12\/noun-world-location-3613261-150x150.png 150w, https:\/\/mesopolhis.fr\/wp-content\/uploads\/2021\/12\/noun-world-location-3613261-12x12.png 12w\" sizes=\"auto, (max-width: 543px) 100vw, 543px\" title=\"noun-world-location-3613261\" onerror=\"this.style.display='none'\"  \/>\n<h3>\n\t\tHosted by Marc Bernardot, Th\u00e9otime Chabre and Sylvie Mazzella\n\t<\/h3>\n\t<p>Un des d\u00e9fis de cet axe tient au n\u00e9cessaire et toujours renouvel\u00e9 travail de d\u00e9finition et de d\u00e9limitation, tant sociologique, d\u00e9mographique, g\u00e9ographique que politique et historique des concepts de migration et de mobilit\u00e9. Profitant du caract\u00e8re pluridisciplinaire de la nouvelle unit\u00e9, l&rsquo;axe engage une d\u00e9marche r\u00e9flexive sur le renouvellement des cadres de pens\u00e9e dans ce domaine de recherche par un d\u00e9cloisonnement disciplinaire et m\u00e9thodologique et par le d\u00e9cloisonnement de champs th\u00e9oriques entre migration\/immigration d&rsquo;une part et migration\/mobilit\u00e9 d&rsquo;autre part.<\/p>\n<p>Les recherches font ainsi dialoguer la question migratoire et diff\u00e9rentes formes de mobilit\u00e9s spatiales et de circulation. Les travaux sont orient\u00e9s principalement sur l&rsquo;aire europ\u00e9enne et m\u00e9diterran\u00e9enne, en int\u00e9grant les lieux de d\u00e9part, de passage et d&rsquo;accueil, ainsi que des zones, routes et points de passage et\/ou de blocage des migrations. Les focales peuvent s&rsquo;appliquer aux pays de d\u00e9part, d&rsquo;accueil et de transit ou d&rsquo;expulsion, tout en tenant compte des \u00e9volutions rapides des routes migratoires, tout comme des p\u00e9riodisations (temporalit\u00e9s longues ou courtes, selon les processus et contextes : d\u00e9parts, exil, attente durable, installation, retour, mais aussi exp\u00e9riences coloniale et n\u00e9ocoloniale, d\u00e9placements forc\u00e9s, crises environnementales et climatiques). Les programmes d\u00e9clineront les investigations sur ces probl\u00e9matiques de d\u00e9placement jusqu&rsquo;aux aspects touchant aux structures familiales, aux rapports de genre, aux mod\u00e8les \u00e9ducatifs, aux m\u00e9moires individuelles et collectives, aux formes de travail, aux modes d&rsquo;habitat et aux rapports \u00e0 l&rsquo;espace, y compris dans leurs aspects s\u00e9curitaires ou de mobilisation.<\/p>\n<h2>\n\t\tAxis members\n\t<\/h2>\n\t<ul>\n\t\t\t<li>\n\t\t\t\t<b>Full members<\/b> Marc BERNARDOT, Magali BALLATORE, Isabelle BL\u00d6SS-WIDMER, Sylvie MAZZELLA, Yoann MORVAN, Constance DE GOURCY\n\t\t\t<\/li>\n\t\t\t<li>\n\t\t\t\t<b>Doctoral students<\/b>\u00a0Anna BONNIN, R\u00e9mi CARCELES, Zohar CHERBIT, Thibaut COMES, Wafa DAHMAN, Quentin LOLLIA HILAIRE, Nouran GAD, Andrea GALLINAL ARIAS, Appoline HAQUET, Lena HAZIZA\n\t\t\t<\/li>\n\t\t\t<li>\n\t\t\t\t<b>Post-doctoral and ATER students<\/b>\u00a0Th\u00e9otime CHABRE, Ad\u00e9lie CHEV\u00c9E, Oriane CROUTEIX, Sofia LAIZ-MOREIRA\n\t\t\t<\/li>\n\t\t\t<li>\n\t\t\t\t<b>Associates<\/b>\u00a0Elena AMBROSETTI, Fabrice DENISE, L\u00e9o FOURN, Jean-Fran\u00e7ois KLEIN, C\u00e9lia LAMBLIN, Mathieu LEBORGNE, L\u00e9a LEMAIRE, Nicola MAI, M\u00e9lissa MORALLI, Laura ODASSO, \u00c9lisa ULLAURI LLORE, Natalia RIBAS-MATEOS, Anne-Fran\u00e7oise VOLPONI\n\t\t\t<\/li>\n\t\t\t<li>\n\t\t\t\t<b>Emeritus<\/b>\u00a0Yolande BENARROSH\n\t\t\t<\/li>\n\t\t<\/ul>\n\t\t\t\t\t\t\t\t\t<img loading=\"lazy\" decoding=\"async\" src=\"https:\/\/mesopolhis.fr\/wp-content\/uploads\/bb-plugin\/cache\/MMSH-28-square.jpg\" alt=\"Mediterranean House of Human Sciences\" itemprop=\"image\" height=\"1333\" width=\"2000\" title=\"MMSH-28\" onerror=\"this.style.display='none'\"  \/>\n\t\t\t\t\t\t\t\t\t\t\tMediterranean House of Human Sciences\n<h3>\n\t\tAinsi, trois types d&rsquo;acteurs et d&rsquo;objets en mouvement int\u00e9ressent particuli\u00e8rement les chercheurs de l&rsquo;axe 2 :\n\t<\/h3>\n\t<ul>\n\t\t\t<li>\n\t\t\t\tThe diversity of forms of international mobility\n\t\t\t<\/li>\n\t\t\t<li>\n\t\t\t\tLes politiques migratoires et d&rsquo;accueil : acteurs, institutions, espaces\n\t\t\t<\/li>\n\t\t\t<li>\n\t\t\t\tThe production and circulation of knowledge and discourse on migration.\n\t\t\t<\/li>\n\t\t<\/ul>\n\t<p><i>Mots-cl\u00e9s : Mobilit\u00e9s internationales, migrations contraintes\/volontaires, politiques migratoires et d&rsquo;accueil, subjectivit\u00e9s migrantes, familles et migrations, circulation des pratiques et des savoirs, espace euro-m\u00e9diterran\u00e9en, transnationalisme, enqu\u00eates multi-situ\u00e9es.<\/i><\/p>\n<h1>\n\t\tAxis news\n\t<\/h1>\n\t<meta itemscope itemprop=\"mainEntityOfPage\" itemtype=\"https:\/\/schema.org\/WebPage\" itemid=\"http:\/\/38741\" content=\"Article de Stella Volpe : \u00ab De l'invisibilit\u00e9 \u00e0 la repr\u00e9sentation. Difficult\u00e9s, enjeux et perspectives d'une exp\u00e9rience in\u00e9dite impliquant les\u00a0non-citoyens, con\u00e7ue et r\u00e9alis\u00e9e par le \u00ab\u00a0laboratoire romain\u00a0\u00bb \u00bb (revue K@iros)\" \/><meta itemprop=\"datePublished\" content=\"2025-11-25\" \/><meta itemprop=\"dateModified\" content=\"2025-11-25\" \/><meta itemprop=\"name\" content=\"Mesopolhis\"\/><meta itemprop=\"url\" content=\"https:\/\/mesopolhis.fr\/blog\/author\/prouillard\/\" \/><meta itemprop=\"name\" content=\"prouillard\" \/><meta itemprop=\"url\" content=\"https:\/\/mesopolhis.fr\/wp-content\/uploads\/2025\/11\/logo-kairos.png\" \/><meta itemprop=\"width\" content=\"1200\" \/><meta itemprop=\"height\" content=\"231\" \/><meta itemprop=\"interactionType\" content=\"https:\/\/schema.org\/CommentAction\" \/><meta itemprop=\"userInteractionCount\" content=\"0\" \/>\n\t\t\t\t\t<a href=\"https:\/\/mesopolhis.fr\/en\/blog\/2025\/11\/25\/article-by-stella-volpe-invisibilite-representation-non-citoyens-laboratoire-romain-revue-kairos\/\" title=\"Article by Stella Volpe: \u00abFrom invisibility to representation. Difficulties, challenges and prospects of a novel experiment involving non-citizens, designed and carried out by the \u00abRoman laboratory\u00bb\u00bb (K@iros magazine).\"><\/a>\n\t\t\t\t<img loading=\"lazy\" decoding=\"async\" src=\"https:\/\/mesopolhis.fr\/wp-content\/uploads\/bb-plugin\/cache\/logo-kairos-landscape-78594e58ba5afe14b31353804a74fd1c-.png\" alt=\"kairos logo\" itemprop=\"image\" data-no-lazy=\"1\" height=\"231\" width=\"1200\" title=\"kairos logo\" onerror=\"this.style.display='none'\"  \/>\n\t\t\t\t\t\t\t\t\t<h4 itemprop=\"headline\">\n\t\t\t\t\t\t\t\t\t\t\t\t\t\tArticle by Stella Volpe: \u00abFrom invisibility to representation. Difficulties, challenges and prospects of a novel experiment involving non-citizens, designed and carried out by the \u00abRoman laboratory\u00bb\u00bb (K@iros magazine).\t\t\t\t\t\t\t\t\t\t\t<\/h4>\n\t<meta itemscope itemprop=\"mainEntityOfPage\" itemtype=\"https:\/\/schema.org\/WebPage\" itemid=\"http:\/\/38692\" content=\"Article de L\u00e9na Haziza : \u00ab Rester, partir, circuler ? La fabrique de l'absence et du \u00ab rester \u00bb : entre d\u00e9sirs individuels, solidarit\u00e9 familiale et transnationalisme \u00bb (revue Communications)\" \/><meta itemprop=\"datePublished\" content=\"2025-11-21\" \/><meta itemprop=\"dateModified\" content=\"2025-11-21\" \/><meta itemprop=\"name\" content=\"Mesopolhis\"\/><meta itemprop=\"url\" content=\"https:\/\/mesopolhis.fr\/blog\/author\/prouillard\/\" \/><meta itemprop=\"name\" content=\"prouillard\" \/><meta itemprop=\"url\" content=\"https:\/\/mesopolhis.fr\/wp-content\/uploads\/2025\/11\/COM_N117_Couv_Annonce_Redim.jpg\" \/><meta itemprop=\"width\" content=\"375\" \/><meta itemprop=\"height\" content=\"585\" \/><meta itemprop=\"interactionType\" content=\"https:\/\/schema.org\/CommentAction\" \/><meta itemprop=\"userInteractionCount\" content=\"0\" \/>\n\t\t\t\t\t<a href=\"https:\/\/mesopolhis.fr\/en\/blog\/2025\/11\/21\/article-by-lena-haziza-rester-partir-circuler-revue-communications\/\" title=\"Article by L\u00e9na Haziza: \u00abRester, partir, circuler? La fabrique de l&#039;absence et du \u00abrester\u00bb: entre d\u00e9sirs individuels, solidarit\u00e9 familiale et transnationalisme\u00bb (Communications magazine)\"><\/a>\n\t\t\t\t<img loading=\"lazy\" decoding=\"async\" src=\"https:\/\/mesopolhis.fr\/wp-content\/uploads\/bb-plugin\/cache\/COM_N117_Couv_Annonce_Redim-landscape-2588f49b46b6315946f1876775b5b2e2-.jpg\" alt=\"COM_N117_Couv_Annonce_Redim\" itemprop=\"image\" data-no-lazy=\"1\" height=\"585\" width=\"375\" title=\"COM_N117_Couv_Annonce_Redim\" onerror=\"this.style.display='none'\"  \/>\n\t\t\t\t\t\t\t\t\t<h4 itemprop=\"headline\">\n\t\t\t\t\t\t\t\t\t\t\t\t\t\tArticle by L\u00e9na Haziza: \u00abRester, partir, circuler? La fabrique de l'absence et du \u00abrester\u00bb: entre d\u00e9sirs individuels, solidarit\u00e9 familiale et transnationalisme\u00bb (Communications magazine)\t\t\t\t\t\t\t\t\t\t\t<\/h4>\n\t<meta itemscope itemprop=\"mainEntityOfPage\" itemtype=\"https:\/\/schema.org\/WebPage\" itemid=\"http:\/\/38278\" content=\"Accueil scientifique - Bienvenue \u00e0 Miriam Gutekunst !\" \/><meta itemprop=\"datePublished\" content=\"2025-10-15\" \/><meta itemprop=\"dateModified\" content=\"2025-10-15\" \/><meta itemprop=\"name\" content=\"Mesopolhis\"\/><meta itemprop=\"url\" content=\"https:\/\/mesopolhis.fr\/blog\/author\/prouillard\/\" \/><meta itemprop=\"name\" content=\"prouillard\" \/><meta itemprop=\"url\" content=\"https:\/\/mesopolhis.fr\/wp-content\/uploads\/2025\/10\/Gutekunst_pgrubo-scaled.jpg\" \/><meta itemprop=\"width\" content=\"1920\" \/><meta itemprop=\"height\" content=\"2560\" \/><meta itemprop=\"interactionType\" content=\"https:\/\/schema.org\/CommentAction\" \/><meta itemprop=\"userInteractionCount\" content=\"0\" \/>\n\t\t\t\t\t<a href=\"https:\/\/mesopolhis.fr\/en\/blog\/2025\/10\/15\/scientific-reception-welcome-to-miriam-gutekunst\/\" title=\"Accueil scientifique - Bienvenue \u00e0 Miriam Gutekunst !\"><\/a>\n\t\t\t\t<img loading=\"lazy\" decoding=\"async\" src=\"https:\/\/mesopolhis.fr\/wp-content\/uploads\/bb-plugin\/cache\/Gutekunst_pgrubo-scaled-landscape-8daa619e2de6df1f6b61c0731e1828db-.jpg\" alt=\"Gutekunst_pgrubo\" itemprop=\"image\" data-no-lazy=\"1\" height=\"2560\" width=\"1920\" title=\"Gutekunst_pgrubo\" onerror=\"this.style.display='none'\"  \/>\n\t\t\t\t\t\t\t\t\t<h4 itemprop=\"headline\">\n\t\t\t\t\t\t\t\t\t\t\t\t\t\tAccueil scientifique &#8211; Bienvenue \u00e0 Miriam Gutekunst !\t\t\t\t\t\t\t\t\t\t\t<\/h4>\n\t\t<!-- .pp-content-posts -->","protected":false},"excerpt":{"rendered":"<p>Accueil &raquo; Recherche &raquo; Axe 2. Migrations, mobilit\u00e9s, circulations Axe 2 \u00ab Migrations, mobilit\u00e9s, circulations \u00bb Anim\u00e9 par Marc Bernardot, Th\u00e9otime Chabre et Sylvie Mazzella Un des d\u00e9fis de cet axe tient au n\u00e9cessaire et toujours renouvel\u00e9 travail de d\u00e9finition et de d\u00e9limitation, tant sociologique, d\u00e9mographique, g\u00e9ographique que politique et historique des concepts de migration&hellip;<\/p>","protected":false},"author":1,"featured_media":0,"parent":137,"menu_order":0,"comment_status":"closed","ping_status":"closed","template":"","meta":{"_acf_changed":false,"inline_featured_image":false,"footnotes":""},"class_list":["post-471","page","type-page","status-publish","hentry"],"acf":[],"yoast_head":"<!-- This site is optimized with the Yoast SEO plugin v27.3 - https:\/\/yoast.com\/product\/yoast-seo-wordpress\/ -->\n<title>Axe 2. Migrations, mobilit\u00e9s, circulations - Mesopolhis<\/title>\n<meta name=\"robots\" content=\"index, follow, max-snippet:-1, max-image-preview:large, max-video-preview:-1\" \/>\n<link rel=\"canonical\" href=\"https:\/\/mesopolhis.fr\/en\/research\/axis-2-migration-mobility-circulation\/\" \/>\n<meta property=\"og:locale\" content=\"en_GB\" \/>\n<meta property=\"og:type\" content=\"article\" \/>\n<meta property=\"og:title\" content=\"Axe 2. Migrations, mobilit\u00e9s, circulations - Mesopolhis\" \/>\n<meta property=\"og:description\" content=\"Accueil &raquo; Recherche &raquo; Axe 2. Migrations, mobilit\u00e9s, circulations Axe 2 \u00ab Migrations, mobilit\u00e9s, circulations \u00bb Anim\u00e9 par Marc Bernardot, Th\u00e9otime Chabre et Sylvie Mazzella Un des d\u00e9fis de cet axe tient au n\u00e9cessaire et toujours renouvel\u00e9 travail de d\u00e9finition et de d\u00e9limitation, tant sociologique, d\u00e9mographique, g\u00e9ographique que politique et historique des concepts de migration&hellip;\" \/>\n<meta property=\"og:url\" content=\"https:\/\/mesopolhis.fr\/en\/research\/axis-2-migration-mobility-circulation\/\" \/>\n<meta property=\"og:site_name\" content=\"Mesopolhis\" \/>\n<meta property=\"article:modified_time\" content=\"2025-11-26T11:19:45+00:00\" \/>\n<meta property=\"og:image\" content=\"https:\/\/mesopolhis.fr\/wp-content\/uploads\/2021\/12\/noun-world-location-3613261.png\" \/>\n<meta name=\"twitter:card\" content=\"summary_large_image\" \/>\n<meta name=\"twitter:label1\" content=\"Estimated reading time\" \/>\n\t<meta name=\"twitter:data1\" content=\"4 minutes\" \/>\n<script type=\"application\/ld+json\" class=\"yoast-schema-graph\">{\"@context\":\"https:\\\/\\\/schema.org\",\"@graph\":[{\"@type\":\"WebPage\",\"@id\":\"https:\\\/\\\/mesopolhis.fr\\\/recherche\\\/axe-2-migrations-mobilites-circulations\\\/\",\"url\":\"https:\\\/\\\/mesopolhis.fr\\\/recherche\\\/axe-2-migrations-mobilites-circulations\\\/\",\"name\":\"Axe 2. Migrations, mobilit\u00e9s, circulations - Mesopolhis\",\"isPartOf\":{\"@id\":\"https:\\\/\\\/mesopolhis.fr\\\/#website\"},\"primaryImageOfPage\":{\"@id\":\"https:\\\/\\\/mesopolhis.fr\\\/recherche\\\/axe-2-migrations-mobilites-circulations\\\/#primaryimage\"},\"image\":{\"@id\":\"https:\\\/\\\/mesopolhis.fr\\\/recherche\\\/axe-2-migrations-mobilites-circulations\\\/#primaryimage\"},\"thumbnailUrl\":\"https:\\\/\\\/mesopolhis.fr\\\/wp-content\\\/uploads\\\/2021\\\/12\\\/noun-world-location-3613261.png\",\"datePublished\":\"2022-01-12T09:33:14+00:00\",\"dateModified\":\"2025-11-26T11:19:45+00:00\",\"breadcrumb\":{\"@id\":\"https:\\\/\\\/mesopolhis.fr\\\/recherche\\\/axe-2-migrations-mobilites-circulations\\\/#breadcrumb\"},\"inLanguage\":\"en-GB\",\"potentialAction\":[{\"@type\":\"ReadAction\",\"target\":[\"https:\\\/\\\/mesopolhis.fr\\\/recherche\\\/axe-2-migrations-mobilites-circulations\\\/\"]}]},{\"@type\":\"ImageObject\",\"inLanguage\":\"en-GB\",\"@id\":\"https:\\\/\\\/mesopolhis.fr\\\/recherche\\\/axe-2-migrations-mobilites-circulations\\\/#primaryimage\",\"url\":\"https:\\\/\\\/mesopolhis.fr\\\/wp-content\\\/uploads\\\/2021\\\/12\\\/noun-world-location-3613261.png\",\"contentUrl\":\"https:\\\/\\\/mesopolhis.fr\\\/wp-content\\\/uploads\\\/2021\\\/12\\\/noun-world-location-3613261.png\"},{\"@type\":\"BreadcrumbList\",\"@id\":\"https:\\\/\\\/mesopolhis.fr\\\/recherche\\\/axe-2-migrations-mobilites-circulations\\\/#breadcrumb\",\"itemListElement\":[{\"@type\":\"ListItem\",\"position\":1,\"name\":\"Accueil\",\"item\":\"https:\\\/\\\/mesopolhis.fr\\\/\"},{\"@type\":\"ListItem\",\"position\":2,\"name\":\"Recherche\",\"item\":\"https:\\\/\\\/mesopolhis.fr\\\/recherche\\\/\"},{\"@type\":\"ListItem\",\"position\":3,\"name\":\"Axe 2. Migrations, mobilit\u00e9s, circulations\"}]},{\"@type\":\"WebSite\",\"@id\":\"https:\\\/\\\/mesopolhis.fr\\\/#website\",\"url\":\"https:\\\/\\\/mesopolhis.fr\\\/\",\"name\":\"Mesopolhis\",\"description\":\"Centre m\u00e9diterran\u00e9en de sociologie, de science politique et d&#039;histoire\",\"publisher\":{\"@id\":\"https:\\\/\\\/mesopolhis.fr\\\/#organization\"},\"potentialAction\":[{\"@type\":\"SearchAction\",\"target\":{\"@type\":\"EntryPoint\",\"urlTemplate\":\"https:\\\/\\\/mesopolhis.fr\\\/?s={search_term_string}\"},\"query-input\":{\"@type\":\"PropertyValueSpecification\",\"valueRequired\":true,\"valueName\":\"search_term_string\"}}],\"inLanguage\":\"en-GB\"},{\"@type\":\"Organization\",\"@id\":\"https:\\\/\\\/mesopolhis.fr\\\/#organization\",\"name\":\"Mesopolhis\",\"url\":\"https:\\\/\\\/mesopolhis.fr\\\/\",\"logo\":{\"@type\":\"ImageObject\",\"inLanguage\":\"en-GB\",\"@id\":\"https:\\\/\\\/mesopolhis.fr\\\/#\\\/schema\\\/logo\\\/image\\\/\",\"url\":\"https:\\\/\\\/mesopolhis.fr\\\/wp-content\\\/uploads\\\/2021\\\/12\\\/Logo_MESOPOLHIS_Quadri.png\",\"contentUrl\":\"https:\\\/\\\/mesopolhis.fr\\\/wp-content\\\/uploads\\\/2021\\\/12\\\/Logo_MESOPOLHIS_Quadri.png\",\"width\":264,\"height\":69,\"caption\":\"Mesopolhis\"},\"image\":{\"@id\":\"https:\\\/\\\/mesopolhis.fr\\\/#\\\/schema\\\/logo\\\/image\\\/\"}}]}<\/script>\n<!-- \/ Yoast SEO plugin. -->","yoast_head_json":{"title":"Area 2. Migrations, mobilities, circulations - Mesopolhis","robots":{"index":"index","follow":"follow","max-snippet":"max-snippet:-1","max-image-preview":"max-image-preview:large","max-video-preview":"max-video-preview:-1"},"canonical":"https:\/\/mesopolhis.fr\/en\/research\/axis-2-migration-mobility-circulation\/","og_locale":"en_GB","og_type":"article","og_title":"Axe 2. Migrations, mobilit\u00e9s, circulations - Mesopolhis","og_description":"Accueil &raquo; Recherche &raquo; Axe 2. Migrations, mobilit\u00e9s, circulations Axe 2 \u00ab Migrations, mobilit\u00e9s, circulations \u00bb Anim\u00e9 par Marc Bernardot, Th\u00e9otime Chabre et Sylvie Mazzella Un des d\u00e9fis de cet axe tient au n\u00e9cessaire et toujours renouvel\u00e9 travail de d\u00e9finition et de d\u00e9limitation, tant sociologique, d\u00e9mographique, g\u00e9ographique que politique et historique des concepts de migration&hellip;","og_url":"https:\/\/mesopolhis.fr\/en\/research\/axis-2-migration-mobility-circulation\/","og_site_name":"Mesopolhis","article_modified_time":"2025-11-26T11:19:45+00:00","og_image":[{"url":"https:\/\/mesopolhis.fr\/wp-content\/uploads\/2021\/12\/noun-world-location-3613261.png","type":"","width":"","height":""}],"twitter_card":"summary_large_image","twitter_misc":{"Estimated reading time":"4 minutes"},"schema":{"@context":"https:\/\/schema.org","@graph":[{"@type":"WebPage","@id":"https:\/\/mesopolhis.fr\/recherche\/axe-2-migrations-mobilites-circulations\/","url":"https:\/\/mesopolhis.fr\/recherche\/axe-2-migrations-mobilites-circulations\/","name":"Area 2. Migrations, mobilities, circulations - Mesopolhis","isPartOf":{"@id":"https:\/\/mesopolhis.fr\/#website"},"primaryImageOfPage":{"@id":"https:\/\/mesopolhis.fr\/recherche\/axe-2-migrations-mobilites-circulations\/#primaryimage"},"image":{"@id":"https:\/\/mesopolhis.fr\/recherche\/axe-2-migrations-mobilites-circulations\/#primaryimage"},"thumbnailUrl":"https:\/\/mesopolhis.fr\/wp-content\/uploads\/2021\/12\/noun-world-location-3613261.png","datePublished":"2022-01-12T09:33:14+00:00","dateModified":"2025-11-26T11:19:45+00:00","breadcrumb":{"@id":"https:\/\/mesopolhis.fr\/recherche\/axe-2-migrations-mobilites-circulations\/#breadcrumb"},"inLanguage":"en-GB","potentialAction":[{"@type":"ReadAction","target":["https:\/\/mesopolhis.fr\/recherche\/axe-2-migrations-mobilites-circulations\/"]}]},{"@type":"ImageObject","inLanguage":"en-GB","@id":"https:\/\/mesopolhis.fr\/recherche\/axe-2-migrations-mobilites-circulations\/#primaryimage","url":"https:\/\/mesopolhis.fr\/wp-content\/uploads\/2021\/12\/noun-world-location-3613261.png","contentUrl":"https:\/\/mesopolhis.fr\/wp-content\/uploads\/2021\/12\/noun-world-location-3613261.png"},{"@type":"BreadcrumbList","@id":"https:\/\/mesopolhis.fr\/recherche\/axe-2-migrations-mobilites-circulations\/#breadcrumb","itemListElement":[{"@type":"ListItem","position":1,"name":"Accueil","item":"https:\/\/mesopolhis.fr\/"},{"@type":"ListItem","position":2,"name":"Recherche","item":"https:\/\/mesopolhis.fr\/recherche\/"},{"@type":"ListItem","position":3,"name":"Axe 2. Migrations, mobilit\u00e9s, circulations"}]},{"@type":"WebSite","@id":"https:\/\/mesopolhis.fr\/#website","url":"https:\/\/mesopolhis.fr\/","name":"Mesopolhis","description":"Mediterranean Centre for Sociology, Political Science and History","publisher":{"@id":"https:\/\/mesopolhis.fr\/#organization"},"potentialAction":[{"@type":"SearchAction","target":{"@type":"EntryPoint","urlTemplate":"https:\/\/mesopolhis.fr\/?s={search_term_string}"},"query-input":{"@type":"PropertyValueSpecification","valueRequired":true,"valueName":"search_term_string"}}],"inLanguage":"en-GB"},{"@type":"Organization","@id":"https:\/\/mesopolhis.fr\/#organization","name":"Mesopolhis","url":"https:\/\/mesopolhis.fr\/","logo":{"@type":"ImageObject","inLanguage":"en-GB","@id":"https:\/\/mesopolhis.fr\/#\/schema\/logo\/image\/","url":"https:\/\/mesopolhis.fr\/wp-content\/uploads\/2021\/12\/Logo_MESOPOLHIS_Quadri.png","contentUrl":"https:\/\/mesopolhis.fr\/wp-content\/uploads\/2021\/12\/Logo_MESOPOLHIS_Quadri.png","width":264,"height":69,"caption":"Mesopolhis"},"image":{"@id":"https:\/\/mesopolhis.fr\/#\/schema\/logo\/image\/"}}]}},"_links":{"self":[{"href":"https:\/\/mesopolhis.fr\/en\/wp-json\/wp\/v2\/pages\/471","targetHints":{"allow":["GET"]}}],"collection":[{"href":"https:\/\/mesopolhis.fr\/en\/wp-json\/wp\/v2\/pages"}],"about":[{"href":"https:\/\/mesopolhis.fr\/en\/wp-json\/wp\/v2\/types\/page"}],"author":[{"embeddable":true,"href":"https:\/\/mesopolhis.fr\/en\/wp-json\/wp\/v2\/users\/1"}],"replies":[{"embeddable":true,"href":"https:\/\/mesopolhis.fr\/en\/wp-json\/wp\/v2\/comments?post=471"}],"version-history":[{"count":3,"href":"https:\/\/mesopolhis.fr\/en\/wp-json\/wp\/v2\/pages\/471\/revisions"}],"predecessor-version":[{"id":38763,"href":"https:\/\/mesopolhis.fr\/en\/wp-json\/wp\/v2\/pages\/471\/revisions\/38763"}],"up":[{"embeddable":true,"href":"https:\/\/mesopolhis.fr\/en\/wp-json\/wp\/v2\/pages\/137"}],"wp:attachment":[{"href":"https:\/\/mesopolhis.fr\/en\/wp-json\/wp\/v2\/media?parent=471"}],"curies":[{"name":"wp","href":"https:\/\/api.w.org\/{rel}","templated":true}]}}