{"id":454,"date":"2022-01-12T09:58:38","date_gmt":"2022-01-12T08:58:38","guid":{"rendered":"https:\/\/mesopolhis.fr\/?page_id=454"},"modified":"2025-08-26T16:09:19","modified_gmt":"2025-08-26T14:09:19","slug":"our-sites","status":"publish","type":"page","link":"https:\/\/mesopolhis.fr\/en\/the-laboratory\/our-sites\/","title":{"rendered":"Our sites"},"content":{"rendered":"<nav id=\"breadcrumbs\" aria-label=\"Breadcrumbs\"><a href=\"https:\/\/mesopolhis.fr\/en\/\">Home<\/a> \" <a href=\"https:\/\/mesopolhis.fr\/en\/the-laboratory\/\">The laboratory<\/a> \u00bbOur websites<\/nav><h1>\n\t\tOur sites\n\t<\/h1>\n\t\t\t\t\t\t<figure>\n\t\t\t\t\t\t\t<img loading=\"lazy\" decoding=\"async\" src=\"https:\/\/mesopolhis.fr\/wp-content\/uploads\/2022\/01\/MMSH.jpg\" alt=\"\" width=\"2000\" height=\"1333\" \/>\n\t\t\t\t\t\t\t\t\t\t\t\t\t\t\t<!-- Overlay Wrapper -->\n\t\t\t\t\t\t\t\t\t\t\t\tMediterranean House of Human Sciences\t\t\t\t\t\t\t\t\t\t\t\n\t\t\t\t\t\t\t\t <!-- Overlay Wrapper Closed -->\n\t\t\t\t\t\t\t\t\t\t\t\t\t<\/figure>\n\t\t\t\t\t\t<figure>\n\t\t\t\t\t\t\t<img loading=\"lazy\" decoding=\"async\" src=\"https:\/\/mesopolhis.fr\/wp-content\/uploads\/2022\/01\/Mesopolhis-02.jpg\" alt=\"\" width=\"2000\" height=\"1333\" \/>\n\t\t\t\t\t\t\t\t\t\t\t\t\t\t\t<!-- Overlay Wrapper -->\n\t\t\t\t\t\t\t\t\t\t\t\tEspace Philippe Seguin\t\t\t\t\t\t\t\t\t\t\t\n\t\t\t\t\t\t\t\t <!-- Overlay Wrapper Closed -->\n\t\t\t\t\t\t\t\t\t\t\t\t\t<\/figure>\n\t\t\t\t\t<!-- navigation arrows -->\n\t\t<button aria-label=\"Previous slide\" role=\"button\">\n\t\t\t\t\t<\/button>\n\t\t<button aria-label=\"Next slide\" role=\"button\">\n\t\t\t\t\t<\/button>\n\t\t\t\t<h1>\n\t\tThe MESOPOLHIS unit carries out its scientific activities at two teaching and research sites:\n\t<\/h1>\n\t<h3><strong>The Maison m\u00e9diterran\u00e9enne des sciences humaines et sociales (Mmsh)<\/strong><\/h3>\n<p>5, rue du Ch\u00e2teau de l'Horloge. CS 90412 - 13097 Aix-en-Provence Cedex 2<\/p>\n<h3><strong>The Espace Philippe Seguin (EPS) at Sciences Po Aix<\/strong><\/h3>\n<p>31, avenue Jean Dalmas, 13100 Aix-en-Provence<\/p>\n<h1>\n\t\tAccess\n\t<\/h1>\n\t<h3>Aix-en-Provence<\/h3>\n\t\t\t<a href=\"https:\/\/www.sncf-connect.com\" target=\"_blank\" rel=\"noopener\">\n\t\t\t\t\t\t\tTrain\n\t\t\t\t\t<\/a>\n\t\t\t<a href=\"https:\/\/www.aixenbus.fr\" target=\"_blank\" rel=\"noopener\">\n\t\t\t\t\t\t\tBus routes\n\t\t\t\t\t<\/a>\n\t\n\t<h3>Mmsh website<\/h3>\n<h4><strong>Please note:<\/strong><\/h4>\n<p>There is no direct bus service from the TGV station or the airport. You first have to get to the bus station in the city centre, then take a bus or walk to the Mmsh or EPS.<\/p>\n<p>To get to the bus station in the centre of Aix :<\/p>\n\t<ul>\n\t\t\t<li>\n\t\t\t\tfrom the airport, take the A\u00e9roport-TGV-Aix centre shuttle bus (30 minutes);\n\t\t\t<\/li>\n\t\t\t<li>\n\t\t\t\tfrom Aix-TVG station, take the TGV-Aix centre shuttle bus (15-20 minutes) in the basement.The shuttle drops passengers off at Gare Routi\u00e8re d'Aix-en-Provence in the city centre (not far from La Rotonde, which overlooks Cours Mirabeau).\n\t\t\t<\/li>\n\t\t\t<li>\n\t\t\t\tTo get to the Mmsh from Aix city centre: The most direct way is by BUS no. 8, direction Margueride. Get off at the Picasso bus stop, a 3-minute walk from the Mmsh (follow the sign).\n\t\t\t<\/li>\n\t\t\t<li>\n\t\t\t\tTo get to Mmsh from Marseille Arenc: take line 49\n\t\t\t<\/li>\n\t\t<\/ul>\n\t\t\t<a href=\"https:\/\/www.google.fr\/maps\/place\/5+Rue+Ch%25C3%25A2teau+de+l&#039;Horloge,+13090+Aix-en-Provence\/@43.5257506,5.4256397,14z\/data=!4m5!3m4!1s0x12c98d14ba1f2a4f:0x52b5dfc4df604969!8m2!3d43.5292096!4d5.419178\" target=\"_blank\" rel=\"noopener\">\n\t\t\t\t\t\t\tGoogle Maps route\n\t\t\t\t\t<\/a>\n\t\n\t<h3>Espace Philippe S\u00e9guin website<\/h3>\n<h4><strong>How to find us :<\/strong><\/h4>\n\t<ul>\n\t\t\t<li>\n\t\t\t\tby car: A51 motorway, Aix-Ouest\/Jas de Bouffan exit, then head towards the town centre until you reach the 2nd set of traffic lights.Turn left for Espace Philippe S\u00e9guin.\n\t\t\t<\/li>\n\t\t\t<li>\n\t\t\t\tby train: arrive at Aix-en-Provence TGV station, then take the shuttle bus to Aix centre.Get off at the bus station.\n\t\t\t<\/li>\n\t\t\t<li>\n\t\t\t\tby plane: Marseille-Provence airport, then take the Aix-en-Provence shuttle bus, arriving at the bus station.\n\t\t\t<\/li>\n\t\t\t<li>\n\t\t\t\tby bus: n\u00b08 (Aix en Bus) Minimes stop, or n\u00b049 from Marseille\n\t\t\t<\/li>\n\t\t<\/ul>\n\t<p><a href=\"https:\/\/www.navetteaixmarseille.com\" target=\"_blank\" rel=\"noopener\">Aix-Marseille shuttle information<\/a><\/p>\n\t\t\t<a href=\"https:\/\/www.google.com\/maps\/place\/Espace+Philippe+Seguin\/@43.5293544,5.4365086,14z\/data=!4m5!3m4!1s0x0:0xdd11f59fa0616fd5!8m2!3d43.5291866!4d5.4357129\" target=\"_blank\" rel=\"noopener\">\n\t\t\t\t\t\t\tGoogle Maps route\n\t\t\t\t\t<\/a>","protected":false},"excerpt":{"rendered":"<p>Home \u00bb The laboratory \u00bb Our sites Our sites Maison M\u00e9diterran\u00e9enne des Sciences de l'Homme Espace Philippe Seguin The MESOPOLHIS unit deploys its scientific activity at two teaching and research sites: La Maison m\u00e9diterran\u00e9enne des sciences humaines et sociales (Mmsh) 5, rue du Ch\u00e2teau de l'Horloge. CS 90412 - 13097 Aix-en-Provence Cedex 2 L'Espace...<\/p>","protected":false},"author":1,"featured_media":0,"parent":130,"menu_order":0,"comment_status":"closed","ping_status":"closed","template":"","meta":{"_acf_changed":false,"inline_featured_image":false,"footnotes":""},"class_list":["post-454","page","type-page","status-publish","hentry"],"acf":[],"yoast_head":"<!-- This site is optimized with the Yoast SEO plugin v27.3 - https:\/\/yoast.com\/product\/yoast-seo-wordpress\/ -->\n<title>Nos sites - Mesopolhis<\/title>\n<meta name=\"robots\" content=\"index, follow, max-snippet:-1, max-image-preview:large, max-video-preview:-1\" \/>\n<link rel=\"canonical\" href=\"https:\/\/mesopolhis.fr\/en\/the-laboratory\/our-sites\/\" \/>\n<meta property=\"og:locale\" content=\"en_GB\" \/>\n<meta property=\"og:type\" content=\"article\" \/>\n<meta property=\"og:title\" content=\"Nos sites - Mesopolhis\" \/>\n<meta property=\"og:description\" content=\"Accueil &raquo; Le laboratoire &raquo; Nos sites Nos sites Maison M\u00e9diterran\u00e9enne des Sciences de l&rsquo;Homme Espace Philippe Seguin L&rsquo;unit\u00e9 MESOPOLHIS d\u00e9ploie son activit\u00e9 scientifique sur deux sites d&rsquo;enseignement et de recherche : La Maison m\u00e9diterran\u00e9enne des sciences humaines et sociales (Mmsh) 5, rue du Ch\u00e2teau de l&rsquo;Horloge. CS 90412 &#8211; 13097 Aix-en-Provence Cedex 2 L&rsquo;Espace&hellip;\" \/>\n<meta property=\"og:url\" content=\"https:\/\/mesopolhis.fr\/en\/the-laboratory\/our-sites\/\" \/>\n<meta property=\"og:site_name\" content=\"Mesopolhis\" \/>\n<meta property=\"article:modified_time\" content=\"2025-08-26T14:09:19+00:00\" \/>\n<meta property=\"og:image\" content=\"https:\/\/mesopolhis.fr\/wp-content\/uploads\/2022\/01\/MMSH.jpg\" \/>\n<meta name=\"twitter:card\" content=\"summary_large_image\" \/>\n<meta name=\"twitter:label1\" content=\"Estimated reading time\" \/>\n\t<meta name=\"twitter:data1\" content=\"2 minutes\" \/>\n<script type=\"application\/ld+json\" class=\"yoast-schema-graph\">{\"@context\":\"https:\\\/\\\/schema.org\",\"@graph\":[{\"@type\":\"WebPage\",\"@id\":\"https:\\\/\\\/mesopolhis.fr\\\/le-laboratoire\\\/nos-sites\\\/\",\"url\":\"https:\\\/\\\/mesopolhis.fr\\\/le-laboratoire\\\/nos-sites\\\/\",\"name\":\"Nos sites - Mesopolhis\",\"isPartOf\":{\"@id\":\"https:\\\/\\\/mesopolhis.fr\\\/#website\"},\"primaryImageOfPage\":{\"@id\":\"https:\\\/\\\/mesopolhis.fr\\\/le-laboratoire\\\/nos-sites\\\/#primaryimage\"},\"image\":{\"@id\":\"https:\\\/\\\/mesopolhis.fr\\\/le-laboratoire\\\/nos-sites\\\/#primaryimage\"},\"thumbnailUrl\":\"https:\\\/\\\/mesopolhis.fr\\\/wp-content\\\/uploads\\\/2022\\\/01\\\/MMSH.jpg\",\"datePublished\":\"2022-01-12T08:58:38+00:00\",\"dateModified\":\"2025-08-26T14:09:19+00:00\",\"breadcrumb\":{\"@id\":\"https:\\\/\\\/mesopolhis.fr\\\/le-laboratoire\\\/nos-sites\\\/#breadcrumb\"},\"inLanguage\":\"en-GB\",\"potentialAction\":[{\"@type\":\"ReadAction\",\"target\":[\"https:\\\/\\\/mesopolhis.fr\\\/le-laboratoire\\\/nos-sites\\\/\"]}]},{\"@type\":\"ImageObject\",\"inLanguage\":\"en-GB\",\"@id\":\"https:\\\/\\\/mesopolhis.fr\\\/le-laboratoire\\\/nos-sites\\\/#primaryimage\",\"url\":\"https:\\\/\\\/mesopolhis.fr\\\/wp-content\\\/uploads\\\/2022\\\/01\\\/MMSH.jpg\",\"contentUrl\":\"https:\\\/\\\/mesopolhis.fr\\\/wp-content\\\/uploads\\\/2022\\\/01\\\/MMSH.jpg\"},{\"@type\":\"BreadcrumbList\",\"@id\":\"https:\\\/\\\/mesopolhis.fr\\\/le-laboratoire\\\/nos-sites\\\/#breadcrumb\",\"itemListElement\":[{\"@type\":\"ListItem\",\"position\":1,\"name\":\"Accueil\",\"item\":\"https:\\\/\\\/mesopolhis.fr\\\/\"},{\"@type\":\"ListItem\",\"position\":2,\"name\":\"Le laboratoire\",\"item\":\"https:\\\/\\\/mesopolhis.fr\\\/le-laboratoire\\\/\"},{\"@type\":\"ListItem\",\"position\":3,\"name\":\"Nos sites\"}]},{\"@type\":\"WebSite\",\"@id\":\"https:\\\/\\\/mesopolhis.fr\\\/#website\",\"url\":\"https:\\\/\\\/mesopolhis.fr\\\/\",\"name\":\"Mesopolhis\",\"description\":\"Centre m\u00e9diterran\u00e9en de sociologie, de science politique et d&#039;histoire\",\"publisher\":{\"@id\":\"https:\\\/\\\/mesopolhis.fr\\\/#organization\"},\"potentialAction\":[{\"@type\":\"SearchAction\",\"target\":{\"@type\":\"EntryPoint\",\"urlTemplate\":\"https:\\\/\\\/mesopolhis.fr\\\/?s={search_term_string}\"},\"query-input\":{\"@type\":\"PropertyValueSpecification\",\"valueRequired\":true,\"valueName\":\"search_term_string\"}}],\"inLanguage\":\"en-GB\"},{\"@type\":\"Organization\",\"@id\":\"https:\\\/\\\/mesopolhis.fr\\\/#organization\",\"name\":\"Mesopolhis\",\"url\":\"https:\\\/\\\/mesopolhis.fr\\\/\",\"logo\":{\"@type\":\"ImageObject\",\"inLanguage\":\"en-GB\",\"@id\":\"https:\\\/\\\/mesopolhis.fr\\\/#\\\/schema\\\/logo\\\/image\\\/\",\"url\":\"https:\\\/\\\/mesopolhis.fr\\\/wp-content\\\/uploads\\\/2021\\\/12\\\/Logo_MESOPOLHIS_Quadri.png\",\"contentUrl\":\"https:\\\/\\\/mesopolhis.fr\\\/wp-content\\\/uploads\\\/2021\\\/12\\\/Logo_MESOPOLHIS_Quadri.png\",\"width\":264,\"height\":69,\"caption\":\"Mesopolhis\"},\"image\":{\"@id\":\"https:\\\/\\\/mesopolhis.fr\\\/#\\\/schema\\\/logo\\\/image\\\/\"}}]}<\/script>\n<!-- \/ Yoast SEO plugin. -->","yoast_head_json":{"title":"Our sites - Mesopolhis","robots":{"index":"index","follow":"follow","max-snippet":"max-snippet:-1","max-image-preview":"max-image-preview:large","max-video-preview":"max-video-preview:-1"},"canonical":"https:\/\/mesopolhis.fr\/en\/the-laboratory\/our-sites\/","og_locale":"en_GB","og_type":"article","og_title":"Nos sites - Mesopolhis","og_description":"Accueil &raquo; Le laboratoire &raquo; Nos sites Nos sites Maison M\u00e9diterran\u00e9enne des Sciences de l&rsquo;Homme Espace Philippe Seguin L&rsquo;unit\u00e9 MESOPOLHIS d\u00e9ploie son activit\u00e9 scientifique sur deux sites d&rsquo;enseignement et de recherche : La Maison m\u00e9diterran\u00e9enne des sciences humaines et sociales (Mmsh) 5, rue du Ch\u00e2teau de l&rsquo;Horloge. CS 90412 &#8211; 13097 Aix-en-Provence Cedex 2 L&rsquo;Espace&hellip;","og_url":"https:\/\/mesopolhis.fr\/en\/the-laboratory\/our-sites\/","og_site_name":"Mesopolhis","article_modified_time":"2025-08-26T14:09:19+00:00","og_image":[{"url":"https:\/\/mesopolhis.fr\/wp-content\/uploads\/2022\/01\/MMSH.jpg","type":"","width":"","height":""}],"twitter_card":"summary_large_image","twitter_misc":{"Estimated reading time":"2 minutes"},"schema":{"@context":"https:\/\/schema.org","@graph":[{"@type":"WebPage","@id":"https:\/\/mesopolhis.fr\/le-laboratoire\/nos-sites\/","url":"https:\/\/mesopolhis.fr\/le-laboratoire\/nos-sites\/","name":"Our sites - Mesopolhis","isPartOf":{"@id":"https:\/\/mesopolhis.fr\/#website"},"primaryImageOfPage":{"@id":"https:\/\/mesopolhis.fr\/le-laboratoire\/nos-sites\/#primaryimage"},"image":{"@id":"https:\/\/mesopolhis.fr\/le-laboratoire\/nos-sites\/#primaryimage"},"thumbnailUrl":"https:\/\/mesopolhis.fr\/wp-content\/uploads\/2022\/01\/MMSH.jpg","datePublished":"2022-01-12T08:58:38+00:00","dateModified":"2025-08-26T14:09:19+00:00","breadcrumb":{"@id":"https:\/\/mesopolhis.fr\/le-laboratoire\/nos-sites\/#breadcrumb"},"inLanguage":"en-GB","potentialAction":[{"@type":"ReadAction","target":["https:\/\/mesopolhis.fr\/le-laboratoire\/nos-sites\/"]}]},{"@type":"ImageObject","inLanguage":"en-GB","@id":"https:\/\/mesopolhis.fr\/le-laboratoire\/nos-sites\/#primaryimage","url":"https:\/\/mesopolhis.fr\/wp-content\/uploads\/2022\/01\/MMSH.jpg","contentUrl":"https:\/\/mesopolhis.fr\/wp-content\/uploads\/2022\/01\/MMSH.jpg"},{"@type":"BreadcrumbList","@id":"https:\/\/mesopolhis.fr\/le-laboratoire\/nos-sites\/#breadcrumb","itemListElement":[{"@type":"ListItem","position":1,"name":"Accueil","item":"https:\/\/mesopolhis.fr\/"},{"@type":"ListItem","position":2,"name":"Le laboratoire","item":"https:\/\/mesopolhis.fr\/le-laboratoire\/"},{"@type":"ListItem","position":3,"name":"Nos sites"}]},{"@type":"WebSite","@id":"https:\/\/mesopolhis.fr\/#website","url":"https:\/\/mesopolhis.fr\/","name":"Mesopolhis","description":"Mediterranean Centre for Sociology, Political Science and History","publisher":{"@id":"https:\/\/mesopolhis.fr\/#organization"},"potentialAction":[{"@type":"SearchAction","target":{"@type":"EntryPoint","urlTemplate":"https:\/\/mesopolhis.fr\/?s={search_term_string}"},"query-input":{"@type":"PropertyValueSpecification","valueRequired":true,"valueName":"search_term_string"}}],"inLanguage":"en-GB"},{"@type":"Organization","@id":"https:\/\/mesopolhis.fr\/#organization","name":"Mesopolhis","url":"https:\/\/mesopolhis.fr\/","logo":{"@type":"ImageObject","inLanguage":"en-GB","@id":"https:\/\/mesopolhis.fr\/#\/schema\/logo\/image\/","url":"https:\/\/mesopolhis.fr\/wp-content\/uploads\/2021\/12\/Logo_MESOPOLHIS_Quadri.png","contentUrl":"https:\/\/mesopolhis.fr\/wp-content\/uploads\/2021\/12\/Logo_MESOPOLHIS_Quadri.png","width":264,"height":69,"caption":"Mesopolhis"},"image":{"@id":"https:\/\/mesopolhis.fr\/#\/schema\/logo\/image\/"}}]}},"_links":{"self":[{"href":"https:\/\/mesopolhis.fr\/en\/wp-json\/wp\/v2\/pages\/454","targetHints":{"allow":["GET"]}}],"collection":[{"href":"https:\/\/mesopolhis.fr\/en\/wp-json\/wp\/v2\/pages"}],"about":[{"href":"https:\/\/mesopolhis.fr\/en\/wp-json\/wp\/v2\/types\/page"}],"author":[{"embeddable":true,"href":"https:\/\/mesopolhis.fr\/en\/wp-json\/wp\/v2\/users\/1"}],"replies":[{"embeddable":true,"href":"https:\/\/mesopolhis.fr\/en\/wp-json\/wp\/v2\/comments?post=454"}],"version-history":[{"count":3,"href":"https:\/\/mesopolhis.fr\/en\/wp-json\/wp\/v2\/pages\/454\/revisions"}],"predecessor-version":[{"id":37783,"href":"https:\/\/mesopolhis.fr\/en\/wp-json\/wp\/v2\/pages\/454\/revisions\/37783"}],"up":[{"embeddable":true,"href":"https:\/\/mesopolhis.fr\/en\/wp-json\/wp\/v2\/pages\/130"}],"wp:attachment":[{"href":"https:\/\/mesopolhis.fr\/en\/wp-json\/wp\/v2\/media?parent=454"}],"curies":[{"name":"wp","href":"https:\/\/api.w.org\/{rel}","templated":true}]}}