{"id":436,"date":"2022-01-11T19:05:45","date_gmt":"2022-01-11T18:05:45","guid":{"rendered":"https:\/\/mesopolhis.fr\/?page_id=436"},"modified":"2025-07-10T15:13:08","modified_gmt":"2025-07-10T13:13:08","slug":"partnerships","status":"publish","type":"page","link":"https:\/\/mesopolhis.fr\/en\/the-laboratory\/partnerships\/","title":{"rendered":"Partnerships"},"content":{"rendered":"<nav id=\"breadcrumbs\" aria-label=\"Breadcrumbs\"><a href=\"https:\/\/mesopolhis.fr\/en\/\">Home<\/a> \" <a href=\"https:\/\/mesopolhis.fr\/en\/the-laboratory\/\">The laboratory<\/a> \u00bbPartnerships<\/nav><h1>\n\t\tPartnerships\n\t<\/h1>\n\t\t\t\t\t\t\t\t<a href=\"https:\/\/www.univ-amu.fr\/fr\/public\/institut-societes-en-mutation-en-mediterranee-somum-0\" target=\"_blank\" itemprop=\"url\" rel=\"noopener\">\n\t\t\t\t\t\t\t\t\t<img loading=\"lazy\" decoding=\"async\" src=\"https:\/\/mesopolhis.fr\/wp-content\/uploads\/2022\/01\/aixmars-e1643723299576-300x93.jpg\" alt=\"aixmars\" itemprop=\"image\" height=\"93\" width=\"300\" srcset=\"https:\/\/mesopolhis.fr\/wp-content\/uploads\/2022\/01\/aixmars-e1643723299576-300x93.jpg 300w, https:\/\/mesopolhis.fr\/wp-content\/uploads\/2022\/01\/aixmars-e1643723299576.jpg 508w\" sizes=\"auto, (max-width: 300px) 100vw, 300px\" title=\"aixmars\" onerror=\"this.style.display='none'\"  \/>\n\t\t\t\t\t\t\t\t\t\t\t\t\t<\/a>\n\t<h3>Aix-Marseille University's institute located at the Maison m\u00e9diterran\u00e9enne des sciences de l'Homme in Aix-en Provence.<\/h3>\n\t<p>A training and research centre, SoMuM brings together 11 research units involving anthropologists, demographers, economists, geographers, historians, art historians, lawyers, philosophers, philologists, political scientists and sociologists.<\/p>\n\t\t\t\t\t\t\t\t<a href=\"https:\/\/www.irts-pacacorse.com\" target=\"_blank\" itemprop=\"url\" rel=\"noopener\">\n\t\t\t\t\t\t\t\t\t<img loading=\"lazy\" decoding=\"async\" src=\"https:\/\/mesopolhis.fr\/wp-content\/uploads\/2022\/01\/item-300x84.png\" alt=\"item\" itemprop=\"image\" height=\"84\" width=\"300\" srcset=\"https:\/\/mesopolhis.fr\/wp-content\/uploads\/2022\/01\/item-300x84.png 300w, https:\/\/mesopolhis.fr\/wp-content\/uploads\/2022\/01\/item.png 423w\" sizes=\"auto, (max-width: 300px) 100vw, 300px\" title=\"item\" onerror=\"this.style.display='none'\"  \/>\n\t\t\t\t\t\t\t\t\t\t\t\t\t<\/a>\n\t\n\n<h3>The Institut M\u00e9diterran\u00e9e pour la Transition Environnementale (ITEM) is made up of 14 laboratories covering the physical, natural, human, health, legal and social sciences.<\/h3>\n\t<p>The Institute is rising to the challenge of adapting our society to environmental change.<\/p>\n<p>With its Mediterranean roots, the institute aims to develop interdisciplinary systems research to understand the effects of global change on society and natural resources.<\/p>\n\t\t\t\t\t\t\t\t<a href=\"https:\/\/www.irts-pacacorse.com\" target=\"_blank\" itemprop=\"url\" rel=\"noopener\">\n\t\t\t\t\t\t\t\t\t<img loading=\"lazy\" decoding=\"async\" src=\"https:\/\/mesopolhis.fr\/wp-content\/uploads\/2022\/01\/ISFIM.png\" alt=\"ISFIM\" itemprop=\"image\" height=\"87\" width=\"300\" title=\"ISFIM\" onerror=\"this.style.display='none'\"  \/>\n\t\t\t\t\t\t\t\t\t\t\t\t\t<\/a>\n\t\n\n<h3>Institut d'\u00e9tablissement d'Aix-Marseille Universit\u00e9 located on the Saint-J\u00e9r\u00f4me campus in Marseille.<\/h3>\n\t<p>As part of an interdisciplinary approach, including societal concerns, the institute stimulates training and research in the fields of fusion science, nuclear instrumentation and the mechanical characterisation of materials and structures for fission and fusion.<\/p>\n\t\t\t\t\t\t\t\t<a href=\"https:\/\/www.irts-pacacorse.com\" target=\"_blank\" itemprop=\"url\" rel=\"noopener\">\n\t\t\t\t\t\t\t\t\t<img loading=\"lazy\" decoding=\"async\" src=\"https:\/\/mesopolhis.fr\/wp-content\/uploads\/2022\/01\/logoirts.jpg\" alt=\"apartments\" itemprop=\"image\" height=\"338\" width=\"508\" srcset=\"https:\/\/mesopolhis.fr\/wp-content\/uploads\/2022\/01\/logoirts.jpg 508w, https:\/\/mesopolhis.fr\/wp-content\/uploads\/2022\/01\/logoirts-300x200.jpg 300w\" sizes=\"auto, (max-width: 508px) 100vw, 508px\" title=\"apartments\" onerror=\"this.style.display='none'\"  \/>\n\t\t\t\t\t\t\t\t\t\t\t\t\t<\/a>\n\t<h3>IRTS PACA \/ Corse is a major player in social work training.<\/h3>\n\t<p>Our partnership is illustrated by a range of actions, including joint applications to calls for projects, the development of joint research and study programmes, joint participation in and organisation of colloquia and conferences, the promotion of research carried out by members of our laboratory, and the participation of Mesopolhis in the activities of IRTS.<\/p>\n\t\t\t\t\t\t\t\t<a href=\"http:\/\/sferep.univ-amu.fr\" target=\"_blank\" itemprop=\"url\" rel=\"noopener\">\n\t\t\t\t\t\t\t\t\t<img loading=\"lazy\" decoding=\"async\" src=\"https:\/\/mesopolhis.fr\/wp-content\/uploads\/2022\/01\/sfere-1.jpg\" alt=\"sfere\" itemprop=\"image\" height=\"338\" width=\"508\" srcset=\"https:\/\/mesopolhis.fr\/wp-content\/uploads\/2022\/01\/sfere-1.jpg 508w, https:\/\/mesopolhis.fr\/wp-content\/uploads\/2022\/01\/sfere-1-300x200.jpg 300w\" sizes=\"auto, (max-width: 508px) 100vw, 508px\" title=\"sfere\" onerror=\"this.style.display='none'\"  \/>\n\t\t\t\t\t\t\t\t\t\t\t\t\t<\/a>\n\t<h3>The Structure f\u00e9d\u00e9rative d'\u00e9tudes et de recherche en \u00e9ducation de Provence brings together 23 research units<\/h3>\n\t<p>Through this partnership, our laboratory is strengthening its involvement in the teaching, education and training sectors. SFERE is a working and research community in the following areas: changes in socio-educational professions and practices; ways of constructing, appropriating and disseminating knowledge; new tools, new audiences and educational systems; methodologies and statistics for educational research. This structure organises synergies between the various laboratories that make up the SFERE, enabling the pooled use of intellectual and material resources with the aim of improving the regional, national and international visibility of research work.  SFERE is thus a support force to encourage the success of inter-laboratory scientific projects (scientific watch, support in setting up projects, relationship management with external partners, etc.).\u00a0<\/p>\n\t\t\t\t\t\t\t\t<a href=\"https:\/\/www.imf.asso.fr\/pages\/\" target=\"_blank\" itemprop=\"url\" rel=\"noopener\">\n\t\t\t\t\t\t\t\t\t<img loading=\"lazy\" decoding=\"async\" src=\"https:\/\/mesopolhis.fr\/wp-content\/uploads\/2022\/01\/imed.jpg\" alt=\"imed\" itemprop=\"image\" height=\"338\" width=\"508\" srcset=\"https:\/\/mesopolhis.fr\/wp-content\/uploads\/2022\/01\/imed.jpg 508w, https:\/\/mesopolhis.fr\/wp-content\/uploads\/2022\/01\/imed-300x200.jpg 300w\" sizes=\"auto, (max-width: 508px) 100vw, 508px\" title=\"imed\" onerror=\"this.style.display='none'\"  \/>\n\t\t\t\t\t\t\t\t\t\t\t\t\t<\/a>\n\t<h3>The Institut m\u00e9diterran\u00e9en de formation et recherche en travail social develops training courses in the social and medico-social sector.<\/h3>\n\t<p>These include research, partnerships in France and abroad, support and advice for social and medico-social establishments, participation in conferences, public debate and regional policies.\u00a0<\/p>\n<h1>\n\t\tBecome a partner\n\t<\/h1>\n\t<h3>The laboratory pays particular attention to partnership proposals.<\/h3>\n\t<p>Use the contact form below to tell us a little about your proposed project, so that our team can get back to you.\u00a0<\/p>\n                <form method='post' enctype='multipart\/form-data' target='gform_ajax_frame_1' id='gform_1'  action='https:\/\/mesopolhis.fr\/en\/the-laboratory\/partnerships\/?fl_builder&#038;fl_builder_ui_iframe#gf_1' data-formid='1' novalidate data-trp-original-action=\"https:\/\/mesopolhis.fr\/le-laboratoire\/partenariats\/?fl_builder&#038;fl_builder_ui_iframe#gf_1\">\n                        <fieldset id=\"field_1_1\"><legend class='gfield_label gform-field-label gfield_label_before_complex'>Contact<\/legend>\n                                                    <label for='input_1_1_3' class='gform-field-label gform-field-label--type-sub'>First name<\/label>\n                                                    <input type='text' name='input_1.3' id='input_1_1_3' value='' tabindex='101'  aria-required='false'     \/>\n                                                            <label for='input_1_1_6' class='gform-field-label gform-field-label--type-sub'>Name<\/label>\n                                                            <input type='text' name='input_1.6' id='input_1_1_6' value='' tabindex='103'  aria-required='false'     \/>\n                        <\/fieldset><fieldset id=\"field_1_2\"><legend class='gfield_label gform-field-label gfield_label_before_complex'>Address<\/legend>    \n                                        <label for='input_1_2_1' id='input_1_2_1_label' class='gform-field-label gform-field-label--type-sub'>Postal address<\/label>\n                                        <input type='text' name='input_2.1' id='input_1_2_1' value='' tabindex='105'   aria-required='false'    \/>\n                                    <label for='input_1_2_3' id='input_1_2_3_label' class='gform-field-label gform-field-label--type-sub'>City<\/label>\n                                    <input type='text' name='input_2.3' id='input_1_2_3' value='' tabindex='106'   aria-required='false'    \/>\n                                 <input type='hidden' class='gform_hidden' name='input_2.4' id='input_1_2_4' value=''\/><input type='hidden' class='gform_hidden' name='input_2.6' id='input_1_2_6' value='' \/>\n                <\/fieldset><label class='gfield_label gform-field-label' for='input_1_3'>Telephone<\/label><input name='input_3' id='input_1_3' type='tel' value='' class='large' tabindex='108'   aria-invalid=\"false\"   \/><label class='gfield_label gform-field-label' for='input_1_4'>Website<\/label>\n                    <input name='input_4' id='input_1_4' type='url' value='' class='large' tabindex='109'   placeholder='https:\/\/'  aria-invalid=\"false\" \/>\n                <label class='gfield_label gform-field-label' for='input_1_7'>E-mail<\/label>\n                            <input name='input_7' id='input_1_7' type='email' value='' class='large' tabindex='110'    aria-invalid=\"false\"  \/>\n                        <label class='gfield_label gform-field-label' for='input_1_6'>Your project<\/label><textarea name='input_6' id='input_1_6' class='textarea large' tabindex='111'     aria-invalid=\"false\"   rows='10' cols='50'><\/textarea>\n         <input type='submit' id='gform_submit_button_1' class='gform_button button' onclick='gform.submission.handleButtonClick(this);' data-submission-type='submit' value='Send' tabindex='112' \/> <input type='hidden' name='gform_ajax' value='form_id=1&amp;title=&amp;description=&amp;tabindex=100&amp;theme=gravity-theme&amp;styles=[]&amp;hash=f4e4f515358c4e56968873c04a4d2e64' \/>\n            <input type='hidden' class='gform_hidden' name='gform_submission_method' data-js='gform_submission_method_1' value='iframe' \/>\n            <input type='hidden' class='gform_hidden' name='gform_theme' data-js='gform_theme_1' id='gform_theme_1' value='gravity-theme' \/>\n            <input type='hidden' class='gform_hidden' name='gform_style_settings' data-js='gform_style_settings_1' id='gform_style_settings_1' value='[]' \/>\n            <input type='hidden' class='gform_hidden' name='is_submit_1' value='1' \/>\n            <input type='hidden' class='gform_hidden' name='gform_submit' value='1' \/>\n            <input type='hidden' class='gform_hidden' name='gform_unique_id' value='' \/>\n            <input type='hidden' class='gform_hidden' name='state_1' value='WyJbXSIsIjJhYWUyYWQ1YTUyNDUzNmNiZTdjYzA1MWMyMzM4NWVmIl0=' \/>\n            <input type='hidden' autocomplete='off' class='gform_hidden' name='gform_target_page_number_1' id='gform_target_page_number_1' value='0' \/>\n            <input type='hidden' autocomplete='off' class='gform_hidden' name='gform_source_page_number_1' id='gform_source_page_number_1' value='1' \/>\n            <input type='hidden' name='gform_field_values' value='' \/>\n                        <input type=\"hidden\" name=\"trp-form-language\" value=\"en\"\/><\/form>\n\t\t                <iframe style='display:none;width:0px;height:0px;' src='about:blank' name='gform_ajax_frame_1' id='gform_ajax_frame_1' title='This iframe contains the logic needed to manipulate Gravity Forms with Ajax.'><\/iframe>","protected":false},"excerpt":{"rendered":"<p>Home \u00bb The laboratory \u00bb Partnerships Partnerships Institut d'\u00e9tablissement d'Aix-Marseille Universit\u00e9 located at the Maison m\u00e9diterran\u00e9enne des sciences de l'Homme in Aix-en Provence. A training and research centre, SoMuM brings together 11 research units involving anthropologists, demographers, economists, geographers, historians, art historians, lawyers, philosophers, philologists, political scientists and sociologists. The Institut M\u00e9diterran\u00e9e pour la Transition Environnementale...<\/p>","protected":false},"author":1,"featured_media":0,"parent":130,"menu_order":0,"comment_status":"closed","ping_status":"closed","template":"","meta":{"_acf_changed":false,"inline_featured_image":false,"footnotes":""},"class_list":["post-436","page","type-page","status-publish","hentry"],"acf":[],"yoast_head":"<!-- This site is optimized with the Yoast SEO plugin v27.4 - https:\/\/yoast.com\/product\/yoast-seo-wordpress\/ -->\n<title>Partenariats - Mesopolhis<\/title>\n<meta name=\"robots\" content=\"index, follow, max-snippet:-1, max-image-preview:large, max-video-preview:-1\" \/>\n<link rel=\"canonical\" href=\"https:\/\/mesopolhis.fr\/en\/the-laboratory\/partnerships\/\" \/>\n<meta property=\"og:locale\" content=\"en_GB\" \/>\n<meta property=\"og:type\" content=\"article\" \/>\n<meta property=\"og:title\" content=\"Partenariats - Mesopolhis\" \/>\n<meta property=\"og:description\" content=\"Accueil &raquo; Le laboratoire &raquo; Partenariats Partenariats Institut d&rsquo;\u00e9tablissement d&rsquo;Aix-Marseille Universit\u00e9 situ\u00e9 \u00e0 la Maison m\u00e9diterran\u00e9enne des sciences de l&rsquo;Homme d&rsquo;Aix-en Provence. P\u00f4le de formation et de recherche, SoMuM rassemble 11 unit\u00e9s de recherche impliquant anthropologues, d\u00e9mographes, \u00e9conomistes, g\u00e9ographes, historiens, historiens de l&rsquo;art, juristes, philosophes, philologues, politistes et sociologues. L&rsquo;institut M\u00e9diterran\u00e9e pour la Transition Environnementale&hellip;\" \/>\n<meta property=\"og:url\" content=\"https:\/\/mesopolhis.fr\/en\/the-laboratory\/partnerships\/\" \/>\n<meta property=\"og:site_name\" content=\"Mesopolhis\" \/>\n<meta property=\"article:modified_time\" content=\"2025-07-10T13:13:08+00:00\" \/>\n<meta property=\"og:image\" content=\"https:\/\/mesopolhis.fr\/wp-content\/uploads\/2022\/01\/aixmars-e1643723299576-300x93.jpg\" \/>\n<meta name=\"twitter:card\" content=\"summary_large_image\" \/>\n<meta name=\"twitter:label1\" content=\"Estimated reading time\" \/>\n\t<meta name=\"twitter:data1\" content=\"6 minutes\" \/>\n<script type=\"application\/ld+json\" class=\"yoast-schema-graph\">{\"@context\":\"https:\\\/\\\/schema.org\",\"@graph\":[{\"@type\":\"WebPage\",\"@id\":\"https:\\\/\\\/mesopolhis.fr\\\/le-laboratoire\\\/partenariats\\\/\",\"url\":\"https:\\\/\\\/mesopolhis.fr\\\/le-laboratoire\\\/partenariats\\\/\",\"name\":\"Partenariats - Mesopolhis\",\"isPartOf\":{\"@id\":\"https:\\\/\\\/mesopolhis.fr\\\/#website\"},\"primaryImageOfPage\":{\"@id\":\"https:\\\/\\\/mesopolhis.fr\\\/le-laboratoire\\\/partenariats\\\/#primaryimage\"},\"image\":{\"@id\":\"https:\\\/\\\/mesopolhis.fr\\\/le-laboratoire\\\/partenariats\\\/#primaryimage\"},\"thumbnailUrl\":\"https:\\\/\\\/mesopolhis.fr\\\/wp-content\\\/uploads\\\/2022\\\/01\\\/aixmars-e1643723299576-300x93.jpg\",\"datePublished\":\"2022-01-11T18:05:45+00:00\",\"dateModified\":\"2025-07-10T13:13:08+00:00\",\"breadcrumb\":{\"@id\":\"https:\\\/\\\/mesopolhis.fr\\\/le-laboratoire\\\/partenariats\\\/#breadcrumb\"},\"inLanguage\":\"en-GB\",\"potentialAction\":[{\"@type\":\"ReadAction\",\"target\":[\"https:\\\/\\\/mesopolhis.fr\\\/le-laboratoire\\\/partenariats\\\/\"]}]},{\"@type\":\"ImageObject\",\"inLanguage\":\"en-GB\",\"@id\":\"https:\\\/\\\/mesopolhis.fr\\\/le-laboratoire\\\/partenariats\\\/#primaryimage\",\"url\":\"https:\\\/\\\/mesopolhis.fr\\\/wp-content\\\/uploads\\\/2022\\\/01\\\/aixmars-e1643723299576-300x93.jpg\",\"contentUrl\":\"https:\\\/\\\/mesopolhis.fr\\\/wp-content\\\/uploads\\\/2022\\\/01\\\/aixmars-e1643723299576-300x93.jpg\"},{\"@type\":\"BreadcrumbList\",\"@id\":\"https:\\\/\\\/mesopolhis.fr\\\/le-laboratoire\\\/partenariats\\\/#breadcrumb\",\"itemListElement\":[{\"@type\":\"ListItem\",\"position\":1,\"name\":\"Accueil\",\"item\":\"https:\\\/\\\/mesopolhis.fr\\\/\"},{\"@type\":\"ListItem\",\"position\":2,\"name\":\"Le laboratoire\",\"item\":\"https:\\\/\\\/mesopolhis.fr\\\/le-laboratoire\\\/\"},{\"@type\":\"ListItem\",\"position\":3,\"name\":\"Partenariats\"}]},{\"@type\":\"WebSite\",\"@id\":\"https:\\\/\\\/mesopolhis.fr\\\/#website\",\"url\":\"https:\\\/\\\/mesopolhis.fr\\\/\",\"name\":\"Mesopolhis\",\"description\":\"Centre m\u00e9diterran\u00e9en de sociologie, de science politique et d&#039;histoire\",\"publisher\":{\"@id\":\"https:\\\/\\\/mesopolhis.fr\\\/#organization\"},\"potentialAction\":[{\"@type\":\"SearchAction\",\"target\":{\"@type\":\"EntryPoint\",\"urlTemplate\":\"https:\\\/\\\/mesopolhis.fr\\\/?s={search_term_string}\"},\"query-input\":{\"@type\":\"PropertyValueSpecification\",\"valueRequired\":true,\"valueName\":\"search_term_string\"}}],\"inLanguage\":\"en-GB\"},{\"@type\":\"Organization\",\"@id\":\"https:\\\/\\\/mesopolhis.fr\\\/#organization\",\"name\":\"Mesopolhis\",\"url\":\"https:\\\/\\\/mesopolhis.fr\\\/\",\"logo\":{\"@type\":\"ImageObject\",\"inLanguage\":\"en-GB\",\"@id\":\"https:\\\/\\\/mesopolhis.fr\\\/#\\\/schema\\\/logo\\\/image\\\/\",\"url\":\"https:\\\/\\\/mesopolhis.fr\\\/wp-content\\\/uploads\\\/2021\\\/12\\\/Logo_MESOPOLHIS_Quadri.png\",\"contentUrl\":\"https:\\\/\\\/mesopolhis.fr\\\/wp-content\\\/uploads\\\/2021\\\/12\\\/Logo_MESOPOLHIS_Quadri.png\",\"width\":264,\"height\":69,\"caption\":\"Mesopolhis\"},\"image\":{\"@id\":\"https:\\\/\\\/mesopolhis.fr\\\/#\\\/schema\\\/logo\\\/image\\\/\"}}]}<\/script>\n<!-- \/ Yoast SEO plugin. -->","yoast_head_json":{"title":"Partnerships - Mesopolhis","robots":{"index":"index","follow":"follow","max-snippet":"max-snippet:-1","max-image-preview":"max-image-preview:large","max-video-preview":"max-video-preview:-1"},"canonical":"https:\/\/mesopolhis.fr\/en\/the-laboratory\/partnerships\/","og_locale":"en_GB","og_type":"article","og_title":"Partenariats - Mesopolhis","og_description":"Accueil &raquo; Le laboratoire &raquo; Partenariats Partenariats Institut d&rsquo;\u00e9tablissement d&rsquo;Aix-Marseille Universit\u00e9 situ\u00e9 \u00e0 la Maison m\u00e9diterran\u00e9enne des sciences de l&rsquo;Homme d&rsquo;Aix-en Provence. P\u00f4le de formation et de recherche, SoMuM rassemble 11 unit\u00e9s de recherche impliquant anthropologues, d\u00e9mographes, \u00e9conomistes, g\u00e9ographes, historiens, historiens de l&rsquo;art, juristes, philosophes, philologues, politistes et sociologues. L&rsquo;institut M\u00e9diterran\u00e9e pour la Transition Environnementale&hellip;","og_url":"https:\/\/mesopolhis.fr\/en\/the-laboratory\/partnerships\/","og_site_name":"Mesopolhis","article_modified_time":"2025-07-10T13:13:08+00:00","og_image":[{"url":"https:\/\/mesopolhis.fr\/wp-content\/uploads\/2022\/01\/aixmars-e1643723299576-300x93.jpg","type":"","width":"","height":""}],"twitter_card":"summary_large_image","twitter_misc":{"Estimated reading time":"6 minutes"},"schema":{"@context":"https:\/\/schema.org","@graph":[{"@type":"WebPage","@id":"https:\/\/mesopolhis.fr\/le-laboratoire\/partenariats\/","url":"https:\/\/mesopolhis.fr\/le-laboratoire\/partenariats\/","name":"Partnerships - Mesopolhis","isPartOf":{"@id":"https:\/\/mesopolhis.fr\/#website"},"primaryImageOfPage":{"@id":"https:\/\/mesopolhis.fr\/le-laboratoire\/partenariats\/#primaryimage"},"image":{"@id":"https:\/\/mesopolhis.fr\/le-laboratoire\/partenariats\/#primaryimage"},"thumbnailUrl":"https:\/\/mesopolhis.fr\/wp-content\/uploads\/2022\/01\/aixmars-e1643723299576-300x93.jpg","datePublished":"2022-01-11T18:05:45+00:00","dateModified":"2025-07-10T13:13:08+00:00","breadcrumb":{"@id":"https:\/\/mesopolhis.fr\/le-laboratoire\/partenariats\/#breadcrumb"},"inLanguage":"en-GB","potentialAction":[{"@type":"ReadAction","target":["https:\/\/mesopolhis.fr\/le-laboratoire\/partenariats\/"]}]},{"@type":"ImageObject","inLanguage":"en-GB","@id":"https:\/\/mesopolhis.fr\/le-laboratoire\/partenariats\/#primaryimage","url":"https:\/\/mesopolhis.fr\/wp-content\/uploads\/2022\/01\/aixmars-e1643723299576-300x93.jpg","contentUrl":"https:\/\/mesopolhis.fr\/wp-content\/uploads\/2022\/01\/aixmars-e1643723299576-300x93.jpg"},{"@type":"BreadcrumbList","@id":"https:\/\/mesopolhis.fr\/le-laboratoire\/partenariats\/#breadcrumb","itemListElement":[{"@type":"ListItem","position":1,"name":"Accueil","item":"https:\/\/mesopolhis.fr\/"},{"@type":"ListItem","position":2,"name":"Le laboratoire","item":"https:\/\/mesopolhis.fr\/le-laboratoire\/"},{"@type":"ListItem","position":3,"name":"Partenariats"}]},{"@type":"WebSite","@id":"https:\/\/mesopolhis.fr\/#website","url":"https:\/\/mesopolhis.fr\/","name":"Mesopolhis","description":"Mediterranean Centre for Sociology, Political Science and History","publisher":{"@id":"https:\/\/mesopolhis.fr\/#organization"},"potentialAction":[{"@type":"SearchAction","target":{"@type":"EntryPoint","urlTemplate":"https:\/\/mesopolhis.fr\/?s={search_term_string}"},"query-input":{"@type":"PropertyValueSpecification","valueRequired":true,"valueName":"search_term_string"}}],"inLanguage":"en-GB"},{"@type":"Organization","@id":"https:\/\/mesopolhis.fr\/#organization","name":"Mesopolhis","url":"https:\/\/mesopolhis.fr\/","logo":{"@type":"ImageObject","inLanguage":"en-GB","@id":"https:\/\/mesopolhis.fr\/#\/schema\/logo\/image\/","url":"https:\/\/mesopolhis.fr\/wp-content\/uploads\/2021\/12\/Logo_MESOPOLHIS_Quadri.png","contentUrl":"https:\/\/mesopolhis.fr\/wp-content\/uploads\/2021\/12\/Logo_MESOPOLHIS_Quadri.png","width":264,"height":69,"caption":"Mesopolhis"},"image":{"@id":"https:\/\/mesopolhis.fr\/#\/schema\/logo\/image\/"}}]}},"_links":{"self":[{"href":"https:\/\/mesopolhis.fr\/en\/wp-json\/wp\/v2\/pages\/436","targetHints":{"allow":["GET"]}}],"collection":[{"href":"https:\/\/mesopolhis.fr\/en\/wp-json\/wp\/v2\/pages"}],"about":[{"href":"https:\/\/mesopolhis.fr\/en\/wp-json\/wp\/v2\/types\/page"}],"author":[{"embeddable":true,"href":"https:\/\/mesopolhis.fr\/en\/wp-json\/wp\/v2\/users\/1"}],"replies":[{"embeddable":true,"href":"https:\/\/mesopolhis.fr\/en\/wp-json\/wp\/v2\/comments?post=436"}],"version-history":[{"count":0,"href":"https:\/\/mesopolhis.fr\/en\/wp-json\/wp\/v2\/pages\/436\/revisions"}],"up":[{"embeddable":true,"href":"https:\/\/mesopolhis.fr\/en\/wp-json\/wp\/v2\/pages\/130"}],"wp:attachment":[{"href":"https:\/\/mesopolhis.fr\/en\/wp-json\/wp\/v2\/media?parent=436"}],"curies":[{"name":"wp","href":"https:\/\/api.w.org\/{rel}","templated":true}]}}