{"id":418,"date":"2022-01-11T15:48:08","date_gmt":"2022-01-11T14:48:08","guid":{"rendered":"https:\/\/mesopolhis.fr\/?page_id=418"},"modified":"2025-01-08T15:19:11","modified_gmt":"2025-01-08T14:19:11","slug":"our-commitments","status":"publish","type":"page","link":"https:\/\/mesopolhis.fr\/en\/the-laboratory\/our-commitments\/","title":{"rendered":"Our commitments"},"content":{"rendered":"<nav id=\"breadcrumbs\" aria-label=\"Breadcrumbs\"><a href=\"https:\/\/mesopolhis.fr\/en\/\">Home<\/a> \" <a href=\"https:\/\/mesopolhis.fr\/en\/the-laboratory\/\">The laboratory<\/a> \u00bbOur commitments<\/nav><h1>\n\t\tOur commitments\n\t<\/h1>\n\t\t\t\t\t\t\t\t\t<img loading=\"lazy\" decoding=\"async\" src=\"https:\/\/mesopolhis.fr\/wp-content\/uploads\/2022\/01\/003-planet-earth.png\" alt=\"003-planet-earth\" itemprop=\"image\" height=\"512\" width=\"512\" srcset=\"https:\/\/mesopolhis.fr\/wp-content\/uploads\/2022\/01\/003-planet-earth.png 512w, https:\/\/mesopolhis.fr\/wp-content\/uploads\/2022\/01\/003-planet-earth-300x300.png 300w, https:\/\/mesopolhis.fr\/wp-content\/uploads\/2022\/01\/003-planet-earth-150x150.png 150w\" sizes=\"auto, (max-width: 512px) 100vw, 512px\" title=\"003-planet-earth\" onerror=\"this.style.display='none'\"  \/>\n<h1>\n\t\tSustainable development\n\t<\/h1>\n\t<h3>Mesopolhis is committed to environmental responsibility.<\/h3>\n\t<p>Vanina BEAUCHAMPS-ASSALI is the new Sustainable Development correspondent for the MMSH. A large number of concrete measures (energy eco-gestures, dematerialisation, good digital practices) have already been taken.\u00a0<\/p>\n<p>At the same time, the Sustainable Development Unit has been working on two key areas since the unit was set up:\u00a0<\/p>\n\t<ul>\n\t\t\t<li>\n\t\t\t\tThe definition of a cross-functional policy that will be taken into account at all stages of the unit's decision-making process\n\t\t\t<\/li>\n\t\t\t<li>\n\t\t\t\tThe definition of contractual objectives and priorities as part of the establishment of our scientific and institutional partnerships\n\t\t\t<\/li>\n\t\t<\/ul>\n\t<p>This process of reflection has led to the development of a <strong>eco-responsible laboratory charter<\/strong>approved by the Laboratory Council on Friday 07 October 2022.<\/p>\n<p><a href=\"https:\/\/mesopolhis.fr\/wp-content\/uploads\/2022\/10\/Annexe-3-Charte-Engagement-Eco-responsable-Mesopolhis.pdf\">Download the charter<\/a><\/p>\n\t\t\t\t\t\t\t\t\t<img loading=\"lazy\" decoding=\"async\" src=\"https:\/\/mesopolhis.fr\/wp-content\/uploads\/2022\/01\/001-healthcare.png\" alt=\"001-healthcare\" itemprop=\"image\" height=\"512\" width=\"512\" srcset=\"https:\/\/mesopolhis.fr\/wp-content\/uploads\/2022\/01\/001-healthcare.png 512w, https:\/\/mesopolhis.fr\/wp-content\/uploads\/2022\/01\/001-healthcare-300x300.png 300w, https:\/\/mesopolhis.fr\/wp-content\/uploads\/2022\/01\/001-healthcare-150x150.png 150w\" sizes=\"auto, (max-width: 512px) 100vw, 512px\" title=\"001-healthcare\" onerror=\"this.style.display='none'\"  \/>\n<h1>\n\t\tHealth and safety\n\t<\/h1>\n\t<h3>Under the impetus of Ms St\u00e9phanie MEIRANESIO, the laboratory's Health and Safety Officer, Mesopolhis has adopted the main health and safety documents in a bi-site approach.<\/h3>\n\t<ul>\n\t\t\t<li>\n\t\t\t\tCreating a single document\n\t\t\t<\/li>\n\t\t\t<li>\n\t\t\t\tCreation of a health and safety at work register in which staff can record their observations and suggestions relating to risk prevention and the improvement of working conditions, available from the PA at each of the two sites.\n\t\t\t<\/li>\n\t\t\t<li>\n\t\t\t\tProvision of a pharmacy on each of the two sites\n\t\t\t<\/li>\n\t\t\t<li>\n\t\t\t\tIntroduction of a welcome booklet for new employees and training on the NEO courseware.\n\t\t\t<\/li>\n\t\t<\/ul>\n\t\t\t\t\t\t\t\t\t<img loading=\"lazy\" decoding=\"async\" src=\"https:\/\/mesopolhis.fr\/wp-content\/uploads\/2022\/01\/004-science.png\" alt=\"004-science\" itemprop=\"image\" height=\"512\" width=\"512\" srcset=\"https:\/\/mesopolhis.fr\/wp-content\/uploads\/2022\/01\/004-science.png 512w, https:\/\/mesopolhis.fr\/wp-content\/uploads\/2022\/01\/004-science-300x300.png 300w, https:\/\/mesopolhis.fr\/wp-content\/uploads\/2022\/01\/004-science-150x150.png 150w\" sizes=\"auto, (max-width: 512px) 100vw, 512px\" title=\"004-science\" onerror=\"this.style.display='none'\"  \/>\n<h1>\n\t\tOpen science\n\t<\/h1>\n\t<h3>The aim of open science is to make science more accessible to society as a whole, more contributive and more transparent, in order to increase the impact of research and improve the way it operates.<\/h3>\n\t<p>The humanities and social sciences are taking part in this movement, which has been driving the sciences for more than two decades. Under the impetus of Vanina BEAUCHAMPS-ASSALI, who is in charge of promoting scientific productions, Mesopolhis is committed to open science. In concrete terms, open access to scientific publications is the norm in our laboratory and we are committed to ensuring that all new publications by our researchers are available in full text or in open access on HAL, as soon as possible.<\/p>\n<p>To make science more contributory, the laboratory is forging numerous research partnerships and developing partnership projects. Finally, we have begun work on opening up our research data in line with the FAIR (Findable Accessible Interoperable Reusable) principles. We encourage researchers to share and capitalise on good practice in managing their data.<\/p>\n<p>As part of this approach to transferring and sharing knowledge and developing open science, we support researchers in their research programmes at every stage of the data lifecycle.<\/p>\n\t\t\t\t\t\t\t\t\t<img loading=\"lazy\" decoding=\"async\" src=\"https:\/\/mesopolhis.fr\/wp-content\/uploads\/2022\/01\/002-equality.png\" alt=\"002-equality\" itemprop=\"image\" height=\"512\" width=\"512\" srcset=\"https:\/\/mesopolhis.fr\/wp-content\/uploads\/2022\/01\/002-equality.png 512w, https:\/\/mesopolhis.fr\/wp-content\/uploads\/2022\/01\/002-equality-300x300.png 300w, https:\/\/mesopolhis.fr\/wp-content\/uploads\/2022\/01\/002-equality-150x150.png 150w\" sizes=\"auto, (max-width: 512px) 100vw, 512px\" title=\"002-equality\" onerror=\"this.style.display='none'\"  \/>\n<h1>\n\t\tGender parity\n\t<\/h1>\n\t<h3>Mesopolhis places respect for the values of professional equality between men and women at the heart of its commitments.<\/h3>\n\t<p>In a resolution passed on 26 November 2021, the laboratory undertook to implement a policy to ensure parity between women and men in its research support and management teams. The MESOPOLHIS gender equality officer is Emilie DAVID.<\/p>\n<p>As well as taking these objectives into account in our recruitment process, a working group of researchers and administrative staff has just been set up to look beyond the simple quantitative approach...<\/p>\n<p>Our objectives are pursued in conjunction with <a href=\"https:\/\/www.univ-amu.fr\/fr\/public\/egalite-femmes-hommes-lutte-contre-les-discriminations\">Aix-Marseille University<\/a> and <a href=\"https:\/\/www.sciencespo-aix.fr\/contenu\/mission-egalite\/\">Sciences Po Aix<\/a>.<\/p>\n<p>Contact Sciences Po Aix: mission.egalit\u00e9@sciencespo-aix.fr<\/p>\n<p>Contact Aix-Marseille University: respect-egalite@univ-amu.fr<\/p>\n\t\t\t\t<img loading=\"lazy\" decoding=\"async\" src=\"https:\/\/mesopolhis.fr\/wp-content\/uploads\/2021\/12\/DIRCOM-Logo_AMU_CMJN-300x103.png\" alt=\"DIRCOM-Logo_AMU_CMJN\" itemprop=\"image\" height=\"103\" width=\"300\" title=\"DIRCOM-Logo_AMU_CMJN\" onerror=\"this.style.display='none'\"  \/>\n\t<h3>Setting up the Respect and Equality Service at Aix-Marseille University<\/h3>\n\tThis department is responsible for <b>prevent and combat all forms of gender-based or sexual violence, harassment and discrimination<\/b>. This is an essential mechanism, but also one that is unique in France, as a professional team has been recruited to work full-time to support and resolve each case, in complete confidentiality.\n \nMore than ever, this approach is in line with our desire to make Aix-Marseille University a peaceful and safe place for our student community and colleagues, reflecting the humanist and inclusive values that we uphold and which are essential to our mission.\n\u00a0\n<a href=\"https:\/\/url.univ-amu.fr\/presentation-service-respect-egalite\" target=\"_blank\" rel=\"noopener noreferrer\">https:\/\/url.univ-amu.fr\/presentation-service-respect-egalite<\/a>\n\u00a0\n<a href=\"http:\/\/url.univ-amu.fr\/brochure_respect-egalite\" target=\"_blank\" rel=\"noopener noreferrer\">http:\/\/url.univ-amu.fr\/brochure_respect-egalite<\/a>","protected":false},"excerpt":{"rendered":"<p>Home \u00bb The laboratory \u00bb Our commitments Our commitments Sustainable development Mesopolhis is committed to environmental responsibility. Vanina BEAUCHAMPS-ASSALI is the new Sustainable Development correspondent for the MMSH. A large number of concrete measures (energy eco-gestures, dematerialisation, good digital practices) have already been taken.  At the same time, the work of...<\/p>","protected":false},"author":1,"featured_media":0,"parent":130,"menu_order":0,"comment_status":"closed","ping_status":"closed","template":"","meta":{"_acf_changed":false,"inline_featured_image":false,"footnotes":""},"class_list":["post-418","page","type-page","status-publish","hentry"],"acf":[],"yoast_head":"<!-- This site is optimized with the Yoast SEO plugin v27.5 - https:\/\/yoast.com\/product\/yoast-seo-wordpress\/ -->\n<title>Nos engagements - Mesopolhis<\/title>\n<meta name=\"robots\" content=\"index, follow, max-snippet:-1, max-image-preview:large, max-video-preview:-1\" \/>\n<link rel=\"canonical\" href=\"https:\/\/mesopolhis.fr\/en\/the-laboratory\/our-commitments\/\" \/>\n<meta property=\"og:locale\" content=\"en_GB\" \/>\n<meta property=\"og:type\" content=\"article\" \/>\n<meta property=\"og:title\" content=\"Nos engagements - Mesopolhis\" \/>\n<meta property=\"og:description\" content=\"Accueil &raquo; Le laboratoire &raquo; Nos engagements Nos engagements D\u00e9veloppement durable Mesopolhis inscrit son action dans une d\u00e9marche de responsabilit\u00e9 environnementale. Vanina BEAUCHAMPS-ASSALI, est la nouvelle correspondante D\u00e9veloppement Durable pour la MMSH. Un grand nombre de mesures concr\u00e8tes (Eco-gestes \u00e9nerg\u00e9tiques, d\u00e9mat\u00e9rialisation, bonnes pratiques num\u00e9riques) ont d&rsquo;ores et d\u00e9j\u00e0 pu \u00eatre prises.\u00a0 Parall\u00e8lement, le travail de&hellip;\" \/>\n<meta property=\"og:url\" content=\"https:\/\/mesopolhis.fr\/en\/the-laboratory\/our-commitments\/\" \/>\n<meta property=\"og:site_name\" content=\"Mesopolhis\" \/>\n<meta property=\"article:modified_time\" content=\"2025-01-08T14:19:11+00:00\" \/>\n<meta property=\"og:image\" content=\"https:\/\/mesopolhis.fr\/wp-content\/uploads\/2022\/01\/003-planet-earth.png\" \/>\n<meta name=\"twitter:card\" content=\"summary_large_image\" \/>\n<meta name=\"twitter:label1\" content=\"Estimated reading time\" \/>\n\t<meta name=\"twitter:data1\" content=\"5 minutes\" \/>\n<script type=\"application\/ld+json\" class=\"yoast-schema-graph\">{\"@context\":\"https:\\\/\\\/schema.org\",\"@graph\":[{\"@type\":\"WebPage\",\"@id\":\"https:\\\/\\\/mesopolhis.fr\\\/le-laboratoire\\\/nos-engagements\\\/\",\"url\":\"https:\\\/\\\/mesopolhis.fr\\\/le-laboratoire\\\/nos-engagements\\\/\",\"name\":\"Nos engagements - Mesopolhis\",\"isPartOf\":{\"@id\":\"https:\\\/\\\/mesopolhis.fr\\\/#website\"},\"primaryImageOfPage\":{\"@id\":\"https:\\\/\\\/mesopolhis.fr\\\/le-laboratoire\\\/nos-engagements\\\/#primaryimage\"},\"image\":{\"@id\":\"https:\\\/\\\/mesopolhis.fr\\\/le-laboratoire\\\/nos-engagements\\\/#primaryimage\"},\"thumbnailUrl\":\"https:\\\/\\\/mesopolhis.fr\\\/wp-content\\\/uploads\\\/2022\\\/01\\\/003-planet-earth.png\",\"datePublished\":\"2022-01-11T14:48:08+00:00\",\"dateModified\":\"2025-01-08T14:19:11+00:00\",\"breadcrumb\":{\"@id\":\"https:\\\/\\\/mesopolhis.fr\\\/le-laboratoire\\\/nos-engagements\\\/#breadcrumb\"},\"inLanguage\":\"en-GB\",\"potentialAction\":[{\"@type\":\"ReadAction\",\"target\":[\"https:\\\/\\\/mesopolhis.fr\\\/le-laboratoire\\\/nos-engagements\\\/\"]}]},{\"@type\":\"ImageObject\",\"inLanguage\":\"en-GB\",\"@id\":\"https:\\\/\\\/mesopolhis.fr\\\/le-laboratoire\\\/nos-engagements\\\/#primaryimage\",\"url\":\"https:\\\/\\\/mesopolhis.fr\\\/wp-content\\\/uploads\\\/2022\\\/01\\\/003-planet-earth.png\",\"contentUrl\":\"https:\\\/\\\/mesopolhis.fr\\\/wp-content\\\/uploads\\\/2022\\\/01\\\/003-planet-earth.png\"},{\"@type\":\"BreadcrumbList\",\"@id\":\"https:\\\/\\\/mesopolhis.fr\\\/le-laboratoire\\\/nos-engagements\\\/#breadcrumb\",\"itemListElement\":[{\"@type\":\"ListItem\",\"position\":1,\"name\":\"Accueil\",\"item\":\"https:\\\/\\\/mesopolhis.fr\\\/\"},{\"@type\":\"ListItem\",\"position\":2,\"name\":\"Le laboratoire\",\"item\":\"https:\\\/\\\/mesopolhis.fr\\\/le-laboratoire\\\/\"},{\"@type\":\"ListItem\",\"position\":3,\"name\":\"Nos engagements\"}]},{\"@type\":\"WebSite\",\"@id\":\"https:\\\/\\\/mesopolhis.fr\\\/#website\",\"url\":\"https:\\\/\\\/mesopolhis.fr\\\/\",\"name\":\"Mesopolhis\",\"description\":\"Centre m\u00e9diterran\u00e9en de sociologie, de science politique et d&#039;histoire\",\"publisher\":{\"@id\":\"https:\\\/\\\/mesopolhis.fr\\\/#organization\"},\"potentialAction\":[{\"@type\":\"SearchAction\",\"target\":{\"@type\":\"EntryPoint\",\"urlTemplate\":\"https:\\\/\\\/mesopolhis.fr\\\/?s={search_term_string}\"},\"query-input\":{\"@type\":\"PropertyValueSpecification\",\"valueRequired\":true,\"valueName\":\"search_term_string\"}}],\"inLanguage\":\"en-GB\"},{\"@type\":\"Organization\",\"@id\":\"https:\\\/\\\/mesopolhis.fr\\\/#organization\",\"name\":\"Mesopolhis\",\"url\":\"https:\\\/\\\/mesopolhis.fr\\\/\",\"logo\":{\"@type\":\"ImageObject\",\"inLanguage\":\"en-GB\",\"@id\":\"https:\\\/\\\/mesopolhis.fr\\\/#\\\/schema\\\/logo\\\/image\\\/\",\"url\":\"https:\\\/\\\/mesopolhis.fr\\\/wp-content\\\/uploads\\\/2021\\\/12\\\/Logo_MESOPOLHIS_Quadri.png\",\"contentUrl\":\"https:\\\/\\\/mesopolhis.fr\\\/wp-content\\\/uploads\\\/2021\\\/12\\\/Logo_MESOPOLHIS_Quadri.png\",\"width\":264,\"height\":69,\"caption\":\"Mesopolhis\"},\"image\":{\"@id\":\"https:\\\/\\\/mesopolhis.fr\\\/#\\\/schema\\\/logo\\\/image\\\/\"}}]}<\/script>\n<!-- \/ Yoast SEO plugin. -->","yoast_head_json":{"title":"Our commitments - Mesopolhis","robots":{"index":"index","follow":"follow","max-snippet":"max-snippet:-1","max-image-preview":"max-image-preview:large","max-video-preview":"max-video-preview:-1"},"canonical":"https:\/\/mesopolhis.fr\/en\/the-laboratory\/our-commitments\/","og_locale":"en_GB","og_type":"article","og_title":"Nos engagements - Mesopolhis","og_description":"Accueil &raquo; Le laboratoire &raquo; Nos engagements Nos engagements D\u00e9veloppement durable Mesopolhis inscrit son action dans une d\u00e9marche de responsabilit\u00e9 environnementale. Vanina BEAUCHAMPS-ASSALI, est la nouvelle correspondante D\u00e9veloppement Durable pour la MMSH. Un grand nombre de mesures concr\u00e8tes (Eco-gestes \u00e9nerg\u00e9tiques, d\u00e9mat\u00e9rialisation, bonnes pratiques num\u00e9riques) ont d&rsquo;ores et d\u00e9j\u00e0 pu \u00eatre prises.\u00a0 Parall\u00e8lement, le travail de&hellip;","og_url":"https:\/\/mesopolhis.fr\/en\/the-laboratory\/our-commitments\/","og_site_name":"Mesopolhis","article_modified_time":"2025-01-08T14:19:11+00:00","og_image":[{"url":"https:\/\/mesopolhis.fr\/wp-content\/uploads\/2022\/01\/003-planet-earth.png","type":"","width":"","height":""}],"twitter_card":"summary_large_image","twitter_misc":{"Estimated reading time":"5 minutes"},"schema":{"@context":"https:\/\/schema.org","@graph":[{"@type":"WebPage","@id":"https:\/\/mesopolhis.fr\/le-laboratoire\/nos-engagements\/","url":"https:\/\/mesopolhis.fr\/le-laboratoire\/nos-engagements\/","name":"Our commitments - Mesopolhis","isPartOf":{"@id":"https:\/\/mesopolhis.fr\/#website"},"primaryImageOfPage":{"@id":"https:\/\/mesopolhis.fr\/le-laboratoire\/nos-engagements\/#primaryimage"},"image":{"@id":"https:\/\/mesopolhis.fr\/le-laboratoire\/nos-engagements\/#primaryimage"},"thumbnailUrl":"https:\/\/mesopolhis.fr\/wp-content\/uploads\/2022\/01\/003-planet-earth.png","datePublished":"2022-01-11T14:48:08+00:00","dateModified":"2025-01-08T14:19:11+00:00","breadcrumb":{"@id":"https:\/\/mesopolhis.fr\/le-laboratoire\/nos-engagements\/#breadcrumb"},"inLanguage":"en-GB","potentialAction":[{"@type":"ReadAction","target":["https:\/\/mesopolhis.fr\/le-laboratoire\/nos-engagements\/"]}]},{"@type":"ImageObject","inLanguage":"en-GB","@id":"https:\/\/mesopolhis.fr\/le-laboratoire\/nos-engagements\/#primaryimage","url":"https:\/\/mesopolhis.fr\/wp-content\/uploads\/2022\/01\/003-planet-earth.png","contentUrl":"https:\/\/mesopolhis.fr\/wp-content\/uploads\/2022\/01\/003-planet-earth.png"},{"@type":"BreadcrumbList","@id":"https:\/\/mesopolhis.fr\/le-laboratoire\/nos-engagements\/#breadcrumb","itemListElement":[{"@type":"ListItem","position":1,"name":"Accueil","item":"https:\/\/mesopolhis.fr\/"},{"@type":"ListItem","position":2,"name":"Le laboratoire","item":"https:\/\/mesopolhis.fr\/le-laboratoire\/"},{"@type":"ListItem","position":3,"name":"Nos engagements"}]},{"@type":"WebSite","@id":"https:\/\/mesopolhis.fr\/#website","url":"https:\/\/mesopolhis.fr\/","name":"Mesopolhis","description":"Mediterranean Centre for Sociology, Political Science and History","publisher":{"@id":"https:\/\/mesopolhis.fr\/#organization"},"potentialAction":[{"@type":"SearchAction","target":{"@type":"EntryPoint","urlTemplate":"https:\/\/mesopolhis.fr\/?s={search_term_string}"},"query-input":{"@type":"PropertyValueSpecification","valueRequired":true,"valueName":"search_term_string"}}],"inLanguage":"en-GB"},{"@type":"Organization","@id":"https:\/\/mesopolhis.fr\/#organization","name":"Mesopolhis","url":"https:\/\/mesopolhis.fr\/","logo":{"@type":"ImageObject","inLanguage":"en-GB","@id":"https:\/\/mesopolhis.fr\/#\/schema\/logo\/image\/","url":"https:\/\/mesopolhis.fr\/wp-content\/uploads\/2021\/12\/Logo_MESOPOLHIS_Quadri.png","contentUrl":"https:\/\/mesopolhis.fr\/wp-content\/uploads\/2021\/12\/Logo_MESOPOLHIS_Quadri.png","width":264,"height":69,"caption":"Mesopolhis"},"image":{"@id":"https:\/\/mesopolhis.fr\/#\/schema\/logo\/image\/"}}]}},"_links":{"self":[{"href":"https:\/\/mesopolhis.fr\/en\/wp-json\/wp\/v2\/pages\/418","targetHints":{"allow":["GET"]}}],"collection":[{"href":"https:\/\/mesopolhis.fr\/en\/wp-json\/wp\/v2\/pages"}],"about":[{"href":"https:\/\/mesopolhis.fr\/en\/wp-json\/wp\/v2\/types\/page"}],"author":[{"embeddable":true,"href":"https:\/\/mesopolhis.fr\/en\/wp-json\/wp\/v2\/users\/1"}],"replies":[{"embeddable":true,"href":"https:\/\/mesopolhis.fr\/en\/wp-json\/wp\/v2\/comments?post=418"}],"version-history":[{"count":0,"href":"https:\/\/mesopolhis.fr\/en\/wp-json\/wp\/v2\/pages\/418\/revisions"}],"up":[{"embeddable":true,"href":"https:\/\/mesopolhis.fr\/en\/wp-json\/wp\/v2\/pages\/130"}],"wp:attachment":[{"href":"https:\/\/mesopolhis.fr\/en\/wp-json\/wp\/v2\/media?parent=418"}],"curies":[{"name":"wp","href":"https:\/\/api.w.org\/{rel}","templated":true}]}}