{"id":37617,"date":"2025-07-18T15:41:21","date_gmt":"2025-07-18T13:41:21","guid":{"rendered":"https:\/\/mesopolhis.fr\/?page_id=37617"},"modified":"2025-07-18T15:41:21","modified_gmt":"2025-07-18T13:41:21","slug":"reading-workshop-governing-the-city-bibliography","status":"publish","type":"page","link":"https:\/\/mesopolhis.fr\/en\/research\/cross-cutting-urban-studies\/reading-workshop-governing-the-city-bibliography\/","title":{"rendered":"Reading workshop \"Governing the city\": indicative bibliography"},"content":{"rendered":"<nav id=\"breadcrumbs\" aria-label=\"Breadcrumbs\"><a href=\"https:\/\/mesopolhis.fr\/en\/\">Home<\/a> \" <a href=\"https:\/\/mesopolhis.fr\/en\/research\/\">Search<\/a> \" <a href=\"https:\/\/mesopolhis.fr\/en\/research\/cross-cutting-urban-studies\/\">Urban studies\" cross-cutting theme<\/a> &raquo; Atelier de Lecture \u00ab\u00a0Gouverner la ville\u00a0\u00bb : bibliographie indicative<\/nav><h1>\n\t\tReading Workshop \"Governing the City<br \/>Indicative bibliography\n\t<\/h1>\n\t<p>Abers, R (2019). \u00ab\u00a0Bureaucratic Activism: Pursuing Environmentalism Inside the Brazilian State.\u00a0\u00bb <em>Latin American Politics and Society<\/em>, 61(2), pp. 22-44.<\/p>\n<p>Abers, R. and Keck, M. 2013. <em>Practical Authority: Agency and institutional change in Brazilian water politics<\/em>. New York: Oxford University Press.<\/p>\n<p>Abers, R. and Tatagiba, L. 2015. &lsquo;Institutional activism: Mobilising for women&rsquo;s health from inside the Brazilian bureaucracy&rsquo;. In <em>Social Movement Dynamics: New perspectives on theory and research from Latin America<\/em>, edited by F. Rossi and M. von B\u00fclow, 73-101. London: Ashgate.<\/p>\n<p>Aguilera, T. 2017. <em>Governing Urban Illegalisms: Public Policies on Squats and Shantytowns in the Regions of Paris and Madrid<\/em>. Paris: Dalloz.<\/p>\n<p>Banaszak LA (2010). <em>The Women&rsquo;s Movement Inside and Outside the State<\/em>. New York: Cambridge University Press.<\/p>\n<p>Barrier, J., Pillon, J.M. and Qu\u00e9r\u00e9, O. 2015. &lsquo;Les cadres interm\u00e9diaires de la fonction publique. Travail administratif et recompositions manag\u00e9riales de l&rsquo;\u00c9tat&rsquo;, <em>Government and Public Action<\/em> 4(4): 9-32.<\/p>\n<p>B\u00e9nit-Gbaffou C, 2024, \u00ab\u00a0Is there a &lsquo;left art&rsquo; of city government? A view from post-apartheid South Africa\u00a0\u00bb, in B\u00e9nit-Gbaffou C (ed), <em>Local officials and the struggle to transform cities<\/em>. London: UCL Press, 387-417.<\/p>\n<p>Bracho Y, 2020, L&rsquo;\u00e9conomie morale de la revolution. \u00c9changes politiques entre l&rsquo;administration et les associations populaires au Venezuela. <em>Contemporary societies<\/em>118, pp. 79-102.<\/p>\n<p>Bourdieu, P. 1991. &lsquo;Une mission impossible. Entretien avec Pascale Raymon, chef de projet dans le Nord de la France&rsquo;, <em>Actes de la Recherche en Sciences Sociales<\/em> 90: 84-94.<\/p>\n<p>Clavel, P. (2010). <em>Activists in City Hall. The progressive Response to the Reagan Era in Boston and Chicago<\/em>. New York: Cornell University Press.Joshi and Moore on co-production.<\/p>\n<p>Cosson, A. 2015. &lsquo;Construire son autonomie sous contrainte. Les directeurs de parcs nationaux entre desserrement et resserrement du verrou de l&rsquo;\u00c9tat&rsquo;, <em>Government and Public Action<\/em> 4(4): 153-71.<\/p>\n<p>Dagnino E, Tatagiba L, 2010, Mouvements sociaux et participation institutionnelle : r\u00e9pertoires d&rsquo;action collective et dynamiques culturelles dans la difficile construction de la d\u00e9mocratie br\u00e9silienne. <em>International Journal of Comparative Politics<\/em>, 2(27, 167-185.<\/p>\n<p>Domhoff, G. (2011). Why San Francisco Is (or Used to Be) Different: Progressive Activists and Neighborhoods Had a Big Impact. In Domhoff G, <em>Who rules America?<\/em> <a href=\"http:\/\/www2.ucsc.edu\/whorulesamerica\/local\/san_francisco.html\">http:\/\/www2.ucsc.edu\/whorulesamerica\/local\/san_francisco.html<\/a><\/p>\n<p>Dowbor M, Houtzager P (2014), The Role of Professionals in Policy Reform: Cases from the City Level, S\u00e3o Paulo. <em>Latin American Politics and Society<\/em>, 56(3).<\/p>\n<p>Jeannot, G. and Goodchild, B. 2011. &lsquo;Fuzzy jobs in local partnerships: Case studies of urban and rural regeneration in France and England&rsquo;, <em>Public Administration<\/em> 89(3): 1110-27.<\/p>\n<p>Katzenstein M, 2012, Quand la contestation se d\u00e9ploie dans les institutions, <em>Contemporary society<\/em>, 85(1), 11-131.<\/p>\n<p>Krumholz, N. and Clavel, P. 1994. <em>Reinventing Cities: Equity planners tell their stories<\/em>. Philadelphia: Temple University Press.<\/p>\n<p>Laurens, S. 2008. &lsquo;Les agents de l&rsquo;Etat face \u00e0 leur propre pouvoir. \u00c9l\u00e9ments pour une microanalyse des mots griffonn\u00e9s en marge des d\u00e9cisions officielles&rsquo;, Gen\u00e8ses 3(72): 26-41.<\/p>\n<p>Needleman M &amp; Needleman C (1974), <em>Guerrillas in the Bureaucracy: The Community Planning Experiment in the United States<\/em>. New York: Wiley.<\/p>\n<p>Pettinicchio D, 2012. Institutional Activism: Reconsidering the Insider\/Outsider Dichotomy in Social Movements, <em>Sociology Compass<\/em> 6, pp. 499-510.<\/p>\n<p>Reveilleres C, Prauthois L, P\u00e9lisse J, 2022. Droit et temporalit\u00e9s : rythmes, pr\u00e9visions et rapports de pouvoir. <em>Law and society<\/em>2(111), pp. 235-249.<\/p>\n<p>Santoro, W. A., &amp; McGuire, G. M. (1997). Social movement insiders: The impact of institutional activists on affirmative action and comparable worth policies. <em>Social Issues<\/em>, 44(4), 503-519.<\/p>\n<p>Seippel \u00d8, 2001, From Mobilization to Institutionalization? The Case of Norwegian Environmentalism. <em>Acta Sociologica<\/em>, 44(2), 123-137.<\/p>\n<p>Stone, C. 1995. &lsquo;Political leadership in urban politics&rsquo;. In <em>Theories of Urban Politics<\/em>, edited by D. Judge, G. Stoker, and H. Wolman, 96-116. London: Sage.<\/p>\n<p>Tendler, J. 1997. <em>Good Governance in the Tropics<\/em>. Baltimore: John Hopkins University Press.<\/p>\n<p>Van Der Heijden H (1997) Political opportunity structure and the institutionalisation of the environmental movement, <em>Environmental Politics<\/em>, 6:4, 25-50.<\/p>\n<p>Verhoeven I &amp; Duyvendak JW (2017) Understanding governmental activism, <em>Social Movement Studies<\/em>, 16:5, 564-577.<\/p>","protected":false},"excerpt":{"rendered":"<p>Accueil &raquo; Recherche &raquo; Axe transversal\u00a0\u00ab\u00a0\u00c9tudes urbaines\u00a0\u00bb &raquo; Atelier de Lecture \u00ab\u00a0Gouverner la ville\u00a0\u00bb : bibliographie indicative Atelier de Lecture \u00ab\u00a0Gouverner la ville\u00a0\u00bbBibliographie indicative Abers, R (2019). \u00ab\u00a0Bureaucratic Activism: Pursuing Environmentalism Inside the Brazilian State.\u00a0\u00bb Latin American Politics and Society, 61(2), pp. 22-44. Abers, R. and Keck, M. 2013. Practical Authority: Agency and institutional change&hellip;<\/p>","protected":false},"author":343,"featured_media":0,"parent":32418,"menu_order":0,"comment_status":"closed","ping_status":"closed","template":"","meta":{"_acf_changed":false,"inline_featured_image":false,"footnotes":""},"class_list":["post-37617","page","type-page","status-publish","hentry"],"acf":[],"yoast_head":"<!-- This site is optimized with the Yoast SEO plugin v27.3 - https:\/\/yoast.com\/product\/yoast-seo-wordpress\/ -->\n<title>Atelier de Lecture \u00ab\u00a0Gouverner la ville\u00a0\u00bb : bibliographie indicative - Mesopolhis<\/title>\n<meta name=\"robots\" content=\"index, follow, max-snippet:-1, max-image-preview:large, max-video-preview:-1\" \/>\n<link rel=\"canonical\" href=\"https:\/\/mesopolhis.fr\/en\/research\/cross-cutting-urban-studies\/reading-workshop-governing-the-city-bibliography\/\" \/>\n<meta property=\"og:locale\" content=\"en_GB\" \/>\n<meta property=\"og:type\" content=\"article\" \/>\n<meta property=\"og:title\" content=\"Atelier de Lecture \u00ab\u00a0Gouverner la ville\u00a0\u00bb : bibliographie indicative - Mesopolhis\" \/>\n<meta property=\"og:description\" content=\"Accueil &raquo; Recherche &raquo; Axe transversal\u00a0\u00ab\u00a0\u00c9tudes urbaines\u00a0\u00bb &raquo; Atelier de Lecture \u00ab\u00a0Gouverner la ville\u00a0\u00bb : bibliographie indicative Atelier de Lecture \u00ab\u00a0Gouverner la ville\u00a0\u00bbBibliographie indicative Abers, R (2019). \u00ab\u00a0Bureaucratic Activism: Pursuing Environmentalism Inside the Brazilian State.\u00a0\u00bb Latin American Politics and Society, 61(2), pp. 22-44. Abers, R. and Keck, M. 2013. Practical Authority: Agency and institutional change&hellip;\" \/>\n<meta property=\"og:url\" content=\"https:\/\/mesopolhis.fr\/en\/research\/cross-cutting-urban-studies\/reading-workshop-governing-the-city-bibliography\/\" \/>\n<meta property=\"og:site_name\" content=\"Mesopolhis\" \/>\n<meta name=\"twitter:card\" content=\"summary_large_image\" \/>\n<meta name=\"twitter:label1\" content=\"Estimated reading time\" \/>\n\t<meta name=\"twitter:data1\" content=\"2 minutes\" \/>\n<script type=\"application\/ld+json\" class=\"yoast-schema-graph\">{\"@context\":\"https:\\\/\\\/schema.org\",\"@graph\":[{\"@type\":\"WebPage\",\"@id\":\"https:\\\/\\\/mesopolhis.fr\\\/recherche\\\/axe-transversal-etudes-urbaines\\\/atelier-de-lecture-gouverner-la-ville-bibliographie\\\/\",\"url\":\"https:\\\/\\\/mesopolhis.fr\\\/recherche\\\/axe-transversal-etudes-urbaines\\\/atelier-de-lecture-gouverner-la-ville-bibliographie\\\/\",\"name\":\"Atelier de Lecture \u00ab\u00a0Gouverner la ville\u00a0\u00bb : bibliographie indicative - Mesopolhis\",\"isPartOf\":{\"@id\":\"https:\\\/\\\/mesopolhis.fr\\\/#website\"},\"datePublished\":\"2025-07-18T13:41:21+00:00\",\"breadcrumb\":{\"@id\":\"https:\\\/\\\/mesopolhis.fr\\\/recherche\\\/axe-transversal-etudes-urbaines\\\/atelier-de-lecture-gouverner-la-ville-bibliographie\\\/#breadcrumb\"},\"inLanguage\":\"en-GB\",\"potentialAction\":[{\"@type\":\"ReadAction\",\"target\":[\"https:\\\/\\\/mesopolhis.fr\\\/recherche\\\/axe-transversal-etudes-urbaines\\\/atelier-de-lecture-gouverner-la-ville-bibliographie\\\/\"]}]},{\"@type\":\"BreadcrumbList\",\"@id\":\"https:\\\/\\\/mesopolhis.fr\\\/recherche\\\/axe-transversal-etudes-urbaines\\\/atelier-de-lecture-gouverner-la-ville-bibliographie\\\/#breadcrumb\",\"itemListElement\":[{\"@type\":\"ListItem\",\"position\":1,\"name\":\"Accueil\",\"item\":\"https:\\\/\\\/mesopolhis.fr\\\/\"},{\"@type\":\"ListItem\",\"position\":2,\"name\":\"Recherche\",\"item\":\"https:\\\/\\\/mesopolhis.fr\\\/recherche\\\/\"},{\"@type\":\"ListItem\",\"position\":3,\"name\":\"Axe transversal\u00a0\u00ab\u00a0\u00c9tudes urbaines\u00a0\u00bb\",\"item\":\"https:\\\/\\\/mesopolhis.fr\\\/recherche\\\/axe-transversal-etudes-urbaines\\\/\"},{\"@type\":\"ListItem\",\"position\":4,\"name\":\"Atelier de Lecture \u00ab\u00a0Gouverner la ville\u00a0\u00bb : bibliographie indicative\"}]},{\"@type\":\"WebSite\",\"@id\":\"https:\\\/\\\/mesopolhis.fr\\\/#website\",\"url\":\"https:\\\/\\\/mesopolhis.fr\\\/\",\"name\":\"Mesopolhis\",\"description\":\"Centre m\u00e9diterran\u00e9en de sociologie, de science politique et d&#039;histoire\",\"publisher\":{\"@id\":\"https:\\\/\\\/mesopolhis.fr\\\/#organization\"},\"potentialAction\":[{\"@type\":\"SearchAction\",\"target\":{\"@type\":\"EntryPoint\",\"urlTemplate\":\"https:\\\/\\\/mesopolhis.fr\\\/?s={search_term_string}\"},\"query-input\":{\"@type\":\"PropertyValueSpecification\",\"valueRequired\":true,\"valueName\":\"search_term_string\"}}],\"inLanguage\":\"en-GB\"},{\"@type\":\"Organization\",\"@id\":\"https:\\\/\\\/mesopolhis.fr\\\/#organization\",\"name\":\"Mesopolhis\",\"url\":\"https:\\\/\\\/mesopolhis.fr\\\/\",\"logo\":{\"@type\":\"ImageObject\",\"inLanguage\":\"en-GB\",\"@id\":\"https:\\\/\\\/mesopolhis.fr\\\/#\\\/schema\\\/logo\\\/image\\\/\",\"url\":\"https:\\\/\\\/mesopolhis.fr\\\/wp-content\\\/uploads\\\/2021\\\/12\\\/Logo_MESOPOLHIS_Quadri.png\",\"contentUrl\":\"https:\\\/\\\/mesopolhis.fr\\\/wp-content\\\/uploads\\\/2021\\\/12\\\/Logo_MESOPOLHIS_Quadri.png\",\"width\":264,\"height\":69,\"caption\":\"Mesopolhis\"},\"image\":{\"@id\":\"https:\\\/\\\/mesopolhis.fr\\\/#\\\/schema\\\/logo\\\/image\\\/\"}}]}<\/script>\n<!-- \/ Yoast SEO plugin. -->","yoast_head_json":{"title":"Reading workshop on \"Governing the city\": indicative bibliography - Mesopolhis","robots":{"index":"index","follow":"follow","max-snippet":"max-snippet:-1","max-image-preview":"max-image-preview:large","max-video-preview":"max-video-preview:-1"},"canonical":"https:\/\/mesopolhis.fr\/en\/research\/cross-cutting-urban-studies\/reading-workshop-governing-the-city-bibliography\/","og_locale":"en_GB","og_type":"article","og_title":"Atelier de Lecture \u00ab\u00a0Gouverner la ville\u00a0\u00bb : bibliographie indicative - Mesopolhis","og_description":"Accueil &raquo; Recherche &raquo; Axe transversal\u00a0\u00ab\u00a0\u00c9tudes urbaines\u00a0\u00bb &raquo; Atelier de Lecture \u00ab\u00a0Gouverner la ville\u00a0\u00bb : bibliographie indicative Atelier de Lecture \u00ab\u00a0Gouverner la ville\u00a0\u00bbBibliographie indicative Abers, R (2019). \u00ab\u00a0Bureaucratic Activism: Pursuing Environmentalism Inside the Brazilian State.\u00a0\u00bb Latin American Politics and Society, 61(2), pp. 22-44. Abers, R. and Keck, M. 2013. Practical Authority: Agency and institutional change&hellip;","og_url":"https:\/\/mesopolhis.fr\/en\/research\/cross-cutting-urban-studies\/reading-workshop-governing-the-city-bibliography\/","og_site_name":"Mesopolhis","twitter_card":"summary_large_image","twitter_misc":{"Estimated reading time":"2 minutes"},"schema":{"@context":"https:\/\/schema.org","@graph":[{"@type":"WebPage","@id":"https:\/\/mesopolhis.fr\/recherche\/axe-transversal-etudes-urbaines\/atelier-de-lecture-gouverner-la-ville-bibliographie\/","url":"https:\/\/mesopolhis.fr\/recherche\/axe-transversal-etudes-urbaines\/atelier-de-lecture-gouverner-la-ville-bibliographie\/","name":"Reading workshop on \"Governing the city\": indicative bibliography - Mesopolhis","isPartOf":{"@id":"https:\/\/mesopolhis.fr\/#website"},"datePublished":"2025-07-18T13:41:21+00:00","breadcrumb":{"@id":"https:\/\/mesopolhis.fr\/recherche\/axe-transversal-etudes-urbaines\/atelier-de-lecture-gouverner-la-ville-bibliographie\/#breadcrumb"},"inLanguage":"en-GB","potentialAction":[{"@type":"ReadAction","target":["https:\/\/mesopolhis.fr\/recherche\/axe-transversal-etudes-urbaines\/atelier-de-lecture-gouverner-la-ville-bibliographie\/"]}]},{"@type":"BreadcrumbList","@id":"https:\/\/mesopolhis.fr\/recherche\/axe-transversal-etudes-urbaines\/atelier-de-lecture-gouverner-la-ville-bibliographie\/#breadcrumb","itemListElement":[{"@type":"ListItem","position":1,"name":"Accueil","item":"https:\/\/mesopolhis.fr\/"},{"@type":"ListItem","position":2,"name":"Recherche","item":"https:\/\/mesopolhis.fr\/recherche\/"},{"@type":"ListItem","position":3,"name":"Axe transversal\u00a0\u00ab\u00a0\u00c9tudes urbaines\u00a0\u00bb","item":"https:\/\/mesopolhis.fr\/recherche\/axe-transversal-etudes-urbaines\/"},{"@type":"ListItem","position":4,"name":"Atelier de Lecture \u00ab\u00a0Gouverner la ville\u00a0\u00bb : bibliographie indicative"}]},{"@type":"WebSite","@id":"https:\/\/mesopolhis.fr\/#website","url":"https:\/\/mesopolhis.fr\/","name":"Mesopolhis","description":"Mediterranean Centre for Sociology, Political Science and History","publisher":{"@id":"https:\/\/mesopolhis.fr\/#organization"},"potentialAction":[{"@type":"SearchAction","target":{"@type":"EntryPoint","urlTemplate":"https:\/\/mesopolhis.fr\/?s={search_term_string}"},"query-input":{"@type":"PropertyValueSpecification","valueRequired":true,"valueName":"search_term_string"}}],"inLanguage":"en-GB"},{"@type":"Organization","@id":"https:\/\/mesopolhis.fr\/#organization","name":"Mesopolhis","url":"https:\/\/mesopolhis.fr\/","logo":{"@type":"ImageObject","inLanguage":"en-GB","@id":"https:\/\/mesopolhis.fr\/#\/schema\/logo\/image\/","url":"https:\/\/mesopolhis.fr\/wp-content\/uploads\/2021\/12\/Logo_MESOPOLHIS_Quadri.png","contentUrl":"https:\/\/mesopolhis.fr\/wp-content\/uploads\/2021\/12\/Logo_MESOPOLHIS_Quadri.png","width":264,"height":69,"caption":"Mesopolhis"},"image":{"@id":"https:\/\/mesopolhis.fr\/#\/schema\/logo\/image\/"}}]}},"_links":{"self":[{"href":"https:\/\/mesopolhis.fr\/en\/wp-json\/wp\/v2\/pages\/37617","targetHints":{"allow":["GET"]}}],"collection":[{"href":"https:\/\/mesopolhis.fr\/en\/wp-json\/wp\/v2\/pages"}],"about":[{"href":"https:\/\/mesopolhis.fr\/en\/wp-json\/wp\/v2\/types\/page"}],"author":[{"embeddable":true,"href":"https:\/\/mesopolhis.fr\/en\/wp-json\/wp\/v2\/users\/343"}],"replies":[{"embeddable":true,"href":"https:\/\/mesopolhis.fr\/en\/wp-json\/wp\/v2\/comments?post=37617"}],"version-history":[{"count":0,"href":"https:\/\/mesopolhis.fr\/en\/wp-json\/wp\/v2\/pages\/37617\/revisions"}],"up":[{"embeddable":true,"href":"https:\/\/mesopolhis.fr\/en\/wp-json\/wp\/v2\/pages\/32418"}],"wp:attachment":[{"href":"https:\/\/mesopolhis.fr\/en\/wp-json\/wp\/v2\/media?parent=37617"}],"curies":[{"name":"wp","href":"https:\/\/api.w.org\/{rel}","templated":true}]}}