{"id":37584,"date":"2025-07-18T11:34:55","date_gmt":"2025-07-18T09:34:55","guid":{"rendered":"https:\/\/mesopolhis.fr\/?page_id=37584"},"modified":"2025-08-22T13:59:24","modified_gmt":"2025-08-22T11:59:24","slug":"archives-reading-workshop-governing-the-city","status":"publish","type":"page","link":"https:\/\/mesopolhis.fr\/en\/research\/cross-cutting-urban-studies\/archives-reading-workshop-governing-the-city\/","title":{"rendered":"Archives of the \"Governing the city\" reading workshop"},"content":{"rendered":"<nav id=\"breadcrumbs\" aria-label=\"Breadcrumbs\"><a href=\"https:\/\/mesopolhis.fr\/en\/\">Home<\/a> \" <a href=\"https:\/\/mesopolhis.fr\/en\/research\/\">Search<\/a> \" <a href=\"https:\/\/mesopolhis.fr\/en\/research\/cross-cutting-urban-studies\/\">Urban studies\" cross-cutting theme<\/a> &raquo; Archives de l&rsquo;atelier de lecture \u00ab\u00a0Gouverner la ville\u00a0\u00bb<\/nav><h1>\n\t\tArchives de l&rsquo;Atelier de Lecture<br \/>\"Governing the city\n\t<\/h1>\n<h2>\n\t\tTimetable and schedule (2021-2022)\n\t<\/h2>\n\t<blockquote><p>Nous avons souhait\u00e9 commencer l&rsquo;atelier (2021-22), par la lecture des textes \u00ab classiques \u00bb nord-am\u00e9ricains appartenant aux <em>community (power) studies<\/em> A reference point and inspiration for our own research work, which we feel is little known in France. To get to the heart of the <em>Community Power Studies<\/em>we focused on the debate between elitist theories (<em>Elitist<\/em>) and polyarchic theories (<em>Pluralist<\/em>) of power and structures the controversy around \"who governs the city?<\/p><\/blockquote>\n<p>Les \u00e9tudes s&rsquo;inscrivant dans les<em>\u00a0community studies<\/em>\u00a0am\u00e9ricaines partent de petites et moyennes villes pour ensuite s&rsquo;\u00e9largir, dans les ann\u00e9es 1950-1970, aux plus grandes villes avec un d\u00e9veloppement de la controverse sur la nature oligarchique ou polyarchique du pouvoir \u00e0 l&rsquo;\u00e9chelle urbaine. Elles analysent ainsi, \u00e0 partir de monographies urbaines, les figures du \u00ab\u00a0boss\u00a0\u00bb et les machines politiques, en passant par les coalitions de croissance et les r\u00e9gimes urbains, puis par les sociologies urbaines marxistes des ann\u00e9es 1970-1980 jusqu&rsquo;\u00e0 arriver aux travaux sur la gouvernance urbaine et sa n\u00e9olib\u00e9ralisation.<\/p>\n<table data-tablesaw-minimap>\n\t\t\t<thead>\n\t\t<tr>\n\t\t\t<th id=\"pp-table-col-1\" scope=\"col\" data-tablesaw-sortable-col>\t\t\t\t\t\n\t\t\t\t\t\t\t\t\t\t\t\tTheme\t\t\t\t\t\n\t\t\t\t\t<\/th><th id=\"pp-table-col-2\" scope=\"col\" data-tablesaw-sortable-col>\t\t\t\t\t\n\t\t\t\t\t\t\t\t\t\t\t\tAuthor(s)\t\t\t\t\t\n\t\t\t\t\t<\/th><th id=\"pp-table-col-3\" scope=\"col\" data-tablesaw-sortable-col>\t\t\t\t\t\n\t\t\t\t\t\t\t\t\t\t\t\tDate and place\t\t\t\t\t\n\t\t\t\t\t<\/th><th id=\"pp-table-col-4\" scope=\"col\" data-tablesaw-sortable-col>\t\t\t\t\t\n\t\t\t\t\t\t\t\t\t\t\t\tText presentation(s)\t\t\t\t\t\n\t\t\t\t\t<\/th><th id=\"pp-table-col-5\" scope=\"col\" data-tablesaw-sortable-col>\t\t\t\t\t\n\t\t\t\t\t\t\t\t\t\t\t\tReport\t\t\t\t\t\n\t\t\t\t\t<\/th>\t\t<\/tr>\n\t<\/thead>\n\t\t<tbody>\n\t\t<tr data-row-index=\"1\"><td>Pr\u00e9sentation de l&rsquo;id\u00e9e d&rsquo;atelier et s\u00e9ance sur\u00a0:\u00a0Community Power studies\u00a0&#8211; le d\u00e9bat entre th\u00e9ories \u00e9litistes et polyarchiques du pouvoir (1)<\/td><td>Floyd Hunter \/ Robert Dahl<\/td><td>24 June 2021 2pm-4.30pm EPS room 105<\/td><td><a href=\"https:\/\/mesopolhis.fr\/wp-content\/uploads\/2025\/08\/1.-Blurb-seance-1.pdf\">Session 1<\/a><\/td><td><a href=\"https:\/\/mesopolhis.fr\/wp-content\/uploads\/2025\/08\/1.-CR-Seance-1_CBG-CM.pdf\">CR 1<\/a><\/td><\/tr><tr data-row-index=\"2\"><td>Community Power studies\u00a0&#8211; le d\u00e9bat entre th\u00e9ories \u00e9litistes et polyarchiques du pouvoir (2)<\/td><td>Peter Bachrach and Morton Baratz \/ William Domhoff \/ Clarence Stone<\/td><td>30 September 2021 MMSH room A154 2pm-4.30pm<\/td><td><a href=\"https:\/\/mesopolhis.fr\/wp-content\/uploads\/2025\/08\/2.-Blurb-seance-2.pdf \">Session 2<\/a><\/td><td><a href=\"https:\/\/mesopolhis.fr\/wp-content\/uploads\/2025\/08\/2.-CR-Seance-2_CBG-CM_final.pdf\">CR 2<\/a><\/td><\/tr><tr data-row-index=\"3\"><td>Les stratifications de classes en ville et \u00ab\u00a0le politique sans en avoir l&rsquo;air\u00a0\u00bb. Les\u00a0community studies\u00a0de Robert et Helen Lynd et de William Lloyd Warner dans les petites villes am\u00e9ricaines (ann\u00e9es 1920-1940)<\/td><td>Helen and Robert Lynd \/ Lloyd Warner<\/td><td>2 December 2021, MMSH room A154<\/td><td><a href=\"https:\/\/mesopolhis.fr\/wp-content\/uploads\/2025\/08\/3.-Seance-3-blurb.pdf \">Session 3<\/a><\/td><td>-<\/td><\/tr><tr data-row-index=\"4\"><td>Community Power studies\u00a0&#8211; le d\u00e9bat entre th\u00e9ories \u00e9litistes et polyarchiques du pouvoir (3) &#8211; la tyrannie de la croissance<\/td><td>John Logan and Harvey Molotch, Urban Fortunes<\/td><td>Friday 28 January 2022, EPS 105 2pm-4.30pm<\/td><td><a href=\"https:\/\/mesopolhis.fr\/wp-content\/uploads\/2025\/08\/4.-Blurb-seance-4.pdf\">Session 4<\/a><\/td><td><a href=\"https:\/\/mesopolhis.fr\/wp-content\/uploads\/2025\/08\/4.-CR-Seance-4-Logan-Molotch.pdf\">CR 4<\/a><\/td><\/tr><tr data-row-index=\"5\"><td>Construire des coalitions pour agir sur la ville &#8211;\u00a0power to, power over\/ r\u00e9gimes urbains<\/td><td>Clarence Stone (with S\u00e9bastien Lambelet)<\/td><td>25 February 2022 EPS 105 2pm-4.30pm<\/td><td><a href=\"https:\/\/mesopolhis.fr\/wp-content\/uploads\/2025\/08\/5.-Blurb-seance-5.pdf\">Session 5<\/a><\/td><td><a href=\"https:\/\/mesopolhis.fr\/wp-content\/uploads\/2025\/08\/5.-CR_Seance-5_Clarence-Stone-FINAL.pdf\">CR 5<\/a><\/td><\/tr><tr data-row-index=\"6\"><td>From \"urban regimes\" to \"urban orders\" to understand city government?<\/td><td>Clarence Stone (2) (with S\u00e9bastien Lambelet)<\/td><td>19 May 2022 EPS 105 2pm-4.30pm<\/td><td><a href=\"https:\/\/mesopolhis.fr\/wp-content\/uploads\/2025\/08\/6.-Blurb_atelier-Gouverner-la-ville_Stone.pdf \">Session 6<\/a><\/td><td>-<\/td><\/tr><tr data-row-index=\"7\"><td>Gouverner la ville sous contraintes &amp; bilan et capitalisation des ateliers pour l&rsquo;ann\u00e9e suivante (2022-2023)<\/td><td>Paul Peterson, City Limits (With Gilles Pinson)<\/td><td>16 June 2022 MMSH, room A154 2pm-4.30pm<\/td><td><a href=\"https:\/\/mesopolhis.fr\/wp-content\/uploads\/2025\/08\/7.-Blurb-seance-7_Peterson.pdf \">Session 7<\/a><\/td><td>-<\/td><\/tr>\t<\/tbody>\n<\/table>\n<h2>\n\t\t2022-2024\n\t<\/h2>\n\t<blockquote><p>Cet atelier de lecture s&rsquo;est poursuivi en 2022-2023 et 2023-2024 par un s\u00e9minaire hebdomadaire de lecture en anglais, propos\u00e9 aux \u00e9tudiants de Master de Sciences Po Aix.<\/p><\/blockquote>","protected":false},"excerpt":{"rendered":"<p>Accueil &raquo; Recherche &raquo; Axe transversal\u00a0\u00ab\u00a0\u00c9tudes urbaines\u00a0\u00bb &raquo; Archives de l&rsquo;atelier de lecture \u00ab\u00a0Gouverner la ville\u00a0\u00bb Archives de l&rsquo;Atelier de Lecture\u00ab\u00a0Gouverner la ville\u00a0\u00bb Calendrier et d\u00e9roulement (2021-2022) Nous avons souhait\u00e9 commencer l&rsquo;atelier (2021-22), par la lecture des textes \u00ab classiques \u00bb nord-am\u00e9ricains appartenant aux community (power) studies : une r\u00e9f\u00e9rence et une inspiration dans nos&hellip;<\/p>","protected":false},"author":343,"featured_media":0,"parent":32418,"menu_order":0,"comment_status":"closed","ping_status":"closed","template":"","meta":{"_acf_changed":false,"inline_featured_image":false,"footnotes":""},"class_list":["post-37584","page","type-page","status-publish","hentry"],"acf":[],"yoast_head":"<!-- This site is optimized with the Yoast SEO plugin v27.3 - https:\/\/yoast.com\/product\/yoast-seo-wordpress\/ -->\n<title>Archives de l&#039;atelier de lecture \u00ab\u00a0Gouverner la ville\u00a0\u00bb - Mesopolhis<\/title>\n<meta name=\"robots\" content=\"index, follow, max-snippet:-1, max-image-preview:large, max-video-preview:-1\" \/>\n<link rel=\"canonical\" href=\"https:\/\/mesopolhis.fr\/en\/research\/cross-cutting-urban-studies\/archives-reading-workshop-governing-the-city\/\" \/>\n<meta property=\"og:locale\" content=\"en_GB\" \/>\n<meta property=\"og:type\" content=\"article\" \/>\n<meta property=\"og:title\" content=\"Archives de l&#039;atelier de lecture \u00ab\u00a0Gouverner la ville\u00a0\u00bb - Mesopolhis\" \/>\n<meta property=\"og:description\" content=\"Accueil &raquo; Recherche &raquo; Axe transversal\u00a0\u00ab\u00a0\u00c9tudes urbaines\u00a0\u00bb &raquo; Archives de l&rsquo;atelier de lecture \u00ab\u00a0Gouverner la ville\u00a0\u00bb Archives de l&rsquo;Atelier de Lecture\u00ab\u00a0Gouverner la ville\u00a0\u00bb Calendrier et d\u00e9roulement (2021-2022) Nous avons souhait\u00e9 commencer l&rsquo;atelier (2021-22), par la lecture des textes \u00ab classiques \u00bb nord-am\u00e9ricains appartenant aux community (power) studies : une r\u00e9f\u00e9rence et une inspiration dans nos&hellip;\" \/>\n<meta property=\"og:url\" content=\"https:\/\/mesopolhis.fr\/en\/research\/cross-cutting-urban-studies\/archives-reading-workshop-governing-the-city\/\" \/>\n<meta property=\"og:site_name\" content=\"Mesopolhis\" \/>\n<meta property=\"article:modified_time\" content=\"2025-08-22T11:59:24+00:00\" \/>\n<meta name=\"twitter:card\" content=\"summary_large_image\" \/>\n<meta name=\"twitter:label1\" content=\"Estimated reading time\" \/>\n\t<meta name=\"twitter:data1\" content=\"3 minutes\" \/>\n<script type=\"application\/ld+json\" class=\"yoast-schema-graph\">{\"@context\":\"https:\\\/\\\/schema.org\",\"@graph\":[{\"@type\":\"WebPage\",\"@id\":\"https:\\\/\\\/mesopolhis.fr\\\/recherche\\\/axe-transversal-etudes-urbaines\\\/archives-atelier-de-lecture-gouverner-la-ville\\\/\",\"url\":\"https:\\\/\\\/mesopolhis.fr\\\/recherche\\\/axe-transversal-etudes-urbaines\\\/archives-atelier-de-lecture-gouverner-la-ville\\\/\",\"name\":\"Archives de l'atelier de lecture \u00ab\u00a0Gouverner la ville\u00a0\u00bb - Mesopolhis\",\"isPartOf\":{\"@id\":\"https:\\\/\\\/mesopolhis.fr\\\/#website\"},\"datePublished\":\"2025-07-18T09:34:55+00:00\",\"dateModified\":\"2025-08-22T11:59:24+00:00\",\"breadcrumb\":{\"@id\":\"https:\\\/\\\/mesopolhis.fr\\\/recherche\\\/axe-transversal-etudes-urbaines\\\/archives-atelier-de-lecture-gouverner-la-ville\\\/#breadcrumb\"},\"inLanguage\":\"en-GB\",\"potentialAction\":[{\"@type\":\"ReadAction\",\"target\":[\"https:\\\/\\\/mesopolhis.fr\\\/recherche\\\/axe-transversal-etudes-urbaines\\\/archives-atelier-de-lecture-gouverner-la-ville\\\/\"]}]},{\"@type\":\"BreadcrumbList\",\"@id\":\"https:\\\/\\\/mesopolhis.fr\\\/recherche\\\/axe-transversal-etudes-urbaines\\\/archives-atelier-de-lecture-gouverner-la-ville\\\/#breadcrumb\",\"itemListElement\":[{\"@type\":\"ListItem\",\"position\":1,\"name\":\"Accueil\",\"item\":\"https:\\\/\\\/mesopolhis.fr\\\/\"},{\"@type\":\"ListItem\",\"position\":2,\"name\":\"Recherche\",\"item\":\"https:\\\/\\\/mesopolhis.fr\\\/recherche\\\/\"},{\"@type\":\"ListItem\",\"position\":3,\"name\":\"Axe transversal\u00a0\u00ab\u00a0\u00c9tudes urbaines\u00a0\u00bb\",\"item\":\"https:\\\/\\\/mesopolhis.fr\\\/recherche\\\/axe-transversal-etudes-urbaines\\\/\"},{\"@type\":\"ListItem\",\"position\":4,\"name\":\"Archives de l&rsquo;atelier de lecture \u00ab\u00a0Gouverner la ville\u00a0\u00bb\"}]},{\"@type\":\"WebSite\",\"@id\":\"https:\\\/\\\/mesopolhis.fr\\\/#website\",\"url\":\"https:\\\/\\\/mesopolhis.fr\\\/\",\"name\":\"Mesopolhis\",\"description\":\"Centre m\u00e9diterran\u00e9en de sociologie, de science politique et d&#039;histoire\",\"publisher\":{\"@id\":\"https:\\\/\\\/mesopolhis.fr\\\/#organization\"},\"potentialAction\":[{\"@type\":\"SearchAction\",\"target\":{\"@type\":\"EntryPoint\",\"urlTemplate\":\"https:\\\/\\\/mesopolhis.fr\\\/?s={search_term_string}\"},\"query-input\":{\"@type\":\"PropertyValueSpecification\",\"valueRequired\":true,\"valueName\":\"search_term_string\"}}],\"inLanguage\":\"en-GB\"},{\"@type\":\"Organization\",\"@id\":\"https:\\\/\\\/mesopolhis.fr\\\/#organization\",\"name\":\"Mesopolhis\",\"url\":\"https:\\\/\\\/mesopolhis.fr\\\/\",\"logo\":{\"@type\":\"ImageObject\",\"inLanguage\":\"en-GB\",\"@id\":\"https:\\\/\\\/mesopolhis.fr\\\/#\\\/schema\\\/logo\\\/image\\\/\",\"url\":\"https:\\\/\\\/mesopolhis.fr\\\/wp-content\\\/uploads\\\/2021\\\/12\\\/Logo_MESOPOLHIS_Quadri.png\",\"contentUrl\":\"https:\\\/\\\/mesopolhis.fr\\\/wp-content\\\/uploads\\\/2021\\\/12\\\/Logo_MESOPOLHIS_Quadri.png\",\"width\":264,\"height\":69,\"caption\":\"Mesopolhis\"},\"image\":{\"@id\":\"https:\\\/\\\/mesopolhis.fr\\\/#\\\/schema\\\/logo\\\/image\\\/\"}}]}<\/script>\n<!-- \/ Yoast SEO plugin. -->","yoast_head_json":{"title":"Archives of the \"Governing the city\" reading workshop - Mesopolhis","robots":{"index":"index","follow":"follow","max-snippet":"max-snippet:-1","max-image-preview":"max-image-preview:large","max-video-preview":"max-video-preview:-1"},"canonical":"https:\/\/mesopolhis.fr\/en\/research\/cross-cutting-urban-studies\/archives-reading-workshop-governing-the-city\/","og_locale":"en_GB","og_type":"article","og_title":"Archives de l'atelier de lecture \u00ab\u00a0Gouverner la ville\u00a0\u00bb - Mesopolhis","og_description":"Accueil &raquo; Recherche &raquo; Axe transversal\u00a0\u00ab\u00a0\u00c9tudes urbaines\u00a0\u00bb &raquo; Archives de l&rsquo;atelier de lecture \u00ab\u00a0Gouverner la ville\u00a0\u00bb Archives de l&rsquo;Atelier de Lecture\u00ab\u00a0Gouverner la ville\u00a0\u00bb Calendrier et d\u00e9roulement (2021-2022) Nous avons souhait\u00e9 commencer l&rsquo;atelier (2021-22), par la lecture des textes \u00ab classiques \u00bb nord-am\u00e9ricains appartenant aux community (power) studies : une r\u00e9f\u00e9rence et une inspiration dans nos&hellip;","og_url":"https:\/\/mesopolhis.fr\/en\/research\/cross-cutting-urban-studies\/archives-reading-workshop-governing-the-city\/","og_site_name":"Mesopolhis","article_modified_time":"2025-08-22T11:59:24+00:00","twitter_card":"summary_large_image","twitter_misc":{"Estimated reading time":"3 minutes"},"schema":{"@context":"https:\/\/schema.org","@graph":[{"@type":"WebPage","@id":"https:\/\/mesopolhis.fr\/recherche\/axe-transversal-etudes-urbaines\/archives-atelier-de-lecture-gouverner-la-ville\/","url":"https:\/\/mesopolhis.fr\/recherche\/axe-transversal-etudes-urbaines\/archives-atelier-de-lecture-gouverner-la-ville\/","name":"Archives of the \"Governing the city\" reading workshop - Mesopolhis","isPartOf":{"@id":"https:\/\/mesopolhis.fr\/#website"},"datePublished":"2025-07-18T09:34:55+00:00","dateModified":"2025-08-22T11:59:24+00:00","breadcrumb":{"@id":"https:\/\/mesopolhis.fr\/recherche\/axe-transversal-etudes-urbaines\/archives-atelier-de-lecture-gouverner-la-ville\/#breadcrumb"},"inLanguage":"en-GB","potentialAction":[{"@type":"ReadAction","target":["https:\/\/mesopolhis.fr\/recherche\/axe-transversal-etudes-urbaines\/archives-atelier-de-lecture-gouverner-la-ville\/"]}]},{"@type":"BreadcrumbList","@id":"https:\/\/mesopolhis.fr\/recherche\/axe-transversal-etudes-urbaines\/archives-atelier-de-lecture-gouverner-la-ville\/#breadcrumb","itemListElement":[{"@type":"ListItem","position":1,"name":"Accueil","item":"https:\/\/mesopolhis.fr\/"},{"@type":"ListItem","position":2,"name":"Recherche","item":"https:\/\/mesopolhis.fr\/recherche\/"},{"@type":"ListItem","position":3,"name":"Axe transversal\u00a0\u00ab\u00a0\u00c9tudes urbaines\u00a0\u00bb","item":"https:\/\/mesopolhis.fr\/recherche\/axe-transversal-etudes-urbaines\/"},{"@type":"ListItem","position":4,"name":"Archives de l&rsquo;atelier de lecture \u00ab\u00a0Gouverner la ville\u00a0\u00bb"}]},{"@type":"WebSite","@id":"https:\/\/mesopolhis.fr\/#website","url":"https:\/\/mesopolhis.fr\/","name":"Mesopolhis","description":"Mediterranean Centre for Sociology, Political Science and History","publisher":{"@id":"https:\/\/mesopolhis.fr\/#organization"},"potentialAction":[{"@type":"SearchAction","target":{"@type":"EntryPoint","urlTemplate":"https:\/\/mesopolhis.fr\/?s={search_term_string}"},"query-input":{"@type":"PropertyValueSpecification","valueRequired":true,"valueName":"search_term_string"}}],"inLanguage":"en-GB"},{"@type":"Organization","@id":"https:\/\/mesopolhis.fr\/#organization","name":"Mesopolhis","url":"https:\/\/mesopolhis.fr\/","logo":{"@type":"ImageObject","inLanguage":"en-GB","@id":"https:\/\/mesopolhis.fr\/#\/schema\/logo\/image\/","url":"https:\/\/mesopolhis.fr\/wp-content\/uploads\/2021\/12\/Logo_MESOPOLHIS_Quadri.png","contentUrl":"https:\/\/mesopolhis.fr\/wp-content\/uploads\/2021\/12\/Logo_MESOPOLHIS_Quadri.png","width":264,"height":69,"caption":"Mesopolhis"},"image":{"@id":"https:\/\/mesopolhis.fr\/#\/schema\/logo\/image\/"}}]}},"_links":{"self":[{"href":"https:\/\/mesopolhis.fr\/en\/wp-json\/wp\/v2\/pages\/37584","targetHints":{"allow":["GET"]}}],"collection":[{"href":"https:\/\/mesopolhis.fr\/en\/wp-json\/wp\/v2\/pages"}],"about":[{"href":"https:\/\/mesopolhis.fr\/en\/wp-json\/wp\/v2\/types\/page"}],"author":[{"embeddable":true,"href":"https:\/\/mesopolhis.fr\/en\/wp-json\/wp\/v2\/users\/343"}],"replies":[{"embeddable":true,"href":"https:\/\/mesopolhis.fr\/en\/wp-json\/wp\/v2\/comments?post=37584"}],"version-history":[{"count":5,"href":"https:\/\/mesopolhis.fr\/en\/wp-json\/wp\/v2\/pages\/37584\/revisions"}],"predecessor-version":[{"id":37778,"href":"https:\/\/mesopolhis.fr\/en\/wp-json\/wp\/v2\/pages\/37584\/revisions\/37778"}],"up":[{"embeddable":true,"href":"https:\/\/mesopolhis.fr\/en\/wp-json\/wp\/v2\/pages\/32418"}],"wp:attachment":[{"href":"https:\/\/mesopolhis.fr\/en\/wp-json\/wp\/v2\/media?parent=37584"}],"curies":[{"name":"wp","href":"https:\/\/api.w.org\/{rel}","templated":true}]}}