{"id":36938,"date":"2025-04-30T10:14:53","date_gmt":"2025-04-30T08:14:53","guid":{"rendered":"https:\/\/mesopolhis.fr\/?page_id=36938"},"modified":"2025-04-30T15:48:52","modified_gmt":"2025-04-30T13:48:52","slug":"public-projects","status":"publish","type":"page","link":"https:\/\/mesopolhis.fr\/en\/public-projects\/","title":{"rendered":"The PubLiCS project (Publics des Lieux Culturels et de la Science) - AMIDEX TRANSFERT"},"content":{"rendered":"<nav id=\"breadcrumbs\" aria-label=\"Breadcrumbs\"><a href=\"https:\/\/mesopolhis.fr\/en\/\">Home<\/a> &raquo; Le projet PubLiCS (Publics des Lieux Culturels et de la Science) &#8211; AMIDEX TRANSFERT<\/nav><h2>\n\t\tPubLiCS (Publics des Lieux Culturels et de la Science) &#8211; Amidex TRANSFERT\n\t<\/h2>\n\t\t\t\t<img loading=\"lazy\" decoding=\"async\" src=\"https:\/\/mesopolhis.fr\/wp-content\/uploads\/2023\/10\/LOGO-OBS-Page-1-1.jpeg\" alt=\"LOGO OBS (Page 1)\" itemprop=\"image\" height=\"2048\" width=\"2048\" title=\"LOGO OBS (Page 1)\" onerror=\"this.style.display='none'\"  \/>\n\t\t\t\t<img decoding=\"async\" src=\"https:\/\/mesopolhis.fr\/wp-content\/plugins\/bb-plugin\/img\/pixel.png\" alt=\"\" itemprop=\"image\" onerror=\"this.style.display='none'\"  \/>\n<h2>\n\t\tA winning project in the Amidex TRANSFERT 2020-2023 programme | Partnership with the socio-economic and cultural world\n\t<\/h2>\n<h3>\n\t\t The aim of the PubLiCS (Publics des Lieux Culturels et de la Science) project is to promote dialogue between university research and the cultural world.\n\t<\/h3>\n\t<p>The actions of <em>PubLiCS<\/em> s&rsquo;articulent autour de <strong>three forms of transfer<\/strong>:<\/p>\n<p>1\/ The construction of<strong> \u00ab solutions \u00bb d&rsquo;enqu\u00eates qualitatives et quantitatives pour la connaissance et le suivi des publics, <\/strong>setting up <strong>\u00a0<\/strong>de dispositifs de mesure et d&rsquo;\u00e9valuation ajust\u00e9 et \u00e0 usage des structures ;<\/p>\n<p>2\/ the <strong>modelling collaborative forms of partnership between science and society<\/strong> in the field of culture to design projects adapted to different situations, territories and specific contexts;<\/p>\n<p>3\/ the<strong> d\u00e9veloppement d&rsquo;outils de m\u00e9diation innovants et exploratoires<\/strong>, \u00e0 l&rsquo;appui des technologies num\u00e9riques, sous forme de livrables (type application \/ borne interactive) ajust\u00e9s et territorialis\u00e9s en direction des publics effectifs et potentiels.<\/p>\n\t<p>Les terrains d&rsquo;enqu\u00eate et d&rsquo;exp\u00e9rimentation de nouveaux outils de m\u00e9diation de <em>PubLiCS<\/em> se d\u00e9clinent sur trois types de terrain, qui constituent autant d&rsquo;<strong>research areas<\/strong> structuring : <strong>events<\/strong>, <strong>cultural institutions and structures, third-party venues<\/strong>.<\/p>\n<p>Pour chacun de ces terrain, l&rsquo;\u00e9quipe travaillera sur des cas d&rsquo;\u00e9tude au cours de la p\u00e9riode 2024-26 avec la mise en \u0153uvre de protocoles d&rsquo;enqu\u00eate qui associent les savoir-faire des chercheurs et des sp\u00e9cialistes des m\u00e9thodologies de recherche-action exp\u00e9rimentales, exploratoires et innovantes. Le d\u00e9veloppement de \u00a0formats nouveaux, diff\u00e9rents ou innovants, sera possible pr\u00e9cis\u00e9ment gr\u00e2ce \u00e0 ce dialogue et gr\u00e2ce au travail collaboratif entre monde universitaire et socioculturel avec <strong>a strong participative dimension<\/strong>.<\/p>\n\t\t\t\t<img loading=\"lazy\" decoding=\"async\" src=\"https:\/\/mesopolhis.fr\/wp-content\/uploads\/2025\/04\/PXL_20231018_161704653-scaled-e1707492249686.webp\" alt=\"PXL_20231018_161704653-scaled-e1707492249686\" itemprop=\"image\" height=\"468\" width=\"1024\" title=\"PXL_20231018_161704653-scaled-e1707492249686\" onerror=\"this.style.display='none'\"  \/>\n<p><em>Balade des voisins \u00ab\u00a0Personne n&rsquo;habite ici\u00a0\u00bb, <a href=\"https:\/\/fracsud.org\/Biennale-de-la-Joliette-1595\">Joliette Biennial<\/a> 2023 | \u00a9 Observatoire des publics et des pratiques de la culture\u00a0<\/em><\/p>\n<h1>\n\t\tProject team, partners and funders\n\t<\/h1>\n\t\t\t<h3> A team of researchers<\/h3> <ul><li>Sylvia Girel &#8211; Coordinatrice du projet<\/li><li>Maria Elena Buslacchi &#8211; Ing\u00e9nieure de recherche<\/li><li>Matthieu Demory &#8211; Ing\u00e9nieur de recherche<\/li><li>Elisa Ullauri Llor\u00e9 &#8211; Ing\u00e9nieure de recherche<\/li><\/ul>\t\t\n\t\t\t<h3> Specialists to support research<\/h3> <ul><li>Cl\u00e9ment de Belsunce &#8211; Ing\u00e9nieur d&rsquo;\u00e9tudes donn\u00e9es de la recherche<\/li><li>Juliette Kermarrec &#8211; Appui \u00e0 la recherche<\/li><li>Vanina Beauchamps-Assali &#8211; Valorisation de la recherche<\/li><li>Jean-Baptiste\u00a0 Bertrand &#8211; Ing\u00e9nieur statisticien<\/li><\/ul>\t\t\n\t\t\t<h3> A wide range of partners<\/h3> <ul><li><a href=\"https:\/\/fracsud.org\/\" target=\"_blank\" rel=\"noopener\">Frac-Sud Cit\u00e9 de l&rsquo;art contemporain<\/a><\/li><li><a href=\"https:\/\/www.lica-europe.org\/\" target=\"_blank\" rel=\"noopener\">LICA &#8211; Laboratoire d&rsquo;intelligence collective et artificielle<\/a><\/li><li><a href=\"https:\/\/www.marseillecapitaledelamer.fr\/\" target=\"_blank\" rel=\"noopener\">Marseille, Capital of the Sea<\/a><\/li><li><a href=\"https:\/\/musees.marseille.fr\/\" target=\"_blank\" rel=\"noopener\">Museums of Marseille<\/a><\/li><li><a href=\"https:\/\/education.alhambracine.com\/le-pole\/\" target=\"_blank\" rel=\"noopener\">Cin\u00e9ma l&rsquo;Alhambra &#8211; P\u00f4le r\u00e9gional d&rsquo;\u00e9ducation aux images<\/a><\/li><\/ul>\t\t\n\t\t\t<h3> With the support and deployment of the project<\/h3> <ul><li><a href=\"https:\/\/pud.mmsh.fr\/\" target=\"_blank\" rel=\"noopener\">PUD &#8211; Plateforme universitaire des donn\u00e9es<\/a><\/li><li><a href=\"https:\/\/cisam-innovation.com\/\" target=\"_blank\" rel=\"noopener\">CISAM &#8211; La Cit\u00e9 de l&rsquo;Innovation et des Savoirs Aix-Marseille<\/a><\/li><li><a href=\"https:\/\/www.sattse.com\/\" target=\"_blank\" rel=\"noopener\">SATT Sud-Est &#8211; Soci\u00e9t\u00e9 de Transfert de Technologies<\/a><\/li><li><a href=\"https:\/\/www.univ-amu.fr\/fr\/public\/institut-societes-en-mutation-en-mediterranee-somum-0\" target=\"_blank\" rel=\"noopener\">SoMuM &#8211; Institut de Mutation en M\u00e9diterran\u00e9e<\/a><\/li><\/ul>\t\t\n\t\t\t<h3> The A*midex Foundation<\/h3> <p>L&rsquo;initiative d&rsquo;excellence A*Midex r\u00e9unit un consortium form\u00e9 de\u00a09 \u00e9tablissements d&rsquo;enseignement sup\u00e9rieur et de recherche, sous la coordination d&rsquo;Aix-Marseille Universit\u00e9.<a href=\"https:\/\/www.univ-amu.fr\/fr\/public\/actualites\/decouvrez-les-nouveaux-laureats-des-appels-projets-amidex-juillet-2023\" target=\"_blank\" rel=\"noopener\">Discover Amidex projects<\/a><\/p>\t\t\n\t\t\t<a href=\"https:\/\/observatoire-publics.univ-amu.fr\/programmes-de-recherche\/\" target=\"_blank\" rel=\"noopener\">\n\t\t\t\t\t\t\tFind out more about the PubLiCS project\n\t\t\t<\/a>\n\t\t\t\t<a href=\"https:\/\/www.univ-amu.fr\/fr\/public\/la-fondation-amidex\" target=\"_blank\" rel=\"noopener\"  itemprop=\"url\">\n\t\t\t\t<img loading=\"lazy\" decoding=\"async\" src=\"https:\/\/mesopolhis.fr\/wp-content\/uploads\/2025\/04\/logo_Amidex_couleur_RVB.png\" alt=\"Amidex AMU logo\" itemprop=\"image\" height=\"475\" width=\"2381\" title=\"logo_Amidex_couleur_RVB\" onerror=\"this.style.display='none'\"  \/>\n\t\t\t\t<\/a>\n\t\t\t\t<a href=\"https:\/\/www.gouvernement.fr\/france-2030\" target=\"_blank\" rel=\"noopener\"  itemprop=\"url\">\n\t\t\t\t<img loading=\"lazy\" decoding=\"async\" src=\"https:\/\/mesopolhis.fr\/wp-content\/uploads\/2025\/04\/Logo_France_2030.png\" alt=\"France 2030 logo\" itemprop=\"image\" height=\"800\" width=\"800\" title=\"Logo_France_2030\" onerror=\"this.style.display='none'\"  \/>\n\t\t\t\t<\/a>\n\t\t\t\t<a href=\"https:\/\/mesopolhis.fr\/en\/\" target=\"_blank\" rel=\"noopener\"  itemprop=\"url\">\n\t\t\t\t<img loading=\"lazy\" decoding=\"async\" src=\"https:\/\/mesopolhis.fr\/wp-content\/uploads\/2021\/12\/Logo_MESOPOLHIS_Quadri.png\" alt=\"Logo_MESOPOLHIS_Quadri\" itemprop=\"image\" height=\"69\" width=\"264\" title=\"Logo_MESOPOLHIS_Quadri\" onerror=\"this.style.display='none'\"  \/>\n\t\t\t\t<\/a>","protected":false},"excerpt":{"rendered":"<p>Accueil &raquo; Le projet PubLiCS (Publics des Lieux Culturels et de la Science) &#8211; AMIDEX TRANSFERT PubLiCS (Publics des Lieux Culturels et de la Science) &#8211; Amidex TRANSFERT Un projet laur\u00e9at du programme Amidex TRANSFERT 2020-2023 | Partenariat avec le monde socio-\u00e9conomique et culturel Le projet PubLiCS (Publics des Lieux Culturels et de la Science)&hellip;<\/p>","protected":false},"author":180,"featured_media":0,"parent":0,"menu_order":0,"comment_status":"closed","ping_status":"closed","template":"","meta":{"_acf_changed":false,"inline_featured_image":false,"footnotes":""},"class_list":["post-36938","page","type-page","status-publish","hentry"],"acf":[],"yoast_head":"<!-- This site is optimized with the Yoast SEO plugin v27.3 - https:\/\/yoast.com\/product\/yoast-seo-wordpress\/ -->\n<title>Le projet PubLiCS (Publics des Lieux Culturels et de la Science) - AMIDEX TRANSFERT - Mesopolhis<\/title>\n<meta name=\"robots\" content=\"index, follow, max-snippet:-1, max-image-preview:large, max-video-preview:-1\" \/>\n<link rel=\"canonical\" href=\"https:\/\/mesopolhis.fr\/en\/public-projects\/\" \/>\n<meta property=\"og:locale\" content=\"en_GB\" \/>\n<meta property=\"og:type\" content=\"article\" \/>\n<meta property=\"og:title\" content=\"Le projet PubLiCS (Publics des Lieux Culturels et de la Science) - AMIDEX TRANSFERT - Mesopolhis\" \/>\n<meta property=\"og:description\" content=\"Accueil &raquo; Le projet PubLiCS (Publics des Lieux Culturels et de la Science) &#8211; AMIDEX TRANSFERT PubLiCS (Publics des Lieux Culturels et de la Science) &#8211; Amidex TRANSFERT Un projet laur\u00e9at du programme Amidex TRANSFERT 2020-2023 | Partenariat avec le monde socio-\u00e9conomique et culturel Le projet PubLiCS (Publics des Lieux Culturels et de la Science)&hellip;\" \/>\n<meta property=\"og:url\" content=\"https:\/\/mesopolhis.fr\/en\/public-projects\/\" \/>\n<meta property=\"og:site_name\" content=\"Mesopolhis\" \/>\n<meta property=\"article:modified_time\" content=\"2025-04-30T13:48:52+00:00\" \/>\n<meta property=\"og:image\" content=\"https:\/\/mesopolhis.fr\/wp-content\/uploads\/2023\/10\/LOGO-OBS-Page-1-1.jpeg\" \/>\n<meta name=\"twitter:card\" content=\"summary_large_image\" \/>\n<meta name=\"twitter:label1\" content=\"Estimated reading time\" \/>\n\t<meta name=\"twitter:data1\" content=\"4 minutes\" \/>\n<script type=\"application\/ld+json\" class=\"yoast-schema-graph\">{\"@context\":\"https:\\\/\\\/schema.org\",\"@graph\":[{\"@type\":\"WebPage\",\"@id\":\"https:\\\/\\\/mesopolhis.fr\\\/projet-publics\\\/\",\"url\":\"https:\\\/\\\/mesopolhis.fr\\\/projet-publics\\\/\",\"name\":\"Le projet PubLiCS (Publics des Lieux Culturels et de la Science) - AMIDEX TRANSFERT - Mesopolhis\",\"isPartOf\":{\"@id\":\"https:\\\/\\\/mesopolhis.fr\\\/#website\"},\"primaryImageOfPage\":{\"@id\":\"https:\\\/\\\/mesopolhis.fr\\\/projet-publics\\\/#primaryimage\"},\"image\":{\"@id\":\"https:\\\/\\\/mesopolhis.fr\\\/projet-publics\\\/#primaryimage\"},\"thumbnailUrl\":\"https:\\\/\\\/mesopolhis.fr\\\/wp-content\\\/uploads\\\/2023\\\/10\\\/LOGO-OBS-Page-1-1.jpeg\",\"datePublished\":\"2025-04-30T08:14:53+00:00\",\"dateModified\":\"2025-04-30T13:48:52+00:00\",\"breadcrumb\":{\"@id\":\"https:\\\/\\\/mesopolhis.fr\\\/projet-publics\\\/#breadcrumb\"},\"inLanguage\":\"en-GB\",\"potentialAction\":[{\"@type\":\"ReadAction\",\"target\":[\"https:\\\/\\\/mesopolhis.fr\\\/projet-publics\\\/\"]}]},{\"@type\":\"ImageObject\",\"inLanguage\":\"en-GB\",\"@id\":\"https:\\\/\\\/mesopolhis.fr\\\/projet-publics\\\/#primaryimage\",\"url\":\"https:\\\/\\\/mesopolhis.fr\\\/wp-content\\\/uploads\\\/2023\\\/10\\\/LOGO-OBS-Page-1-1.jpeg\",\"contentUrl\":\"https:\\\/\\\/mesopolhis.fr\\\/wp-content\\\/uploads\\\/2023\\\/10\\\/LOGO-OBS-Page-1-1.jpeg\"},{\"@type\":\"BreadcrumbList\",\"@id\":\"https:\\\/\\\/mesopolhis.fr\\\/projet-publics\\\/#breadcrumb\",\"itemListElement\":[{\"@type\":\"ListItem\",\"position\":1,\"name\":\"Accueil\",\"item\":\"https:\\\/\\\/mesopolhis.fr\\\/\"},{\"@type\":\"ListItem\",\"position\":2,\"name\":\"Le projet PubLiCS (Publics des Lieux Culturels et de la Science) &#8211; AMIDEX TRANSFERT\"}]},{\"@type\":\"WebSite\",\"@id\":\"https:\\\/\\\/mesopolhis.fr\\\/#website\",\"url\":\"https:\\\/\\\/mesopolhis.fr\\\/\",\"name\":\"Mesopolhis\",\"description\":\"Centre m\u00e9diterran\u00e9en de sociologie, de science politique et d&#039;histoire\",\"publisher\":{\"@id\":\"https:\\\/\\\/mesopolhis.fr\\\/#organization\"},\"potentialAction\":[{\"@type\":\"SearchAction\",\"target\":{\"@type\":\"EntryPoint\",\"urlTemplate\":\"https:\\\/\\\/mesopolhis.fr\\\/?s={search_term_string}\"},\"query-input\":{\"@type\":\"PropertyValueSpecification\",\"valueRequired\":true,\"valueName\":\"search_term_string\"}}],\"inLanguage\":\"en-GB\"},{\"@type\":\"Organization\",\"@id\":\"https:\\\/\\\/mesopolhis.fr\\\/#organization\",\"name\":\"Mesopolhis\",\"url\":\"https:\\\/\\\/mesopolhis.fr\\\/\",\"logo\":{\"@type\":\"ImageObject\",\"inLanguage\":\"en-GB\",\"@id\":\"https:\\\/\\\/mesopolhis.fr\\\/#\\\/schema\\\/logo\\\/image\\\/\",\"url\":\"https:\\\/\\\/mesopolhis.fr\\\/wp-content\\\/uploads\\\/2021\\\/12\\\/Logo_MESOPOLHIS_Quadri.png\",\"contentUrl\":\"https:\\\/\\\/mesopolhis.fr\\\/wp-content\\\/uploads\\\/2021\\\/12\\\/Logo_MESOPOLHIS_Quadri.png\",\"width\":264,\"height\":69,\"caption\":\"Mesopolhis\"},\"image\":{\"@id\":\"https:\\\/\\\/mesopolhis.fr\\\/#\\\/schema\\\/logo\\\/image\\\/\"}}]}<\/script>\n<!-- \/ Yoast SEO plugin. -->","yoast_head_json":{"title":"The PubLiCS project (Publics des Lieux Culturels et de la Science) - AMIDEX TRANSFERT - Mesopolhis","robots":{"index":"index","follow":"follow","max-snippet":"max-snippet:-1","max-image-preview":"max-image-preview:large","max-video-preview":"max-video-preview:-1"},"canonical":"https:\/\/mesopolhis.fr\/en\/public-projects\/","og_locale":"en_GB","og_type":"article","og_title":"Le projet PubLiCS (Publics des Lieux Culturels et de la Science) - AMIDEX TRANSFERT - Mesopolhis","og_description":"Accueil &raquo; Le projet PubLiCS (Publics des Lieux Culturels et de la Science) &#8211; AMIDEX TRANSFERT PubLiCS (Publics des Lieux Culturels et de la Science) &#8211; Amidex TRANSFERT Un projet laur\u00e9at du programme Amidex TRANSFERT 2020-2023 | Partenariat avec le monde socio-\u00e9conomique et culturel Le projet PubLiCS (Publics des Lieux Culturels et de la Science)&hellip;","og_url":"https:\/\/mesopolhis.fr\/en\/public-projects\/","og_site_name":"Mesopolhis","article_modified_time":"2025-04-30T13:48:52+00:00","og_image":[{"url":"https:\/\/mesopolhis.fr\/wp-content\/uploads\/2023\/10\/LOGO-OBS-Page-1-1.jpeg","type":"","width":"","height":""}],"twitter_card":"summary_large_image","twitter_misc":{"Estimated reading time":"4 minutes"},"schema":{"@context":"https:\/\/schema.org","@graph":[{"@type":"WebPage","@id":"https:\/\/mesopolhis.fr\/projet-publics\/","url":"https:\/\/mesopolhis.fr\/projet-publics\/","name":"The PubLiCS project (Publics des Lieux Culturels et de la Science) - AMIDEX TRANSFERT - Mesopolhis","isPartOf":{"@id":"https:\/\/mesopolhis.fr\/#website"},"primaryImageOfPage":{"@id":"https:\/\/mesopolhis.fr\/projet-publics\/#primaryimage"},"image":{"@id":"https:\/\/mesopolhis.fr\/projet-publics\/#primaryimage"},"thumbnailUrl":"https:\/\/mesopolhis.fr\/wp-content\/uploads\/2023\/10\/LOGO-OBS-Page-1-1.jpeg","datePublished":"2025-04-30T08:14:53+00:00","dateModified":"2025-04-30T13:48:52+00:00","breadcrumb":{"@id":"https:\/\/mesopolhis.fr\/projet-publics\/#breadcrumb"},"inLanguage":"en-GB","potentialAction":[{"@type":"ReadAction","target":["https:\/\/mesopolhis.fr\/projet-publics\/"]}]},{"@type":"ImageObject","inLanguage":"en-GB","@id":"https:\/\/mesopolhis.fr\/projet-publics\/#primaryimage","url":"https:\/\/mesopolhis.fr\/wp-content\/uploads\/2023\/10\/LOGO-OBS-Page-1-1.jpeg","contentUrl":"https:\/\/mesopolhis.fr\/wp-content\/uploads\/2023\/10\/LOGO-OBS-Page-1-1.jpeg"},{"@type":"BreadcrumbList","@id":"https:\/\/mesopolhis.fr\/projet-publics\/#breadcrumb","itemListElement":[{"@type":"ListItem","position":1,"name":"Accueil","item":"https:\/\/mesopolhis.fr\/"},{"@type":"ListItem","position":2,"name":"Le projet PubLiCS (Publics des Lieux Culturels et de la Science) &#8211; AMIDEX TRANSFERT"}]},{"@type":"WebSite","@id":"https:\/\/mesopolhis.fr\/#website","url":"https:\/\/mesopolhis.fr\/","name":"Mesopolhis","description":"Mediterranean Centre for Sociology, Political Science and History","publisher":{"@id":"https:\/\/mesopolhis.fr\/#organization"},"potentialAction":[{"@type":"SearchAction","target":{"@type":"EntryPoint","urlTemplate":"https:\/\/mesopolhis.fr\/?s={search_term_string}"},"query-input":{"@type":"PropertyValueSpecification","valueRequired":true,"valueName":"search_term_string"}}],"inLanguage":"en-GB"},{"@type":"Organization","@id":"https:\/\/mesopolhis.fr\/#organization","name":"Mesopolhis","url":"https:\/\/mesopolhis.fr\/","logo":{"@type":"ImageObject","inLanguage":"en-GB","@id":"https:\/\/mesopolhis.fr\/#\/schema\/logo\/image\/","url":"https:\/\/mesopolhis.fr\/wp-content\/uploads\/2021\/12\/Logo_MESOPOLHIS_Quadri.png","contentUrl":"https:\/\/mesopolhis.fr\/wp-content\/uploads\/2021\/12\/Logo_MESOPOLHIS_Quadri.png","width":264,"height":69,"caption":"Mesopolhis"},"image":{"@id":"https:\/\/mesopolhis.fr\/#\/schema\/logo\/image\/"}}]}},"_links":{"self":[{"href":"https:\/\/mesopolhis.fr\/en\/wp-json\/wp\/v2\/pages\/36938","targetHints":{"allow":["GET"]}}],"collection":[{"href":"https:\/\/mesopolhis.fr\/en\/wp-json\/wp\/v2\/pages"}],"about":[{"href":"https:\/\/mesopolhis.fr\/en\/wp-json\/wp\/v2\/types\/page"}],"author":[{"embeddable":true,"href":"https:\/\/mesopolhis.fr\/en\/wp-json\/wp\/v2\/users\/180"}],"replies":[{"embeddable":true,"href":"https:\/\/mesopolhis.fr\/en\/wp-json\/wp\/v2\/comments?post=36938"}],"version-history":[{"count":0,"href":"https:\/\/mesopolhis.fr\/en\/wp-json\/wp\/v2\/pages\/36938\/revisions"}],"wp:attachment":[{"href":"https:\/\/mesopolhis.fr\/en\/wp-json\/wp\/v2\/media?parent=36938"}],"curies":[{"name":"wp","href":"https:\/\/api.w.org\/{rel}","templated":true}]}}