{"id":36880,"date":"2025-04-22T15:21:33","date_gmt":"2025-04-22T13:21:33","guid":{"rendered":"https:\/\/mesopolhis.fr\/?page_id=36880"},"modified":"2026-03-09T12:15:49","modified_gmt":"2026-03-09T11:15:49","slug":"theses","status":"publish","type":"page","link":"https:\/\/mesopolhis.fr\/en\/phd\/theses\/","title":{"rendered":"Theses"},"content":{"rendered":"<nav id=\"breadcrumbs\" aria-label=\"Breadcrumbs\"><a href=\"https:\/\/mesopolhis.fr\/en\/\">Home<\/a> \" <a href=\"https:\/\/mesopolhis.fr\/en\/phd\/\">Doctorate<\/a> \u00bbTheses<\/nav><h1>\n\t\tTheses\n\t<\/h1>\n\t\t\t\t\t\t\t\t\t<img loading=\"lazy\" decoding=\"async\" src=\"https:\/\/mesopolhis.fr\/wp-content\/uploads\/2025\/04\/writing_1823058.png\" alt=\"writing_1823058\" itemprop=\"image\" height=\"512\" width=\"446\" srcset=\"https:\/\/mesopolhis.fr\/wp-content\/uploads\/2025\/04\/writing_1823058.png 446w, https:\/\/mesopolhis.fr\/wp-content\/uploads\/2025\/04\/writing_1823058-261x300.png 261w, https:\/\/mesopolhis.fr\/wp-content\/uploads\/2025\/04\/writing_1823058-10x12.png 10w\" sizes=\"auto, (max-width: 446px) 100vw, 446px\" title=\"writing_1823058\" onerror=\"this.style.display='none'\"  \/>\n<h2>\n\t\tTheses in progress\n\t<\/h2>\n\t\t\t<a href=\"https:\/\/mesopolhis.fr\/en\/the-members\/#doctorants\" target=\"_self\">\n\t\t\t\t\t\t\tSee members page\n\t\t\t\t\t<\/a>\n\t\t\t\t\t\t\t\t\t<img loading=\"lazy\" decoding=\"async\" src=\"https:\/\/mesopolhis.fr\/wp-content\/uploads\/2025\/04\/conference_1376457.png\" alt=\"conference_1376457\" itemprop=\"image\" height=\"512\" width=\"482\" srcset=\"https:\/\/mesopolhis.fr\/wp-content\/uploads\/2025\/04\/conference_1376457.png 482w, https:\/\/mesopolhis.fr\/wp-content\/uploads\/2025\/04\/conference_1376457-282x300.png 282w, https:\/\/mesopolhis.fr\/wp-content\/uploads\/2025\/04\/conference_1376457-11x12.png 11w\" sizes=\"auto, (max-width: 482px) 100vw, 482px\" title=\"conference_1376457\" onerror=\"this.style.display='none'\"  \/>\n<h2>\n\t\tTheses defended\n\t<\/h2>\n\t\t\t<a href=\"https:\/\/mesopolhis.fr\/en\/phd\/theses-defended\/\" target=\"_self\">\n\t\t\t\t\t\t\tFind out more\n\t\t\t\t\t<\/a>","protected":false},"excerpt":{"rendered":"<p>Accueil &raquo; Doctorat &raquo; Th\u00e8ses Th\u00e8ses Th\u00e8ses en cours Voir page des membres Th\u00e8ses soutenues En savoir plus<\/p>","protected":false},"author":343,"featured_media":0,"parent":533,"menu_order":0,"comment_status":"closed","ping_status":"closed","template":"","meta":{"_acf_changed":false,"inline_featured_image":false,"footnotes":""},"class_list":["post-36880","page","type-page","status-publish","hentry"],"acf":[],"yoast_head":"<!-- This site is optimized with the Yoast SEO plugin v27.3 - https:\/\/yoast.com\/product\/yoast-seo-wordpress\/ -->\n<title>Th\u00e8ses - Mesopolhis<\/title>\n<meta name=\"robots\" content=\"index, follow, max-snippet:-1, max-image-preview:large, max-video-preview:-1\" \/>\n<link rel=\"canonical\" href=\"https:\/\/mesopolhis.fr\/en\/phd\/theses\/\" \/>\n<meta property=\"og:locale\" content=\"en_GB\" \/>\n<meta property=\"og:type\" content=\"article\" \/>\n<meta property=\"og:title\" content=\"Th\u00e8ses - Mesopolhis\" \/>\n<meta property=\"og:description\" content=\"Accueil &raquo; Doctorat &raquo; Th\u00e8ses Th\u00e8ses Th\u00e8ses en cours Voir page des membres Th\u00e8ses soutenues En savoir plus\" \/>\n<meta property=\"og:url\" content=\"https:\/\/mesopolhis.fr\/en\/phd\/theses\/\" \/>\n<meta property=\"og:site_name\" content=\"Mesopolhis\" \/>\n<meta property=\"article:modified_time\" content=\"2026-03-09T11:15:49+00:00\" \/>\n<meta property=\"og:image\" content=\"https:\/\/mesopolhis.fr\/wp-content\/uploads\/2025\/04\/writing_1823058.png\" \/>\n<meta name=\"twitter:card\" content=\"summary_large_image\" \/>\n<meta name=\"twitter:label1\" content=\"Estimated reading time\" \/>\n\t<meta name=\"twitter:data1\" content=\"2 minutes\" \/>\n<script type=\"application\/ld+json\" class=\"yoast-schema-graph\">{\"@context\":\"https:\\\/\\\/schema.org\",\"@graph\":[{\"@type\":\"WebPage\",\"@id\":\"https:\\\/\\\/mesopolhis.fr\\\/doctorat\\\/theses\\\/\",\"url\":\"https:\\\/\\\/mesopolhis.fr\\\/doctorat\\\/theses\\\/\",\"name\":\"Th\u00e8ses - Mesopolhis\",\"isPartOf\":{\"@id\":\"https:\\\/\\\/mesopolhis.fr\\\/#website\"},\"primaryImageOfPage\":{\"@id\":\"https:\\\/\\\/mesopolhis.fr\\\/doctorat\\\/theses\\\/#primaryimage\"},\"image\":{\"@id\":\"https:\\\/\\\/mesopolhis.fr\\\/doctorat\\\/theses\\\/#primaryimage\"},\"thumbnailUrl\":\"https:\\\/\\\/mesopolhis.fr\\\/wp-content\\\/uploads\\\/2025\\\/04\\\/writing_1823058.png\",\"datePublished\":\"2025-04-22T13:21:33+00:00\",\"dateModified\":\"2026-03-09T11:15:49+00:00\",\"breadcrumb\":{\"@id\":\"https:\\\/\\\/mesopolhis.fr\\\/doctorat\\\/theses\\\/#breadcrumb\"},\"inLanguage\":\"en-GB\",\"potentialAction\":[{\"@type\":\"ReadAction\",\"target\":[\"https:\\\/\\\/mesopolhis.fr\\\/doctorat\\\/theses\\\/\"]}]},{\"@type\":\"ImageObject\",\"inLanguage\":\"en-GB\",\"@id\":\"https:\\\/\\\/mesopolhis.fr\\\/doctorat\\\/theses\\\/#primaryimage\",\"url\":\"https:\\\/\\\/mesopolhis.fr\\\/wp-content\\\/uploads\\\/2025\\\/04\\\/writing_1823058.png\",\"contentUrl\":\"https:\\\/\\\/mesopolhis.fr\\\/wp-content\\\/uploads\\\/2025\\\/04\\\/writing_1823058.png\"},{\"@type\":\"BreadcrumbList\",\"@id\":\"https:\\\/\\\/mesopolhis.fr\\\/doctorat\\\/theses\\\/#breadcrumb\",\"itemListElement\":[{\"@type\":\"ListItem\",\"position\":1,\"name\":\"Accueil\",\"item\":\"https:\\\/\\\/mesopolhis.fr\\\/\"},{\"@type\":\"ListItem\",\"position\":2,\"name\":\"Doctorat\",\"item\":\"https:\\\/\\\/mesopolhis.fr\\\/doctorat\\\/\"},{\"@type\":\"ListItem\",\"position\":3,\"name\":\"Th\u00e8ses\"}]},{\"@type\":\"WebSite\",\"@id\":\"https:\\\/\\\/mesopolhis.fr\\\/#website\",\"url\":\"https:\\\/\\\/mesopolhis.fr\\\/\",\"name\":\"Mesopolhis\",\"description\":\"Centre m\u00e9diterran\u00e9en de sociologie, de science politique et d&#039;histoire\",\"publisher\":{\"@id\":\"https:\\\/\\\/mesopolhis.fr\\\/#organization\"},\"potentialAction\":[{\"@type\":\"SearchAction\",\"target\":{\"@type\":\"EntryPoint\",\"urlTemplate\":\"https:\\\/\\\/mesopolhis.fr\\\/?s={search_term_string}\"},\"query-input\":{\"@type\":\"PropertyValueSpecification\",\"valueRequired\":true,\"valueName\":\"search_term_string\"}}],\"inLanguage\":\"en-GB\"},{\"@type\":\"Organization\",\"@id\":\"https:\\\/\\\/mesopolhis.fr\\\/#organization\",\"name\":\"Mesopolhis\",\"url\":\"https:\\\/\\\/mesopolhis.fr\\\/\",\"logo\":{\"@type\":\"ImageObject\",\"inLanguage\":\"en-GB\",\"@id\":\"https:\\\/\\\/mesopolhis.fr\\\/#\\\/schema\\\/logo\\\/image\\\/\",\"url\":\"https:\\\/\\\/mesopolhis.fr\\\/wp-content\\\/uploads\\\/2021\\\/12\\\/Logo_MESOPOLHIS_Quadri.png\",\"contentUrl\":\"https:\\\/\\\/mesopolhis.fr\\\/wp-content\\\/uploads\\\/2021\\\/12\\\/Logo_MESOPOLHIS_Quadri.png\",\"width\":264,\"height\":69,\"caption\":\"Mesopolhis\"},\"image\":{\"@id\":\"https:\\\/\\\/mesopolhis.fr\\\/#\\\/schema\\\/logo\\\/image\\\/\"}}]}<\/script>\n<!-- \/ Yoast SEO plugin. -->","yoast_head_json":{"title":"Theses - Mesopolhis","robots":{"index":"index","follow":"follow","max-snippet":"max-snippet:-1","max-image-preview":"max-image-preview:large","max-video-preview":"max-video-preview:-1"},"canonical":"https:\/\/mesopolhis.fr\/en\/phd\/theses\/","og_locale":"en_GB","og_type":"article","og_title":"Th\u00e8ses - Mesopolhis","og_description":"Accueil &raquo; Doctorat &raquo; Th\u00e8ses Th\u00e8ses Th\u00e8ses en cours Voir page des membres Th\u00e8ses soutenues En savoir plus","og_url":"https:\/\/mesopolhis.fr\/en\/phd\/theses\/","og_site_name":"Mesopolhis","article_modified_time":"2026-03-09T11:15:49+00:00","og_image":[{"url":"https:\/\/mesopolhis.fr\/wp-content\/uploads\/2025\/04\/writing_1823058.png","type":"","width":"","height":""}],"twitter_card":"summary_large_image","twitter_misc":{"Estimated reading time":"2 minutes"},"schema":{"@context":"https:\/\/schema.org","@graph":[{"@type":"WebPage","@id":"https:\/\/mesopolhis.fr\/doctorat\/theses\/","url":"https:\/\/mesopolhis.fr\/doctorat\/theses\/","name":"Theses - Mesopolhis","isPartOf":{"@id":"https:\/\/mesopolhis.fr\/#website"},"primaryImageOfPage":{"@id":"https:\/\/mesopolhis.fr\/doctorat\/theses\/#primaryimage"},"image":{"@id":"https:\/\/mesopolhis.fr\/doctorat\/theses\/#primaryimage"},"thumbnailUrl":"https:\/\/mesopolhis.fr\/wp-content\/uploads\/2025\/04\/writing_1823058.png","datePublished":"2025-04-22T13:21:33+00:00","dateModified":"2026-03-09T11:15:49+00:00","breadcrumb":{"@id":"https:\/\/mesopolhis.fr\/doctorat\/theses\/#breadcrumb"},"inLanguage":"en-GB","potentialAction":[{"@type":"ReadAction","target":["https:\/\/mesopolhis.fr\/doctorat\/theses\/"]}]},{"@type":"ImageObject","inLanguage":"en-GB","@id":"https:\/\/mesopolhis.fr\/doctorat\/theses\/#primaryimage","url":"https:\/\/mesopolhis.fr\/wp-content\/uploads\/2025\/04\/writing_1823058.png","contentUrl":"https:\/\/mesopolhis.fr\/wp-content\/uploads\/2025\/04\/writing_1823058.png"},{"@type":"BreadcrumbList","@id":"https:\/\/mesopolhis.fr\/doctorat\/theses\/#breadcrumb","itemListElement":[{"@type":"ListItem","position":1,"name":"Accueil","item":"https:\/\/mesopolhis.fr\/"},{"@type":"ListItem","position":2,"name":"Doctorat","item":"https:\/\/mesopolhis.fr\/doctorat\/"},{"@type":"ListItem","position":3,"name":"Th\u00e8ses"}]},{"@type":"WebSite","@id":"https:\/\/mesopolhis.fr\/#website","url":"https:\/\/mesopolhis.fr\/","name":"Mesopolhis","description":"Mediterranean Centre for Sociology, Political Science and History","publisher":{"@id":"https:\/\/mesopolhis.fr\/#organization"},"potentialAction":[{"@type":"SearchAction","target":{"@type":"EntryPoint","urlTemplate":"https:\/\/mesopolhis.fr\/?s={search_term_string}"},"query-input":{"@type":"PropertyValueSpecification","valueRequired":true,"valueName":"search_term_string"}}],"inLanguage":"en-GB"},{"@type":"Organization","@id":"https:\/\/mesopolhis.fr\/#organization","name":"Mesopolhis","url":"https:\/\/mesopolhis.fr\/","logo":{"@type":"ImageObject","inLanguage":"en-GB","@id":"https:\/\/mesopolhis.fr\/#\/schema\/logo\/image\/","url":"https:\/\/mesopolhis.fr\/wp-content\/uploads\/2021\/12\/Logo_MESOPOLHIS_Quadri.png","contentUrl":"https:\/\/mesopolhis.fr\/wp-content\/uploads\/2021\/12\/Logo_MESOPOLHIS_Quadri.png","width":264,"height":69,"caption":"Mesopolhis"},"image":{"@id":"https:\/\/mesopolhis.fr\/#\/schema\/logo\/image\/"}}]}},"_links":{"self":[{"href":"https:\/\/mesopolhis.fr\/en\/wp-json\/wp\/v2\/pages\/36880","targetHints":{"allow":["GET"]}}],"collection":[{"href":"https:\/\/mesopolhis.fr\/en\/wp-json\/wp\/v2\/pages"}],"about":[{"href":"https:\/\/mesopolhis.fr\/en\/wp-json\/wp\/v2\/types\/page"}],"author":[{"embeddable":true,"href":"https:\/\/mesopolhis.fr\/en\/wp-json\/wp\/v2\/users\/343"}],"replies":[{"embeddable":true,"href":"https:\/\/mesopolhis.fr\/en\/wp-json\/wp\/v2\/comments?post=36880"}],"version-history":[{"count":1,"href":"https:\/\/mesopolhis.fr\/en\/wp-json\/wp\/v2\/pages\/36880\/revisions"}],"predecessor-version":[{"id":39367,"href":"https:\/\/mesopolhis.fr\/en\/wp-json\/wp\/v2\/pages\/36880\/revisions\/39367"}],"up":[{"embeddable":true,"href":"https:\/\/mesopolhis.fr\/en\/wp-json\/wp\/v2\/pages\/533"}],"wp:attachment":[{"href":"https:\/\/mesopolhis.fr\/en\/wp-json\/wp\/v2\/media?parent=36880"}],"curies":[{"name":"wp","href":"https:\/\/api.w.org\/{rel}","templated":true}]}}