{"id":36560,"date":"2025-03-14T10:07:03","date_gmt":"2025-03-14T09:07:03","guid":{"rendered":"https:\/\/mesopolhis.fr\/?page_id=36560"},"modified":"2025-03-14T10:16:59","modified_gmt":"2025-03-14T09:16:59","slug":"on-a-daily-basis","status":"publish","type":"page","link":"https:\/\/mesopolhis.fr\/en\/on-a-daily-basis\/","title":{"rendered":"Every day"},"content":{"rendered":"<nav id=\"breadcrumbs\" aria-label=\"Breadcrumbs\"><a href=\"https:\/\/mesopolhis.fr\/en\/\">Home<\/a> &raquo; Au quotidien<\/nav><h1>\n\t\tEvery day\n\t<\/h1>\n\t\t\t\t\t\t\t\t\t<img loading=\"lazy\" decoding=\"async\" src=\"https:\/\/mesopolhis.fr\/wp-content\/uploads\/2025\/03\/appointment.png\" alt=\"appointment\" height=\"512\" width=\"512\" title=\"appointment\" \/>\n<h2>\n\t\tScientific agenda\n\t<\/h2>\n<h3>\n\t\tStay informed so you don't miss any of our events\n\t<\/h3>\n\t\t\t<a href=\"https:\/\/mesopolhis.fr\/en\/scientific-agenda\/\" target=\"_self\">\n\t\t\t\t\t\t\tSee all our events\n\t\t\t\t\t<\/a>\n\t\t\t\t\t\t\t\t\t<img loading=\"lazy\" decoding=\"async\" src=\"https:\/\/mesopolhis.fr\/wp-content\/uploads\/2025\/03\/megaphone.png\" alt=\"megaphone\" height=\"512\" width=\"512\" title=\"megaphone\" \/>\n<h2>\n\t\tNews\n\t<\/h2>\n<h3>\n\t\tD\u00e9couvrez l&rsquo;actualit\u00e9 du MESOPOLHIS (hors publications)\n\t<\/h3>\n\t\t\t<a href=\"https:\/\/mesopolhis.fr\/en\/news\/\" target=\"_self\">\n\t\t\t\t\t\t\tSee all our news\n\t\t\t\t\t<\/a>\n\t\t\t\t\t\t\t\t\t<img loading=\"lazy\" decoding=\"async\" src=\"https:\/\/mesopolhis.fr\/wp-content\/uploads\/2025\/03\/email_469848.png\" alt=\"email_469848\" height=\"512\" width=\"512\" title=\"email_469848\" \/>\n<h2>\n\t\tLettres d&rsquo;infodu MESOPOLHIS\n\t<\/h2>\n<h3>\n\t\tFollow life in the laboratory\n\t<\/h3>\n\t\t\t<a href=\"https:\/\/mesopolhis.fr\/en\/mesopolhis-newsletters\/\" target=\"_self\">\n\t\t\t\t\t\t\tVoir nos lettres d&rsquo;info\n\t\t\t\t\t<\/a>\n\t\t\t\t\t\t\t\t\t<img loading=\"lazy\" decoding=\"async\" src=\"https:\/\/mesopolhis.fr\/wp-content\/uploads\/2025\/03\/microphone.png\" alt=\"microphone\" height=\"512\" width=\"512\" title=\"microphone\" \/>\n<h2>\n\t\tIn the media\n\t<\/h2>\n<h3>\n\t\tFind out here what our members have to say in the media (press, radio, television)\n\t<\/h3>\n\t\t\t<a href=\"https:\/\/mesopolhis.fr\/en\/blog\/category\/in-the-media\/\" target=\"_self\">\n\t\t\t\t\t\t\tMedia appearances\n\t\t\t\t\t<\/a>\n\t\t\t\t\t\t\t\t\t<img loading=\"lazy\" decoding=\"async\" src=\"https:\/\/mesopolhis.fr\/wp-content\/uploads\/2025\/03\/folder_2577435.png\" alt=\"folder_2577435\" height=\"512\" width=\"512\" title=\"folder_2577435\" \/>\n<h2>\n\t\tFinancing request\n\t<\/h2>\n<h3>\n\t\tAccess reserved for laboratory members\n\t<\/h3>\n\t\t\t<a href=\"https:\/\/mesopolhis.fr\/en\/funding-application\/\" target=\"_self\">\n\t\t\t\t\t\t\tFinancing request\n\t\t\t\t\t<\/a>","protected":false},"excerpt":{"rendered":"<p>Accueil &raquo; Au quotidien Au quotidien Agenda scientifique Restez inform\u00e9\u00b7e pour ne rien manquer de nos \u00e9v\u00e9nements Voir tous nos \u00e9v\u00e9nements Actualit\u00e9s D\u00e9couvrez l&rsquo;actualit\u00e9 du MESOPOLHIS (hors publications) Voir toutes nos actualit\u00e9s Lettres d&rsquo;infodu MESOPOLHIS Suivez la vie du laboratoire Voir nos lettres d&rsquo;info Dans les m\u00e9dias D\u00e9couvrez ici les interventions de nos membres dans&hellip;<\/p>","protected":false},"author":343,"featured_media":0,"parent":0,"menu_order":0,"comment_status":"closed","ping_status":"closed","template":"","meta":{"_acf_changed":false,"inline_featured_image":false,"footnotes":""},"class_list":["post-36560","page","type-page","status-publish","hentry"],"acf":[],"yoast_head":"<!-- This site is optimized with the Yoast SEO plugin v27.3 - https:\/\/yoast.com\/product\/yoast-seo-wordpress\/ -->\n<title>Au quotidien - Mesopolhis<\/title>\n<meta name=\"robots\" content=\"index, follow, max-snippet:-1, max-image-preview:large, max-video-preview:-1\" \/>\n<link rel=\"canonical\" href=\"https:\/\/mesopolhis.fr\/en\/on-a-daily-basis\/\" \/>\n<meta property=\"og:locale\" content=\"en_GB\" \/>\n<meta property=\"og:type\" content=\"article\" \/>\n<meta property=\"og:title\" content=\"Au quotidien - Mesopolhis\" \/>\n<meta property=\"og:description\" content=\"Accueil &raquo; Au quotidien Au quotidien Agenda scientifique Restez inform\u00e9\u00b7e pour ne rien manquer de nos \u00e9v\u00e9nements Voir tous nos \u00e9v\u00e9nements Actualit\u00e9s D\u00e9couvrez l&rsquo;actualit\u00e9 du MESOPOLHIS (hors publications) Voir toutes nos actualit\u00e9s Lettres d&rsquo;infodu MESOPOLHIS Suivez la vie du laboratoire Voir nos lettres d&rsquo;info Dans les m\u00e9dias D\u00e9couvrez ici les interventions de nos membres dans&hellip;\" \/>\n<meta property=\"og:url\" content=\"https:\/\/mesopolhis.fr\/en\/on-a-daily-basis\/\" \/>\n<meta property=\"og:site_name\" content=\"Mesopolhis\" \/>\n<meta property=\"article:modified_time\" content=\"2025-03-14T09:16:59+00:00\" \/>\n<meta property=\"og:image\" content=\"https:\/\/mesopolhis.fr\/wp-content\/uploads\/2025\/03\/appointment.png\" \/>\n<meta name=\"twitter:card\" content=\"summary_large_image\" \/>\n<meta name=\"twitter:label1\" content=\"Estimated reading time\" \/>\n\t<meta name=\"twitter:data1\" content=\"2 minutes\" \/>\n<script type=\"application\/ld+json\" class=\"yoast-schema-graph\">{\"@context\":\"https:\\\/\\\/schema.org\",\"@graph\":[{\"@type\":\"WebPage\",\"@id\":\"https:\\\/\\\/mesopolhis.fr\\\/au-quotidien\\\/\",\"url\":\"https:\\\/\\\/mesopolhis.fr\\\/au-quotidien\\\/\",\"name\":\"Au quotidien - Mesopolhis\",\"isPartOf\":{\"@id\":\"https:\\\/\\\/mesopolhis.fr\\\/#website\"},\"primaryImageOfPage\":{\"@id\":\"https:\\\/\\\/mesopolhis.fr\\\/au-quotidien\\\/#primaryimage\"},\"image\":{\"@id\":\"https:\\\/\\\/mesopolhis.fr\\\/au-quotidien\\\/#primaryimage\"},\"thumbnailUrl\":\"https:\\\/\\\/mesopolhis.fr\\\/wp-content\\\/uploads\\\/2025\\\/03\\\/appointment.png\",\"datePublished\":\"2025-03-14T09:07:03+00:00\",\"dateModified\":\"2025-03-14T09:16:59+00:00\",\"breadcrumb\":{\"@id\":\"https:\\\/\\\/mesopolhis.fr\\\/au-quotidien\\\/#breadcrumb\"},\"inLanguage\":\"en-GB\",\"potentialAction\":[{\"@type\":\"ReadAction\",\"target\":[\"https:\\\/\\\/mesopolhis.fr\\\/au-quotidien\\\/\"]}]},{\"@type\":\"ImageObject\",\"inLanguage\":\"en-GB\",\"@id\":\"https:\\\/\\\/mesopolhis.fr\\\/au-quotidien\\\/#primaryimage\",\"url\":\"https:\\\/\\\/mesopolhis.fr\\\/wp-content\\\/uploads\\\/2025\\\/03\\\/appointment.png\",\"contentUrl\":\"https:\\\/\\\/mesopolhis.fr\\\/wp-content\\\/uploads\\\/2025\\\/03\\\/appointment.png\"},{\"@type\":\"BreadcrumbList\",\"@id\":\"https:\\\/\\\/mesopolhis.fr\\\/au-quotidien\\\/#breadcrumb\",\"itemListElement\":[{\"@type\":\"ListItem\",\"position\":1,\"name\":\"Accueil\",\"item\":\"https:\\\/\\\/mesopolhis.fr\\\/\"},{\"@type\":\"ListItem\",\"position\":2,\"name\":\"Au quotidien\"}]},{\"@type\":\"WebSite\",\"@id\":\"https:\\\/\\\/mesopolhis.fr\\\/#website\",\"url\":\"https:\\\/\\\/mesopolhis.fr\\\/\",\"name\":\"Mesopolhis\",\"description\":\"Centre m\u00e9diterran\u00e9en de sociologie, de science politique et d&#039;histoire\",\"publisher\":{\"@id\":\"https:\\\/\\\/mesopolhis.fr\\\/#organization\"},\"potentialAction\":[{\"@type\":\"SearchAction\",\"target\":{\"@type\":\"EntryPoint\",\"urlTemplate\":\"https:\\\/\\\/mesopolhis.fr\\\/?s={search_term_string}\"},\"query-input\":{\"@type\":\"PropertyValueSpecification\",\"valueRequired\":true,\"valueName\":\"search_term_string\"}}],\"inLanguage\":\"en-GB\"},{\"@type\":\"Organization\",\"@id\":\"https:\\\/\\\/mesopolhis.fr\\\/#organization\",\"name\":\"Mesopolhis\",\"url\":\"https:\\\/\\\/mesopolhis.fr\\\/\",\"logo\":{\"@type\":\"ImageObject\",\"inLanguage\":\"en-GB\",\"@id\":\"https:\\\/\\\/mesopolhis.fr\\\/#\\\/schema\\\/logo\\\/image\\\/\",\"url\":\"https:\\\/\\\/mesopolhis.fr\\\/wp-content\\\/uploads\\\/2021\\\/12\\\/Logo_MESOPOLHIS_Quadri.png\",\"contentUrl\":\"https:\\\/\\\/mesopolhis.fr\\\/wp-content\\\/uploads\\\/2021\\\/12\\\/Logo_MESOPOLHIS_Quadri.png\",\"width\":264,\"height\":69,\"caption\":\"Mesopolhis\"},\"image\":{\"@id\":\"https:\\\/\\\/mesopolhis.fr\\\/#\\\/schema\\\/logo\\\/image\\\/\"}}]}<\/script>\n<!-- \/ Yoast SEO plugin. -->","yoast_head_json":{"title":"Daily life - Mesopolhis","robots":{"index":"index","follow":"follow","max-snippet":"max-snippet:-1","max-image-preview":"max-image-preview:large","max-video-preview":"max-video-preview:-1"},"canonical":"https:\/\/mesopolhis.fr\/en\/on-a-daily-basis\/","og_locale":"en_GB","og_type":"article","og_title":"Au quotidien - Mesopolhis","og_description":"Accueil &raquo; Au quotidien Au quotidien Agenda scientifique Restez inform\u00e9\u00b7e pour ne rien manquer de nos \u00e9v\u00e9nements Voir tous nos \u00e9v\u00e9nements Actualit\u00e9s D\u00e9couvrez l&rsquo;actualit\u00e9 du MESOPOLHIS (hors publications) Voir toutes nos actualit\u00e9s Lettres d&rsquo;infodu MESOPOLHIS Suivez la vie du laboratoire Voir nos lettres d&rsquo;info Dans les m\u00e9dias D\u00e9couvrez ici les interventions de nos membres dans&hellip;","og_url":"https:\/\/mesopolhis.fr\/en\/on-a-daily-basis\/","og_site_name":"Mesopolhis","article_modified_time":"2025-03-14T09:16:59+00:00","og_image":[{"url":"https:\/\/mesopolhis.fr\/wp-content\/uploads\/2025\/03\/appointment.png","type":"","width":"","height":""}],"twitter_card":"summary_large_image","twitter_misc":{"Estimated reading time":"2 minutes"},"schema":{"@context":"https:\/\/schema.org","@graph":[{"@type":"WebPage","@id":"https:\/\/mesopolhis.fr\/au-quotidien\/","url":"https:\/\/mesopolhis.fr\/au-quotidien\/","name":"Daily life - Mesopolhis","isPartOf":{"@id":"https:\/\/mesopolhis.fr\/#website"},"primaryImageOfPage":{"@id":"https:\/\/mesopolhis.fr\/au-quotidien\/#primaryimage"},"image":{"@id":"https:\/\/mesopolhis.fr\/au-quotidien\/#primaryimage"},"thumbnailUrl":"https:\/\/mesopolhis.fr\/wp-content\/uploads\/2025\/03\/appointment.png","datePublished":"2025-03-14T09:07:03+00:00","dateModified":"2025-03-14T09:16:59+00:00","breadcrumb":{"@id":"https:\/\/mesopolhis.fr\/au-quotidien\/#breadcrumb"},"inLanguage":"en-GB","potentialAction":[{"@type":"ReadAction","target":["https:\/\/mesopolhis.fr\/au-quotidien\/"]}]},{"@type":"ImageObject","inLanguage":"en-GB","@id":"https:\/\/mesopolhis.fr\/au-quotidien\/#primaryimage","url":"https:\/\/mesopolhis.fr\/wp-content\/uploads\/2025\/03\/appointment.png","contentUrl":"https:\/\/mesopolhis.fr\/wp-content\/uploads\/2025\/03\/appointment.png"},{"@type":"BreadcrumbList","@id":"https:\/\/mesopolhis.fr\/au-quotidien\/#breadcrumb","itemListElement":[{"@type":"ListItem","position":1,"name":"Accueil","item":"https:\/\/mesopolhis.fr\/"},{"@type":"ListItem","position":2,"name":"Au quotidien"}]},{"@type":"WebSite","@id":"https:\/\/mesopolhis.fr\/#website","url":"https:\/\/mesopolhis.fr\/","name":"Mesopolhis","description":"Mediterranean Centre for Sociology, Political Science and History","publisher":{"@id":"https:\/\/mesopolhis.fr\/#organization"},"potentialAction":[{"@type":"SearchAction","target":{"@type":"EntryPoint","urlTemplate":"https:\/\/mesopolhis.fr\/?s={search_term_string}"},"query-input":{"@type":"PropertyValueSpecification","valueRequired":true,"valueName":"search_term_string"}}],"inLanguage":"en-GB"},{"@type":"Organization","@id":"https:\/\/mesopolhis.fr\/#organization","name":"Mesopolhis","url":"https:\/\/mesopolhis.fr\/","logo":{"@type":"ImageObject","inLanguage":"en-GB","@id":"https:\/\/mesopolhis.fr\/#\/schema\/logo\/image\/","url":"https:\/\/mesopolhis.fr\/wp-content\/uploads\/2021\/12\/Logo_MESOPOLHIS_Quadri.png","contentUrl":"https:\/\/mesopolhis.fr\/wp-content\/uploads\/2021\/12\/Logo_MESOPOLHIS_Quadri.png","width":264,"height":69,"caption":"Mesopolhis"},"image":{"@id":"https:\/\/mesopolhis.fr\/#\/schema\/logo\/image\/"}}]}},"_links":{"self":[{"href":"https:\/\/mesopolhis.fr\/en\/wp-json\/wp\/v2\/pages\/36560","targetHints":{"allow":["GET"]}}],"collection":[{"href":"https:\/\/mesopolhis.fr\/en\/wp-json\/wp\/v2\/pages"}],"about":[{"href":"https:\/\/mesopolhis.fr\/en\/wp-json\/wp\/v2\/types\/page"}],"author":[{"embeddable":true,"href":"https:\/\/mesopolhis.fr\/en\/wp-json\/wp\/v2\/users\/343"}],"replies":[{"embeddable":true,"href":"https:\/\/mesopolhis.fr\/en\/wp-json\/wp\/v2\/comments?post=36560"}],"version-history":[{"count":0,"href":"https:\/\/mesopolhis.fr\/en\/wp-json\/wp\/v2\/pages\/36560\/revisions"}],"wp:attachment":[{"href":"https:\/\/mesopolhis.fr\/en\/wp-json\/wp\/v2\/media?parent=36560"}],"curies":[{"name":"wp","href":"https:\/\/api.w.org\/{rel}","templated":true}]}}