{"id":36255,"date":"2025-02-06T14:47:35","date_gmt":"2025-02-06T13:47:35","guid":{"rendered":"https:\/\/mesopolhis.fr\/?page_id=36255"},"modified":"2025-03-11T16:11:04","modified_gmt":"2025-03-11T15:11:04","slug":"join-mesopolhis","status":"publish","type":"page","link":"https:\/\/mesopolhis.fr\/en\/join-mesopolhis\/","title":{"rendered":"Join MESOPOLHIS"},"content":{"rendered":"<nav id=\"breadcrumbs\" aria-label=\"Breadcrumbs\"><a href=\"https:\/\/mesopolhis.fr\/en\/\">Home<\/a> &raquo; Rejoindre le MESOPOLHIS<\/nav><h1>\n\t\tJoin the MESOPOLHIS laboratory\n\t<\/h1>\n<h2>\n\t\t<a href=\"https:\/\/mesopolhis.fr\/en\/visitor-to-the-laboratory\/\" title=\"Short- and long-term stays for researchers\" target=\"_self\">\n\t\tShort- and long-term stays for researchers\n\t\t<\/a>\n\t<\/h2>\n<h3>\n\t\t<a href=\"https:\/\/mesopolhis.fr\/en\/visitor-to-the-laboratory\/\" title=\"MESOPOLHIS welcomes researchers of all nationalities for short or long-term stays.\" target=\"_self\">\n\t\tMESOPOLHIS welcomes researchers of all nationalities for short or long-term stays.\n\t\t<\/a>\n\t<\/h3>\n\t\t\t<a href=\"https:\/\/mesopolhis.fr\/en\/visitor-to-the-laboratory\/\" target=\"_self\">\n\t\t\t\t\t\t\tProc\u00e9dure d&rsquo;accueil\n\t\t\t\t\t<\/a>\n<h2>\n\t\t<a href=\"https:\/\/mesopolhis.fr\/en\/becoming-an-associate-member\/\" title=\"Become an associate member of MESOPOLHIS\" target=\"_self\">\n\t\tBecome an associate member of MESOPOLHIS\n\t\t<\/a>\n\t<\/h2>\n<h3>\n\t\t<a href=\"https:\/\/mesopolhis.fr\/en\/becoming-an-associate-member\/\" title=\"If you are a researcher and would like to take part in MESOPOLHIS research activities\" target=\"_self\">\n\t\tIf you are a researcher and would like to take part in MESOPOLHIS research activities\n\t\t<\/a>\n\t<\/h3>\n\t\t\t<a href=\"https:\/\/mesopolhis.fr\/en\/becoming-an-associate-member\/\" target=\"_self\">\n\t\t\t\t\t\t\tResearch associate application\n\t\t\t\t\t<\/a>\n<h2>\n\t\t<a href=\"\/en\/becoming-a-doctoral-student\/\" title=\"Becoming a doctoral student\" target=\"_self\">\n\t\tBecoming a doctoral student\n\t\t<\/a>\n\t<\/h2>\n<h3>\n\t\t<a href=\"\/en\/becoming-a-doctoral-student\/\" title=\"Every year, the laboratory welcomes new young researchers on doctoral contracts.\" target=\"_self\">\n\t\tEvery year, the laboratory welcomes new young researchers on doctoral contracts.\n\t\t<\/a>\n\t<\/h3>\n\t\t\t<a href=\"\/en\/becoming-a-doctoral-student\/\" target=\"_self\">\n\t\t\t\t\t\t\tBecoming a doctoral student\n\t\t\t\t\t<\/a>\n\t\t\t\t\t\t\t\t\t<img decoding=\"async\" src=\"https:\/\/mesopolhis.fr\/wp-content\/plugins\/bb-plugin\/img\/pixel.png\" alt=\"\" \/>","protected":false},"excerpt":{"rendered":"<p>Accueil &raquo; Rejoindre le MESOPOLHIS Rejoindre le laboratoire MESOPOLHIS Accueil de chercheur\u00b7es en court et long s\u00e9jour Le MESOPOLHIS accueille des chercheur\u00b7es de toutes nationalit\u00e9s pour des s\u00e9jours de courte ou longue dur\u00e9e Proc\u00e9dure d&rsquo;accueil Devenir membre associ\u00e9\u00b7e au MESOPOLHIS Vous \u00eates chercheur\u00b7e et vous souhaitez participer aux activit\u00e9s de recherche du MESOPOLHIS Candidature chercheur\u2022e&hellip;<\/p>","protected":false},"author":180,"featured_media":0,"parent":0,"menu_order":0,"comment_status":"closed","ping_status":"closed","template":"","meta":{"_acf_changed":false,"inline_featured_image":false,"footnotes":""},"class_list":["post-36255","page","type-page","status-publish","hentry"],"acf":[],"yoast_head":"<!-- This site is optimized with the Yoast SEO plugin v27.3 - https:\/\/yoast.com\/product\/yoast-seo-wordpress\/ -->\n<title>Rejoindre le MESOPOLHIS - Mesopolhis<\/title>\n<meta name=\"robots\" content=\"index, follow, max-snippet:-1, max-image-preview:large, max-video-preview:-1\" \/>\n<link rel=\"canonical\" href=\"https:\/\/mesopolhis.fr\/en\/join-mesopolhis\/\" \/>\n<meta property=\"og:locale\" content=\"en_GB\" \/>\n<meta property=\"og:type\" content=\"article\" \/>\n<meta property=\"og:title\" content=\"Rejoindre le MESOPOLHIS - Mesopolhis\" \/>\n<meta property=\"og:description\" content=\"Accueil &raquo; Rejoindre le MESOPOLHIS Rejoindre le laboratoire MESOPOLHIS Accueil de chercheur\u00b7es en court et long s\u00e9jour Le MESOPOLHIS accueille des chercheur\u00b7es de toutes nationalit\u00e9s pour des s\u00e9jours de courte ou longue dur\u00e9e Proc\u00e9dure d&rsquo;accueil Devenir membre associ\u00e9\u00b7e au MESOPOLHIS Vous \u00eates chercheur\u00b7e et vous souhaitez participer aux activit\u00e9s de recherche du MESOPOLHIS Candidature chercheur\u2022e&hellip;\" \/>\n<meta property=\"og:url\" content=\"https:\/\/mesopolhis.fr\/en\/join-mesopolhis\/\" \/>\n<meta property=\"og:site_name\" content=\"Mesopolhis\" \/>\n<meta property=\"article:modified_time\" content=\"2025-03-11T15:11:04+00:00\" \/>\n<meta property=\"og:image\" content=\"https:\/\/mesopolhis.fr\/wp-content\/plugins\/bb-plugin\/img\/pixel.png\" \/>\n<meta name=\"twitter:card\" content=\"summary_large_image\" \/>\n<meta name=\"twitter:label1\" content=\"Estimated reading time\" \/>\n\t<meta name=\"twitter:data1\" content=\"1 minute\" \/>\n<script type=\"application\/ld+json\" class=\"yoast-schema-graph\">{\"@context\":\"https:\\\/\\\/schema.org\",\"@graph\":[{\"@type\":\"WebPage\",\"@id\":\"https:\\\/\\\/mesopolhis.fr\\\/rejoindre-mesopolhis\\\/\",\"url\":\"https:\\\/\\\/mesopolhis.fr\\\/rejoindre-mesopolhis\\\/\",\"name\":\"Rejoindre le MESOPOLHIS - Mesopolhis\",\"isPartOf\":{\"@id\":\"https:\\\/\\\/mesopolhis.fr\\\/#website\"},\"primaryImageOfPage\":{\"@id\":\"https:\\\/\\\/mesopolhis.fr\\\/rejoindre-mesopolhis\\\/#primaryimage\"},\"image\":{\"@id\":\"https:\\\/\\\/mesopolhis.fr\\\/rejoindre-mesopolhis\\\/#primaryimage\"},\"thumbnailUrl\":\"https:\\\/\\\/mesopolhis.fr\\\/wp-content\\\/plugins\\\/bb-plugin\\\/img\\\/pixel.png\",\"datePublished\":\"2025-02-06T13:47:35+00:00\",\"dateModified\":\"2025-03-11T15:11:04+00:00\",\"breadcrumb\":{\"@id\":\"https:\\\/\\\/mesopolhis.fr\\\/rejoindre-mesopolhis\\\/#breadcrumb\"},\"inLanguage\":\"en-GB\",\"potentialAction\":[{\"@type\":\"ReadAction\",\"target\":[\"https:\\\/\\\/mesopolhis.fr\\\/rejoindre-mesopolhis\\\/\"]}]},{\"@type\":\"ImageObject\",\"inLanguage\":\"en-GB\",\"@id\":\"https:\\\/\\\/mesopolhis.fr\\\/rejoindre-mesopolhis\\\/#primaryimage\",\"url\":\"https:\\\/\\\/mesopolhis.fr\\\/wp-content\\\/plugins\\\/bb-plugin\\\/img\\\/pixel.png\",\"contentUrl\":\"https:\\\/\\\/mesopolhis.fr\\\/wp-content\\\/plugins\\\/bb-plugin\\\/img\\\/pixel.png\"},{\"@type\":\"BreadcrumbList\",\"@id\":\"https:\\\/\\\/mesopolhis.fr\\\/rejoindre-mesopolhis\\\/#breadcrumb\",\"itemListElement\":[{\"@type\":\"ListItem\",\"position\":1,\"name\":\"Accueil\",\"item\":\"https:\\\/\\\/mesopolhis.fr\\\/\"},{\"@type\":\"ListItem\",\"position\":2,\"name\":\"Rejoindre le MESOPOLHIS\"}]},{\"@type\":\"WebSite\",\"@id\":\"https:\\\/\\\/mesopolhis.fr\\\/#website\",\"url\":\"https:\\\/\\\/mesopolhis.fr\\\/\",\"name\":\"Mesopolhis\",\"description\":\"Centre m\u00e9diterran\u00e9en de sociologie, de science politique et d&#039;histoire\",\"publisher\":{\"@id\":\"https:\\\/\\\/mesopolhis.fr\\\/#organization\"},\"potentialAction\":[{\"@type\":\"SearchAction\",\"target\":{\"@type\":\"EntryPoint\",\"urlTemplate\":\"https:\\\/\\\/mesopolhis.fr\\\/?s={search_term_string}\"},\"query-input\":{\"@type\":\"PropertyValueSpecification\",\"valueRequired\":true,\"valueName\":\"search_term_string\"}}],\"inLanguage\":\"en-GB\"},{\"@type\":\"Organization\",\"@id\":\"https:\\\/\\\/mesopolhis.fr\\\/#organization\",\"name\":\"Mesopolhis\",\"url\":\"https:\\\/\\\/mesopolhis.fr\\\/\",\"logo\":{\"@type\":\"ImageObject\",\"inLanguage\":\"en-GB\",\"@id\":\"https:\\\/\\\/mesopolhis.fr\\\/#\\\/schema\\\/logo\\\/image\\\/\",\"url\":\"https:\\\/\\\/mesopolhis.fr\\\/wp-content\\\/uploads\\\/2021\\\/12\\\/Logo_MESOPOLHIS_Quadri.png\",\"contentUrl\":\"https:\\\/\\\/mesopolhis.fr\\\/wp-content\\\/uploads\\\/2021\\\/12\\\/Logo_MESOPOLHIS_Quadri.png\",\"width\":264,\"height\":69,\"caption\":\"Mesopolhis\"},\"image\":{\"@id\":\"https:\\\/\\\/mesopolhis.fr\\\/#\\\/schema\\\/logo\\\/image\\\/\"}}]}<\/script>\n<!-- \/ Yoast SEO plugin. -->","yoast_head_json":{"title":"Join MESOPOLHIS - Mesopolhis","robots":{"index":"index","follow":"follow","max-snippet":"max-snippet:-1","max-image-preview":"max-image-preview:large","max-video-preview":"max-video-preview:-1"},"canonical":"https:\/\/mesopolhis.fr\/en\/join-mesopolhis\/","og_locale":"en_GB","og_type":"article","og_title":"Rejoindre le MESOPOLHIS - Mesopolhis","og_description":"Accueil &raquo; Rejoindre le MESOPOLHIS Rejoindre le laboratoire MESOPOLHIS Accueil de chercheur\u00b7es en court et long s\u00e9jour Le MESOPOLHIS accueille des chercheur\u00b7es de toutes nationalit\u00e9s pour des s\u00e9jours de courte ou longue dur\u00e9e Proc\u00e9dure d&rsquo;accueil Devenir membre associ\u00e9\u00b7e au MESOPOLHIS Vous \u00eates chercheur\u00b7e et vous souhaitez participer aux activit\u00e9s de recherche du MESOPOLHIS Candidature chercheur\u2022e&hellip;","og_url":"https:\/\/mesopolhis.fr\/en\/join-mesopolhis\/","og_site_name":"Mesopolhis","article_modified_time":"2025-03-11T15:11:04+00:00","og_image":[{"url":"https:\/\/mesopolhis.fr\/wp-content\/plugins\/bb-plugin\/img\/pixel.png","type":"","width":"","height":""}],"twitter_card":"summary_large_image","twitter_misc":{"Estimated reading time":"1 minute"},"schema":{"@context":"https:\/\/schema.org","@graph":[{"@type":"WebPage","@id":"https:\/\/mesopolhis.fr\/rejoindre-mesopolhis\/","url":"https:\/\/mesopolhis.fr\/rejoindre-mesopolhis\/","name":"Join MESOPOLHIS - Mesopolhis","isPartOf":{"@id":"https:\/\/mesopolhis.fr\/#website"},"primaryImageOfPage":{"@id":"https:\/\/mesopolhis.fr\/rejoindre-mesopolhis\/#primaryimage"},"image":{"@id":"https:\/\/mesopolhis.fr\/rejoindre-mesopolhis\/#primaryimage"},"thumbnailUrl":"https:\/\/mesopolhis.fr\/wp-content\/plugins\/bb-plugin\/img\/pixel.png","datePublished":"2025-02-06T13:47:35+00:00","dateModified":"2025-03-11T15:11:04+00:00","breadcrumb":{"@id":"https:\/\/mesopolhis.fr\/rejoindre-mesopolhis\/#breadcrumb"},"inLanguage":"en-GB","potentialAction":[{"@type":"ReadAction","target":["https:\/\/mesopolhis.fr\/rejoindre-mesopolhis\/"]}]},{"@type":"ImageObject","inLanguage":"en-GB","@id":"https:\/\/mesopolhis.fr\/rejoindre-mesopolhis\/#primaryimage","url":"https:\/\/mesopolhis.fr\/wp-content\/plugins\/bb-plugin\/img\/pixel.png","contentUrl":"https:\/\/mesopolhis.fr\/wp-content\/plugins\/bb-plugin\/img\/pixel.png"},{"@type":"BreadcrumbList","@id":"https:\/\/mesopolhis.fr\/rejoindre-mesopolhis\/#breadcrumb","itemListElement":[{"@type":"ListItem","position":1,"name":"Accueil","item":"https:\/\/mesopolhis.fr\/"},{"@type":"ListItem","position":2,"name":"Rejoindre le MESOPOLHIS"}]},{"@type":"WebSite","@id":"https:\/\/mesopolhis.fr\/#website","url":"https:\/\/mesopolhis.fr\/","name":"Mesopolhis","description":"Mediterranean Centre for Sociology, Political Science and History","publisher":{"@id":"https:\/\/mesopolhis.fr\/#organization"},"potentialAction":[{"@type":"SearchAction","target":{"@type":"EntryPoint","urlTemplate":"https:\/\/mesopolhis.fr\/?s={search_term_string}"},"query-input":{"@type":"PropertyValueSpecification","valueRequired":true,"valueName":"search_term_string"}}],"inLanguage":"en-GB"},{"@type":"Organization","@id":"https:\/\/mesopolhis.fr\/#organization","name":"Mesopolhis","url":"https:\/\/mesopolhis.fr\/","logo":{"@type":"ImageObject","inLanguage":"en-GB","@id":"https:\/\/mesopolhis.fr\/#\/schema\/logo\/image\/","url":"https:\/\/mesopolhis.fr\/wp-content\/uploads\/2021\/12\/Logo_MESOPOLHIS_Quadri.png","contentUrl":"https:\/\/mesopolhis.fr\/wp-content\/uploads\/2021\/12\/Logo_MESOPOLHIS_Quadri.png","width":264,"height":69,"caption":"Mesopolhis"},"image":{"@id":"https:\/\/mesopolhis.fr\/#\/schema\/logo\/image\/"}}]}},"_links":{"self":[{"href":"https:\/\/mesopolhis.fr\/en\/wp-json\/wp\/v2\/pages\/36255","targetHints":{"allow":["GET"]}}],"collection":[{"href":"https:\/\/mesopolhis.fr\/en\/wp-json\/wp\/v2\/pages"}],"about":[{"href":"https:\/\/mesopolhis.fr\/en\/wp-json\/wp\/v2\/types\/page"}],"author":[{"embeddable":true,"href":"https:\/\/mesopolhis.fr\/en\/wp-json\/wp\/v2\/users\/180"}],"replies":[{"embeddable":true,"href":"https:\/\/mesopolhis.fr\/en\/wp-json\/wp\/v2\/comments?post=36255"}],"version-history":[{"count":0,"href":"https:\/\/mesopolhis.fr\/en\/wp-json\/wp\/v2\/pages\/36255\/revisions"}],"wp:attachment":[{"href":"https:\/\/mesopolhis.fr\/en\/wp-json\/wp\/v2\/media?parent=36255"}],"curies":[{"name":"wp","href":"https:\/\/api.w.org\/{rel}","templated":true}]}}