{"id":36226,"date":"2025-02-05T13:42:18","date_gmt":"2025-02-05T12:42:18","guid":{"rendered":"https:\/\/mesopolhis.fr\/?page_id=36226"},"modified":"2025-09-29T14:44:04","modified_gmt":"2025-09-29T12:44:04","slug":"becoming-an-associate-member","status":"publish","type":"page","link":"https:\/\/mesopolhis.fr\/en\/becoming-an-associate-member\/","title":{"rendered":"Become an associate member"},"content":{"rendered":"\n\n\t<nav id=\"breadcrumbs\" aria-label=\"Breadcrumbs\"><a href=\"https:\/\/mesopolhis.fr\/\">Accueil<\/a> &raquo; Devenir membre associ\u00e9\u2022e<\/nav><h1>\n\t\tDevenir membre associ\u00e9\u2022e au MESOPOLHIS\n\t<\/h1>\n<h2>\n\t\t\u00catre chercheur\u2022e associ\u00e9\u00b7e au Mesopolhis : pour quoi faire ?\n\t<\/h2>\n\t<p>\u00catre chercheur\u2022e associ\u00e9\u00b7e au MESOPOLHIS ne donne droit \u00e0 aucun statut reconnu juridiquement par Aix Marseille Universit\u00e9 et n&rsquo;ouvre pas de droit syst\u00e9matique \u00e0 des financements de la part du laboratoire (voir les <a href=\"https:\/\/mesopolhis.fr\/demande-de-financement\/\">postes \u00e9ligibles au soutien financier et crit\u00e8res de priorisation<\/a>, pour les demandes de financement).<\/p>\n<p>\u00catre chercheur\u2022e associ\u00e9\u00b7e t\u00e9moigne de la relation de coop\u00e9ration qui existe entre le MESOPOLHIS et vous, vous permet de b\u00e9n\u00e9ficier de la diffusion des informations internes au laboratoire et vous autorise \u00e0 vous pr\u00e9valoir du statut de chercheur ou chercheuse associ\u00e9\u00b7e au MESOPOLHIS dans le cadre de vos travaux, communications ou publications.<\/p>\n<h2>\n\t\tComment devenir chercheur\u2022e associ\u00e9\u00b7e au Mesopolhis ?\n\t<\/h2>\n<h3>\n\t\tCas 1\n\t<\/h3>\n\t<p>Votre statut au sein du MESOPOLHIS change parce que vous venez de soutenir votre th\u00e8se, de finir le contrat pour lequel vous aviez \u00e9t\u00e9 recrut\u00e9\u00b7e ou parce qu&rsquo;apr\u00e8s avoir \u00e9t\u00e9 titulaire au MESOPOLHIS vous \u00eates mut\u00e9\u00b7e dans un autre laboratoire, ou \u00e9galement si devenez \u00e9m\u00e9rite.<\/p>\n<p>Dans ce cas, un simple mail sp\u00e9cifiant que vous souhaitez rester associ\u00e9.e au MESOPOLHIS, adress\u00e9 \u00e0 mesopolhis-gestionnaire[at]univ-amu.fr\u00a0suffit.<\/p>\n<h3>\n\t\tCas 2\n\t<\/h3>\n\t<p>Si vous ne rentrez pas dans le cas 1 et souhaitez devenir chercheur\u2022e associ\u00e9\u00b7e au Mesopolhis, vous devez :<\/p>\n<ul>\n<li>\u00catre titulaire d&rsquo;un doctorat en sciences sociales<\/li>\n<li>Attester d&rsquo;une activit\u00e9 scientifique en cours et entrant dans les <a href=\"https:\/\/mesopolhis.fr\/recherche\/axes-de-recherche\/\">axes de recherche<\/a> du laboratoire<\/li>\n<li>Transmettre un dossier contenant les pi\u00e8ces ci-dessous \u00e0 mesopolhis-gestionnaire[at]univ-amu.fr<\/li>\n<\/ul>\n\t\t\t\t\t<a href=\"#\" id=\"fl-accordion--label-0\" aria-controls=\"fl-accordion--panel-0\">Liste des pi\u00e8ces \u00e0 transmettre<\/a>\n\t\t\t\t\t\t\t\t\t\t\t<a href=\"#\" id=\"fl-accordion--icon-0\"><i title=\"Expand\">Expand<\/i><\/a>\n\t\t\t\t\t<ul>\n<li>Un CV<\/li>\n<li>Une lettre de motivation indiquant quels sont vos liens avec le Mesopolhis, le ou les <a href=\"https:\/\/mesopolhis.fr\/recherche\/axes-de-recherche\/\">axes de recherche<\/a> dans lesquels vous souhaitez vous inscrire et ce que vous pouvez apporter au laboratoire<\/li>\n<li>Une lettre de soutien de la part d&rsquo;au moins un membre de l&rsquo;unit\u00e9<\/li>\n<\/ul>\n\t<p>Votre demande sera \u00e9tudi\u00e9e par les membres du Conseil de laboratoire sur la base de ce dossier. Si votre demande est accept\u00e9e, vous recevrez un mail vous le confirmant.<\/p>\n<p>Le statut de chercheur\u2022e associ\u00e9\u2022e vous est attribu\u00e9 pour une dur\u00e9e de deux ans, \u00e0 l&rsquo;issue de laquelle vous devrez demander le renouvellement de votre association.<\/p>\n<h2>\n\t\t\u00catre chercheur\u2022e associ\u00e9\u00b7e : quelles obligations ?\n\t<\/h2>\n\t<p>Lorsque vous devenez chercheur\u2022e associ\u00e9\u00b7e au MESOPOLHIS, vous vous engagez \u00e0 :<\/p>\n<p>&#8211;\u00a0\u00a0\u00a0\u00a0\u00a0\u00a0 Participer autant que faire se peut aux activit\u00e9s du laboratoire<\/p>\n<p>&#8211;\u00a0 \u00a0 Cr\u00e9er dans un d\u00e9lai de 2 mois votre <a href=\"https:\/\/mesopolhis.fr\/les-membres\/\">page personnelle<\/a> sur le site internet du laboratoire et la maintenir \u00e0 jour (contacter mesopolhis-com@univ-amu.fr)<\/p>\n<p>&#8211;\u00a0\u00a0\u00a0\u00a0\u00a0\u00a0 Signer vos publications et communications en respectant la <a href=\"https:\/\/www.univ-amu.fr\/fr\/media\/2259\" target=\"_blank\" rel=\"noopener\">charte de signature des publications d&rsquo;Aix-Marseille Universit\u00e9<\/a><\/p>\n<p>&#8211;\u00a0 \u00a0 \u00a0 \u00c0 l&rsquo;issue des deux ann\u00e9es d&rsquo;association, une demande de renouvellement de votre association devra \u00eatre effectu\u00e9e si vous continuez \u00e0 \u00eatre impliqu\u00e9\u00b7e dans les activit\u00e9s du MESOPOLHIS.<\/p>\n<h2>\n\t\tContact\n\t<\/h2>\n\t<p>Veuillez adresser votre dossier complet au p\u00f4le administratif et financement de la recherche pour toute demande d&rsquo;association<\/p>\n\t\t\t<a href=\"http:\/\/mesopolhis-gestionnaire@univ-amu.fr\" target=\"_blank\" rel=\"noopener\">\n\t\t\t\t\t\tmesopolhis-gestionnaire[at]univ-amu.fr\n\t\t\t\t\t<\/a>\n\n","protected":false},"excerpt":{"rendered":"<p>Home \u00bb Becoming an associate member Becoming an associate member of MESOPOLHIS Why be a Mesopolhis associate researcher? Being an associate researcher at MESOPOLHIS does not entitle you to any status legally recognised by Aix Marseille University and does not systematically entitle you to funding from the laboratory (see eligible posts...<\/p>","protected":false},"author":180,"featured_media":0,"parent":0,"menu_order":0,"comment_status":"closed","ping_status":"closed","template":"","meta":{"_acf_changed":false,"inline_featured_image":false,"footnotes":""},"class_list":["post-36226","page","type-page","status-publish","hentry"],"acf":[],"yoast_head":"<!-- This site is optimized with the Yoast SEO plugin v27.4 - https:\/\/yoast.com\/product\/yoast-seo-wordpress\/ -->\n<title>Devenir membre associ\u00e9\u2022e - Mesopolhis<\/title>\n<meta name=\"robots\" content=\"index, follow, max-snippet:-1, max-image-preview:large, max-video-preview:-1\" \/>\n<link rel=\"canonical\" href=\"https:\/\/mesopolhis.fr\/en\/becoming-an-associate-member\/\" \/>\n<meta property=\"og:locale\" content=\"en_GB\" \/>\n<meta property=\"og:type\" content=\"article\" \/>\n<meta property=\"og:title\" content=\"Devenir membre associ\u00e9\u2022e - Mesopolhis\" \/>\n<meta property=\"og:description\" content=\"Accueil &raquo; Devenir membre associ\u00e9\u2022e Devenir membre associ\u00e9\u2022e au MESOPOLHIS \u00catre chercheur\u2022e associ\u00e9\u00b7e au Mesopolhis : pour quoi faire ? \u00catre chercheur\u2022e associ\u00e9\u00b7e au MESOPOLHIS ne donne droit \u00e0 aucun statut reconnu juridiquement par Aix Marseille Universit\u00e9 et n&rsquo;ouvre pas de droit syst\u00e9matique \u00e0 des financements de la part du laboratoire (voir les postes \u00e9ligibles&hellip;\" \/>\n<meta property=\"og:url\" content=\"https:\/\/mesopolhis.fr\/en\/becoming-an-associate-member\/\" \/>\n<meta property=\"og:site_name\" content=\"Mesopolhis\" \/>\n<meta property=\"article:modified_time\" content=\"2025-09-29T12:44:04+00:00\" \/>\n<meta name=\"twitter:card\" content=\"summary_large_image\" \/>\n<meta name=\"twitter:label1\" content=\"Estimated reading time\" \/>\n\t<meta name=\"twitter:data1\" content=\"3 minutes\" \/>\n<script type=\"application\/ld+json\" class=\"yoast-schema-graph\">{\"@context\":\"https:\\\/\\\/schema.org\",\"@graph\":[{\"@type\":\"WebPage\",\"@id\":\"https:\\\/\\\/mesopolhis.fr\\\/devenir-membre-associe-e\\\/\",\"url\":\"https:\\\/\\\/mesopolhis.fr\\\/devenir-membre-associe-e\\\/\",\"name\":\"Devenir membre associ\u00e9\u2022e - Mesopolhis\",\"isPartOf\":{\"@id\":\"https:\\\/\\\/mesopolhis.fr\\\/#website\"},\"datePublished\":\"2025-02-05T12:42:18+00:00\",\"dateModified\":\"2025-09-29T12:44:04+00:00\",\"breadcrumb\":{\"@id\":\"https:\\\/\\\/mesopolhis.fr\\\/devenir-membre-associe-e\\\/#breadcrumb\"},\"inLanguage\":\"en-GB\",\"potentialAction\":[{\"@type\":\"ReadAction\",\"target\":[\"https:\\\/\\\/mesopolhis.fr\\\/devenir-membre-associe-e\\\/\"]}]},{\"@type\":\"BreadcrumbList\",\"@id\":\"https:\\\/\\\/mesopolhis.fr\\\/devenir-membre-associe-e\\\/#breadcrumb\",\"itemListElement\":[{\"@type\":\"ListItem\",\"position\":1,\"name\":\"Accueil\",\"item\":\"https:\\\/\\\/mesopolhis.fr\\\/\"},{\"@type\":\"ListItem\",\"position\":2,\"name\":\"Devenir membre associ\u00e9\u2022e\"}]},{\"@type\":\"WebSite\",\"@id\":\"https:\\\/\\\/mesopolhis.fr\\\/#website\",\"url\":\"https:\\\/\\\/mesopolhis.fr\\\/\",\"name\":\"Mesopolhis\",\"description\":\"Centre m\u00e9diterran\u00e9en de sociologie, de science politique et d&#039;histoire\",\"publisher\":{\"@id\":\"https:\\\/\\\/mesopolhis.fr\\\/#organization\"},\"potentialAction\":[{\"@type\":\"SearchAction\",\"target\":{\"@type\":\"EntryPoint\",\"urlTemplate\":\"https:\\\/\\\/mesopolhis.fr\\\/?s={search_term_string}\"},\"query-input\":{\"@type\":\"PropertyValueSpecification\",\"valueRequired\":true,\"valueName\":\"search_term_string\"}}],\"inLanguage\":\"en-GB\"},{\"@type\":\"Organization\",\"@id\":\"https:\\\/\\\/mesopolhis.fr\\\/#organization\",\"name\":\"Mesopolhis\",\"url\":\"https:\\\/\\\/mesopolhis.fr\\\/\",\"logo\":{\"@type\":\"ImageObject\",\"inLanguage\":\"en-GB\",\"@id\":\"https:\\\/\\\/mesopolhis.fr\\\/#\\\/schema\\\/logo\\\/image\\\/\",\"url\":\"https:\\\/\\\/mesopolhis.fr\\\/wp-content\\\/uploads\\\/2021\\\/12\\\/Logo_MESOPOLHIS_Quadri.png\",\"contentUrl\":\"https:\\\/\\\/mesopolhis.fr\\\/wp-content\\\/uploads\\\/2021\\\/12\\\/Logo_MESOPOLHIS_Quadri.png\",\"width\":264,\"height\":69,\"caption\":\"Mesopolhis\"},\"image\":{\"@id\":\"https:\\\/\\\/mesopolhis.fr\\\/#\\\/schema\\\/logo\\\/image\\\/\"}}]}<\/script>\n<!-- \/ Yoast SEO plugin. -->","yoast_head_json":{"title":"Become an associate member - Mesopolhis","robots":{"index":"index","follow":"follow","max-snippet":"max-snippet:-1","max-image-preview":"max-image-preview:large","max-video-preview":"max-video-preview:-1"},"canonical":"https:\/\/mesopolhis.fr\/en\/becoming-an-associate-member\/","og_locale":"en_GB","og_type":"article","og_title":"Devenir membre associ\u00e9\u2022e - Mesopolhis","og_description":"Accueil &raquo; Devenir membre associ\u00e9\u2022e Devenir membre associ\u00e9\u2022e au MESOPOLHIS \u00catre chercheur\u2022e associ\u00e9\u00b7e au Mesopolhis : pour quoi faire ? \u00catre chercheur\u2022e associ\u00e9\u00b7e au MESOPOLHIS ne donne droit \u00e0 aucun statut reconnu juridiquement par Aix Marseille Universit\u00e9 et n&rsquo;ouvre pas de droit syst\u00e9matique \u00e0 des financements de la part du laboratoire (voir les postes \u00e9ligibles&hellip;","og_url":"https:\/\/mesopolhis.fr\/en\/becoming-an-associate-member\/","og_site_name":"Mesopolhis","article_modified_time":"2025-09-29T12:44:04+00:00","twitter_card":"summary_large_image","twitter_misc":{"Estimated reading time":"3 minutes"},"schema":{"@context":"https:\/\/schema.org","@graph":[{"@type":"WebPage","@id":"https:\/\/mesopolhis.fr\/devenir-membre-associe-e\/","url":"https:\/\/mesopolhis.fr\/devenir-membre-associe-e\/","name":"Become an associate member - Mesopolhis","isPartOf":{"@id":"https:\/\/mesopolhis.fr\/#website"},"datePublished":"2025-02-05T12:42:18+00:00","dateModified":"2025-09-29T12:44:04+00:00","breadcrumb":{"@id":"https:\/\/mesopolhis.fr\/devenir-membre-associe-e\/#breadcrumb"},"inLanguage":"en-GB","potentialAction":[{"@type":"ReadAction","target":["https:\/\/mesopolhis.fr\/devenir-membre-associe-e\/"]}]},{"@type":"BreadcrumbList","@id":"https:\/\/mesopolhis.fr\/devenir-membre-associe-e\/#breadcrumb","itemListElement":[{"@type":"ListItem","position":1,"name":"Accueil","item":"https:\/\/mesopolhis.fr\/"},{"@type":"ListItem","position":2,"name":"Devenir membre associ\u00e9\u2022e"}]},{"@type":"WebSite","@id":"https:\/\/mesopolhis.fr\/#website","url":"https:\/\/mesopolhis.fr\/","name":"Mesopolhis","description":"Mediterranean Centre for Sociology, Political Science and History","publisher":{"@id":"https:\/\/mesopolhis.fr\/#organization"},"potentialAction":[{"@type":"SearchAction","target":{"@type":"EntryPoint","urlTemplate":"https:\/\/mesopolhis.fr\/?s={search_term_string}"},"query-input":{"@type":"PropertyValueSpecification","valueRequired":true,"valueName":"search_term_string"}}],"inLanguage":"en-GB"},{"@type":"Organization","@id":"https:\/\/mesopolhis.fr\/#organization","name":"Mesopolhis","url":"https:\/\/mesopolhis.fr\/","logo":{"@type":"ImageObject","inLanguage":"en-GB","@id":"https:\/\/mesopolhis.fr\/#\/schema\/logo\/image\/","url":"https:\/\/mesopolhis.fr\/wp-content\/uploads\/2021\/12\/Logo_MESOPOLHIS_Quadri.png","contentUrl":"https:\/\/mesopolhis.fr\/wp-content\/uploads\/2021\/12\/Logo_MESOPOLHIS_Quadri.png","width":264,"height":69,"caption":"Mesopolhis"},"image":{"@id":"https:\/\/mesopolhis.fr\/#\/schema\/logo\/image\/"}}]}},"_links":{"self":[{"href":"https:\/\/mesopolhis.fr\/en\/wp-json\/wp\/v2\/pages\/36226","targetHints":{"allow":["GET"]}}],"collection":[{"href":"https:\/\/mesopolhis.fr\/en\/wp-json\/wp\/v2\/pages"}],"about":[{"href":"https:\/\/mesopolhis.fr\/en\/wp-json\/wp\/v2\/types\/page"}],"author":[{"embeddable":true,"href":"https:\/\/mesopolhis.fr\/en\/wp-json\/wp\/v2\/users\/180"}],"replies":[{"embeddable":true,"href":"https:\/\/mesopolhis.fr\/en\/wp-json\/wp\/v2\/comments?post=36226"}],"version-history":[{"count":3,"href":"https:\/\/mesopolhis.fr\/en\/wp-json\/wp\/v2\/pages\/36226\/revisions"}],"predecessor-version":[{"id":38140,"href":"https:\/\/mesopolhis.fr\/en\/wp-json\/wp\/v2\/pages\/36226\/revisions\/38140"}],"wp:attachment":[{"href":"https:\/\/mesopolhis.fr\/en\/wp-json\/wp\/v2\/media?parent=36226"}],"curies":[{"name":"wp","href":"https:\/\/api.w.org\/{rel}","templated":true}]}}