{"id":36011,"date":"2025-01-10T12:55:42","date_gmt":"2025-01-10T11:55:42","guid":{"rendered":"https:\/\/mesopolhis.fr\/?page_id=36011"},"modified":"2025-07-16T16:52:01","modified_gmt":"2025-07-16T14:52:01","slug":"production","status":"publish","type":"page","link":"https:\/\/mesopolhis.fr\/en\/production\/","title":{"rendered":"Productions"},"content":{"rendered":"<nav id=\"breadcrumbs\" aria-label=\"Breadcrumbs\"><a href=\"https:\/\/mesopolhis.fr\/en\/\">Home<\/a> &raquo; Diffusion<\/nav><h1>\n\t\tPublications and dissemination of knowledge\n\t<\/h1>\n\t\t\t\t\t\t\t\t\t<img loading=\"lazy\" decoding=\"async\" src=\"https:\/\/mesopolhis.fr\/wp-content\/uploads\/2021\/12\/004-open-book-300x300.png\" alt=\"004-open-book\" height=\"300\" width=\"300\" title=\"004-open-book\" \/>\n<h2>\n\t\t<a href=\"https:\/\/mesopolhis.fr\/en\/distribution\/publications\/\" title=\"Latest publications\" target=\"_self\">\n\t\tLatest publications\n\t\t<\/a>\n\t<\/h2>\n<h3>\n\t\t<a href=\"https:\/\/mesopolhis.fr\/en\/distribution\/publications\/\" title=\"Publications of books, book chapters, journal articles, blog articles, etc. by MESOPOLHIS researchers\" target=\"_self\">\n\t\tLes parutions d&rsquo;ouvrages, chapitres d&rsquo;ouvrages, articles dans une revue, articles de blogs etc. r\u00e9alis\u00e9s par les chercheurs du MESOPOLHIS\n\t\t<\/a>\n\t<\/h3>\n\t\t\t<a href=\"https:\/\/mesopolhis.fr\/en\/distribution\/publications\/\" target=\"_self\">\n\t\t\t\t\t\t\tPublications\n\t\t\t\t\t<\/a>\n\t\t\t\t\t\t\t\t\t<img loading=\"lazy\" decoding=\"async\" src=\"https:\/\/mesopolhis.fr\/wp-content\/uploads\/2021\/12\/004-open-book-300x300.png\" alt=\"004-open-book\" height=\"300\" width=\"300\" title=\"004-open-book\" \/>\n<h2>\n\t\t<a href=\"https:\/\/mesopolhis.fr\/en\/distribution\/publications-hal\/\" title=\"HAL-MESOPOLHIS Productions\" target=\"_self\">\n\t\tHAL-MESOPOLHIS Productions\n\t\t<\/a>\n\t<\/h2>\n<h3>\n\t\t<a href=\"https:\/\/mesopolhis.fr\/en\/distribution\/publications-hal\/\" title=\"Access all the laboratory&#039;s productions from the MESOPOLHIS HAL Collection\" target=\"_self\">\n\t\tAccess all the laboratory's productions from the MESOPOLHIS HAL Collection\n\t\t<\/a>\n\t<\/h3>\n\t\t\t<a href=\"https:\/\/mesopolhis.fr\/en\/distribution\/publications-hal\/\" target=\"_self\">\n\t\t\t\t\t\t\tHAL MESOPOLHIS Collection\n\t\t\t\t\t<\/a>\n\t\t\t\t\t\t\t\t\t<img loading=\"lazy\" decoding=\"async\" src=\"https:\/\/mesopolhis.fr\/wp-content\/uploads\/2021\/12\/004-open-book-300x300.png\" alt=\"004-open-book\" height=\"300\" width=\"300\" title=\"004-open-book\" \/>\n<h2>\n\t\t<a href=\"https:\/\/mesopolhis.fr\/en\/distribution\/collection-questions-transnationales-ed-karthala\/\" title=\"Collection Questions transnationales\" target=\"_self\">\n\t\tCollection <br \/>Transnational issues\n\t\t<\/a>\n\t<\/h2>\n<h3>\n\t\t<a href=\"https:\/\/mesopolhis.fr\/en\/distribution\/collection-questions-transnationales-ed-karthala\/\" title=\"Edited by Philippe Aldrin and Aude Signoles, published by Karthala\/Sciences Po Aix-Mesopolhis\" target=\"_self\">\n\t\tEdited by Philippe Aldrin and Aude Signoles, published by Karthala\/Sciences Po Aix-Mesopolhis\n\t\t<\/a>\n\t<\/h3>\n\t\t\t<a href=\"https:\/\/mesopolhis.fr\/en\/distribution\/collection-questions-transnationales-ed-karthala\/\" target=\"_self\">\n\t\t\t\t\t\t\tCollection Questions transnationales\n\t\t\t\t\t<\/a>\n\t\t\t\t\t\t\t\t\t<img loading=\"lazy\" decoding=\"async\" src=\"https:\/\/mesopolhis.fr\/wp-content\/uploads\/2025\/01\/tablet_icone-orange.png\" alt=\"tablet_icone-orange\" height=\"512\" width=\"512\" title=\"tablet_icone-orange\" \/>\n<h2>\n\t\t<a href=\"https:\/\/mesopolhis.fr\/en\/distribution\/mutations-en-mediterrannee-magazine\/\" title=\"Mutations in the Mediterranean magazine\" target=\"_self\">\n\t\tMutations in the Mediterranean magazine\n\t\t<\/a>\n\t<\/h2>\n<h3>\n\t\t<a href=\"https:\/\/mesopolhis.fr\/en\/distribution\/mutations-en-mediterrannee-magazine\/\" title=\"Multidisciplinary doctoral journal in the humanities and social sciences\" target=\"_self\">\n\t\tMultidisciplinary doctoral journal <br \/>in the humanities and social sciences\n\t\t<\/a>\n\t<\/h3>\n\t\t\t<a href=\"https:\/\/mesopolhis.fr\/en\/distribution\/mutations-en-mediterrannee-magazine\/\" target=\"_self\">\n\t\t\t\t\t\t\tMeM magazine\n\t\t\t\t\t<\/a>\n\t\t\t\t\t\t\t\t\t<img loading=\"lazy\" decoding=\"async\" src=\"https:\/\/mesopolhis.fr\/wp-content\/uploads\/2025\/01\/video-orange.png\" alt=\"video-orange\" height=\"512\" width=\"512\" title=\"video-orange\" \/>\n<h2>\n\t\t<a href=\"https:\/\/mesopolhis.fr\/en\/distribution\/video-resources\/\" title=\"Audiovisual resources\" target=\"_self\">\n\t\tAudiovisual resources\n\t\t<\/a>\n\t<\/h2>\n<h3>\n\t\t<a href=\"https:\/\/mesopolhis.fr\/en\/distribution\/video-resources\/\" title=\"Watch the latest audiovisual productions from MESOPOLHIS\" target=\"_self\">\n\t\tWatch the latest audiovisual productions from MESOPOLHIS\n\t\t<\/a>\n\t<\/h3>\n\t\t\t<a href=\"https:\/\/mesopolhis.fr\/en\/distribution\/video-resources\/\" target=\"_self\">\n\t\t\t\t\t\t\tAudiovisual resources\n\t\t\t\t\t<\/a>\n\t\t\t\t\t\t\t\t\t<img decoding=\"async\" src=\"https:\/\/mesopolhis.fr\/wp-content\/plugins\/bb-plugin\/img\/pixel.png\" alt=\"\" \/>","protected":false},"excerpt":{"rendered":"<p>Accueil &raquo; Diffusion Publications et diffusion des connaissances Les derni\u00e8res publications Les parutions d&rsquo;ouvrages, chapitres d&rsquo;ouvrages, articles dans une revue, articles de blogs etc. r\u00e9alis\u00e9s par les chercheurs du MESOPOLHIS Publications Productions HAL-MESOPOLHIS Acc\u00e9der \u00e0 toutes les productions du laboratoire issues de la Collection HAL du MESOPOLHIS Collection HAL MESOPOLHIS Collection Questions transnationales Dirig\u00e9e par&hellip;<\/p>","protected":false},"author":180,"featured_media":0,"parent":0,"menu_order":0,"comment_status":"closed","ping_status":"closed","template":"","meta":{"_acf_changed":false,"inline_featured_image":false,"footnotes":""},"class_list":["post-36011","page","type-page","status-publish","hentry"],"acf":[],"yoast_head":"<!-- This site is optimized with the Yoast SEO plugin v27.4 - https:\/\/yoast.com\/product\/yoast-seo-wordpress\/ -->\n<title>Productions - Mesopolhis<\/title>\n<meta name=\"robots\" content=\"index, follow, max-snippet:-1, max-image-preview:large, max-video-preview:-1\" \/>\n<link rel=\"canonical\" href=\"https:\/\/mesopolhis.fr\/en\/production\/\" \/>\n<meta property=\"og:locale\" content=\"en_GB\" \/>\n<meta property=\"og:type\" content=\"article\" \/>\n<meta property=\"og:title\" content=\"Productions - Mesopolhis\" \/>\n<meta property=\"og:description\" content=\"Accueil &raquo; Diffusion Publications et diffusion des connaissances Les derni\u00e8res publications Les parutions d&rsquo;ouvrages, chapitres d&rsquo;ouvrages, articles dans une revue, articles de blogs etc. r\u00e9alis\u00e9s par les chercheurs du MESOPOLHIS Publications Productions HAL-MESOPOLHIS Acc\u00e9der \u00e0 toutes les productions du laboratoire issues de la Collection HAL du MESOPOLHIS Collection HAL MESOPOLHIS Collection Questions transnationales Dirig\u00e9e par&hellip;\" \/>\n<meta property=\"og:url\" content=\"https:\/\/mesopolhis.fr\/en\/production\/\" \/>\n<meta property=\"og:site_name\" content=\"Mesopolhis\" \/>\n<meta property=\"article:modified_time\" content=\"2025-07-16T14:52:01+00:00\" \/>\n<meta property=\"og:image\" content=\"https:\/\/mesopolhis.fr\/wp-content\/uploads\/2021\/12\/004-open-book-300x300.png\" \/>\n<meta name=\"twitter:card\" content=\"summary_large_image\" \/>\n<meta name=\"twitter:label1\" content=\"Estimated reading time\" \/>\n\t<meta name=\"twitter:data1\" content=\"2 minutes\" \/>\n<script type=\"application\/ld+json\" class=\"yoast-schema-graph\">{\"@context\":\"https:\\\/\\\/schema.org\",\"@graph\":[{\"@type\":\"WebPage\",\"@id\":\"https:\\\/\\\/mesopolhis.fr\\\/production\\\/\",\"url\":\"https:\\\/\\\/mesopolhis.fr\\\/production\\\/\",\"name\":\"Productions - Mesopolhis\",\"isPartOf\":{\"@id\":\"https:\\\/\\\/mesopolhis.fr\\\/#website\"},\"primaryImageOfPage\":{\"@id\":\"https:\\\/\\\/mesopolhis.fr\\\/production\\\/#primaryimage\"},\"image\":{\"@id\":\"https:\\\/\\\/mesopolhis.fr\\\/production\\\/#primaryimage\"},\"thumbnailUrl\":\"https:\\\/\\\/mesopolhis.fr\\\/wp-content\\\/uploads\\\/2021\\\/12\\\/004-open-book-300x300.png\",\"datePublished\":\"2025-01-10T11:55:42+00:00\",\"dateModified\":\"2025-07-16T14:52:01+00:00\",\"breadcrumb\":{\"@id\":\"https:\\\/\\\/mesopolhis.fr\\\/production\\\/#breadcrumb\"},\"inLanguage\":\"en-GB\",\"potentialAction\":[{\"@type\":\"ReadAction\",\"target\":[\"https:\\\/\\\/mesopolhis.fr\\\/production\\\/\"]}]},{\"@type\":\"ImageObject\",\"inLanguage\":\"en-GB\",\"@id\":\"https:\\\/\\\/mesopolhis.fr\\\/production\\\/#primaryimage\",\"url\":\"https:\\\/\\\/mesopolhis.fr\\\/wp-content\\\/uploads\\\/2021\\\/12\\\/004-open-book-300x300.png\",\"contentUrl\":\"https:\\\/\\\/mesopolhis.fr\\\/wp-content\\\/uploads\\\/2021\\\/12\\\/004-open-book-300x300.png\"},{\"@type\":\"BreadcrumbList\",\"@id\":\"https:\\\/\\\/mesopolhis.fr\\\/production\\\/#breadcrumb\",\"itemListElement\":[{\"@type\":\"ListItem\",\"position\":1,\"name\":\"Accueil\",\"item\":\"https:\\\/\\\/mesopolhis.fr\\\/\"},{\"@type\":\"ListItem\",\"position\":2,\"name\":\"Productions\"}]},{\"@type\":\"WebSite\",\"@id\":\"https:\\\/\\\/mesopolhis.fr\\\/#website\",\"url\":\"https:\\\/\\\/mesopolhis.fr\\\/\",\"name\":\"Mesopolhis\",\"description\":\"Centre m\u00e9diterran\u00e9en de sociologie, de science politique et d&#039;histoire\",\"publisher\":{\"@id\":\"https:\\\/\\\/mesopolhis.fr\\\/#organization\"},\"potentialAction\":[{\"@type\":\"SearchAction\",\"target\":{\"@type\":\"EntryPoint\",\"urlTemplate\":\"https:\\\/\\\/mesopolhis.fr\\\/?s={search_term_string}\"},\"query-input\":{\"@type\":\"PropertyValueSpecification\",\"valueRequired\":true,\"valueName\":\"search_term_string\"}}],\"inLanguage\":\"en-GB\"},{\"@type\":\"Organization\",\"@id\":\"https:\\\/\\\/mesopolhis.fr\\\/#organization\",\"name\":\"Mesopolhis\",\"url\":\"https:\\\/\\\/mesopolhis.fr\\\/\",\"logo\":{\"@type\":\"ImageObject\",\"inLanguage\":\"en-GB\",\"@id\":\"https:\\\/\\\/mesopolhis.fr\\\/#\\\/schema\\\/logo\\\/image\\\/\",\"url\":\"https:\\\/\\\/mesopolhis.fr\\\/wp-content\\\/uploads\\\/2021\\\/12\\\/Logo_MESOPOLHIS_Quadri.png\",\"contentUrl\":\"https:\\\/\\\/mesopolhis.fr\\\/wp-content\\\/uploads\\\/2021\\\/12\\\/Logo_MESOPOLHIS_Quadri.png\",\"width\":264,\"height\":69,\"caption\":\"Mesopolhis\"},\"image\":{\"@id\":\"https:\\\/\\\/mesopolhis.fr\\\/#\\\/schema\\\/logo\\\/image\\\/\"}}]}<\/script>\n<!-- \/ Yoast SEO plugin. -->","yoast_head_json":{"title":"Productions - Mesopolhis","robots":{"index":"index","follow":"follow","max-snippet":"max-snippet:-1","max-image-preview":"max-image-preview:large","max-video-preview":"max-video-preview:-1"},"canonical":"https:\/\/mesopolhis.fr\/en\/production\/","og_locale":"en_GB","og_type":"article","og_title":"Productions - Mesopolhis","og_description":"Accueil &raquo; Diffusion Publications et diffusion des connaissances Les derni\u00e8res publications Les parutions d&rsquo;ouvrages, chapitres d&rsquo;ouvrages, articles dans une revue, articles de blogs etc. r\u00e9alis\u00e9s par les chercheurs du MESOPOLHIS Publications Productions HAL-MESOPOLHIS Acc\u00e9der \u00e0 toutes les productions du laboratoire issues de la Collection HAL du MESOPOLHIS Collection HAL MESOPOLHIS Collection Questions transnationales Dirig\u00e9e par&hellip;","og_url":"https:\/\/mesopolhis.fr\/en\/production\/","og_site_name":"Mesopolhis","article_modified_time":"2025-07-16T14:52:01+00:00","og_image":[{"url":"https:\/\/mesopolhis.fr\/wp-content\/uploads\/2021\/12\/004-open-book-300x300.png","type":"","width":"","height":""}],"twitter_card":"summary_large_image","twitter_misc":{"Estimated reading time":"2 minutes"},"schema":{"@context":"https:\/\/schema.org","@graph":[{"@type":"WebPage","@id":"https:\/\/mesopolhis.fr\/production\/","url":"https:\/\/mesopolhis.fr\/production\/","name":"Productions - Mesopolhis","isPartOf":{"@id":"https:\/\/mesopolhis.fr\/#website"},"primaryImageOfPage":{"@id":"https:\/\/mesopolhis.fr\/production\/#primaryimage"},"image":{"@id":"https:\/\/mesopolhis.fr\/production\/#primaryimage"},"thumbnailUrl":"https:\/\/mesopolhis.fr\/wp-content\/uploads\/2021\/12\/004-open-book-300x300.png","datePublished":"2025-01-10T11:55:42+00:00","dateModified":"2025-07-16T14:52:01+00:00","breadcrumb":{"@id":"https:\/\/mesopolhis.fr\/production\/#breadcrumb"},"inLanguage":"en-GB","potentialAction":[{"@type":"ReadAction","target":["https:\/\/mesopolhis.fr\/production\/"]}]},{"@type":"ImageObject","inLanguage":"en-GB","@id":"https:\/\/mesopolhis.fr\/production\/#primaryimage","url":"https:\/\/mesopolhis.fr\/wp-content\/uploads\/2021\/12\/004-open-book-300x300.png","contentUrl":"https:\/\/mesopolhis.fr\/wp-content\/uploads\/2021\/12\/004-open-book-300x300.png"},{"@type":"BreadcrumbList","@id":"https:\/\/mesopolhis.fr\/production\/#breadcrumb","itemListElement":[{"@type":"ListItem","position":1,"name":"Accueil","item":"https:\/\/mesopolhis.fr\/"},{"@type":"ListItem","position":2,"name":"Productions"}]},{"@type":"WebSite","@id":"https:\/\/mesopolhis.fr\/#website","url":"https:\/\/mesopolhis.fr\/","name":"Mesopolhis","description":"Mediterranean Centre for Sociology, Political Science and History","publisher":{"@id":"https:\/\/mesopolhis.fr\/#organization"},"potentialAction":[{"@type":"SearchAction","target":{"@type":"EntryPoint","urlTemplate":"https:\/\/mesopolhis.fr\/?s={search_term_string}"},"query-input":{"@type":"PropertyValueSpecification","valueRequired":true,"valueName":"search_term_string"}}],"inLanguage":"en-GB"},{"@type":"Organization","@id":"https:\/\/mesopolhis.fr\/#organization","name":"Mesopolhis","url":"https:\/\/mesopolhis.fr\/","logo":{"@type":"ImageObject","inLanguage":"en-GB","@id":"https:\/\/mesopolhis.fr\/#\/schema\/logo\/image\/","url":"https:\/\/mesopolhis.fr\/wp-content\/uploads\/2021\/12\/Logo_MESOPOLHIS_Quadri.png","contentUrl":"https:\/\/mesopolhis.fr\/wp-content\/uploads\/2021\/12\/Logo_MESOPOLHIS_Quadri.png","width":264,"height":69,"caption":"Mesopolhis"},"image":{"@id":"https:\/\/mesopolhis.fr\/#\/schema\/logo\/image\/"}}]}},"_links":{"self":[{"href":"https:\/\/mesopolhis.fr\/en\/wp-json\/wp\/v2\/pages\/36011","targetHints":{"allow":["GET"]}}],"collection":[{"href":"https:\/\/mesopolhis.fr\/en\/wp-json\/wp\/v2\/pages"}],"about":[{"href":"https:\/\/mesopolhis.fr\/en\/wp-json\/wp\/v2\/types\/page"}],"author":[{"embeddable":true,"href":"https:\/\/mesopolhis.fr\/en\/wp-json\/wp\/v2\/users\/180"}],"replies":[{"embeddable":true,"href":"https:\/\/mesopolhis.fr\/en\/wp-json\/wp\/v2\/comments?post=36011"}],"version-history":[{"count":0,"href":"https:\/\/mesopolhis.fr\/en\/wp-json\/wp\/v2\/pages\/36011\/revisions"}],"wp:attachment":[{"href":"https:\/\/mesopolhis.fr\/en\/wp-json\/wp\/v2\/media?parent=36011"}],"curies":[{"name":"wp","href":"https:\/\/api.w.org\/{rel}","templated":true}]}}