{"id":35987,"date":"2025-01-08T15:15:45","date_gmt":"2025-01-08T14:15:45","guid":{"rendered":"https:\/\/mesopolhis.fr\/?page_id=35987"},"modified":"2025-12-10T16:41:20","modified_gmt":"2025-12-10T15:41:20","slug":"mutations-en-mediterrannee-magazine","status":"publish","type":"page","link":"https:\/\/mesopolhis.fr\/en\/production\/mutations-en-mediterrannee-magazine\/","title":{"rendered":"Mutations en M\u00e9diterran\u00e9e (MeM) magazine"},"content":{"rendered":"\n\n\t<nav id=\"breadcrumbs\" aria-label=\"Breadcrumbs\"><a href=\"https:\/\/mesopolhis.fr\/\">Accueil<\/a> &raquo; <a href=\"https:\/\/mesopolhis.fr\/production\/\">Productions<\/a> &raquo; Revue Mutations en M\u00e9diterran\u00e9e (MeM)<\/nav><h1>\n\t\t<i>Mutations en M\u00e9diterran\u00e9e (MeM)<\/i>\n\t<\/h1>\n<h1>\n\t\tRevue doctorale pluridisciplinaire <br \/>en sciences humaines et sociales\n\t<\/h1>\n\t<h4><em>Mutations en M\u00e9diterran\u00e9e<\/em> est une revue doctorale pluridisciplinaire en sciences humaines et sociales, port\u00e9e par MESOPOLHIS et cr\u00e9\u00e9e initialement par l&rsquo;Institut SoMuM (Aix-Marseille Universit\u00e9).<\/h4>\n<h4>Elle accueille des contributions de jeunes chercheurs qui analysent les changements dans l&rsquo;espace m\u00e9diterran\u00e9en, suite \u00e0 des crises ou des p\u00e9riodes plus longues de transition.<\/h4>\n<h2>\n\t\tPr\u00e9sentation de la revue\n\t<\/h2>\n\t<em>Mutations en M\u00e9diterran\u00e9e<\/em> (MeM) est une revue scientifique pluridisciplinaire en sciences humaines et sociales. Sous la forme de dossiers th\u00e9matiques, elle analyse l&rsquo;espace m\u00e9diterran\u00e9en comme un terrain f\u00e9cond d&rsquo;exp\u00e9rimentation et de probl\u00e9matisation afin d&rsquo;\u00e9tudier les divers processus (politiques, \u00e9conomiques, d\u00e9mographiques, juridiques, sociaux, culturels) et enjeux dans leur contexte historicis\u00e9, \u00e0 l&rsquo;\u0153uvre au moment de changements \u00e9mergents, de <em>turning point<\/em>, de crises ou de p\u00e9riodes plus longues de transition.\nPlut\u00f4t que de poser \u00e0 priori une d\u00e9finition th\u00e9orique commune de l&rsquo;espace m\u00e9diterran\u00e9en, il s&rsquo;agit de favoriser une vari\u00e9t\u00e9 de travaux interdisciplinaires en sciences humaines et sociales au plus pr\u00e8s des sources et des acteurs de terrain. La revue encourage les approches compar\u00e9es, la r\u00e9flexivit\u00e9 sur les concepts et les d\u00e9marches d&rsquo;enqu\u00eate empirique, ainsi que l&rsquo;usage de m\u00e9thodes mixtes et de nouveaux outils.\nLe comit\u00e9 de r\u00e9daction de <em>Mutations en M\u00e9diterran\u00e9e<\/em> est compos\u00e9 de doctorantes et de doctorants issus de diff\u00e9rentes disciplines en sciences humaines et sociales. La revue s&rsquo;appuie sur un comit\u00e9 scientifique de chercheurs et enseignants-chercheurs, membres des unit\u00e9s de recherche du site d&rsquo;<a href=\"https:\/\/www.univ-amu.fr\/\">Aix Marseille Universit\u00e9<\/a>.\n<em>Mutations en M\u00e9diterran\u00e9e<\/em> est un espace de publication privil\u00e9giant les contributions de jeunes chercheurs \u00e0 l&rsquo;\u00e9chelle nationale et internationale.\nLa revue est port\u00e9e par le Centre m\u00e9diterran\u00e9en de sociologie, de science politique et d&rsquo;histoire (<a href=\"https:\/\/mesopolhis.fr\">MESOPOLHIS<\/a>), en collaboration avec trois \u00e9coles doctorales <a href=\"https:\/\/ecole-doctorale-354.univ-amu.fr\/fr\">ED\u00a0354<\/a> (\u00c9cole doctorale Langues, Lettres et Art), <a href=\"https:\/\/ecole-doctorale-355.univ-amu.fr\/\">ED\u00a0355<\/a> (\u00c9cole doctorale Espace Culture Soci\u00e9t\u00e9s), <a href=\"https:\/\/ecole-doctorale-67.univ-amu.fr\/\">ED\u00a067<\/a>) (\u00c9cole doctorale Sciences juridiques et politiques), la Maison m\u00e9diterran\u00e9enne des sciences de l&rsquo;Homme (<a href=\"https:\/\/www.mmsh.fr\">MMSH<\/a>) et son <a href=\"https:\/\/poleedition.mmsh.fr\">P\u00f4le \u00c9dition<\/a>.\n\t\t\t<a href=\"https:\/\/www.revue-mem.com\/84\" download target=\"_blank\" rel=\"noopener\">\n\t\t\t\t\t\tAppel \u00e0 contributions en cours\n\t\t\t\t\t<\/a>\n\t<p><strong>Contact <\/strong>: mesopolhis-revue-mem[at]univ-amu.fr<\/p>\n\t<h2>Direction de la revue<\/h2>\n<strong>Directeur de publication<\/strong><br \/>\n\u00c9ric Berton, pr\u00e9sident d&rsquo;<a href=\"https:\/\/www.univ-amu.fr\/\">Aix-Marseille Universit\u00e9<\/a>, France\n<strong>Directrice scientifique<\/strong><br \/>\nSylvie Mazzella, directrice de recherche CNRS, <a href=\"https:\/\/mesopolhis.fr\/\">MESOPOLHIS<\/a>, France\n<strong>Responsable de l&rsquo;\u00e9dition et de la diffusion num\u00e9rique<\/strong><br \/>\nVanina Beauchamps-Assali, CNRS, <a href=\"https:\/\/mesopolhis.fr\/\">MESOPOLHIS<\/a>, France (2025-)<br \/>\nM\u00e9lanie Perret, <a href=\"https:\/\/www.univ-amu.fr\/fr\/public\/institut-societes-en-mutation-en-mediterranee-somum\">Institut SoMuM<\/a>, France (2021-2024)\n<h2>R\u00e9daction en chef<\/h2>\n<strong>Num\u00e9ro\u00a03\u00a0|\u00a02025\u00a0<\/strong>&#8211;<strong> \u00ab\u00a0Vuln\u00e9rabilit\u00e9s et agentivit\u00e9s en M\u00e9diterran\u00e9e\u00a0\u00bb<br \/>\n<\/strong>(2024-2025)<br \/>\nAd\u00e9lie Chev\u00e9e, docteure en sciences politiques et affaires internationales, <a href=\"https:\/\/lames.cnrs.fr\/\">MESOPOLHIS<\/a>, France<br \/>\nL\u00e9na Haziza, doctorante en sociologie, <a href=\"https:\/\/lames.cnrs.fr\/\">MESOPOLHIS<\/a> et <a href=\"https:\/\/migrinter.cnrs.fr\/\" target=\"_blank\" rel=\"noopener\">UMR 7301 Migrinter<\/a>, ED 355, France<br \/>\nJulien Panaget, doctorant en g\u00e9ographie, <a href=\"https:\/\/telemme.mmsh.fr\">TELEMMe<\/a>, ED\u00a0355, France\n<strong>Num\u00e9ro\u00a02\u00a0|\u00a02024\u00a0<\/strong>&#8211;<strong> \u00ab\u00a0Bl\u00e9, vigne, olivier\u00a0: transformations des pratiques et des repr\u00e9sentations d&rsquo;une triade\u00a0\u00bb<br \/>\n<\/strong>(2023-2024)<strong><br \/>\n<\/strong>Ad\u00e9lie Chev\u00e9e, docteure en sciences politiques et affaires internationales, <a href=\"https:\/\/lames.cnrs.fr\/\">MESOPOLHIS<\/a>, France<br \/>\nAude-Line Gervais, doctorante en g\u00e9ographie, <a href=\"https:\/\/telemme.mmsh.fr\/\">TELEMMe<\/a>, ED\u00a0355, France<br \/>\nThiphaine Le Gauyer, doctorante en sociologie, <a href=\"http:\/\/lest.fr\/fr*\">LEST<\/a>, ED\u00a0355, France\n<strong>Num\u00e9ro\u00a01\u00a0|\u00a02023\u00a0<\/strong>&#8211;<strong> \u00ab\u00a0Crises et prises de la parole\u00a0\u00bb<\/strong><br \/>\n(2021-2022)<br \/>\nSimon Le Roulley, docteur en sociologie, <a href=\"https:\/\/centrenorbertelias.cnrs.fr\/\">CNE<\/a>, <a href=\"https:\/\/www.univ-amu.fr\/fr\/public\/institut-societes-en-mutation-en-mediterranee-somum\">Institut SoMuM<\/a>, France<br \/>\n(2022-2023)<br \/>\nAude-Line Gervais, doctorante en g\u00e9ographie, <a href=\"https:\/\/telemme.mmsh.fr\/\">TELEMMe<\/a>, ED\u00a0355, France<br \/>\nThiphaine Le Gauyer, doctorante en sociologie, <a href=\"http:\/\/lest.fr\/fr*\">LEST<\/a>, ED\u00a0355, France\n\n\t\t\t<a href=\"https:\/\/www.revue-mem.com\/\" target=\"_blank\" rel=\"noopener\">\n\t\t\t\t\t\t\tRevue Mutation en M\u00e9diterran\u00e9e\n\t\t\t<\/a>\n<h2>\n\t\t<strong>Liste des num\u00e9ros en ligne<\/strong>\n\t<\/h2>\n\t\t\t\t<a href=\"https:\/\/www.revue-mem.com\/477\" target=\"_blank\" rel=\"noopener\"  itemprop=\"url\">\n\t\t\t\t<img loading=\"lazy\" decoding=\"async\" src=\"https:\/\/mesopolhis.fr\/wp-content\/uploads\/2025\/12\/Couverture_MeM3_2025_1240.png\" alt=\"Couverture_MeM3_2025_1240\" itemprop=\"image\" height=\"1754\" width=\"1240\" title=\"Couverture_MeM3_2025_1240\" onerror=\"this.style.display='none'\"  \/>\n\t\t\t\t<\/a>\n<h2>\n\t\t<a href=\"https:\/\/www.revue-mem.com\/477\" title=\"3 | 2025 Vuln\u00e9rabilit\u00e9s et agentivit\u00e9s en M\u00e9diterran\u00e9e\" target=\"_blank\" rel=\"noopener\">\n\t\t3 | 2025 <br \/>Vuln\u00e9rabilit\u00e9s et agentivit\u00e9s en M\u00e9diterran\u00e9e\n\t\t<\/a>\n\t<\/h2>\n\t<p>Sous la direction de Ad\u00e9lie Chev\u00e9e, L\u00e9na Haziza et Julien Panaget<\/p>\n\t\t\t<a href=\"https:\/\/www.revue-mem.com\/477\" target=\"_blank\" rel=\"noopener\">\n\t\t\t\t\t\t\tSommaire de ce num\u00e9ro\n\t\t\t\t\t<\/a>\n\t\t\t\t<a href=\"https:\/\/www.revue-mem.com\/361\" target=\"_blank\" rel=\"noopener\"  itemprop=\"url\">\n\t\t\t\t<img loading=\"lazy\" decoding=\"async\" src=\"https:\/\/mesopolhis.fr\/wp-content\/uploads\/2025\/01\/couverture_mem2_2024-1240.jpg\" alt=\"couverture_mem2_2024-1240\" itemprop=\"image\" height=\"1754\" width=\"1240\" title=\"couverture_mem2_2024-1240\" onerror=\"this.style.display='none'\"  \/>\n\t\t\t\t<\/a>\n<h2>\n\t\t<a href=\"https:\/\/www.revue-mem.com\/361\" title=\"2 | 2024 Bl\u00e9, vigne, olivier : transformations des pratiques et des repr\u00e9sentations d'une triade m\u00e9diterran\u00e9enne\" target=\"_blank\" rel=\"noopener\">\n\t\t2 | 2024 <br \/>Bl\u00e9, vigne, olivier : transformations des pratiques et des repr\u00e9sentations d&rsquo;une triade m\u00e9diterran\u00e9enne\n\t\t<\/a>\n\t<\/h2>\n\t<p>Sous la direction de Ad\u00e9lie Chev\u00e9e, Aude-Line Gervais et Thiphaine Le\u00a0Gauyer<\/p>\n\t\t\t<a href=\"https:\/\/www.revue-mem.com\/361\" target=\"_blank\" rel=\"noopener\">\n\t\t\t\t\t\t\tSommaire de ce num\u00e9ro\n\t\t\t\t\t<\/a>\n\t\t\t\t<a href=\"https:\/\/www.revue-mem.com\/73\" target=\"_blank\" rel=\"noopener\"  itemprop=\"url\">\n\t\t\t\t<img loading=\"lazy\" decoding=\"async\" src=\"https:\/\/mesopolhis.fr\/wp-content\/uploads\/2025\/01\/couverture_1_2023_1240.png\" alt=\"Revue-MeM-1\" itemprop=\"image\" height=\"1754\" width=\"1240\" title=\"MeM_couverture_1_2023_1240\" onerror=\"this.style.display='none'\"  \/>\n\t\t\t\t<\/a>\n<h2>\n\t\t<a href=\"https:\/\/www.revue-mem.com\/73\" title=\"1 | 2023 Crises et prises de la parole\" target=\"_blank\" rel=\"noopener\">\n\t\t1 | 2023 <br \/>Crises et prises de la parole\n\t\t<\/a>\n\t<\/h2>\n\t<p>Sous la direction de Aude-Line Gervais, Thiphaine Le Gauyer et Simon Le Roulley<\/p>\n\t\t\t<a href=\"https:\/\/www.revue-mem.com\/73\" target=\"_blank\" rel=\"noopener\">\n\t\t\t\t\t\t\tSommaire de ce num\u00e9ro\n\t\t\t\t\t<\/a>\n\t\t\t<a href=\"https:\/\/www.revue-mem.com\/\" target=\"_blank\" rel=\"noopener\">\n\t\t\t\t\t\t\tRevue Mutation en M\u00e9diterran\u00e9e\n\t\t\t<\/a>\n\t<h4>Revue <em>Mutations en M\u00e9diterran\u00e9e<\/em> : <a href=\"https:\/\/www.revue-mem.com\/\" target=\"_blank\" rel=\"noopener\">https:\/\/www.revue-mem.com\/<\/a><\/h4>\n\n\n","protected":false},"excerpt":{"rendered":"<p>Accueil &raquo; Productions &raquo; Revue Mutations en M\u00e9diterran\u00e9e (MeM) Mutations en M\u00e9diterran\u00e9e (MeM) Revue doctorale pluridisciplinaire en sciences humaines et sociales Mutations en M\u00e9diterran\u00e9e est une revue doctorale pluridisciplinaire en sciences humaines et sociales, port\u00e9e par MESOPOLHIS et cr\u00e9\u00e9e initialement par l&rsquo;Institut SoMuM (Aix-Marseille Universit\u00e9). Elle accueille des contributions de jeunes chercheurs qui analysent les&hellip;<\/p>","protected":false},"author":180,"featured_media":0,"parent":36011,"menu_order":0,"comment_status":"closed","ping_status":"closed","template":"","meta":{"_acf_changed":false,"inline_featured_image":false,"footnotes":""},"class_list":["post-35987","page","type-page","status-publish","hentry"],"acf":[],"yoast_head":"<!-- This site is optimized with the Yoast SEO plugin v27.4 - https:\/\/yoast.com\/product\/yoast-seo-wordpress\/ -->\n<title>Revue Mutations en M\u00e9diterran\u00e9e (MeM) - Mesopolhis<\/title>\n<meta name=\"robots\" content=\"index, follow, max-snippet:-1, max-image-preview:large, max-video-preview:-1\" \/>\n<link rel=\"canonical\" href=\"https:\/\/mesopolhis.fr\/en\/production\/mutations-en-mediterrannee-magazine\/\" \/>\n<meta property=\"og:locale\" content=\"en_GB\" \/>\n<meta property=\"og:type\" content=\"article\" \/>\n<meta property=\"og:title\" content=\"Revue Mutations en M\u00e9diterran\u00e9e (MeM) - Mesopolhis\" \/>\n<meta property=\"og:description\" content=\"Accueil &raquo; Productions &raquo; Revue Mutations en M\u00e9diterran\u00e9e (MeM) Mutations en M\u00e9diterran\u00e9e (MeM) Revue doctorale pluridisciplinaire en sciences humaines et sociales Mutations en M\u00e9diterran\u00e9e est une revue doctorale pluridisciplinaire en sciences humaines et sociales, port\u00e9e par MESOPOLHIS et cr\u00e9\u00e9e initialement par l&rsquo;Institut SoMuM (Aix-Marseille Universit\u00e9). Elle accueille des contributions de jeunes chercheurs qui analysent les&hellip;\" \/>\n<meta property=\"og:url\" content=\"https:\/\/mesopolhis.fr\/en\/production\/mutations-en-mediterrannee-magazine\/\" \/>\n<meta property=\"og:site_name\" content=\"Mesopolhis\" \/>\n<meta property=\"article:modified_time\" content=\"2025-12-10T15:41:20+00:00\" \/>\n<meta property=\"og:image\" content=\"https:\/\/mesopolhis.fr\/wp-content\/uploads\/2025\/12\/Couverture_MeM3_2025_1240.png\" \/>\n<meta name=\"twitter:card\" content=\"summary_large_image\" \/>\n<meta name=\"twitter:label1\" content=\"Estimated reading time\" \/>\n\t<meta name=\"twitter:data1\" content=\"6 minutes\" \/>\n<script type=\"application\/ld+json\" class=\"yoast-schema-graph\">{\"@context\":\"https:\\\/\\\/schema.org\",\"@graph\":[{\"@type\":\"WebPage\",\"@id\":\"https:\\\/\\\/mesopolhis.fr\\\/production\\\/revue-mutations-en-mediterrannee\\\/\",\"url\":\"https:\\\/\\\/mesopolhis.fr\\\/production\\\/revue-mutations-en-mediterrannee\\\/\",\"name\":\"Revue Mutations en M\u00e9diterran\u00e9e (MeM) - Mesopolhis\",\"isPartOf\":{\"@id\":\"https:\\\/\\\/mesopolhis.fr\\\/#website\"},\"primaryImageOfPage\":{\"@id\":\"https:\\\/\\\/mesopolhis.fr\\\/production\\\/revue-mutations-en-mediterrannee\\\/#primaryimage\"},\"image\":{\"@id\":\"https:\\\/\\\/mesopolhis.fr\\\/production\\\/revue-mutations-en-mediterrannee\\\/#primaryimage\"},\"thumbnailUrl\":\"https:\\\/\\\/mesopolhis.fr\\\/wp-content\\\/uploads\\\/2025\\\/12\\\/Couverture_MeM3_2025_1240.png\",\"datePublished\":\"2025-01-08T14:15:45+00:00\",\"dateModified\":\"2025-12-10T15:41:20+00:00\",\"breadcrumb\":{\"@id\":\"https:\\\/\\\/mesopolhis.fr\\\/production\\\/revue-mutations-en-mediterrannee\\\/#breadcrumb\"},\"inLanguage\":\"en-GB\",\"potentialAction\":[{\"@type\":\"ReadAction\",\"target\":[\"https:\\\/\\\/mesopolhis.fr\\\/production\\\/revue-mutations-en-mediterrannee\\\/\"]}]},{\"@type\":\"ImageObject\",\"inLanguage\":\"en-GB\",\"@id\":\"https:\\\/\\\/mesopolhis.fr\\\/production\\\/revue-mutations-en-mediterrannee\\\/#primaryimage\",\"url\":\"https:\\\/\\\/mesopolhis.fr\\\/wp-content\\\/uploads\\\/2025\\\/12\\\/Couverture_MeM3_2025_1240.png\",\"contentUrl\":\"https:\\\/\\\/mesopolhis.fr\\\/wp-content\\\/uploads\\\/2025\\\/12\\\/Couverture_MeM3_2025_1240.png\"},{\"@type\":\"BreadcrumbList\",\"@id\":\"https:\\\/\\\/mesopolhis.fr\\\/production\\\/revue-mutations-en-mediterrannee\\\/#breadcrumb\",\"itemListElement\":[{\"@type\":\"ListItem\",\"position\":1,\"name\":\"Accueil\",\"item\":\"https:\\\/\\\/mesopolhis.fr\\\/\"},{\"@type\":\"ListItem\",\"position\":2,\"name\":\"Productions\",\"item\":\"https:\\\/\\\/mesopolhis.fr\\\/production\\\/\"},{\"@type\":\"ListItem\",\"position\":3,\"name\":\"Revue Mutations en M\u00e9diterran\u00e9e (MeM)\"}]},{\"@type\":\"WebSite\",\"@id\":\"https:\\\/\\\/mesopolhis.fr\\\/#website\",\"url\":\"https:\\\/\\\/mesopolhis.fr\\\/\",\"name\":\"Mesopolhis\",\"description\":\"Centre m\u00e9diterran\u00e9en de sociologie, de science politique et d&#039;histoire\",\"publisher\":{\"@id\":\"https:\\\/\\\/mesopolhis.fr\\\/#organization\"},\"potentialAction\":[{\"@type\":\"SearchAction\",\"target\":{\"@type\":\"EntryPoint\",\"urlTemplate\":\"https:\\\/\\\/mesopolhis.fr\\\/?s={search_term_string}\"},\"query-input\":{\"@type\":\"PropertyValueSpecification\",\"valueRequired\":true,\"valueName\":\"search_term_string\"}}],\"inLanguage\":\"en-GB\"},{\"@type\":\"Organization\",\"@id\":\"https:\\\/\\\/mesopolhis.fr\\\/#organization\",\"name\":\"Mesopolhis\",\"url\":\"https:\\\/\\\/mesopolhis.fr\\\/\",\"logo\":{\"@type\":\"ImageObject\",\"inLanguage\":\"en-GB\",\"@id\":\"https:\\\/\\\/mesopolhis.fr\\\/#\\\/schema\\\/logo\\\/image\\\/\",\"url\":\"https:\\\/\\\/mesopolhis.fr\\\/wp-content\\\/uploads\\\/2021\\\/12\\\/Logo_MESOPOLHIS_Quadri.png\",\"contentUrl\":\"https:\\\/\\\/mesopolhis.fr\\\/wp-content\\\/uploads\\\/2021\\\/12\\\/Logo_MESOPOLHIS_Quadri.png\",\"width\":264,\"height\":69,\"caption\":\"Mesopolhis\"},\"image\":{\"@id\":\"https:\\\/\\\/mesopolhis.fr\\\/#\\\/schema\\\/logo\\\/image\\\/\"}}]}<\/script>\n<!-- \/ Yoast SEO plugin. -->","yoast_head_json":{"title":"Mutations en M\u00e9diterran\u00e9e (MeM) magazine - Mesopolhis","robots":{"index":"index","follow":"follow","max-snippet":"max-snippet:-1","max-image-preview":"max-image-preview:large","max-video-preview":"max-video-preview:-1"},"canonical":"https:\/\/mesopolhis.fr\/en\/production\/mutations-en-mediterrannee-magazine\/","og_locale":"en_GB","og_type":"article","og_title":"Revue Mutations en M\u00e9diterran\u00e9e (MeM) - Mesopolhis","og_description":"Accueil &raquo; Productions &raquo; Revue Mutations en M\u00e9diterran\u00e9e (MeM) Mutations en M\u00e9diterran\u00e9e (MeM) Revue doctorale pluridisciplinaire en sciences humaines et sociales Mutations en M\u00e9diterran\u00e9e est une revue doctorale pluridisciplinaire en sciences humaines et sociales, port\u00e9e par MESOPOLHIS et cr\u00e9\u00e9e initialement par l&rsquo;Institut SoMuM (Aix-Marseille Universit\u00e9). Elle accueille des contributions de jeunes chercheurs qui analysent les&hellip;","og_url":"https:\/\/mesopolhis.fr\/en\/production\/mutations-en-mediterrannee-magazine\/","og_site_name":"Mesopolhis","article_modified_time":"2025-12-10T15:41:20+00:00","og_image":[{"url":"https:\/\/mesopolhis.fr\/wp-content\/uploads\/2025\/12\/Couverture_MeM3_2025_1240.png","type":"","width":"","height":""}],"twitter_card":"summary_large_image","twitter_misc":{"Estimated reading time":"6 minutes"},"schema":{"@context":"https:\/\/schema.org","@graph":[{"@type":"WebPage","@id":"https:\/\/mesopolhis.fr\/production\/revue-mutations-en-mediterrannee\/","url":"https:\/\/mesopolhis.fr\/production\/revue-mutations-en-mediterrannee\/","name":"Mutations en M\u00e9diterran\u00e9e (MeM) magazine - Mesopolhis","isPartOf":{"@id":"https:\/\/mesopolhis.fr\/#website"},"primaryImageOfPage":{"@id":"https:\/\/mesopolhis.fr\/production\/revue-mutations-en-mediterrannee\/#primaryimage"},"image":{"@id":"https:\/\/mesopolhis.fr\/production\/revue-mutations-en-mediterrannee\/#primaryimage"},"thumbnailUrl":"https:\/\/mesopolhis.fr\/wp-content\/uploads\/2025\/12\/Couverture_MeM3_2025_1240.png","datePublished":"2025-01-08T14:15:45+00:00","dateModified":"2025-12-10T15:41:20+00:00","breadcrumb":{"@id":"https:\/\/mesopolhis.fr\/production\/revue-mutations-en-mediterrannee\/#breadcrumb"},"inLanguage":"en-GB","potentialAction":[{"@type":"ReadAction","target":["https:\/\/mesopolhis.fr\/production\/revue-mutations-en-mediterrannee\/"]}]},{"@type":"ImageObject","inLanguage":"en-GB","@id":"https:\/\/mesopolhis.fr\/production\/revue-mutations-en-mediterrannee\/#primaryimage","url":"https:\/\/mesopolhis.fr\/wp-content\/uploads\/2025\/12\/Couverture_MeM3_2025_1240.png","contentUrl":"https:\/\/mesopolhis.fr\/wp-content\/uploads\/2025\/12\/Couverture_MeM3_2025_1240.png"},{"@type":"BreadcrumbList","@id":"https:\/\/mesopolhis.fr\/production\/revue-mutations-en-mediterrannee\/#breadcrumb","itemListElement":[{"@type":"ListItem","position":1,"name":"Accueil","item":"https:\/\/mesopolhis.fr\/"},{"@type":"ListItem","position":2,"name":"Productions","item":"https:\/\/mesopolhis.fr\/production\/"},{"@type":"ListItem","position":3,"name":"Revue Mutations en M\u00e9diterran\u00e9e (MeM)"}]},{"@type":"WebSite","@id":"https:\/\/mesopolhis.fr\/#website","url":"https:\/\/mesopolhis.fr\/","name":"Mesopolhis","description":"Mediterranean Centre for Sociology, Political Science and History","publisher":{"@id":"https:\/\/mesopolhis.fr\/#organization"},"potentialAction":[{"@type":"SearchAction","target":{"@type":"EntryPoint","urlTemplate":"https:\/\/mesopolhis.fr\/?s={search_term_string}"},"query-input":{"@type":"PropertyValueSpecification","valueRequired":true,"valueName":"search_term_string"}}],"inLanguage":"en-GB"},{"@type":"Organization","@id":"https:\/\/mesopolhis.fr\/#organization","name":"Mesopolhis","url":"https:\/\/mesopolhis.fr\/","logo":{"@type":"ImageObject","inLanguage":"en-GB","@id":"https:\/\/mesopolhis.fr\/#\/schema\/logo\/image\/","url":"https:\/\/mesopolhis.fr\/wp-content\/uploads\/2021\/12\/Logo_MESOPOLHIS_Quadri.png","contentUrl":"https:\/\/mesopolhis.fr\/wp-content\/uploads\/2021\/12\/Logo_MESOPOLHIS_Quadri.png","width":264,"height":69,"caption":"Mesopolhis"},"image":{"@id":"https:\/\/mesopolhis.fr\/#\/schema\/logo\/image\/"}}]}},"_links":{"self":[{"href":"https:\/\/mesopolhis.fr\/en\/wp-json\/wp\/v2\/pages\/35987","targetHints":{"allow":["GET"]}}],"collection":[{"href":"https:\/\/mesopolhis.fr\/en\/wp-json\/wp\/v2\/pages"}],"about":[{"href":"https:\/\/mesopolhis.fr\/en\/wp-json\/wp\/v2\/types\/page"}],"author":[{"embeddable":true,"href":"https:\/\/mesopolhis.fr\/en\/wp-json\/wp\/v2\/users\/180"}],"replies":[{"embeddable":true,"href":"https:\/\/mesopolhis.fr\/en\/wp-json\/wp\/v2\/comments?post=35987"}],"version-history":[{"count":1,"href":"https:\/\/mesopolhis.fr\/en\/wp-json\/wp\/v2\/pages\/35987\/revisions"}],"predecessor-version":[{"id":38834,"href":"https:\/\/mesopolhis.fr\/en\/wp-json\/wp\/v2\/pages\/35987\/revisions\/38834"}],"up":[{"embeddable":true,"href":"https:\/\/mesopolhis.fr\/en\/wp-json\/wp\/v2\/pages\/36011"}],"wp:attachment":[{"href":"https:\/\/mesopolhis.fr\/en\/wp-json\/wp\/v2\/media?parent=35987"}],"curies":[{"name":"wp","href":"https:\/\/api.w.org\/{rel}","templated":true}]}}