{"id":35922,"date":"2024-12-20T16:10:22","date_gmt":"2024-12-20T15:10:22","guid":{"rendered":"https:\/\/mesopolhis.fr\/?page_id=35922"},"modified":"2025-03-19T12:38:02","modified_gmt":"2025-03-19T11:38:02","slug":"video-resources","status":"publish","type":"page","link":"https:\/\/mesopolhis.fr\/en\/production\/video-resources\/","title":{"rendered":"Audiovisual resources"},"content":{"rendered":"<nav id=\"breadcrumbs\" aria-label=\"Breadcrumbs\"><a href=\"https:\/\/mesopolhis.fr\/en\/\">Home<\/a> \" <a href=\"https:\/\/mesopolhis.fr\/en\/distribution\/\">Broadcast<\/a> \u00bbAudiovisual resources<\/nav><h1>\n\t\tAudiovisual resources\n\t<\/h1>\n\t\t\t\t\t\t\t\t<a href=\"https:\/\/www.canal-u.tv\/chaines\/mesopolhis\" target=\"_blank\" itemprop=\"url\" rel=\"noopener\">\n\t\t\t\t\t\t\t\t\t<img loading=\"lazy\" decoding=\"async\" src=\"https:\/\/mesopolhis.fr\/wp-content\/uploads\/bb-plugin\/cache\/Capture-de\u0301cran-2024-12-20-a\u0300-16.00.20-1024x499-landscape.png\" alt=\"Screenshot 2024-12-20 at 16.00.20\" itemprop=\"image\" height=\"499\" width=\"1024\" title=\"Screenshot 2024-12-20 at 16.00.20\" onerror=\"this.style.display='none'\"  \/>\n\t\t\t\t\t\t\t\t\t\t\t\t\t<\/a>\n\t<p>MESOPOLHIS provides researchers and the general public with audiovisual resources based on recordings of the unit's major events.<\/p>\n<p><strong>MESOPOLHIS meetings<\/strong> (formerly known as General Seminars) are freely accessible online at <a href=\"https:\/\/www.canal-u.tv\/chaines\/mesopolhis\/les-rencontres-du-mesopolhis\" target=\"_blank\" rel=\"noopener\">Canal U<\/a> (The audiovisual platform for higher education and research).<\/p>\n\t\t\t<a href=\"https:\/\/www.canal-u.tv\/chaines\/mesopolhis\" target=\"_blank\" rel=\"noopener\">\n\t\t\t\t\t\t\tSee all our video content\n\t\t\t\t\t<\/a>","protected":false},"excerpt":{"rendered":"<p>Home \u00bb Distribution \u00bb Audiovisual resources Audiovisual resources MESOPOLHIS provides researchers and the general public with audiovisual resources based on recordings of the unit's major events. MESOPOLHIS meetings (formerly known as general seminars) are available online and freely accessible on Canal U (the audiovisual platform for higher education).<\/p>","protected":false},"author":180,"featured_media":0,"parent":36011,"menu_order":0,"comment_status":"closed","ping_status":"closed","template":"","meta":{"_acf_changed":false,"inline_featured_image":false,"footnotes":""},"class_list":["post-35922","page","type-page","status-publish","hentry"],"acf":[],"yoast_head":"<!-- This site is optimized with the Yoast SEO plugin v27.4 - https:\/\/yoast.com\/product\/yoast-seo-wordpress\/ -->\n<title>Ressources audiovisuelles - Mesopolhis<\/title>\n<meta name=\"robots\" content=\"index, follow, max-snippet:-1, max-image-preview:large, max-video-preview:-1\" \/>\n<link rel=\"canonical\" href=\"https:\/\/mesopolhis.fr\/en\/production\/video-resources\/\" \/>\n<meta property=\"og:locale\" content=\"en_GB\" \/>\n<meta property=\"og:type\" content=\"article\" \/>\n<meta property=\"og:title\" content=\"Ressources audiovisuelles - Mesopolhis\" \/>\n<meta property=\"og:description\" content=\"Accueil &raquo; Diffusion &raquo; Ressources audiovisuelles Ressources audiovisuelles Le MESOPOLHIS met \u00e0 disposition des chercheurs et de tous les publics des ressources audiovisuelles issues de la captation de grands \u00e9v\u00e8nements de l&rsquo;unit\u00e9. Les rencontres du MESOPOLHIS (anciennement appel\u00e9s s\u00e9minaires g\u00e9n\u00e9raux) sont mises en ligne et librement accessibles sur Canal U (La plateforme audiovisuelle de l&rsquo;enseignement&hellip;\" \/>\n<meta property=\"og:url\" content=\"https:\/\/mesopolhis.fr\/en\/production\/video-resources\/\" \/>\n<meta property=\"og:site_name\" content=\"Mesopolhis\" \/>\n<meta property=\"article:modified_time\" content=\"2025-03-19T11:38:02+00:00\" \/>\n<meta name=\"twitter:card\" content=\"summary_large_image\" \/>\n<meta name=\"twitter:label1\" content=\"Estimated reading time\" \/>\n\t<meta name=\"twitter:data1\" content=\"5 minutes\" \/>\n<script type=\"application\/ld+json\" class=\"yoast-schema-graph\">{\"@context\":\"https:\\\/\\\/schema.org\",\"@graph\":[{\"@type\":\"WebPage\",\"@id\":\"https:\\\/\\\/mesopolhis.fr\\\/production\\\/ressources-videos\\\/\",\"url\":\"https:\\\/\\\/mesopolhis.fr\\\/production\\\/ressources-videos\\\/\",\"name\":\"Ressources audiovisuelles - Mesopolhis\",\"isPartOf\":{\"@id\":\"https:\\\/\\\/mesopolhis.fr\\\/#website\"},\"datePublished\":\"2024-12-20T15:10:22+00:00\",\"dateModified\":\"2025-03-19T11:38:02+00:00\",\"breadcrumb\":{\"@id\":\"https:\\\/\\\/mesopolhis.fr\\\/production\\\/ressources-videos\\\/#breadcrumb\"},\"inLanguage\":\"en-GB\",\"potentialAction\":[{\"@type\":\"ReadAction\",\"target\":[\"https:\\\/\\\/mesopolhis.fr\\\/production\\\/ressources-videos\\\/\"]}]},{\"@type\":\"BreadcrumbList\",\"@id\":\"https:\\\/\\\/mesopolhis.fr\\\/production\\\/ressources-videos\\\/#breadcrumb\",\"itemListElement\":[{\"@type\":\"ListItem\",\"position\":1,\"name\":\"Accueil\",\"item\":\"https:\\\/\\\/mesopolhis.fr\\\/\"},{\"@type\":\"ListItem\",\"position\":2,\"name\":\"Productions\",\"item\":\"https:\\\/\\\/mesopolhis.fr\\\/production\\\/\"},{\"@type\":\"ListItem\",\"position\":3,\"name\":\"Ressources audiovisuelles\"}]},{\"@type\":\"WebSite\",\"@id\":\"https:\\\/\\\/mesopolhis.fr\\\/#website\",\"url\":\"https:\\\/\\\/mesopolhis.fr\\\/\",\"name\":\"Mesopolhis\",\"description\":\"Centre m\u00e9diterran\u00e9en de sociologie, de science politique et d&#039;histoire\",\"publisher\":{\"@id\":\"https:\\\/\\\/mesopolhis.fr\\\/#organization\"},\"potentialAction\":[{\"@type\":\"SearchAction\",\"target\":{\"@type\":\"EntryPoint\",\"urlTemplate\":\"https:\\\/\\\/mesopolhis.fr\\\/?s={search_term_string}\"},\"query-input\":{\"@type\":\"PropertyValueSpecification\",\"valueRequired\":true,\"valueName\":\"search_term_string\"}}],\"inLanguage\":\"en-GB\"},{\"@type\":\"Organization\",\"@id\":\"https:\\\/\\\/mesopolhis.fr\\\/#organization\",\"name\":\"Mesopolhis\",\"url\":\"https:\\\/\\\/mesopolhis.fr\\\/\",\"logo\":{\"@type\":\"ImageObject\",\"inLanguage\":\"en-GB\",\"@id\":\"https:\\\/\\\/mesopolhis.fr\\\/#\\\/schema\\\/logo\\\/image\\\/\",\"url\":\"https:\\\/\\\/mesopolhis.fr\\\/wp-content\\\/uploads\\\/2021\\\/12\\\/Logo_MESOPOLHIS_Quadri.png\",\"contentUrl\":\"https:\\\/\\\/mesopolhis.fr\\\/wp-content\\\/uploads\\\/2021\\\/12\\\/Logo_MESOPOLHIS_Quadri.png\",\"width\":264,\"height\":69,\"caption\":\"Mesopolhis\"},\"image\":{\"@id\":\"https:\\\/\\\/mesopolhis.fr\\\/#\\\/schema\\\/logo\\\/image\\\/\"}}]}<\/script>\n<!-- \/ Yoast SEO plugin. -->","yoast_head_json":{"title":"Audiovisual resources - Mesopolhis","robots":{"index":"index","follow":"follow","max-snippet":"max-snippet:-1","max-image-preview":"max-image-preview:large","max-video-preview":"max-video-preview:-1"},"canonical":"https:\/\/mesopolhis.fr\/en\/production\/video-resources\/","og_locale":"en_GB","og_type":"article","og_title":"Ressources audiovisuelles - Mesopolhis","og_description":"Accueil &raquo; Diffusion &raquo; Ressources audiovisuelles Ressources audiovisuelles Le MESOPOLHIS met \u00e0 disposition des chercheurs et de tous les publics des ressources audiovisuelles issues de la captation de grands \u00e9v\u00e8nements de l&rsquo;unit\u00e9. Les rencontres du MESOPOLHIS (anciennement appel\u00e9s s\u00e9minaires g\u00e9n\u00e9raux) sont mises en ligne et librement accessibles sur Canal U (La plateforme audiovisuelle de l&rsquo;enseignement&hellip;","og_url":"https:\/\/mesopolhis.fr\/en\/production\/video-resources\/","og_site_name":"Mesopolhis","article_modified_time":"2025-03-19T11:38:02+00:00","twitter_card":"summary_large_image","twitter_misc":{"Estimated reading time":"5 minutes"},"schema":{"@context":"https:\/\/schema.org","@graph":[{"@type":"WebPage","@id":"https:\/\/mesopolhis.fr\/production\/ressources-videos\/","url":"https:\/\/mesopolhis.fr\/production\/ressources-videos\/","name":"Audiovisual resources - Mesopolhis","isPartOf":{"@id":"https:\/\/mesopolhis.fr\/#website"},"datePublished":"2024-12-20T15:10:22+00:00","dateModified":"2025-03-19T11:38:02+00:00","breadcrumb":{"@id":"https:\/\/mesopolhis.fr\/production\/ressources-videos\/#breadcrumb"},"inLanguage":"en-GB","potentialAction":[{"@type":"ReadAction","target":["https:\/\/mesopolhis.fr\/production\/ressources-videos\/"]}]},{"@type":"BreadcrumbList","@id":"https:\/\/mesopolhis.fr\/production\/ressources-videos\/#breadcrumb","itemListElement":[{"@type":"ListItem","position":1,"name":"Accueil","item":"https:\/\/mesopolhis.fr\/"},{"@type":"ListItem","position":2,"name":"Productions","item":"https:\/\/mesopolhis.fr\/production\/"},{"@type":"ListItem","position":3,"name":"Ressources audiovisuelles"}]},{"@type":"WebSite","@id":"https:\/\/mesopolhis.fr\/#website","url":"https:\/\/mesopolhis.fr\/","name":"Mesopolhis","description":"Mediterranean Centre for Sociology, Political Science and History","publisher":{"@id":"https:\/\/mesopolhis.fr\/#organization"},"potentialAction":[{"@type":"SearchAction","target":{"@type":"EntryPoint","urlTemplate":"https:\/\/mesopolhis.fr\/?s={search_term_string}"},"query-input":{"@type":"PropertyValueSpecification","valueRequired":true,"valueName":"search_term_string"}}],"inLanguage":"en-GB"},{"@type":"Organization","@id":"https:\/\/mesopolhis.fr\/#organization","name":"Mesopolhis","url":"https:\/\/mesopolhis.fr\/","logo":{"@type":"ImageObject","inLanguage":"en-GB","@id":"https:\/\/mesopolhis.fr\/#\/schema\/logo\/image\/","url":"https:\/\/mesopolhis.fr\/wp-content\/uploads\/2021\/12\/Logo_MESOPOLHIS_Quadri.png","contentUrl":"https:\/\/mesopolhis.fr\/wp-content\/uploads\/2021\/12\/Logo_MESOPOLHIS_Quadri.png","width":264,"height":69,"caption":"Mesopolhis"},"image":{"@id":"https:\/\/mesopolhis.fr\/#\/schema\/logo\/image\/"}}]}},"_links":{"self":[{"href":"https:\/\/mesopolhis.fr\/en\/wp-json\/wp\/v2\/pages\/35922","targetHints":{"allow":["GET"]}}],"collection":[{"href":"https:\/\/mesopolhis.fr\/en\/wp-json\/wp\/v2\/pages"}],"about":[{"href":"https:\/\/mesopolhis.fr\/en\/wp-json\/wp\/v2\/types\/page"}],"author":[{"embeddable":true,"href":"https:\/\/mesopolhis.fr\/en\/wp-json\/wp\/v2\/users\/180"}],"replies":[{"embeddable":true,"href":"https:\/\/mesopolhis.fr\/en\/wp-json\/wp\/v2\/comments?post=35922"}],"version-history":[{"count":0,"href":"https:\/\/mesopolhis.fr\/en\/wp-json\/wp\/v2\/pages\/35922\/revisions"}],"up":[{"embeddable":true,"href":"https:\/\/mesopolhis.fr\/en\/wp-json\/wp\/v2\/pages\/36011"}],"wp:attachment":[{"href":"https:\/\/mesopolhis.fr\/en\/wp-json\/wp\/v2\/media?parent=35922"}],"curies":[{"name":"wp","href":"https:\/\/api.w.org\/{rel}","templated":true}]}}