{"id":35530,"date":"2024-10-30T11:48:22","date_gmt":"2024-10-30T10:48:22","guid":{"rendered":"https:\/\/mesopolhis.fr\/?page_id=35530"},"modified":"2025-09-01T11:35:45","modified_gmt":"2025-09-01T09:35:45","slug":"mesopolhis-newsletters","status":"publish","type":"page","link":"https:\/\/mesopolhis.fr\/en\/mesopolhis-newsletters\/","title":{"rendered":"MESOPOLHIS newsletters"},"content":{"rendered":"<nav id=\"breadcrumbs\" aria-label=\"Breadcrumbs\"><a href=\"https:\/\/mesopolhis.fr\/en\/\">Home<\/a> &raquo; Les lettres d&rsquo;information du MESOPOLHIS<\/nav><h1>\n\t\tLes lettres d&rsquo;info du MESOPOLHIS\n\t<\/h1>\n\t<h3><strong>Les lettres d&rsquo;info du laboratoire 2024-2025<\/strong><\/h3>\n\t\t\t\t<img loading=\"lazy\" decoding=\"async\" src=\"https:\/\/mesopolhis.fr\/wp-content\/uploads\/2025\/09\/LETTRE-DINFO-DU-MESOPOLHIS-Mai-juin-juillet-2025.png\" alt=\"LETTRE D'INFO DU MESOPOLHIS Mai juin juillet 2025\" height=\"2000\" width=\"1414\" title=\"LETTRE D'INFO DU MESOPOLHIS Mai juin juillet 2025\" \/>\n<h2>\n\t\tLettre d&rsquo;info du MESOPOLHIS #5\n\t<\/h2>\n\t<p>Mai &#8211; Juillet 2025<\/p>\n\t\t\t<a href=\"https:\/\/mesopolhis.fr\/wp-content\/uploads\/2025\/09\/LETTRE-DINFO-DU-MESOPOLHIS-Mai-juin-juillet-2025.pdf\" download target=\"_blank\" rel=\"noopener\">\n\t\t\t\t\t\t\tT\u00e9l\u00e9charger la lettre d&rsquo;info #5\n\t\t\t\t\t<\/a>\n\t\t\t\t<img loading=\"lazy\" decoding=\"async\" src=\"https:\/\/mesopolhis.fr\/wp-content\/uploads\/2025\/07\/LETTRE-DINFO-DU-MESOPOLHIS-Mars-Avril-2025.png\" alt=\"LETTRE D'INFO DU MESOPOLHIS Mars Avril 2025\" height=\"2000\" width=\"1414\" title=\"LETTRE D'INFO DU MESOPOLHIS Mars Avril 2025\" \/>\n<h2>\n\t\tLettre d&rsquo;info du MESOPOLHIS #4\n\t<\/h2>\n\t<p>Mars &#8211; Avril 2025<\/p>\n\t\t\t<a href=\"https:\/\/mesopolhis.fr\/wp-content\/uploads\/2025\/07\/LETTRE-DINFO-DU-MESOPOLHIS-Mars-Avril-2025.pdf\" download target=\"_blank\" rel=\"noopener\">\n\t\t\t\t\t\t\tT\u00e9l\u00e9charger la lettre d&rsquo;info #4\n\t\t\t\t\t<\/a>\n\t\t\t\t<img loading=\"lazy\" decoding=\"async\" src=\"https:\/\/mesopolhis.fr\/wp-content\/uploads\/2025\/03\/LETTRE-DINFO-DU-MESOPOLHIS-Janv-Fev-2025.png\" alt=\"LETTRE D'INFO DU MESOPOLHIS Janv F\u00e9v 2025\" height=\"2000\" width=\"1414\" title=\"LETTRE D'INFO DU MESOPOLHIS Janv F\u00e9v 2025\" \/>\n<h2>\n\t\tLettre d&rsquo;info du MESOPOLHIS #3\n\t<\/h2>\n\t<p>Janvier &#8211; F\u00e9vrier 2025<\/p>\n\t\t\t<a href=\"https:\/\/mesopolhis.fr\/wp-content\/uploads\/2025\/03\/LETTRE-DINFO-DU-MESOPOLHIS-Janv-Fev-2025.pdf\" download target=\"_blank\" rel=\"noopener\">\n\t\t\t\t\t\t\tT\u00e9l\u00e9charger la lettre d&rsquo;info #3\n\t\t\t\t\t<\/a>\n\t\t\t\t<img loading=\"lazy\" decoding=\"async\" src=\"https:\/\/mesopolhis.fr\/wp-content\/uploads\/2025\/03\/1e-page-LETTRE-DINFO-DU-MESOPOLHIS-Nov-Dec-2024.png\" alt=\"1e page LETTRE D'INFO DU MESOPOLHIS Nov Dec 2024\" height=\"2000\" width=\"1414\" title=\"1e page LETTRE D'INFO DU MESOPOLHIS Nov Dec 2024\" \/>\n<h2>\n\t\tLettre d&rsquo;info du MESOPOLHIS #2\n\t<\/h2>\n\t<p>Novembre &#8211; D\u00e9cembre 2024<\/p>\n\t\t\t<a href=\"https:\/\/mesopolhis.fr\/wp-content\/uploads\/2025\/03\/LETTRE-INFO-MESOPOLHIS-Nov-Dec-2024.pdf\" download target=\"_blank\" rel=\"noopener\">\n\t\t\t\t\t\t\tT\u00e9l\u00e9charger la lettre d&rsquo;info #2\n\t\t\t\t\t<\/a>\n\t\t\t\t<img loading=\"lazy\" decoding=\"async\" src=\"https:\/\/mesopolhis.fr\/wp-content\/uploads\/2025\/03\/1e-page-LETTRE-DINFO-DU-MESOPOLHIS-Sept-Oct-2024.png\" alt=\"1e page LETTRE D'INFO DU MESOPOLHIS Sept Oct 2024\" height=\"2000\" width=\"1414\" title=\"1e page LETTRE D'INFO DU MESOPOLHIS Sept Oct 2024\" \/>\n<h2>\n\t\tLettre d&rsquo;info du MESOPOLHIS #1\n\t<\/h2>\n\t<p>Septembre &#8211; Octobre 2024<\/p>\n\t\t\t<a href=\"https:\/\/mesopolhis.fr\/wp-content\/uploads\/2025\/03\/LETTRE-INFO-MESOPOLHIS-Sept-Oct-2024.pdf\" download target=\"_blank\" rel=\"noopener\">\n\t\t\t\t\t\t\tT\u00e9l\u00e9charger la lettre d&rsquo;info #1\n\t\t\t\t\t<\/a>","protected":false},"excerpt":{"rendered":"<p>Accueil &raquo; Les lettres d&rsquo;information du MESOPOLHIS Les lettres d&rsquo;info du MESOPOLHIS Les lettres d&rsquo;info du laboratoire 2024-2025 Lettre d&rsquo;info du MESOPOLHIS #5 Mai &#8211; Juillet 2025 T\u00e9l\u00e9charger la lettre d&rsquo;info #5 Lettre d&rsquo;info du MESOPOLHIS #4 Mars &#8211; Avril 2025 T\u00e9l\u00e9charger la lettre d&rsquo;info #4 Lettre d&rsquo;info du MESOPOLHIS #3 Janvier &#8211; F\u00e9vrier 2025&hellip;<\/p>","protected":false},"author":180,"featured_media":0,"parent":0,"menu_order":0,"comment_status":"closed","ping_status":"closed","template":"","meta":{"_acf_changed":false,"inline_featured_image":false,"footnotes":""},"class_list":["post-35530","page","type-page","status-publish","hentry"],"acf":[],"yoast_head":"<!-- This site is optimized with the Yoast SEO plugin v27.3 - https:\/\/yoast.com\/product\/yoast-seo-wordpress\/ -->\n<title>Les lettres d&#039;information du MESOPOLHIS - Mesopolhis<\/title>\n<meta name=\"robots\" content=\"index, follow, max-snippet:-1, max-image-preview:large, max-video-preview:-1\" \/>\n<link rel=\"canonical\" href=\"https:\/\/mesopolhis.fr\/en\/mesopolhis-newsletters\/\" \/>\n<meta property=\"og:locale\" content=\"en_GB\" \/>\n<meta property=\"og:type\" content=\"article\" \/>\n<meta property=\"og:title\" content=\"Les lettres d&#039;information du MESOPOLHIS - Mesopolhis\" \/>\n<meta property=\"og:description\" content=\"Accueil &raquo; Les lettres d&rsquo;information du MESOPOLHIS Les lettres d&rsquo;info du MESOPOLHIS Les lettres d&rsquo;info du laboratoire 2024-2025 Lettre d&rsquo;info du MESOPOLHIS #5 Mai &#8211; Juillet 2025 T\u00e9l\u00e9charger la lettre d&rsquo;info #5 Lettre d&rsquo;info du MESOPOLHIS #4 Mars &#8211; Avril 2025 T\u00e9l\u00e9charger la lettre d&rsquo;info #4 Lettre d&rsquo;info du MESOPOLHIS #3 Janvier &#8211; F\u00e9vrier 2025&hellip;\" \/>\n<meta property=\"og:url\" content=\"https:\/\/mesopolhis.fr\/en\/mesopolhis-newsletters\/\" \/>\n<meta property=\"og:site_name\" content=\"Mesopolhis\" \/>\n<meta property=\"article:modified_time\" content=\"2025-09-01T09:35:45+00:00\" \/>\n<meta property=\"og:image\" content=\"https:\/\/mesopolhis.fr\/wp-content\/uploads\/2025\/09\/LETTRE-DINFO-DU-MESOPOLHIS-Mai-juin-juillet-2025.png\" \/>\n<meta name=\"twitter:card\" content=\"summary_large_image\" \/>\n<meta name=\"twitter:label1\" content=\"Estimated reading time\" \/>\n\t<meta name=\"twitter:data1\" content=\"1 minute\" \/>\n<script type=\"application\/ld+json\" class=\"yoast-schema-graph\">{\"@context\":\"https:\\\/\\\/schema.org\",\"@graph\":[{\"@type\":\"WebPage\",\"@id\":\"https:\\\/\\\/mesopolhis.fr\\\/lettres-information-mesopolhis\\\/\",\"url\":\"https:\\\/\\\/mesopolhis.fr\\\/lettres-information-mesopolhis\\\/\",\"name\":\"Les lettres d'information du MESOPOLHIS - Mesopolhis\",\"isPartOf\":{\"@id\":\"https:\\\/\\\/mesopolhis.fr\\\/#website\"},\"primaryImageOfPage\":{\"@id\":\"https:\\\/\\\/mesopolhis.fr\\\/lettres-information-mesopolhis\\\/#primaryimage\"},\"image\":{\"@id\":\"https:\\\/\\\/mesopolhis.fr\\\/lettres-information-mesopolhis\\\/#primaryimage\"},\"thumbnailUrl\":\"https:\\\/\\\/mesopolhis.fr\\\/wp-content\\\/uploads\\\/2025\\\/09\\\/LETTRE-DINFO-DU-MESOPOLHIS-Mai-juin-juillet-2025.png\",\"datePublished\":\"2024-10-30T10:48:22+00:00\",\"dateModified\":\"2025-09-01T09:35:45+00:00\",\"breadcrumb\":{\"@id\":\"https:\\\/\\\/mesopolhis.fr\\\/lettres-information-mesopolhis\\\/#breadcrumb\"},\"inLanguage\":\"en-GB\",\"potentialAction\":[{\"@type\":\"ReadAction\",\"target\":[\"https:\\\/\\\/mesopolhis.fr\\\/lettres-information-mesopolhis\\\/\"]}]},{\"@type\":\"ImageObject\",\"inLanguage\":\"en-GB\",\"@id\":\"https:\\\/\\\/mesopolhis.fr\\\/lettres-information-mesopolhis\\\/#primaryimage\",\"url\":\"https:\\\/\\\/mesopolhis.fr\\\/wp-content\\\/uploads\\\/2025\\\/09\\\/LETTRE-DINFO-DU-MESOPOLHIS-Mai-juin-juillet-2025.png\",\"contentUrl\":\"https:\\\/\\\/mesopolhis.fr\\\/wp-content\\\/uploads\\\/2025\\\/09\\\/LETTRE-DINFO-DU-MESOPOLHIS-Mai-juin-juillet-2025.png\"},{\"@type\":\"BreadcrumbList\",\"@id\":\"https:\\\/\\\/mesopolhis.fr\\\/lettres-information-mesopolhis\\\/#breadcrumb\",\"itemListElement\":[{\"@type\":\"ListItem\",\"position\":1,\"name\":\"Accueil\",\"item\":\"https:\\\/\\\/mesopolhis.fr\\\/\"},{\"@type\":\"ListItem\",\"position\":2,\"name\":\"Les lettres d&rsquo;information du MESOPOLHIS\"}]},{\"@type\":\"WebSite\",\"@id\":\"https:\\\/\\\/mesopolhis.fr\\\/#website\",\"url\":\"https:\\\/\\\/mesopolhis.fr\\\/\",\"name\":\"Mesopolhis\",\"description\":\"Centre m\u00e9diterran\u00e9en de sociologie, de science politique et d&#039;histoire\",\"publisher\":{\"@id\":\"https:\\\/\\\/mesopolhis.fr\\\/#organization\"},\"potentialAction\":[{\"@type\":\"SearchAction\",\"target\":{\"@type\":\"EntryPoint\",\"urlTemplate\":\"https:\\\/\\\/mesopolhis.fr\\\/?s={search_term_string}\"},\"query-input\":{\"@type\":\"PropertyValueSpecification\",\"valueRequired\":true,\"valueName\":\"search_term_string\"}}],\"inLanguage\":\"en-GB\"},{\"@type\":\"Organization\",\"@id\":\"https:\\\/\\\/mesopolhis.fr\\\/#organization\",\"name\":\"Mesopolhis\",\"url\":\"https:\\\/\\\/mesopolhis.fr\\\/\",\"logo\":{\"@type\":\"ImageObject\",\"inLanguage\":\"en-GB\",\"@id\":\"https:\\\/\\\/mesopolhis.fr\\\/#\\\/schema\\\/logo\\\/image\\\/\",\"url\":\"https:\\\/\\\/mesopolhis.fr\\\/wp-content\\\/uploads\\\/2021\\\/12\\\/Logo_MESOPOLHIS_Quadri.png\",\"contentUrl\":\"https:\\\/\\\/mesopolhis.fr\\\/wp-content\\\/uploads\\\/2021\\\/12\\\/Logo_MESOPOLHIS_Quadri.png\",\"width\":264,\"height\":69,\"caption\":\"Mesopolhis\"},\"image\":{\"@id\":\"https:\\\/\\\/mesopolhis.fr\\\/#\\\/schema\\\/logo\\\/image\\\/\"}}]}<\/script>\n<!-- \/ Yoast SEO plugin. -->","yoast_head_json":{"title":"MESOPOLHIS newsletters - Mesopolhis","robots":{"index":"index","follow":"follow","max-snippet":"max-snippet:-1","max-image-preview":"max-image-preview:large","max-video-preview":"max-video-preview:-1"},"canonical":"https:\/\/mesopolhis.fr\/en\/mesopolhis-newsletters\/","og_locale":"en_GB","og_type":"article","og_title":"Les lettres d'information du MESOPOLHIS - Mesopolhis","og_description":"Accueil &raquo; Les lettres d&rsquo;information du MESOPOLHIS Les lettres d&rsquo;info du MESOPOLHIS Les lettres d&rsquo;info du laboratoire 2024-2025 Lettre d&rsquo;info du MESOPOLHIS #5 Mai &#8211; Juillet 2025 T\u00e9l\u00e9charger la lettre d&rsquo;info #5 Lettre d&rsquo;info du MESOPOLHIS #4 Mars &#8211; Avril 2025 T\u00e9l\u00e9charger la lettre d&rsquo;info #4 Lettre d&rsquo;info du MESOPOLHIS #3 Janvier &#8211; F\u00e9vrier 2025&hellip;","og_url":"https:\/\/mesopolhis.fr\/en\/mesopolhis-newsletters\/","og_site_name":"Mesopolhis","article_modified_time":"2025-09-01T09:35:45+00:00","og_image":[{"url":"https:\/\/mesopolhis.fr\/wp-content\/uploads\/2025\/09\/LETTRE-DINFO-DU-MESOPOLHIS-Mai-juin-juillet-2025.png","type":"","width":"","height":""}],"twitter_card":"summary_large_image","twitter_misc":{"Estimated reading time":"1 minute"},"schema":{"@context":"https:\/\/schema.org","@graph":[{"@type":"WebPage","@id":"https:\/\/mesopolhis.fr\/lettres-information-mesopolhis\/","url":"https:\/\/mesopolhis.fr\/lettres-information-mesopolhis\/","name":"MESOPOLHIS newsletters - Mesopolhis","isPartOf":{"@id":"https:\/\/mesopolhis.fr\/#website"},"primaryImageOfPage":{"@id":"https:\/\/mesopolhis.fr\/lettres-information-mesopolhis\/#primaryimage"},"image":{"@id":"https:\/\/mesopolhis.fr\/lettres-information-mesopolhis\/#primaryimage"},"thumbnailUrl":"https:\/\/mesopolhis.fr\/wp-content\/uploads\/2025\/09\/LETTRE-DINFO-DU-MESOPOLHIS-Mai-juin-juillet-2025.png","datePublished":"2024-10-30T10:48:22+00:00","dateModified":"2025-09-01T09:35:45+00:00","breadcrumb":{"@id":"https:\/\/mesopolhis.fr\/lettres-information-mesopolhis\/#breadcrumb"},"inLanguage":"en-GB","potentialAction":[{"@type":"ReadAction","target":["https:\/\/mesopolhis.fr\/lettres-information-mesopolhis\/"]}]},{"@type":"ImageObject","inLanguage":"en-GB","@id":"https:\/\/mesopolhis.fr\/lettres-information-mesopolhis\/#primaryimage","url":"https:\/\/mesopolhis.fr\/wp-content\/uploads\/2025\/09\/LETTRE-DINFO-DU-MESOPOLHIS-Mai-juin-juillet-2025.png","contentUrl":"https:\/\/mesopolhis.fr\/wp-content\/uploads\/2025\/09\/LETTRE-DINFO-DU-MESOPOLHIS-Mai-juin-juillet-2025.png"},{"@type":"BreadcrumbList","@id":"https:\/\/mesopolhis.fr\/lettres-information-mesopolhis\/#breadcrumb","itemListElement":[{"@type":"ListItem","position":1,"name":"Accueil","item":"https:\/\/mesopolhis.fr\/"},{"@type":"ListItem","position":2,"name":"Les lettres d&rsquo;information du MESOPOLHIS"}]},{"@type":"WebSite","@id":"https:\/\/mesopolhis.fr\/#website","url":"https:\/\/mesopolhis.fr\/","name":"Mesopolhis","description":"Mediterranean Centre for Sociology, Political Science and History","publisher":{"@id":"https:\/\/mesopolhis.fr\/#organization"},"potentialAction":[{"@type":"SearchAction","target":{"@type":"EntryPoint","urlTemplate":"https:\/\/mesopolhis.fr\/?s={search_term_string}"},"query-input":{"@type":"PropertyValueSpecification","valueRequired":true,"valueName":"search_term_string"}}],"inLanguage":"en-GB"},{"@type":"Organization","@id":"https:\/\/mesopolhis.fr\/#organization","name":"Mesopolhis","url":"https:\/\/mesopolhis.fr\/","logo":{"@type":"ImageObject","inLanguage":"en-GB","@id":"https:\/\/mesopolhis.fr\/#\/schema\/logo\/image\/","url":"https:\/\/mesopolhis.fr\/wp-content\/uploads\/2021\/12\/Logo_MESOPOLHIS_Quadri.png","contentUrl":"https:\/\/mesopolhis.fr\/wp-content\/uploads\/2021\/12\/Logo_MESOPOLHIS_Quadri.png","width":264,"height":69,"caption":"Mesopolhis"},"image":{"@id":"https:\/\/mesopolhis.fr\/#\/schema\/logo\/image\/"}}]}},"_links":{"self":[{"href":"https:\/\/mesopolhis.fr\/en\/wp-json\/wp\/v2\/pages\/35530","targetHints":{"allow":["GET"]}}],"collection":[{"href":"https:\/\/mesopolhis.fr\/en\/wp-json\/wp\/v2\/pages"}],"about":[{"href":"https:\/\/mesopolhis.fr\/en\/wp-json\/wp\/v2\/types\/page"}],"author":[{"embeddable":true,"href":"https:\/\/mesopolhis.fr\/en\/wp-json\/wp\/v2\/users\/180"}],"replies":[{"embeddable":true,"href":"https:\/\/mesopolhis.fr\/en\/wp-json\/wp\/v2\/comments?post=35530"}],"version-history":[{"count":1,"href":"https:\/\/mesopolhis.fr\/en\/wp-json\/wp\/v2\/pages\/35530\/revisions"}],"predecessor-version":[{"id":37875,"href":"https:\/\/mesopolhis.fr\/en\/wp-json\/wp\/v2\/pages\/35530\/revisions\/37875"}],"wp:attachment":[{"href":"https:\/\/mesopolhis.fr\/en\/wp-json\/wp\/v2\/media?parent=35530"}],"curies":[{"name":"wp","href":"https:\/\/api.w.org\/{rel}","templated":true}]}}