{"id":35172,"date":"2024-09-16T17:18:17","date_gmt":"2024-09-16T15:18:17","guid":{"rendered":"https:\/\/mesopolhis.fr\/?page_id=35172"},"modified":"2025-07-16T14:35:45","modified_gmt":"2025-07-16T12:35:45","slug":"mesopolhis-meetings","status":"publish","type":"page","link":"https:\/\/mesopolhis.fr\/en\/mesopolhis-2-events\/mesopolhis-meetings\/","title":{"rendered":"MESOPOLHIS meetings"},"content":{"rendered":"<h1>\n\t\tMESOPOLHIS meetings\n\t<\/h1>\n<h1>\n\t\tThe 2024-2025 meetings\n\t<\/h1>\n<h1>\n\t\tPROGRAMME\n\t<\/h1>\n\t\t\t\t<img loading=\"lazy\" decoding=\"async\" src=\"https:\/\/mesopolhis.fr\/wp-content\/uploads\/2025\/04\/Les-Rencontres-du-Mesopolhis-2024-2025.png\" alt=\"The Mesopolhis 2024-2025 Meetings\" height=\"2000\" width=\"1414\" title=\"The Mesopolhis 2024-2025 Meetings\" \/>\n<h1>\n\t\tMESOPOLHIS meetings\n\t<\/h1>\n\t\n\t\t\t\t\t<a href=\"https:\/\/mesopolhis.fr\/en\/blog\/events\/les-rencontres-du-mesopolhis-6-saillans-democratic-experience\/\" title=\"Les Rencontres du MESOPOLHIS #6 | &quot;Saillans: reinventing the democratic experience. Ethnographic and cinematographic perspectives&quot;.\"><\/a>\n\t\t\t\t<img decoding=\"async\" src=\"https:\/\/mesopolhis.fr\/wp-content\/uploads\/2024\/10\/Les-Rencontres-du-Mesopolhis-23-mai-2025-724x1024.png\" alt=\"\" data-no-lazy=\"1\" \/>\n\t\t\t\t\t\t\t\t\t<h3>\n\t\t\t\t\t\t\t\t\t\t\t\t\t\tLes Rencontres du MESOPOLHIS #6 | \"Saillans: reinventing the democratic experience. Ethnographic and cinematographic perspectives\".\t\t\t\t\t\t\t\t\t\t\t<\/h3>\n\t\n\t\t\t\t\t<a href=\"https:\/\/mesopolhis.fr\/en\/blog\/events\/mesopolhis-meetings-5-the-marketplace-of-ideas-the-human-sciences-and-their-readers\/\" title=\"Les Rencontres du Mesopolhis #5 | &quot; The marketplace of ideas. The humanities and their readers&quot;.\"><\/a>\n\t\t\t\t<img loading=\"lazy\" decoding=\"async\" src=\"https:\/\/mesopolhis.fr\/wp-content\/uploads\/2025\/03\/Les-Rencontres-du-Mesopolhis-4-avril-2025-1.png\" alt=\"Les Rencontres du Mesopolhis 4 April 2025\" data-no-lazy=\"1\" height=\"2000\" width=\"1414\" title=\"Les Rencontres du Mesopolhis 4 April 2025\" \/>\n\t\t\t\t\t\t\t\t\t<h3>\n\t\t\t\t\t\t\t\t\t\t\t\t\t\tLes Rencontres du Mesopolhis #5 | \" The marketplace of ideas. The humanities and their readers\".\t\t\t\t\t\t\t\t\t\t\t<\/h3>\n\t\n\t\t\t\t\t<a href=\"https:\/\/mesopolhis.fr\/en\/blog\/events\/mesopolhis-meetings-4-does-humanitarian-medicine-exist\/\" title=\"Les Rencontres du MESOPOLHIS #4 | Bertrand Taithe, &quot;Does humanitarian medicine exist?\"><\/a>\n\t\t\t\t<img decoding=\"async\" src=\"https:\/\/mesopolhis.fr\/wp-content\/uploads\/2024\/10\/Les-Rencontres-du-Mesopolhis-7-mars-2025-Bertrand-Taithe-724x1024.png\" alt=\"\" data-no-lazy=\"1\" \/>\n\t\t\t\t\t\t\t\t\t<h3>\n\t\t\t\t\t\t\t\t\t\t\t\t\t\tLes Rencontres du MESOPOLHIS #4 | Bertrand Taithe, \"Does humanitarian medicine exist?\t\t\t\t\t\t\t\t\t\t\t<\/h3>\n\t\n\t\t\t\t\t<a href=\"https:\/\/mesopolhis.fr\/en\/blog\/events\/mesopolhis-meetings-3-daily-sustenance-telling-the-story-of-what-matters\/\" title=\"Les Rencontres du Mesopolhis #3 | Genevi\u00e8ve Pruvost, &quot;La subsistance au quotidien. Telling what matters&quot;.\"><\/a>\n\t\t\t\t<img loading=\"lazy\" decoding=\"async\" src=\"https:\/\/mesopolhis.fr\/wp-content\/uploads\/2024\/12\/Les-Rencontres-du-Mesopolhis-2024-2025-4.png\" alt=\"Les Rencontres du Mesopolhis 2024-2025 (4)\" data-no-lazy=\"1\" height=\"2000\" width=\"1414\" title=\"Les Rencontres du Mesopolhis 2024-2025 (4)\" \/>\n\t\t\t\t\t\t\t\t\t<h3>\n\t\t\t\t\t\t\t\t\t\t\t\t\t\tLes Rencontres du Mesopolhis #3 | Genevi\u00e8ve Pruvost, \"La subsistance au quotidien. Telling what matters\".\t\t\t\t\t\t\t\t\t\t\t<\/h3>\n\t\n\t\t\t\t\t<a href=\"https:\/\/mesopolhis.fr\/en\/blog\/events\/les-rencontres-du-mesopolhis-2-les-violences-inaudibles-recits-dinfanticides\/\" title=\"Les Rencontres du Mesopolhis #2 | &quot; Les violences inaudibles. Stories of infanticide&quot;.\"><\/a>\n\t\t\t\t<img decoding=\"async\" src=\"https:\/\/mesopolhis.fr\/wp-content\/uploads\/2024\/10\/Affiche-RdM-2-22-novembre-2024-A3-724x1024.jpg\" alt=\"\" data-no-lazy=\"1\" \/>\n\t\t\t\t\t\t\t\t\t<h3>\n\t\t\t\t\t\t\t\t\t\t\t\t\t\tLes Rencontres du Mesopolhis #2 | \" Les violences inaudibles. Stories of infanticide\".\t\t\t\t\t\t\t\t\t\t\t<\/h3>\n\t\n\t\t\t\t\t<a href=\"https:\/\/mesopolhis.fr\/en\/blog\/events\/mesopolhis-meetings-4october2024\/\" title=\"Les Rencontres du Mesopolhis #1 | &quot;Challenging Parcoursup\"><\/a>\n\t\t\t\t<img decoding=\"async\" src=\"https:\/\/mesopolhis.fr\/wp-content\/uploads\/2024\/07\/Les-Rencontres-du-Mesopolhis-2024-2025-724x1024.png\" alt=\"\" data-no-lazy=\"1\" \/>\n\t\t\t\t\t\t\t\t\t<h3>\n\t\t\t\t\t\t\t\t\t\t\t\t\t\tLes Rencontres du Mesopolhis #1 | \"Challenging Parcoursup\t\t\t\t\t\t\t\t\t\t\t<\/h3>\n\t\t<!-- .pp-content-posts -->","protected":false},"excerpt":{"rendered":"<p>Les rencontres du MESOPOLHIS Les rencontres 2024-2025 PROGRAMME Les rencontres du MESOPOLHIS Les Rencontres du MESOPOLHIS #6 | \u00ab Saillans : r\u00e9inventer l&rsquo;exp\u00e9rience d\u00e9mocratique. Regards ethnographiques, regards cin\u00e9matographiques \u00bb Les Rencontres du Mesopolhis #5 | \u00ab\u00a0Le march\u00e9 des id\u00e9es. Les sciences humaines et leurs lecteurs\u00a0\u00bb Les Rencontres du MESOPOLHIS #4 | Bertrand Taithe, \u00ab\u00a0La m\u00e9decine&hellip;<\/p>","protected":false},"author":180,"featured_media":0,"parent":32808,"menu_order":0,"comment_status":"closed","ping_status":"closed","template":"","meta":{"_acf_changed":false,"inline_featured_image":false,"footnotes":""},"class_list":["post-35172","page","type-page","status-publish","hentry"],"acf":[],"yoast_head":"<!-- This site is optimized with the Yoast SEO plugin v27.4 - https:\/\/yoast.com\/product\/yoast-seo-wordpress\/ -->\n<title>Rencontres du MESOPOLHIS - Mesopolhis<\/title>\n<meta name=\"robots\" content=\"index, follow, max-snippet:-1, max-image-preview:large, max-video-preview:-1\" \/>\n<link rel=\"canonical\" href=\"https:\/\/mesopolhis.fr\/en\/mesopolhis-2-events\/mesopolhis-meetings\/\" \/>\n<meta property=\"og:locale\" content=\"en_GB\" \/>\n<meta property=\"og:type\" content=\"article\" \/>\n<meta property=\"og:title\" content=\"Rencontres du MESOPOLHIS - Mesopolhis\" \/>\n<meta property=\"og:description\" content=\"Les rencontres du MESOPOLHIS Les rencontres 2024-2025 PROGRAMME Les rencontres du MESOPOLHIS Les Rencontres du MESOPOLHIS #6 | \u00ab Saillans : r\u00e9inventer l&rsquo;exp\u00e9rience d\u00e9mocratique. Regards ethnographiques, regards cin\u00e9matographiques \u00bb Les Rencontres du Mesopolhis #5 | \u00ab\u00a0Le march\u00e9 des id\u00e9es. Les sciences humaines et leurs lecteurs\u00a0\u00bb Les Rencontres du MESOPOLHIS #4 | Bertrand Taithe, \u00ab\u00a0La m\u00e9decine&hellip;\" \/>\n<meta property=\"og:url\" content=\"https:\/\/mesopolhis.fr\/en\/mesopolhis-2-events\/mesopolhis-meetings\/\" \/>\n<meta property=\"og:site_name\" content=\"Mesopolhis\" \/>\n<meta property=\"article:modified_time\" content=\"2025-07-16T12:35:45+00:00\" \/>\n<meta property=\"og:image\" content=\"https:\/\/mesopolhis.fr\/wp-content\/uploads\/2025\/04\/Les-Rencontres-du-Mesopolhis-2024-2025.png\" \/>\n<meta name=\"twitter:card\" content=\"summary_large_image\" \/>\n<meta name=\"twitter:label1\" content=\"Estimated reading time\" \/>\n\t<meta name=\"twitter:data1\" content=\"2 minutes\" \/>\n<script type=\"application\/ld+json\" class=\"yoast-schema-graph\">{\"@context\":\"https:\\\/\\\/schema.org\",\"@graph\":[{\"@type\":\"WebPage\",\"@id\":\"https:\\\/\\\/mesopolhis.fr\\\/evenements-mesopolhis-2\\\/rencontres-mesopolhis\\\/\",\"url\":\"https:\\\/\\\/mesopolhis.fr\\\/evenements-mesopolhis-2\\\/rencontres-mesopolhis\\\/\",\"name\":\"Rencontres du MESOPOLHIS - Mesopolhis\",\"isPartOf\":{\"@id\":\"https:\\\/\\\/mesopolhis.fr\\\/#website\"},\"primaryImageOfPage\":{\"@id\":\"https:\\\/\\\/mesopolhis.fr\\\/evenements-mesopolhis-2\\\/rencontres-mesopolhis\\\/#primaryimage\"},\"image\":{\"@id\":\"https:\\\/\\\/mesopolhis.fr\\\/evenements-mesopolhis-2\\\/rencontres-mesopolhis\\\/#primaryimage\"},\"thumbnailUrl\":\"https:\\\/\\\/mesopolhis.fr\\\/wp-content\\\/uploads\\\/2025\\\/04\\\/Les-Rencontres-du-Mesopolhis-2024-2025.png\",\"datePublished\":\"2024-09-16T15:18:17+00:00\",\"dateModified\":\"2025-07-16T12:35:45+00:00\",\"breadcrumb\":{\"@id\":\"https:\\\/\\\/mesopolhis.fr\\\/evenements-mesopolhis-2\\\/rencontres-mesopolhis\\\/#breadcrumb\"},\"inLanguage\":\"en-GB\",\"potentialAction\":[{\"@type\":\"ReadAction\",\"target\":[\"https:\\\/\\\/mesopolhis.fr\\\/evenements-mesopolhis-2\\\/rencontres-mesopolhis\\\/\"]}]},{\"@type\":\"ImageObject\",\"inLanguage\":\"en-GB\",\"@id\":\"https:\\\/\\\/mesopolhis.fr\\\/evenements-mesopolhis-2\\\/rencontres-mesopolhis\\\/#primaryimage\",\"url\":\"https:\\\/\\\/mesopolhis.fr\\\/wp-content\\\/uploads\\\/2025\\\/04\\\/Les-Rencontres-du-Mesopolhis-2024-2025.png\",\"contentUrl\":\"https:\\\/\\\/mesopolhis.fr\\\/wp-content\\\/uploads\\\/2025\\\/04\\\/Les-Rencontres-du-Mesopolhis-2024-2025.png\"},{\"@type\":\"BreadcrumbList\",\"@id\":\"https:\\\/\\\/mesopolhis.fr\\\/evenements-mesopolhis-2\\\/rencontres-mesopolhis\\\/#breadcrumb\",\"itemListElement\":[{\"@type\":\"ListItem\",\"position\":1,\"name\":\"Accueil\",\"item\":\"https:\\\/\\\/mesopolhis.fr\\\/\"},{\"@type\":\"ListItem\",\"position\":2,\"name\":\"Ev\u00e9nements\",\"item\":\"https:\\\/\\\/mesopolhis.fr\\\/evenements-mesopolhis-2\\\/\"},{\"@type\":\"ListItem\",\"position\":3,\"name\":\"Rencontres du MESOPOLHIS\"}]},{\"@type\":\"WebSite\",\"@id\":\"https:\\\/\\\/mesopolhis.fr\\\/#website\",\"url\":\"https:\\\/\\\/mesopolhis.fr\\\/\",\"name\":\"Mesopolhis\",\"description\":\"Centre m\u00e9diterran\u00e9en de sociologie, de science politique et d&#039;histoire\",\"publisher\":{\"@id\":\"https:\\\/\\\/mesopolhis.fr\\\/#organization\"},\"potentialAction\":[{\"@type\":\"SearchAction\",\"target\":{\"@type\":\"EntryPoint\",\"urlTemplate\":\"https:\\\/\\\/mesopolhis.fr\\\/?s={search_term_string}\"},\"query-input\":{\"@type\":\"PropertyValueSpecification\",\"valueRequired\":true,\"valueName\":\"search_term_string\"}}],\"inLanguage\":\"en-GB\"},{\"@type\":\"Organization\",\"@id\":\"https:\\\/\\\/mesopolhis.fr\\\/#organization\",\"name\":\"Mesopolhis\",\"url\":\"https:\\\/\\\/mesopolhis.fr\\\/\",\"logo\":{\"@type\":\"ImageObject\",\"inLanguage\":\"en-GB\",\"@id\":\"https:\\\/\\\/mesopolhis.fr\\\/#\\\/schema\\\/logo\\\/image\\\/\",\"url\":\"https:\\\/\\\/mesopolhis.fr\\\/wp-content\\\/uploads\\\/2021\\\/12\\\/Logo_MESOPOLHIS_Quadri.png\",\"contentUrl\":\"https:\\\/\\\/mesopolhis.fr\\\/wp-content\\\/uploads\\\/2021\\\/12\\\/Logo_MESOPOLHIS_Quadri.png\",\"width\":264,\"height\":69,\"caption\":\"Mesopolhis\"},\"image\":{\"@id\":\"https:\\\/\\\/mesopolhis.fr\\\/#\\\/schema\\\/logo\\\/image\\\/\"}}]}<\/script>\n<!-- \/ Yoast SEO plugin. -->","yoast_head_json":{"title":"MESOPOLHIS meetings - Mesopolhis","robots":{"index":"index","follow":"follow","max-snippet":"max-snippet:-1","max-image-preview":"max-image-preview:large","max-video-preview":"max-video-preview:-1"},"canonical":"https:\/\/mesopolhis.fr\/en\/mesopolhis-2-events\/mesopolhis-meetings\/","og_locale":"en_GB","og_type":"article","og_title":"Rencontres du MESOPOLHIS - Mesopolhis","og_description":"Les rencontres du MESOPOLHIS Les rencontres 2024-2025 PROGRAMME Les rencontres du MESOPOLHIS Les Rencontres du MESOPOLHIS #6 | \u00ab Saillans : r\u00e9inventer l&rsquo;exp\u00e9rience d\u00e9mocratique. Regards ethnographiques, regards cin\u00e9matographiques \u00bb Les Rencontres du Mesopolhis #5 | \u00ab\u00a0Le march\u00e9 des id\u00e9es. Les sciences humaines et leurs lecteurs\u00a0\u00bb Les Rencontres du MESOPOLHIS #4 | Bertrand Taithe, \u00ab\u00a0La m\u00e9decine&hellip;","og_url":"https:\/\/mesopolhis.fr\/en\/mesopolhis-2-events\/mesopolhis-meetings\/","og_site_name":"Mesopolhis","article_modified_time":"2025-07-16T12:35:45+00:00","og_image":[{"url":"https:\/\/mesopolhis.fr\/wp-content\/uploads\/2025\/04\/Les-Rencontres-du-Mesopolhis-2024-2025.png","type":"","width":"","height":""}],"twitter_card":"summary_large_image","twitter_misc":{"Estimated reading time":"2 minutes"},"schema":{"@context":"https:\/\/schema.org","@graph":[{"@type":"WebPage","@id":"https:\/\/mesopolhis.fr\/evenements-mesopolhis-2\/rencontres-mesopolhis\/","url":"https:\/\/mesopolhis.fr\/evenements-mesopolhis-2\/rencontres-mesopolhis\/","name":"MESOPOLHIS meetings - Mesopolhis","isPartOf":{"@id":"https:\/\/mesopolhis.fr\/#website"},"primaryImageOfPage":{"@id":"https:\/\/mesopolhis.fr\/evenements-mesopolhis-2\/rencontres-mesopolhis\/#primaryimage"},"image":{"@id":"https:\/\/mesopolhis.fr\/evenements-mesopolhis-2\/rencontres-mesopolhis\/#primaryimage"},"thumbnailUrl":"https:\/\/mesopolhis.fr\/wp-content\/uploads\/2025\/04\/Les-Rencontres-du-Mesopolhis-2024-2025.png","datePublished":"2024-09-16T15:18:17+00:00","dateModified":"2025-07-16T12:35:45+00:00","breadcrumb":{"@id":"https:\/\/mesopolhis.fr\/evenements-mesopolhis-2\/rencontres-mesopolhis\/#breadcrumb"},"inLanguage":"en-GB","potentialAction":[{"@type":"ReadAction","target":["https:\/\/mesopolhis.fr\/evenements-mesopolhis-2\/rencontres-mesopolhis\/"]}]},{"@type":"ImageObject","inLanguage":"en-GB","@id":"https:\/\/mesopolhis.fr\/evenements-mesopolhis-2\/rencontres-mesopolhis\/#primaryimage","url":"https:\/\/mesopolhis.fr\/wp-content\/uploads\/2025\/04\/Les-Rencontres-du-Mesopolhis-2024-2025.png","contentUrl":"https:\/\/mesopolhis.fr\/wp-content\/uploads\/2025\/04\/Les-Rencontres-du-Mesopolhis-2024-2025.png"},{"@type":"BreadcrumbList","@id":"https:\/\/mesopolhis.fr\/evenements-mesopolhis-2\/rencontres-mesopolhis\/#breadcrumb","itemListElement":[{"@type":"ListItem","position":1,"name":"Accueil","item":"https:\/\/mesopolhis.fr\/"},{"@type":"ListItem","position":2,"name":"Ev\u00e9nements","item":"https:\/\/mesopolhis.fr\/evenements-mesopolhis-2\/"},{"@type":"ListItem","position":3,"name":"Rencontres du MESOPOLHIS"}]},{"@type":"WebSite","@id":"https:\/\/mesopolhis.fr\/#website","url":"https:\/\/mesopolhis.fr\/","name":"Mesopolhis","description":"Mediterranean Centre for Sociology, Political Science and History","publisher":{"@id":"https:\/\/mesopolhis.fr\/#organization"},"potentialAction":[{"@type":"SearchAction","target":{"@type":"EntryPoint","urlTemplate":"https:\/\/mesopolhis.fr\/?s={search_term_string}"},"query-input":{"@type":"PropertyValueSpecification","valueRequired":true,"valueName":"search_term_string"}}],"inLanguage":"en-GB"},{"@type":"Organization","@id":"https:\/\/mesopolhis.fr\/#organization","name":"Mesopolhis","url":"https:\/\/mesopolhis.fr\/","logo":{"@type":"ImageObject","inLanguage":"en-GB","@id":"https:\/\/mesopolhis.fr\/#\/schema\/logo\/image\/","url":"https:\/\/mesopolhis.fr\/wp-content\/uploads\/2021\/12\/Logo_MESOPOLHIS_Quadri.png","contentUrl":"https:\/\/mesopolhis.fr\/wp-content\/uploads\/2021\/12\/Logo_MESOPOLHIS_Quadri.png","width":264,"height":69,"caption":"Mesopolhis"},"image":{"@id":"https:\/\/mesopolhis.fr\/#\/schema\/logo\/image\/"}}]}},"_links":{"self":[{"href":"https:\/\/mesopolhis.fr\/en\/wp-json\/wp\/v2\/pages\/35172","targetHints":{"allow":["GET"]}}],"collection":[{"href":"https:\/\/mesopolhis.fr\/en\/wp-json\/wp\/v2\/pages"}],"about":[{"href":"https:\/\/mesopolhis.fr\/en\/wp-json\/wp\/v2\/types\/page"}],"author":[{"embeddable":true,"href":"https:\/\/mesopolhis.fr\/en\/wp-json\/wp\/v2\/users\/180"}],"replies":[{"embeddable":true,"href":"https:\/\/mesopolhis.fr\/en\/wp-json\/wp\/v2\/comments?post=35172"}],"version-history":[{"count":0,"href":"https:\/\/mesopolhis.fr\/en\/wp-json\/wp\/v2\/pages\/35172\/revisions"}],"up":[{"embeddable":true,"href":"https:\/\/mesopolhis.fr\/en\/wp-json\/wp\/v2\/pages\/32808"}],"wp:attachment":[{"href":"https:\/\/mesopolhis.fr\/en\/wp-json\/wp\/v2\/media?parent=35172"}],"curies":[{"name":"wp","href":"https:\/\/api.w.org\/{rel}","templated":true}]}}