{"id":34739,"date":"2024-05-29T13:35:11","date_gmt":"2024-05-29T11:35:11","guid":{"rendered":"https:\/\/mesopolhis.fr\/?page_id=34739"},"modified":"2025-03-11T16:26:47","modified_gmt":"2025-03-11T15:26:47","slug":"audiovisual-productions","status":"publish","type":"page","link":"https:\/\/mesopolhis.fr\/en\/research\/images-and-social-sciences\/audiovisual-productions\/","title":{"rendered":"Audiovisual productions"},"content":{"rendered":"<nav id=\"breadcrumbs\" aria-label=\"Breadcrumbs\"><a href=\"https:\/\/mesopolhis.fr\/en\/\">Home<\/a> \" <a href=\"https:\/\/mesopolhis.fr\/en\/research-areas\/\">Search<\/a> \" <a href=\"https:\/\/mesopolhis.fr\/en\/research-areas\/images-and-social-sciences\/\">Cross-cutting theme - Images and social sciences<\/a> \u00bbAudiovisual productions<\/nav><h1>\n\t\tOur audiovisual productions\n\t<\/h1>\n\t\t\t<a href=\"https:\/\/mesopolhis.fr\/en\/research-areas\/images-and-social-sciences\/\" target=\"_self\" rel=\"noopener\">\n\t\t\t\t\t\tBack to Images and social sciences\n\t\t\t\t\t<\/a>\n<h2>\n\t\tOur audiovisual productions\n\t<\/h2>\n<h2>\n\t\tFilm: In the footsteps of the atomists. A step aside for a sociologist in the field\n\t<\/h2>\n\t<h4>P&amp;P Production, 2016, 85 mins, film directed by Pascal Cesaro and Pierre Fournier<\/h4>\n<h4>Around the Nuxolo contract with the CNRS interdisciplinary mission.<\/h4>\n\t<p>An ORTF soap opera, broadcast in the late 1960s and found in the INA archives, depicts the lives of nuclear workers in Provence, with particularly precise images of their work. Research into the conditions under which these images were produced shows that, without being a documentary on the nuclear world, this fiction meets a particular set of specifications and benefits from inputs conducive to a certain truth in the technical images and human relations of this world. Excerpts from the soap opera shown by a sociologist to people now living near the research centre where the drama is set prompt stories that help them understand what it means to come to work in this industry and live nearby. It's a way of taking advantage of reminiscences triggered by the emotional proximity of these people's experience to one or other aspect of the fictional reality presented in the soap opera. It may also be a way of moving beyond the abstract representations of the public debate on this controversial subject, or the silence behind which people living near nuclear power stations sometimes hide.<\/p>\n\t\t\t<a href=\"https:\/\/journals-openedition-org.lama.univ-amu.fr\/nrt\/14340\" target=\"_blank\" rel=\"noopener\">\n\t\t\t\t\t\tVid\u00e9o-\u00e9licitation et parole emp\u00each\u00e9e dans le nucl\u00e9aire - Pascal Cesaro, Pierre Fournier, Joyce Sebag and Jean-Pierre Durand - La Nouvelle Revue du Travail n\u00b0 23 | 2023\n\t\t\t\t\t<\/a>\n\t\t\t\t<img loading=\"lazy\" decoding=\"async\" src=\"https:\/\/mesopolhis.fr\/wp-content\/uploads\/2022\/07\/PC-au-montage.jpeg\" alt=\"The Atomists\" itemprop=\"image\" height=\"706\" width=\"1240\" title=\"P&amp;C-assembly\" onerror=\"this.style.display='none'\"  \/>\n\t<iframe loading=\"lazy\" src=\"https:\/\/amupod.univ-amu.fr\/video\/26632-discussion-au-banc-de-montage\/?is_iframe=true\" width=\"640\" height=\"360\" allowfullscreen><\/iframe>\n<h2>\n\t\tInteractive documentary: From fiction to science. A video-elicitation experiment to get out of a situation where speech is prevented\n\t<\/h2>\n\t<h4>P&amp;P Production, 2019, 45 to 85 mins, interactive documentary directed by Pascal Cesaro and Pierre Fournier.<\/h4>\n<h4>About the Fifas contract with the AMIDEX foundation<\/h4>\n\t<p>&nbsp;<\/p>\n<p>A sociologist and a film researcher use a 1960s TV soap opera to explore what it means to come and work in the nuclear industry by showing people living near the centre where the drama is set extracts depicting work in the sector and putting their reactions into perspective. The interactive documentary follows the researchers through the various stages of this experiment, with its failures and successes, showing the development of a research approach that aims to circumvent a situation of \u00abspeech impeded\u00bb, speech made difficult by the public debate that sharply divides positions on a controversial subject. It offers viewers the chance to go into more detail and imagine other configurations in which to put this video-elicitation approach to the test.<\/p>\n\t\t\t\t\t\t\t\t<a href=\"https:\/\/fifas.huma-num.fr\/\" target=\"_blank\" itemprop=\"url\" rel=\"noopener\">\n\t\t\t\t\t\t\t\t\t<img loading=\"lazy\" decoding=\"async\" src=\"https:\/\/mesopolhis.fr\/wp-content\/uploads\/2024\/05\/Ecran-de-demarrage-du-webdoc-web-scaled.jpg\" alt=\"Webdoc-web start-up screen\" itemprop=\"image\" height=\"1547\" width=\"2560\" srcset=\"https:\/\/mesopolhis.fr\/wp-content\/uploads\/2024\/05\/Ecran-de-demarrage-du-webdoc-web-scaled.jpg 2560w, https:\/\/mesopolhis.fr\/wp-content\/uploads\/2024\/05\/Ecran-de-demarrage-du-webdoc-web-300x181.jpg 300w, https:\/\/mesopolhis.fr\/wp-content\/uploads\/2024\/05\/Ecran-de-demarrage-du-webdoc-web-1024x619.jpg 1024w, https:\/\/mesopolhis.fr\/wp-content\/uploads\/2024\/05\/Ecran-de-demarrage-du-webdoc-web-768x464.jpg 768w, https:\/\/mesopolhis.fr\/wp-content\/uploads\/2024\/05\/Ecran-de-demarrage-du-webdoc-web-1536x928.jpg 1536w, https:\/\/mesopolhis.fr\/wp-content\/uploads\/2024\/05\/Ecran-de-demarrage-du-webdoc-web-2048x1238.jpg 2048w, https:\/\/mesopolhis.fr\/wp-content\/uploads\/2024\/05\/Ecran-de-demarrage-du-webdoc-web-1320x798.jpg 1320w\" sizes=\"auto, (max-width: 2560px) 100vw, 2560px\" title=\"Webdoc-web start-up screen\" onerror=\"this.style.display='none'\"  \/>\n\t\t\t\t\t\t\t\t\t\t\t\t\t<\/a>\n\t\t\t\tFind out more about public screenings of the film and the interactive documentary\n\t\t\t\t<p>The interactive documentary and the film, which is one of the complements to the interactive documentary, were the subject of several screenings and debates:<\/p>\n<p>- Journ\u00e9es du risque 2016 \u00abNucl\u00e9aire, hommes et soci\u00e9t\u00e9\u00bb, University of Nantes, 16 November 2016 - Ecole des Beaux-Arts, Marseille, 5 May 2017<\/p>\n<p>- at the Pratiques, travail, organisation seminar at EHESS, Paris, 16 June 2017<\/p>\n<p>- at the international conference \u00abEthnographies and Commitments\u00bb, University of Rouen, 8 November 2017<\/p>\n<p>- Centre Max Weber, Lyon, 6 December 2017 - Pacte laboratory, Grenoble, 7 February 2018<\/p>\n<p>- at the Aix-Marseille University Goose Game Festival, University of Marseille, 5 June 2019<\/p>\n<p>- at the summer school of the AISLF network of doctoral schools, Neuch\u00e2tel, 25 June 2019<\/p>\n<p>- at the Centre de sociologie des organisations, Paris, 5 July 2019<\/p>\n<p>- at the salon des \u00e9critures alternatives en sciences sociales, Marseille, 10 January 2020<\/p>\n<p>- the PRISM laboratory, Marseille, 25 January 2020 - the Aix-Marseille University Cultural and Creative Industries Day, Marseille, 13 September 2021<\/p>\n<p>- at the conference \u00abDe l'image \u00e0 la parole, de la parole \u00e0 l'image. Elicitation interview and self-confrontation in the social sciences: tools, films, witnesses\u00bb, University of Evry, 13 December 2021.<\/p>\n<p>- at the seminar Crises, mutations and anticipations: thinking about futures in SHS, Aix-en-Provence, 14 June 2022<\/p>\n<h2>\n\t\tFilm: Inconnu(e)s dans la 6e - Brignoles, electoral chronicles\n\t<\/h2>\n\t<h4>Pixel Plume Production, 2018, 1h26, directed by Philippe Aldrin and Marie-Ange Gr\u00e9gory<\/h4>\n<h4>Alcov contract with the French National Research Agency<\/h4>\n\t<p>With a film crew, two political scientists spent a year immersed in the political life of Brignoles, a small town in the Var department of France that its inhabitants consider to be in decline, with its outlying shopping areas, new suburban neighbourhoods and deserted historic centre. Ignored, yet famous for the success of Front National candidates in local elections in recent years, Brignoles also suffers from a sense of stigmatisation by the national media.<\/p>\n<p>The film follows the 2017 electoral sequence from day to day, working closely with those involved in local politics. Begun at the end of 2016 and completed in August 2017, the filming gives an account of the passage through an electoral cycle under high political tension, with the constituency of Brignoles - the 6<sup>e<\/sup> du Var - being promised to the FN by all the pollsters and commentators.<\/p>\n<p>\u00a0<\/p>\n<p>The filmmakers\u00ab approach is to take seriously the specific logic of the area, with its urban, demographic and economic changes. Attentive to the particular context of the town and its players, the film seeks to bring to light local strategies in the face of the reshaping of the national political offer (\u00bbFillon affair\u00ab, \u00bbMacron phenomenon\u00ab, local retraction of the parties, local forms of the \u00bbEn Marche\" movement, electoral demobilisation in small medium-sized towns, decline of the Socialist Party, etc.) or ways of campaigning.<\/p>\n<p>In doing so, the film shows an electoral moment in a medium-sized town, the uncertainty of the campaign teams, the strong retraction of the parties in these territories, the localised forms of the \u00abEn Marche\u00bb movement, electoral demobilisation... It also reports on an experiment in filmed ethnography of politics.<\/p>\n\t\t\t<a href=\"https:\/\/spx.hypotheses.org\/3131\" target=\"_blank\" rel=\"noopener\">\n\t\t\t\t\t\tR\u00e9mi Carc\u00e9l\u00e8s (2020, 15 September). Brignoles, a \u00abMiddletown\u00bb in Provence. Un \u0152il sur la Cit\u00e9. Accessed on 29 May 2024 at https:\/\/doi.org\/10.58079\/ujm2\n\t\t\t\t\t<\/a>\n\t\t\t\t<img loading=\"lazy\" decoding=\"async\" src=\"https:\/\/mesopolhis.fr\/wp-content\/uploads\/2022\/07\/Affiche-Docu-Inconnues-2018-354x500-1.jpeg\" alt=\"Affiche-Docu-Inconnues-2018-354x500\" itemprop=\"image\" height=\"500\" width=\"354\" title=\"Affiche-Docu-Inconnues-2018-354x500\" onerror=\"this.style.display='none'\"  \/>\n\t\t\t\tFind out more about the documentary screenings and debates\n\t\t\t\t<p>The documentary was screened for the first time at the plenary meeting of the ALCOV research team, at Sciences Po Aix, on Monday, 2 July 2018.<\/p>\n<p>Philippe Aldrin has presented it at several screenings and debates at the invitation of research teams, including :<\/p>\n<p>- at the MMSH in Aix-en-Provence - LAMES Laboratory, 12 December 2019<\/p>\n<p>- at Lyon 2 University - TRIANGLE Laboratory, 27 November 2019<\/p>\n<p>- at the University of Montpellier 1 - CEPEL Laboratory, 1 March 2019<\/p>\n<p>- at Sciences Po Lille - CERAPS laboratory, on 27 March 2019<\/p>\n<p>- Universit\u00e9 Paris 1 Panth\u00e9on-Sorbonne - CESSP Laboratory, 18 April 2019<\/p>\n<p>Philippe Aldrin was also invited to present his experience of filmed political ethnography at the screening of the documentary as part of introductory educational research projects, including :<\/p>\n<p>- at Universit\u00e9 Paris 2 - Institut Fran\u00e7ais de la Presse, 26 February 2019<\/p>\n<p>- at Sciences Po Strasbourg \/ Les Beaux jours Documentary Week - Maison de l'image, 15 November 2019<\/p>\n<p>- Sciences Po Lyon, Saint-\u00c9tienne campus, start of the new academic year for the COPTER master's degree (Project management and sustainable development of territories), 3 September 2019<\/p>\n<p>The documentary has been used as a teaching tool in a number of undergraduate and postgraduate courses.<\/p>\n\t\t\t<a href=\"https:\/\/mesopolhis.fr\/en\/research-areas\/images-and-social-sciences\/\" target=\"_self\" rel=\"noopener\">\n\t\t\t\t\t\tBack to Images and social sciences\n\t\t\t\t\t<\/a>","protected":false},"excerpt":{"rendered":"<p>Home \u00bb Research \u00bb Cross-disciplinary area - Images and social sciences \u00bb Audiovisual productions Our audiovisual productions Back to top Cross-disciplinary area Images and social sciences Our audiovisual productions Film: Sur les traces des atomistes. Un pas de c\u00f4t\u00e9 pour un sociologue de terrain P&amp;P Production, 2016, 85 mn, directed by Pascal Cesaro and Pierre Fournier...<\/p>","protected":false},"author":180,"featured_media":0,"parent":494,"menu_order":0,"comment_status":"closed","ping_status":"closed","template":"","meta":{"_acf_changed":false,"inline_featured_image":false,"footnotes":""},"class_list":["post-34739","page","type-page","status-publish","hentry"],"acf":[],"yoast_head":"<!-- This site is optimized with the Yoast SEO plugin v27.4 - https:\/\/yoast.com\/product\/yoast-seo-wordpress\/ -->\n<title>R\u00e9alisations audiovisuelles - Mesopolhis<\/title>\n<meta name=\"robots\" content=\"index, follow, max-snippet:-1, max-image-preview:large, max-video-preview:-1\" \/>\n<link rel=\"canonical\" href=\"https:\/\/mesopolhis.fr\/en\/research\/images-and-social-sciences\/audiovisual-productions\/\" \/>\n<meta property=\"og:locale\" content=\"en_GB\" \/>\n<meta property=\"og:type\" content=\"article\" \/>\n<meta property=\"og:title\" content=\"R\u00e9alisations audiovisuelles - Mesopolhis\" \/>\n<meta property=\"og:description\" content=\"Accueil &raquo; Recherche &raquo; Axe transversal\u00a0&#8211; Images et sciences sociales &raquo; R\u00e9alisations audiovisuelles Nos r\u00e9alisations audiovisuelles Retour axe transversal Images et sciences sociales Nos r\u00e9alisations audiovisuelles Film : Sur les traces des atomistes. Un pas de c\u00f4t\u00e9 pour un sociologue de terrain P&amp;P Production, 2016, 85 mn, film r\u00e9alis\u00e9 par Pascal Cesaro et Pierre Fournier&hellip;\" \/>\n<meta property=\"og:url\" content=\"https:\/\/mesopolhis.fr\/en\/research\/images-and-social-sciences\/audiovisual-productions\/\" \/>\n<meta property=\"og:site_name\" content=\"Mesopolhis\" \/>\n<meta property=\"article:modified_time\" content=\"2025-03-11T15:26:47+00:00\" \/>\n<meta property=\"og:image\" content=\"https:\/\/mesopolhis.fr\/wp-content\/uploads\/2022\/07\/PC-au-montage.jpeg\" \/>\n<meta name=\"twitter:card\" content=\"summary_large_image\" \/>\n<meta name=\"twitter:label1\" content=\"Estimated reading time\" \/>\n\t<meta name=\"twitter:data1\" content=\"7 minutes\" \/>\n<script type=\"application\/ld+json\" class=\"yoast-schema-graph\">{\"@context\":\"https:\\\/\\\/schema.org\",\"@graph\":[{\"@type\":\"WebPage\",\"@id\":\"https:\\\/\\\/mesopolhis.fr\\\/recherche\\\/axe-transversal-images-et-sciences-sociales\\\/realisations-audiovisuelles\\\/\",\"url\":\"https:\\\/\\\/mesopolhis.fr\\\/recherche\\\/axe-transversal-images-et-sciences-sociales\\\/realisations-audiovisuelles\\\/\",\"name\":\"R\u00e9alisations audiovisuelles - Mesopolhis\",\"isPartOf\":{\"@id\":\"https:\\\/\\\/mesopolhis.fr\\\/#website\"},\"primaryImageOfPage\":{\"@id\":\"https:\\\/\\\/mesopolhis.fr\\\/recherche\\\/axe-transversal-images-et-sciences-sociales\\\/realisations-audiovisuelles\\\/#primaryimage\"},\"image\":{\"@id\":\"https:\\\/\\\/mesopolhis.fr\\\/recherche\\\/axe-transversal-images-et-sciences-sociales\\\/realisations-audiovisuelles\\\/#primaryimage\"},\"thumbnailUrl\":\"https:\\\/\\\/mesopolhis.fr\\\/wp-content\\\/uploads\\\/2022\\\/07\\\/PC-au-montage.jpeg\",\"datePublished\":\"2024-05-29T11:35:11+00:00\",\"dateModified\":\"2025-03-11T15:26:47+00:00\",\"breadcrumb\":{\"@id\":\"https:\\\/\\\/mesopolhis.fr\\\/recherche\\\/axe-transversal-images-et-sciences-sociales\\\/realisations-audiovisuelles\\\/#breadcrumb\"},\"inLanguage\":\"en-GB\",\"potentialAction\":[{\"@type\":\"ReadAction\",\"target\":[\"https:\\\/\\\/mesopolhis.fr\\\/recherche\\\/axe-transversal-images-et-sciences-sociales\\\/realisations-audiovisuelles\\\/\"]}]},{\"@type\":\"ImageObject\",\"inLanguage\":\"en-GB\",\"@id\":\"https:\\\/\\\/mesopolhis.fr\\\/recherche\\\/axe-transversal-images-et-sciences-sociales\\\/realisations-audiovisuelles\\\/#primaryimage\",\"url\":\"https:\\\/\\\/mesopolhis.fr\\\/wp-content\\\/uploads\\\/2022\\\/07\\\/PC-au-montage.jpeg\",\"contentUrl\":\"https:\\\/\\\/mesopolhis.fr\\\/wp-content\\\/uploads\\\/2022\\\/07\\\/PC-au-montage.jpeg\"},{\"@type\":\"BreadcrumbList\",\"@id\":\"https:\\\/\\\/mesopolhis.fr\\\/recherche\\\/axe-transversal-images-et-sciences-sociales\\\/realisations-audiovisuelles\\\/#breadcrumb\",\"itemListElement\":[{\"@type\":\"ListItem\",\"position\":1,\"name\":\"Accueil\",\"item\":\"https:\\\/\\\/mesopolhis.fr\\\/\"},{\"@type\":\"ListItem\",\"position\":2,\"name\":\"Recherche\",\"item\":\"https:\\\/\\\/mesopolhis.fr\\\/recherche\\\/\"},{\"@type\":\"ListItem\",\"position\":3,\"name\":\"Axe transversal\u00a0&#8211; Images et sciences sociales\",\"item\":\"https:\\\/\\\/mesopolhis.fr\\\/recherche\\\/axe-transversal-images-et-sciences-sociales\\\/\"},{\"@type\":\"ListItem\",\"position\":4,\"name\":\"R\u00e9alisations audiovisuelles\"}]},{\"@type\":\"WebSite\",\"@id\":\"https:\\\/\\\/mesopolhis.fr\\\/#website\",\"url\":\"https:\\\/\\\/mesopolhis.fr\\\/\",\"name\":\"Mesopolhis\",\"description\":\"Centre m\u00e9diterran\u00e9en de sociologie, de science politique et d&#039;histoire\",\"publisher\":{\"@id\":\"https:\\\/\\\/mesopolhis.fr\\\/#organization\"},\"potentialAction\":[{\"@type\":\"SearchAction\",\"target\":{\"@type\":\"EntryPoint\",\"urlTemplate\":\"https:\\\/\\\/mesopolhis.fr\\\/?s={search_term_string}\"},\"query-input\":{\"@type\":\"PropertyValueSpecification\",\"valueRequired\":true,\"valueName\":\"search_term_string\"}}],\"inLanguage\":\"en-GB\"},{\"@type\":\"Organization\",\"@id\":\"https:\\\/\\\/mesopolhis.fr\\\/#organization\",\"name\":\"Mesopolhis\",\"url\":\"https:\\\/\\\/mesopolhis.fr\\\/\",\"logo\":{\"@type\":\"ImageObject\",\"inLanguage\":\"en-GB\",\"@id\":\"https:\\\/\\\/mesopolhis.fr\\\/#\\\/schema\\\/logo\\\/image\\\/\",\"url\":\"https:\\\/\\\/mesopolhis.fr\\\/wp-content\\\/uploads\\\/2021\\\/12\\\/Logo_MESOPOLHIS_Quadri.png\",\"contentUrl\":\"https:\\\/\\\/mesopolhis.fr\\\/wp-content\\\/uploads\\\/2021\\\/12\\\/Logo_MESOPOLHIS_Quadri.png\",\"width\":264,\"height\":69,\"caption\":\"Mesopolhis\"},\"image\":{\"@id\":\"https:\\\/\\\/mesopolhis.fr\\\/#\\\/schema\\\/logo\\\/image\\\/\"}}]}<\/script>\n<!-- \/ Yoast SEO plugin. -->","yoast_head_json":{"title":"Audiovisual productions - Mesopolhis","robots":{"index":"index","follow":"follow","max-snippet":"max-snippet:-1","max-image-preview":"max-image-preview:large","max-video-preview":"max-video-preview:-1"},"canonical":"https:\/\/mesopolhis.fr\/en\/research\/images-and-social-sciences\/audiovisual-productions\/","og_locale":"en_GB","og_type":"article","og_title":"R\u00e9alisations audiovisuelles - Mesopolhis","og_description":"Accueil &raquo; Recherche &raquo; Axe transversal\u00a0&#8211; Images et sciences sociales &raquo; R\u00e9alisations audiovisuelles Nos r\u00e9alisations audiovisuelles Retour axe transversal Images et sciences sociales Nos r\u00e9alisations audiovisuelles Film : Sur les traces des atomistes. Un pas de c\u00f4t\u00e9 pour un sociologue de terrain P&amp;P Production, 2016, 85 mn, film r\u00e9alis\u00e9 par Pascal Cesaro et Pierre Fournier&hellip;","og_url":"https:\/\/mesopolhis.fr\/en\/research\/images-and-social-sciences\/audiovisual-productions\/","og_site_name":"Mesopolhis","article_modified_time":"2025-03-11T15:26:47+00:00","og_image":[{"url":"https:\/\/mesopolhis.fr\/wp-content\/uploads\/2022\/07\/PC-au-montage.jpeg","type":"","width":"","height":""}],"twitter_card":"summary_large_image","twitter_misc":{"Estimated reading time":"7 minutes"},"schema":{"@context":"https:\/\/schema.org","@graph":[{"@type":"WebPage","@id":"https:\/\/mesopolhis.fr\/recherche\/axe-transversal-images-et-sciences-sociales\/realisations-audiovisuelles\/","url":"https:\/\/mesopolhis.fr\/recherche\/axe-transversal-images-et-sciences-sociales\/realisations-audiovisuelles\/","name":"Audiovisual productions - Mesopolhis","isPartOf":{"@id":"https:\/\/mesopolhis.fr\/#website"},"primaryImageOfPage":{"@id":"https:\/\/mesopolhis.fr\/recherche\/axe-transversal-images-et-sciences-sociales\/realisations-audiovisuelles\/#primaryimage"},"image":{"@id":"https:\/\/mesopolhis.fr\/recherche\/axe-transversal-images-et-sciences-sociales\/realisations-audiovisuelles\/#primaryimage"},"thumbnailUrl":"https:\/\/mesopolhis.fr\/wp-content\/uploads\/2022\/07\/PC-au-montage.jpeg","datePublished":"2024-05-29T11:35:11+00:00","dateModified":"2025-03-11T15:26:47+00:00","breadcrumb":{"@id":"https:\/\/mesopolhis.fr\/recherche\/axe-transversal-images-et-sciences-sociales\/realisations-audiovisuelles\/#breadcrumb"},"inLanguage":"en-GB","potentialAction":[{"@type":"ReadAction","target":["https:\/\/mesopolhis.fr\/recherche\/axe-transversal-images-et-sciences-sociales\/realisations-audiovisuelles\/"]}]},{"@type":"ImageObject","inLanguage":"en-GB","@id":"https:\/\/mesopolhis.fr\/recherche\/axe-transversal-images-et-sciences-sociales\/realisations-audiovisuelles\/#primaryimage","url":"https:\/\/mesopolhis.fr\/wp-content\/uploads\/2022\/07\/PC-au-montage.jpeg","contentUrl":"https:\/\/mesopolhis.fr\/wp-content\/uploads\/2022\/07\/PC-au-montage.jpeg"},{"@type":"BreadcrumbList","@id":"https:\/\/mesopolhis.fr\/recherche\/axe-transversal-images-et-sciences-sociales\/realisations-audiovisuelles\/#breadcrumb","itemListElement":[{"@type":"ListItem","position":1,"name":"Accueil","item":"https:\/\/mesopolhis.fr\/"},{"@type":"ListItem","position":2,"name":"Recherche","item":"https:\/\/mesopolhis.fr\/recherche\/"},{"@type":"ListItem","position":3,"name":"Axe transversal\u00a0&#8211; Images et sciences sociales","item":"https:\/\/mesopolhis.fr\/recherche\/axe-transversal-images-et-sciences-sociales\/"},{"@type":"ListItem","position":4,"name":"R\u00e9alisations audiovisuelles"}]},{"@type":"WebSite","@id":"https:\/\/mesopolhis.fr\/#website","url":"https:\/\/mesopolhis.fr\/","name":"Mesopolhis","description":"Mediterranean Centre for Sociology, Political Science and History","publisher":{"@id":"https:\/\/mesopolhis.fr\/#organization"},"potentialAction":[{"@type":"SearchAction","target":{"@type":"EntryPoint","urlTemplate":"https:\/\/mesopolhis.fr\/?s={search_term_string}"},"query-input":{"@type":"PropertyValueSpecification","valueRequired":true,"valueName":"search_term_string"}}],"inLanguage":"en-GB"},{"@type":"Organization","@id":"https:\/\/mesopolhis.fr\/#organization","name":"Mesopolhis","url":"https:\/\/mesopolhis.fr\/","logo":{"@type":"ImageObject","inLanguage":"en-GB","@id":"https:\/\/mesopolhis.fr\/#\/schema\/logo\/image\/","url":"https:\/\/mesopolhis.fr\/wp-content\/uploads\/2021\/12\/Logo_MESOPOLHIS_Quadri.png","contentUrl":"https:\/\/mesopolhis.fr\/wp-content\/uploads\/2021\/12\/Logo_MESOPOLHIS_Quadri.png","width":264,"height":69,"caption":"Mesopolhis"},"image":{"@id":"https:\/\/mesopolhis.fr\/#\/schema\/logo\/image\/"}}]}},"_links":{"self":[{"href":"https:\/\/mesopolhis.fr\/en\/wp-json\/wp\/v2\/pages\/34739","targetHints":{"allow":["GET"]}}],"collection":[{"href":"https:\/\/mesopolhis.fr\/en\/wp-json\/wp\/v2\/pages"}],"about":[{"href":"https:\/\/mesopolhis.fr\/en\/wp-json\/wp\/v2\/types\/page"}],"author":[{"embeddable":true,"href":"https:\/\/mesopolhis.fr\/en\/wp-json\/wp\/v2\/users\/180"}],"replies":[{"embeddable":true,"href":"https:\/\/mesopolhis.fr\/en\/wp-json\/wp\/v2\/comments?post=34739"}],"version-history":[{"count":0,"href":"https:\/\/mesopolhis.fr\/en\/wp-json\/wp\/v2\/pages\/34739\/revisions"}],"up":[{"embeddable":true,"href":"https:\/\/mesopolhis.fr\/en\/wp-json\/wp\/v2\/pages\/494"}],"wp:attachment":[{"href":"https:\/\/mesopolhis.fr\/en\/wp-json\/wp\/v2\/media?parent=34739"}],"curies":[{"name":"wp","href":"https:\/\/api.w.org\/{rel}","templated":true}]}}