{"id":34344,"date":"2024-03-12T16:30:45","date_gmt":"2024-03-12T15:30:45","guid":{"rendered":"https:\/\/mesopolhis.fr\/?page_id=34344"},"modified":"2025-03-11T16:25:26","modified_gmt":"2025-03-11T15:25:26","slug":"contract-archives","status":"publish","type":"page","link":"https:\/\/mesopolhis.fr\/en\/research\/contract-archives\/","title":{"rendered":"Contract archives"},"content":{"rendered":"<nav id=\"breadcrumbs\" aria-label=\"Breadcrumbs\"><a href=\"https:\/\/mesopolhis.fr\/en\/\">Home<\/a> \" <a href=\"https:\/\/mesopolhis.fr\/en\/research-areas\/\">Search<\/a> &raquo; Archives contrats<\/nav><h1>\n\t\tCONTRACT ARCHIVES\n\t<\/h1>\n\t<h3><strong>METROPOLITIN. Investing in the future \u00a0<\/strong><\/h3>\n<h3><strong>METROLOGY POLICY OF INDUSTRIAL WASTE IN EUROPE: producing and using INFORMATION ON WASTE<\/strong><\/h3>\n\t<blockquote><p><a href=\"\/en\/metropolitan-investments-for-the-future\/\">See the full description of the programme and its achievements<\/a><\/p><\/blockquote>\n<h3>\n\t\tManager\n\t<\/h3>\n\t<ul>\n\t\t\t<li>\n\t\t\t\tPierre Fournier\n\t\t\t<\/li>\n\t\t<\/ul>\n\t<h3><strong>FIFAS . A*MIDEX Incubator<\/strong><\/h3>\n<h3><strong>From fiction to science<\/strong><\/h3>\n\t<blockquote><p><a href=\"\/en\/fifas-amidex-pepiniere\/\">See the full description of the programme and its achievements<\/a><\/p><\/blockquote>\n<h3>\n\t\tManagers\n\t<\/h3>\n\t<ul>\n\t\t\t<li>\n\t\t\t\tPierre Fournier\n\t\t\t<\/li>\n\t\t\t<li>\n\t\t\t\tPascal Cesaro\n\t\t\t<\/li>\n\t\t<\/ul>\n\t<h3><strong>CARGO - A*Midex<br \/>\n<\/strong><\/h3>\n<h3><a href=\"\/en\/research-areas\/contract-archives\/cargo-amidex\/\"><strong>Silent figures and sounds of the Mediterranean crossing<\/strong><\/a><\/h3>\n\t<blockquote><p><a href=\"\/en\/research-areas\/contract-archives\/cargo-amidex\/\">See the full description of the programme and its achievements<\/a><\/p><\/blockquote>\n<h3>\n\t\tManagers\n\t<\/h3>\n\t<ul>\n\t\t\t<li>\n\t\t\t\tConstance De Gourcy (MESOPOLHIS)\n\t\t\t<\/li>\n\t\t\t<li>\n\t\t\t\tSa\u00efd Belguidoum (IREMAM)\n\t\t\t<\/li>\n\t\t<\/ul>\n\t<h3><strong>Title<\/strong><\/h3>\n<h3>\n\t\tManager\n\t<\/h3>\n\t<ul>\n\t\t\t\n\t\t<\/ul>\n\n\t<ul>\n\t\t\t\n\t\t<\/ul>\n<h3>\n\t\tManagers\n\t<\/h3>\n\t<ul>\n\t\t\t\n\t\t\t\n\t\t<\/ul>","protected":false},"excerpt":{"rendered":"<p>Accueil &raquo; Recherche &raquo; Archives contrats ARCHIVES CONTRATS METROPOLITIN. Investissements d&rsquo;avenir \u00a0 METROlogie POLITique des d\u00e9chets industriels en Europe\u00a0: produire et utiliser de l&rsquo;INformation sur les d\u00e9chets Voir la description compl\u00e8te du programme et ses r\u00e9alisations Responsable Pierre Fournier FIFAS . A*MIDEX P\u00e9pini\u00e8re De la fiction faire science Voir la description compl\u00e8te du programme et&hellip;<\/p>","protected":false},"author":180,"featured_media":0,"parent":137,"menu_order":0,"comment_status":"closed","ping_status":"closed","template":"","meta":{"_acf_changed":false,"inline_featured_image":false,"footnotes":""},"class_list":["post-34344","page","type-page","status-publish","hentry"],"acf":[],"yoast_head":"<!-- This site is optimized with the Yoast SEO plugin v27.4 - https:\/\/yoast.com\/product\/yoast-seo-wordpress\/ -->\n<title>Archives contrats - Mesopolhis<\/title>\n<meta name=\"robots\" content=\"index, follow, max-snippet:-1, max-image-preview:large, max-video-preview:-1\" \/>\n<link rel=\"canonical\" href=\"https:\/\/mesopolhis.fr\/en\/research\/contract-archives\/\" \/>\n<meta property=\"og:locale\" content=\"en_GB\" \/>\n<meta property=\"og:type\" content=\"article\" \/>\n<meta property=\"og:title\" content=\"Archives contrats - Mesopolhis\" \/>\n<meta property=\"og:description\" content=\"Accueil &raquo; Recherche &raquo; Archives contrats ARCHIVES CONTRATS METROPOLITIN. Investissements d&rsquo;avenir \u00a0 METROlogie POLITique des d\u00e9chets industriels en Europe\u00a0: produire et utiliser de l&rsquo;INformation sur les d\u00e9chets Voir la description compl\u00e8te du programme et ses r\u00e9alisations Responsable Pierre Fournier FIFAS . A*MIDEX P\u00e9pini\u00e8re De la fiction faire science Voir la description compl\u00e8te du programme et&hellip;\" \/>\n<meta property=\"og:url\" content=\"https:\/\/mesopolhis.fr\/en\/research\/contract-archives\/\" \/>\n<meta property=\"og:site_name\" content=\"Mesopolhis\" \/>\n<meta property=\"article:modified_time\" content=\"2025-03-11T15:25:26+00:00\" \/>\n<meta name=\"twitter:card\" content=\"summary_large_image\" \/>\n<meta name=\"twitter:label1\" content=\"Estimated reading time\" \/>\n\t<meta name=\"twitter:data1\" content=\"1 minute\" \/>\n<script type=\"application\/ld+json\" class=\"yoast-schema-graph\">{\"@context\":\"https:\\\/\\\/schema.org\",\"@graph\":[{\"@type\":\"WebPage\",\"@id\":\"https:\\\/\\\/mesopolhis.fr\\\/recherche\\\/archives-contrats\\\/\",\"url\":\"https:\\\/\\\/mesopolhis.fr\\\/recherche\\\/archives-contrats\\\/\",\"name\":\"Archives contrats - Mesopolhis\",\"isPartOf\":{\"@id\":\"https:\\\/\\\/mesopolhis.fr\\\/#website\"},\"datePublished\":\"2024-03-12T15:30:45+00:00\",\"dateModified\":\"2025-03-11T15:25:26+00:00\",\"breadcrumb\":{\"@id\":\"https:\\\/\\\/mesopolhis.fr\\\/recherche\\\/archives-contrats\\\/#breadcrumb\"},\"inLanguage\":\"en-GB\",\"potentialAction\":[{\"@type\":\"ReadAction\",\"target\":[\"https:\\\/\\\/mesopolhis.fr\\\/recherche\\\/archives-contrats\\\/\"]}]},{\"@type\":\"BreadcrumbList\",\"@id\":\"https:\\\/\\\/mesopolhis.fr\\\/recherche\\\/archives-contrats\\\/#breadcrumb\",\"itemListElement\":[{\"@type\":\"ListItem\",\"position\":1,\"name\":\"Accueil\",\"item\":\"https:\\\/\\\/mesopolhis.fr\\\/\"},{\"@type\":\"ListItem\",\"position\":2,\"name\":\"Recherche\",\"item\":\"https:\\\/\\\/mesopolhis.fr\\\/recherche\\\/\"},{\"@type\":\"ListItem\",\"position\":3,\"name\":\"Archives contrats\"}]},{\"@type\":\"WebSite\",\"@id\":\"https:\\\/\\\/mesopolhis.fr\\\/#website\",\"url\":\"https:\\\/\\\/mesopolhis.fr\\\/\",\"name\":\"Mesopolhis\",\"description\":\"Centre m\u00e9diterran\u00e9en de sociologie, de science politique et d&#039;histoire\",\"publisher\":{\"@id\":\"https:\\\/\\\/mesopolhis.fr\\\/#organization\"},\"potentialAction\":[{\"@type\":\"SearchAction\",\"target\":{\"@type\":\"EntryPoint\",\"urlTemplate\":\"https:\\\/\\\/mesopolhis.fr\\\/?s={search_term_string}\"},\"query-input\":{\"@type\":\"PropertyValueSpecification\",\"valueRequired\":true,\"valueName\":\"search_term_string\"}}],\"inLanguage\":\"en-GB\"},{\"@type\":\"Organization\",\"@id\":\"https:\\\/\\\/mesopolhis.fr\\\/#organization\",\"name\":\"Mesopolhis\",\"url\":\"https:\\\/\\\/mesopolhis.fr\\\/\",\"logo\":{\"@type\":\"ImageObject\",\"inLanguage\":\"en-GB\",\"@id\":\"https:\\\/\\\/mesopolhis.fr\\\/#\\\/schema\\\/logo\\\/image\\\/\",\"url\":\"https:\\\/\\\/mesopolhis.fr\\\/wp-content\\\/uploads\\\/2021\\\/12\\\/Logo_MESOPOLHIS_Quadri.png\",\"contentUrl\":\"https:\\\/\\\/mesopolhis.fr\\\/wp-content\\\/uploads\\\/2021\\\/12\\\/Logo_MESOPOLHIS_Quadri.png\",\"width\":264,\"height\":69,\"caption\":\"Mesopolhis\"},\"image\":{\"@id\":\"https:\\\/\\\/mesopolhis.fr\\\/#\\\/schema\\\/logo\\\/image\\\/\"}}]}<\/script>\n<!-- \/ Yoast SEO plugin. -->","yoast_head_json":{"title":"Contract archives - Mesopolhis","robots":{"index":"index","follow":"follow","max-snippet":"max-snippet:-1","max-image-preview":"max-image-preview:large","max-video-preview":"max-video-preview:-1"},"canonical":"https:\/\/mesopolhis.fr\/en\/research\/contract-archives\/","og_locale":"en_GB","og_type":"article","og_title":"Archives contrats - Mesopolhis","og_description":"Accueil &raquo; Recherche &raquo; Archives contrats ARCHIVES CONTRATS METROPOLITIN. Investissements d&rsquo;avenir \u00a0 METROlogie POLITique des d\u00e9chets industriels en Europe\u00a0: produire et utiliser de l&rsquo;INformation sur les d\u00e9chets Voir la description compl\u00e8te du programme et ses r\u00e9alisations Responsable Pierre Fournier FIFAS . A*MIDEX P\u00e9pini\u00e8re De la fiction faire science Voir la description compl\u00e8te du programme et&hellip;","og_url":"https:\/\/mesopolhis.fr\/en\/research\/contract-archives\/","og_site_name":"Mesopolhis","article_modified_time":"2025-03-11T15:25:26+00:00","twitter_card":"summary_large_image","twitter_misc":{"Estimated reading time":"1 minute"},"schema":{"@context":"https:\/\/schema.org","@graph":[{"@type":"WebPage","@id":"https:\/\/mesopolhis.fr\/recherche\/archives-contrats\/","url":"https:\/\/mesopolhis.fr\/recherche\/archives-contrats\/","name":"Contract archives - Mesopolhis","isPartOf":{"@id":"https:\/\/mesopolhis.fr\/#website"},"datePublished":"2024-03-12T15:30:45+00:00","dateModified":"2025-03-11T15:25:26+00:00","breadcrumb":{"@id":"https:\/\/mesopolhis.fr\/recherche\/archives-contrats\/#breadcrumb"},"inLanguage":"en-GB","potentialAction":[{"@type":"ReadAction","target":["https:\/\/mesopolhis.fr\/recherche\/archives-contrats\/"]}]},{"@type":"BreadcrumbList","@id":"https:\/\/mesopolhis.fr\/recherche\/archives-contrats\/#breadcrumb","itemListElement":[{"@type":"ListItem","position":1,"name":"Accueil","item":"https:\/\/mesopolhis.fr\/"},{"@type":"ListItem","position":2,"name":"Recherche","item":"https:\/\/mesopolhis.fr\/recherche\/"},{"@type":"ListItem","position":3,"name":"Archives contrats"}]},{"@type":"WebSite","@id":"https:\/\/mesopolhis.fr\/#website","url":"https:\/\/mesopolhis.fr\/","name":"Mesopolhis","description":"Mediterranean Centre for Sociology, Political Science and History","publisher":{"@id":"https:\/\/mesopolhis.fr\/#organization"},"potentialAction":[{"@type":"SearchAction","target":{"@type":"EntryPoint","urlTemplate":"https:\/\/mesopolhis.fr\/?s={search_term_string}"},"query-input":{"@type":"PropertyValueSpecification","valueRequired":true,"valueName":"search_term_string"}}],"inLanguage":"en-GB"},{"@type":"Organization","@id":"https:\/\/mesopolhis.fr\/#organization","name":"Mesopolhis","url":"https:\/\/mesopolhis.fr\/","logo":{"@type":"ImageObject","inLanguage":"en-GB","@id":"https:\/\/mesopolhis.fr\/#\/schema\/logo\/image\/","url":"https:\/\/mesopolhis.fr\/wp-content\/uploads\/2021\/12\/Logo_MESOPOLHIS_Quadri.png","contentUrl":"https:\/\/mesopolhis.fr\/wp-content\/uploads\/2021\/12\/Logo_MESOPOLHIS_Quadri.png","width":264,"height":69,"caption":"Mesopolhis"},"image":{"@id":"https:\/\/mesopolhis.fr\/#\/schema\/logo\/image\/"}}]}},"_links":{"self":[{"href":"https:\/\/mesopolhis.fr\/en\/wp-json\/wp\/v2\/pages\/34344","targetHints":{"allow":["GET"]}}],"collection":[{"href":"https:\/\/mesopolhis.fr\/en\/wp-json\/wp\/v2\/pages"}],"about":[{"href":"https:\/\/mesopolhis.fr\/en\/wp-json\/wp\/v2\/types\/page"}],"author":[{"embeddable":true,"href":"https:\/\/mesopolhis.fr\/en\/wp-json\/wp\/v2\/users\/180"}],"replies":[{"embeddable":true,"href":"https:\/\/mesopolhis.fr\/en\/wp-json\/wp\/v2\/comments?post=34344"}],"version-history":[{"count":0,"href":"https:\/\/mesopolhis.fr\/en\/wp-json\/wp\/v2\/pages\/34344\/revisions"}],"up":[{"embeddable":true,"href":"https:\/\/mesopolhis.fr\/en\/wp-json\/wp\/v2\/pages\/137"}],"wp:attachment":[{"href":"https:\/\/mesopolhis.fr\/en\/wp-json\/wp\/v2\/media?parent=34344"}],"curies":[{"name":"wp","href":"https:\/\/api.w.org\/{rel}","templated":true}]}}