{"id":34084,"date":"2024-02-01T17:57:23","date_gmt":"2024-02-01T16:57:23","guid":{"rendered":"https:\/\/mesopolhis.fr\/?page_id=34084"},"modified":"2025-11-12T11:11:14","modified_gmt":"2025-11-12T10:11:14","slug":"mesopolhis-practical-guide","status":"publish","type":"page","link":"https:\/\/mesopolhis.fr\/en\/the-laboratory\/mesopolhis-practical-guide\/","title":{"rendered":"Practical guide to MESOPOLHIS"},"content":{"rendered":"<nav id=\"breadcrumbs\" aria-label=\"Breadcrumbs\"><a href=\"https:\/\/mesopolhis.fr\/en\/\">Home<\/a> \" <a href=\"https:\/\/mesopolhis.fr\/en\/the-laboratory\/\">The laboratory<\/a> \u00bbPractical guide to MESOPOLHIS<\/nav><h1>\n\t\tPractical guide to MESOPOLHIS\n\t<\/h1>\n\t\t\t<a href=\"\" target=\"_self\">\n\t\t\t\t\t\t\tDownload the Mesopolhis practical guide (new version available soon)\n\t\t\t\t\t<\/a>","protected":false},"excerpt":{"rendered":"<p>Home \u00bb The laboratory \u00bb MESOPOLHIS practical guide MESOPOLHIS practical guide Download the Mesopolhis practical guide (new version available soon)<\/p>","protected":false},"author":180,"featured_media":0,"parent":130,"menu_order":0,"comment_status":"closed","ping_status":"closed","template":"","meta":{"_acf_changed":false,"inline_featured_image":false,"footnotes":""},"class_list":["post-34084","page","type-page","status-publish","hentry"],"acf":[],"yoast_head":"<!-- This site is optimized with the Yoast SEO plugin v27.3 - https:\/\/yoast.com\/product\/yoast-seo-wordpress\/ -->\n<title>Guide pratique du MESOPOLHIS - Mesopolhis<\/title>\n<meta name=\"robots\" content=\"index, follow, max-snippet:-1, max-image-preview:large, max-video-preview:-1\" \/>\n<link rel=\"canonical\" href=\"https:\/\/mesopolhis.fr\/en\/the-laboratory\/mesopolhis-practical-guide\/\" \/>\n<meta property=\"og:locale\" content=\"en_GB\" \/>\n<meta property=\"og:type\" content=\"article\" \/>\n<meta property=\"og:title\" content=\"Guide pratique du MESOPOLHIS - Mesopolhis\" \/>\n<meta property=\"og:description\" content=\"Accueil &raquo; Le laboratoire &raquo; Guide pratique du MESOPOLHIS Guide pratique du MESOPOLHIS T\u00e9l\u00e9charger le guide pratique du Mesopolhis (nouvelle version bient\u00f4t disponible)\" \/>\n<meta property=\"og:url\" content=\"https:\/\/mesopolhis.fr\/en\/the-laboratory\/mesopolhis-practical-guide\/\" \/>\n<meta property=\"og:site_name\" content=\"Mesopolhis\" \/>\n<meta property=\"article:modified_time\" content=\"2025-11-12T10:11:14+00:00\" \/>\n<meta name=\"twitter:card\" content=\"summary_large_image\" \/>\n<meta name=\"twitter:label1\" content=\"Estimated reading time\" \/>\n\t<meta name=\"twitter:data1\" content=\"1 minute\" \/>\n<script type=\"application\/ld+json\" class=\"yoast-schema-graph\">{\"@context\":\"https:\\\/\\\/schema.org\",\"@graph\":[{\"@type\":\"WebPage\",\"@id\":\"https:\\\/\\\/mesopolhis.fr\\\/le-laboratoire\\\/guide-pratique-mesopolhis\\\/\",\"url\":\"https:\\\/\\\/mesopolhis.fr\\\/le-laboratoire\\\/guide-pratique-mesopolhis\\\/\",\"name\":\"Guide pratique du MESOPOLHIS - Mesopolhis\",\"isPartOf\":{\"@id\":\"https:\\\/\\\/mesopolhis.fr\\\/#website\"},\"datePublished\":\"2024-02-01T16:57:23+00:00\",\"dateModified\":\"2025-11-12T10:11:14+00:00\",\"breadcrumb\":{\"@id\":\"https:\\\/\\\/mesopolhis.fr\\\/le-laboratoire\\\/guide-pratique-mesopolhis\\\/#breadcrumb\"},\"inLanguage\":\"en-GB\",\"potentialAction\":[{\"@type\":\"ReadAction\",\"target\":[\"https:\\\/\\\/mesopolhis.fr\\\/le-laboratoire\\\/guide-pratique-mesopolhis\\\/\"]}]},{\"@type\":\"BreadcrumbList\",\"@id\":\"https:\\\/\\\/mesopolhis.fr\\\/le-laboratoire\\\/guide-pratique-mesopolhis\\\/#breadcrumb\",\"itemListElement\":[{\"@type\":\"ListItem\",\"position\":1,\"name\":\"Accueil\",\"item\":\"https:\\\/\\\/mesopolhis.fr\\\/\"},{\"@type\":\"ListItem\",\"position\":2,\"name\":\"Le laboratoire\",\"item\":\"https:\\\/\\\/mesopolhis.fr\\\/le-laboratoire\\\/\"},{\"@type\":\"ListItem\",\"position\":3,\"name\":\"Guide pratique du MESOPOLHIS\"}]},{\"@type\":\"WebSite\",\"@id\":\"https:\\\/\\\/mesopolhis.fr\\\/#website\",\"url\":\"https:\\\/\\\/mesopolhis.fr\\\/\",\"name\":\"Mesopolhis\",\"description\":\"Centre m\u00e9diterran\u00e9en de sociologie, de science politique et d&#039;histoire\",\"publisher\":{\"@id\":\"https:\\\/\\\/mesopolhis.fr\\\/#organization\"},\"potentialAction\":[{\"@type\":\"SearchAction\",\"target\":{\"@type\":\"EntryPoint\",\"urlTemplate\":\"https:\\\/\\\/mesopolhis.fr\\\/?s={search_term_string}\"},\"query-input\":{\"@type\":\"PropertyValueSpecification\",\"valueRequired\":true,\"valueName\":\"search_term_string\"}}],\"inLanguage\":\"en-GB\"},{\"@type\":\"Organization\",\"@id\":\"https:\\\/\\\/mesopolhis.fr\\\/#organization\",\"name\":\"Mesopolhis\",\"url\":\"https:\\\/\\\/mesopolhis.fr\\\/\",\"logo\":{\"@type\":\"ImageObject\",\"inLanguage\":\"en-GB\",\"@id\":\"https:\\\/\\\/mesopolhis.fr\\\/#\\\/schema\\\/logo\\\/image\\\/\",\"url\":\"https:\\\/\\\/mesopolhis.fr\\\/wp-content\\\/uploads\\\/2021\\\/12\\\/Logo_MESOPOLHIS_Quadri.png\",\"contentUrl\":\"https:\\\/\\\/mesopolhis.fr\\\/wp-content\\\/uploads\\\/2021\\\/12\\\/Logo_MESOPOLHIS_Quadri.png\",\"width\":264,\"height\":69,\"caption\":\"Mesopolhis\"},\"image\":{\"@id\":\"https:\\\/\\\/mesopolhis.fr\\\/#\\\/schema\\\/logo\\\/image\\\/\"}}]}<\/script>\n<!-- \/ Yoast SEO plugin. -->","yoast_head_json":{"title":"Practical guide to MESOPOLHIS - Mesopolhis","robots":{"index":"index","follow":"follow","max-snippet":"max-snippet:-1","max-image-preview":"max-image-preview:large","max-video-preview":"max-video-preview:-1"},"canonical":"https:\/\/mesopolhis.fr\/en\/the-laboratory\/mesopolhis-practical-guide\/","og_locale":"en_GB","og_type":"article","og_title":"Guide pratique du MESOPOLHIS - Mesopolhis","og_description":"Accueil &raquo; Le laboratoire &raquo; Guide pratique du MESOPOLHIS Guide pratique du MESOPOLHIS T\u00e9l\u00e9charger le guide pratique du Mesopolhis (nouvelle version bient\u00f4t disponible)","og_url":"https:\/\/mesopolhis.fr\/en\/the-laboratory\/mesopolhis-practical-guide\/","og_site_name":"Mesopolhis","article_modified_time":"2025-11-12T10:11:14+00:00","twitter_card":"summary_large_image","twitter_misc":{"Estimated reading time":"1 minute"},"schema":{"@context":"https:\/\/schema.org","@graph":[{"@type":"WebPage","@id":"https:\/\/mesopolhis.fr\/le-laboratoire\/guide-pratique-mesopolhis\/","url":"https:\/\/mesopolhis.fr\/le-laboratoire\/guide-pratique-mesopolhis\/","name":"Practical guide to MESOPOLHIS - Mesopolhis","isPartOf":{"@id":"https:\/\/mesopolhis.fr\/#website"},"datePublished":"2024-02-01T16:57:23+00:00","dateModified":"2025-11-12T10:11:14+00:00","breadcrumb":{"@id":"https:\/\/mesopolhis.fr\/le-laboratoire\/guide-pratique-mesopolhis\/#breadcrumb"},"inLanguage":"en-GB","potentialAction":[{"@type":"ReadAction","target":["https:\/\/mesopolhis.fr\/le-laboratoire\/guide-pratique-mesopolhis\/"]}]},{"@type":"BreadcrumbList","@id":"https:\/\/mesopolhis.fr\/le-laboratoire\/guide-pratique-mesopolhis\/#breadcrumb","itemListElement":[{"@type":"ListItem","position":1,"name":"Accueil","item":"https:\/\/mesopolhis.fr\/"},{"@type":"ListItem","position":2,"name":"Le laboratoire","item":"https:\/\/mesopolhis.fr\/le-laboratoire\/"},{"@type":"ListItem","position":3,"name":"Guide pratique du MESOPOLHIS"}]},{"@type":"WebSite","@id":"https:\/\/mesopolhis.fr\/#website","url":"https:\/\/mesopolhis.fr\/","name":"Mesopolhis","description":"Mediterranean Centre for Sociology, Political Science and History","publisher":{"@id":"https:\/\/mesopolhis.fr\/#organization"},"potentialAction":[{"@type":"SearchAction","target":{"@type":"EntryPoint","urlTemplate":"https:\/\/mesopolhis.fr\/?s={search_term_string}"},"query-input":{"@type":"PropertyValueSpecification","valueRequired":true,"valueName":"search_term_string"}}],"inLanguage":"en-GB"},{"@type":"Organization","@id":"https:\/\/mesopolhis.fr\/#organization","name":"Mesopolhis","url":"https:\/\/mesopolhis.fr\/","logo":{"@type":"ImageObject","inLanguage":"en-GB","@id":"https:\/\/mesopolhis.fr\/#\/schema\/logo\/image\/","url":"https:\/\/mesopolhis.fr\/wp-content\/uploads\/2021\/12\/Logo_MESOPOLHIS_Quadri.png","contentUrl":"https:\/\/mesopolhis.fr\/wp-content\/uploads\/2021\/12\/Logo_MESOPOLHIS_Quadri.png","width":264,"height":69,"caption":"Mesopolhis"},"image":{"@id":"https:\/\/mesopolhis.fr\/#\/schema\/logo\/image\/"}}]}},"_links":{"self":[{"href":"https:\/\/mesopolhis.fr\/en\/wp-json\/wp\/v2\/pages\/34084","targetHints":{"allow":["GET"]}}],"collection":[{"href":"https:\/\/mesopolhis.fr\/en\/wp-json\/wp\/v2\/pages"}],"about":[{"href":"https:\/\/mesopolhis.fr\/en\/wp-json\/wp\/v2\/types\/page"}],"author":[{"embeddable":true,"href":"https:\/\/mesopolhis.fr\/en\/wp-json\/wp\/v2\/users\/180"}],"replies":[{"embeddable":true,"href":"https:\/\/mesopolhis.fr\/en\/wp-json\/wp\/v2\/comments?post=34084"}],"version-history":[{"count":3,"href":"https:\/\/mesopolhis.fr\/en\/wp-json\/wp\/v2\/pages\/34084\/revisions"}],"predecessor-version":[{"id":38606,"href":"https:\/\/mesopolhis.fr\/en\/wp-json\/wp\/v2\/pages\/34084\/revisions\/38606"}],"up":[{"embeddable":true,"href":"https:\/\/mesopolhis.fr\/en\/wp-json\/wp\/v2\/pages\/130"}],"wp:attachment":[{"href":"https:\/\/mesopolhis.fr\/en\/wp-json\/wp\/v2\/media?parent=34084"}],"curies":[{"name":"wp","href":"https:\/\/api.w.org\/{rel}","templated":true}]}}