{"id":33428,"date":"2023-06-05T15:46:39","date_gmt":"2023-06-05T13:46:39","guid":{"rendered":"https:\/\/mesopolhis.fr\/?page_id=33428"},"modified":"2025-06-23T11:56:57","modified_gmt":"2025-06-23T09:56:57","slug":"the-politics-of-violence-amin-allal-gilles-dorronsoro-and-olivier-grojean-dir-2021","status":"publish","type":"page","link":"https:\/\/mesopolhis.fr\/en\/the-politics-of-violence-amin-allal-gilles-dorronsoro-and-olivier-grojean-dir-2021\/","title":{"rendered":"Politics of violence. Amin Allal, Gilles Dorronsoro and Olivier Grojean (eds.), 2021"},"content":{"rendered":"<nav id=\"breadcrumbs\" aria-label=\"Breadcrumbs\"><a href=\"https:\/\/mesopolhis.fr\/en\/\">Home<\/a> &raquo; Politiques de la violence. Amin Allal, Gilles Dorronsoro et Olivier Grojean (dir.), 2021<\/nav><h2>\n\t\tThe politics of violence\n\t<\/h2>\n<h3>\n\t\tOrganising the fight from Colombia to Pakistan<br \/>by Amin Allal, Gilles Dorronsoro and Olivier Grojean (eds.)\n\t<\/h3>\n\t<h3><strong>Summary<\/strong><\/h3>\n<p>Si les violences politiques sont parfois le fait d&rsquo;individus isol\u00e9s, elles sont le plus souvent des actions organis\u00e9es, c&rsquo;est-\u00e0-dire inspir\u00e9es, parfois planifi\u00e9es, prises en charge, voire produites par des organisations dont les objectifs sont politiques. Les violences d&rsquo;origine \u00e9tatique sont, de loin, les plus meurtri\u00e8res, mais celles des groupes non-\u00e9tatiques demeurent une composante essentielle des dynamiques politiques contemporaines, partout dans le monde. Cet ouvrage met, plus particuli\u00e8rement, l&rsquo;accent sur ce deuxi\u00e8me type de violences, que la th\u00e9orie politique consid\u00e8re, par principe, comme ill\u00e9gitime, mais qui, du point de vue des acteurs qui la perp\u00e9tuent, peut se justifier, notamment quand il s&rsquo;agit de prot\u00e9ger le statut d&rsquo;un groupe dominant ou, \u00e0 l&rsquo;inverse, d&rsquo;imposer les revendications d&rsquo;un groupe marginalis\u00e9.<\/p>\n<p>Les enqu\u00eates pr\u00e9sent\u00e9es dans cet ouvrage proviennent de chercheur-e-s ayant une longue familiarit\u00e9 avec leur terrain, que ce soit en Afghanistan, en Alg\u00e9rie, au Burundi, en Colombie, en Libye, au Pakistan, en Turquie et, plus largement, au Moyen-Orient. Elles t\u00e9moignent toutes qu&rsquo;il ne manque pas d&rsquo;individus pr\u00eats \u00e0 passer \u00e0 l&rsquo;action violente. Cependant, la comp\u00e9tence individuelle dans l&rsquo;exercice de la violence ne peut devenir une ressource pour l&rsquo;organisation dont elle \u00e9mane que si celle-ci est utilis\u00e9e de mani\u00e8re disciplin\u00e9e, relativement mesur\u00e9e, et fid\u00e8le au sens que l&rsquo;organisation lui conf\u00e8re. Le probl\u00e8me central des organisations qui y recourent n&rsquo;est donc pas tant de produire de la violence que de la moduler, la canaliser et lui donner sens, d&rsquo;o\u00f9 l&rsquo;int\u00e9r\u00eat de se pencher sur les processus de rationalisation de son usage. Par ailleurs, les modes d&rsquo;action violents produisent des effets durables et sp\u00e9cifiques sur les soci\u00e9t\u00e9s, qui compliquent souvent le retour \u00e0 une expression pacifi\u00e9e des conflits politiques.<\/p>\n\t\t\t <p><strong><a href=\"https:\/\/www.karthala.com\/questions-transnationales\/3432-politiques-de-la-violence-organiser-la-lutte-de-la-colombie-au-pakistan-9782811129378.html\" target=\"_blank\" rel=\"noopener\">Karthala paper version<\/a><\/strong><strong><a href=\"https:\/\/www.cairn.info\/politiques-de-la-violence--9782811129378.htm\" target=\"_blank\" rel=\"noopener\">Digital version Cairn<\/a><\/strong><\/p>\t\t\n\t\t\t\t<img loading=\"lazy\" decoding=\"async\" src=\"https:\/\/mesopolhis.fr\/wp-content\/uploads\/2023\/06\/9782811129378-475x500-2.webp\" alt=\"9782811129378-475x500-2\" height=\"1000\" width=\"667\" title=\"9782811129378-475x500-2\" \/>\n\t\t\t<h3> Authors<\/h3> <p>This book was edited by <strong>Amin Allal<\/strong> (CERAPS-CNRS), <strong>Gilles Dorronsoro<\/strong> (University of Paris 1 Panth\u00e9on-Sorbonne) and <strong>Olivier Grojean<\/strong> (Universit\u00e9 Paris 1 Panth\u00e9on-Sorbonne).Ont \u00e9galement contribu\u00e9\u00a0: Valeria Alfieri, Am\u00e9lie Blom, Laurent Gayer, Jacobo Grajeles, Arthur Quesnay et Nedjib Sidi Moussa.<\/p>\t\t\n\t\t\t<h3> Publication date<\/h3> <p>18\/11\/2021<\/p>\t\t\n\t<h3><strong>Contents<\/strong><\/h3>\n<p><strong>Introduction<\/strong>.\u00a0Les violences politiques, des actions organis\u00e9es\u00a0&#8211; Amin Allal, Gilles Dorronsoro et Olivier Grojean<\/p>\n<p><strong>Chapter 1<\/strong>.\u00a0Du combat politique \u00e0 la lutte arm\u00e9e ? Les militants-combattants au Burundi\u00a0&#8211; Valeria Alfieri<\/p>\n<p><strong>Chapter 2<\/strong>.\u00a0L&rsquo;acquisition de comp\u00e9tences militaires chez des ind\u00e9pendantistes alg\u00e9riens. Le cas des partisans de Messali Hadj\u00a0&#8211; Nedjib Sidi Moussa<\/p>\n<p><strong>Chapter 3<\/strong>.\u00a0Pratique et encadrement de la violence arm\u00e9e. Le cas de la premi\u00e8re guerre civile libyenne\u00a0&#8211; Arthur Quesnay<\/p>\n<p><strong>Chapter 4<\/strong>.\u00a0Violences et r\u00e9pertoires. Repenser les modes d&rsquo;action du PKK avec Charles Tilly\u00a0&#8211; Olivier Grojean<\/p>\n<p><strong>Chapter 5<\/strong>.\u00a0Raison strat\u00e9gique, hi\u00e9rarchie ethnique et logique biopolitique. Notes sur la polys\u00e9mie des massacres dans la guerre d&rsquo;Afghanistan\u00a0&#8211; Gilles Dorronsoro<\/p>\n<p><strong>Chapter 6<\/strong>.\u00a0Medell\u00edn : des \u00ab bandes \u00bb \u00e0 la contre-insurrection\u00a0&#8211; Jacobo Grajales<\/p>\n<p><strong>Chapter 7<\/strong>.\u00a0Des dissensions estudiantines \u00e0 la guerre de campus. L&rsquo;escalade de la violence politique \u00e0 l&rsquo;universit\u00e9 de Karachi (1979-1991)\u00a0&#8211; Laurent Gayer<\/p>\n<p><strong>Chapter 8<\/strong>.\u00a0Conflit d&rsquo;\u00e9motions. Les \u00e9meutes anti-\u00ab caricatures danoises \u00bb de 2006 \u00e0 Lahore (Pakistan)\u00a0&#8211; Am\u00e9lie Blom<\/p>\n<p><strong>List of contributors<\/strong><\/p>\n<p><strong>Bibliography<\/strong><\/p>\n\t<h3><strong>Reviews and speeches<\/strong><\/h3>\n<blockquote><p><a href=\"https:\/\/www.mediapart.fr\/journal\/international\/120222\/irak-afghanistan-radioscopie-d-un-interventionnisme-destructeur\"><em><strong>Mediapart<\/strong><\/em><\/a>, 2022, Entretien avec Gilles Dorronsoro et Adel Bakawan, \u00ab Irak, Afghanistan : radioscopie d&rsquo;un interventionnisme destructeur \u00bb<\/p><\/blockquote>\n<p>&nbsp;<\/p>\n<blockquote><p>Olivier Grojean, 2022, \"\u00a0<strong><a href=\"https:\/\/www.lemonde.fr\/idees\/article\/2022\/12\/11\/moyen-orient-il-apparait-necessaire-d-imposer-le-parti-des-travailleurs-du-kurdistan-a-la-table-des-negociations_6153916_3232.html\">Tribune &#8211; Moyen-Orient\u00a0:\u00a0\u00ab\u00a0Il appara\u00eet n\u00e9cessaire d&rsquo;imposer le Parti des travailleurs du Kurdistan \u00e0 la table des n\u00e9gociations\u00a0\u00bb\u00a0<\/a><\/strong>\", <em><strong>Le Monde<\/strong><\/em>11 December<\/p><\/blockquote>\n<p>&nbsp;<\/p>\n<blockquote><p><em><strong>France Culture<\/strong><\/em>2023, \"The Kurds, an angry people\" series. <strong><a href=\"https:\/\/www.radiofrance.fr\/franceculture\/podcasts\/cultures-monde\/europe-une-diaspora-inquiete-9239045\">\"Episode 2\/3: Europe: a worried diaspora\" with Olivier Grojean<\/a><\/strong>January 17.<\/p><\/blockquote>\n<p>&nbsp;<\/p>\n<blockquote><p><a href=\"https:\/\/cause-commune.fm\/podcast\/le-monde-en-questions-141\/\"><strong>Common cause 93.1fm<\/strong><\/a>2023, programme #141: \"The Kurdish question with Olivier Grojean\", 11 January.<\/p><\/blockquote>","protected":false},"excerpt":{"rendered":"<p>Accueil &raquo; Politiques de la violence. Amin Allal, Gilles Dorronsoro et Olivier Grojean (dir.), 2021 Politiques de la violence Organiser la lutte de la Colombie au Pakistanpar Amin Allal, Gilles Dorronsoro et Olivier Grojean (dir.) R\u00e9sum\u00e9 Si les violences politiques sont parfois le fait d&rsquo;individus isol\u00e9s, elles sont le plus souvent des actions organis\u00e9es, c&rsquo;est-\u00e0-dire&hellip;<\/p>","protected":false},"author":4,"featured_media":0,"parent":0,"menu_order":0,"comment_status":"closed","ping_status":"closed","template":"","meta":{"_acf_changed":false,"inline_featured_image":false,"footnotes":""},"class_list":["post-33428","page","type-page","status-publish","hentry"],"acf":[],"yoast_head":"<!-- This site is optimized with the Yoast SEO plugin v27.4 - https:\/\/yoast.com\/product\/yoast-seo-wordpress\/ -->\n<title>Politiques de la violence. Amin Allal, Gilles Dorronsoro et Olivier Grojean (dir.), 2021 - Mesopolhis<\/title>\n<meta name=\"robots\" content=\"index, follow, max-snippet:-1, max-image-preview:large, max-video-preview:-1\" \/>\n<link rel=\"canonical\" href=\"https:\/\/mesopolhis.fr\/en\/the-politics-of-violence-amin-allal-gilles-dorronsoro-and-olivier-grojean-dir-2021\/\" \/>\n<meta property=\"og:locale\" content=\"en_GB\" \/>\n<meta property=\"og:type\" content=\"article\" \/>\n<meta property=\"og:title\" content=\"Politiques de la violence. Amin Allal, Gilles Dorronsoro et Olivier Grojean (dir.), 2021 - Mesopolhis\" \/>\n<meta property=\"og:description\" content=\"Accueil &raquo; Politiques de la violence. Amin Allal, Gilles Dorronsoro et Olivier Grojean (dir.), 2021 Politiques de la violence Organiser la lutte de la Colombie au Pakistanpar Amin Allal, Gilles Dorronsoro et Olivier Grojean (dir.) R\u00e9sum\u00e9 Si les violences politiques sont parfois le fait d&rsquo;individus isol\u00e9s, elles sont le plus souvent des actions organis\u00e9es, c&rsquo;est-\u00e0-dire&hellip;\" \/>\n<meta property=\"og:url\" content=\"https:\/\/mesopolhis.fr\/en\/the-politics-of-violence-amin-allal-gilles-dorronsoro-and-olivier-grojean-dir-2021\/\" \/>\n<meta property=\"og:site_name\" content=\"Mesopolhis\" \/>\n<meta property=\"article:modified_time\" content=\"2025-06-23T09:56:57+00:00\" \/>\n<meta property=\"og:image\" content=\"https:\/\/mesopolhis.fr\/wp-content\/uploads\/2023\/06\/9782811129378-475x500-2.webp\" \/>\n<meta name=\"twitter:card\" content=\"summary_large_image\" \/>\n<script type=\"application\/ld+json\" class=\"yoast-schema-graph\">{\"@context\":\"https:\\\/\\\/schema.org\",\"@graph\":[{\"@type\":\"WebPage\",\"@id\":\"https:\\\/\\\/mesopolhis.fr\\\/politiques-de-la-violence-amin-allal-gilles-dorronsoro-et-olivier-grojean-dir-2021\\\/\",\"url\":\"https:\\\/\\\/mesopolhis.fr\\\/politiques-de-la-violence-amin-allal-gilles-dorronsoro-et-olivier-grojean-dir-2021\\\/\",\"name\":\"Politiques de la violence. Amin Allal, Gilles Dorronsoro et Olivier Grojean (dir.), 2021 - Mesopolhis\",\"isPartOf\":{\"@id\":\"https:\\\/\\\/mesopolhis.fr\\\/#website\"},\"primaryImageOfPage\":{\"@id\":\"https:\\\/\\\/mesopolhis.fr\\\/politiques-de-la-violence-amin-allal-gilles-dorronsoro-et-olivier-grojean-dir-2021\\\/#primaryimage\"},\"image\":{\"@id\":\"https:\\\/\\\/mesopolhis.fr\\\/politiques-de-la-violence-amin-allal-gilles-dorronsoro-et-olivier-grojean-dir-2021\\\/#primaryimage\"},\"thumbnailUrl\":\"https:\\\/\\\/mesopolhis.fr\\\/wp-content\\\/uploads\\\/2023\\\/06\\\/9782811129378-475x500-2.webp\",\"datePublished\":\"2023-06-05T13:46:39+00:00\",\"dateModified\":\"2025-06-23T09:56:57+00:00\",\"breadcrumb\":{\"@id\":\"https:\\\/\\\/mesopolhis.fr\\\/politiques-de-la-violence-amin-allal-gilles-dorronsoro-et-olivier-grojean-dir-2021\\\/#breadcrumb\"},\"inLanguage\":\"en-GB\",\"potentialAction\":[{\"@type\":\"ReadAction\",\"target\":[\"https:\\\/\\\/mesopolhis.fr\\\/politiques-de-la-violence-amin-allal-gilles-dorronsoro-et-olivier-grojean-dir-2021\\\/\"]}]},{\"@type\":\"ImageObject\",\"inLanguage\":\"en-GB\",\"@id\":\"https:\\\/\\\/mesopolhis.fr\\\/politiques-de-la-violence-amin-allal-gilles-dorronsoro-et-olivier-grojean-dir-2021\\\/#primaryimage\",\"url\":\"https:\\\/\\\/mesopolhis.fr\\\/wp-content\\\/uploads\\\/2023\\\/06\\\/9782811129378-475x500-2.webp\",\"contentUrl\":\"https:\\\/\\\/mesopolhis.fr\\\/wp-content\\\/uploads\\\/2023\\\/06\\\/9782811129378-475x500-2.webp\"},{\"@type\":\"BreadcrumbList\",\"@id\":\"https:\\\/\\\/mesopolhis.fr\\\/politiques-de-la-violence-amin-allal-gilles-dorronsoro-et-olivier-grojean-dir-2021\\\/#breadcrumb\",\"itemListElement\":[{\"@type\":\"ListItem\",\"position\":1,\"name\":\"Accueil\",\"item\":\"https:\\\/\\\/mesopolhis.fr\\\/\"},{\"@type\":\"ListItem\",\"position\":2,\"name\":\"Politiques de la violence. Amin Allal, Gilles Dorronsoro et Olivier Grojean (dir.), 2021\"}]},{\"@type\":\"WebSite\",\"@id\":\"https:\\\/\\\/mesopolhis.fr\\\/#website\",\"url\":\"https:\\\/\\\/mesopolhis.fr\\\/\",\"name\":\"Mesopolhis\",\"description\":\"Centre m\u00e9diterran\u00e9en de sociologie, de science politique et d&#039;histoire\",\"publisher\":{\"@id\":\"https:\\\/\\\/mesopolhis.fr\\\/#organization\"},\"potentialAction\":[{\"@type\":\"SearchAction\",\"target\":{\"@type\":\"EntryPoint\",\"urlTemplate\":\"https:\\\/\\\/mesopolhis.fr\\\/?s={search_term_string}\"},\"query-input\":{\"@type\":\"PropertyValueSpecification\",\"valueRequired\":true,\"valueName\":\"search_term_string\"}}],\"inLanguage\":\"en-GB\"},{\"@type\":\"Organization\",\"@id\":\"https:\\\/\\\/mesopolhis.fr\\\/#organization\",\"name\":\"Mesopolhis\",\"url\":\"https:\\\/\\\/mesopolhis.fr\\\/\",\"logo\":{\"@type\":\"ImageObject\",\"inLanguage\":\"en-GB\",\"@id\":\"https:\\\/\\\/mesopolhis.fr\\\/#\\\/schema\\\/logo\\\/image\\\/\",\"url\":\"https:\\\/\\\/mesopolhis.fr\\\/wp-content\\\/uploads\\\/2021\\\/12\\\/Logo_MESOPOLHIS_Quadri.png\",\"contentUrl\":\"https:\\\/\\\/mesopolhis.fr\\\/wp-content\\\/uploads\\\/2021\\\/12\\\/Logo_MESOPOLHIS_Quadri.png\",\"width\":264,\"height\":69,\"caption\":\"Mesopolhis\"},\"image\":{\"@id\":\"https:\\\/\\\/mesopolhis.fr\\\/#\\\/schema\\\/logo\\\/image\\\/\"}}]}<\/script>\n<!-- \/ Yoast SEO plugin. -->","yoast_head_json":{"title":"The politics of violence. Amin Allal, Gilles Dorronsoro and Olivier Grojean (eds.), 2021 - Mesopolhis","robots":{"index":"index","follow":"follow","max-snippet":"max-snippet:-1","max-image-preview":"max-image-preview:large","max-video-preview":"max-video-preview:-1"},"canonical":"https:\/\/mesopolhis.fr\/en\/the-politics-of-violence-amin-allal-gilles-dorronsoro-and-olivier-grojean-dir-2021\/","og_locale":"en_GB","og_type":"article","og_title":"Politiques de la violence. Amin Allal, Gilles Dorronsoro et Olivier Grojean (dir.), 2021 - Mesopolhis","og_description":"Accueil &raquo; Politiques de la violence. Amin Allal, Gilles Dorronsoro et Olivier Grojean (dir.), 2021 Politiques de la violence Organiser la lutte de la Colombie au Pakistanpar Amin Allal, Gilles Dorronsoro et Olivier Grojean (dir.) R\u00e9sum\u00e9 Si les violences politiques sont parfois le fait d&rsquo;individus isol\u00e9s, elles sont le plus souvent des actions organis\u00e9es, c&rsquo;est-\u00e0-dire&hellip;","og_url":"https:\/\/mesopolhis.fr\/en\/the-politics-of-violence-amin-allal-gilles-dorronsoro-and-olivier-grojean-dir-2021\/","og_site_name":"Mesopolhis","article_modified_time":"2025-06-23T09:56:57+00:00","og_image":[{"url":"https:\/\/mesopolhis.fr\/wp-content\/uploads\/2023\/06\/9782811129378-475x500-2.webp","type":"","width":"","height":""}],"twitter_card":"summary_large_image","schema":{"@context":"https:\/\/schema.org","@graph":[{"@type":"WebPage","@id":"https:\/\/mesopolhis.fr\/politiques-de-la-violence-amin-allal-gilles-dorronsoro-et-olivier-grojean-dir-2021\/","url":"https:\/\/mesopolhis.fr\/politiques-de-la-violence-amin-allal-gilles-dorronsoro-et-olivier-grojean-dir-2021\/","name":"The politics of violence. Amin Allal, Gilles Dorronsoro and Olivier Grojean (eds.), 2021 - Mesopolhis","isPartOf":{"@id":"https:\/\/mesopolhis.fr\/#website"},"primaryImageOfPage":{"@id":"https:\/\/mesopolhis.fr\/politiques-de-la-violence-amin-allal-gilles-dorronsoro-et-olivier-grojean-dir-2021\/#primaryimage"},"image":{"@id":"https:\/\/mesopolhis.fr\/politiques-de-la-violence-amin-allal-gilles-dorronsoro-et-olivier-grojean-dir-2021\/#primaryimage"},"thumbnailUrl":"https:\/\/mesopolhis.fr\/wp-content\/uploads\/2023\/06\/9782811129378-475x500-2.webp","datePublished":"2023-06-05T13:46:39+00:00","dateModified":"2025-06-23T09:56:57+00:00","breadcrumb":{"@id":"https:\/\/mesopolhis.fr\/politiques-de-la-violence-amin-allal-gilles-dorronsoro-et-olivier-grojean-dir-2021\/#breadcrumb"},"inLanguage":"en-GB","potentialAction":[{"@type":"ReadAction","target":["https:\/\/mesopolhis.fr\/politiques-de-la-violence-amin-allal-gilles-dorronsoro-et-olivier-grojean-dir-2021\/"]}]},{"@type":"ImageObject","inLanguage":"en-GB","@id":"https:\/\/mesopolhis.fr\/politiques-de-la-violence-amin-allal-gilles-dorronsoro-et-olivier-grojean-dir-2021\/#primaryimage","url":"https:\/\/mesopolhis.fr\/wp-content\/uploads\/2023\/06\/9782811129378-475x500-2.webp","contentUrl":"https:\/\/mesopolhis.fr\/wp-content\/uploads\/2023\/06\/9782811129378-475x500-2.webp"},{"@type":"BreadcrumbList","@id":"https:\/\/mesopolhis.fr\/politiques-de-la-violence-amin-allal-gilles-dorronsoro-et-olivier-grojean-dir-2021\/#breadcrumb","itemListElement":[{"@type":"ListItem","position":1,"name":"Accueil","item":"https:\/\/mesopolhis.fr\/"},{"@type":"ListItem","position":2,"name":"Politiques de la violence. Amin Allal, Gilles Dorronsoro et Olivier Grojean (dir.), 2021"}]},{"@type":"WebSite","@id":"https:\/\/mesopolhis.fr\/#website","url":"https:\/\/mesopolhis.fr\/","name":"Mesopolhis","description":"Mediterranean Centre for Sociology, Political Science and History","publisher":{"@id":"https:\/\/mesopolhis.fr\/#organization"},"potentialAction":[{"@type":"SearchAction","target":{"@type":"EntryPoint","urlTemplate":"https:\/\/mesopolhis.fr\/?s={search_term_string}"},"query-input":{"@type":"PropertyValueSpecification","valueRequired":true,"valueName":"search_term_string"}}],"inLanguage":"en-GB"},{"@type":"Organization","@id":"https:\/\/mesopolhis.fr\/#organization","name":"Mesopolhis","url":"https:\/\/mesopolhis.fr\/","logo":{"@type":"ImageObject","inLanguage":"en-GB","@id":"https:\/\/mesopolhis.fr\/#\/schema\/logo\/image\/","url":"https:\/\/mesopolhis.fr\/wp-content\/uploads\/2021\/12\/Logo_MESOPOLHIS_Quadri.png","contentUrl":"https:\/\/mesopolhis.fr\/wp-content\/uploads\/2021\/12\/Logo_MESOPOLHIS_Quadri.png","width":264,"height":69,"caption":"Mesopolhis"},"image":{"@id":"https:\/\/mesopolhis.fr\/#\/schema\/logo\/image\/"}}]}},"_links":{"self":[{"href":"https:\/\/mesopolhis.fr\/en\/wp-json\/wp\/v2\/pages\/33428","targetHints":{"allow":["GET"]}}],"collection":[{"href":"https:\/\/mesopolhis.fr\/en\/wp-json\/wp\/v2\/pages"}],"about":[{"href":"https:\/\/mesopolhis.fr\/en\/wp-json\/wp\/v2\/types\/page"}],"author":[{"embeddable":true,"href":"https:\/\/mesopolhis.fr\/en\/wp-json\/wp\/v2\/users\/4"}],"replies":[{"embeddable":true,"href":"https:\/\/mesopolhis.fr\/en\/wp-json\/wp\/v2\/comments?post=33428"}],"version-history":[{"count":0,"href":"https:\/\/mesopolhis.fr\/en\/wp-json\/wp\/v2\/pages\/33428\/revisions"}],"wp:attachment":[{"href":"https:\/\/mesopolhis.fr\/en\/wp-json\/wp\/v2\/media?parent=33428"}],"curies":[{"name":"wp","href":"https:\/\/api.w.org\/{rel}","templated":true}]}}