{"id":33418,"date":"2023-06-05T15:24:28","date_gmt":"2023-06-05T13:24:28","guid":{"rendered":"https:\/\/mesopolhis.fr\/?page_id=33418"},"modified":"2025-06-23T11:54:36","modified_gmt":"2025-06-23T09:54:36","slug":"nature-policy-nature-of-letat-rozenn-nakanabo-diallo-2022","status":"publish","type":"page","link":"https:\/\/mesopolhis.fr\/en\/nature-policy-nature-of-letat-rozenn-nakanabo-diallo-2022\/","title":{"rendered":"The politics of nature, the nature of the state. Rozenn Nakanabo Diallo, 2022"},"content":{"rendered":"<nav id=\"breadcrumbs\" aria-label=\"Breadcrumbs\"><a href=\"https:\/\/mesopolhis.fr\/en\/\">Home<\/a> \u00bbPolitics of nature, nature of the State. Rozenn Nakanabo Diallo, 2022<\/nav><h2>\n\t\tNature policy, nature of the State\n\t<\/h2>\n<h3>\n\t\tThe transnational fabric of public action in Mozambique<br \/>par Rozenn Nakanabo Diallo\n\t<\/h3>\n\t<h3><strong>Summary<\/strong><\/h3>\n<p>This book shows the close relationship between nature policies and the nature of the State, applied to the case of Mozambique. The study of public policies on nature over the long term highlights the (re)deployment of a State with little capacity for action throughout the country, but which has nevertheless been enabled by the emergence of new builders: an administrative elite in the service of the State, paid by international donors, who steer public policies that are now transnational.<\/p>\n<p>In a context of neither war nor peace, Mozambique is under an aid regime: international organisations, NGOs and philanthropic foundations \u00abdo with\u00bb or \u00abdo in place of\u00bb the State. Whether it's a question of controlling the national territory or drafting regulations, the boundaries of the State and its sovereignty are blurred. How can the State be identified when the steering of public action seems, in many respects, to be beyond its control? This issue is particularly acute in Mozambique, where land policies, and in particular national parks, have traditionally been instruments of domination over territories and populations. The issue is therefore far from being exclusively ecological. Everywhere, in the north as in the south, parks are markers of the bureaucratisation of territory and, in this case, the centrepiece of a strategy to maintain and expand the political power of the Frelimo party-state.<\/p>\n\t\t\t <p><strong><a href=\"https:\/\/www.karthala.com\/questions-transnationales\/3473-politiques-de-la-nature-et-nature-de-l-etat-la-fabrique-transnationale-de-l-action-publique-au-mozambique-9782811128739.html\" target=\"_blank\" rel=\"noopener\">Karthala paper version<\/a><\/strong><strong><a href=\"https:\/\/shs.cairn.info\/politiques-de-la-nature-nature-de-l-etat--9782811128739?lang=fr\" target=\"_blank\" rel=\"noopener\">Digital version Cairn<\/a><\/strong><\/p>\t\t\n\t\t\t\t<img loading=\"lazy\" decoding=\"async\" src=\"https:\/\/mesopolhis.fr\/wp-content\/uploads\/2023\/06\/COUV-ROZENN-NAKABANO-DIALLO-ouvrage-LAM-Karthala-2022-e1676282014671.jpeg\" alt=\"COUV-ROZENN-NAKABANO-DIALLO-ouvrage-LAM-Karthala-2022-e1676282014671\" height=\"600\" width=\"423\" title=\"COUV-ROZENN-NAKABANO-DIALLO-ouvrage-LAM-Karthala-2022-e1676282014671\" \/>\n\t\t\t<h3> Author<\/h3> <p><strong>Rozenn Nakanabo Diallo<\/strong> is a lecturer in political science at LAM-Sciences Po Bordeaux. She specialises in nature conservation policies in Africa, and her research focuses in particular on the sociology of the state and administrative elites in Mozambique.<\/p>\t\t\n\t\t\t<h3> Publication date<\/h3> <p>20\/10\/2022<\/p>\t\t\n\t<h3><strong>Contents<\/strong><\/h3>\n<p><strong>Introduction<\/strong><\/p>\n<p><strong>Chapter 1<\/strong>. Extrovert nature policies<\/p>\n<p><strong>Chapter 2.<\/strong> Elite intermediaries: development professionals at the service of the state-Frelimo<\/p>\n<p><strong>Chapter 3.<\/strong> In Maputo: a concertina of transnational public action<\/p>\n<p><strong>Chapter 4.<\/strong> In Gorongosa: philanthropic conservation and the shadow of state power<\/p>\n<p><strong>Chapter 5.<\/strong> In Limpopo: failing cross-border conservation, a vector for territorial affirmation<\/p>\n<p><strong>Conclusion.<\/strong> What the politics of nature tell us about the nature of the State<\/p>\n<p>&nbsp;<\/p>\n\t<h3><strong>Reviews and speeches<\/strong><\/h3>\n<blockquote><p><a href=\"https:\/\/spx.hypotheses.org\/5377\"><em><strong>An eye on the city<\/strong><\/em><\/a>, 2023, \u00abInterview with Rozenn Diallo to mark the publication of her book\u00bb.<\/p><\/blockquote>\n<p>&nbsp;<\/p>\n<blockquote><p>Rozenn Diallo, 2018, <strong><a href=\"https:\/\/www.youtube.com\/watch?v=eggqKrR8sAg&amp;ab_channel=MSHSUD\">Recovering from war and nature conservation: the story of a national park in Mozambique<\/a><\/strong>MSH Sud TV, Youtube.<\/p><\/blockquote>","protected":false},"excerpt":{"rendered":"<p>Home \u00bb Politique de la nature, nature de l'\u00c9tat. Rozenn Nakanabo Diallo, 2022 Politique de la nature, nature de l'\u00c9tat La fabrique transnationale de l'action publique au Mozambique par Rozenn Nakanabo Diallo R\u00e9sum\u00e9 This book shows the close relationship between nature policies and the nature of the State as applied to Mozambique. The study of...<\/p>","protected":false},"author":4,"featured_media":0,"parent":0,"menu_order":0,"comment_status":"closed","ping_status":"closed","template":"","meta":{"_acf_changed":false,"inline_featured_image":false,"footnotes":""},"class_list":["post-33418","page","type-page","status-publish","hentry"],"acf":[],"yoast_head":"<!-- This site is optimized with the Yoast SEO plugin v27.3 - https:\/\/yoast.com\/product\/yoast-seo-wordpress\/ -->\n<title>Politique de la nature, nature de l\u2019\u00c9tat. Rozenn Nakanabo Diallo, 2022 - Mesopolhis<\/title>\n<meta name=\"robots\" content=\"index, follow, max-snippet:-1, max-image-preview:large, max-video-preview:-1\" \/>\n<link rel=\"canonical\" href=\"https:\/\/mesopolhis.fr\/en\/nature-policy-nature-of-letat-rozenn-nakanabo-diallo-2022\/\" \/>\n<meta property=\"og:locale\" content=\"en_GB\" \/>\n<meta property=\"og:type\" content=\"article\" \/>\n<meta property=\"og:title\" content=\"Politique de la nature, nature de l\u2019\u00c9tat. Rozenn Nakanabo Diallo, 2022 - Mesopolhis\" \/>\n<meta property=\"og:description\" content=\"Accueil &raquo; Politique de la nature, nature de l&rsquo;\u00c9tat. Rozenn Nakanabo Diallo, 2022 Politique de la nature, nature de l&rsquo;\u00c9tat La fabrique transnationale de l&rsquo;action publique au Mozambiquepar Rozenn Nakanabo Diallo R\u00e9sum\u00e9 Cet ouvrage montre la relation \u00e9troite entre politiques de la nature et nature de l&rsquo;\u00c9tat appliqu\u00e9e au cas du Mozambique. L&rsquo;\u00e9tude des politiques&hellip;\" \/>\n<meta property=\"og:url\" content=\"https:\/\/mesopolhis.fr\/en\/nature-policy-nature-of-letat-rozenn-nakanabo-diallo-2022\/\" \/>\n<meta property=\"og:site_name\" content=\"Mesopolhis\" \/>\n<meta property=\"article:modified_time\" content=\"2025-06-23T09:54:36+00:00\" \/>\n<meta property=\"og:image\" content=\"https:\/\/mesopolhis.fr\/wp-content\/uploads\/2023\/06\/COUV-ROZENN-NAKABANO-DIALLO-ouvrage-LAM-Karthala-2022-e1676282014671.jpeg\" \/>\n<meta name=\"twitter:card\" content=\"summary_large_image\" \/>\n<meta name=\"twitter:label1\" content=\"Estimated reading time\" \/>\n\t<meta name=\"twitter:data1\" content=\"3 minutes\" \/>\n<script type=\"application\/ld+json\" class=\"yoast-schema-graph\">{\"@context\":\"https:\\\/\\\/schema.org\",\"@graph\":[{\"@type\":\"WebPage\",\"@id\":\"https:\\\/\\\/mesopolhis.fr\\\/politique-de-la-nature-nature-de-letat-rozenn-nakanabo-diallo-2022\\\/\",\"url\":\"https:\\\/\\\/mesopolhis.fr\\\/politique-de-la-nature-nature-de-letat-rozenn-nakanabo-diallo-2022\\\/\",\"name\":\"Politique de la nature, nature de l\u2019\u00c9tat. Rozenn Nakanabo Diallo, 2022 - Mesopolhis\",\"isPartOf\":{\"@id\":\"https:\\\/\\\/mesopolhis.fr\\\/#website\"},\"primaryImageOfPage\":{\"@id\":\"https:\\\/\\\/mesopolhis.fr\\\/politique-de-la-nature-nature-de-letat-rozenn-nakanabo-diallo-2022\\\/#primaryimage\"},\"image\":{\"@id\":\"https:\\\/\\\/mesopolhis.fr\\\/politique-de-la-nature-nature-de-letat-rozenn-nakanabo-diallo-2022\\\/#primaryimage\"},\"thumbnailUrl\":\"https:\\\/\\\/mesopolhis.fr\\\/wp-content\\\/uploads\\\/2023\\\/06\\\/COUV-ROZENN-NAKABANO-DIALLO-ouvrage-LAM-Karthala-2022-e1676282014671.jpeg\",\"datePublished\":\"2023-06-05T13:24:28+00:00\",\"dateModified\":\"2025-06-23T09:54:36+00:00\",\"breadcrumb\":{\"@id\":\"https:\\\/\\\/mesopolhis.fr\\\/politique-de-la-nature-nature-de-letat-rozenn-nakanabo-diallo-2022\\\/#breadcrumb\"},\"inLanguage\":\"en-GB\",\"potentialAction\":[{\"@type\":\"ReadAction\",\"target\":[\"https:\\\/\\\/mesopolhis.fr\\\/politique-de-la-nature-nature-de-letat-rozenn-nakanabo-diallo-2022\\\/\"]}]},{\"@type\":\"ImageObject\",\"inLanguage\":\"en-GB\",\"@id\":\"https:\\\/\\\/mesopolhis.fr\\\/politique-de-la-nature-nature-de-letat-rozenn-nakanabo-diallo-2022\\\/#primaryimage\",\"url\":\"https:\\\/\\\/mesopolhis.fr\\\/wp-content\\\/uploads\\\/2023\\\/06\\\/COUV-ROZENN-NAKABANO-DIALLO-ouvrage-LAM-Karthala-2022-e1676282014671.jpeg\",\"contentUrl\":\"https:\\\/\\\/mesopolhis.fr\\\/wp-content\\\/uploads\\\/2023\\\/06\\\/COUV-ROZENN-NAKABANO-DIALLO-ouvrage-LAM-Karthala-2022-e1676282014671.jpeg\"},{\"@type\":\"BreadcrumbList\",\"@id\":\"https:\\\/\\\/mesopolhis.fr\\\/politique-de-la-nature-nature-de-letat-rozenn-nakanabo-diallo-2022\\\/#breadcrumb\",\"itemListElement\":[{\"@type\":\"ListItem\",\"position\":1,\"name\":\"Accueil\",\"item\":\"https:\\\/\\\/mesopolhis.fr\\\/\"},{\"@type\":\"ListItem\",\"position\":2,\"name\":\"Politique de la nature, nature de l\u2019\u00c9tat. Rozenn Nakanabo Diallo, 2022\"}]},{\"@type\":\"WebSite\",\"@id\":\"https:\\\/\\\/mesopolhis.fr\\\/#website\",\"url\":\"https:\\\/\\\/mesopolhis.fr\\\/\",\"name\":\"Mesopolhis\",\"description\":\"Centre m\u00e9diterran\u00e9en de sociologie, de science politique et d&#039;histoire\",\"publisher\":{\"@id\":\"https:\\\/\\\/mesopolhis.fr\\\/#organization\"},\"potentialAction\":[{\"@type\":\"SearchAction\",\"target\":{\"@type\":\"EntryPoint\",\"urlTemplate\":\"https:\\\/\\\/mesopolhis.fr\\\/?s={search_term_string}\"},\"query-input\":{\"@type\":\"PropertyValueSpecification\",\"valueRequired\":true,\"valueName\":\"search_term_string\"}}],\"inLanguage\":\"en-GB\"},{\"@type\":\"Organization\",\"@id\":\"https:\\\/\\\/mesopolhis.fr\\\/#organization\",\"name\":\"Mesopolhis\",\"url\":\"https:\\\/\\\/mesopolhis.fr\\\/\",\"logo\":{\"@type\":\"ImageObject\",\"inLanguage\":\"en-GB\",\"@id\":\"https:\\\/\\\/mesopolhis.fr\\\/#\\\/schema\\\/logo\\\/image\\\/\",\"url\":\"https:\\\/\\\/mesopolhis.fr\\\/wp-content\\\/uploads\\\/2021\\\/12\\\/Logo_MESOPOLHIS_Quadri.png\",\"contentUrl\":\"https:\\\/\\\/mesopolhis.fr\\\/wp-content\\\/uploads\\\/2021\\\/12\\\/Logo_MESOPOLHIS_Quadri.png\",\"width\":264,\"height\":69,\"caption\":\"Mesopolhis\"},\"image\":{\"@id\":\"https:\\\/\\\/mesopolhis.fr\\\/#\\\/schema\\\/logo\\\/image\\\/\"}}]}<\/script>\n<!-- \/ Yoast SEO plugin. -->","yoast_head_json":{"title":"The politics of nature, the nature of the State. Rozenn Nakanabo Diallo, 2022 - Mesopolhis","robots":{"index":"index","follow":"follow","max-snippet":"max-snippet:-1","max-image-preview":"max-image-preview:large","max-video-preview":"max-video-preview:-1"},"canonical":"https:\/\/mesopolhis.fr\/en\/nature-policy-nature-of-letat-rozenn-nakanabo-diallo-2022\/","og_locale":"en_GB","og_type":"article","og_title":"Politique de la nature, nature de l\u2019\u00c9tat. Rozenn Nakanabo Diallo, 2022 - Mesopolhis","og_description":"Accueil &raquo; Politique de la nature, nature de l&rsquo;\u00c9tat. Rozenn Nakanabo Diallo, 2022 Politique de la nature, nature de l&rsquo;\u00c9tat La fabrique transnationale de l&rsquo;action publique au Mozambiquepar Rozenn Nakanabo Diallo R\u00e9sum\u00e9 Cet ouvrage montre la relation \u00e9troite entre politiques de la nature et nature de l&rsquo;\u00c9tat appliqu\u00e9e au cas du Mozambique. L&rsquo;\u00e9tude des politiques&hellip;","og_url":"https:\/\/mesopolhis.fr\/en\/nature-policy-nature-of-letat-rozenn-nakanabo-diallo-2022\/","og_site_name":"Mesopolhis","article_modified_time":"2025-06-23T09:54:36+00:00","og_image":[{"url":"https:\/\/mesopolhis.fr\/wp-content\/uploads\/2023\/06\/COUV-ROZENN-NAKABANO-DIALLO-ouvrage-LAM-Karthala-2022-e1676282014671.jpeg","type":"","width":"","height":""}],"twitter_card":"summary_large_image","twitter_misc":{"Estimated reading time":"3 minutes"},"schema":{"@context":"https:\/\/schema.org","@graph":[{"@type":"WebPage","@id":"https:\/\/mesopolhis.fr\/politique-de-la-nature-nature-de-letat-rozenn-nakanabo-diallo-2022\/","url":"https:\/\/mesopolhis.fr\/politique-de-la-nature-nature-de-letat-rozenn-nakanabo-diallo-2022\/","name":"The politics of nature, the nature of the State. Rozenn Nakanabo Diallo, 2022 - Mesopolhis","isPartOf":{"@id":"https:\/\/mesopolhis.fr\/#website"},"primaryImageOfPage":{"@id":"https:\/\/mesopolhis.fr\/politique-de-la-nature-nature-de-letat-rozenn-nakanabo-diallo-2022\/#primaryimage"},"image":{"@id":"https:\/\/mesopolhis.fr\/politique-de-la-nature-nature-de-letat-rozenn-nakanabo-diallo-2022\/#primaryimage"},"thumbnailUrl":"https:\/\/mesopolhis.fr\/wp-content\/uploads\/2023\/06\/COUV-ROZENN-NAKABANO-DIALLO-ouvrage-LAM-Karthala-2022-e1676282014671.jpeg","datePublished":"2023-06-05T13:24:28+00:00","dateModified":"2025-06-23T09:54:36+00:00","breadcrumb":{"@id":"https:\/\/mesopolhis.fr\/politique-de-la-nature-nature-de-letat-rozenn-nakanabo-diallo-2022\/#breadcrumb"},"inLanguage":"en-GB","potentialAction":[{"@type":"ReadAction","target":["https:\/\/mesopolhis.fr\/politique-de-la-nature-nature-de-letat-rozenn-nakanabo-diallo-2022\/"]}]},{"@type":"ImageObject","inLanguage":"en-GB","@id":"https:\/\/mesopolhis.fr\/politique-de-la-nature-nature-de-letat-rozenn-nakanabo-diallo-2022\/#primaryimage","url":"https:\/\/mesopolhis.fr\/wp-content\/uploads\/2023\/06\/COUV-ROZENN-NAKABANO-DIALLO-ouvrage-LAM-Karthala-2022-e1676282014671.jpeg","contentUrl":"https:\/\/mesopolhis.fr\/wp-content\/uploads\/2023\/06\/COUV-ROZENN-NAKABANO-DIALLO-ouvrage-LAM-Karthala-2022-e1676282014671.jpeg"},{"@type":"BreadcrumbList","@id":"https:\/\/mesopolhis.fr\/politique-de-la-nature-nature-de-letat-rozenn-nakanabo-diallo-2022\/#breadcrumb","itemListElement":[{"@type":"ListItem","position":1,"name":"Accueil","item":"https:\/\/mesopolhis.fr\/"},{"@type":"ListItem","position":2,"name":"Politique de la nature, nature de l\u2019\u00c9tat. Rozenn Nakanabo Diallo, 2022"}]},{"@type":"WebSite","@id":"https:\/\/mesopolhis.fr\/#website","url":"https:\/\/mesopolhis.fr\/","name":"Mesopolhis","description":"Mediterranean Centre for Sociology, Political Science and History","publisher":{"@id":"https:\/\/mesopolhis.fr\/#organization"},"potentialAction":[{"@type":"SearchAction","target":{"@type":"EntryPoint","urlTemplate":"https:\/\/mesopolhis.fr\/?s={search_term_string}"},"query-input":{"@type":"PropertyValueSpecification","valueRequired":true,"valueName":"search_term_string"}}],"inLanguage":"en-GB"},{"@type":"Organization","@id":"https:\/\/mesopolhis.fr\/#organization","name":"Mesopolhis","url":"https:\/\/mesopolhis.fr\/","logo":{"@type":"ImageObject","inLanguage":"en-GB","@id":"https:\/\/mesopolhis.fr\/#\/schema\/logo\/image\/","url":"https:\/\/mesopolhis.fr\/wp-content\/uploads\/2021\/12\/Logo_MESOPOLHIS_Quadri.png","contentUrl":"https:\/\/mesopolhis.fr\/wp-content\/uploads\/2021\/12\/Logo_MESOPOLHIS_Quadri.png","width":264,"height":69,"caption":"Mesopolhis"},"image":{"@id":"https:\/\/mesopolhis.fr\/#\/schema\/logo\/image\/"}}]}},"_links":{"self":[{"href":"https:\/\/mesopolhis.fr\/en\/wp-json\/wp\/v2\/pages\/33418","targetHints":{"allow":["GET"]}}],"collection":[{"href":"https:\/\/mesopolhis.fr\/en\/wp-json\/wp\/v2\/pages"}],"about":[{"href":"https:\/\/mesopolhis.fr\/en\/wp-json\/wp\/v2\/types\/page"}],"author":[{"embeddable":true,"href":"https:\/\/mesopolhis.fr\/en\/wp-json\/wp\/v2\/users\/4"}],"replies":[{"embeddable":true,"href":"https:\/\/mesopolhis.fr\/en\/wp-json\/wp\/v2\/comments?post=33418"}],"version-history":[{"count":0,"href":"https:\/\/mesopolhis.fr\/en\/wp-json\/wp\/v2\/pages\/33418\/revisions"}],"wp:attachment":[{"href":"https:\/\/mesopolhis.fr\/en\/wp-json\/wp\/v2\/media?parent=33418"}],"curies":[{"name":"wp","href":"https:\/\/api.w.org\/{rel}","templated":true}]}}