{"id":33415,"date":"2023-06-05T15:17:27","date_gmt":"2023-06-05T13:17:27","guid":{"rendered":"https:\/\/mesopolhis.fr\/?page_id=33415"},"modified":"2023-06-21T14:45:21","modified_gmt":"2023-06-21T12:45:21","slug":"defeating-democracy-bonnard-pascal-dakowska-dorota-gobille-boris-dir-2021","status":"publish","type":"page","link":"https:\/\/mesopolhis.fr\/en\/defeating-democracy-bonnard-pascal-dakowska-dorota-gobille-boris-dir-2021\/","title":{"rendered":"Faire, d\u00e9faire la d\u00e9mocratie. Bonnard Pascal, Dakowska Dorota, Gobille Boris (dir.), 2021"},"content":{"rendered":"\n\n\t<a href=\"https:\/\/mesopolhis.fr\/\">Accueil<\/a> &raquo; Faire, d\u00e9faire la d\u00e9mocratie. Bonnard Pascal, Dakowska Dorota, Gobille Boris (dir.), 2021<h2>\n\t\tFaire, d\u00e9faire la d\u00e9mocratie\n\t<\/h2>\n<h3>\n\t\tDe Moscou, Bogota, T\u00e9h\u00e9ran au conseil de l&rsquo;Europe<br \/>par Bonnard Pascal, Dakowska Dorota, Gobille Boris (dir.)\n\t<\/h3>\n\t<h3><strong>R\u00e9sum\u00e9<\/strong><\/h3>\nCet ouvrage part d&rsquo;un paradoxe d&rsquo;une br\u00fblante actualit\u00e9 : alors que les r\u00e9gimes autoritaires tendent \u00e0 se durcir et que les libert\u00e9s publiques sont de plus en plus remises en question dans les d\u00e9mocraties lib\u00e9rales, le formalisme d\u00e9mocratique (norme \u00e9lectorale, expression de la \u00ab\u00a0soci\u00e9t\u00e9 civile\u00a0\u00bb, dispositifs participatifs, etc) continue d&rsquo;\u00eatre tr\u00e8s largement mobilis\u00e9 comme source de l\u00e9gitimation interne et internationale.<br \/>\nA partir d&rsquo;enqu\u00eates men\u00e9es sur les pratiques d&rsquo;une grande diversit\u00e9 de pays (Alg\u00e9rie, Azerba\u00efdjan, Bi\u00e9lorussie, Colombie, France, Iran, Pologne, Russie, Turquie), les contributions rassembl\u00e9es ici donnent \u00e0 voir comment la norme d\u00e9mocratique, tout en demeurant incontournable, se trouve dans bien des cas affaiblie sinon vid\u00e9e de sa substance \u00e0 mesure qu&rsquo;elle recouvre des formes plus ou moins raffin\u00e9es de surveillance et de contr\u00f4le.<br \/>\nAppara\u00eet ainsi le brouillage contemporain de la fronti\u00e8re entre autoritarisme et d\u00e9mocratie, auquel les d\u00e9mocraties et les organisations internationales pr\u00eatent parfois leur concours lorsqu&rsquo;elles sont amen\u00e9es \u00e0 en rabattre sur leurs standards.\n\t\t\t <p><strong><a href=\"https:\/\/www.karthala.com\/questions-transnationales\/3396-faire-defaire-la-democratie-de-moscou-bogota-et-teheran-au-conseil-de-l-europe-9782811128500.html\">Version papier Karthala<\/a><\/strong><strong><a href=\"https:\/\/www.cairn.info\/faire-defaire-la-democratie--9782811128500.htm\">Version num\u00e9rique Cairn<\/a><\/strong><\/p>\t\t\n\t\t\t\t<img loading=\"lazy\" decoding=\"async\" src=\"https:\/\/mesopolhis.fr\/wp-content\/uploads\/2023\/06\/9782811128500-475x500-2.webp\" alt=\"9782811128500-475x500-2\" itemprop=\"image\" height=\"1000\" width=\"654\" title=\"9782811128500-475x500-2\" onerror=\"this.style.display='none'\"  \/>\n\t\t\t<h3> Auteurs<\/h3> <p><strong>Pascal Bonnard<\/strong> est Ma\u00eetre de conf\u00e9rences en science politique \u00e0 l&rsquo;Universit\u00e9 Jean Monnet de Saint-Etienne.<a href=\"https:\/\/mesopolhis.fr\/blog\/membres\/dakowska-dorota\/\"><strong>Dorota Dakowska<\/strong><\/a> est Professeur de science politique \u00e0 Sciences Po Aix, Mesopolhis.<strong>Boris Gobille<\/strong> est Ma\u00eetre de conf\u00e9rences en science politique \u00e0 l&rsquo;Ecole Normale Sup\u00e9rieure de Lyon.Ont \u00e9galement contribu\u00e9 \u00e0 cet ouvrage : Myriam A\u00eft Aoudia, Maria Bigday, Vanessa Codaccioni, Fran\u00e7oise Dauc\u00e9, Quentin Deforge, Cl\u00e9mentine Fauconnier, Gilles Favarel-Garrigues, Yauheni Kryzhanouski, Genevi\u00e8ve Lessard, Ana\u00efs Marin, Elise Massicard, Sahar Aurore Saeidnia, Tatyana Shukan et Fr\u00e9d\u00e9ric Zalewski.<\/p>\t\t\n\t\t\t<h3> Date de publication<\/h3> <p>08\/04\/2021<\/p>\t\t\n\t<h3><strong>Sommaire<\/strong><\/h3>\n<p>Introduction &#8211; Au nom de la d\u00e9mocratie. Ar\u00e8nes transnationales, passeurs locaux, appropriations autoritaires<\/p>\n<p>Pascal Bonnard, Dorota Dakowska et Boris Gobille<\/p>\n<p>&nbsp;<\/p>\n<p>Partie 1. Organisations internationales et promotion ambivalente de la d\u00e9mocratie<\/p>\n<p>Chapitre 1 &#8211;\u00a0La fabrique internationale de la \u00ab d\u00e9mocratie \u00bb et de l&rsquo;\u00ab autoritarisme \u00bb : l&rsquo;Azerba\u00efdjan et le B\u00e9larus au prisme du Conseil de l&rsquo;Europe &#8211; Yauheni Kryzhanouski et Maria Bigday<\/p>\n<p>Chapitre 2 &#8211;\u00a0Parlement d\u00e9mocratique ou chambre d&rsquo;enregistrement ? Mise \u00e0 l&rsquo;agenda et contestation des normes d\u00e9mocratiques dans le champ transnational des politiques de \u00ab gouvernance \u00bb &#8211; Quentin Deforge<\/p>\n<p>Chapitre 3 &#8211;\u00a0(R\u00e9)interroger le r\u00f4le des droits humains en d\u00e9mocratie : la contribution de la Cour interam\u00e9ricaine des droits de l&rsquo;Homme \u00e0 la d\u00e9mocratie colombienne &#8211; Genevi\u00e8ve Lessard<\/p>\n<p>Chapitre 4 &#8211;\u00a0Comment la Russie d\u00e9voie l&rsquo;observation \u00e9lectorale internationale. La manipulation strat\u00e9gique d&rsquo;un outil de l\u00e9gitimation externe des r\u00e9gimes autoritaires d&rsquo;Eurasie post-sovi\u00e9tique &#8211; Ana\u00efs Marin<\/p>\n<p>&nbsp;<\/p>\n<p>Partie 2. R\u00e9pertoires d\u00e9mocratiques et l\u00e9gitimation autoritaire<\/p>\n<p>Chapitre 5 &#8211;\u00a0Circulations et appropriations de pratiques d\u00e9mocratiques en situation autoritaire : quel r\u00f4le pour les experts en strat\u00e9gie \u00e9lectorale en Russie ? &#8211; Cl\u00e9mentine Fauconnier<\/p>\n<p>Chapitre 6 &#8211;\u00a0La \u00ab soci\u00e9t\u00e9 civile \u00bb dans l&rsquo;ordre autoritaire : perspectives crois\u00e9es sur le monde associatif en Russie et en Turquie &#8211; Fran\u00e7oise Dauc\u00e9, Gilles Favarel-Garrigues et \u00c9lise Massicard<\/p>\n<p>Chapitre 7 &#8211;\u00a0Subvertir et instrumentaliser l&rsquo;action collective. Les organisations de jeunesse Nachi et Jeune Garde au service du pouvoir russe dans les ann\u00e9es 2000 &#8211; Tatyana Shukan<\/p>\n<p>Chapitre 8 &#8211;\u00a0Le T\u00e9h\u00e9ran du futur sera participatif ! Administrer la participation en contexte autoritaire &#8211; Sahar Aurore Saeidnia<\/p>\n<p>&nbsp;<\/p>\n<p>Partie 3. D\u00e9mocratisation et d\u00e9mocraties dans la zone grise<\/p>\n<p>Chapitre 9 &#8211;\u00a0Pluralisme limit\u00e9 ou d\u00e9mocratie militante ? Le\u00e7ons du cas alg\u00e9rien &#8211; Myriam A\u00eft-Aoudia<\/p>\n<p>Chapitre 10 &#8211;\u00a0La crise parlementaire de d\u00e9cembre 2016 en Pologne. Les crises politiques comme processus instituant dans les transformations autoritaires &#8211; Fr\u00e9d\u00e9ric Zalewski<\/p>\n<p>&nbsp;<\/p>\n<p>Postface &#8211;\u00a0Sur les atteintes \u00e0 l&rsquo;\u00c9tat de droit dans les d\u00e9mocraties \u00ab consolid\u00e9es \u00bb &#8211; Entretien avec Vanessa Codaccioni<\/p>\n\t<h3><strong>Recensions et interventions<\/strong><\/h3>\n<blockquote><p><a href=\"https:\/\/www.cairn.info\/revue-critique-internationale-2023-1-page-165.htm\"><em><strong>Critique internationale<\/strong><\/em><\/a>, 2023, n \u00b0 98, Rapha\u00eblle Parizet, p. 165-170.<\/p>\n<p>\u00ab\u00a0\u00c0\u00a0la diversit\u00e9 des pays dans lesquels ont \u00e9t\u00e9 conduites les enqu\u00eates correspond celle des mani\u00e8res dont les \u00ab\u00a0gages\u00a0\u00bb de d\u00e9mocratisation masquent souvent des atteintes aux droits humains, civils, politiques et sociaux de la part de r\u00e9gimes en position de force dans leurs territoires nationaux et espaces r\u00e9gionaux, peu favorables \u00e0 la poursuite d&rsquo;\u00e9changes diplomatiques et s&rsquo;autorisant \u00e0 bafouer les fondements de la souverainet\u00e9 nationale et des droits des peuples \u00e0 disposer d&rsquo;eux-m\u00eames.\u00a0\u00bb<\/p><\/blockquote>\n<p>&nbsp;<\/p>\n<blockquote><p><strong><a href=\"https:\/\/laviedesidees.fr\/_Ben-Mami-Riadh-Amine_\">Riadh Amine Ben Mami<\/a><\/strong>, 2022, \u00ab\u00a0<a href=\"https:\/\/laviedesidees.fr\/Faire-defaire-la-democratie.html\"><strong>Usages de la norme d\u00e9mocratique<\/strong>\u00a0<\/a>\u00bb, <strong><em>La vie des id\u00e9es<\/em><\/strong>.<\/p>\n<p>\u00ab\u00a0Comment un certain standard de la d\u00e9mocratie lib\u00e9rale est-il devenu une r\u00e9f\u00e9rence pour la plupart des r\u00e9gimes politiques contemporains\u00a0? Pourquoi cette norme d\u00e9mocratique standardis\u00e9e est-elle parfois appropri\u00e9e par des r\u00e9gimes tr\u00e8s autoritaires\u00a0? Cette \u00e9nigme que repr\u00e9sente l&rsquo;h\u00e9g\u00e9monie de la norme d\u00e9mocratique contemporaine est l&rsquo;objet principal d&rsquo;\u00e9tude de l&rsquo;ouvrage collectif dirig\u00e9 par les politistes Pascal Bonnard, Dorota Dakowska et Boris Gobille,\u00a0<em>Faire, d\u00e9faire la d\u00e9mocratie. De Moscou, Bogota et T\u00e9h\u00e9ran au Conseil de l&rsquo;Europe<\/em>, paru en 2021.\u00a0\u00bb<\/p>\n<p>&nbsp;<\/p>\n<p>\u00ab\u00a0Cet ouvrage intervient apr\u00e8s une vaste litt\u00e9rature en science politique [&#8230;] documentant, depuis les ann\u00e9es 2000, les diff\u00e9rents usages par des r\u00e9gimes autoritaires de pratiques des d\u00e9mocraties install\u00e9es. Mais l&rsquo;originalit\u00e9 de\u00a0<em>Faire, d\u00e9faire la d\u00e9mocratie<\/em>\u00a0r\u00e9side dans sa volont\u00e9 de ne pas se limiter \u00e0 une optique taxonomique ou normative. L&rsquo;ouvrage, en revenant au plus pr\u00e8s des performances contemporaines de la d\u00e9mocratie dans diff\u00e9rents contextes nationaux, de la part de groupes divers (gouvernementaux comme non-gouvernementaux), interroge la mani\u00e8re dont la \u00ab\u00a0norme d\u00e9mocratique\u00a0\u00bb est aujourd&rsquo;hui une cat\u00e9gorie essentielle de la l\u00e9gitimit\u00e9 gouvernementale.\u00a0\u00bb<\/p>\n<p>&nbsp;<\/p><\/blockquote>\n\n","protected":false},"excerpt":{"rendered":"<p>Accueil &raquo; Faire, d\u00e9faire la d\u00e9mocratie. Bonnard Pascal, Dakowska Dorota, Gobille Boris (dir.), 2021 Faire, d\u00e9faire la d\u00e9mocratie De Moscou, Bogota, T\u00e9h\u00e9ran au conseil de l&rsquo;Europepar Bonnard Pascal, Dakowska Dorota, Gobille Boris (dir.) R\u00e9sum\u00e9 Cet ouvrage part d&rsquo;un paradoxe d&rsquo;une br\u00fblante actualit\u00e9 : alors que les r\u00e9gimes autoritaires tendent \u00e0 se durcir et que les&hellip;<\/p>","protected":false},"author":4,"featured_media":0,"parent":0,"menu_order":0,"comment_status":"closed","ping_status":"closed","template":"","meta":{"_acf_changed":false,"inline_featured_image":false,"footnotes":""},"class_list":["post-33415","page","type-page","status-publish","hentry"],"acf":[],"yoast_head":"<!-- This site is optimized with the Yoast SEO plugin v27.4 - https:\/\/yoast.com\/product\/yoast-seo-wordpress\/ -->\n<title>Faire, d\u00e9faire la d\u00e9mocratie. Bonnard Pascal, Dakowska Dorota, Gobille Boris (dir.), 2021 - Mesopolhis<\/title>\n<meta name=\"robots\" content=\"index, follow, max-snippet:-1, max-image-preview:large, max-video-preview:-1\" \/>\n<link rel=\"canonical\" href=\"https:\/\/mesopolhis.fr\/en\/defeating-democracy-bonnard-pascal-dakowska-dorota-gobille-boris-dir-2021\/\" \/>\n<meta property=\"og:locale\" content=\"en_GB\" \/>\n<meta property=\"og:type\" content=\"article\" \/>\n<meta property=\"og:title\" content=\"Faire, d\u00e9faire la d\u00e9mocratie. Bonnard Pascal, Dakowska Dorota, Gobille Boris (dir.), 2021 - Mesopolhis\" \/>\n<meta property=\"og:description\" content=\"Accueil &raquo; Faire, d\u00e9faire la d\u00e9mocratie. Bonnard Pascal, Dakowska Dorota, Gobille Boris (dir.), 2021 Faire, d\u00e9faire la d\u00e9mocratie De Moscou, Bogota, T\u00e9h\u00e9ran au conseil de l&rsquo;Europepar Bonnard Pascal, Dakowska Dorota, Gobille Boris (dir.) R\u00e9sum\u00e9 Cet ouvrage part d&rsquo;un paradoxe d&rsquo;une br\u00fblante actualit\u00e9 : alors que les r\u00e9gimes autoritaires tendent \u00e0 se durcir et que les&hellip;\" \/>\n<meta property=\"og:url\" content=\"https:\/\/mesopolhis.fr\/en\/defeating-democracy-bonnard-pascal-dakowska-dorota-gobille-boris-dir-2021\/\" \/>\n<meta property=\"og:site_name\" content=\"Mesopolhis\" \/>\n<meta property=\"article:modified_time\" content=\"2023-06-21T12:45:21+00:00\" \/>\n<meta property=\"og:image\" content=\"https:\/\/mesopolhis.fr\/wp-content\/uploads\/2023\/06\/9782811128500-475x500-2.webp\" \/>\n<meta name=\"twitter:card\" content=\"summary_large_image\" \/>\n<meta name=\"twitter:label1\" content=\"Estimated reading time\" \/>\n\t<meta name=\"twitter:data1\" content=\"5 minutes\" \/>\n<script type=\"application\/ld+json\" class=\"yoast-schema-graph\">{\"@context\":\"https:\\\/\\\/schema.org\",\"@graph\":[{\"@type\":\"WebPage\",\"@id\":\"https:\\\/\\\/mesopolhis.fr\\\/faire-defaire-la-democratie-bonnard-pascal-dakowska-dorota-gobille-boris-dir-2021\\\/\",\"url\":\"https:\\\/\\\/mesopolhis.fr\\\/faire-defaire-la-democratie-bonnard-pascal-dakowska-dorota-gobille-boris-dir-2021\\\/\",\"name\":\"Faire, d\u00e9faire la d\u00e9mocratie. Bonnard Pascal, Dakowska Dorota, Gobille Boris (dir.), 2021 - Mesopolhis\",\"isPartOf\":{\"@id\":\"https:\\\/\\\/mesopolhis.fr\\\/#website\"},\"primaryImageOfPage\":{\"@id\":\"https:\\\/\\\/mesopolhis.fr\\\/faire-defaire-la-democratie-bonnard-pascal-dakowska-dorota-gobille-boris-dir-2021\\\/#primaryimage\"},\"image\":{\"@id\":\"https:\\\/\\\/mesopolhis.fr\\\/faire-defaire-la-democratie-bonnard-pascal-dakowska-dorota-gobille-boris-dir-2021\\\/#primaryimage\"},\"thumbnailUrl\":\"https:\\\/\\\/mesopolhis.fr\\\/wp-content\\\/uploads\\\/2023\\\/06\\\/9782811128500-475x500-2.webp\",\"datePublished\":\"2023-06-05T13:17:27+00:00\",\"dateModified\":\"2023-06-21T12:45:21+00:00\",\"breadcrumb\":{\"@id\":\"https:\\\/\\\/mesopolhis.fr\\\/faire-defaire-la-democratie-bonnard-pascal-dakowska-dorota-gobille-boris-dir-2021\\\/#breadcrumb\"},\"inLanguage\":\"en-GB\",\"potentialAction\":[{\"@type\":\"ReadAction\",\"target\":[\"https:\\\/\\\/mesopolhis.fr\\\/faire-defaire-la-democratie-bonnard-pascal-dakowska-dorota-gobille-boris-dir-2021\\\/\"]}]},{\"@type\":\"ImageObject\",\"inLanguage\":\"en-GB\",\"@id\":\"https:\\\/\\\/mesopolhis.fr\\\/faire-defaire-la-democratie-bonnard-pascal-dakowska-dorota-gobille-boris-dir-2021\\\/#primaryimage\",\"url\":\"https:\\\/\\\/mesopolhis.fr\\\/wp-content\\\/uploads\\\/2023\\\/06\\\/9782811128500-475x500-2.webp\",\"contentUrl\":\"https:\\\/\\\/mesopolhis.fr\\\/wp-content\\\/uploads\\\/2023\\\/06\\\/9782811128500-475x500-2.webp\"},{\"@type\":\"BreadcrumbList\",\"@id\":\"https:\\\/\\\/mesopolhis.fr\\\/faire-defaire-la-democratie-bonnard-pascal-dakowska-dorota-gobille-boris-dir-2021\\\/#breadcrumb\",\"itemListElement\":[{\"@type\":\"ListItem\",\"position\":1,\"name\":\"Accueil\",\"item\":\"https:\\\/\\\/mesopolhis.fr\\\/\"},{\"@type\":\"ListItem\",\"position\":2,\"name\":\"Faire, d\u00e9faire la d\u00e9mocratie. Bonnard Pascal, Dakowska Dorota, Gobille Boris (dir.), 2021\"}]},{\"@type\":\"WebSite\",\"@id\":\"https:\\\/\\\/mesopolhis.fr\\\/#website\",\"url\":\"https:\\\/\\\/mesopolhis.fr\\\/\",\"name\":\"Mesopolhis\",\"description\":\"Centre m\u00e9diterran\u00e9en de sociologie, de science politique et d&#039;histoire\",\"publisher\":{\"@id\":\"https:\\\/\\\/mesopolhis.fr\\\/#organization\"},\"potentialAction\":[{\"@type\":\"SearchAction\",\"target\":{\"@type\":\"EntryPoint\",\"urlTemplate\":\"https:\\\/\\\/mesopolhis.fr\\\/?s={search_term_string}\"},\"query-input\":{\"@type\":\"PropertyValueSpecification\",\"valueRequired\":true,\"valueName\":\"search_term_string\"}}],\"inLanguage\":\"en-GB\"},{\"@type\":\"Organization\",\"@id\":\"https:\\\/\\\/mesopolhis.fr\\\/#organization\",\"name\":\"Mesopolhis\",\"url\":\"https:\\\/\\\/mesopolhis.fr\\\/\",\"logo\":{\"@type\":\"ImageObject\",\"inLanguage\":\"en-GB\",\"@id\":\"https:\\\/\\\/mesopolhis.fr\\\/#\\\/schema\\\/logo\\\/image\\\/\",\"url\":\"https:\\\/\\\/mesopolhis.fr\\\/wp-content\\\/uploads\\\/2021\\\/12\\\/Logo_MESOPOLHIS_Quadri.png\",\"contentUrl\":\"https:\\\/\\\/mesopolhis.fr\\\/wp-content\\\/uploads\\\/2021\\\/12\\\/Logo_MESOPOLHIS_Quadri.png\",\"width\":264,\"height\":69,\"caption\":\"Mesopolhis\"},\"image\":{\"@id\":\"https:\\\/\\\/mesopolhis.fr\\\/#\\\/schema\\\/logo\\\/image\\\/\"}}]}<\/script>\n<!-- \/ Yoast SEO plugin. -->","yoast_head_json":{"title":"Making and unmaking democracy. Bonnard Pascal, Dakowska Dorota, Gobille Boris (dir.), 2021 - Mesopolhis","robots":{"index":"index","follow":"follow","max-snippet":"max-snippet:-1","max-image-preview":"max-image-preview:large","max-video-preview":"max-video-preview:-1"},"canonical":"https:\/\/mesopolhis.fr\/en\/defeating-democracy-bonnard-pascal-dakowska-dorota-gobille-boris-dir-2021\/","og_locale":"en_GB","og_type":"article","og_title":"Faire, d\u00e9faire la d\u00e9mocratie. Bonnard Pascal, Dakowska Dorota, Gobille Boris (dir.), 2021 - Mesopolhis","og_description":"Accueil &raquo; Faire, d\u00e9faire la d\u00e9mocratie. Bonnard Pascal, Dakowska Dorota, Gobille Boris (dir.), 2021 Faire, d\u00e9faire la d\u00e9mocratie De Moscou, Bogota, T\u00e9h\u00e9ran au conseil de l&rsquo;Europepar Bonnard Pascal, Dakowska Dorota, Gobille Boris (dir.) R\u00e9sum\u00e9 Cet ouvrage part d&rsquo;un paradoxe d&rsquo;une br\u00fblante actualit\u00e9 : alors que les r\u00e9gimes autoritaires tendent \u00e0 se durcir et que les&hellip;","og_url":"https:\/\/mesopolhis.fr\/en\/defeating-democracy-bonnard-pascal-dakowska-dorota-gobille-boris-dir-2021\/","og_site_name":"Mesopolhis","article_modified_time":"2023-06-21T12:45:21+00:00","og_image":[{"url":"https:\/\/mesopolhis.fr\/wp-content\/uploads\/2023\/06\/9782811128500-475x500-2.webp","type":"","width":"","height":""}],"twitter_card":"summary_large_image","twitter_misc":{"Estimated reading time":"5 minutes"},"schema":{"@context":"https:\/\/schema.org","@graph":[{"@type":"WebPage","@id":"https:\/\/mesopolhis.fr\/faire-defaire-la-democratie-bonnard-pascal-dakowska-dorota-gobille-boris-dir-2021\/","url":"https:\/\/mesopolhis.fr\/faire-defaire-la-democratie-bonnard-pascal-dakowska-dorota-gobille-boris-dir-2021\/","name":"Making and unmaking democracy. Bonnard Pascal, Dakowska Dorota, Gobille Boris (dir.), 2021 - Mesopolhis","isPartOf":{"@id":"https:\/\/mesopolhis.fr\/#website"},"primaryImageOfPage":{"@id":"https:\/\/mesopolhis.fr\/faire-defaire-la-democratie-bonnard-pascal-dakowska-dorota-gobille-boris-dir-2021\/#primaryimage"},"image":{"@id":"https:\/\/mesopolhis.fr\/faire-defaire-la-democratie-bonnard-pascal-dakowska-dorota-gobille-boris-dir-2021\/#primaryimage"},"thumbnailUrl":"https:\/\/mesopolhis.fr\/wp-content\/uploads\/2023\/06\/9782811128500-475x500-2.webp","datePublished":"2023-06-05T13:17:27+00:00","dateModified":"2023-06-21T12:45:21+00:00","breadcrumb":{"@id":"https:\/\/mesopolhis.fr\/faire-defaire-la-democratie-bonnard-pascal-dakowska-dorota-gobille-boris-dir-2021\/#breadcrumb"},"inLanguage":"en-GB","potentialAction":[{"@type":"ReadAction","target":["https:\/\/mesopolhis.fr\/faire-defaire-la-democratie-bonnard-pascal-dakowska-dorota-gobille-boris-dir-2021\/"]}]},{"@type":"ImageObject","inLanguage":"en-GB","@id":"https:\/\/mesopolhis.fr\/faire-defaire-la-democratie-bonnard-pascal-dakowska-dorota-gobille-boris-dir-2021\/#primaryimage","url":"https:\/\/mesopolhis.fr\/wp-content\/uploads\/2023\/06\/9782811128500-475x500-2.webp","contentUrl":"https:\/\/mesopolhis.fr\/wp-content\/uploads\/2023\/06\/9782811128500-475x500-2.webp"},{"@type":"BreadcrumbList","@id":"https:\/\/mesopolhis.fr\/faire-defaire-la-democratie-bonnard-pascal-dakowska-dorota-gobille-boris-dir-2021\/#breadcrumb","itemListElement":[{"@type":"ListItem","position":1,"name":"Accueil","item":"https:\/\/mesopolhis.fr\/"},{"@type":"ListItem","position":2,"name":"Faire, d\u00e9faire la d\u00e9mocratie. Bonnard Pascal, Dakowska Dorota, Gobille Boris (dir.), 2021"}]},{"@type":"WebSite","@id":"https:\/\/mesopolhis.fr\/#website","url":"https:\/\/mesopolhis.fr\/","name":"Mesopolhis","description":"Mediterranean Centre for Sociology, Political Science and History","publisher":{"@id":"https:\/\/mesopolhis.fr\/#organization"},"potentialAction":[{"@type":"SearchAction","target":{"@type":"EntryPoint","urlTemplate":"https:\/\/mesopolhis.fr\/?s={search_term_string}"},"query-input":{"@type":"PropertyValueSpecification","valueRequired":true,"valueName":"search_term_string"}}],"inLanguage":"en-GB"},{"@type":"Organization","@id":"https:\/\/mesopolhis.fr\/#organization","name":"Mesopolhis","url":"https:\/\/mesopolhis.fr\/","logo":{"@type":"ImageObject","inLanguage":"en-GB","@id":"https:\/\/mesopolhis.fr\/#\/schema\/logo\/image\/","url":"https:\/\/mesopolhis.fr\/wp-content\/uploads\/2021\/12\/Logo_MESOPOLHIS_Quadri.png","contentUrl":"https:\/\/mesopolhis.fr\/wp-content\/uploads\/2021\/12\/Logo_MESOPOLHIS_Quadri.png","width":264,"height":69,"caption":"Mesopolhis"},"image":{"@id":"https:\/\/mesopolhis.fr\/#\/schema\/logo\/image\/"}}]}},"_links":{"self":[{"href":"https:\/\/mesopolhis.fr\/en\/wp-json\/wp\/v2\/pages\/33415","targetHints":{"allow":["GET"]}}],"collection":[{"href":"https:\/\/mesopolhis.fr\/en\/wp-json\/wp\/v2\/pages"}],"about":[{"href":"https:\/\/mesopolhis.fr\/en\/wp-json\/wp\/v2\/types\/page"}],"author":[{"embeddable":true,"href":"https:\/\/mesopolhis.fr\/en\/wp-json\/wp\/v2\/users\/4"}],"replies":[{"embeddable":true,"href":"https:\/\/mesopolhis.fr\/en\/wp-json\/wp\/v2\/comments?post=33415"}],"version-history":[{"count":0,"href":"https:\/\/mesopolhis.fr\/en\/wp-json\/wp\/v2\/pages\/33415\/revisions"}],"wp:attachment":[{"href":"https:\/\/mesopolhis.fr\/en\/wp-json\/wp\/v2\/media?parent=33415"}],"curies":[{"name":"wp","href":"https:\/\/api.w.org\/{rel}","templated":true}]}}