{"id":33396,"date":"2023-06-05T13:25:55","date_gmt":"2023-06-05T11:25:55","guid":{"rendered":"https:\/\/mesopolhis.fr\/?page_id=33396"},"modified":"2025-06-23T11:52:46","modified_gmt":"2025-06-23T09:52:46","slug":"in-the-borderlands-lucie-bargel-2023","status":"publish","type":"page","link":"https:\/\/mesopolhis.fr\/en\/in-the-borderlands-lucie-bargel-2023\/","title":{"rendered":"In the tangle of the border. Lucie Bargel, 2023"},"content":{"rendered":"<nav id=\"breadcrumbs\" aria-label=\"Breadcrumbs\"><a href=\"https:\/\/mesopolhis.fr\/en\/\">Home<\/a> &raquo; Dans l&rsquo;\u00e9cheveau de la fronti\u00e8re. Lucie Bargel, 2023<\/nav><h2>\n\t\tDans l&rsquo;\u00e9cheveau de la fronti\u00e8re\n\t<\/h2>\n<h3>\n\t\tAlignements et r\u00e9alignements des attachements politiques dans la Roya (XIXe &#8211; XXIe si\u00e8cles) par Lucie Bargel\n\t<\/h3>\n\t<h3><strong>Summary<\/strong><\/h3>\n<p>Cette ethnographie historique de la vall\u00e9e de la Roya, \u00e0 la fronti\u00e8re entre l&rsquo;Italie et la France, offre un point d&rsquo;entr\u00e9e dans l&rsquo;\u00e9cheveau de la fronti\u00e8re : il s&rsquo;agit de d\u00e9plier les diff\u00e9rentes lignes qui composent une fronti\u00e8re \u00e9tatique, presque parfaitement superpos\u00e9es \u00e0 tel point que leur pluralit\u00e9 devient invisible \u00ab vue du ciel \u00bb, mais aussi de suivre les processus au cours desquels ces limites de diff\u00e9rents ordres d&rsquo;activit\u00e9s (\u00e9changes commerciaux, usages linguistiques, etc.) viennent s&rsquo;aligner sur la fronti\u00e8re. Cette zone frontali\u00e8re constitue ainsi un terrain pour saisir la consistance locale d&rsquo;une appartenance \u00e9tatique.<\/p>\n<p>Par son histoire singuli\u00e8re, la Roya constitue un laboratoire \u00e0 ciel ouvert des effets de r\u00e9alignements que produit un d\u00e9placement de fronti\u00e8re (ici en 1947) sur un territoire et des populations. Elle r\u00e9v\u00e8le aussi le travail sp\u00e9cifique de l&rsquo;\u00c9tat \u00e0 ses fronti\u00e8res &#8211; d&rsquo;autant plus intense quand il s&rsquo;agit de revendiquer un nouveau territoire \u00e0 la fin de la Seconde guerre mondiale, et plus r\u00e9cemment de recommencer \u00e0 filtrer les mobilit\u00e9s humaines au sein de l&rsquo;espace Schengen ou de r\u00e9affirmer sa pr\u00e9sence apr\u00e8s la temp\u00eate de 2020 &#8211; et ses articulations avec l&rsquo;ensemble des mobilisations politiques dont la Roya a \u00e9t\u00e9 l&rsquo;objet au cours de son histoire.<\/p>\n\t\t\t <p><a href=\"https:\/\/www.karthala.com\/accueil\/3535-9908-dans-l-echeveau-de-la-frontiere-alignements-realignements-des-attachements-politiques-dans-la-roya-xixe-xxie.html#\/22-ebook-papier\"><strong>Karthala paper version<\/strong><\/a><a href=\"https:\/\/shs.cairn.info\/dans-l-echeveau-de-la-frontiere--9782384091119?lang=fr\" target=\"_blank\" rel=\"noopener\"><strong>Digital version Cairn<\/strong><\/a><\/p>\t\t\n\t\t\t\t<img loading=\"lazy\" decoding=\"async\" src=\"https:\/\/mesopolhis.fr\/wp-content\/uploads\/2023\/06\/Capture-decran-2023-06-05-a-13.22.49.png\" alt=\"Capture d'e\u0301cran 2023-06-05 a\u0300 13.22.49\" height=\"1142\" width=\"762\" title=\"Capture d'e\u0301cran 2023-06-05 a\u0300 13.22.49\" \/>\n\t\t\t<h3> Author<\/h3> <p><strong>Lucie Bargel<\/strong> est ma\u00eetresse de conf\u00e9rences HDR en science politique \u00e0 l&rsquo;universit\u00e9 C\u00f4te d&rsquo;Azur, membre du laboratoire ERMES et de l&rsquo;Institut universitaire de France.<\/p>\t\t\n\t\t\t<h3> Publication date<\/h3> <p>July 2023<\/p>\t\t\n\t<h3><strong>Contents<\/strong><\/h3>\n<p><b>Introduction.<\/b> Borders, nation, state: what are we talking about?<b>\u00a0<\/b><\/p>\n<p><b>Chapter 1.<\/b> S&rsquo;engager pour r\u00e9-aligner la fronti\u00e8re. De l&rsquo;indiff\u00e9rence \u00e0 la mobilisation (1860-1946)\u00a0<\/p>\n<p><b>Chapter 2.<\/b> Sovereignty transferred, the diffracted border to be realigned (1947- late 1950s)\u00a0<\/p>\n<p><b>Chapter 3.<\/b> Alignements et d\u00e9formations. Ce que l&rsquo;\u00c9tat fait \u00e0 ses zones frontali\u00e8res (ann\u00e9es 1960-2020)\u00a0<\/p>\n<p><b>General conclusion<\/b><\/p>\n\t<h3><strong>Reviews and speeches<\/strong><\/h3>\n<blockquote><p><strong><a href=\"https:\/\/www.politika.io\/fr\/article\/lecheveau-frontiere-alignements-realignements-attachements-politiques-roya-xixexxie-siecles\"><em>Politika<\/em><\/a><\/strong>March 2023, Lucie Bargel.<\/p><\/blockquote>","protected":false},"excerpt":{"rendered":"<p>Accueil &raquo; Dans l&rsquo;\u00e9cheveau de la fronti\u00e8re. Lucie Bargel, 2023 Dans l&rsquo;\u00e9cheveau de la fronti\u00e8re Alignements et r\u00e9alignements des attachements politiques dans la Roya (XIXe &#8211; XXIe si\u00e8cles) par Lucie Bargel R\u00e9sum\u00e9 Cette ethnographie historique de la vall\u00e9e de la Roya, \u00e0 la fronti\u00e8re entre l&rsquo;Italie et la France, offre un point d&rsquo;entr\u00e9e dans l&rsquo;\u00e9cheveau&hellip;<\/p>","protected":false},"author":4,"featured_media":0,"parent":0,"menu_order":0,"comment_status":"closed","ping_status":"closed","template":"","meta":{"_acf_changed":false,"inline_featured_image":false,"footnotes":""},"class_list":["post-33396","page","type-page","status-publish","hentry"],"acf":[],"yoast_head":"<!-- This site is optimized with the Yoast SEO plugin v27.4 - https:\/\/yoast.com\/product\/yoast-seo-wordpress\/ -->\n<title>Dans l\u2019\u00e9cheveau de la fronti\u00e8re. Lucie Bargel, 2023 - Mesopolhis<\/title>\n<meta name=\"robots\" content=\"index, follow, max-snippet:-1, max-image-preview:large, max-video-preview:-1\" \/>\n<link rel=\"canonical\" href=\"https:\/\/mesopolhis.fr\/en\/in-the-borderlands-lucie-bargel-2023\/\" \/>\n<meta property=\"og:locale\" content=\"en_GB\" \/>\n<meta property=\"og:type\" content=\"article\" \/>\n<meta property=\"og:title\" content=\"Dans l\u2019\u00e9cheveau de la fronti\u00e8re. Lucie Bargel, 2023 - Mesopolhis\" \/>\n<meta property=\"og:description\" content=\"Accueil &raquo; Dans l&rsquo;\u00e9cheveau de la fronti\u00e8re. Lucie Bargel, 2023 Dans l&rsquo;\u00e9cheveau de la fronti\u00e8re Alignements et r\u00e9alignements des attachements politiques dans la Roya (XIXe &#8211; XXIe si\u00e8cles) par Lucie Bargel R\u00e9sum\u00e9 Cette ethnographie historique de la vall\u00e9e de la Roya, \u00e0 la fronti\u00e8re entre l&rsquo;Italie et la France, offre un point d&rsquo;entr\u00e9e dans l&rsquo;\u00e9cheveau&hellip;\" \/>\n<meta property=\"og:url\" content=\"https:\/\/mesopolhis.fr\/en\/in-the-borderlands-lucie-bargel-2023\/\" \/>\n<meta property=\"og:site_name\" content=\"Mesopolhis\" \/>\n<meta property=\"article:modified_time\" content=\"2025-06-23T09:52:46+00:00\" \/>\n<meta property=\"og:image\" content=\"https:\/\/mesopolhis.fr\/wp-content\/uploads\/2023\/06\/Capture-decran-2023-06-05-a-13.22.49.png\" \/>\n<meta name=\"twitter:card\" content=\"summary_large_image\" \/>\n<script type=\"application\/ld+json\" class=\"yoast-schema-graph\">{\"@context\":\"https:\\\/\\\/schema.org\",\"@graph\":[{\"@type\":\"WebPage\",\"@id\":\"https:\\\/\\\/mesopolhis.fr\\\/dans-lecheveau-de-la-frontiere-lucie-bargel-2023\\\/\",\"url\":\"https:\\\/\\\/mesopolhis.fr\\\/dans-lecheveau-de-la-frontiere-lucie-bargel-2023\\\/\",\"name\":\"Dans l\u2019\u00e9cheveau de la fronti\u00e8re. Lucie Bargel, 2023 - Mesopolhis\",\"isPartOf\":{\"@id\":\"https:\\\/\\\/mesopolhis.fr\\\/#website\"},\"primaryImageOfPage\":{\"@id\":\"https:\\\/\\\/mesopolhis.fr\\\/dans-lecheveau-de-la-frontiere-lucie-bargel-2023\\\/#primaryimage\"},\"image\":{\"@id\":\"https:\\\/\\\/mesopolhis.fr\\\/dans-lecheveau-de-la-frontiere-lucie-bargel-2023\\\/#primaryimage\"},\"thumbnailUrl\":\"https:\\\/\\\/mesopolhis.fr\\\/wp-content\\\/uploads\\\/2023\\\/06\\\/Capture-decran-2023-06-05-a-13.22.49.png\",\"datePublished\":\"2023-06-05T11:25:55+00:00\",\"dateModified\":\"2025-06-23T09:52:46+00:00\",\"breadcrumb\":{\"@id\":\"https:\\\/\\\/mesopolhis.fr\\\/dans-lecheveau-de-la-frontiere-lucie-bargel-2023\\\/#breadcrumb\"},\"inLanguage\":\"en-GB\",\"potentialAction\":[{\"@type\":\"ReadAction\",\"target\":[\"https:\\\/\\\/mesopolhis.fr\\\/dans-lecheveau-de-la-frontiere-lucie-bargel-2023\\\/\"]}]},{\"@type\":\"ImageObject\",\"inLanguage\":\"en-GB\",\"@id\":\"https:\\\/\\\/mesopolhis.fr\\\/dans-lecheveau-de-la-frontiere-lucie-bargel-2023\\\/#primaryimage\",\"url\":\"https:\\\/\\\/mesopolhis.fr\\\/wp-content\\\/uploads\\\/2023\\\/06\\\/Capture-decran-2023-06-05-a-13.22.49.png\",\"contentUrl\":\"https:\\\/\\\/mesopolhis.fr\\\/wp-content\\\/uploads\\\/2023\\\/06\\\/Capture-decran-2023-06-05-a-13.22.49.png\"},{\"@type\":\"BreadcrumbList\",\"@id\":\"https:\\\/\\\/mesopolhis.fr\\\/dans-lecheveau-de-la-frontiere-lucie-bargel-2023\\\/#breadcrumb\",\"itemListElement\":[{\"@type\":\"ListItem\",\"position\":1,\"name\":\"Accueil\",\"item\":\"https:\\\/\\\/mesopolhis.fr\\\/\"},{\"@type\":\"ListItem\",\"position\":2,\"name\":\"Dans l\u2019\u00e9cheveau de la fronti\u00e8re. Lucie Bargel, 2023\"}]},{\"@type\":\"WebSite\",\"@id\":\"https:\\\/\\\/mesopolhis.fr\\\/#website\",\"url\":\"https:\\\/\\\/mesopolhis.fr\\\/\",\"name\":\"Mesopolhis\",\"description\":\"Centre m\u00e9diterran\u00e9en de sociologie, de science politique et d&#039;histoire\",\"publisher\":{\"@id\":\"https:\\\/\\\/mesopolhis.fr\\\/#organization\"},\"potentialAction\":[{\"@type\":\"SearchAction\",\"target\":{\"@type\":\"EntryPoint\",\"urlTemplate\":\"https:\\\/\\\/mesopolhis.fr\\\/?s={search_term_string}\"},\"query-input\":{\"@type\":\"PropertyValueSpecification\",\"valueRequired\":true,\"valueName\":\"search_term_string\"}}],\"inLanguage\":\"en-GB\"},{\"@type\":\"Organization\",\"@id\":\"https:\\\/\\\/mesopolhis.fr\\\/#organization\",\"name\":\"Mesopolhis\",\"url\":\"https:\\\/\\\/mesopolhis.fr\\\/\",\"logo\":{\"@type\":\"ImageObject\",\"inLanguage\":\"en-GB\",\"@id\":\"https:\\\/\\\/mesopolhis.fr\\\/#\\\/schema\\\/logo\\\/image\\\/\",\"url\":\"https:\\\/\\\/mesopolhis.fr\\\/wp-content\\\/uploads\\\/2021\\\/12\\\/Logo_MESOPOLHIS_Quadri.png\",\"contentUrl\":\"https:\\\/\\\/mesopolhis.fr\\\/wp-content\\\/uploads\\\/2021\\\/12\\\/Logo_MESOPOLHIS_Quadri.png\",\"width\":264,\"height\":69,\"caption\":\"Mesopolhis\"},\"image\":{\"@id\":\"https:\\\/\\\/mesopolhis.fr\\\/#\\\/schema\\\/logo\\\/image\\\/\"}}]}<\/script>\n<!-- \/ Yoast SEO plugin. -->","yoast_head_json":{"title":"In the tangle of the border. Lucie Bargel, 2023 - Mesopolhis","robots":{"index":"index","follow":"follow","max-snippet":"max-snippet:-1","max-image-preview":"max-image-preview:large","max-video-preview":"max-video-preview:-1"},"canonical":"https:\/\/mesopolhis.fr\/en\/in-the-borderlands-lucie-bargel-2023\/","og_locale":"en_GB","og_type":"article","og_title":"Dans l\u2019\u00e9cheveau de la fronti\u00e8re. Lucie Bargel, 2023 - Mesopolhis","og_description":"Accueil &raquo; Dans l&rsquo;\u00e9cheveau de la fronti\u00e8re. Lucie Bargel, 2023 Dans l&rsquo;\u00e9cheveau de la fronti\u00e8re Alignements et r\u00e9alignements des attachements politiques dans la Roya (XIXe &#8211; XXIe si\u00e8cles) par Lucie Bargel R\u00e9sum\u00e9 Cette ethnographie historique de la vall\u00e9e de la Roya, \u00e0 la fronti\u00e8re entre l&rsquo;Italie et la France, offre un point d&rsquo;entr\u00e9e dans l&rsquo;\u00e9cheveau&hellip;","og_url":"https:\/\/mesopolhis.fr\/en\/in-the-borderlands-lucie-bargel-2023\/","og_site_name":"Mesopolhis","article_modified_time":"2025-06-23T09:52:46+00:00","og_image":[{"url":"https:\/\/mesopolhis.fr\/wp-content\/uploads\/2023\/06\/Capture-decran-2023-06-05-a-13.22.49.png","type":"","width":"","height":""}],"twitter_card":"summary_large_image","schema":{"@context":"https:\/\/schema.org","@graph":[{"@type":"WebPage","@id":"https:\/\/mesopolhis.fr\/dans-lecheveau-de-la-frontiere-lucie-bargel-2023\/","url":"https:\/\/mesopolhis.fr\/dans-lecheveau-de-la-frontiere-lucie-bargel-2023\/","name":"In the tangle of the border. Lucie Bargel, 2023 - Mesopolhis","isPartOf":{"@id":"https:\/\/mesopolhis.fr\/#website"},"primaryImageOfPage":{"@id":"https:\/\/mesopolhis.fr\/dans-lecheveau-de-la-frontiere-lucie-bargel-2023\/#primaryimage"},"image":{"@id":"https:\/\/mesopolhis.fr\/dans-lecheveau-de-la-frontiere-lucie-bargel-2023\/#primaryimage"},"thumbnailUrl":"https:\/\/mesopolhis.fr\/wp-content\/uploads\/2023\/06\/Capture-decran-2023-06-05-a-13.22.49.png","datePublished":"2023-06-05T11:25:55+00:00","dateModified":"2025-06-23T09:52:46+00:00","breadcrumb":{"@id":"https:\/\/mesopolhis.fr\/dans-lecheveau-de-la-frontiere-lucie-bargel-2023\/#breadcrumb"},"inLanguage":"en-GB","potentialAction":[{"@type":"ReadAction","target":["https:\/\/mesopolhis.fr\/dans-lecheveau-de-la-frontiere-lucie-bargel-2023\/"]}]},{"@type":"ImageObject","inLanguage":"en-GB","@id":"https:\/\/mesopolhis.fr\/dans-lecheveau-de-la-frontiere-lucie-bargel-2023\/#primaryimage","url":"https:\/\/mesopolhis.fr\/wp-content\/uploads\/2023\/06\/Capture-decran-2023-06-05-a-13.22.49.png","contentUrl":"https:\/\/mesopolhis.fr\/wp-content\/uploads\/2023\/06\/Capture-decran-2023-06-05-a-13.22.49.png"},{"@type":"BreadcrumbList","@id":"https:\/\/mesopolhis.fr\/dans-lecheveau-de-la-frontiere-lucie-bargel-2023\/#breadcrumb","itemListElement":[{"@type":"ListItem","position":1,"name":"Accueil","item":"https:\/\/mesopolhis.fr\/"},{"@type":"ListItem","position":2,"name":"Dans l\u2019\u00e9cheveau de la fronti\u00e8re. Lucie Bargel, 2023"}]},{"@type":"WebSite","@id":"https:\/\/mesopolhis.fr\/#website","url":"https:\/\/mesopolhis.fr\/","name":"Mesopolhis","description":"Mediterranean Centre for Sociology, Political Science and History","publisher":{"@id":"https:\/\/mesopolhis.fr\/#organization"},"potentialAction":[{"@type":"SearchAction","target":{"@type":"EntryPoint","urlTemplate":"https:\/\/mesopolhis.fr\/?s={search_term_string}"},"query-input":{"@type":"PropertyValueSpecification","valueRequired":true,"valueName":"search_term_string"}}],"inLanguage":"en-GB"},{"@type":"Organization","@id":"https:\/\/mesopolhis.fr\/#organization","name":"Mesopolhis","url":"https:\/\/mesopolhis.fr\/","logo":{"@type":"ImageObject","inLanguage":"en-GB","@id":"https:\/\/mesopolhis.fr\/#\/schema\/logo\/image\/","url":"https:\/\/mesopolhis.fr\/wp-content\/uploads\/2021\/12\/Logo_MESOPOLHIS_Quadri.png","contentUrl":"https:\/\/mesopolhis.fr\/wp-content\/uploads\/2021\/12\/Logo_MESOPOLHIS_Quadri.png","width":264,"height":69,"caption":"Mesopolhis"},"image":{"@id":"https:\/\/mesopolhis.fr\/#\/schema\/logo\/image\/"}}]}},"_links":{"self":[{"href":"https:\/\/mesopolhis.fr\/en\/wp-json\/wp\/v2\/pages\/33396","targetHints":{"allow":["GET"]}}],"collection":[{"href":"https:\/\/mesopolhis.fr\/en\/wp-json\/wp\/v2\/pages"}],"about":[{"href":"https:\/\/mesopolhis.fr\/en\/wp-json\/wp\/v2\/types\/page"}],"author":[{"embeddable":true,"href":"https:\/\/mesopolhis.fr\/en\/wp-json\/wp\/v2\/users\/4"}],"replies":[{"embeddable":true,"href":"https:\/\/mesopolhis.fr\/en\/wp-json\/wp\/v2\/comments?post=33396"}],"version-history":[{"count":0,"href":"https:\/\/mesopolhis.fr\/en\/wp-json\/wp\/v2\/pages\/33396\/revisions"}],"wp:attachment":[{"href":"https:\/\/mesopolhis.fr\/en\/wp-json\/wp\/v2\/media?parent=33396"}],"curies":[{"name":"wp","href":"https:\/\/api.w.org\/{rel}","templated":true}]}}