{"id":33202,"date":"2023-04-18T17:00:47","date_gmt":"2023-04-18T15:00:47","guid":{"rendered":"https:\/\/mesopolhis.fr\/?page_id=33202"},"modified":"2023-06-21T15:35:11","modified_gmt":"2023-06-21T13:35:11","slug":"copie-de-faire-campagne-ici-et-ailleurs-layla-baamara-camille-floderer-et-marine-poirier-2016les-lieux-de-la-colere-helene-combes-david-garibay-et-camille-goirand-2016","status":"publish","type":"page","link":"https:\/\/mesopolhis.fr\/en\/copie-de-faire-campagne-ici-et-ailleurs-layla-baamara-camille-floderer-et-marine-poirier-2016les-lieux-de-la-colere-helene-combes-david-garibay-et-camille-goirand-2016\/","title":{"rendered":"Places of anger. H\u00e9l\u00e8ne COMBES, David GARIBAY and Camille GOIRAND, 2016"},"content":{"rendered":"\n\n\t<a href=\"https:\/\/mesopolhis.fr\/\">Accueil<\/a> &raquo; Les lieux de la col\u00e8re. H\u00e9l\u00e8ne COMBES, David GARIBAY et Camille GOIRAND, 2016<h2>\n\t\tLes lieux de la col\u00e8re\n\t<\/h2>\n<h3>\n\t\tOccuper l&rsquo;espace pour contester, de Madrid \u00e0 Sanaa<br \/>par H\u00e9l\u00e8ne COMBES, David GARIBAY et Camille GOIRAND<br \/>\n\t<\/h3>\n\t<h3><strong>R\u00e9sum\u00e9<\/strong><\/h3>\n<p>Dans bien des capitales, des places majestueuses, charg\u00e9es d&rsquo;histoire et de symboles, sont investies par des manifestants : les \u00e9tudiants de la place Tian-An-Men \u00e0 P\u00e9kin, les Indign\u00e9s sur la Puerta del Sol \u00e0 Madrid, les m\u00e8res de disparus sur la Place de Mai \u00e0 Buenos Aires, les contestataires sur le Z\u00f3calo de Mexico&#8230; Cette centralit\u00e9 de l&rsquo;espace dans la construction de la contestation a \u00e9t\u00e9 not\u00e9e par de nombreux observateurs au cours des r\u00e9voltes arabes et du mouvement Occupy. Or, en d\u00e9pit de cette apparente \u00e9vidence du lieu, la dimension spatiale n&rsquo;a que rarement fait l&rsquo;objet d&rsquo;une attention en tant que telle dans la sociologie des mobilisations. Cet ouvrage s&rsquo;attaque \u00e0 cet angle mort. Il propose au lecteur de comprendre l&rsquo;importance des lieux physiques et v\u00e9cus et leurs effets sur l&rsquo;action collective en suivant des mobilisations tr\u00e8s vari\u00e9es &#8211; locales ou nationales, d&rsquo;hier ou d&rsquo;aujourd&rsquo;hui, de la p\u00e9ninsule arabique \u00e0 la Bretagne, de New York \u00e0 la Seine-Saint-Denis, de l&rsquo;Amazonie p\u00e9ruvienne \u00e0 Madrid.<\/p>\n\t\t\t <p><a href=\"https:\/\/www.karthala.com\/questions-transnationales\/3023-les-lieux-de-la-colere-occuper-l-espace-pour-contester-de-madrid-a-sanaa-9782811115371.html\">Version papier Karthala<\/a><a href=\"https:\/\/www.cairn.info\/les-lieux-de-la-colere--9782811115371.htm\">Version num\u00e9rique Cairn<\/a><\/p>\t\t\n\t\t\t\t<img loading=\"lazy\" decoding=\"async\" src=\"https:\/\/mesopolhis.fr\/wp-content\/uploads\/2023\/06\/KART_COMBE_2016_01.jpeg\" alt=\"KART_COMBE_2016_01\" itemprop=\"image\" height=\"880\" width=\"600\" title=\"KART_COMBE_2016_01\" onerror=\"this.style.display='none'\"  \/>\n\t\t\t<h3> Auteurs<\/h3> <p><strong>H\u00e9l\u00e8ne Combes<\/strong> est charg\u00e9e de recherche au CNRS, rattach\u00e9e au Centre de recherches internationales (CERI- UMR 7050), Sciences Po.<strong>David Garibay<\/strong> est professeur de science politique \u00e0 l&rsquo;Universit\u00e9 Lumi\u00e8re Lyon 2 et chercheur \u00e0 l&rsquo;UMR Triangle.<strong>Camille Goirand<\/strong> est professeur de science politique \u00e0 l&rsquo;universit\u00e9 Paris 3 Sorbonne Nouvelle (Institut des hautes \u00e9tudes d&rsquo;Am\u00e9rique latine &#8211; IHEAL) et chercheur au Centre d&rsquo;\u00e9tudes et de recherches administratives, politiques et sociales (CERAPS &#8211; CNRS UMR 8026).Ont \u00e9galement contribu\u00e9 \u00e0 cet ouvrage : <strong>Anahi Alviso-Marino<\/strong>, <strong>Martin Baloge<\/strong>, <strong>Doris Buu-Sao<\/strong>, <strong>Franck Gaudichaud<\/strong>, <strong>Marie Laure Geoffray<\/strong>, <strong>St\u00e9phanie Guyon<\/strong>, <strong>Tudi Kernalegenn<\/strong>, <strong>Aur\u00e9lie Llobet<\/strong>, <strong>Julie Metais<\/strong>, <strong>H\u00e9lo\u00efse Nez<\/strong>, <strong>Sylvie Ollitrault<\/strong>, <strong>Charlotte Pujol<\/strong>, <strong>St\u00e9phane Tonnelat<\/strong>.<\/p>\t\t\n\t\t\t<h3> Date de publication<\/h3> <p>11\/01\/2016<\/p>\t\t\n\t<h3><strong>Sommaire<\/strong><\/h3>\nIntroduction : quand l&rsquo;espace compte&#8230; Spatialiser l&rsquo;analyse des mobilisations<br \/>\nH\u00e9l\u00e8ne COMBES, David GARIBAY, Camille GOIRAND\n<p><strong>Premi\u00e8re partie &#8211; La construction symbolique de la mobilisation par l&rsquo;espace<\/strong><\/p>\nFaire d&rsquo;un lieu un symbole politique. La photographie engag\u00e9e sur la place du<br \/>\nchangement \u00e0 Sanaa\n<p>Anahi ALVISO-MARINO<\/p>\nLa rue cubaine. Entre r\u00e9pression, m\u00e9diatisation et transnationalisation<br \/>\nMarie Laure GEOFFRAY\nL&rsquo;inscription spatiale d&rsquo;une gr\u00e8ve ouvri\u00e8re en Bretagne. Le Joint fran\u00e7ais, Saint-<br \/>\nBrieuc, 1972<br \/>\nTudi KERNALEGENN\n<p><strong>Deuxi\u00e8me partie &#8211; Des espaces aux identit\u00e9s militantes<\/strong><\/p>\n\u00c9cologies d&rsquo;un espace en r\u00e9volution. Santiago du Chili, 1970-73<br \/>\nFranck GAUDICHAUD\nDevenir indien en milieu urbain. Les engagements d&rsquo;une jeunesse amazonienne au<br \/>\nprisme de son ancrage spatial<br \/>\nDoris BUU-SAO\nDe l&rsquo;espace de travail \u00e0 l&rsquo;action collective. Le cas des enseignants du secondaire en France<br \/>\nAur\u00e9lie LLOBET\n<p><strong>Troisi\u00e8me partie &#8211; Occuper, contr\u00f4ler, fa\u00e7onner<\/strong><\/p>\nD\u00e9lib\u00e9rer en plein air. Analyse spatiale des assembl\u00e9es des Indignados \u00e0 Madrid<br \/>\nH\u00e9lo\u00efse NEZ\nContr\u00f4ler le d\u00e9bat militant en section. L&rsquo;organisation spatiale des r\u00e9unions au Parti<br \/>\nsocialiste en France<br \/>\nMartin BALOGE\nLa carri\u00e8re d&rsquo;un interstice urbain \u00e0 New York. Deux r\u00f4les distincts de l&rsquo;espace<br \/>\ndans les mobilisations autour d&rsquo;un projet d&rsquo;am\u00e9nagement<br \/>\nSt\u00e9phane TONNELAT\n<p><strong>Quatri\u00e8me partie &#8211; Les mobilisations en mouvement<\/strong><\/p>\nTrajectoires socio-spatiales \u00e0 l&rsquo;heure de la mondialisation. Les b\u00e9n\u00e9voles de<br \/>\nGreepeace et les agriculteurs biologiques en Bretagne<br \/>\nSylvie OLLITRAULT\nDu syndicat au village, du Z\u00f3calo \u00e0 la Sierra. Instituteurs en lutte \u00e0 Oaxaca<br \/>\n(Mexique)<br \/>\nJulie M\u00c9TAIS\nLes mobilisations de ch\u00f4meurs de Rosario (Argentine). Une citadinit\u00e9 en<br \/>\nmouvement<br \/>\nCharlotte PUJOL\nL&rsquo;engagement dans les associations am\u00e9rindiennes et businenge de Guyane. Ancrage<br \/>\nlocal de la participation, relation client\u00e9laire et politisation<br \/>\nSt\u00e9phanie GUYON\n\t<h3><strong>Recensions et interventions<\/strong><\/h3>\n<blockquote>\n<p><a href=\"https:\/\/journals.openedition.org\/lectures\/20887\"><strong><em>Liens socio<\/em>, \u00ab\u00a0Lectures\u00a0\u00bb<\/strong>,<\/a> 2016, Ellie Mevel.<\/p>\n<\/blockquote>\n<p>&nbsp;<\/p>\n<blockquote><p><a href=\"https:\/\/journals.openedition.org\/remmm\/9550\"><strong><em>REMM, Revue des mondes musulmans et de la M\u00e9diterran\u00e9e<\/em><\/strong>,<\/a> 2018, n\u00b0 144, S\u00e9lim Smaoui.<\/p>\n<p>\u00ab\u00a0L&rsquo;ouvrage est somme toute passionnant et tient le pari annonc\u00e9 par les coordinateurs [&#8230;] les chapitres rendent autant compte de r\u00e9gularit\u00e9s qu&rsquo;ils parfont la coh\u00e9rence du volume. C&rsquo;est d&rsquo;ailleurs sans conteste l&rsquo;un des points forts de l&rsquo;ouvrage\u00a0: les hypoth\u00e8ses sont test\u00e9es sur des \u00e9v\u00e8nements \u00e9loign\u00e9s historiquement et sont pass\u00e9s \u00e0 la grille d&rsquo;une grande diversit\u00e9 de situations empiriques (sections partisanes, communaut\u00e9s rurales, occupations d&rsquo;usines, sections syndicales scolaires&#8230;).\u00a0\u00bb<\/p><\/blockquote>\n<p>&nbsp;<\/p>\n<p>&nbsp;<\/p>\n<blockquote><p><a href=\"https:\/\/journals.openedition.org\/emam\/1283\"><em><strong>Les cahiers d&rsquo;EMAM &#8211; \u00c9tudes sur le Monde arabe et la M\u00e9diterran\u00e9e<\/strong><\/em><\/a>, 2016, n\u00b0 28, Roman Stadnicki.<\/p>\n<p>\u00ab\u00a0Peu de chercheurs ont eu la possibilit\u00e9 d&rsquo;observer la r\u00e9volution y\u00e9m\u00e9nite. Anahi Alviso-Marino l&rsquo;a fait.<\/p>\n<p>Son ethnographie de la place du Changement &#8211; le lieu o\u00f9 ont \u00e9t\u00e9 organis\u00e9es les manifestations de 2011 en r\u00e9action au blocage de l&rsquo;acc\u00e8s \u00e0 la place Tahrir par le r\u00e9gime &#8211; montre que la force du mouvement de contestation repose en partie sur une volont\u00e9 des manifestants de faire entrer ce lieu &#8211; plut\u00f4t p\u00e9riph\u00e9rique et d&rsquo;ailleurs non identifi\u00e9 comme place par les gens de Sanaa &#8211; dans les repr\u00e9sentations collectives.<\/p>\n<p>[&#8230;]<\/p>\n<p>On appr\u00e9ciera enfin l&rsquo;originalit\u00e9 de certaines approches dans lesquelles des m\u00e9thodes inventives telles que l&rsquo;analyse paysag\u00e8re et iconographique, la fr\u00e9quentation des r\u00e9seaux sociaux, les enqu\u00eates de rue, cohabitent avec des m\u00e9thodes plus classiques des sciences sociales que sont l&rsquo;observation participante et l&rsquo;entretien semi-directif, r\u00e9v\u00e9lant g\u00e9n\u00e9ralement une tr\u00e8s bonne appr\u00e9hension des mobilisations sociales, spatialement et temporellement situ\u00e9es.\u00a0\u00bb<\/p><\/blockquote>\n<p>&nbsp;<\/p>\n<blockquote><p><a href=\"https:\/\/www.cairn.info\/revue-politix-2017-1-page-241.htm\"><strong><em>Politix<\/em><\/strong>,<\/a> 2017, n\u00b0 117, Maurice Olive, p. 241-245.<\/p><\/blockquote>\n<p>&nbsp;<\/p>\n<blockquote><p><a href=\"https:\/\/urbs.hypotheses.org\/172\"><em><strong>Carnet des \u00e9tudes urbaines<\/strong><\/em><\/a>, Lyon 2\/ Triangle, 2016, Mathilde Girault.<\/p><\/blockquote>\n<p>&nbsp;<\/p>\n<blockquote><p><a href=\"https:\/\/www.jssj.org\/issue\/mars-2017-jssj-a-lu\/\"><em><strong>JSSJ &#8211; Justice spatiale \/ Spatial justice<\/strong><\/em><\/a>, 2017, n\u00b0 11, Alex Mahoudeau.<\/p><\/blockquote>\n<p>&nbsp;<\/p>\n<blockquote><p><em>La Lettre de l&rsquo;IHEAL-CREDA<\/em>, 2017, n\u00b02, \u00ab\u00a0<strong><a href=\"http:\/\/www.iheal.univ-paris3.fr\/fr\/node\/2584\">De la Place de la R\u00e9publique \u00e0 la Plaza del Sol\u00a0: les symboles de la contestation. Zoom sur Les lieux de la col\u00e8re. Occuper l&rsquo;espace pour contester, de Madrid \u00e0 Sanaa\u00a0<\/a><\/strong>\u00bb.<\/p><\/blockquote>\n<p>&nbsp;<\/p>\n<blockquote><p>Paul Cormier, 2016, \u00ab\u00a0<strong><a href=\"https:\/\/laviedesidees.fr\/Geographie-de-la-lutte\">G\u00e9ographie de la lutte\u00a0<\/a><\/strong>\u00bb, <em>La vie des id\u00e9es<\/em>.<\/p><\/blockquote>\n<p>&nbsp;<\/p>\n<blockquote><p>Arthur Guichoux, 2022, \u00ab<strong>\u00a0<\/strong><a href=\"https:\/\/www.dicopart.fr\/mouvements-des-places-2022\"><strong>Mouvements des places<\/strong>\u00a0<\/a>\u00bb, <em>DicoPart<\/em>, \u00e9dition 2.<\/p><\/blockquote>\n\n","protected":false},"excerpt":{"rendered":"<p>Accueil &raquo; Les lieux de la col\u00e8re. H\u00e9l\u00e8ne COMBES, David GARIBAY et Camille GOIRAND, 2016 Les lieux de la col\u00e8re Occuper l&rsquo;espace pour contester, de Madrid \u00e0 Sanaapar H\u00e9l\u00e8ne COMBES, David GARIBAY et Camille GOIRAND R\u00e9sum\u00e9 Dans bien des capitales, des places majestueuses, charg\u00e9es d&rsquo;histoire et de symboles, sont investies par des manifestants : les&hellip;<\/p>","protected":false},"author":4,"featured_media":0,"parent":0,"menu_order":0,"comment_status":"closed","ping_status":"closed","template":"","meta":{"_acf_changed":false,"inline_featured_image":false,"footnotes":""},"class_list":["post-33202","page","type-page","status-publish","hentry"],"acf":[],"yoast_head":"<!-- This site is optimized with the Yoast SEO plugin v27.4 - https:\/\/yoast.com\/product\/yoast-seo-wordpress\/ -->\n<title>Les lieux de la col\u00e8re. H\u00e9l\u00e8ne COMBES, David GARIBAY et Camille GOIRAND, 2016 - Mesopolhis<\/title>\n<meta name=\"robots\" content=\"index, follow, max-snippet:-1, max-image-preview:large, max-video-preview:-1\" \/>\n<link rel=\"canonical\" href=\"https:\/\/mesopolhis.fr\/en\/copie-de-faire-campagne-ici-et-ailleurs-layla-baamara-camille-floderer-et-marine-poirier-2016les-lieux-de-la-colere-helene-combes-david-garibay-et-camille-goirand-2016\/\" \/>\n<meta property=\"og:locale\" content=\"en_GB\" \/>\n<meta property=\"og:type\" content=\"article\" \/>\n<meta property=\"og:title\" content=\"Les lieux de la col\u00e8re. H\u00e9l\u00e8ne COMBES, David GARIBAY et Camille GOIRAND, 2016 - Mesopolhis\" \/>\n<meta property=\"og:description\" content=\"Accueil &raquo; Les lieux de la col\u00e8re. H\u00e9l\u00e8ne COMBES, David GARIBAY et Camille GOIRAND, 2016 Les lieux de la col\u00e8re Occuper l&rsquo;espace pour contester, de Madrid \u00e0 Sanaapar H\u00e9l\u00e8ne COMBES, David GARIBAY et Camille GOIRAND R\u00e9sum\u00e9 Dans bien des capitales, des places majestueuses, charg\u00e9es d&rsquo;histoire et de symboles, sont investies par des manifestants : les&hellip;\" \/>\n<meta property=\"og:url\" content=\"https:\/\/mesopolhis.fr\/en\/copie-de-faire-campagne-ici-et-ailleurs-layla-baamara-camille-floderer-et-marine-poirier-2016les-lieux-de-la-colere-helene-combes-david-garibay-et-camille-goirand-2016\/\" \/>\n<meta property=\"og:site_name\" content=\"Mesopolhis\" \/>\n<meta property=\"article:modified_time\" content=\"2023-06-21T13:35:11+00:00\" \/>\n<meta property=\"og:image\" content=\"https:\/\/mesopolhis.fr\/wp-content\/uploads\/2023\/06\/KART_COMBE_2016_01.jpeg\" \/>\n<meta name=\"twitter:card\" content=\"summary_large_image\" \/>\n<meta name=\"twitter:label1\" content=\"Estimated reading time\" \/>\n\t<meta name=\"twitter:data1\" content=\"5 minutes\" \/>\n<script type=\"application\/ld+json\" class=\"yoast-schema-graph\">{\"@context\":\"https:\\\/\\\/schema.org\",\"@graph\":[{\"@type\":\"WebPage\",\"@id\":\"https:\\\/\\\/mesopolhis.fr\\\/copie-de-faire-campagne-ici-et-ailleurs-layla-baamara-camille-floderer-et-marine-poirier-2016les-lieux-de-la-colere-helene-combes-david-garibay-et-camille-goirand-2016\\\/\",\"url\":\"https:\\\/\\\/mesopolhis.fr\\\/copie-de-faire-campagne-ici-et-ailleurs-layla-baamara-camille-floderer-et-marine-poirier-2016les-lieux-de-la-colere-helene-combes-david-garibay-et-camille-goirand-2016\\\/\",\"name\":\"Les lieux de la col\u00e8re. H\u00e9l\u00e8ne COMBES, David GARIBAY et Camille GOIRAND, 2016 - Mesopolhis\",\"isPartOf\":{\"@id\":\"https:\\\/\\\/mesopolhis.fr\\\/#website\"},\"primaryImageOfPage\":{\"@id\":\"https:\\\/\\\/mesopolhis.fr\\\/copie-de-faire-campagne-ici-et-ailleurs-layla-baamara-camille-floderer-et-marine-poirier-2016les-lieux-de-la-colere-helene-combes-david-garibay-et-camille-goirand-2016\\\/#primaryimage\"},\"image\":{\"@id\":\"https:\\\/\\\/mesopolhis.fr\\\/copie-de-faire-campagne-ici-et-ailleurs-layla-baamara-camille-floderer-et-marine-poirier-2016les-lieux-de-la-colere-helene-combes-david-garibay-et-camille-goirand-2016\\\/#primaryimage\"},\"thumbnailUrl\":\"https:\\\/\\\/mesopolhis.fr\\\/wp-content\\\/uploads\\\/2023\\\/06\\\/KART_COMBE_2016_01.jpeg\",\"datePublished\":\"2023-04-18T15:00:47+00:00\",\"dateModified\":\"2023-06-21T13:35:11+00:00\",\"breadcrumb\":{\"@id\":\"https:\\\/\\\/mesopolhis.fr\\\/copie-de-faire-campagne-ici-et-ailleurs-layla-baamara-camille-floderer-et-marine-poirier-2016les-lieux-de-la-colere-helene-combes-david-garibay-et-camille-goirand-2016\\\/#breadcrumb\"},\"inLanguage\":\"en-GB\",\"potentialAction\":[{\"@type\":\"ReadAction\",\"target\":[\"https:\\\/\\\/mesopolhis.fr\\\/copie-de-faire-campagne-ici-et-ailleurs-layla-baamara-camille-floderer-et-marine-poirier-2016les-lieux-de-la-colere-helene-combes-david-garibay-et-camille-goirand-2016\\\/\"]}]},{\"@type\":\"ImageObject\",\"inLanguage\":\"en-GB\",\"@id\":\"https:\\\/\\\/mesopolhis.fr\\\/copie-de-faire-campagne-ici-et-ailleurs-layla-baamara-camille-floderer-et-marine-poirier-2016les-lieux-de-la-colere-helene-combes-david-garibay-et-camille-goirand-2016\\\/#primaryimage\",\"url\":\"https:\\\/\\\/mesopolhis.fr\\\/wp-content\\\/uploads\\\/2023\\\/06\\\/KART_COMBE_2016_01.jpeg\",\"contentUrl\":\"https:\\\/\\\/mesopolhis.fr\\\/wp-content\\\/uploads\\\/2023\\\/06\\\/KART_COMBE_2016_01.jpeg\"},{\"@type\":\"BreadcrumbList\",\"@id\":\"https:\\\/\\\/mesopolhis.fr\\\/copie-de-faire-campagne-ici-et-ailleurs-layla-baamara-camille-floderer-et-marine-poirier-2016les-lieux-de-la-colere-helene-combes-david-garibay-et-camille-goirand-2016\\\/#breadcrumb\",\"itemListElement\":[{\"@type\":\"ListItem\",\"position\":1,\"name\":\"Accueil\",\"item\":\"https:\\\/\\\/mesopolhis.fr\\\/\"},{\"@type\":\"ListItem\",\"position\":2,\"name\":\"Les lieux de la col\u00e8re. H\u00e9l\u00e8ne COMBES, David GARIBAY et Camille GOIRAND, 2016\"}]},{\"@type\":\"WebSite\",\"@id\":\"https:\\\/\\\/mesopolhis.fr\\\/#website\",\"url\":\"https:\\\/\\\/mesopolhis.fr\\\/\",\"name\":\"Mesopolhis\",\"description\":\"Centre m\u00e9diterran\u00e9en de sociologie, de science politique et d&#039;histoire\",\"publisher\":{\"@id\":\"https:\\\/\\\/mesopolhis.fr\\\/#organization\"},\"potentialAction\":[{\"@type\":\"SearchAction\",\"target\":{\"@type\":\"EntryPoint\",\"urlTemplate\":\"https:\\\/\\\/mesopolhis.fr\\\/?s={search_term_string}\"},\"query-input\":{\"@type\":\"PropertyValueSpecification\",\"valueRequired\":true,\"valueName\":\"search_term_string\"}}],\"inLanguage\":\"en-GB\"},{\"@type\":\"Organization\",\"@id\":\"https:\\\/\\\/mesopolhis.fr\\\/#organization\",\"name\":\"Mesopolhis\",\"url\":\"https:\\\/\\\/mesopolhis.fr\\\/\",\"logo\":{\"@type\":\"ImageObject\",\"inLanguage\":\"en-GB\",\"@id\":\"https:\\\/\\\/mesopolhis.fr\\\/#\\\/schema\\\/logo\\\/image\\\/\",\"url\":\"https:\\\/\\\/mesopolhis.fr\\\/wp-content\\\/uploads\\\/2021\\\/12\\\/Logo_MESOPOLHIS_Quadri.png\",\"contentUrl\":\"https:\\\/\\\/mesopolhis.fr\\\/wp-content\\\/uploads\\\/2021\\\/12\\\/Logo_MESOPOLHIS_Quadri.png\",\"width\":264,\"height\":69,\"caption\":\"Mesopolhis\"},\"image\":{\"@id\":\"https:\\\/\\\/mesopolhis.fr\\\/#\\\/schema\\\/logo\\\/image\\\/\"}}]}<\/script>\n<!-- \/ Yoast SEO plugin. -->","yoast_head_json":{"title":"Places of anger. H\u00e9l\u00e8ne COMBES, David GARIBAY and Camille GOIRAND, 2016 - Mesopolhis","robots":{"index":"index","follow":"follow","max-snippet":"max-snippet:-1","max-image-preview":"max-image-preview:large","max-video-preview":"max-video-preview:-1"},"canonical":"https:\/\/mesopolhis.fr\/en\/copie-de-faire-campagne-ici-et-ailleurs-layla-baamara-camille-floderer-et-marine-poirier-2016les-lieux-de-la-colere-helene-combes-david-garibay-et-camille-goirand-2016\/","og_locale":"en_GB","og_type":"article","og_title":"Les lieux de la col\u00e8re. H\u00e9l\u00e8ne COMBES, David GARIBAY et Camille GOIRAND, 2016 - Mesopolhis","og_description":"Accueil &raquo; Les lieux de la col\u00e8re. H\u00e9l\u00e8ne COMBES, David GARIBAY et Camille GOIRAND, 2016 Les lieux de la col\u00e8re Occuper l&rsquo;espace pour contester, de Madrid \u00e0 Sanaapar H\u00e9l\u00e8ne COMBES, David GARIBAY et Camille GOIRAND R\u00e9sum\u00e9 Dans bien des capitales, des places majestueuses, charg\u00e9es d&rsquo;histoire et de symboles, sont investies par des manifestants : les&hellip;","og_url":"https:\/\/mesopolhis.fr\/en\/copie-de-faire-campagne-ici-et-ailleurs-layla-baamara-camille-floderer-et-marine-poirier-2016les-lieux-de-la-colere-helene-combes-david-garibay-et-camille-goirand-2016\/","og_site_name":"Mesopolhis","article_modified_time":"2023-06-21T13:35:11+00:00","og_image":[{"url":"https:\/\/mesopolhis.fr\/wp-content\/uploads\/2023\/06\/KART_COMBE_2016_01.jpeg","type":"","width":"","height":""}],"twitter_card":"summary_large_image","twitter_misc":{"Estimated reading time":"5 minutes"},"schema":{"@context":"https:\/\/schema.org","@graph":[{"@type":"WebPage","@id":"https:\/\/mesopolhis.fr\/copie-de-faire-campagne-ici-et-ailleurs-layla-baamara-camille-floderer-et-marine-poirier-2016les-lieux-de-la-colere-helene-combes-david-garibay-et-camille-goirand-2016\/","url":"https:\/\/mesopolhis.fr\/copie-de-faire-campagne-ici-et-ailleurs-layla-baamara-camille-floderer-et-marine-poirier-2016les-lieux-de-la-colere-helene-combes-david-garibay-et-camille-goirand-2016\/","name":"Places of anger. H\u00e9l\u00e8ne COMBES, David GARIBAY and Camille GOIRAND, 2016 - Mesopolhis","isPartOf":{"@id":"https:\/\/mesopolhis.fr\/#website"},"primaryImageOfPage":{"@id":"https:\/\/mesopolhis.fr\/copie-de-faire-campagne-ici-et-ailleurs-layla-baamara-camille-floderer-et-marine-poirier-2016les-lieux-de-la-colere-helene-combes-david-garibay-et-camille-goirand-2016\/#primaryimage"},"image":{"@id":"https:\/\/mesopolhis.fr\/copie-de-faire-campagne-ici-et-ailleurs-layla-baamara-camille-floderer-et-marine-poirier-2016les-lieux-de-la-colere-helene-combes-david-garibay-et-camille-goirand-2016\/#primaryimage"},"thumbnailUrl":"https:\/\/mesopolhis.fr\/wp-content\/uploads\/2023\/06\/KART_COMBE_2016_01.jpeg","datePublished":"2023-04-18T15:00:47+00:00","dateModified":"2023-06-21T13:35:11+00:00","breadcrumb":{"@id":"https:\/\/mesopolhis.fr\/copie-de-faire-campagne-ici-et-ailleurs-layla-baamara-camille-floderer-et-marine-poirier-2016les-lieux-de-la-colere-helene-combes-david-garibay-et-camille-goirand-2016\/#breadcrumb"},"inLanguage":"en-GB","potentialAction":[{"@type":"ReadAction","target":["https:\/\/mesopolhis.fr\/copie-de-faire-campagne-ici-et-ailleurs-layla-baamara-camille-floderer-et-marine-poirier-2016les-lieux-de-la-colere-helene-combes-david-garibay-et-camille-goirand-2016\/"]}]},{"@type":"ImageObject","inLanguage":"en-GB","@id":"https:\/\/mesopolhis.fr\/copie-de-faire-campagne-ici-et-ailleurs-layla-baamara-camille-floderer-et-marine-poirier-2016les-lieux-de-la-colere-helene-combes-david-garibay-et-camille-goirand-2016\/#primaryimage","url":"https:\/\/mesopolhis.fr\/wp-content\/uploads\/2023\/06\/KART_COMBE_2016_01.jpeg","contentUrl":"https:\/\/mesopolhis.fr\/wp-content\/uploads\/2023\/06\/KART_COMBE_2016_01.jpeg"},{"@type":"BreadcrumbList","@id":"https:\/\/mesopolhis.fr\/copie-de-faire-campagne-ici-et-ailleurs-layla-baamara-camille-floderer-et-marine-poirier-2016les-lieux-de-la-colere-helene-combes-david-garibay-et-camille-goirand-2016\/#breadcrumb","itemListElement":[{"@type":"ListItem","position":1,"name":"Accueil","item":"https:\/\/mesopolhis.fr\/"},{"@type":"ListItem","position":2,"name":"Les lieux de la col\u00e8re. H\u00e9l\u00e8ne COMBES, David GARIBAY et Camille GOIRAND, 2016"}]},{"@type":"WebSite","@id":"https:\/\/mesopolhis.fr\/#website","url":"https:\/\/mesopolhis.fr\/","name":"Mesopolhis","description":"Mediterranean Centre for Sociology, Political Science and History","publisher":{"@id":"https:\/\/mesopolhis.fr\/#organization"},"potentialAction":[{"@type":"SearchAction","target":{"@type":"EntryPoint","urlTemplate":"https:\/\/mesopolhis.fr\/?s={search_term_string}"},"query-input":{"@type":"PropertyValueSpecification","valueRequired":true,"valueName":"search_term_string"}}],"inLanguage":"en-GB"},{"@type":"Organization","@id":"https:\/\/mesopolhis.fr\/#organization","name":"Mesopolhis","url":"https:\/\/mesopolhis.fr\/","logo":{"@type":"ImageObject","inLanguage":"en-GB","@id":"https:\/\/mesopolhis.fr\/#\/schema\/logo\/image\/","url":"https:\/\/mesopolhis.fr\/wp-content\/uploads\/2021\/12\/Logo_MESOPOLHIS_Quadri.png","contentUrl":"https:\/\/mesopolhis.fr\/wp-content\/uploads\/2021\/12\/Logo_MESOPOLHIS_Quadri.png","width":264,"height":69,"caption":"Mesopolhis"},"image":{"@id":"https:\/\/mesopolhis.fr\/#\/schema\/logo\/image\/"}}]}},"_links":{"self":[{"href":"https:\/\/mesopolhis.fr\/en\/wp-json\/wp\/v2\/pages\/33202","targetHints":{"allow":["GET"]}}],"collection":[{"href":"https:\/\/mesopolhis.fr\/en\/wp-json\/wp\/v2\/pages"}],"about":[{"href":"https:\/\/mesopolhis.fr\/en\/wp-json\/wp\/v2\/types\/page"}],"author":[{"embeddable":true,"href":"https:\/\/mesopolhis.fr\/en\/wp-json\/wp\/v2\/users\/4"}],"replies":[{"embeddable":true,"href":"https:\/\/mesopolhis.fr\/en\/wp-json\/wp\/v2\/comments?post=33202"}],"version-history":[{"count":0,"href":"https:\/\/mesopolhis.fr\/en\/wp-json\/wp\/v2\/pages\/33202\/revisions"}],"wp:attachment":[{"href":"https:\/\/mesopolhis.fr\/en\/wp-json\/wp\/v2\/media?parent=33202"}],"curies":[{"name":"wp","href":"https:\/\/api.w.org\/{rel}","templated":true}]}}