{"id":33192,"date":"2023-04-18T16:24:52","date_gmt":"2023-04-18T14:24:52","guid":{"rendered":"https:\/\/mesopolhis.fr\/?page_id=33192"},"modified":"2023-06-21T15:14:52","modified_gmt":"2023-06-21T13:14:52","slug":"campaigning-here-and-elsewhere-layla-baamara-camille-floderer-and-marine-poirier-2016","status":"publish","type":"page","link":"https:\/\/mesopolhis.fr\/en\/campaigning-here-and-elsewhere-layla-baamara-camille-floderer-and-marine-poirier-2016\/","title":{"rendered":"Campaigning, here and elsewhere. Layla BAAMARA, Camille FLODERER and Marine POIRIER, 2016"},"content":{"rendered":"\n\n\t<a href=\"https:\/\/mesopolhis.fr\/\">Accueil<\/a> &raquo; Faire campagne, ici et ailleurs. Layla BAAMARA, Camille FLODERER et Marine POIRIER, 2016<h2>\n\t\tFaire campagne, ici et ailleurs\n\t<\/h2>\n<h3>\n\t\tMobilisations \u00e9lectorales et pratiques politiques ordinaires<br \/>par Layla BAAMARA, Camille FLODERER, Marine POIRIER (dir.)\n\t<\/h3>\n\t<h3><strong>R\u00e9sum\u00e9<\/strong><\/h3>\n<p>Cet ouvrage collectif propose un \u00e9clairage ethnographique des logiques de mobilisation \u00e9lectorale du Nicaragua \u00e0 la Turquie, en passant par la France et les Etats-Unis. En faisant le choix d&rsquo;une entr\u00e9e \u00ab par le bas \u00bb et en s&rsquo;int\u00e9ressant au \u00ab faire campagne \u00bb, cette s\u00e9rie donne \u00e0 voir les \u00e9changes et les transactions politiques, les modes d&rsquo;interm\u00e9diation, les strat\u00e9gies de labellisation et d&rsquo;endossement de r\u00f4le, mais aussi les transformations et les ajustements des r\u00e9pertoires d&rsquo;action mobilis\u00e9s par les acteurs. L&rsquo;ouvrage offre un regard compar\u00e9 sur les campagnes \u00e9lectorales, en faisant dialoguer des travaux au-del\u00e0 des \u00abaires\u00bb ou des \u00ab sp\u00e9cificit\u00e9s \u00bb culturelles dans lesquelles ils restent parfois cloisonn\u00e9s. \u00c0 partir d&rsquo;observations men\u00e9es sur des terrains g\u00e9ographiquement, politiquement et sociologiquement diversifi\u00e9s, ce livre entend rendre compte \u00e0 la fois du temps long et des logiques de situation dans lesquels s&rsquo;inscrivent les processus politiques et sociaux de mobilisation \u00e9lectorale.<\/p>\n\t\t\t <p><strong><a href=\"https:\/\/www.karthala.com\/questions-transnationales\/3111-faire-campagne-ici-et-ailleurs-mobilisations-electorales-et-pratiques-politiques-ordinaires-9782811115395.html\">Version papier Karthala<\/a><\/strong><strong><a href=\"https:\/\/www.cairn.info\/faire-campagne-ici-et-ailleurs--9782811115395.htm\">Version num\u00e9rique Cairn<\/a><\/strong><\/p>\t\t\n\t\t\t\t<img loading=\"lazy\" decoding=\"async\" src=\"https:\/\/mesopolhis.fr\/wp-content\/uploads\/2023\/06\/KART_BAAMA_2016_01-scaled.jpeg\" alt=\"KART_BAAMA_2016_01\" itemprop=\"image\" height=\"2560\" width=\"1706\" title=\"KART_BAAMA_2016_01\" onerror=\"this.style.display='none'\"  \/>\n\t\t\t<h3> Auteurs<\/h3> <p>Les auteurs sont politistes,<a href=\"https:\/\/mesopolhis.fr\/blog\/membres\/baamara-layla\/\"><strong> Layla Baamara<\/strong><\/a> et <strong><a href=\"https:\/\/mesopolhis.fr\/blog\/membres\/floderer-camille\/\">Camille Floderer<\/a> <\/strong>(Mesopolhis)\u00a0et <strong>Marine Poirier <\/strong>(Charg\u00e9e de recherche \u00e0 l&rsquo;IREMAM).Avec les contributions de <strong>Layla Baamara<\/strong>, <strong>Nicolas Bu\u00e9<\/strong>, <strong>Maya Collombon<\/strong>, <strong>H\u00e9l\u00e8ne Combes<\/strong>, <strong>Herv\u00e9 Do Alto<\/strong>, <strong>Camille Floderer<\/strong>, <strong>Marie-Ange Gr\u00e9gory<\/strong>, <strong>R\u00e9mi Lefebvre<\/strong>, <strong>Elise Massicard<\/strong>, <strong>Marine Poirier<\/strong> et <strong>Julien Talpin<\/strong>.<\/p>\t\t\n\t\t\t<h3> Date de publication<\/h3> <p>17\/10\/2016<\/p>\t\t\n\t<h3><strong>Sommaire<\/strong><\/h3>\n<p>Introduction : Conjuguer la campagne au pluriel<\/p>\n<p>Layla BAAMARA,\u00a0Camille FLODERER,\u00a0Marine POIRIER<\/p>\n<p>&nbsp;<\/p>\n<p><strong>PREMIERE PARTIE\u00a0: ENCADRER LES PARTISANS, RATIONALISER LES PRATIQUES MILITANTES<\/strong><\/p>\n<p>Le rose au front. D\u00e9ployer l&rsquo;h\u00e9g\u00e9monie sandiniste dans la rue<em>\u00a0 Maya C<\/em><em>OLLOMBON<\/em><\/p>\n<p>R\u00e9invention et rationalisation du porte-\u00e0-porte aux \u00e9lections municipales de 2014. Effets de croyances et r\u00e9sistances de la culture militante<em>\u00a0\u00a0 R\u00e9mi L<\/em><em>EFEBVRE<\/em><\/p>\n<p>Quand la campagne touche \u00e0 sa fin. Significations militantes d&rsquo;un meeting de fin de campagne au Mexique<em>\u00a0\u00a0 H\u00e9l\u00e8ne C<\/em><em>OMBES<\/em><\/p>\n<p>&nbsp;<\/p>\n<p><strong>DEUXIEME PARTIE\u00a0: PARTIS ET MILITANTS A L&rsquo;EPREUVE DES CAMPAGNES<\/strong><\/p>\n<p>Que voit-on d&rsquo;un parti en campagne ? D\u00e9voilement de production des rapports politiques au cours d&rsquo;une campagne aux \u00e9lections locales en Turquie<em>\u00a0\u00a0 \u00c9lise M<\/em><em>ASSICARD<\/em><\/p>\n<p>Militer pour travailler. Une campagne \u00e9lectorale au prisme de la comp\u00e9tition intrapartisane en Bolivie<em>\u00a0\u00a0\u00a0 Herv\u00e9 D<\/em><em>O\u00a0<\/em><em>A<\/em><em>LTO<\/em><\/p>\n<p>Une campagne \u00ab \u00e0 part, mais pour le parti \u00bb. Le cas d&rsquo;un candidat FFS aux \u00e9lections l\u00e9gislatives de 2012 \u00e0 Alge<em>r\u00a0 Layla B<\/em><em>AAMARA<\/em><\/p>\n<p>&nbsp;<\/p>\n<p><strong>TROISIEME PARTIE\u00a0: MOBILISER AU-DELA DES MILITANTS. INTERMEDIATION ET MODES D&rsquo;INTERESSEMENT AU POLITIQUE<\/strong><\/p>\n<p>Se fabriquer des \u00e9lecteurs. Le \u00ab faire campagne \u00bb des candidats urbains aux \u00e9lections cantonales<em>\u00a0\u00a0\u00a0 Marie-Ange G<\/em><em>R\u00c9GORY<\/em><\/p>\n<p>Dirigeants de quartier en campagne. Mobilisation et d\u00e9mobilisation des habitants d&rsquo;un quartier populaire au Costa Rica<em>\u00a0\u00a0\u00a0\u00a0\u00a0 Camille F<\/em><em>LODERER<\/em><\/p>\n<p>De nouvelles \u00ab machines politiques \u00bb ? Comment les organisations communautaires investissent les campagnes r\u00e9f\u00e9rendaires en Californie ?<em>\u00a0\u00a0\u00a0 Julien T<\/em><em>ALPIN<\/em><\/p>\n<p>Postface : Que fait-on quand on fait campagne ?<em>\u00a0\u00a0\u00a0 Nicolas B<\/em><em>U\u00c9<\/em><\/p>\n\t<h3><strong>Recensions et interventions<\/strong><\/h3>\n<blockquote><p><strong><a href=\"https:\/\/blogdudroitelectoral.fr\/2016\/02\/08022016-journee-detude-de-lafsp-campagnes-electorales-et-communication-politique-enjeux-de-comparaison-debats-sociologiques-techniques-notes-personnelles-r-rambaud\/\"><em>Blog du droit \u00e9lectoral<\/em>, Romain Rambaud<\/a><\/strong><em>, 8 f\u00e9vrier 2016<\/em><\/p>\n<p>\u00ab\u00a0Ce sont des travaux portant sur l&rsquo;\u00e9volution des mani\u00e8res de faire campagne dans le temps long. La campagne au-del\u00e0 de l&rsquo;\u00e9lection\u00a0: l&rsquo;effet de la campagne a une influence forte sur les r\u00e9sultats des \u00e9lections [&#8230;]<\/p>\n<p>Les analyses crois\u00e9es dans l&rsquo;espace montrent l&rsquo;importance du processus \u00e9lectoral dans l&rsquo;affirmation des d\u00e9mocraties mais aussi la circulation des techniques et des m\u00e9thodes. On trouve aussi un int\u00e9r\u00eat \u00e0 des \u00e9lections dans les r\u00e9gimes plut\u00f4t autoritaires, ce qui montre l&rsquo;int\u00e9r\u00eat d&rsquo;une \u00e9lection en dehors du simple impact sur la qualit\u00e9 d\u00e9mocratique de l&rsquo;\u00e9lection.\u00a0\u00bb<\/p><\/blockquote>\n<p>&nbsp;<\/p>\n<blockquote><p><a href=\"https:\/\/www.cairn.info\/revue-francaise-de-science-politique-2017-6.htm\"><strong><em>Revue fran\u00e7aise de science politique<\/em><\/strong>,<\/a> 2017, vol. 67, n\u00b06, \u00ab\u00a0Comptes rendus\u00a0\u00bb, Babak Taghavi, p. 1261.<\/p><\/blockquote>\n<p>&nbsp;<\/p>\n<blockquote><p><strong><em>La revue g\u00e9opolitique<\/em><\/strong>, diploweb.com, 2016, \u00ab\u00a0<a href=\"https:\/\/www.diploweb.com\/Livres-geopolitiques-2016.html\"><strong>Livres g\u00e9opolitiques 2016<\/strong><\/a>\u00bb, Pierre Verluise.<\/p>\n<p>\u00ab\u00a0\u00c0 partir d&rsquo;observations men\u00e9es sur des terrains g\u00e9ographiquement, politiquement et sociologiquement diversifi\u00e9s, ce livre entend rendre compte \u00e0 la fois du temps long et des logiques de situation dans lesquels s&rsquo;inscrivent les processus politiques et sociaux de mobilisation \u00e9lectorale.\u00a0\u00bb<\/p><\/blockquote>\n<p>&nbsp;<\/p>\n<blockquote><p>\u00ab\u00a0<a href=\"https:\/\/www.sciencespo.fr\/ceri\/en\/content\/revisiter-les-elections-par-les-suds\"><strong>Revisiter les \u00e9lections par les suds <\/strong><\/a>\u00bb, Paris, 18 septembre 2017, table ronde Sciences Po\/CERI sous la pr\u00e9sidence de Sandrine Perrot, avec le soutien du PIAF, du s\u00e9minaire \u00ab\u00a0Afrique : citoyennet\u00e9, violence et politique\u00a0\u00bb, du Groupe de recherche \u00ab\u00a0Travailleurs de l&rsquo;\u00e9lection : du local au transnational\u00a0\u00bb, de la revue\u00a0<em>Politique africaine<\/em>\u00a0et de l&rsquo;Association des chercheurs de politique africaine.<\/p><\/blockquote>\n<p>&nbsp;<\/p>\n<blockquote><p>Baamara L., \u00ab <strong><a href=\"https:\/\/www.cairn.info\/revue-actes-de-la-recherche-en-sciences-sociales-2016-1-page-109.htm\">L&rsquo;\u00e9cart difficile aux routines contestataires dans les mobilisations alg\u00e9riennes de 2011<\/a><\/strong> \u00bb, <em>Actes de la recherche en sciences sociales<\/em>, n\u00b0211-212, 2016, p. 109-125.<\/p><\/blockquote>\n<p>&nbsp;<\/p>\n<blockquote><p>Baamara L., \u00ab <strong><a href=\"https:\/\/www.cairn.info\/revue-confluences-mediterranee-2016-3-page-159.htm\">\u00ab\u00a0Un parti, \u00e7a participe !\u00a0\u00bb Retour sur le repositionnement du Front des forces socialistes alg\u00e9rien (2011-2012)<\/a> <\/strong>\u00bb, <em>Confluences M\u00e9diterran\u00e9e<\/em>, n\u00b098, 2016, p. 159-174.<\/p><\/blockquote>\n\n","protected":false},"excerpt":{"rendered":"<p>Accueil &raquo; Faire campagne, ici et ailleurs. Layla BAAMARA, Camille FLODERER et Marine POIRIER, 2016 Faire campagne, ici et ailleurs Mobilisations \u00e9lectorales et pratiques politiques ordinairespar Layla BAAMARA, Camille FLODERER, Marine POIRIER (dir.) R\u00e9sum\u00e9 Cet ouvrage collectif propose un \u00e9clairage ethnographique des logiques de mobilisation \u00e9lectorale du Nicaragua \u00e0 la Turquie, en passant par la&hellip;<\/p>","protected":false},"author":4,"featured_media":0,"parent":0,"menu_order":0,"comment_status":"closed","ping_status":"closed","template":"","meta":{"_acf_changed":false,"inline_featured_image":false,"footnotes":""},"class_list":["post-33192","page","type-page","status-publish","hentry"],"acf":[],"yoast_head":"<!-- This site is optimized with the Yoast SEO plugin v27.4 - https:\/\/yoast.com\/product\/yoast-seo-wordpress\/ -->\n<title>Faire campagne, ici et ailleurs. Layla BAAMARA, Camille FLODERER et Marine POIRIER, 2016 - Mesopolhis<\/title>\n<meta name=\"robots\" content=\"index, follow, max-snippet:-1, max-image-preview:large, max-video-preview:-1\" \/>\n<link rel=\"canonical\" href=\"https:\/\/mesopolhis.fr\/en\/campaigning-here-and-elsewhere-layla-baamara-camille-floderer-and-marine-poirier-2016\/\" \/>\n<meta property=\"og:locale\" content=\"en_GB\" \/>\n<meta property=\"og:type\" content=\"article\" \/>\n<meta property=\"og:title\" content=\"Faire campagne, ici et ailleurs. Layla BAAMARA, Camille FLODERER et Marine POIRIER, 2016 - Mesopolhis\" \/>\n<meta property=\"og:description\" content=\"Accueil &raquo; Faire campagne, ici et ailleurs. Layla BAAMARA, Camille FLODERER et Marine POIRIER, 2016 Faire campagne, ici et ailleurs Mobilisations \u00e9lectorales et pratiques politiques ordinairespar Layla BAAMARA, Camille FLODERER, Marine POIRIER (dir.) R\u00e9sum\u00e9 Cet ouvrage collectif propose un \u00e9clairage ethnographique des logiques de mobilisation \u00e9lectorale du Nicaragua \u00e0 la Turquie, en passant par la&hellip;\" \/>\n<meta property=\"og:url\" content=\"https:\/\/mesopolhis.fr\/en\/campaigning-here-and-elsewhere-layla-baamara-camille-floderer-and-marine-poirier-2016\/\" \/>\n<meta property=\"og:site_name\" content=\"Mesopolhis\" \/>\n<meta property=\"article:modified_time\" content=\"2023-06-21T13:14:52+00:00\" \/>\n<meta property=\"og:image\" content=\"https:\/\/mesopolhis.fr\/wp-content\/uploads\/2023\/06\/KART_BAAMA_2016_01-scaled.jpeg\" \/>\n<meta name=\"twitter:card\" content=\"summary_large_image\" \/>\n<script type=\"application\/ld+json\" class=\"yoast-schema-graph\">{\"@context\":\"https:\\\/\\\/schema.org\",\"@graph\":[{\"@type\":\"WebPage\",\"@id\":\"https:\\\/\\\/mesopolhis.fr\\\/faire-campagne-ici-et-ailleurs-layla-baamara-camille-floderer-et-marine-poirier-2016\\\/\",\"url\":\"https:\\\/\\\/mesopolhis.fr\\\/faire-campagne-ici-et-ailleurs-layla-baamara-camille-floderer-et-marine-poirier-2016\\\/\",\"name\":\"Faire campagne, ici et ailleurs. Layla BAAMARA, Camille FLODERER et Marine POIRIER, 2016 - Mesopolhis\",\"isPartOf\":{\"@id\":\"https:\\\/\\\/mesopolhis.fr\\\/#website\"},\"primaryImageOfPage\":{\"@id\":\"https:\\\/\\\/mesopolhis.fr\\\/faire-campagne-ici-et-ailleurs-layla-baamara-camille-floderer-et-marine-poirier-2016\\\/#primaryimage\"},\"image\":{\"@id\":\"https:\\\/\\\/mesopolhis.fr\\\/faire-campagne-ici-et-ailleurs-layla-baamara-camille-floderer-et-marine-poirier-2016\\\/#primaryimage\"},\"thumbnailUrl\":\"https:\\\/\\\/mesopolhis.fr\\\/wp-content\\\/uploads\\\/2023\\\/06\\\/KART_BAAMA_2016_01-scaled.jpeg\",\"datePublished\":\"2023-04-18T14:24:52+00:00\",\"dateModified\":\"2023-06-21T13:14:52+00:00\",\"breadcrumb\":{\"@id\":\"https:\\\/\\\/mesopolhis.fr\\\/faire-campagne-ici-et-ailleurs-layla-baamara-camille-floderer-et-marine-poirier-2016\\\/#breadcrumb\"},\"inLanguage\":\"en-GB\",\"potentialAction\":[{\"@type\":\"ReadAction\",\"target\":[\"https:\\\/\\\/mesopolhis.fr\\\/faire-campagne-ici-et-ailleurs-layla-baamara-camille-floderer-et-marine-poirier-2016\\\/\"]}]},{\"@type\":\"ImageObject\",\"inLanguage\":\"en-GB\",\"@id\":\"https:\\\/\\\/mesopolhis.fr\\\/faire-campagne-ici-et-ailleurs-layla-baamara-camille-floderer-et-marine-poirier-2016\\\/#primaryimage\",\"url\":\"https:\\\/\\\/mesopolhis.fr\\\/wp-content\\\/uploads\\\/2023\\\/06\\\/KART_BAAMA_2016_01-scaled.jpeg\",\"contentUrl\":\"https:\\\/\\\/mesopolhis.fr\\\/wp-content\\\/uploads\\\/2023\\\/06\\\/KART_BAAMA_2016_01-scaled.jpeg\"},{\"@type\":\"BreadcrumbList\",\"@id\":\"https:\\\/\\\/mesopolhis.fr\\\/faire-campagne-ici-et-ailleurs-layla-baamara-camille-floderer-et-marine-poirier-2016\\\/#breadcrumb\",\"itemListElement\":[{\"@type\":\"ListItem\",\"position\":1,\"name\":\"Accueil\",\"item\":\"https:\\\/\\\/mesopolhis.fr\\\/\"},{\"@type\":\"ListItem\",\"position\":2,\"name\":\"Faire campagne, ici et ailleurs. Layla BAAMARA, Camille FLODERER et Marine POIRIER, 2016\"}]},{\"@type\":\"WebSite\",\"@id\":\"https:\\\/\\\/mesopolhis.fr\\\/#website\",\"url\":\"https:\\\/\\\/mesopolhis.fr\\\/\",\"name\":\"Mesopolhis\",\"description\":\"Centre m\u00e9diterran\u00e9en de sociologie, de science politique et d&#039;histoire\",\"publisher\":{\"@id\":\"https:\\\/\\\/mesopolhis.fr\\\/#organization\"},\"potentialAction\":[{\"@type\":\"SearchAction\",\"target\":{\"@type\":\"EntryPoint\",\"urlTemplate\":\"https:\\\/\\\/mesopolhis.fr\\\/?s={search_term_string}\"},\"query-input\":{\"@type\":\"PropertyValueSpecification\",\"valueRequired\":true,\"valueName\":\"search_term_string\"}}],\"inLanguage\":\"en-GB\"},{\"@type\":\"Organization\",\"@id\":\"https:\\\/\\\/mesopolhis.fr\\\/#organization\",\"name\":\"Mesopolhis\",\"url\":\"https:\\\/\\\/mesopolhis.fr\\\/\",\"logo\":{\"@type\":\"ImageObject\",\"inLanguage\":\"en-GB\",\"@id\":\"https:\\\/\\\/mesopolhis.fr\\\/#\\\/schema\\\/logo\\\/image\\\/\",\"url\":\"https:\\\/\\\/mesopolhis.fr\\\/wp-content\\\/uploads\\\/2021\\\/12\\\/Logo_MESOPOLHIS_Quadri.png\",\"contentUrl\":\"https:\\\/\\\/mesopolhis.fr\\\/wp-content\\\/uploads\\\/2021\\\/12\\\/Logo_MESOPOLHIS_Quadri.png\",\"width\":264,\"height\":69,\"caption\":\"Mesopolhis\"},\"image\":{\"@id\":\"https:\\\/\\\/mesopolhis.fr\\\/#\\\/schema\\\/logo\\\/image\\\/\"}}]}<\/script>\n<!-- \/ Yoast SEO plugin. -->","yoast_head_json":{"title":"Campaigning, here and elsewhere. Layla BAAMARA, Camille FLODERER and Marine POIRIER, 2016 - Mesopolhis","robots":{"index":"index","follow":"follow","max-snippet":"max-snippet:-1","max-image-preview":"max-image-preview:large","max-video-preview":"max-video-preview:-1"},"canonical":"https:\/\/mesopolhis.fr\/en\/campaigning-here-and-elsewhere-layla-baamara-camille-floderer-and-marine-poirier-2016\/","og_locale":"en_GB","og_type":"article","og_title":"Faire campagne, ici et ailleurs. Layla BAAMARA, Camille FLODERER et Marine POIRIER, 2016 - Mesopolhis","og_description":"Accueil &raquo; Faire campagne, ici et ailleurs. Layla BAAMARA, Camille FLODERER et Marine POIRIER, 2016 Faire campagne, ici et ailleurs Mobilisations \u00e9lectorales et pratiques politiques ordinairespar Layla BAAMARA, Camille FLODERER, Marine POIRIER (dir.) R\u00e9sum\u00e9 Cet ouvrage collectif propose un \u00e9clairage ethnographique des logiques de mobilisation \u00e9lectorale du Nicaragua \u00e0 la Turquie, en passant par la&hellip;","og_url":"https:\/\/mesopolhis.fr\/en\/campaigning-here-and-elsewhere-layla-baamara-camille-floderer-and-marine-poirier-2016\/","og_site_name":"Mesopolhis","article_modified_time":"2023-06-21T13:14:52+00:00","og_image":[{"url":"https:\/\/mesopolhis.fr\/wp-content\/uploads\/2023\/06\/KART_BAAMA_2016_01-scaled.jpeg","type":"","width":"","height":""}],"twitter_card":"summary_large_image","schema":{"@context":"https:\/\/schema.org","@graph":[{"@type":"WebPage","@id":"https:\/\/mesopolhis.fr\/faire-campagne-ici-et-ailleurs-layla-baamara-camille-floderer-et-marine-poirier-2016\/","url":"https:\/\/mesopolhis.fr\/faire-campagne-ici-et-ailleurs-layla-baamara-camille-floderer-et-marine-poirier-2016\/","name":"Campaigning, here and elsewhere. Layla BAAMARA, Camille FLODERER and Marine POIRIER, 2016 - Mesopolhis","isPartOf":{"@id":"https:\/\/mesopolhis.fr\/#website"},"primaryImageOfPage":{"@id":"https:\/\/mesopolhis.fr\/faire-campagne-ici-et-ailleurs-layla-baamara-camille-floderer-et-marine-poirier-2016\/#primaryimage"},"image":{"@id":"https:\/\/mesopolhis.fr\/faire-campagne-ici-et-ailleurs-layla-baamara-camille-floderer-et-marine-poirier-2016\/#primaryimage"},"thumbnailUrl":"https:\/\/mesopolhis.fr\/wp-content\/uploads\/2023\/06\/KART_BAAMA_2016_01-scaled.jpeg","datePublished":"2023-04-18T14:24:52+00:00","dateModified":"2023-06-21T13:14:52+00:00","breadcrumb":{"@id":"https:\/\/mesopolhis.fr\/faire-campagne-ici-et-ailleurs-layla-baamara-camille-floderer-et-marine-poirier-2016\/#breadcrumb"},"inLanguage":"en-GB","potentialAction":[{"@type":"ReadAction","target":["https:\/\/mesopolhis.fr\/faire-campagne-ici-et-ailleurs-layla-baamara-camille-floderer-et-marine-poirier-2016\/"]}]},{"@type":"ImageObject","inLanguage":"en-GB","@id":"https:\/\/mesopolhis.fr\/faire-campagne-ici-et-ailleurs-layla-baamara-camille-floderer-et-marine-poirier-2016\/#primaryimage","url":"https:\/\/mesopolhis.fr\/wp-content\/uploads\/2023\/06\/KART_BAAMA_2016_01-scaled.jpeg","contentUrl":"https:\/\/mesopolhis.fr\/wp-content\/uploads\/2023\/06\/KART_BAAMA_2016_01-scaled.jpeg"},{"@type":"BreadcrumbList","@id":"https:\/\/mesopolhis.fr\/faire-campagne-ici-et-ailleurs-layla-baamara-camille-floderer-et-marine-poirier-2016\/#breadcrumb","itemListElement":[{"@type":"ListItem","position":1,"name":"Accueil","item":"https:\/\/mesopolhis.fr\/"},{"@type":"ListItem","position":2,"name":"Faire campagne, ici et ailleurs. Layla BAAMARA, Camille FLODERER et Marine POIRIER, 2016"}]},{"@type":"WebSite","@id":"https:\/\/mesopolhis.fr\/#website","url":"https:\/\/mesopolhis.fr\/","name":"Mesopolhis","description":"Mediterranean Centre for Sociology, Political Science and History","publisher":{"@id":"https:\/\/mesopolhis.fr\/#organization"},"potentialAction":[{"@type":"SearchAction","target":{"@type":"EntryPoint","urlTemplate":"https:\/\/mesopolhis.fr\/?s={search_term_string}"},"query-input":{"@type":"PropertyValueSpecification","valueRequired":true,"valueName":"search_term_string"}}],"inLanguage":"en-GB"},{"@type":"Organization","@id":"https:\/\/mesopolhis.fr\/#organization","name":"Mesopolhis","url":"https:\/\/mesopolhis.fr\/","logo":{"@type":"ImageObject","inLanguage":"en-GB","@id":"https:\/\/mesopolhis.fr\/#\/schema\/logo\/image\/","url":"https:\/\/mesopolhis.fr\/wp-content\/uploads\/2021\/12\/Logo_MESOPOLHIS_Quadri.png","contentUrl":"https:\/\/mesopolhis.fr\/wp-content\/uploads\/2021\/12\/Logo_MESOPOLHIS_Quadri.png","width":264,"height":69,"caption":"Mesopolhis"},"image":{"@id":"https:\/\/mesopolhis.fr\/#\/schema\/logo\/image\/"}}]}},"_links":{"self":[{"href":"https:\/\/mesopolhis.fr\/en\/wp-json\/wp\/v2\/pages\/33192","targetHints":{"allow":["GET"]}}],"collection":[{"href":"https:\/\/mesopolhis.fr\/en\/wp-json\/wp\/v2\/pages"}],"about":[{"href":"https:\/\/mesopolhis.fr\/en\/wp-json\/wp\/v2\/types\/page"}],"author":[{"embeddable":true,"href":"https:\/\/mesopolhis.fr\/en\/wp-json\/wp\/v2\/users\/4"}],"replies":[{"embeddable":true,"href":"https:\/\/mesopolhis.fr\/en\/wp-json\/wp\/v2\/comments?post=33192"}],"version-history":[{"count":0,"href":"https:\/\/mesopolhis.fr\/en\/wp-json\/wp\/v2\/pages\/33192\/revisions"}],"wp:attachment":[{"href":"https:\/\/mesopolhis.fr\/en\/wp-json\/wp\/v2\/media?parent=33192"}],"curies":[{"name":"wp","href":"https:\/\/api.w.org\/{rel}","templated":true}]}}