{"id":33180,"date":"2023-04-18T14:50:07","date_gmt":"2023-04-18T12:50:07","guid":{"rendered":"https:\/\/mesopolhis.fr\/?page_id=33180"},"modified":"2023-06-21T15:08:23","modified_gmt":"2023-06-21T13:08:23","slug":"marseille-ville-du-monde-the-internationalisation-of-a-fragmented-metropolis-nicolas-maisetti-2017","status":"publish","type":"page","link":"https:\/\/mesopolhis.fr\/en\/marseille-ville-du-monde-the-internationalisation-of-a-fragmented-metropolis-nicolas-maisetti-2017\/","title":{"rendered":"Marseille, city of the world. The internationalisation of a fragmented metropolis. Nicolas MAISETTI, 2017"},"content":{"rendered":"<a href=\"https:\/\/mesopolhis.fr\/en\/\">Home<\/a> &raquo; Marseille, ville du monde. L&rsquo;internationalisation d&rsquo;une m\u00e9tropole morcel\u00e9e. Nicolas MAISETTI, 2017<h2>\n\t\tMarseille, city of the world\n\t<\/h2>\n<h3>\n\t\tL&rsquo;internationalisation d&rsquo;une m\u00e9tropole morcel\u00e9e<br \/>par Nicolas MAISETTI\n\t<\/h3>\n\t<h3><strong>Summary<\/strong><\/h3>\n<p>Dans un contexte d&rsquo;intensification de la comp\u00e9tition internationale des territoires, les villes rivalisent de strat\u00e9gies pour accro\u00eetre leur rayonnement et am\u00e9liorer leur attractivit\u00e9. Marseille ne d\u00e9roge pas \u00e0 la r\u00e8gle. Ce livre analyse les politiques internationales qui visent \u00e0 promouvoir une nouvelle image de Marseille, accueillante pour les investisseurs, les touristes ou les organisateurs d&rsquo;\u00e9v\u00e9nements culturels ou sportifs.<\/p>\n<p>Quelles sont les facettes de Marseille mises en avant pour projeter la ville et son territoire au-del\u00e0 des fronti\u00e8res locales et nationales ? Quels liens la municipalit\u00e9 tisse-t-elle avec ses homologues \u00e9trang\u00e8res ? Comment la R\u00e9gion promeut-elle ses int\u00e9r\u00eats aupr\u00e8s de Bruxelles et parvient-elle \u00e0 d\u00e9crocher des fonds europ\u00e9ens ? Quel est l&rsquo;enjeu d&rsquo;accueillir \u00e0 Marseille une antenne de la Banque Mondiale ? Quels sont les effets d&rsquo;une candidature \u00e0 un \u00e9v\u00e9nement international sur les recompositions des pouvoirs urbains ?<\/p>\n<p>Le livre r\u00e9pond \u00e0 ces questions et analyse les conditions de possibilit\u00e9 de l&rsquo;internationalisation de Marseille, m\u00e9tropole morcel\u00e9e.<\/p>\n\t\t\t <p><a href=\"https:\/\/www.karthala.com\/questions-transnationales\/3193-marseille-ville-du-monde-l-internationalisation-d-une-metropole-morcelee-9782811118839.html\">Paper and digital versions Karthala<\/a><\/p>\t\t\n\t\t\t\t<img loading=\"lazy\" decoding=\"async\" src=\"https:\/\/mesopolhis.fr\/wp-content\/uploads\/2023\/06\/9782811118839-475x500-1.jpeg\" alt=\"9782811118839-475x500-1\" itemprop=\"image\" height=\"500\" width=\"334\" title=\"9782811118839-475x500-1\" onerror=\"this.style.display='none'\"  \/>\n\t\t\t<h3> Author<\/h3> <p><strong>Nicolas Maisetti<\/strong> est directeur du programme Transitions au sein de la Plateforme d&rsquo;observation des projets et strat\u00e9gies urbaines (POPSU) &#8211; <a href=\"https:\/\/www.weka.fr\/actualite\/interviews\/reveler-des-proprietes-invisibles-des-politiques-publiques-locales-162343\/\">Lire l&rsquo;interview Weka<\/a>\u00a0<\/p>\t\t\n\t<h3><strong>Contents<\/strong><\/h3>\n<p><strong>Foreword, Andr\u00e9 Donzel<\/strong><\/p>\n<p><strong>Prologue<\/strong><\/p>\n<p><strong>\u00a0<\/strong><\/p>\n<p><strong>Chapitre 1. Mythes et pseudo-histoire d&rsquo;une ville du monde<\/strong><\/p>\n<p>A city of stories<\/p>\n<p>L&rsquo;immigration, une ressource ambivalente de l&rsquo;internationalisation de Marseille<\/p>\n<p>Le port et ses transformations, un observatoire de l&rsquo;\u00e9volution de Marseille dans l&rsquo;\u00e9conomie mondiale<\/p>\n<p>Les conditions de fabrication d&rsquo;un \u00ab objet d&rsquo;expertise \u00bb<\/p>\n<p>Conclusion. L&rsquo;internationalisation d&rsquo;une ville pr\u00e9c\u00e9dant l&rsquo;action publique locale internationale<\/p>\n<p><strong>\u00a0<\/strong><\/p>\n<p><strong>Chapter 2: Building transnational friendships and conquering international markets: decentralised cooperation policies <\/strong><\/p>\n<p>L&rsquo;organisation des coop\u00e9rations d\u00e9centralis\u00e9es au sein des collectivit\u00e9s locales du territoire<\/p>\n<p>The International Council of the City of Marseille: cooperation without coordination<\/p>\n<p>La coop\u00e9ration d\u00e9centralis\u00e9e contre l&rsquo;\u00c9tat ?<\/p>\n<p>L&rsquo;europ\u00e9anisation de la coop\u00e9ration d\u00e9centralis\u00e9e : nouveau guichet, nouvel espace d&rsquo;action<\/p>\n<p>Conclusion. Decentralised cooperation, from the transformation of foreign policy to the reshaping of urban governance<\/p>\n<p>&nbsp;<\/p>\n<p><strong>Chapter 3. Raising our voice and defending regional interests in Brussels: European policy and decentralised diplomacy in the PACA region<\/strong><\/p>\n<p>Les effets ambivalents de la mise en r\u00e9cit politique de la M\u00e9diterran\u00e9e : la conversion d\u00e9licate d&rsquo;une croyance en action<\/p>\n<p>La formalisation strat\u00e9gique de la diplomatie d\u00e9centralis\u00e9e : normes d&rsquo;action publique et r\u00e9seaux internationaux<\/p>\n<p>Port\u00e9e et limites des ambitions de la diplomatie d\u00e9centralis\u00e9e : le cas de l&rsquo;insertion de la ville et de la r\u00e9gion dans l&rsquo;Union pour la M\u00e9diterran\u00e9e<\/p>\n<p>Face \u00e0 l&rsquo;\u00e9chec, une relance de la diplomatie d\u00e9centralis\u00e9e de la R\u00e9gion PACA ?<\/p>\n<p>Conclusion. De la r\u00e9gionalisation des politiques europ\u00e9ennes \u00e0 l&rsquo;europ\u00e9anisation des politiques r\u00e9gionales<\/p>\n<p>&nbsp;<\/p>\n<p><strong>Chapitre 4. Promouvoir le territoire et rompre avec la mauvaise r\u00e9putation\u00a0: les politiques d&rsquo;attractivit\u00e9<\/strong><\/p>\n<p>The dead ends of territorial marketing in Marseille<\/p>\n<p>\u00c0 l&rsquo;origine, des politiques de d\u00e9centralisation d&rsquo;organismes publics<\/p>\n<p>L&rsquo;attractivit\u00e9, \u00ab ce n&rsquo;est pas que du marketing \u00bb. La trajectoire de l&rsquo;antenne marseillaise de la Banque mondiale<\/p>\n<p>La constitution d&rsquo;une \u00ab plateforme territoriale d&rsquo;ing\u00e9nierie \u00e9conomique \u00bb ? La Semaine \u00e9conomique de la M\u00e9diterran\u00e9e<\/p>\n<p>Conclusion. Retour sur les politiques marseillaises d&rsquo;attractivit\u00e9 territoriale et la recherche d&rsquo;une \u00ab centralit\u00e9 \u00bb internationale<\/p>\n<p>&nbsp;<\/p>\n<p><strong>Chapitre 5.\u00a0Gagner et g\u00e9rer des r\u00e9compenses territoriales\u00a0: les troph\u00e9es de l&rsquo;internationalisation des villes <\/strong><\/p>\n<p>Marseille-Provence 2013 : les enjeux multi-scalaires d&rsquo;une op\u00e9ration \u00e9conomico-culturelle<\/p>\n<p>Gouvernance urbaine et op\u00e9ration culturelle : l&rsquo;injonction du \u00ab jouer collectif \u00bb et ses limites<\/p>\n<p>La candidature d&rsquo;Aix-Marseille au label French Tech : la \u00ab r\u00e9gulation comp\u00e9titive de la coop\u00e9ration \u00bb<\/p>\n<p>Gouverner par les labels territoriaux et l&rsquo;internationalisation des villes<\/p>\n<p>Conclusion. Territorial trophies, a resource for distinction in international city competition<\/p>\n<p>&nbsp;<\/p>\n<p><strong>Conclusion<\/strong><\/p>\n<p>Les luttes d&rsquo;institution sous l&rsquo;injonction de la coop\u00e9ration<\/p>\n<p>La r\u00e9gulation priv\u00e9e-publique de l&rsquo;internationalisation des villes<\/p>\n<p>The crises of the political narrative<\/p>\n\t<h3><strong>Reviews and speeches<\/strong><\/h3>\n<blockquote>\n<a href=\"https:\/\/journals.openedition.org\/lectures\/30329\"><em><strong>Social links<\/strong><\/em><\/a>Lectures, 2018, Margot Bergerand.\n<\/blockquote>\n<blockquote>\n<p><strong><a href=\"https:\/\/latts.fr\/wp-content\/uploads\/2017\/11\/Se%CC%81minaire_Marseille_Maisetti_.pdf\">S\u00e9minaire de pr\u00e9sentation de l&rsquo;ouvrage au LATTS<\/a> - <\/strong>Techniques, Territories and Societies Laboratory, 21 June 2018.<\/p>\n<\/blockquote>\n<p>&nbsp;<\/p>\n<blockquote><p><strong><em>Marsactu<\/em><\/strong><strong>, \"\u00a0<a href=\"https:\/\/www.dailymotion.com\/video\/xvi7go\">Culture talk with Nicolas Maisetti<\/a>\u00a0\", <\/strong>dailymotion, April 2018.<\/p><\/blockquote>\n<p>&nbsp;<\/p>\n<blockquote><p><strong><em>DestiMed, <\/em><\/strong><strong>\"\u00a0<a href=\"https:\/\/destimed.fr\/+Marseille-Le-Funiculaire-recoit-ce-samedi-10-fevrier-a-17h00-Nicolas-Maisetti+\">Marseille: Nicolas Maisetti at the funicular <\/a><\/strong>for his book <em>Marseille, a city<\/em> <em>du monde. L&rsquo;internationalisation d&rsquo;une M\u00e9tropole morcel\u00e9e<\/em> \", February 2018.<\/p><\/blockquote>\n<p>&nbsp;<\/p>\n<blockquote><p>Nicolas Maisetti,<strong> \"\u00a0<\/strong><a href=\"https:\/\/www.liberation.fr\/debats\/2019\/03\/29\/nicolas-maisetti-la-marseillologie-pointe-une-singularite-qui-n-en-est-pas-une_1718212\/\"><strong>La marseillologie pointe une singularit\u00e9 qui n&rsquo;en\u00a0est pas une<\/strong>\u00a0<\/a><strong>\"<\/strong>interview by St\u00e9phanie Aubert and Simon Blin, <em><strong>Liberation<\/strong>,<\/em>\u00a029 March 2019.<\/p>\n<p>\"\u00a0<strong>Nicolas Maisetti<\/strong> \u00e9tudie par l&rsquo;absurde la fa\u00e7on dont Marseille est pr\u00e9sent\u00e9e comme un cas unique dans le discours public, qu&rsquo;il soit port\u00e9 par les m\u00e9dias, les politiques ou par les habitants eux-m\u00eames.\u00a0\u00bb<\/p><\/blockquote>\n<p>&nbsp;<\/p>\n<blockquote><p>Nicolas Maisetti, 2017, \"\u00a0<a href=\"https:\/\/hal.science\/hal-01680704\/document\"><strong>L&rsquo;internationalisation des villes, entre action publique int\u00e9gr\u00e9e et nouvelle \u00e9tape dans la production urbaine<\/strong>\u00a0<\/a>\", <em>Acts<\/em>HS \"Pour m\u00e9moire\", p. 36-39.<\/p><\/blockquote>\n<p>&nbsp;<\/p>\n<blockquote><p>Nicolas Maisetti, 2016, \"\u00a0<strong><a href=\"https:\/\/www.leravi.org\/journal\/la-mediterranee-a-t-elle-un-avenir-pour-la-region-post-vauzelle\/\">Guest Writer. Does the Mediterranean have a future for the post-Vauzelle region?<\/a><\/strong>\u00a0\", <em>Le Ravi,<\/em> No. 145, November.<\/p>\n<p><img loading=\"lazy\" decoding=\"async\" src=\"https:\/\/mesopolhis.fr\/wp-content\/uploads\/2023\/06\/Maissetti.png\" alt=\"\" width=\"219\" height=\"192\" \/><\/p><\/blockquote>","protected":false},"excerpt":{"rendered":"<p>Accueil &raquo; Marseille, ville du monde. L&rsquo;internationalisation d&rsquo;une m\u00e9tropole morcel\u00e9e. Nicolas MAISETTI, 2017 Marseille, ville du monde L&rsquo;internationalisation d&rsquo;une m\u00e9tropole morcel\u00e9epar Nicolas MAISETTI R\u00e9sum\u00e9 Dans un contexte d&rsquo;intensification de la comp\u00e9tition internationale des territoires, les villes rivalisent de strat\u00e9gies pour accro\u00eetre leur rayonnement et am\u00e9liorer leur attractivit\u00e9. Marseille ne d\u00e9roge pas \u00e0 la r\u00e8gle. Ce&hellip;<\/p>","protected":false},"author":4,"featured_media":0,"parent":0,"menu_order":0,"comment_status":"closed","ping_status":"closed","template":"","meta":{"_acf_changed":false,"inline_featured_image":false,"footnotes":""},"class_list":["post-33180","page","type-page","status-publish","hentry"],"acf":[],"yoast_head":"<!-- This site is optimized with the Yoast SEO plugin v27.3 - https:\/\/yoast.com\/product\/yoast-seo-wordpress\/ -->\n<title>Marseille, ville du monde. L&#039;internationalisation d&#039;une m\u00e9tropole morcel\u00e9e. Nicolas MAISETTI, 2017 - Mesopolhis<\/title>\n<meta name=\"robots\" content=\"index, follow, max-snippet:-1, max-image-preview:large, max-video-preview:-1\" \/>\n<link rel=\"canonical\" href=\"https:\/\/mesopolhis.fr\/en\/marseille-ville-du-monde-the-internationalisation-of-a-fragmented-metropolis-nicolas-maisetti-2017\/\" \/>\n<meta property=\"og:locale\" content=\"en_GB\" \/>\n<meta property=\"og:type\" content=\"article\" \/>\n<meta property=\"og:title\" content=\"Marseille, ville du monde. L&#039;internationalisation d&#039;une m\u00e9tropole morcel\u00e9e. Nicolas MAISETTI, 2017 - Mesopolhis\" \/>\n<meta property=\"og:description\" content=\"Accueil &raquo; Marseille, ville du monde. L&rsquo;internationalisation d&rsquo;une m\u00e9tropole morcel\u00e9e. Nicolas MAISETTI, 2017 Marseille, ville du monde L&rsquo;internationalisation d&rsquo;une m\u00e9tropole morcel\u00e9epar Nicolas MAISETTI R\u00e9sum\u00e9 Dans un contexte d&rsquo;intensification de la comp\u00e9tition internationale des territoires, les villes rivalisent de strat\u00e9gies pour accro\u00eetre leur rayonnement et am\u00e9liorer leur attractivit\u00e9. Marseille ne d\u00e9roge pas \u00e0 la r\u00e8gle. Ce&hellip;\" \/>\n<meta property=\"og:url\" content=\"https:\/\/mesopolhis.fr\/en\/marseille-ville-du-monde-the-internationalisation-of-a-fragmented-metropolis-nicolas-maisetti-2017\/\" \/>\n<meta property=\"og:site_name\" content=\"Mesopolhis\" \/>\n<meta property=\"article:modified_time\" content=\"2023-06-21T13:08:23+00:00\" \/>\n<meta property=\"og:image\" content=\"https:\/\/mesopolhis.fr\/wp-content\/uploads\/2023\/06\/9782811118839-475x500-1.jpeg\" \/>\n<meta name=\"twitter:card\" content=\"summary_large_image\" \/>\n<script type=\"application\/ld+json\" class=\"yoast-schema-graph\">{\"@context\":\"https:\\\/\\\/schema.org\",\"@graph\":[{\"@type\":\"WebPage\",\"@id\":\"https:\\\/\\\/mesopolhis.fr\\\/marseille-ville-du-monde-linternationalisation-dune-metropole-morcelee-nicolas-maisetti-2017\\\/\",\"url\":\"https:\\\/\\\/mesopolhis.fr\\\/marseille-ville-du-monde-linternationalisation-dune-metropole-morcelee-nicolas-maisetti-2017\\\/\",\"name\":\"Marseille, ville du monde. L'internationalisation d'une m\u00e9tropole morcel\u00e9e. Nicolas MAISETTI, 2017 - Mesopolhis\",\"isPartOf\":{\"@id\":\"https:\\\/\\\/mesopolhis.fr\\\/#website\"},\"primaryImageOfPage\":{\"@id\":\"https:\\\/\\\/mesopolhis.fr\\\/marseille-ville-du-monde-linternationalisation-dune-metropole-morcelee-nicolas-maisetti-2017\\\/#primaryimage\"},\"image\":{\"@id\":\"https:\\\/\\\/mesopolhis.fr\\\/marseille-ville-du-monde-linternationalisation-dune-metropole-morcelee-nicolas-maisetti-2017\\\/#primaryimage\"},\"thumbnailUrl\":\"https:\\\/\\\/mesopolhis.fr\\\/wp-content\\\/uploads\\\/2023\\\/06\\\/9782811118839-475x500-1.jpeg\",\"datePublished\":\"2023-04-18T12:50:07+00:00\",\"dateModified\":\"2023-06-21T13:08:23+00:00\",\"breadcrumb\":{\"@id\":\"https:\\\/\\\/mesopolhis.fr\\\/marseille-ville-du-monde-linternationalisation-dune-metropole-morcelee-nicolas-maisetti-2017\\\/#breadcrumb\"},\"inLanguage\":\"en-GB\",\"potentialAction\":[{\"@type\":\"ReadAction\",\"target\":[\"https:\\\/\\\/mesopolhis.fr\\\/marseille-ville-du-monde-linternationalisation-dune-metropole-morcelee-nicolas-maisetti-2017\\\/\"]}]},{\"@type\":\"ImageObject\",\"inLanguage\":\"en-GB\",\"@id\":\"https:\\\/\\\/mesopolhis.fr\\\/marseille-ville-du-monde-linternationalisation-dune-metropole-morcelee-nicolas-maisetti-2017\\\/#primaryimage\",\"url\":\"https:\\\/\\\/mesopolhis.fr\\\/wp-content\\\/uploads\\\/2023\\\/06\\\/9782811118839-475x500-1.jpeg\",\"contentUrl\":\"https:\\\/\\\/mesopolhis.fr\\\/wp-content\\\/uploads\\\/2023\\\/06\\\/9782811118839-475x500-1.jpeg\"},{\"@type\":\"BreadcrumbList\",\"@id\":\"https:\\\/\\\/mesopolhis.fr\\\/marseille-ville-du-monde-linternationalisation-dune-metropole-morcelee-nicolas-maisetti-2017\\\/#breadcrumb\",\"itemListElement\":[{\"@type\":\"ListItem\",\"position\":1,\"name\":\"Accueil\",\"item\":\"https:\\\/\\\/mesopolhis.fr\\\/\"},{\"@type\":\"ListItem\",\"position\":2,\"name\":\"Marseille, ville du monde. L&#8217;internationalisation d&#8217;une m\u00e9tropole morcel\u00e9e. Nicolas MAISETTI, 2017\"}]},{\"@type\":\"WebSite\",\"@id\":\"https:\\\/\\\/mesopolhis.fr\\\/#website\",\"url\":\"https:\\\/\\\/mesopolhis.fr\\\/\",\"name\":\"Mesopolhis\",\"description\":\"Centre m\u00e9diterran\u00e9en de sociologie, de science politique et d&#039;histoire\",\"publisher\":{\"@id\":\"https:\\\/\\\/mesopolhis.fr\\\/#organization\"},\"potentialAction\":[{\"@type\":\"SearchAction\",\"target\":{\"@type\":\"EntryPoint\",\"urlTemplate\":\"https:\\\/\\\/mesopolhis.fr\\\/?s={search_term_string}\"},\"query-input\":{\"@type\":\"PropertyValueSpecification\",\"valueRequired\":true,\"valueName\":\"search_term_string\"}}],\"inLanguage\":\"en-GB\"},{\"@type\":\"Organization\",\"@id\":\"https:\\\/\\\/mesopolhis.fr\\\/#organization\",\"name\":\"Mesopolhis\",\"url\":\"https:\\\/\\\/mesopolhis.fr\\\/\",\"logo\":{\"@type\":\"ImageObject\",\"inLanguage\":\"en-GB\",\"@id\":\"https:\\\/\\\/mesopolhis.fr\\\/#\\\/schema\\\/logo\\\/image\\\/\",\"url\":\"https:\\\/\\\/mesopolhis.fr\\\/wp-content\\\/uploads\\\/2021\\\/12\\\/Logo_MESOPOLHIS_Quadri.png\",\"contentUrl\":\"https:\\\/\\\/mesopolhis.fr\\\/wp-content\\\/uploads\\\/2021\\\/12\\\/Logo_MESOPOLHIS_Quadri.png\",\"width\":264,\"height\":69,\"caption\":\"Mesopolhis\"},\"image\":{\"@id\":\"https:\\\/\\\/mesopolhis.fr\\\/#\\\/schema\\\/logo\\\/image\\\/\"}}]}<\/script>\n<!-- \/ Yoast SEO plugin. -->","yoast_head_json":{"title":"Marseille, city of the world. The internationalisation of a fragmented metropolis. Nicolas MAISETTI, 2017 - Mesopolhis","robots":{"index":"index","follow":"follow","max-snippet":"max-snippet:-1","max-image-preview":"max-image-preview:large","max-video-preview":"max-video-preview:-1"},"canonical":"https:\/\/mesopolhis.fr\/en\/marseille-ville-du-monde-the-internationalisation-of-a-fragmented-metropolis-nicolas-maisetti-2017\/","og_locale":"en_GB","og_type":"article","og_title":"Marseille, ville du monde. L'internationalisation d'une m\u00e9tropole morcel\u00e9e. Nicolas MAISETTI, 2017 - Mesopolhis","og_description":"Accueil &raquo; Marseille, ville du monde. L&rsquo;internationalisation d&rsquo;une m\u00e9tropole morcel\u00e9e. Nicolas MAISETTI, 2017 Marseille, ville du monde L&rsquo;internationalisation d&rsquo;une m\u00e9tropole morcel\u00e9epar Nicolas MAISETTI R\u00e9sum\u00e9 Dans un contexte d&rsquo;intensification de la comp\u00e9tition internationale des territoires, les villes rivalisent de strat\u00e9gies pour accro\u00eetre leur rayonnement et am\u00e9liorer leur attractivit\u00e9. Marseille ne d\u00e9roge pas \u00e0 la r\u00e8gle. Ce&hellip;","og_url":"https:\/\/mesopolhis.fr\/en\/marseille-ville-du-monde-the-internationalisation-of-a-fragmented-metropolis-nicolas-maisetti-2017\/","og_site_name":"Mesopolhis","article_modified_time":"2023-06-21T13:08:23+00:00","og_image":[{"url":"https:\/\/mesopolhis.fr\/wp-content\/uploads\/2023\/06\/9782811118839-475x500-1.jpeg","type":"","width":"","height":""}],"twitter_card":"summary_large_image","schema":{"@context":"https:\/\/schema.org","@graph":[{"@type":"WebPage","@id":"https:\/\/mesopolhis.fr\/marseille-ville-du-monde-linternationalisation-dune-metropole-morcelee-nicolas-maisetti-2017\/","url":"https:\/\/mesopolhis.fr\/marseille-ville-du-monde-linternationalisation-dune-metropole-morcelee-nicolas-maisetti-2017\/","name":"Marseille, city of the world. The internationalisation of a fragmented metropolis. Nicolas MAISETTI, 2017 - Mesopolhis","isPartOf":{"@id":"https:\/\/mesopolhis.fr\/#website"},"primaryImageOfPage":{"@id":"https:\/\/mesopolhis.fr\/marseille-ville-du-monde-linternationalisation-dune-metropole-morcelee-nicolas-maisetti-2017\/#primaryimage"},"image":{"@id":"https:\/\/mesopolhis.fr\/marseille-ville-du-monde-linternationalisation-dune-metropole-morcelee-nicolas-maisetti-2017\/#primaryimage"},"thumbnailUrl":"https:\/\/mesopolhis.fr\/wp-content\/uploads\/2023\/06\/9782811118839-475x500-1.jpeg","datePublished":"2023-04-18T12:50:07+00:00","dateModified":"2023-06-21T13:08:23+00:00","breadcrumb":{"@id":"https:\/\/mesopolhis.fr\/marseille-ville-du-monde-linternationalisation-dune-metropole-morcelee-nicolas-maisetti-2017\/#breadcrumb"},"inLanguage":"en-GB","potentialAction":[{"@type":"ReadAction","target":["https:\/\/mesopolhis.fr\/marseille-ville-du-monde-linternationalisation-dune-metropole-morcelee-nicolas-maisetti-2017\/"]}]},{"@type":"ImageObject","inLanguage":"en-GB","@id":"https:\/\/mesopolhis.fr\/marseille-ville-du-monde-linternationalisation-dune-metropole-morcelee-nicolas-maisetti-2017\/#primaryimage","url":"https:\/\/mesopolhis.fr\/wp-content\/uploads\/2023\/06\/9782811118839-475x500-1.jpeg","contentUrl":"https:\/\/mesopolhis.fr\/wp-content\/uploads\/2023\/06\/9782811118839-475x500-1.jpeg"},{"@type":"BreadcrumbList","@id":"https:\/\/mesopolhis.fr\/marseille-ville-du-monde-linternationalisation-dune-metropole-morcelee-nicolas-maisetti-2017\/#breadcrumb","itemListElement":[{"@type":"ListItem","position":1,"name":"Accueil","item":"https:\/\/mesopolhis.fr\/"},{"@type":"ListItem","position":2,"name":"Marseille, ville du monde. L&#8217;internationalisation d&#8217;une m\u00e9tropole morcel\u00e9e. Nicolas MAISETTI, 2017"}]},{"@type":"WebSite","@id":"https:\/\/mesopolhis.fr\/#website","url":"https:\/\/mesopolhis.fr\/","name":"Mesopolhis","description":"Mediterranean Centre for Sociology, Political Science and History","publisher":{"@id":"https:\/\/mesopolhis.fr\/#organization"},"potentialAction":[{"@type":"SearchAction","target":{"@type":"EntryPoint","urlTemplate":"https:\/\/mesopolhis.fr\/?s={search_term_string}"},"query-input":{"@type":"PropertyValueSpecification","valueRequired":true,"valueName":"search_term_string"}}],"inLanguage":"en-GB"},{"@type":"Organization","@id":"https:\/\/mesopolhis.fr\/#organization","name":"Mesopolhis","url":"https:\/\/mesopolhis.fr\/","logo":{"@type":"ImageObject","inLanguage":"en-GB","@id":"https:\/\/mesopolhis.fr\/#\/schema\/logo\/image\/","url":"https:\/\/mesopolhis.fr\/wp-content\/uploads\/2021\/12\/Logo_MESOPOLHIS_Quadri.png","contentUrl":"https:\/\/mesopolhis.fr\/wp-content\/uploads\/2021\/12\/Logo_MESOPOLHIS_Quadri.png","width":264,"height":69,"caption":"Mesopolhis"},"image":{"@id":"https:\/\/mesopolhis.fr\/#\/schema\/logo\/image\/"}}]}},"_links":{"self":[{"href":"https:\/\/mesopolhis.fr\/en\/wp-json\/wp\/v2\/pages\/33180","targetHints":{"allow":["GET"]}}],"collection":[{"href":"https:\/\/mesopolhis.fr\/en\/wp-json\/wp\/v2\/pages"}],"about":[{"href":"https:\/\/mesopolhis.fr\/en\/wp-json\/wp\/v2\/types\/page"}],"author":[{"embeddable":true,"href":"https:\/\/mesopolhis.fr\/en\/wp-json\/wp\/v2\/users\/4"}],"replies":[{"embeddable":true,"href":"https:\/\/mesopolhis.fr\/en\/wp-json\/wp\/v2\/comments?post=33180"}],"version-history":[{"count":0,"href":"https:\/\/mesopolhis.fr\/en\/wp-json\/wp\/v2\/pages\/33180\/revisions"}],"wp:attachment":[{"href":"https:\/\/mesopolhis.fr\/en\/wp-json\/wp\/v2\/media?parent=33180"}],"curies":[{"name":"wp","href":"https:\/\/api.w.org\/{rel}","templated":true}]}}