{"id":33173,"date":"2023-04-18T13:53:01","date_gmt":"2023-04-18T11:53:01","guid":{"rendered":"https:\/\/mesopolhis.fr\/?page_id=33173"},"modified":"2023-06-21T14:59:26","modified_gmt":"2023-06-21T12:59:26","slug":"the-audrey-celestine-identity-factory-2018","status":"publish","type":"page","link":"https:\/\/mesopolhis.fr\/en\/the-audrey-celestine-identity-factory-2018\/","title":{"rendered":"The identity factory. Audrey CELESTINE, 2018"},"content":{"rendered":"\n\n\t<a href=\"https:\/\/mesopolhis.fr\/\">Accueil<\/a> &raquo; La fabrique des identit\u00e9s. Audrey CELESTINE, 2018<h2>\n\t\tLa fabrique des identit\u00e9s\n\t<\/h2>\n<h3>\n\t\tL&rsquo;encadrement politique des minorit\u00e9s carib\u00e9ennes \u00e0 Paris et New York<br \/>par Audrey CELESTINE\n\t<\/h3>\n\t<h3><strong>R\u00e9sum\u00e9<\/strong><\/h3>\n<p>Les mobilisations de minorit\u00e9s sont volontiers \u00e9voqu\u00e9es dans le d\u00e9bat public sous l&rsquo;angle de la \u00abd\u00e9rive identitaire\u00bb et du \u00ab communautarisme \u00bb qui menaceraient le mod\u00e8le fran\u00e7ais de citoyennet\u00e9. Cependant, rares sont les \u00e9tudes qui s&rsquo;int\u00e9ressent en profondeur \u00e0 leurs acteurs, \u00e0 leurs dynamiques, \u00e0 leur histoire. Dans cet ouvrage, Audrey C\u00e9lestine s&rsquo;attache \u00e0 saisir au concret la fabrique de l&rsquo;identit\u00e9 culturelle et politique de deux groupes sociaux : les Antillais en France et les Portoricains aux \u00c9tats-Unis. La dimension comparative de cette enqu\u00eate revisite largement l&rsquo;opposition traditionnelle entre un mod\u00e8le fran\u00e7ais \u00ab universaliste \u00bb et un mod\u00e8le am\u00e9ricain \u00ab communautariste \u00bb.<\/p>\n<p>En mettant en regard de fa\u00e7on in\u00e9dite deux trajectoires postcoloniales, ce livre montre que les processus de fabrication identitaire sont \u00e9troitement li\u00e9s \u00e0 la gestion par les autorit\u00e9s publiques des minorit\u00e9s ethniques et s&rsquo;ancrent dans des mobilisations collectives ajust\u00e9es au contexte d&rsquo;accueil. En proposant une sociologie compar\u00e9e des \u00ab identity politics \u00bb, Audrey C\u00e9lestine rappelle l&rsquo;histoire longue et les logiques de transformation successive de ces identit\u00e9s ethniques jusqu&rsquo;\u00e0 aujourd&rsquo;hui.<\/p>\n\t\t\t <p><a href=\"https:\/\/www.karthala.com\/questions-transnationales\/3247-la-fabrique-des-identites-l-encadrement-politique-des-minorites-caribeennes-a-paris-et-new-york-9782811125226.html\">Versions papier et num\u00e9rique Karthala<\/a><\/p>\t\t\n\t\t\t\t<img loading=\"lazy\" decoding=\"async\" src=\"https:\/\/mesopolhis.fr\/wp-content\/uploads\/2023\/06\/81o4WyoeirL._AC_UF10001000_QL80_.jpg\" alt=\"81o4WyoeirL._AC_UF1000,1000_QL80_\" itemprop=\"image\" height=\"1000\" width=\"657\" title=\"81o4WyoeirL._AC_UF1000,1000_QL80_\" onerror=\"this.style.display='none'\"  \/>\n\t\t\t<h3> Auteur<\/h3> <p><strong>Audrey C\u00e9lestine<\/strong> est politiste, enseignante-chercheuse \u00e0 l&rsquo;Universit\u00e9 de Lille (laboratoire CERAPS) et membre junior de l&rsquo;Institut Universitaire de France. Elle travaille depuis plusieurs ann\u00e9es sur l&rsquo;\u00c9tat en Outre-mer et les questions raciales en France et aux \u00c9tats-Unis. Elle est \u00e9galement l&rsquo;auteure de l&rsquo;ouvrage\u00a0<em>Une famille fran\u00e7aise<\/em>\u00a0paru aux \u00c9ditions Textuel en mai 2018.Le photographe <strong>David Damoison<\/strong> travaille principalement sur les Cara\u00efbes et l&rsquo;Afrique. Le travail photographique inclus dans cet ouvrage est issu d&rsquo;un projet portant sur les populations des Antilles pr\u00e9sentes en France hexagonale et interroge les identit\u00e9s cr\u00e9oles.<\/p>\t\t\n\t<h3><strong>Sommaire<\/strong><\/h3>\n<p><strong>Introduction. Du South Bronx aux Jardins de l&rsquo;\u00c9lys\u00e9e\u00a0<\/strong><\/p>\n<p><strong>\u00a0<\/strong><\/p>\n<p><strong>Chapitre 1.\u00a0Les enjeux antillais et portoricains dans l&rsquo;espace des mobilisations minoritaires\u00a0<\/strong><\/p>\n<p>Des mobilisations portoricaines \u00e0 New York et antillaises \u00e0 Paris<\/p>\n<p>Une pr\u00e9sence associative ancienne pour les Portoricains<\/p>\n<p>L&rsquo;h\u00e9t\u00e9rog\u00e9n\u00e9it\u00e9 de l&rsquo;espace associatif des Antillais en France<\/p>\n<p>\u00c9tudier le contexte d&rsquo;\u00e9mergence des mobilisations collectives<\/p>\n<p>Les mobilisations portoricaines : entre Mouvement pour les droits civiques et tournant culturel<\/p>\n<p><strong>\u00a0<\/strong><\/p>\n<p><strong>Chapitre 2.\u00a0Le contexte d&rsquo;accueil des migrants-citoyens antillais et portoricains\u00a0<\/strong><\/p>\n<p>La politique du gouvernement d&rsquo;accueil<\/p>\n<p>L&rsquo;opinion publique face \u00e0 ces migrations<\/p>\n<p>&nbsp;<\/p>\n<p><strong>Chapitre 3.\u00a0La fabrique institutionnelle des identit\u00e9s collectives <\/strong><\/p>\n<p>Processus de cat\u00e9gorisation : le fa\u00e7onnement du groupe des \u00ab Portoricains \u00bb<\/p>\n<p>La cr\u00e9ation des \u00ab Originaires d&rsquo;Outre-Mer \u00bb en France<\/p>\n<p>Le travail associatif de d\u00e9finition de soi et des autres<\/p>\n<p>L&rsquo;identit\u00e9 collective : une interaction dialectique homog\u00e9n\u00e9isante<\/p>\n<p>La culture comme ressource politique<\/p>\n<p><strong>\u00a0<\/strong><\/p>\n<p><strong>Chapitre 4.\u00a0Mobilisations ethniques et \u00e9mergence de causes sp\u00e9cifiques <\/strong><\/p>\n<p>Faire \u00e9merger des causes sp\u00e9cifiques<\/p>\n<p>La mise en sc\u00e8ne des \u00e9motions par la construction de scandales publics<\/p>\n<p>&nbsp;<\/p>\n<p><strong>Chapitre 5.\u00a0Au-del\u00e0 des succ\u00e8s et des \u00e9checs\u00a0: de la mobilisation \u00e0 l&rsquo;institutionnalisation\u00a0<\/strong><\/p>\n<p>Les \u00ab discriminations sp\u00e9cifiques \u00bb : mise en politique r\u00e9ussie d&rsquo;un enjeu de mobilisation<\/p>\n<p>L&rsquo;\u00e9volution des dynamiques et logiques d&rsquo;actions des collectifs portoricains<\/p>\n<p>Int\u00e9grer les rouages de la d\u00e9mocratie locale : un bilan en demi-teinte ?<\/p>\n<p>&nbsp;<\/p>\n<p><strong>Chapitre 6.\u00a0Luttes internes, relations de pouvoir et red\u00e9finitions identitaires au sein des groupes mobilis\u00e9s <\/strong><\/p>\n<p>Par-del\u00e0 les organigrammes : le fonctionnement au concret des\u00a0<em>non-profits\u00a0<\/em>et des associations<\/p>\n<p>Effets d&rsquo;organisation et relations de pouvoir dans les associations antillaises<\/p>\n<p>Un cadre l\u00e9gal plus contraignant aux \u00c9tats-Unis<\/p>\n<p>Accords et d\u00e9saccords sur la pr\u00e9sentation du groupe<\/p>\n<p><strong>\u00a0<\/strong><\/p>\n<p><strong>Chapitre 7.\u00a0S&rsquo;engager. Rester engag\u00e9\u00a0: \u00e9tudies des dynamiques d&rsquo;entr\u00e9e et de maintien dans les mobilisations <\/strong><\/p>\n<p>L&rsquo;engagement dans les associations antillaises : entre \u00ab valeurs r\u00e9publicaines \u00bb et volont\u00e9 d&rsquo;\u00e9l\u00e9vation du groupe<\/p>\n<p>Rep\u00e9rage et cooptation au c\u0153ur de l&rsquo;engagement dans les organisations portoricaines<\/p>\n<p>Rester engag\u00e9.e : ce que les organisations font aux gens<\/p>\n<p>&nbsp;<\/p>\n<p><strong>Conclusion\u00a0<\/strong><\/p>\n<p><strong>\u00c9pilogue r\u00e9flexif. Les petits riens de l&rsquo;identit\u00e9<\/strong><\/p>\n\t<h3><strong>Recensions et interventions<\/strong><\/h3>\n<blockquote><p><a href=\"https:\/\/www.cairn.info\/revue-politix-2020-3-page-168.htm\"><em><strong>Politix<\/strong><\/em><\/a><em>, <\/em>2020, n\u00b0131, Myrtille Fern\u00e9, p. 168-170.<\/p>\n<p>\u00ab\u00a0\u00c0 l&rsquo;aide des outils de la sociologie des mouvements sociaux, Audrey C\u00e9lestine apporte un regard in\u00e9dit sur les modalit\u00e9s d&rsquo;existence des Antillais en France hexagonale, qu&rsquo;elle fait le choix de mettre en lien avec celles des Portoricains aux \u00c9tats-Unis. \u00c0 rebours du clich\u00e9 de l&rsquo;apathie fr\u00e9quemment associ\u00e9 \u00e0 ces populations, c&rsquo;est sur le mode de l&rsquo;action et \u00e0 travers leurs mobilisations que l&rsquo;auteure nous r\u00e9v\u00e8le les logiques sociales et politiques de la fabrique d&rsquo;identit\u00e9s collectives.<\/p>\n<p>[&#8230;]<\/p>\n<p>A. C\u00e9lestine exploite avec finesse un mat\u00e9riel ethnographique restituant paroles r\u00e9flexives et trajectoires individuelles, et offrant au lecteur une plong\u00e9e au c\u0153ur des logiques individuelles de l&rsquo;engagement. Au plus pr\u00e8s des acteurs associatifs, on saisit alors tr\u00e8s bien la diversit\u00e9 des trajectoires et des int\u00e9r\u00eats, parfois divergents et causes de frictions. Ces contradictions internes aboutissent parfois \u00e0 l&rsquo;exclusion de certains membres et \u00e0 la mise en valeur d&rsquo;autres, g\u00e9n\u00e9rant des fronti\u00e8res internes, tout autant constitutives des n\u00e9gociations des identit\u00e9s collectives. \u00bb<\/p><\/blockquote>\n<p>&nbsp;<\/p>\n<blockquote><p><strong><a href=\"https:\/\/www.cairn.info\/revue-francaise-d-etudes-americaines.htm\"><em>Revue fran\u00e7aise d&rsquo;\u00e9tudes am\u00e9ricaines<\/em><\/a><\/strong>\u00a02020\/2, n\u00b0\u00a0163.<\/p><\/blockquote>\n<p>&nbsp;<\/p>\n<blockquote><p><strong><a href=\"https:\/\/journals.openedition.org\/histoirepolitique\/5169\"><em>Histoire @ Politique<\/em><\/a><\/strong><em>, <\/em>2019, novembre, Sylvain Mary.<\/p>\n<p>\u00ab\u00a0L&rsquo;ouvrage d&rsquo;Audrey C\u00e9lestine constitue une contribution incontournable \u00e0 la th\u00e9matique de la fabrique politique des identit\u00e9s, ici envisag\u00e9e \u00e0 travers le prisme de la mobilisation de minorit\u00e9s \u00ab\u00a0de migrants\u00a0int\u00e9rieurs\u00a0\u00bb issus des anciennes colonies. Sa r\u00e9flexion s&rsquo;inscrit \u00e0 rebours des usages de ces th\u00e9matiques, souvent faits aux seules fins de d\u00e9nonciation du communautarisme en France. On notera enfin que le livre offre une galerie de tr\u00e8s beaux clich\u00e9s du photographe David Damoison, donnant ainsi un visage \u00e0 des Antillais de diff\u00e9rentes g\u00e9n\u00e9rations que les associations \u00e9tudi\u00e9es dans ce livre entendent repr\u00e9senter.\u00a0\u00bb<\/p><\/blockquote>\n<p>&nbsp;<\/p>\n<blockquote><p><em>\u00c9mission \u00ab\u00a0\u00c9co d&rsquo;ici \u00c9co d&rsquo;ailleurs\u00a0\u00bb, RFI<\/em>, 12 juin 2020, anim\u00e9e par Jean-Pierre Boris\u00a0: <strong><a href=\"https:\/\/www.rfi.fr\/fr\/podcasts\/20200613-racines-%C3%A9conomiques-et-sociales-la-col%C3%A8re-noirs-am%C3%A9ricains\">\u00ab\u00a0Aux racines \u00e9conomiques et sociales de la col\u00e8re des Noirs am\u00e9ricains\u00a0\u00bb<\/a><\/strong> avec Audrey C\u00e9lestine et Patrick Bolton.<\/p><\/blockquote>\n<p>&nbsp;<\/p>\n<blockquote><p><em>Les Go\u00fbter de Karthala<\/em> #8, 9 f\u00e9vrier 2019 <strong><a href=\"https:\/\/castbox.fm\/episode\/Les-Go%C3%BBters-de-Karthala-8-%3A-La-fabrique-des-identit%C3%A9s-id1402425-id134364084?country=fr\">\u00ab\u00a0La fabrique des identit\u00e9s. Rencontre avec Audrey C\u00e9lestine\u00a0\u00bb<\/a><\/strong>, librairie Karthala.<\/p><\/blockquote>\n<p>&nbsp;<\/p>\n<blockquote><p>Audrey C\u00e9lestine, Abdellali Hajjat et Lionel Zevounou, f\u00e9vrier 2019, \u00ab\u00a0<strong><a href=\"https:\/\/mouvements.info\/role-des-intellectuel%C2%B7les-minoritaires\/\">R\u00f4le des intellectuel\u00b7les, universitaires \u00ab\u00a0minoritaires\u00a0\u00bb, et des porte-parole des minorit\u00e9s<\/a><\/strong>\u00a0\u00bb, <em>Mouvements des id\u00e9es et des luttes<\/em>.<\/p><\/blockquote>\n<p>&nbsp;<\/p>\n<blockquote><p>Audrey C\u00e9lestine, 2008, \u00ab\u00a0<strong><a href=\"https:\/\/www.cairn.info\/revue-raisons-politiques-2008-1-page-119.htm\">La \u00ab\u00a0voix\u00a0\u00bb institutionnalis\u00e9e\u00a0: approche compar\u00e9e de la mobilisation de migrants-citoyens en France et aux \u00c9tats-Unis\u00a0<\/a><\/strong>\u00bb, <em>Raisons politiques<\/em>, n\u00b0 29, p. 119-131.<\/p><\/blockquote>\n<p>&nbsp;<\/p>\n<blockquote><p><em>France Culture, s\u00e9rie \u00ab\u00a0Luttes sociales\u00a0: sur le chemin de la r\u00e9volution\u00a0\u00bb,<\/em> \u00e9pisode 2\/4\u00a0: \u00ab\u00a0<strong><a href=\"https:\/\/www.radiofrance.fr\/franceculture\/podcasts\/cultures-monde\/genre-race-et-classe-les-voies-d-une-convergence-7090299\">Genre, race et classe\u00a0: les voies d&rsquo;une convergence<\/a><\/strong>\u00a0\u00bb, avec Audrey C\u00e9lestine, Elsa Dorlin et Pinar S\u00e9lek, 17 avril 2018.<\/p>\n<p>\u00ab\u00a0Afro-am\u00e9ricains faisant l&rsquo;objet de violence polici\u00e8re, homosexuels et <em>queers<\/em> stigmatis\u00e9s, femmes victimes de violences sexuelles&#8230; Autant de groupes, de revendications distinctes qui pourraient pourtant s&rsquo;agr\u00e9ger contre des dominations transversales, mais comment penser cette convergence ?\u00a0\u00bb<\/p><\/blockquote>\n<p>&nbsp;<\/p>\n<blockquote><p><em>France Inter \/ IUF &#8211; Institut universitaire de France<\/em>, 2021, Podcasts Les Savanturiers, \u00ab\u00a0<a href=\"https:\/\/www.radiofrance.fr\/franceinter\/podcasts\/les-savanturiers\/les-savanturiers-du-samedi-11-decembre-2021-2655758\"><strong>Le jour o\u00f9\u00a0: Audrey C\u00e9lestine<\/strong>\u00a0<\/a>\u00bb, d\u00e9cembre.<\/p><\/blockquote>\n\n","protected":false},"excerpt":{"rendered":"<p>Home \u00bb La fabrique des identit\u00e9s. Audrey CELESTINE, 2018 La fabrique des identit\u00e9s The political framing of Caribbean minorities in Paris and New York Audrey CELESTINE Abstract The mobilisation of minorities is often discussed in public debate in terms of the \u00abidentity drift\u00bb and \u00abcommunitarianism\u00bb that threaten the French model of citizenship....<\/p>","protected":false},"author":4,"featured_media":0,"parent":0,"menu_order":0,"comment_status":"closed","ping_status":"closed","template":"","meta":{"_acf_changed":false,"inline_featured_image":false,"footnotes":""},"class_list":["post-33173","page","type-page","status-publish","hentry"],"acf":[],"yoast_head":"<!-- This site is optimized with the Yoast SEO plugin v27.4 - https:\/\/yoast.com\/product\/yoast-seo-wordpress\/ -->\n<title>La fabrique des identit\u00e9s. Audrey CELESTINE, 2018 - Mesopolhis<\/title>\n<meta name=\"robots\" content=\"index, follow, max-snippet:-1, max-image-preview:large, max-video-preview:-1\" \/>\n<link rel=\"canonical\" href=\"https:\/\/mesopolhis.fr\/en\/the-audrey-celestine-identity-factory-2018\/\" \/>\n<meta property=\"og:locale\" content=\"en_GB\" \/>\n<meta property=\"og:type\" content=\"article\" \/>\n<meta property=\"og:title\" content=\"La fabrique des identit\u00e9s. Audrey CELESTINE, 2018 - Mesopolhis\" \/>\n<meta property=\"og:description\" content=\"Accueil &raquo; La fabrique des identit\u00e9s. Audrey CELESTINE, 2018 La fabrique des identit\u00e9s L&rsquo;encadrement politique des minorit\u00e9s carib\u00e9ennes \u00e0 Paris et New Yorkpar Audrey CELESTINE R\u00e9sum\u00e9 Les mobilisations de minorit\u00e9s sont volontiers \u00e9voqu\u00e9es dans le d\u00e9bat public sous l&rsquo;angle de la \u00abd\u00e9rive identitaire\u00bb et du \u00ab communautarisme \u00bb qui menaceraient le mod\u00e8le fran\u00e7ais de citoyennet\u00e9.&hellip;\" \/>\n<meta property=\"og:url\" content=\"https:\/\/mesopolhis.fr\/en\/the-audrey-celestine-identity-factory-2018\/\" \/>\n<meta property=\"og:site_name\" content=\"Mesopolhis\" \/>\n<meta property=\"article:modified_time\" content=\"2023-06-21T12:59:26+00:00\" \/>\n<meta property=\"og:image\" content=\"https:\/\/mesopolhis.fr\/wp-content\/uploads\/2023\/06\/81o4WyoeirL._AC_UF10001000_QL80_.jpg\" \/>\n<meta name=\"twitter:card\" content=\"summary_large_image\" \/>\n<script type=\"application\/ld+json\" class=\"yoast-schema-graph\">{\"@context\":\"https:\\\/\\\/schema.org\",\"@graph\":[{\"@type\":\"WebPage\",\"@id\":\"https:\\\/\\\/mesopolhis.fr\\\/la-fabrique-des-identites-audrey-celestine-2018\\\/\",\"url\":\"https:\\\/\\\/mesopolhis.fr\\\/la-fabrique-des-identites-audrey-celestine-2018\\\/\",\"name\":\"La fabrique des identit\u00e9s. Audrey CELESTINE, 2018 - Mesopolhis\",\"isPartOf\":{\"@id\":\"https:\\\/\\\/mesopolhis.fr\\\/#website\"},\"primaryImageOfPage\":{\"@id\":\"https:\\\/\\\/mesopolhis.fr\\\/la-fabrique-des-identites-audrey-celestine-2018\\\/#primaryimage\"},\"image\":{\"@id\":\"https:\\\/\\\/mesopolhis.fr\\\/la-fabrique-des-identites-audrey-celestine-2018\\\/#primaryimage\"},\"thumbnailUrl\":\"https:\\\/\\\/mesopolhis.fr\\\/wp-content\\\/uploads\\\/2023\\\/06\\\/81o4WyoeirL._AC_UF10001000_QL80_.jpg\",\"datePublished\":\"2023-04-18T11:53:01+00:00\",\"dateModified\":\"2023-06-21T12:59:26+00:00\",\"breadcrumb\":{\"@id\":\"https:\\\/\\\/mesopolhis.fr\\\/la-fabrique-des-identites-audrey-celestine-2018\\\/#breadcrumb\"},\"inLanguage\":\"en-GB\",\"potentialAction\":[{\"@type\":\"ReadAction\",\"target\":[\"https:\\\/\\\/mesopolhis.fr\\\/la-fabrique-des-identites-audrey-celestine-2018\\\/\"]}]},{\"@type\":\"ImageObject\",\"inLanguage\":\"en-GB\",\"@id\":\"https:\\\/\\\/mesopolhis.fr\\\/la-fabrique-des-identites-audrey-celestine-2018\\\/#primaryimage\",\"url\":\"https:\\\/\\\/mesopolhis.fr\\\/wp-content\\\/uploads\\\/2023\\\/06\\\/81o4WyoeirL._AC_UF10001000_QL80_.jpg\",\"contentUrl\":\"https:\\\/\\\/mesopolhis.fr\\\/wp-content\\\/uploads\\\/2023\\\/06\\\/81o4WyoeirL._AC_UF10001000_QL80_.jpg\"},{\"@type\":\"BreadcrumbList\",\"@id\":\"https:\\\/\\\/mesopolhis.fr\\\/la-fabrique-des-identites-audrey-celestine-2018\\\/#breadcrumb\",\"itemListElement\":[{\"@type\":\"ListItem\",\"position\":1,\"name\":\"Accueil\",\"item\":\"https:\\\/\\\/mesopolhis.fr\\\/\"},{\"@type\":\"ListItem\",\"position\":2,\"name\":\"La fabrique des identit\u00e9s. Audrey CELESTINE, 2018\"}]},{\"@type\":\"WebSite\",\"@id\":\"https:\\\/\\\/mesopolhis.fr\\\/#website\",\"url\":\"https:\\\/\\\/mesopolhis.fr\\\/\",\"name\":\"Mesopolhis\",\"description\":\"Centre m\u00e9diterran\u00e9en de sociologie, de science politique et d&#039;histoire\",\"publisher\":{\"@id\":\"https:\\\/\\\/mesopolhis.fr\\\/#organization\"},\"potentialAction\":[{\"@type\":\"SearchAction\",\"target\":{\"@type\":\"EntryPoint\",\"urlTemplate\":\"https:\\\/\\\/mesopolhis.fr\\\/?s={search_term_string}\"},\"query-input\":{\"@type\":\"PropertyValueSpecification\",\"valueRequired\":true,\"valueName\":\"search_term_string\"}}],\"inLanguage\":\"en-GB\"},{\"@type\":\"Organization\",\"@id\":\"https:\\\/\\\/mesopolhis.fr\\\/#organization\",\"name\":\"Mesopolhis\",\"url\":\"https:\\\/\\\/mesopolhis.fr\\\/\",\"logo\":{\"@type\":\"ImageObject\",\"inLanguage\":\"en-GB\",\"@id\":\"https:\\\/\\\/mesopolhis.fr\\\/#\\\/schema\\\/logo\\\/image\\\/\",\"url\":\"https:\\\/\\\/mesopolhis.fr\\\/wp-content\\\/uploads\\\/2021\\\/12\\\/Logo_MESOPOLHIS_Quadri.png\",\"contentUrl\":\"https:\\\/\\\/mesopolhis.fr\\\/wp-content\\\/uploads\\\/2021\\\/12\\\/Logo_MESOPOLHIS_Quadri.png\",\"width\":264,\"height\":69,\"caption\":\"Mesopolhis\"},\"image\":{\"@id\":\"https:\\\/\\\/mesopolhis.fr\\\/#\\\/schema\\\/logo\\\/image\\\/\"}}]}<\/script>\n<!-- \/ Yoast SEO plugin. -->","yoast_head_json":{"title":"The identity factory. Audrey CELESTINE, 2018 - Mesopolhis","robots":{"index":"index","follow":"follow","max-snippet":"max-snippet:-1","max-image-preview":"max-image-preview:large","max-video-preview":"max-video-preview:-1"},"canonical":"https:\/\/mesopolhis.fr\/en\/the-audrey-celestine-identity-factory-2018\/","og_locale":"en_GB","og_type":"article","og_title":"La fabrique des identit\u00e9s. Audrey CELESTINE, 2018 - Mesopolhis","og_description":"Accueil &raquo; La fabrique des identit\u00e9s. Audrey CELESTINE, 2018 La fabrique des identit\u00e9s L&rsquo;encadrement politique des minorit\u00e9s carib\u00e9ennes \u00e0 Paris et New Yorkpar Audrey CELESTINE R\u00e9sum\u00e9 Les mobilisations de minorit\u00e9s sont volontiers \u00e9voqu\u00e9es dans le d\u00e9bat public sous l&rsquo;angle de la \u00abd\u00e9rive identitaire\u00bb et du \u00ab communautarisme \u00bb qui menaceraient le mod\u00e8le fran\u00e7ais de citoyennet\u00e9.&hellip;","og_url":"https:\/\/mesopolhis.fr\/en\/the-audrey-celestine-identity-factory-2018\/","og_site_name":"Mesopolhis","article_modified_time":"2023-06-21T12:59:26+00:00","og_image":[{"url":"https:\/\/mesopolhis.fr\/wp-content\/uploads\/2023\/06\/81o4WyoeirL._AC_UF10001000_QL80_.jpg","type":"","width":"","height":""}],"twitter_card":"summary_large_image","schema":{"@context":"https:\/\/schema.org","@graph":[{"@type":"WebPage","@id":"https:\/\/mesopolhis.fr\/la-fabrique-des-identites-audrey-celestine-2018\/","url":"https:\/\/mesopolhis.fr\/la-fabrique-des-identites-audrey-celestine-2018\/","name":"The identity factory. Audrey CELESTINE, 2018 - Mesopolhis","isPartOf":{"@id":"https:\/\/mesopolhis.fr\/#website"},"primaryImageOfPage":{"@id":"https:\/\/mesopolhis.fr\/la-fabrique-des-identites-audrey-celestine-2018\/#primaryimage"},"image":{"@id":"https:\/\/mesopolhis.fr\/la-fabrique-des-identites-audrey-celestine-2018\/#primaryimage"},"thumbnailUrl":"https:\/\/mesopolhis.fr\/wp-content\/uploads\/2023\/06\/81o4WyoeirL._AC_UF10001000_QL80_.jpg","datePublished":"2023-04-18T11:53:01+00:00","dateModified":"2023-06-21T12:59:26+00:00","breadcrumb":{"@id":"https:\/\/mesopolhis.fr\/la-fabrique-des-identites-audrey-celestine-2018\/#breadcrumb"},"inLanguage":"en-GB","potentialAction":[{"@type":"ReadAction","target":["https:\/\/mesopolhis.fr\/la-fabrique-des-identites-audrey-celestine-2018\/"]}]},{"@type":"ImageObject","inLanguage":"en-GB","@id":"https:\/\/mesopolhis.fr\/la-fabrique-des-identites-audrey-celestine-2018\/#primaryimage","url":"https:\/\/mesopolhis.fr\/wp-content\/uploads\/2023\/06\/81o4WyoeirL._AC_UF10001000_QL80_.jpg","contentUrl":"https:\/\/mesopolhis.fr\/wp-content\/uploads\/2023\/06\/81o4WyoeirL._AC_UF10001000_QL80_.jpg"},{"@type":"BreadcrumbList","@id":"https:\/\/mesopolhis.fr\/la-fabrique-des-identites-audrey-celestine-2018\/#breadcrumb","itemListElement":[{"@type":"ListItem","position":1,"name":"Accueil","item":"https:\/\/mesopolhis.fr\/"},{"@type":"ListItem","position":2,"name":"La fabrique des identit\u00e9s. Audrey CELESTINE, 2018"}]},{"@type":"WebSite","@id":"https:\/\/mesopolhis.fr\/#website","url":"https:\/\/mesopolhis.fr\/","name":"Mesopolhis","description":"Mediterranean Centre for Sociology, Political Science and History","publisher":{"@id":"https:\/\/mesopolhis.fr\/#organization"},"potentialAction":[{"@type":"SearchAction","target":{"@type":"EntryPoint","urlTemplate":"https:\/\/mesopolhis.fr\/?s={search_term_string}"},"query-input":{"@type":"PropertyValueSpecification","valueRequired":true,"valueName":"search_term_string"}}],"inLanguage":"en-GB"},{"@type":"Organization","@id":"https:\/\/mesopolhis.fr\/#organization","name":"Mesopolhis","url":"https:\/\/mesopolhis.fr\/","logo":{"@type":"ImageObject","inLanguage":"en-GB","@id":"https:\/\/mesopolhis.fr\/#\/schema\/logo\/image\/","url":"https:\/\/mesopolhis.fr\/wp-content\/uploads\/2021\/12\/Logo_MESOPOLHIS_Quadri.png","contentUrl":"https:\/\/mesopolhis.fr\/wp-content\/uploads\/2021\/12\/Logo_MESOPOLHIS_Quadri.png","width":264,"height":69,"caption":"Mesopolhis"},"image":{"@id":"https:\/\/mesopolhis.fr\/#\/schema\/logo\/image\/"}}]}},"_links":{"self":[{"href":"https:\/\/mesopolhis.fr\/en\/wp-json\/wp\/v2\/pages\/33173","targetHints":{"allow":["GET"]}}],"collection":[{"href":"https:\/\/mesopolhis.fr\/en\/wp-json\/wp\/v2\/pages"}],"about":[{"href":"https:\/\/mesopolhis.fr\/en\/wp-json\/wp\/v2\/types\/page"}],"author":[{"embeddable":true,"href":"https:\/\/mesopolhis.fr\/en\/wp-json\/wp\/v2\/users\/4"}],"replies":[{"embeddable":true,"href":"https:\/\/mesopolhis.fr\/en\/wp-json\/wp\/v2\/comments?post=33173"}],"version-history":[{"count":0,"href":"https:\/\/mesopolhis.fr\/en\/wp-json\/wp\/v2\/pages\/33173\/revisions"}],"wp:attachment":[{"href":"https:\/\/mesopolhis.fr\/en\/wp-json\/wp\/v2\/media?parent=33173"}],"curies":[{"name":"wp","href":"https:\/\/api.w.org\/{rel}","templated":true}]}}