{"id":32940,"date":"2023-03-09T10:19:54","date_gmt":"2023-03-09T09:19:54","guid":{"rendered":"https:\/\/mesopolhis.fr\/?page_id=32940"},"modified":"2025-06-25T10:29:52","modified_gmt":"2025-06-25T08:29:52","slug":"theses-defended","status":"publish","type":"page","link":"https:\/\/mesopolhis.fr\/en\/phd\/theses\/theses-defended\/","title":{"rendered":"Theses defended"},"content":{"rendered":"<nav id=\"breadcrumbs\" aria-label=\"Breadcrumbs\"><a href=\"https:\/\/mesopolhis.fr\/en\/\">Home<\/a> \" <a href=\"https:\/\/mesopolhis.fr\/en\/phd\/\">Doctorate<\/a> \" <a href=\"https:\/\/mesopolhis.fr\/en\/phd\/theses\/\">Theses<\/a> &raquo; Th\u00e8ses soutenues<\/nav><h2>\n\t\tTHESES DEFENDED\n\t<\/h2>\n\t\t\t<h3> BAUDY Alice<\/h3> <h4>L&rsquo;\u00c9tat face aux victimes du pass\u00e9 colonial. Enfants de harkis et agents de l&rsquo;administration \u00e0 l&rsquo;\u00e9preuve des politiques de r\u00e9paration (1962-2022)<\/h4><p>Directeur et directrice de th\u00e8se : Philippe ALDRIN et Aude SIGNOLESDate de soutenance : 24\/06\/2025<\/p>\t\t\n\t\t\t <p><a href=\"https:\/\/mesopolhis.fr\/en\/blog\/events\/defence-of-thesis-alice-baudy\/\">See the summary of the thesis<\/a><\/p>\t\t\n\t\t\t<h3> DEMETRIOU Eleni<\/h3> <h4>Des objets indivisibles pour des dettes irr\u00e9parables : la constitution d&rsquo;une \u00e9conomie symbolique par la requalification des \u00ab valeurs monumentales \u00bb<\/h4><p>Directrice de th\u00e8se : Sylvia GIRELCo-directrice de th\u00e8se : Constance DE GOURCYDate de soutenance : 10\/06\/2025<\/p>\t\t\n\t\t\t <p><a href=\"https:\/\/mesopolhis.fr\/en\/blog\/events\/defence-of-thesis-eleni-demetriou\/\">See the summary of the thesis<\/a><\/p>\t\t\n\t\t\t<h3> CHABRE Th\u00e9otime<\/h3> <h4>Gouverner la mondialisation de l&rsquo;enseignement sup\u00e9rieur, fabriquer l&rsquo;\u00c9tat ?. (D\u00e9)l\u00e9gitimer \u00ab Chypre-Nord \u00bb comme destination \u00e9tudiante internationale aux portes de l&rsquo;Europe (2004-2024)<\/h4><p>Directrice de th\u00e8se : Sylvie MAZZELLACo-directrice de th\u00e8se : \u00c9lise MASSICARDDate de soutenance : 10\/06\/2025<\/p>\t\t\n\t\t\t <p><a href=\"https:\/\/mesopolhis.fr\/en\/blog\/events\/defence-of-theotime-chabres-thesis\/\">See the summary of the thesis<\/a><\/p>\t\t\n\t\t\t<h3> L\u00c9V\u00caQUE \u00c9lise<\/h3> <h4><strong>S&rsquo;engager \u00e0 petits pas. Analyses socio-d\u00e9mographiques des trajectoires conjugales des jeunes en France et en Italie<\/strong><\/h4><p>Directeur de th\u00e8se : Pierre FOURNIERCo-directrice de th\u00e8se : Isabelle BL\u00d6SS-WIDMERDate de soutenance : 19\/12\/2024<\/p>\t\t\n\t\t\t <p><a href=\"https:\/\/mesopolhis.fr\/en\/blog\/events\/defence-of-thesis-elise-leveque-sengager-a-petits-pas-socio-demographic-analyses-of-the-conjugal-trajectories-of-young-people-in-france-and-italy\/\">See the summary of the thesis<\/a><\/p>\t\t\n\t\t\t<h3> JOSEPH M\u00e9lanie<\/h3> <h4><strong>Les invisibles entre r\u00e9el et fiction : les repr\u00e9sentations des sourd\u00b7e\u00b7s \u00e0 l&rsquo;\u00e9preuve de l&rsquo;art et de la sociologie<\/strong><\/h4><p>Directrice de th\u00e8se : Sylvia GIRELCo-directeur de th\u00e8se : Jean-Claude RUGGIRELLODate de soutenance : 18\/12\/2024<\/p>\t\t\n\t\t\t <p><a href=\"https:\/\/mesopolhis.fr\/en\/blog\/events\/defence-of-thesis-melanie-joseph-les-invisibles-entre-reel-et-fiction-les-representations-des-sourd-e-s-a-lepreuve-de-lart-et-de-la-sociologie\/\">See the summary of the thesis<\/a><\/p>\t\t\n\t\t\t<h3> BEN YOUSSEF Mohamed Slim<\/h3> <h4><strong>Worlds of work in revolution: a political sociology of industrial (dis)orders in post-2011 Tunisia<\/strong><\/h4><p>Directeur de th\u00e8se : \u00c9ric GOBECo-directeur de th\u00e8se : Amin ALLALDate de soutenance : 06\/12\/2024<\/p>\t\t\n\t\t\t <p><a href=\"https:\/\/mesopolhis.fr\/en\/blog\/events\/defence-de-thesis-mohamed-slim-ben-youssef-des-mondes-du-travail-en-revolution-une-sociologie-politique-des-desordres-industriels-en-tunisie-post-2011\/\">See the summary of the thesis<\/a><\/p>\t\t\n\t\t\t<h3> PLUTA Audrey<\/h3> <h4><strong>L&rsquo;ordre de la d\u00e9mocratie : Syndicats policiers et professionnels de la \u00ab\u00a0r\u00e9forme\u00a0\u00bb s\u00e9curitaire en Tunisie (2011-2021)<\/strong><\/h4><p>Directeur de th\u00e8se : \u00c9ric GOBECo-directeur de th\u00e8se : Amin ALLALDate de soutenance : 18\/11\/2024<\/p>\t\t\n\t\t\t <p><a href=\"https:\/\/mesopolhis.fr\/en\/blog\/events\/defence-of-thesis-audrey-pluta-lordre-de-la-democratie-syndicats-policiers-et-professionnels-de-la-reforme-securitaire-en-tunisie-2011-2021\/\">See the summary of the thesis<\/a><\/p>\t\t\n\t\t\t<h3> OLIVE-ALVAREZ Anton<\/h3> <h4><strong>Entre le terrain et le mus\u00e9e : L\u00e9gitimation partielle du street-art et appropriation interm\u00e9diaire de l&rsquo;espace<\/strong><\/h4><p>Directrices de th\u00e8se : Sylvie MAZZELLA et Gis\u00e8le SAPIRODate de soutenance : 18\/11\/2024<\/p>\t\t\n\t\t\t <p><a href=\"https:\/\/mesopolhis.fr\/en\/blog\/events\/thesis-defense-anton-olive-alvarez-between-the-field-and-the-museum-partial-legitimization-of-street-art-and-intermediary-appropriation-of-space\/\">See the summary of the thesis<\/a><\/p>\t\t\n\t\t\t<h3> DUFRESNE AUBERTIN Laurence<\/h3> <h4><strong>Les murs de l&rsquo;indignation. Gouvernement par l&rsquo;attente et luttes pour le logement en Alg\u00e9rie<\/strong><\/h4><p>Directeur et directrice de th\u00e8se : \u00c9ric GOBE et Aude SIGNOLESDate de soutenance : 11\/10\/2024<\/p>\t\t\n\t\t\t <p><a href=\"https:\/\/mesopolhis.fr\/en\/blog\/events\/thesis-defense-laurence-dufresne-aubertin-the-walls-of-indignation-government-by-waiting-and-housing-struggles-in-algeria\/\">See the summary of the thesis<\/a><\/p>\t\t\n\t\t\t<h3> RAMONDA Thomas<\/h3> <h4><strong>Care in times of guerrilla warfare: the medical care of wounded French soldiers in the Iberian Peninsula (1808-1814)<\/strong><\/h4><p>Directeur de th\u00e8se : Walter BRUYERE-OSTELLSDate de soutenance : 04\/06\/2024<\/p>\t\t\n\t\t\t <p><a href=\"https:\/\/mesopolhis.fr\/en\/blog\/events\/caring-in-times-of-guerrilla-warfare-the-medical-care-of-french-soldiers-wounded-in-the-iberian-peninsula-1808-1814\/\">See the summary of the thesis<\/a><\/p>\t\t\n\t\t\t<h3> FAURE Lucas<\/h3> <h4 xml:lang=\"fr\"><strong>Governing the social by the religious. Islamic humanitarian organisations in France and the United Kingdom<\/strong><\/h4><p>Directeur de th\u00e8se : Franck FREGOSIDate de soutenance : 26\/05\/2023<\/p>\t\t\n\t\t\t <p><a href=\"https:\/\/mesopolhis.fr\/en\/blog\/2024\/12\/06\/mmsh-2024-thesis-prize-congratulations-to-lucas-faure\/\">MMSH 2024 Thesis Prize!<\/a><\/p>\t\t\n\t\t\t<h3> MANGON Simon<\/h3> <h4 xml:lang=\"fr\"><strong>Promouvoir le journalisme, internationaliser l&rsquo;Etat.Une sociologie localis\u00e9e des courtiers de &lsquo;l&rsquo;aide aux m\u00e9dias&rsquo; (Paris, Tunis, Amman)<\/strong><\/h4><p>Directeur de th\u00e8se : Mohamed TOZYCo-directrice de th\u00e8se : Magali NONJONDate de soutenance : 17\/05\/2023<\/p>\t\t\n\t\t\t <p><a href=\"https:\/\/mesopolhis.fr\/en\/blog\/events\/thesis-defenceimon-mangon\/\">See the summary of the thesis<\/a><\/p>\t\t\n\t\t\t<h3> DAMIEN Romain<\/h3> <h4 xml:lang=\"fr\"><strong>Repr\u00e9senter la cause palestinienne \u00e0 l&rsquo;international (1964-2018). De la pr\u00e9tention \u00e0 repr\u00e9senter \u00e0 la professionnalisation des diplomates palestiniens<\/strong><\/h4><p>Directeur de th\u00e8se : Philippe ALDRINCo-directrice de th\u00e8se : Aude SIGNOLESDate de soutenance : 05\/05\/2023<\/p>\t\t\n\t\t\t<h3> SAJN Sarah<\/h3> <h4 xml:lang=\"fr\"><strong>\u00ab Sarajevo c\u0153ur de l&rsquo;Europe \u00bb ?<\/strong><\/h4><p>Directeur de th\u00e8se : Philippe ALDRINDate de soutenance : 16\/12\/2022<\/p>\t\t\n\t\t\t<h3> KHEMILAT Fatima<\/h3> <h4 xml:lang=\"fr\"><strong>Quand \u00ab l&rsquo;islam de France \u00bb entre en sc\u00e8ne. Entre permanence et r\u00e9sistibilit\u00e9 de la repr\u00e9sentation des musulmans en France des ann\u00e9es 80 \u00e0 nos jours<\/strong><\/h4><p>Directeur de th\u00e8se : Philippe ALDRINDate de soutenance : 13\/12\/2022<\/p>\t\t\n\t\t\t<h3> DODUIK Nicolas<\/h3> <h4><strong>Entre renouvellement et reproduction institutionnels, les professionnels des mus\u00e9es \u00e0 l&rsquo;\u00e9preuve de l&rsquo;\u00e9volution des pratiques culturelles : le cas du MUCEM<\/strong><\/h4><p>Directrice de th\u00e8se : Sylvia GIRELDate de soutenance : 12\/12\/2022<\/p>\t\t\n\t\t\t<h3> JEANMOUGIN H\u00e9l\u00e8ne<\/h3> <h4><strong>Between competition and socio-spatial recomposition: living together in a context of gentrification (Berlin, Palermo, Marseille)<\/strong><\/h4><p>Directrice de th\u00e8se : Sylvie MAZELLACo-directrice de th\u00e8se : Florence BOUILLONDate de soutenance : 05\/12\/2022<\/p>\t\t\n\t\t\t<h3> DEMORY Mathieu<\/h3> <h4><strong>De la d\u00e9mocratisation de la culture num\u00e9rique : les mondes de la m\u00e9diation num\u00e9rique au regard de l&rsquo;inclusion sociale<\/strong><\/h4><p>Directrice de th\u00e8se : Sylvia GIRELDate de soutenance : 01\/12\/2022<\/p>\t\t\n\t\t\t<h3> BAILLY Jessy<\/h3> <h4><strong>Citizen-controllers of public debt (France, Spain, Belgium, 2010s)<\/strong><\/h4><p>Directeur de th\u00e8se : Philippe ALDRINCo-directrice de th\u00e8se : Magali NONJONDate de soutenance : 13\/06\/2022<\/p>\t\t\n\t\t\t <p><a href=\"https:\/\/mesopolhis.fr\/en\/blog\/2022\/06\/22\/thesis-defence-of-jessy-bailly\/\">Jessy BAILLY's thesis defence: well done!<\/a><\/p>\t\t\n\t\t\t<h3> DUPUY Claire<\/h3> <h4><strong>Understanding change in Islamist parties in authoritarian situations. Organisational, militant and ideological developments in the Society for Peace movement in Algeria (1990-2021)<\/strong><\/h4><p>Directeur de th\u00e8se : Mohamed TOZYCo-directrice de th\u00e8se : St\u00e9phanie DECHEZELLESDate de soutenance : 30\/03\/2022<\/p>\t\t\n\t\t\t<h3> FERRE Nathalie<\/h3> <h4><strong>L&rsquo;Euro-M\u00e9diterrann\u00e9e, de grands projets pour un \u00ab\u00a0petit monde\u00a0\u00bb : sociologie localis\u00e9e de r\u00e9seaux r\u00e9formateurs entre l&rsquo;Europe et le Maghreb (1970-2020)<\/strong><\/h4><p>Directeur de th\u00e8se : Mohamed TOZYCo-directeur de th\u00e8se : Philippe ALDRINDate de soutenance : 15\/12\/2021<\/p>\t\t\n\t\t\t<h3> GIURIATI Tommaso<\/h3> <h4><strong>Les \u00e9volutions contemporaines du Milieu fran\u00e7ais (1994-2006). Une \u00e9tude des archives de la Cour d&rsquo;Appel d&rsquo;Aix-en-Provence<\/strong><\/h4><p>Directeur de th\u00e8se : Antoine Marie GRAZIANICo-directeur de th\u00e8se : Laurent MUCCHIELLIDate de soutenance : 15\/12\/2021<\/p>\t\t\n\t\t\t<h3> HO PUN CHEUNG Elise<\/h3> <h4><strong>Proph\u00e9tiser la ville. Sociologie d&rsquo;un champ urbain r\u00e9formateur aux prises avec la \u00ab smart city \u00bb<\/strong><\/h4><p>Directeur de th\u00e8se : Philippe ALDRINCo-directrice de th\u00e8se : Magali NONJONDate de soutenance : 06\/12\/2021<\/p>","protected":false},"excerpt":{"rendered":"<p>Accueil &raquo; Doctorat &raquo; Th\u00e8ses &raquo; Th\u00e8ses soutenues TH\u00c8SES SOUTENUES BAUDY Alice L&rsquo;\u00c9tat face aux victimes du pass\u00e9 colonial. Enfants de harkis et agents de l&rsquo;administration \u00e0 l&rsquo;\u00e9preuve des politiques de r\u00e9paration (1962-2022) Directeur et directrice de th\u00e8se : Philippe ALDRIN et Aude SIGNOLESDate de soutenance : 24\/06\/2025 Voir le r\u00e9sum\u00e9 de la th\u00e8se DEMETRIOU&hellip;<\/p>","protected":false},"author":4,"featured_media":0,"parent":36880,"menu_order":0,"comment_status":"closed","ping_status":"closed","template":"","meta":{"_acf_changed":false,"inline_featured_image":false,"footnotes":""},"class_list":["post-32940","page","type-page","status-publish","hentry"],"acf":[],"yoast_head":"<!-- This site is optimized with the Yoast SEO plugin v27.3 - https:\/\/yoast.com\/product\/yoast-seo-wordpress\/ -->\n<title>Th\u00e8ses soutenues - Mesopolhis<\/title>\n<meta name=\"robots\" content=\"index, follow, max-snippet:-1, max-image-preview:large, max-video-preview:-1\" \/>\n<link rel=\"canonical\" href=\"https:\/\/mesopolhis.fr\/en\/phd\/theses\/theses-defended\/\" \/>\n<meta property=\"og:locale\" content=\"en_GB\" \/>\n<meta property=\"og:type\" content=\"article\" \/>\n<meta property=\"og:title\" content=\"Th\u00e8ses soutenues - Mesopolhis\" \/>\n<meta property=\"og:description\" content=\"Accueil &raquo; Doctorat &raquo; Th\u00e8ses &raquo; Th\u00e8ses soutenues TH\u00c8SES SOUTENUES BAUDY Alice L&rsquo;\u00c9tat face aux victimes du pass\u00e9 colonial. Enfants de harkis et agents de l&rsquo;administration \u00e0 l&rsquo;\u00e9preuve des politiques de r\u00e9paration (1962-2022) Directeur et directrice de th\u00e8se : Philippe ALDRIN et Aude SIGNOLESDate de soutenance : 24\/06\/2025 Voir le r\u00e9sum\u00e9 de la th\u00e8se DEMETRIOU&hellip;\" \/>\n<meta property=\"og:url\" content=\"https:\/\/mesopolhis.fr\/en\/phd\/theses\/theses-defended\/\" \/>\n<meta property=\"og:site_name\" content=\"Mesopolhis\" \/>\n<meta property=\"article:modified_time\" content=\"2025-06-25T08:29:52+00:00\" \/>\n<meta name=\"twitter:card\" content=\"summary_large_image\" \/>\n<meta name=\"twitter:label1\" content=\"Estimated reading time\" \/>\n\t<meta name=\"twitter:data1\" content=\"5 minutes\" \/>\n<script type=\"application\/ld+json\" class=\"yoast-schema-graph\">{\"@context\":\"https:\\\/\\\/schema.org\",\"@graph\":[{\"@type\":\"WebPage\",\"@id\":\"https:\\\/\\\/mesopolhis.fr\\\/doctorat\\\/theses\\\/theses-soutenues\\\/\",\"url\":\"https:\\\/\\\/mesopolhis.fr\\\/doctorat\\\/theses\\\/theses-soutenues\\\/\",\"name\":\"Th\u00e8ses soutenues - Mesopolhis\",\"isPartOf\":{\"@id\":\"https:\\\/\\\/mesopolhis.fr\\\/#website\"},\"datePublished\":\"2023-03-09T09:19:54+00:00\",\"dateModified\":\"2025-06-25T08:29:52+00:00\",\"breadcrumb\":{\"@id\":\"https:\\\/\\\/mesopolhis.fr\\\/doctorat\\\/theses\\\/theses-soutenues\\\/#breadcrumb\"},\"inLanguage\":\"en-GB\",\"potentialAction\":[{\"@type\":\"ReadAction\",\"target\":[\"https:\\\/\\\/mesopolhis.fr\\\/doctorat\\\/theses\\\/theses-soutenues\\\/\"]}]},{\"@type\":\"BreadcrumbList\",\"@id\":\"https:\\\/\\\/mesopolhis.fr\\\/doctorat\\\/theses\\\/theses-soutenues\\\/#breadcrumb\",\"itemListElement\":[{\"@type\":\"ListItem\",\"position\":1,\"name\":\"Accueil\",\"item\":\"https:\\\/\\\/mesopolhis.fr\\\/\"},{\"@type\":\"ListItem\",\"position\":2,\"name\":\"Doctorat\",\"item\":\"https:\\\/\\\/mesopolhis.fr\\\/doctorat\\\/\"},{\"@type\":\"ListItem\",\"position\":3,\"name\":\"Th\u00e8ses\",\"item\":\"https:\\\/\\\/mesopolhis.fr\\\/doctorat\\\/theses\\\/\"},{\"@type\":\"ListItem\",\"position\":4,\"name\":\"Th\u00e8ses soutenues\"}]},{\"@type\":\"WebSite\",\"@id\":\"https:\\\/\\\/mesopolhis.fr\\\/#website\",\"url\":\"https:\\\/\\\/mesopolhis.fr\\\/\",\"name\":\"Mesopolhis\",\"description\":\"Centre m\u00e9diterran\u00e9en de sociologie, de science politique et d&#039;histoire\",\"publisher\":{\"@id\":\"https:\\\/\\\/mesopolhis.fr\\\/#organization\"},\"potentialAction\":[{\"@type\":\"SearchAction\",\"target\":{\"@type\":\"EntryPoint\",\"urlTemplate\":\"https:\\\/\\\/mesopolhis.fr\\\/?s={search_term_string}\"},\"query-input\":{\"@type\":\"PropertyValueSpecification\",\"valueRequired\":true,\"valueName\":\"search_term_string\"}}],\"inLanguage\":\"en-GB\"},{\"@type\":\"Organization\",\"@id\":\"https:\\\/\\\/mesopolhis.fr\\\/#organization\",\"name\":\"Mesopolhis\",\"url\":\"https:\\\/\\\/mesopolhis.fr\\\/\",\"logo\":{\"@type\":\"ImageObject\",\"inLanguage\":\"en-GB\",\"@id\":\"https:\\\/\\\/mesopolhis.fr\\\/#\\\/schema\\\/logo\\\/image\\\/\",\"url\":\"https:\\\/\\\/mesopolhis.fr\\\/wp-content\\\/uploads\\\/2021\\\/12\\\/Logo_MESOPOLHIS_Quadri.png\",\"contentUrl\":\"https:\\\/\\\/mesopolhis.fr\\\/wp-content\\\/uploads\\\/2021\\\/12\\\/Logo_MESOPOLHIS_Quadri.png\",\"width\":264,\"height\":69,\"caption\":\"Mesopolhis\"},\"image\":{\"@id\":\"https:\\\/\\\/mesopolhis.fr\\\/#\\\/schema\\\/logo\\\/image\\\/\"}}]}<\/script>\n<!-- \/ Yoast SEO plugin. -->","yoast_head_json":{"title":"Defended theses - Mesopolhis","robots":{"index":"index","follow":"follow","max-snippet":"max-snippet:-1","max-image-preview":"max-image-preview:large","max-video-preview":"max-video-preview:-1"},"canonical":"https:\/\/mesopolhis.fr\/en\/phd\/theses\/theses-defended\/","og_locale":"en_GB","og_type":"article","og_title":"Th\u00e8ses soutenues - Mesopolhis","og_description":"Accueil &raquo; Doctorat &raquo; Th\u00e8ses &raquo; Th\u00e8ses soutenues TH\u00c8SES SOUTENUES BAUDY Alice L&rsquo;\u00c9tat face aux victimes du pass\u00e9 colonial. Enfants de harkis et agents de l&rsquo;administration \u00e0 l&rsquo;\u00e9preuve des politiques de r\u00e9paration (1962-2022) Directeur et directrice de th\u00e8se : Philippe ALDRIN et Aude SIGNOLESDate de soutenance : 24\/06\/2025 Voir le r\u00e9sum\u00e9 de la th\u00e8se DEMETRIOU&hellip;","og_url":"https:\/\/mesopolhis.fr\/en\/phd\/theses\/theses-defended\/","og_site_name":"Mesopolhis","article_modified_time":"2025-06-25T08:29:52+00:00","twitter_card":"summary_large_image","twitter_misc":{"Estimated reading time":"5 minutes"},"schema":{"@context":"https:\/\/schema.org","@graph":[{"@type":"WebPage","@id":"https:\/\/mesopolhis.fr\/doctorat\/theses\/theses-soutenues\/","url":"https:\/\/mesopolhis.fr\/doctorat\/theses\/theses-soutenues\/","name":"Defended theses - Mesopolhis","isPartOf":{"@id":"https:\/\/mesopolhis.fr\/#website"},"datePublished":"2023-03-09T09:19:54+00:00","dateModified":"2025-06-25T08:29:52+00:00","breadcrumb":{"@id":"https:\/\/mesopolhis.fr\/doctorat\/theses\/theses-soutenues\/#breadcrumb"},"inLanguage":"en-GB","potentialAction":[{"@type":"ReadAction","target":["https:\/\/mesopolhis.fr\/doctorat\/theses\/theses-soutenues\/"]}]},{"@type":"BreadcrumbList","@id":"https:\/\/mesopolhis.fr\/doctorat\/theses\/theses-soutenues\/#breadcrumb","itemListElement":[{"@type":"ListItem","position":1,"name":"Accueil","item":"https:\/\/mesopolhis.fr\/"},{"@type":"ListItem","position":2,"name":"Doctorat","item":"https:\/\/mesopolhis.fr\/doctorat\/"},{"@type":"ListItem","position":3,"name":"Th\u00e8ses","item":"https:\/\/mesopolhis.fr\/doctorat\/theses\/"},{"@type":"ListItem","position":4,"name":"Th\u00e8ses soutenues"}]},{"@type":"WebSite","@id":"https:\/\/mesopolhis.fr\/#website","url":"https:\/\/mesopolhis.fr\/","name":"Mesopolhis","description":"Mediterranean Centre for Sociology, Political Science and History","publisher":{"@id":"https:\/\/mesopolhis.fr\/#organization"},"potentialAction":[{"@type":"SearchAction","target":{"@type":"EntryPoint","urlTemplate":"https:\/\/mesopolhis.fr\/?s={search_term_string}"},"query-input":{"@type":"PropertyValueSpecification","valueRequired":true,"valueName":"search_term_string"}}],"inLanguage":"en-GB"},{"@type":"Organization","@id":"https:\/\/mesopolhis.fr\/#organization","name":"Mesopolhis","url":"https:\/\/mesopolhis.fr\/","logo":{"@type":"ImageObject","inLanguage":"en-GB","@id":"https:\/\/mesopolhis.fr\/#\/schema\/logo\/image\/","url":"https:\/\/mesopolhis.fr\/wp-content\/uploads\/2021\/12\/Logo_MESOPOLHIS_Quadri.png","contentUrl":"https:\/\/mesopolhis.fr\/wp-content\/uploads\/2021\/12\/Logo_MESOPOLHIS_Quadri.png","width":264,"height":69,"caption":"Mesopolhis"},"image":{"@id":"https:\/\/mesopolhis.fr\/#\/schema\/logo\/image\/"}}]}},"_links":{"self":[{"href":"https:\/\/mesopolhis.fr\/en\/wp-json\/wp\/v2\/pages\/32940","targetHints":{"allow":["GET"]}}],"collection":[{"href":"https:\/\/mesopolhis.fr\/en\/wp-json\/wp\/v2\/pages"}],"about":[{"href":"https:\/\/mesopolhis.fr\/en\/wp-json\/wp\/v2\/types\/page"}],"author":[{"embeddable":true,"href":"https:\/\/mesopolhis.fr\/en\/wp-json\/wp\/v2\/users\/4"}],"replies":[{"embeddable":true,"href":"https:\/\/mesopolhis.fr\/en\/wp-json\/wp\/v2\/comments?post=32940"}],"version-history":[{"count":0,"href":"https:\/\/mesopolhis.fr\/en\/wp-json\/wp\/v2\/pages\/32940\/revisions"}],"up":[{"embeddable":true,"href":"https:\/\/mesopolhis.fr\/en\/wp-json\/wp\/v2\/pages\/36880"}],"wp:attachment":[{"href":"https:\/\/mesopolhis.fr\/en\/wp-json\/wp\/v2\/media?parent=32940"}],"curies":[{"name":"wp","href":"https:\/\/api.w.org\/{rel}","templated":true}]}}