{"id":32879,"date":"2023-03-07T09:43:32","date_gmt":"2023-03-07T08:43:32","guid":{"rendered":"https:\/\/mesopolhis.fr\/?page_id=32879"},"modified":"2023-03-07T09:46:02","modified_gmt":"2023-03-07T08:46:02","slug":"proclimex-publications","status":"publish","type":"page","link":"https:\/\/mesopolhis.fr\/en\/proclimex-publications\/","title":{"rendered":"Publications as part of the Proclimex programme"},"content":{"rendered":"<a href=\"https:\/\/mesopolhis.fr\/en\/\">Home<\/a> \u00bbPublications as part of the Proclimex programme<h2>\n\t\tPublications as part of the Proclimex programme\n\t<\/h2>\n\t\t\t\t<a href=\"https:\/\/www.cairn.info\/revue-droit-et-societe-2022-2-page-319.htm\" target=\"_self\" itemprop=\"url\" rel=\"noopener\">\n\t\t\t\t<img loading=\"lazy\" decoding=\"async\" src=\"https:\/\/mesopolhis.fr\/wp-content\/uploads\/2023\/03\/DRS1_111.jpeg\" alt=\"DRS1_111\" itemprop=\"image\" height=\"315\" width=\"204\" title=\"DRS1_111\" onerror=\"this.style.display='none'\">\n\t\t\t\t<\/a>\n\t<h3><strong>New publication: Christophe Tra\u00efni, \u00ab\u2018L'Affaire du Si\u00e8cle\u2019. Des mobilisations pour le climat \u00e0 l'\u00e9preuve de la temporalit\u00e9 judiciaire\u00bb, Droit et soci\u00e9t\u00e9, 2022\/2 (No. 111), pp. 319-333.<\/strong><\/h3>\n<p><a href=\"https:\/\/www.cairn.info\/revue-droit-et-societe-2022-2-page-319.htm\">Read the article<\/a><\/p>\n<p>&nbsp;<\/p>\n\t\t\t\t<a href=\"https:\/\/www.cairn.info\/revue-droit-et-societe-2022-2-page-319.htm\" target=\"_self\" itemprop=\"url\" rel=\"noopener\">\n\t\t\t\t<img loading=\"lazy\" decoding=\"async\" src=\"https:\/\/mesopolhis.fr\/wp-content\/uploads\/2022\/04\/Journee-detude-212x300.jpg\" alt=\"Study day\" itemprop=\"image\" height=\"300\" width=\"212\" title=\"Study day\" onerror=\"this.style.display='none'\">\n\t\t\t\t<\/a>\n\t<h3><strong>What role do victims play in climate trials?<\/strong><\/h3>\n<p><em>TESTIMONIALS AND EXPERT ADVICE<\/em><\/p>\n<p>Study day, 18 May 2022, Sciences Po Aix<\/p>\n<p><a href=\"https:\/\/proclimex.hypotheses.org\/844#more-844\">Read the article<\/a><\/p>","protected":false},"excerpt":{"rendered":"<p>Home \u00bb Publications from the Proclimex programme Publications from the Proclimex programme New publication: Christophe Tra\u00efni, \u00ab\u2018L'Affaire du Si\u00e8cle\u2019. Des mobilisations pour le climat \u00e0 l'\u00e9preuve de la temporalit\u00e9 judiciaire\u00bb, Droit et soci\u00e9t\u00e9, 2022\/2 (No. 111), p. 319-333 Read the article Quelles places pour les victimes dans les proc\u00e8s...<\/p>","protected":false},"author":4,"featured_media":0,"parent":0,"menu_order":0,"comment_status":"closed","ping_status":"closed","template":"","meta":{"_acf_changed":false,"inline_featured_image":false,"footnotes":""},"class_list":["post-32879","page","type-page","status-publish","hentry"],"acf":[],"yoast_head":"<!-- This site is optimized with the Yoast SEO plugin v27.4 - https:\/\/yoast.com\/product\/yoast-seo-wordpress\/ -->\n<title>Publications dans le cadre du programme Proclimex - Mesopolhis<\/title>\n<meta name=\"robots\" content=\"index, follow, max-snippet:-1, max-image-preview:large, max-video-preview:-1\" \/>\n<link rel=\"canonical\" href=\"https:\/\/mesopolhis.fr\/en\/proclimex-publications\/\" \/>\n<meta property=\"og:locale\" content=\"en_GB\" \/>\n<meta property=\"og:type\" content=\"article\" \/>\n<meta property=\"og:title\" content=\"Publications dans le cadre du programme Proclimex - Mesopolhis\" \/>\n<meta property=\"og:description\" content=\"Accueil \u00bb Publications dans le cadre du programme Proclimex Publications dans le cadre du programme Proclimex Nouvelle parution: Christophe Tra\u00efni, \u00ab &lsquo;L&rsquo;Affaire du Si\u00e8cle&rsquo;. Des mobilisations pour le climat \u00e0 l&rsquo;\u00e9preuve de la temporalit\u00e9 judiciaire \u00bb, Droit et soci\u00e9t\u00e9, 2022\/2 (N\u00b0 111), p. 319-333 Lire l&rsquo;article &nbsp; Quelles places pour les victimes dans les proc\u00e8s&hellip;\" \/>\n<meta property=\"og:url\" content=\"https:\/\/mesopolhis.fr\/en\/proclimex-publications\/\" \/>\n<meta property=\"og:site_name\" content=\"Mesopolhis\" \/>\n<meta property=\"article:modified_time\" content=\"2023-03-07T08:46:02+00:00\" \/>\n<meta property=\"og:image\" content=\"https:\/\/mesopolhis.fr\/wp-content\/uploads\/2023\/03\/DRS1_111.jpeg\" \/>\n<meta name=\"twitter:card\" content=\"summary_large_image\" \/>\n<meta name=\"twitter:label1\" content=\"Estimated reading time\" \/>\n\t<meta name=\"twitter:data1\" content=\"1 minute\" \/>\n<script type=\"application\/ld+json\" class=\"yoast-schema-graph\">{\"@context\":\"https:\\\/\\\/schema.org\",\"@graph\":[{\"@type\":\"WebPage\",\"@id\":\"https:\\\/\\\/mesopolhis.fr\\\/publications-proclimex\\\/\",\"url\":\"https:\\\/\\\/mesopolhis.fr\\\/publications-proclimex\\\/\",\"name\":\"Publications dans le cadre du programme Proclimex - Mesopolhis\",\"isPartOf\":{\"@id\":\"https:\\\/\\\/mesopolhis.fr\\\/#website\"},\"primaryImageOfPage\":{\"@id\":\"https:\\\/\\\/mesopolhis.fr\\\/publications-proclimex\\\/#primaryimage\"},\"image\":{\"@id\":\"https:\\\/\\\/mesopolhis.fr\\\/publications-proclimex\\\/#primaryimage\"},\"thumbnailUrl\":\"https:\\\/\\\/mesopolhis.fr\\\/wp-content\\\/uploads\\\/2023\\\/03\\\/DRS1_111.jpeg\",\"datePublished\":\"2023-03-07T08:43:32+00:00\",\"dateModified\":\"2023-03-07T08:46:02+00:00\",\"breadcrumb\":{\"@id\":\"https:\\\/\\\/mesopolhis.fr\\\/publications-proclimex\\\/#breadcrumb\"},\"inLanguage\":\"en-GB\",\"potentialAction\":[{\"@type\":\"ReadAction\",\"target\":[\"https:\\\/\\\/mesopolhis.fr\\\/publications-proclimex\\\/\"]}]},{\"@type\":\"ImageObject\",\"inLanguage\":\"en-GB\",\"@id\":\"https:\\\/\\\/mesopolhis.fr\\\/publications-proclimex\\\/#primaryimage\",\"url\":\"https:\\\/\\\/mesopolhis.fr\\\/wp-content\\\/uploads\\\/2023\\\/03\\\/DRS1_111.jpeg\",\"contentUrl\":\"https:\\\/\\\/mesopolhis.fr\\\/wp-content\\\/uploads\\\/2023\\\/03\\\/DRS1_111.jpeg\"},{\"@type\":\"BreadcrumbList\",\"@id\":\"https:\\\/\\\/mesopolhis.fr\\\/publications-proclimex\\\/#breadcrumb\",\"itemListElement\":[{\"@type\":\"ListItem\",\"position\":1,\"name\":\"Accueil\",\"item\":\"https:\\\/\\\/mesopolhis.fr\\\/\"},{\"@type\":\"ListItem\",\"position\":2,\"name\":\"Publications dans le cadre du programme Proclimex\"}]},{\"@type\":\"WebSite\",\"@id\":\"https:\\\/\\\/mesopolhis.fr\\\/#website\",\"url\":\"https:\\\/\\\/mesopolhis.fr\\\/\",\"name\":\"Mesopolhis\",\"description\":\"Centre m\u00e9diterran\u00e9en de sociologie, de science politique et d&#039;histoire\",\"publisher\":{\"@id\":\"https:\\\/\\\/mesopolhis.fr\\\/#organization\"},\"potentialAction\":[{\"@type\":\"SearchAction\",\"target\":{\"@type\":\"EntryPoint\",\"urlTemplate\":\"https:\\\/\\\/mesopolhis.fr\\\/?s={search_term_string}\"},\"query-input\":{\"@type\":\"PropertyValueSpecification\",\"valueRequired\":true,\"valueName\":\"search_term_string\"}}],\"inLanguage\":\"en-GB\"},{\"@type\":\"Organization\",\"@id\":\"https:\\\/\\\/mesopolhis.fr\\\/#organization\",\"name\":\"Mesopolhis\",\"url\":\"https:\\\/\\\/mesopolhis.fr\\\/\",\"logo\":{\"@type\":\"ImageObject\",\"inLanguage\":\"en-GB\",\"@id\":\"https:\\\/\\\/mesopolhis.fr\\\/#\\\/schema\\\/logo\\\/image\\\/\",\"url\":\"https:\\\/\\\/mesopolhis.fr\\\/wp-content\\\/uploads\\\/2021\\\/12\\\/Logo_MESOPOLHIS_Quadri.png\",\"contentUrl\":\"https:\\\/\\\/mesopolhis.fr\\\/wp-content\\\/uploads\\\/2021\\\/12\\\/Logo_MESOPOLHIS_Quadri.png\",\"width\":264,\"height\":69,\"caption\":\"Mesopolhis\"},\"image\":{\"@id\":\"https:\\\/\\\/mesopolhis.fr\\\/#\\\/schema\\\/logo\\\/image\\\/\"}}]}<\/script>\n<!-- \/ Yoast SEO plugin. -->","yoast_head_json":{"title":"Publications as part of the Proclimex - Mesopolhis programme","robots":{"index":"index","follow":"follow","max-snippet":"max-snippet:-1","max-image-preview":"max-image-preview:large","max-video-preview":"max-video-preview:-1"},"canonical":"https:\/\/mesopolhis.fr\/en\/proclimex-publications\/","og_locale":"en_GB","og_type":"article","og_title":"Publications dans le cadre du programme Proclimex - Mesopolhis","og_description":"Accueil \u00bb Publications dans le cadre du programme Proclimex Publications dans le cadre du programme Proclimex Nouvelle parution: Christophe Tra\u00efni, \u00ab &lsquo;L&rsquo;Affaire du Si\u00e8cle&rsquo;. Des mobilisations pour le climat \u00e0 l&rsquo;\u00e9preuve de la temporalit\u00e9 judiciaire \u00bb, Droit et soci\u00e9t\u00e9, 2022\/2 (N\u00b0 111), p. 319-333 Lire l&rsquo;article &nbsp; Quelles places pour les victimes dans les proc\u00e8s&hellip;","og_url":"https:\/\/mesopolhis.fr\/en\/proclimex-publications\/","og_site_name":"Mesopolhis","article_modified_time":"2023-03-07T08:46:02+00:00","og_image":[{"url":"https:\/\/mesopolhis.fr\/wp-content\/uploads\/2023\/03\/DRS1_111.jpeg","type":"","width":"","height":""}],"twitter_card":"summary_large_image","twitter_misc":{"Estimated reading time":"1 minute"},"schema":{"@context":"https:\/\/schema.org","@graph":[{"@type":"WebPage","@id":"https:\/\/mesopolhis.fr\/publications-proclimex\/","url":"https:\/\/mesopolhis.fr\/publications-proclimex\/","name":"Publications as part of the Proclimex - Mesopolhis programme","isPartOf":{"@id":"https:\/\/mesopolhis.fr\/#website"},"primaryImageOfPage":{"@id":"https:\/\/mesopolhis.fr\/publications-proclimex\/#primaryimage"},"image":{"@id":"https:\/\/mesopolhis.fr\/publications-proclimex\/#primaryimage"},"thumbnailUrl":"https:\/\/mesopolhis.fr\/wp-content\/uploads\/2023\/03\/DRS1_111.jpeg","datePublished":"2023-03-07T08:43:32+00:00","dateModified":"2023-03-07T08:46:02+00:00","breadcrumb":{"@id":"https:\/\/mesopolhis.fr\/publications-proclimex\/#breadcrumb"},"inLanguage":"en-GB","potentialAction":[{"@type":"ReadAction","target":["https:\/\/mesopolhis.fr\/publications-proclimex\/"]}]},{"@type":"ImageObject","inLanguage":"en-GB","@id":"https:\/\/mesopolhis.fr\/publications-proclimex\/#primaryimage","url":"https:\/\/mesopolhis.fr\/wp-content\/uploads\/2023\/03\/DRS1_111.jpeg","contentUrl":"https:\/\/mesopolhis.fr\/wp-content\/uploads\/2023\/03\/DRS1_111.jpeg"},{"@type":"BreadcrumbList","@id":"https:\/\/mesopolhis.fr\/publications-proclimex\/#breadcrumb","itemListElement":[{"@type":"ListItem","position":1,"name":"Accueil","item":"https:\/\/mesopolhis.fr\/"},{"@type":"ListItem","position":2,"name":"Publications dans le cadre du programme Proclimex"}]},{"@type":"WebSite","@id":"https:\/\/mesopolhis.fr\/#website","url":"https:\/\/mesopolhis.fr\/","name":"Mesopolhis","description":"Mediterranean Centre for Sociology, Political Science and History","publisher":{"@id":"https:\/\/mesopolhis.fr\/#organization"},"potentialAction":[{"@type":"SearchAction","target":{"@type":"EntryPoint","urlTemplate":"https:\/\/mesopolhis.fr\/?s={search_term_string}"},"query-input":{"@type":"PropertyValueSpecification","valueRequired":true,"valueName":"search_term_string"}}],"inLanguage":"en-GB"},{"@type":"Organization","@id":"https:\/\/mesopolhis.fr\/#organization","name":"Mesopolhis","url":"https:\/\/mesopolhis.fr\/","logo":{"@type":"ImageObject","inLanguage":"en-GB","@id":"https:\/\/mesopolhis.fr\/#\/schema\/logo\/image\/","url":"https:\/\/mesopolhis.fr\/wp-content\/uploads\/2021\/12\/Logo_MESOPOLHIS_Quadri.png","contentUrl":"https:\/\/mesopolhis.fr\/wp-content\/uploads\/2021\/12\/Logo_MESOPOLHIS_Quadri.png","width":264,"height":69,"caption":"Mesopolhis"},"image":{"@id":"https:\/\/mesopolhis.fr\/#\/schema\/logo\/image\/"}}]}},"_links":{"self":[{"href":"https:\/\/mesopolhis.fr\/en\/wp-json\/wp\/v2\/pages\/32879","targetHints":{"allow":["GET"]}}],"collection":[{"href":"https:\/\/mesopolhis.fr\/en\/wp-json\/wp\/v2\/pages"}],"about":[{"href":"https:\/\/mesopolhis.fr\/en\/wp-json\/wp\/v2\/types\/page"}],"author":[{"embeddable":true,"href":"https:\/\/mesopolhis.fr\/en\/wp-json\/wp\/v2\/users\/4"}],"replies":[{"embeddable":true,"href":"https:\/\/mesopolhis.fr\/en\/wp-json\/wp\/v2\/comments?post=32879"}],"version-history":[{"count":0,"href":"https:\/\/mesopolhis.fr\/en\/wp-json\/wp\/v2\/pages\/32879\/revisions"}],"wp:attachment":[{"href":"https:\/\/mesopolhis.fr\/en\/wp-json\/wp\/v2\/media?parent=32879"}],"curies":[{"name":"wp","href":"https:\/\/api.w.org\/{rel}","templated":true}]}}