{"id":32825,"date":"2023-03-03T12:26:00","date_gmt":"2023-03-03T11:26:00","guid":{"rendered":"https:\/\/mesopolhis.fr\/?page_id=32825"},"modified":"2025-02-20T12:49:06","modified_gmt":"2025-02-20T11:49:06","slug":"general-seminars","status":"publish","type":"page","link":"https:\/\/mesopolhis.fr\/en\/general-seminars\/","title":{"rendered":"General Seminars"},"content":{"rendered":"<nav id=\"breadcrumbs\" aria-label=\"Breadcrumbs\"><a href=\"https:\/\/mesopolhis.fr\/en\/\">Home<\/a> &raquo; S\u00e9minaires G\u00e9n\u00e9raux<\/nav><h1>\n\t\tGeneral Seminars (2022-2023)\n\t<\/h1>\n\t\t\t\t<img loading=\"lazy\" decoding=\"async\" src=\"https:\/\/mesopolhis.fr\/wp-content\/uploads\/2023\/03\/Seminaire-General-15.png\" alt=\"General Seminar October 23\" height=\"2000\" width=\"1414\" title=\"General Seminar October 23\" \/>\n\t\t\t\t<img loading=\"lazy\" decoding=\"async\" src=\"https:\/\/mesopolhis.fr\/wp-content\/uploads\/2023\/03\/Seminaire-General-17.png\" alt=\"General Seminar Nov 23\" height=\"2000\" width=\"1414\" title=\"General Seminar Nov 23\" \/>\n\t\t\t\t<img loading=\"lazy\" decoding=\"async\" src=\"https:\/\/mesopolhis.fr\/wp-content\/uploads\/2023\/03\/Seminaire-General-19.png\" alt=\"General Seminar\" height=\"2000\" width=\"1414\" title=\"General Seminar\" \/>\n\t\t\t\t<img loading=\"lazy\" decoding=\"async\" src=\"https:\/\/mesopolhis.fr\/wp-content\/uploads\/2023\/03\/Seminaire-General-20.png\" alt=\"General Seminar (20)\" height=\"2000\" width=\"1414\" title=\"General Seminar (20)\" \/>\n<h2>\n\t\tVendredi 10 mars 2023 &#8211; Invit\u00e9 : Emmanuel Pedler\n\t<\/h2>\n\t<blockquote>\n<h5>En 1987, une \u00e9quipe d&rsquo;enqu\u00eateurs conduite par Jean-Claude Passeron et Emmanuel Pedler a suivi les visiteurs du mus\u00e9e Granet d&rsquo;Aix-en-Provence, un chronom\u00e8tre \u00e0 la main.<\/h5>\n<h5>L&rsquo;objectif \u00e9tait de mettre en \u00e9vidence les ressorts sociaux du \u00ab temps donn\u00e9 aux tableaux \u00bb. C&rsquo;est de cette \u00e9tude originale que rend compte l&rsquo;ouvrage \u00ab Le temps donn\u00e9 aux tableaux \u00bb initialement paru en 1991 et dont la Biblioth\u00e8que id\u00e9ale des sciences sociales (ENS Editions) propose aujourd&rsquo;hui la r\u00e9\u00e9dition.<\/h5>\n<h5>This is supplemented by several important texts in which the two sociologists continue their analyses of the reception of artistic works in the fields of painting and music.<\/h5>\n<h5>S&rsquo;attachant \u00e0 d\u00e9crire et mesurer pr\u00e9cis\u00e9ment les \u00ab pactes \u00bb de r\u00e9ception artistique qui se nouent entre les \u0153uvres et leurs publics, l&rsquo;ensemble se distingue des enqu\u00eates sur la consommation culturelle, encore aujourd&rsquo;hui largement dominantes en sociologie de la culture, pour proposer une approche centr\u00e9e sur le sort r\u00e9serv\u00e9 \u00e0 des \u0153uvres singuli\u00e8res.<\/h5>\n<h5>\u00c0 l&rsquo;occasion du s\u00e9minaire g\u00e9n\u00e9ral du laboratoire Mesopolhis, Emmanuel PEDLER, sociologue fran\u00e7ais et Directeur d&rsquo;\u00e9tudes \u00e0 l&rsquo;EHESS, revient sur cette r\u00e9\u00e9dition.<\/h5>\n<\/blockquote>\n\t\t\t<a href=\"https:\/\/spx.hypotheses.org\/5640\" target=\"_self\">\n\t\t\t\t\t\t\tRead the article\n\t\t\t\t\t<\/a>\n\t\t\t\t<img loading=\"lazy\" decoding=\"async\" src=\"https:\/\/mesopolhis.fr\/wp-content\/uploads\/2023\/03\/Seminaire-General-19.png\" alt=\"General Seminar\" height=\"2000\" width=\"1414\" title=\"General Seminar\" \/>\n<h2>\n\t\tVendredi 10 f\u00e9vrier 2023 &#8211; Invit\u00e9 : Fran\u00e7ois H\u00e9ran\n\t<\/h2>\n\t\t\t\t<img loading=\"lazy\" decoding=\"async\" src=\"https:\/\/mesopolhis.fr\/wp-content\/uploads\/2023\/03\/Seminaire-General-18.png\" alt=\"General Seminar Feb23\" height=\"2000\" width=\"1414\" title=\"General Seminar Feb23\" \/>\n\t\n<h2>\n\t\tVendredi 13 janvier 2023 &#8211; Invit\u00e9e : Rose-Marie Lagrave\n\t<\/h2>\n<h4>\n\t\tRose-Marie Lagrave est une sociologue sp\u00e9cialis\u00e9e dans les questions de genre. A ce titre, elle a cr\u00e9\u00e9 le master d&rsquo;\u00e9tudes de genre de l&rsquo;EHESS, \u00ab Genre, politique et sexualit\u00e9s \u00bb. Dans le cadre du s\u00e9minaire g\u00e9n\u00e9ral, la sociologue est venue pr\u00e9senter son dernier ouvrage, Se ressaisir. Enqu\u00eate autobiographique d&rsquo;une transfuge de classe f\u00e9ministe. Ce travail qui a re\u00e7u le prix de l&rsquo;Ecrit social l&rsquo;ann\u00e9e de sa sortie (2021) constitue un riche retour r\u00e9flexif sur le parcours singulier de Rose-Marie Lagrave : une femme issue d&rsquo;une famille nombreuse, catholique et rurale, qui conna\u00eet une ascension sociale fulgurante l&rsquo;amenant \u00e0 devenir Directrice d&rsquo;\u00e9tudes \u00e0 l&rsquo;EHESS. En partant de son propre parcours, Rose-Marie Lagrave se veut critique des discours m\u00e9ritocratiques et du mythe de l&rsquo;ascenseur social, au profit d&rsquo;un r\u00e9cit qui d\u00e9voile toutes les bifurcations qui sont celles d&rsquo;une transfuge de classe f\u00e9ministe.\n\t<\/h4>\n\t\t\t\t<img loading=\"lazy\" decoding=\"async\" src=\"https:\/\/mesopolhis.fr\/wp-content\/uploads\/2023\/03\/Seminaire-General-16.png\" alt=\"General Seminar November 23\" height=\"2000\" width=\"1414\" title=\"General Seminar November 23\" \/>\n\t\n\t<blockquote>\n<h5>Dans le cadre du s\u00e9minaire g\u00e9n\u00e9ral, un entretien avec Rose Marie Lagrave \u00e0 l&rsquo;occasion de la pr\u00e9sentation de son ouvrage \u00ab Se ressaisir. Enqu\u00eate autobiographique d&rsquo;une transfuge de classe f\u00e9ministe \u00bb (La D\u00e9couverte, 2021) a \u00e9t\u00e9 r\u00e9alis\u00e9 par le blog \u00ab\u00a0Un Oeil sur la Cit\u00e9\u00a0\u00bb.<\/h5>\n<\/blockquote>\n\t\t\t<a href=\"https:\/\/spx.hypotheses.org\/5481\" target=\"_self\">\n\t\t\t\t\t\t\tRead the article\n\t\t\t\t\t<\/a>","protected":false},"excerpt":{"rendered":"<p>Accueil &raquo; S\u00e9minaires G\u00e9n\u00e9raux S\u00e9minaires G\u00e9n\u00e9raux (2022-2023) Vendredi 10 mars 2023 &#8211; Invit\u00e9 : Emmanuel Pedler En 1987, une \u00e9quipe d&rsquo;enqu\u00eateurs conduite par Jean-Claude Passeron et Emmanuel Pedler a suivi les visiteurs du mus\u00e9e Granet d&rsquo;Aix-en-Provence, un chronom\u00e8tre \u00e0 la main. L&rsquo;objectif \u00e9tait de mettre en \u00e9vidence les ressorts sociaux du \u00ab temps donn\u00e9 aux&hellip;<\/p>","protected":false},"author":4,"featured_media":0,"parent":0,"menu_order":0,"comment_status":"closed","ping_status":"closed","template":"","meta":{"_acf_changed":false,"inline_featured_image":false,"footnotes":""},"class_list":["post-32825","page","type-page","status-publish","hentry"],"acf":[],"yoast_head":"<!-- This site is optimized with the Yoast SEO plugin v27.4 - https:\/\/yoast.com\/product\/yoast-seo-wordpress\/ -->\n<title>S\u00e9minaires G\u00e9n\u00e9raux - Mesopolhis<\/title>\n<meta name=\"robots\" content=\"index, follow, max-snippet:-1, max-image-preview:large, max-video-preview:-1\" \/>\n<link rel=\"canonical\" href=\"https:\/\/mesopolhis.fr\/en\/general-seminars\/\" \/>\n<meta property=\"og:locale\" content=\"en_GB\" \/>\n<meta property=\"og:type\" content=\"article\" \/>\n<meta property=\"og:title\" content=\"S\u00e9minaires G\u00e9n\u00e9raux - Mesopolhis\" \/>\n<meta property=\"og:description\" content=\"Accueil &raquo; S\u00e9minaires G\u00e9n\u00e9raux S\u00e9minaires G\u00e9n\u00e9raux (2022-2023) Vendredi 10 mars 2023 &#8211; Invit\u00e9 : Emmanuel Pedler En 1987, une \u00e9quipe d&rsquo;enqu\u00eateurs conduite par Jean-Claude Passeron et Emmanuel Pedler a suivi les visiteurs du mus\u00e9e Granet d&rsquo;Aix-en-Provence, un chronom\u00e8tre \u00e0 la main. L&rsquo;objectif \u00e9tait de mettre en \u00e9vidence les ressorts sociaux du \u00ab temps donn\u00e9 aux&hellip;\" \/>\n<meta property=\"og:url\" content=\"https:\/\/mesopolhis.fr\/en\/general-seminars\/\" \/>\n<meta property=\"og:site_name\" content=\"Mesopolhis\" \/>\n<meta property=\"article:modified_time\" content=\"2025-02-20T11:49:06+00:00\" \/>\n<meta property=\"og:image\" content=\"https:\/\/mesopolhis.fr\/wp-content\/uploads\/2023\/03\/Seminaire-General-15.png\" \/>\n<meta name=\"twitter:card\" content=\"summary_large_image\" \/>\n<script type=\"application\/ld+json\" class=\"yoast-schema-graph\">{\"@context\":\"https:\\\/\\\/schema.org\",\"@graph\":[{\"@type\":\"WebPage\",\"@id\":\"https:\\\/\\\/mesopolhis.fr\\\/seminaires-generaux\\\/\",\"url\":\"https:\\\/\\\/mesopolhis.fr\\\/seminaires-generaux\\\/\",\"name\":\"S\u00e9minaires G\u00e9n\u00e9raux - Mesopolhis\",\"isPartOf\":{\"@id\":\"https:\\\/\\\/mesopolhis.fr\\\/#website\"},\"primaryImageOfPage\":{\"@id\":\"https:\\\/\\\/mesopolhis.fr\\\/seminaires-generaux\\\/#primaryimage\"},\"image\":{\"@id\":\"https:\\\/\\\/mesopolhis.fr\\\/seminaires-generaux\\\/#primaryimage\"},\"thumbnailUrl\":\"https:\\\/\\\/mesopolhis.fr\\\/wp-content\\\/uploads\\\/2023\\\/03\\\/Seminaire-General-15.png\",\"datePublished\":\"2023-03-03T11:26:00+00:00\",\"dateModified\":\"2025-02-20T11:49:06+00:00\",\"breadcrumb\":{\"@id\":\"https:\\\/\\\/mesopolhis.fr\\\/seminaires-generaux\\\/#breadcrumb\"},\"inLanguage\":\"en-GB\",\"potentialAction\":[{\"@type\":\"ReadAction\",\"target\":[\"https:\\\/\\\/mesopolhis.fr\\\/seminaires-generaux\\\/\"]}]},{\"@type\":\"ImageObject\",\"inLanguage\":\"en-GB\",\"@id\":\"https:\\\/\\\/mesopolhis.fr\\\/seminaires-generaux\\\/#primaryimage\",\"url\":\"https:\\\/\\\/mesopolhis.fr\\\/wp-content\\\/uploads\\\/2023\\\/03\\\/Seminaire-General-15.png\",\"contentUrl\":\"https:\\\/\\\/mesopolhis.fr\\\/wp-content\\\/uploads\\\/2023\\\/03\\\/Seminaire-General-15.png\"},{\"@type\":\"BreadcrumbList\",\"@id\":\"https:\\\/\\\/mesopolhis.fr\\\/seminaires-generaux\\\/#breadcrumb\",\"itemListElement\":[{\"@type\":\"ListItem\",\"position\":1,\"name\":\"Accueil\",\"item\":\"https:\\\/\\\/mesopolhis.fr\\\/\"},{\"@type\":\"ListItem\",\"position\":2,\"name\":\"S\u00e9minaires G\u00e9n\u00e9raux\"}]},{\"@type\":\"WebSite\",\"@id\":\"https:\\\/\\\/mesopolhis.fr\\\/#website\",\"url\":\"https:\\\/\\\/mesopolhis.fr\\\/\",\"name\":\"Mesopolhis\",\"description\":\"Centre m\u00e9diterran\u00e9en de sociologie, de science politique et d&#039;histoire\",\"publisher\":{\"@id\":\"https:\\\/\\\/mesopolhis.fr\\\/#organization\"},\"potentialAction\":[{\"@type\":\"SearchAction\",\"target\":{\"@type\":\"EntryPoint\",\"urlTemplate\":\"https:\\\/\\\/mesopolhis.fr\\\/?s={search_term_string}\"},\"query-input\":{\"@type\":\"PropertyValueSpecification\",\"valueRequired\":true,\"valueName\":\"search_term_string\"}}],\"inLanguage\":\"en-GB\"},{\"@type\":\"Organization\",\"@id\":\"https:\\\/\\\/mesopolhis.fr\\\/#organization\",\"name\":\"Mesopolhis\",\"url\":\"https:\\\/\\\/mesopolhis.fr\\\/\",\"logo\":{\"@type\":\"ImageObject\",\"inLanguage\":\"en-GB\",\"@id\":\"https:\\\/\\\/mesopolhis.fr\\\/#\\\/schema\\\/logo\\\/image\\\/\",\"url\":\"https:\\\/\\\/mesopolhis.fr\\\/wp-content\\\/uploads\\\/2021\\\/12\\\/Logo_MESOPOLHIS_Quadri.png\",\"contentUrl\":\"https:\\\/\\\/mesopolhis.fr\\\/wp-content\\\/uploads\\\/2021\\\/12\\\/Logo_MESOPOLHIS_Quadri.png\",\"width\":264,\"height\":69,\"caption\":\"Mesopolhis\"},\"image\":{\"@id\":\"https:\\\/\\\/mesopolhis.fr\\\/#\\\/schema\\\/logo\\\/image\\\/\"}}]}<\/script>\n<!-- \/ Yoast SEO plugin. -->","yoast_head_json":{"title":"General seminars - Mesopolhis","robots":{"index":"index","follow":"follow","max-snippet":"max-snippet:-1","max-image-preview":"max-image-preview:large","max-video-preview":"max-video-preview:-1"},"canonical":"https:\/\/mesopolhis.fr\/en\/general-seminars\/","og_locale":"en_GB","og_type":"article","og_title":"S\u00e9minaires G\u00e9n\u00e9raux - Mesopolhis","og_description":"Accueil &raquo; S\u00e9minaires G\u00e9n\u00e9raux S\u00e9minaires G\u00e9n\u00e9raux (2022-2023) Vendredi 10 mars 2023 &#8211; Invit\u00e9 : Emmanuel Pedler En 1987, une \u00e9quipe d&rsquo;enqu\u00eateurs conduite par Jean-Claude Passeron et Emmanuel Pedler a suivi les visiteurs du mus\u00e9e Granet d&rsquo;Aix-en-Provence, un chronom\u00e8tre \u00e0 la main. L&rsquo;objectif \u00e9tait de mettre en \u00e9vidence les ressorts sociaux du \u00ab temps donn\u00e9 aux&hellip;","og_url":"https:\/\/mesopolhis.fr\/en\/general-seminars\/","og_site_name":"Mesopolhis","article_modified_time":"2025-02-20T11:49:06+00:00","og_image":[{"url":"https:\/\/mesopolhis.fr\/wp-content\/uploads\/2023\/03\/Seminaire-General-15.png","type":"","width":"","height":""}],"twitter_card":"summary_large_image","schema":{"@context":"https:\/\/schema.org","@graph":[{"@type":"WebPage","@id":"https:\/\/mesopolhis.fr\/seminaires-generaux\/","url":"https:\/\/mesopolhis.fr\/seminaires-generaux\/","name":"General seminars - Mesopolhis","isPartOf":{"@id":"https:\/\/mesopolhis.fr\/#website"},"primaryImageOfPage":{"@id":"https:\/\/mesopolhis.fr\/seminaires-generaux\/#primaryimage"},"image":{"@id":"https:\/\/mesopolhis.fr\/seminaires-generaux\/#primaryimage"},"thumbnailUrl":"https:\/\/mesopolhis.fr\/wp-content\/uploads\/2023\/03\/Seminaire-General-15.png","datePublished":"2023-03-03T11:26:00+00:00","dateModified":"2025-02-20T11:49:06+00:00","breadcrumb":{"@id":"https:\/\/mesopolhis.fr\/seminaires-generaux\/#breadcrumb"},"inLanguage":"en-GB","potentialAction":[{"@type":"ReadAction","target":["https:\/\/mesopolhis.fr\/seminaires-generaux\/"]}]},{"@type":"ImageObject","inLanguage":"en-GB","@id":"https:\/\/mesopolhis.fr\/seminaires-generaux\/#primaryimage","url":"https:\/\/mesopolhis.fr\/wp-content\/uploads\/2023\/03\/Seminaire-General-15.png","contentUrl":"https:\/\/mesopolhis.fr\/wp-content\/uploads\/2023\/03\/Seminaire-General-15.png"},{"@type":"BreadcrumbList","@id":"https:\/\/mesopolhis.fr\/seminaires-generaux\/#breadcrumb","itemListElement":[{"@type":"ListItem","position":1,"name":"Accueil","item":"https:\/\/mesopolhis.fr\/"},{"@type":"ListItem","position":2,"name":"S\u00e9minaires G\u00e9n\u00e9raux"}]},{"@type":"WebSite","@id":"https:\/\/mesopolhis.fr\/#website","url":"https:\/\/mesopolhis.fr\/","name":"Mesopolhis","description":"Mediterranean Centre for Sociology, Political Science and History","publisher":{"@id":"https:\/\/mesopolhis.fr\/#organization"},"potentialAction":[{"@type":"SearchAction","target":{"@type":"EntryPoint","urlTemplate":"https:\/\/mesopolhis.fr\/?s={search_term_string}"},"query-input":{"@type":"PropertyValueSpecification","valueRequired":true,"valueName":"search_term_string"}}],"inLanguage":"en-GB"},{"@type":"Organization","@id":"https:\/\/mesopolhis.fr\/#organization","name":"Mesopolhis","url":"https:\/\/mesopolhis.fr\/","logo":{"@type":"ImageObject","inLanguage":"en-GB","@id":"https:\/\/mesopolhis.fr\/#\/schema\/logo\/image\/","url":"https:\/\/mesopolhis.fr\/wp-content\/uploads\/2021\/12\/Logo_MESOPOLHIS_Quadri.png","contentUrl":"https:\/\/mesopolhis.fr\/wp-content\/uploads\/2021\/12\/Logo_MESOPOLHIS_Quadri.png","width":264,"height":69,"caption":"Mesopolhis"},"image":{"@id":"https:\/\/mesopolhis.fr\/#\/schema\/logo\/image\/"}}]}},"_links":{"self":[{"href":"https:\/\/mesopolhis.fr\/en\/wp-json\/wp\/v2\/pages\/32825","targetHints":{"allow":["GET"]}}],"collection":[{"href":"https:\/\/mesopolhis.fr\/en\/wp-json\/wp\/v2\/pages"}],"about":[{"href":"https:\/\/mesopolhis.fr\/en\/wp-json\/wp\/v2\/types\/page"}],"author":[{"embeddable":true,"href":"https:\/\/mesopolhis.fr\/en\/wp-json\/wp\/v2\/users\/4"}],"replies":[{"embeddable":true,"href":"https:\/\/mesopolhis.fr\/en\/wp-json\/wp\/v2\/comments?post=32825"}],"version-history":[{"count":0,"href":"https:\/\/mesopolhis.fr\/en\/wp-json\/wp\/v2\/pages\/32825\/revisions"}],"wp:attachment":[{"href":"https:\/\/mesopolhis.fr\/en\/wp-json\/wp\/v2\/media?parent=32825"}],"curies":[{"name":"wp","href":"https:\/\/api.w.org\/{rel}","templated":true}]}}