{"id":32808,"date":"2023-03-03T11:55:47","date_gmt":"2023-03-03T10:55:47","guid":{"rendered":"https:\/\/mesopolhis.fr\/?page_id=32808"},"modified":"2025-09-11T11:24:16","modified_gmt":"2025-09-11T09:24:16","slug":"mesopolhis-2-events","status":"publish","type":"page","link":"https:\/\/mesopolhis.fr\/en\/mesopolhis-2-events\/","title":{"rendered":"Events"},"content":{"rendered":"<nav id=\"breadcrumbs\" aria-label=\"Breadcrumbs\"><a href=\"https:\/\/mesopolhis.fr\/en\/\">Home<\/a> \u00bbEvents<\/nav><h1>\n\t\tMESOPOLHIS Events\n\t<\/h1>\n\t\t\t<a href=\"https:\/\/mesopolhis.fr\/en\/mesopolhis-2-events\/mesopolhis-meetings\/\" target=\"_self\">\n\t\t\t\t\t\t\tMESOPOLHIS meetings (2024-2025)\n\t\t\t\t\t<\/a>\n\t\t\t\t<img loading=\"lazy\" decoding=\"async\" src=\"https:\/\/mesopolhis.fr\/wp-content\/uploads\/2025\/04\/Les-Rencontres-du-Mesopolhis-2024-2025-724x1024.png\" alt=\"The Mesopolhis 2024-2025 Meetings\" height=\"1024\" width=\"724\" title=\"The Mesopolhis 2024-2025 Meetings\" \/>\n\t\t\t<a href=\"https:\/\/mesopolhis.fr\/en\/general-seminars\/\" target=\"_self\">\n\t\t\t\t\t\t\tGeneral Seminars (2022-2023)\n\t\t\t\t\t<\/a>\n\t\t\t\t<img loading=\"lazy\" decoding=\"async\" src=\"https:\/\/mesopolhis.fr\/wp-content\/uploads\/2023\/03\/Seminaire-General-15.png\" alt=\"General Seminar October 23\" height=\"2000\" width=\"1414\" title=\"General Seminar October 23\" \/>\n\t\t\t\t<img loading=\"lazy\" decoding=\"async\" src=\"https:\/\/mesopolhis.fr\/wp-content\/uploads\/2023\/03\/Seminaire-General-17.png\" alt=\"General Seminar Nov 23\" height=\"2000\" width=\"1414\" title=\"General Seminar Nov 23\" \/>\n\t\t\t\t<img loading=\"lazy\" decoding=\"async\" src=\"https:\/\/mesopolhis.fr\/wp-content\/uploads\/2023\/03\/Seminaire-General-16.png\" alt=\"General Seminar November 23\" height=\"2000\" width=\"1414\" title=\"General Seminar November 23\" \/>\n\t\t\t\t<img loading=\"lazy\" decoding=\"async\" src=\"https:\/\/mesopolhis.fr\/wp-content\/uploads\/2023\/03\/Seminaire-General-18.png\" alt=\"General Seminar Feb23\" height=\"2000\" width=\"1414\" title=\"General Seminar Feb23\" \/>\n\t\t\t\t<img loading=\"lazy\" decoding=\"async\" src=\"https:\/\/mesopolhis.fr\/wp-content\/uploads\/2023\/03\/Seminaire-General-19.png\" alt=\"General Seminar\" height=\"2000\" width=\"1414\" title=\"General Seminar\" \/>\n\t\t\t\t<img loading=\"lazy\" decoding=\"async\" src=\"https:\/\/mesopolhis.fr\/wp-content\/uploads\/2023\/03\/Seminaire-General-20.png\" alt=\"General Seminar (20)\" height=\"2000\" width=\"1414\" title=\"General Seminar (20)\" \/>\n\t\t\t<a href=\"https:\/\/mesopolhis.fr\/en\/study-days\/\" target=\"_self\">\n\t\t\t\t\t\t\tStudy days (2022-2023)\n\t\t\t\t\t<\/a>\n\t\t\t\t<img loading=\"lazy\" decoding=\"async\" src=\"https:\/\/mesopolhis.fr\/wp-content\/uploads\/2023\/03\/Programme-Universities-in-times-of-crisis-2.png\" alt=\"Universities in times of crisis programme\" height=\"2000\" width=\"1414\" title=\"Universities in times of crisis programme\" \/>\n\t\t\t\t<img loading=\"lazy\" decoding=\"async\" src=\"https:\/\/mesopolhis.fr\/wp-content\/uploads\/2023\/03\/Reponses-internationales-aux-situations-de-volence-de-mort-de-masse-en-Ukraine-2.png\" alt=\"International responses to situations of mass violence and death in Ukraine (2)\" height=\"2000\" width=\"1414\" title=\"International responses to situations of mass violence and death in Ukraine (2)\" \/>\n\t\t\t\t<img loading=\"lazy\" decoding=\"async\" src=\"https:\/\/mesopolhis.fr\/wp-content\/uploads\/2022\/06\/JE-29-juin-2022-1.jpg\" alt=\"JE-29-June-2022-1\" height=\"2245\" width=\"1587\" title=\"JE-29-June-2022-1\" \/>\n\t\t\t\t<img loading=\"lazy\" decoding=\"async\" src=\"https:\/\/mesopolhis.fr\/wp-content\/uploads\/2022\/05\/Journee-detude-2-1.jpg\" alt=\"Study-day-2-1\" height=\"2245\" width=\"1587\" title=\"Study-day-2-1\" \/>\n\t\t\t\t<img loading=\"lazy\" decoding=\"async\" src=\"https:\/\/mesopolhis.fr\/wp-content\/uploads\/2022\/04\/Journee-detude.jpg\" alt=\"Study day\" height=\"2000\" width=\"1414\" title=\"Study day\" \/>\n\t\t\t\t<img loading=\"lazy\" decoding=\"async\" src=\"https:\/\/mesopolhis.fr\/wp-content\/uploads\/2022\/03\/24-Mars-2022-14h-16h-Salle-PAF-MMSH-Zoom-1-scaled.jpg\" alt=\"24-Mars-2022-14h-16h-Salle-PAF-MMSH-Zoom-1\" height=\"2500\" width=\"1767\" title=\"24-Mars-2022-14h-16h-Salle-PAF-MMSH-Zoom-1\" \/>","protected":false},"excerpt":{"rendered":"<p>Home \u00bb Events MESOPOLHIS Events MESOPOLHIS Meetings (2024-2025) General Seminars (2022-2023) Study Days (2022-2023)<\/p>","protected":false},"author":4,"featured_media":0,"parent":0,"menu_order":0,"comment_status":"closed","ping_status":"closed","template":"","meta":{"_acf_changed":false,"inline_featured_image":false,"footnotes":""},"class_list":["post-32808","page","type-page","status-publish","hentry"],"acf":[],"yoast_head":"<!-- This site is optimized with the Yoast SEO plugin v27.3 - https:\/\/yoast.com\/product\/yoast-seo-wordpress\/ -->\n<title>Ev\u00e9nements - Mesopolhis<\/title>\n<meta name=\"robots\" content=\"index, follow, max-snippet:-1, max-image-preview:large, max-video-preview:-1\" \/>\n<link rel=\"canonical\" href=\"https:\/\/mesopolhis.fr\/en\/mesopolhis-2-events\/\" \/>\n<meta property=\"og:locale\" content=\"en_GB\" \/>\n<meta property=\"og:type\" content=\"article\" \/>\n<meta property=\"og:title\" content=\"Ev\u00e9nements - Mesopolhis\" \/>\n<meta property=\"og:description\" content=\"Accueil &raquo; Ev\u00e9nements \u00c9v\u00e9nements MESOPOLHIS Les rencontres du MESOPOLHIS (2024-2025) S\u00e9minaires G\u00e9n\u00e9raux (2022-2023) Journ\u00e9es d&rsquo;\u00e9tude (2022-2023)\" \/>\n<meta property=\"og:url\" content=\"https:\/\/mesopolhis.fr\/en\/mesopolhis-2-events\/\" \/>\n<meta property=\"og:site_name\" content=\"Mesopolhis\" \/>\n<meta property=\"article:modified_time\" content=\"2025-09-11T09:24:16+00:00\" \/>\n<meta property=\"og:image\" content=\"https:\/\/mesopolhis.fr\/wp-content\/uploads\/2025\/04\/Les-Rencontres-du-Mesopolhis-2024-2025-724x1024.png\" \/>\n<meta name=\"twitter:card\" content=\"summary_large_image\" \/>\n<meta name=\"twitter:label1\" content=\"Estimated reading time\" \/>\n\t<meta name=\"twitter:data1\" content=\"3 minutes\" \/>\n<script type=\"application\/ld+json\" class=\"yoast-schema-graph\">{\"@context\":\"https:\\\/\\\/schema.org\",\"@graph\":[{\"@type\":\"WebPage\",\"@id\":\"https:\\\/\\\/mesopolhis.fr\\\/evenements-mesopolhis-2\\\/\",\"url\":\"https:\\\/\\\/mesopolhis.fr\\\/evenements-mesopolhis-2\\\/\",\"name\":\"Ev\u00e9nements - Mesopolhis\",\"isPartOf\":{\"@id\":\"https:\\\/\\\/mesopolhis.fr\\\/#website\"},\"primaryImageOfPage\":{\"@id\":\"https:\\\/\\\/mesopolhis.fr\\\/evenements-mesopolhis-2\\\/#primaryimage\"},\"image\":{\"@id\":\"https:\\\/\\\/mesopolhis.fr\\\/evenements-mesopolhis-2\\\/#primaryimage\"},\"thumbnailUrl\":\"https:\\\/\\\/mesopolhis.fr\\\/wp-content\\\/uploads\\\/2025\\\/04\\\/Les-Rencontres-du-Mesopolhis-2024-2025-724x1024.png\",\"datePublished\":\"2023-03-03T10:55:47+00:00\",\"dateModified\":\"2025-09-11T09:24:16+00:00\",\"breadcrumb\":{\"@id\":\"https:\\\/\\\/mesopolhis.fr\\\/evenements-mesopolhis-2\\\/#breadcrumb\"},\"inLanguage\":\"en-GB\",\"potentialAction\":[{\"@type\":\"ReadAction\",\"target\":[\"https:\\\/\\\/mesopolhis.fr\\\/evenements-mesopolhis-2\\\/\"]}]},{\"@type\":\"ImageObject\",\"inLanguage\":\"en-GB\",\"@id\":\"https:\\\/\\\/mesopolhis.fr\\\/evenements-mesopolhis-2\\\/#primaryimage\",\"url\":\"https:\\\/\\\/mesopolhis.fr\\\/wp-content\\\/uploads\\\/2025\\\/04\\\/Les-Rencontres-du-Mesopolhis-2024-2025-724x1024.png\",\"contentUrl\":\"https:\\\/\\\/mesopolhis.fr\\\/wp-content\\\/uploads\\\/2025\\\/04\\\/Les-Rencontres-du-Mesopolhis-2024-2025-724x1024.png\"},{\"@type\":\"BreadcrumbList\",\"@id\":\"https:\\\/\\\/mesopolhis.fr\\\/evenements-mesopolhis-2\\\/#breadcrumb\",\"itemListElement\":[{\"@type\":\"ListItem\",\"position\":1,\"name\":\"Accueil\",\"item\":\"https:\\\/\\\/mesopolhis.fr\\\/\"},{\"@type\":\"ListItem\",\"position\":2,\"name\":\"Ev\u00e9nements\"}]},{\"@type\":\"WebSite\",\"@id\":\"https:\\\/\\\/mesopolhis.fr\\\/#website\",\"url\":\"https:\\\/\\\/mesopolhis.fr\\\/\",\"name\":\"Mesopolhis\",\"description\":\"Centre m\u00e9diterran\u00e9en de sociologie, de science politique et d&#039;histoire\",\"publisher\":{\"@id\":\"https:\\\/\\\/mesopolhis.fr\\\/#organization\"},\"potentialAction\":[{\"@type\":\"SearchAction\",\"target\":{\"@type\":\"EntryPoint\",\"urlTemplate\":\"https:\\\/\\\/mesopolhis.fr\\\/?s={search_term_string}\"},\"query-input\":{\"@type\":\"PropertyValueSpecification\",\"valueRequired\":true,\"valueName\":\"search_term_string\"}}],\"inLanguage\":\"en-GB\"},{\"@type\":\"Organization\",\"@id\":\"https:\\\/\\\/mesopolhis.fr\\\/#organization\",\"name\":\"Mesopolhis\",\"url\":\"https:\\\/\\\/mesopolhis.fr\\\/\",\"logo\":{\"@type\":\"ImageObject\",\"inLanguage\":\"en-GB\",\"@id\":\"https:\\\/\\\/mesopolhis.fr\\\/#\\\/schema\\\/logo\\\/image\\\/\",\"url\":\"https:\\\/\\\/mesopolhis.fr\\\/wp-content\\\/uploads\\\/2021\\\/12\\\/Logo_MESOPOLHIS_Quadri.png\",\"contentUrl\":\"https:\\\/\\\/mesopolhis.fr\\\/wp-content\\\/uploads\\\/2021\\\/12\\\/Logo_MESOPOLHIS_Quadri.png\",\"width\":264,\"height\":69,\"caption\":\"Mesopolhis\"},\"image\":{\"@id\":\"https:\\\/\\\/mesopolhis.fr\\\/#\\\/schema\\\/logo\\\/image\\\/\"}}]}<\/script>\n<!-- \/ Yoast SEO plugin. -->","yoast_head_json":{"title":"Events - Mesopolhis","robots":{"index":"index","follow":"follow","max-snippet":"max-snippet:-1","max-image-preview":"max-image-preview:large","max-video-preview":"max-video-preview:-1"},"canonical":"https:\/\/mesopolhis.fr\/en\/mesopolhis-2-events\/","og_locale":"en_GB","og_type":"article","og_title":"Ev\u00e9nements - Mesopolhis","og_description":"Accueil &raquo; Ev\u00e9nements \u00c9v\u00e9nements MESOPOLHIS Les rencontres du MESOPOLHIS (2024-2025) S\u00e9minaires G\u00e9n\u00e9raux (2022-2023) Journ\u00e9es d&rsquo;\u00e9tude (2022-2023)","og_url":"https:\/\/mesopolhis.fr\/en\/mesopolhis-2-events\/","og_site_name":"Mesopolhis","article_modified_time":"2025-09-11T09:24:16+00:00","og_image":[{"url":"https:\/\/mesopolhis.fr\/wp-content\/uploads\/2025\/04\/Les-Rencontres-du-Mesopolhis-2024-2025-724x1024.png","type":"","width":"","height":""}],"twitter_card":"summary_large_image","twitter_misc":{"Estimated reading time":"3 minutes"},"schema":{"@context":"https:\/\/schema.org","@graph":[{"@type":"WebPage","@id":"https:\/\/mesopolhis.fr\/evenements-mesopolhis-2\/","url":"https:\/\/mesopolhis.fr\/evenements-mesopolhis-2\/","name":"Events - Mesopolhis","isPartOf":{"@id":"https:\/\/mesopolhis.fr\/#website"},"primaryImageOfPage":{"@id":"https:\/\/mesopolhis.fr\/evenements-mesopolhis-2\/#primaryimage"},"image":{"@id":"https:\/\/mesopolhis.fr\/evenements-mesopolhis-2\/#primaryimage"},"thumbnailUrl":"https:\/\/mesopolhis.fr\/wp-content\/uploads\/2025\/04\/Les-Rencontres-du-Mesopolhis-2024-2025-724x1024.png","datePublished":"2023-03-03T10:55:47+00:00","dateModified":"2025-09-11T09:24:16+00:00","breadcrumb":{"@id":"https:\/\/mesopolhis.fr\/evenements-mesopolhis-2\/#breadcrumb"},"inLanguage":"en-GB","potentialAction":[{"@type":"ReadAction","target":["https:\/\/mesopolhis.fr\/evenements-mesopolhis-2\/"]}]},{"@type":"ImageObject","inLanguage":"en-GB","@id":"https:\/\/mesopolhis.fr\/evenements-mesopolhis-2\/#primaryimage","url":"https:\/\/mesopolhis.fr\/wp-content\/uploads\/2025\/04\/Les-Rencontres-du-Mesopolhis-2024-2025-724x1024.png","contentUrl":"https:\/\/mesopolhis.fr\/wp-content\/uploads\/2025\/04\/Les-Rencontres-du-Mesopolhis-2024-2025-724x1024.png"},{"@type":"BreadcrumbList","@id":"https:\/\/mesopolhis.fr\/evenements-mesopolhis-2\/#breadcrumb","itemListElement":[{"@type":"ListItem","position":1,"name":"Accueil","item":"https:\/\/mesopolhis.fr\/"},{"@type":"ListItem","position":2,"name":"Ev\u00e9nements"}]},{"@type":"WebSite","@id":"https:\/\/mesopolhis.fr\/#website","url":"https:\/\/mesopolhis.fr\/","name":"Mesopolhis","description":"Mediterranean Centre for Sociology, Political Science and History","publisher":{"@id":"https:\/\/mesopolhis.fr\/#organization"},"potentialAction":[{"@type":"SearchAction","target":{"@type":"EntryPoint","urlTemplate":"https:\/\/mesopolhis.fr\/?s={search_term_string}"},"query-input":{"@type":"PropertyValueSpecification","valueRequired":true,"valueName":"search_term_string"}}],"inLanguage":"en-GB"},{"@type":"Organization","@id":"https:\/\/mesopolhis.fr\/#organization","name":"Mesopolhis","url":"https:\/\/mesopolhis.fr\/","logo":{"@type":"ImageObject","inLanguage":"en-GB","@id":"https:\/\/mesopolhis.fr\/#\/schema\/logo\/image\/","url":"https:\/\/mesopolhis.fr\/wp-content\/uploads\/2021\/12\/Logo_MESOPOLHIS_Quadri.png","contentUrl":"https:\/\/mesopolhis.fr\/wp-content\/uploads\/2021\/12\/Logo_MESOPOLHIS_Quadri.png","width":264,"height":69,"caption":"Mesopolhis"},"image":{"@id":"https:\/\/mesopolhis.fr\/#\/schema\/logo\/image\/"}}]}},"_links":{"self":[{"href":"https:\/\/mesopolhis.fr\/en\/wp-json\/wp\/v2\/pages\/32808","targetHints":{"allow":["GET"]}}],"collection":[{"href":"https:\/\/mesopolhis.fr\/en\/wp-json\/wp\/v2\/pages"}],"about":[{"href":"https:\/\/mesopolhis.fr\/en\/wp-json\/wp\/v2\/types\/page"}],"author":[{"embeddable":true,"href":"https:\/\/mesopolhis.fr\/en\/wp-json\/wp\/v2\/users\/4"}],"replies":[{"embeddable":true,"href":"https:\/\/mesopolhis.fr\/en\/wp-json\/wp\/v2\/comments?post=32808"}],"version-history":[{"count":3,"href":"https:\/\/mesopolhis.fr\/en\/wp-json\/wp\/v2\/pages\/32808\/revisions"}],"predecessor-version":[{"id":37960,"href":"https:\/\/mesopolhis.fr\/en\/wp-json\/wp\/v2\/pages\/32808\/revisions\/37960"}],"wp:attachment":[{"href":"https:\/\/mesopolhis.fr\/en\/wp-json\/wp\/v2\/media?parent=32808"}],"curies":[{"name":"wp","href":"https:\/\/api.w.org\/{rel}","templated":true}]}}