{"id":32442,"date":"2023-01-16T09:46:12","date_gmt":"2023-01-16T08:46:12","guid":{"rendered":"https:\/\/mesopolhis.fr\/?page_id=32442"},"modified":"2025-08-22T15:32:21","modified_gmt":"2025-08-22T13:32:21","slug":"permanent-seminar-on-marseillology","status":"publish","type":"page","link":"https:\/\/mesopolhis.fr\/en\/research\/cross-cutting-urban-studies\/permanent-seminar-on-marseillology\/","title":{"rendered":"<strong>Marseillologie\" permanent seminar<\/strong>"},"content":{"rendered":"<nav id=\"breadcrumbs\" aria-label=\"Breadcrumbs\"><a href=\"https:\/\/mesopolhis.fr\/en\/\">Home<\/a> \" <a href=\"https:\/\/mesopolhis.fr\/en\/research\/\">Search<\/a> \" <a href=\"https:\/\/mesopolhis.fr\/en\/research\/cross-cutting-urban-studies\/\">Urban studies\" cross-cutting theme<\/a> \u00bbPermanent Seminar on Marseillology\u00ab<\/nav><h2>\n\t\tMarseillologie\" permanent seminar\n\t<\/h2>\n<h3>\n\t\tSocial and urban transitions in the Marseilles metropolitan area\n\t<\/h3>\n\t<p>The Marseillologie Permanent Seminar is intended as a forum for reflection, exchange and sharing of current and future social science work on Marseilles and its metropolitan area. Its starting point is the proliferation of work by statutory researchers, doctoral students, post-doctoral students, Masters students and freelance sociologists in various social science disciplines (sociology, geography, urban planning, anthropology, history, political science, communication, etc.) on social transitions and transformations in Marseille and its metropolitan area.) on the social and urban transitions and transformations of Marseille and its metropolitan area: gentrification and the cohabitation of different populations in the city, the reshaping of social groups and transformations in urban government methods; political commitments and mobilisations; transitions in transport and mobility; the role of land and property companies in urban government; changes in shops and commercial enterprises in the city; environmental issues; education and school policies, etc. These works and their authors - whether from the metropolitan area or elsewhere - sometimes struggle to be known and recognised, and they are not often interconnected. The role of this seminar would therefore be to fill these gaps, to open up a permanent space for presentation and debate.<\/p>\n<p>&nbsp;<\/p>\n<p><img loading=\"lazy\" decoding=\"async\" src=\"https:\/\/mesopolhis.fr\/wp-content\/uploads\/2023\/01\/istockphoto-490985920-612x612-1-300x200.jpeg\" alt=\"\" width=\"300\" height=\"200\" \/>To speak of \u00abMarseillesology\u00bb is a provocative way of questioning the relevance of the \u00aburban laboratory\u00bb that this city would be at the crossroads between the ordinary and\/or specific nature of this research field. It is a way not only of presenting the progress and results of research carried out in Marseille, but also of encouraging comparative reflection on the social and urban transitions taking place in other French and European metropolises. In most of the thematic seminars, research on other cities and metropolises will be cross-referenced with research on Marseille.<\/p>\n<p>&nbsp;<\/p>\n<p><img loading=\"lazy\" decoding=\"async\" src=\"https:\/\/mesopolhis.fr\/wp-content\/uploads\/2023\/01\/marche-puce-modernisation-quartier-nord-300x210.jpeg\" alt=\"\" width=\"300\" height=\"210\" \/><\/p>\n<p>The purpose of the Marseillologie Permanent Seminar is to share ongoing research on urban and social phenomena between researchers of different levels and disciplines, for the benefit not only of academics, but also of elected representatives and civil servants, associations and the general public.<\/p>\n<p>&nbsp;<\/p>\n<p>Chaperoned by the Observatoire des Villes en Transitions en R\u00e9gion Sud of the Maison M\u00e9diterran\u00e9enne des Sciences de l'Homme, and organised by the Centre M\u00e9diterran\u00e9en de Sociologie, science politique et Histoire (MESOPOLHIS) of Aix-Marseille University (CNRS-science po), the Permanent Seminar will operate on a travelling basis between Aix-en-Provence and Marseille. It proposes to start in the winter of 2022 (November-December) and to have, in its first year of operation, four sessions organised around a half-day thematic seminar lasting 3 hours.<\/p>\n\t\t\t\t<img loading=\"lazy\" decoding=\"async\" src=\"https:\/\/mesopolhis.fr\/wp-content\/uploads\/2023\/01\/bloodua171102567.jpeg\" alt=\"\" height=\"300\" width=\"450\" \/>\n<h3>\n\t\tCalendar 2025-2026 :\n\t<\/h3>\n\t<p>Sessions organised jointly with Axis 4.<\/p>\n<ul>\n<li><a href=\"https:\/\/mesopolhis.fr\/en\/blog\/events\/seminar-axis-4-urban-studies-andre-donzel-marseille-marxist-urban-sociology-and-its-heritage\/\" target=\"_blank\" rel=\"noopener\"><b>Friday 19 December 2025, all day.<\/b><\/a> Presentation of Andr\u00e9 Donzel's book on metropolitan Marseille (<em>Exploring Marseille. From city to metropolis<\/em>PUP, 2025) + seminar on Marxist urban sociology and its legacy<\/li>\n<li><a href=\"https:\/\/mesopolhis.fr\/en\/blog\/events\/seminar-axis-4-urban-studies-social-work-urban-territories-gentrification\/\" target=\"_blank\" rel=\"noopener\"><b>Friday 10 April 2026, all day: progress workshop. <\/b><\/a>H\u00e9l\u00e8ne Jeanmougin: project for a book on the coexistence and cohabitation of different individuals and social groups in large cities undergoing gentrification (Marseille, Palermo, Berlin).<\/li>\n<li><strong>Other dates to come.<\/strong><\/li>\n<\/ul>","protected":false},"excerpt":{"rendered":"<p>Home \u00bb Research \u00bb Cross-disciplinary theme \u00ab Urban studies \u00bb Permanent Seminar on \u00bbMarseillologie\u00ab Permanent Seminar on \u00bbMarseillologie\u00ab Social and urban transitions in the Marseilles metropolitan area The Permanent Seminar on \u00bbMarseillologie\u00ab is intended as a forum for reflection, exchange and sharing of current and future social science work on Marseilles and its surrounding area.<\/p>","protected":false},"author":4,"featured_media":0,"parent":32418,"menu_order":0,"comment_status":"closed","ping_status":"closed","template":"","meta":{"_acf_changed":false,"inline_featured_image":false,"footnotes":""},"class_list":["post-32442","page","type-page","status-publish","hentry"],"acf":[],"yoast_head":"<!-- This site is optimized with the Yoast SEO plugin v27.3 - https:\/\/yoast.com\/product\/yoast-seo-wordpress\/ -->\n<title>S\u00e9minaire Permanent de \u00ab\u00a0Marseillologie\u00a0\u00bb - Mesopolhis<\/title>\n<meta name=\"robots\" content=\"index, follow, max-snippet:-1, max-image-preview:large, max-video-preview:-1\" \/>\n<link rel=\"canonical\" href=\"https:\/\/mesopolhis.fr\/en\/research\/cross-cutting-urban-studies\/permanent-seminar-on-marseillology\/\" \/>\n<meta property=\"og:locale\" content=\"en_GB\" \/>\n<meta property=\"og:type\" content=\"article\" \/>\n<meta property=\"og:title\" content=\"S\u00e9minaire Permanent de \u00ab\u00a0Marseillologie\u00a0\u00bb - Mesopolhis\" \/>\n<meta property=\"og:description\" content=\"Accueil &raquo; Recherche &raquo; Axe transversal\u00a0\u00ab\u00a0\u00c9tudes urbaines\u00a0\u00bb &raquo; S\u00e9minaire Permanent de \u00ab\u00a0Marseillologie\u00a0\u00bb S\u00e9minaire Permanent de \u00ab\u00a0Marseillologie\u00a0\u00bb Transitions sociales et urbaines dans l&rsquo;aire m\u00e9tropolitaine marseillaise Le S\u00e9minaire Permanent de \u00ab Marseillologie \u00bb se veut un lieu de r\u00e9flexion, d&rsquo;\u00e9change et de partage de travaux de sciences sociales en cours et \u00e0 venir sur Marseille et sa&hellip;\" \/>\n<meta property=\"og:url\" content=\"https:\/\/mesopolhis.fr\/en\/research\/cross-cutting-urban-studies\/permanent-seminar-on-marseillology\/\" \/>\n<meta property=\"og:site_name\" content=\"Mesopolhis\" \/>\n<meta property=\"article:modified_time\" content=\"2025-08-22T13:32:21+00:00\" \/>\n<meta property=\"og:image\" content=\"https:\/\/mesopolhis.fr\/wp-content\/uploads\/2023\/01\/istockphoto-490985920-612x612-1-300x200.jpeg\" \/>\n<meta name=\"twitter:card\" content=\"summary_large_image\" \/>\n<meta name=\"twitter:label1\" content=\"Estimated reading time\" \/>\n\t<meta name=\"twitter:data1\" content=\"3 minutes\" \/>\n<script type=\"application\/ld+json\" class=\"yoast-schema-graph\">{\"@context\":\"https:\\\/\\\/schema.org\",\"@graph\":[{\"@type\":\"WebPage\",\"@id\":\"https:\\\/\\\/mesopolhis.fr\\\/recherche\\\/axe-transversal-etudes-urbaines\\\/seminaire-permanent-de-marseillologie\\\/\",\"url\":\"https:\\\/\\\/mesopolhis.fr\\\/recherche\\\/axe-transversal-etudes-urbaines\\\/seminaire-permanent-de-marseillologie\\\/\",\"name\":\"S\u00e9minaire Permanent de \u00ab\u00a0Marseillologie\u00a0\u00bb - Mesopolhis\",\"isPartOf\":{\"@id\":\"https:\\\/\\\/mesopolhis.fr\\\/#website\"},\"primaryImageOfPage\":{\"@id\":\"https:\\\/\\\/mesopolhis.fr\\\/recherche\\\/axe-transversal-etudes-urbaines\\\/seminaire-permanent-de-marseillologie\\\/#primaryimage\"},\"image\":{\"@id\":\"https:\\\/\\\/mesopolhis.fr\\\/recherche\\\/axe-transversal-etudes-urbaines\\\/seminaire-permanent-de-marseillologie\\\/#primaryimage\"},\"thumbnailUrl\":\"https:\\\/\\\/mesopolhis.fr\\\/wp-content\\\/uploads\\\/2023\\\/01\\\/istockphoto-490985920-612x612-1-300x200.jpeg\",\"datePublished\":\"2023-01-16T08:46:12+00:00\",\"dateModified\":\"2025-08-22T13:32:21+00:00\",\"breadcrumb\":{\"@id\":\"https:\\\/\\\/mesopolhis.fr\\\/recherche\\\/axe-transversal-etudes-urbaines\\\/seminaire-permanent-de-marseillologie\\\/#breadcrumb\"},\"inLanguage\":\"en-GB\",\"potentialAction\":[{\"@type\":\"ReadAction\",\"target\":[\"https:\\\/\\\/mesopolhis.fr\\\/recherche\\\/axe-transversal-etudes-urbaines\\\/seminaire-permanent-de-marseillologie\\\/\"]}]},{\"@type\":\"ImageObject\",\"inLanguage\":\"en-GB\",\"@id\":\"https:\\\/\\\/mesopolhis.fr\\\/recherche\\\/axe-transversal-etudes-urbaines\\\/seminaire-permanent-de-marseillologie\\\/#primaryimage\",\"url\":\"https:\\\/\\\/mesopolhis.fr\\\/wp-content\\\/uploads\\\/2023\\\/01\\\/istockphoto-490985920-612x612-1-300x200.jpeg\",\"contentUrl\":\"https:\\\/\\\/mesopolhis.fr\\\/wp-content\\\/uploads\\\/2023\\\/01\\\/istockphoto-490985920-612x612-1-300x200.jpeg\"},{\"@type\":\"BreadcrumbList\",\"@id\":\"https:\\\/\\\/mesopolhis.fr\\\/recherche\\\/axe-transversal-etudes-urbaines\\\/seminaire-permanent-de-marseillologie\\\/#breadcrumb\",\"itemListElement\":[{\"@type\":\"ListItem\",\"position\":1,\"name\":\"Accueil\",\"item\":\"https:\\\/\\\/mesopolhis.fr\\\/\"},{\"@type\":\"ListItem\",\"position\":2,\"name\":\"Recherche\",\"item\":\"https:\\\/\\\/mesopolhis.fr\\\/recherche\\\/\"},{\"@type\":\"ListItem\",\"position\":3,\"name\":\"Axe transversal\u00a0\u00ab\u00a0\u00c9tudes urbaines\u00a0\u00bb\",\"item\":\"https:\\\/\\\/mesopolhis.fr\\\/recherche\\\/axe-transversal-etudes-urbaines\\\/\"},{\"@type\":\"ListItem\",\"position\":4,\"name\":\"S\u00e9minaire Permanent de \u00ab\u00a0Marseillologie\u00a0\u00bb\"}]},{\"@type\":\"WebSite\",\"@id\":\"https:\\\/\\\/mesopolhis.fr\\\/#website\",\"url\":\"https:\\\/\\\/mesopolhis.fr\\\/\",\"name\":\"Mesopolhis\",\"description\":\"Centre m\u00e9diterran\u00e9en de sociologie, de science politique et d&#039;histoire\",\"publisher\":{\"@id\":\"https:\\\/\\\/mesopolhis.fr\\\/#organization\"},\"potentialAction\":[{\"@type\":\"SearchAction\",\"target\":{\"@type\":\"EntryPoint\",\"urlTemplate\":\"https:\\\/\\\/mesopolhis.fr\\\/?s={search_term_string}\"},\"query-input\":{\"@type\":\"PropertyValueSpecification\",\"valueRequired\":true,\"valueName\":\"search_term_string\"}}],\"inLanguage\":\"en-GB\"},{\"@type\":\"Organization\",\"@id\":\"https:\\\/\\\/mesopolhis.fr\\\/#organization\",\"name\":\"Mesopolhis\",\"url\":\"https:\\\/\\\/mesopolhis.fr\\\/\",\"logo\":{\"@type\":\"ImageObject\",\"inLanguage\":\"en-GB\",\"@id\":\"https:\\\/\\\/mesopolhis.fr\\\/#\\\/schema\\\/logo\\\/image\\\/\",\"url\":\"https:\\\/\\\/mesopolhis.fr\\\/wp-content\\\/uploads\\\/2021\\\/12\\\/Logo_MESOPOLHIS_Quadri.png\",\"contentUrl\":\"https:\\\/\\\/mesopolhis.fr\\\/wp-content\\\/uploads\\\/2021\\\/12\\\/Logo_MESOPOLHIS_Quadri.png\",\"width\":264,\"height\":69,\"caption\":\"Mesopolhis\"},\"image\":{\"@id\":\"https:\\\/\\\/mesopolhis.fr\\\/#\\\/schema\\\/logo\\\/image\\\/\"}}]}<\/script>\n<!-- \/ Yoast SEO plugin. -->","yoast_head_json":{"title":"Marseillologie\" permanent seminar - Mesopolhis","robots":{"index":"index","follow":"follow","max-snippet":"max-snippet:-1","max-image-preview":"max-image-preview:large","max-video-preview":"max-video-preview:-1"},"canonical":"https:\/\/mesopolhis.fr\/en\/research\/cross-cutting-urban-studies\/permanent-seminar-on-marseillology\/","og_locale":"en_GB","og_type":"article","og_title":"S\u00e9minaire Permanent de \u00ab\u00a0Marseillologie\u00a0\u00bb - Mesopolhis","og_description":"Accueil &raquo; Recherche &raquo; Axe transversal\u00a0\u00ab\u00a0\u00c9tudes urbaines\u00a0\u00bb &raquo; S\u00e9minaire Permanent de \u00ab\u00a0Marseillologie\u00a0\u00bb S\u00e9minaire Permanent de \u00ab\u00a0Marseillologie\u00a0\u00bb Transitions sociales et urbaines dans l&rsquo;aire m\u00e9tropolitaine marseillaise Le S\u00e9minaire Permanent de \u00ab Marseillologie \u00bb se veut un lieu de r\u00e9flexion, d&rsquo;\u00e9change et de partage de travaux de sciences sociales en cours et \u00e0 venir sur Marseille et sa&hellip;","og_url":"https:\/\/mesopolhis.fr\/en\/research\/cross-cutting-urban-studies\/permanent-seminar-on-marseillology\/","og_site_name":"Mesopolhis","article_modified_time":"2025-08-22T13:32:21+00:00","og_image":[{"url":"https:\/\/mesopolhis.fr\/wp-content\/uploads\/2023\/01\/istockphoto-490985920-612x612-1-300x200.jpeg","type":"","width":"","height":""}],"twitter_card":"summary_large_image","twitter_misc":{"Estimated reading time":"3 minutes"},"schema":{"@context":"https:\/\/schema.org","@graph":[{"@type":"WebPage","@id":"https:\/\/mesopolhis.fr\/recherche\/axe-transversal-etudes-urbaines\/seminaire-permanent-de-marseillologie\/","url":"https:\/\/mesopolhis.fr\/recherche\/axe-transversal-etudes-urbaines\/seminaire-permanent-de-marseillologie\/","name":"Marseillologie\" permanent seminar - Mesopolhis","isPartOf":{"@id":"https:\/\/mesopolhis.fr\/#website"},"primaryImageOfPage":{"@id":"https:\/\/mesopolhis.fr\/recherche\/axe-transversal-etudes-urbaines\/seminaire-permanent-de-marseillologie\/#primaryimage"},"image":{"@id":"https:\/\/mesopolhis.fr\/recherche\/axe-transversal-etudes-urbaines\/seminaire-permanent-de-marseillologie\/#primaryimage"},"thumbnailUrl":"https:\/\/mesopolhis.fr\/wp-content\/uploads\/2023\/01\/istockphoto-490985920-612x612-1-300x200.jpeg","datePublished":"2023-01-16T08:46:12+00:00","dateModified":"2025-08-22T13:32:21+00:00","breadcrumb":{"@id":"https:\/\/mesopolhis.fr\/recherche\/axe-transversal-etudes-urbaines\/seminaire-permanent-de-marseillologie\/#breadcrumb"},"inLanguage":"en-GB","potentialAction":[{"@type":"ReadAction","target":["https:\/\/mesopolhis.fr\/recherche\/axe-transversal-etudes-urbaines\/seminaire-permanent-de-marseillologie\/"]}]},{"@type":"ImageObject","inLanguage":"en-GB","@id":"https:\/\/mesopolhis.fr\/recherche\/axe-transversal-etudes-urbaines\/seminaire-permanent-de-marseillologie\/#primaryimage","url":"https:\/\/mesopolhis.fr\/wp-content\/uploads\/2023\/01\/istockphoto-490985920-612x612-1-300x200.jpeg","contentUrl":"https:\/\/mesopolhis.fr\/wp-content\/uploads\/2023\/01\/istockphoto-490985920-612x612-1-300x200.jpeg"},{"@type":"BreadcrumbList","@id":"https:\/\/mesopolhis.fr\/recherche\/axe-transversal-etudes-urbaines\/seminaire-permanent-de-marseillologie\/#breadcrumb","itemListElement":[{"@type":"ListItem","position":1,"name":"Accueil","item":"https:\/\/mesopolhis.fr\/"},{"@type":"ListItem","position":2,"name":"Recherche","item":"https:\/\/mesopolhis.fr\/recherche\/"},{"@type":"ListItem","position":3,"name":"Axe transversal\u00a0\u00ab\u00a0\u00c9tudes urbaines\u00a0\u00bb","item":"https:\/\/mesopolhis.fr\/recherche\/axe-transversal-etudes-urbaines\/"},{"@type":"ListItem","position":4,"name":"S\u00e9minaire Permanent de \u00ab\u00a0Marseillologie\u00a0\u00bb"}]},{"@type":"WebSite","@id":"https:\/\/mesopolhis.fr\/#website","url":"https:\/\/mesopolhis.fr\/","name":"Mesopolhis","description":"Mediterranean Centre for Sociology, Political Science and History","publisher":{"@id":"https:\/\/mesopolhis.fr\/#organization"},"potentialAction":[{"@type":"SearchAction","target":{"@type":"EntryPoint","urlTemplate":"https:\/\/mesopolhis.fr\/?s={search_term_string}"},"query-input":{"@type":"PropertyValueSpecification","valueRequired":true,"valueName":"search_term_string"}}],"inLanguage":"en-GB"},{"@type":"Organization","@id":"https:\/\/mesopolhis.fr\/#organization","name":"Mesopolhis","url":"https:\/\/mesopolhis.fr\/","logo":{"@type":"ImageObject","inLanguage":"en-GB","@id":"https:\/\/mesopolhis.fr\/#\/schema\/logo\/image\/","url":"https:\/\/mesopolhis.fr\/wp-content\/uploads\/2021\/12\/Logo_MESOPOLHIS_Quadri.png","contentUrl":"https:\/\/mesopolhis.fr\/wp-content\/uploads\/2021\/12\/Logo_MESOPOLHIS_Quadri.png","width":264,"height":69,"caption":"Mesopolhis"},"image":{"@id":"https:\/\/mesopolhis.fr\/#\/schema\/logo\/image\/"}}]}},"_links":{"self":[{"href":"https:\/\/mesopolhis.fr\/en\/wp-json\/wp\/v2\/pages\/32442","targetHints":{"allow":["GET"]}}],"collection":[{"href":"https:\/\/mesopolhis.fr\/en\/wp-json\/wp\/v2\/pages"}],"about":[{"href":"https:\/\/mesopolhis.fr\/en\/wp-json\/wp\/v2\/types\/page"}],"author":[{"embeddable":true,"href":"https:\/\/mesopolhis.fr\/en\/wp-json\/wp\/v2\/users\/4"}],"replies":[{"embeddable":true,"href":"https:\/\/mesopolhis.fr\/en\/wp-json\/wp\/v2\/comments?post=32442"}],"version-history":[{"count":9,"href":"https:\/\/mesopolhis.fr\/en\/wp-json\/wp\/v2\/pages\/32442\/revisions"}],"predecessor-version":[{"id":37753,"href":"https:\/\/mesopolhis.fr\/en\/wp-json\/wp\/v2\/pages\/32442\/revisions\/37753"}],"up":[{"embeddable":true,"href":"https:\/\/mesopolhis.fr\/en\/wp-json\/wp\/v2\/pages\/32418"}],"wp:attachment":[{"href":"https:\/\/mesopolhis.fr\/en\/wp-json\/wp\/v2\/media?parent=32442"}],"curies":[{"name":"wp","href":"https:\/\/api.w.org\/{rel}","templated":true}]}}