{"id":32436,"date":"2023-01-16T09:09:37","date_gmt":"2023-01-16T08:09:37","guid":{"rendered":"https:\/\/mesopolhis.fr\/?page_id=32436"},"modified":"2025-09-17T09:28:05","modified_gmt":"2025-09-17T07:28:05","slug":"atelier-marseille-4-5","status":"publish","type":"page","link":"https:\/\/mesopolhis.fr\/en\/research\/cross-cutting-urban-studies\/atelier-marseille-4-5\/","title":{"rendered":"<strong>L'Atelier Marseille 4-5<\/strong>"},"content":{"rendered":"<nav id=\"breadcrumbs\" aria-label=\"Breadcrumbs\"><a href=\"https:\/\/mesopolhis.fr\/en\/\">Home<\/a> \" <a href=\"https:\/\/mesopolhis.fr\/en\/research\/\">Search<\/a> \" <a href=\"https:\/\/mesopolhis.fr\/en\/research\/cross-cutting-urban-studies\/\">Urban studies\" cross-cutting theme<\/a> &raquo; L&rsquo;Atelier Marseille 4-5<\/nav><h2>\n\t\tL&rsquo;Atelier Marseille 4-5\n\t<\/h2>\n\t<p>L&rsquo;Atelier Marseille 4-5 est une initiative soutenue par le programme europ\u00e9en <a href=\"https:\/\/www.fairville-eu.org\/\" target=\"_blank\" rel=\"noopener\">FAIRVILLE<\/a> : \u00ab\u00a0Coproduire la ville en Europe\u00a0\u00bb et par <a href=\"https:\/\/www.mmsh.fr\/observatoire-villes-en-transitions-ovt\/\" target=\"_blank\" rel=\"noopener\">l&rsquo;Observatoire Villes en transitions<\/a>, des Politiques et des Pratiques Alternatives (Maison M\u00e9diterran\u00e9enne des Sciences de l&rsquo;Homme, Aix Marseille Universit\u00e9-CNRS).<\/p>\n<p>L&rsquo;Atelier a pour vocation d&rsquo;accueillir et de soutenir des pratiques p\u00e9dagogiques et de recherche qui prennent les 4\u00e8me et 5\u00e8me arrondissement de Marseille comme site d&rsquo;\u00e9tude pour interroger le changement politique, social et urbain ; et de mettre ces travaux en dialogue avec le public (habitants et pouvoirs publics) pour favoriser la connaissance et l&rsquo;action collectives. L&rsquo;Atelier est ind\u00e9pendant, m\u00eame s&rsquo;il vise \u00e0 travailler en partenariat avec des acteurs locaux (mairie de secteur, soci\u00e9t\u00e9 civile).<\/p>\n\t\t\t\t<img loading=\"lazy\" decoding=\"async\" src=\"https:\/\/mesopolhis.fr\/wp-content\/uploads\/2023\/01\/1200px-Palais_Longchamp_Marseille.jpeg\" alt=\"Palais_Longchamp Marseille\" height=\"571\" width=\"1200\" title=\"Palais_Longchamp Marseille\" \/>\n<h3>\n\t\t<strong>ITS AIM IS THREEFOLD:<\/strong>\n\t<\/h3>\n\t<p>- <strong>educational<\/strong>, par l&rsquo;implication des \u00e9tudiants dans la production, et la mise en d\u00e9bat des connaissances pertinentes pour l&rsquo;action locale (publique ou collective) &#8211; dans un contexte o\u00f9 l&rsquo;existence d&rsquo;un partenariat et d&rsquo;un projet pluriannuel permettra de s&rsquo;appuyer sur les connaissances et les r\u00e9seaux d\u00e9j\u00e0 construits.<\/p>\n<p>- <strong>research<\/strong>, o\u00f9 il s&rsquo;agit de comprendre et de th\u00e9oriser la conduite du \u00ab\u00a0changement urbain ordinaire\u00a0\u00bb\u00a0: sa fabrique, ses opportunit\u00e9s, ses contraintes, ses modalit\u00e9s, ses limites. Le choix de th\u00e9matiques de recherche pertinent pour les acteurs locaux, la mise en circulation et en d\u00e9bat des r\u00e9sultats, sur plusieurs ann\u00e9es, sont une occasion d&rsquo;observer cette fabrique.<\/p>\n<p>- <strong>une forme d&rsquo;appui \u00e0 l&rsquo;action publique ou collective locale<\/strong>, par la production de connaissances appliqu\u00e9es et critiques sur l&rsquo;action collective et les transformations urbaines locales, leur diffusion et leur mise en d\u00e9bat, entre chercheurs et \u00e9tudiants, soci\u00e9t\u00e9 civile, \u00e9lus et agents territoriaux.<\/p>\n<h3>\n\t\t<strong>QU&rsquo;EST-CE QU&rsquo;UN \u00ab\u00a0ATELIER\u00a0\u00bb ?<\/strong>\n\t<\/h3>\n\t<p>L&rsquo;id\u00e9e de l&rsquo;atelier est de <strong>focus multidisciplinary research and teaching on a local urban area<\/strong> (le 4-5) pendant plusieurs ann\u00e9es, afin de construire sur le temps d&rsquo;une mandature une connaissance fine du territoire, des acteurs (publics, collectifs &amp; associatifs), des institutions et instruments d&rsquo;am\u00e9nagement et d&rsquo;action collective qui s&rsquo;y d\u00e9ploient. Il suppose deux principes\u00a0:<\/p>\n<p>&#8211; La production de connaissances (par les \u00e9tudiants avec leurs enseignants, par les chercheurs) est <strong>thought out in advance with local players<\/strong>and integrates <strong>forms of return<\/strong> au public ou \u00e0 des groupes cibl\u00e9s (\u00e9lus locaux, agents municipaux, associations) &#8211; afin d&rsquo;enrichir le d\u00e9bat collectif. Autrement dit, une forme de restitution <strong>doit explicitement faire partie des travaux d&rsquo;\u00e9tudiants <\/strong>\/ <strong>research<\/strong>, sous un format adapt\u00e9\u00a0: \u00e0 la nature de l&rsquo;objet, de ses publics et aux modalit\u00e9s de sa mise en d\u00e9bat, mais aussi au niveau des \u00e9tudiants, au temps de l&rsquo;enqu\u00eate, \u00e0 leur discipline, \u00e0 l&rsquo;importance du projet Atelier dans le module.<\/p>\n<p>&#8211; Les connaissances produites sont autant que possible mises en circulation et libres d&rsquo;acc\u00e8s, afin de <strong>building a public archive<\/strong> on which to deepen the collective production of knowledge, but also to enable debate and collective reflection. Publicising knowledge in this way requires <strong>important travail d&rsquo;\u00e9dition et de consolidation<\/strong> (pour les meilleurs travaux d&rsquo;\u00e9tudiants), r\u00e9alis\u00e9 par les enseignants et\/ou les coordinateurs de l&rsquo;Atelier, et <strong>their publication, in an adapted format, on various media<\/strong> (website and other public platforms; local newsletters; scientific journals and events).<\/p>\n<p>Pour ce faire, un accompagnement en soutien des cours\/ projets abrit\u00e9s par l&rsquo;Atelier est propos\u00e9 par les coordinateurs &#8211; donn\u00e9es de contexte, th\u00e8mes potentiels pertinents, contacts, formes de restitution possibles, aide \u00e0 l&rsquo;\u00e9dition et la valorisation des travaux (\u00e0 terme, un petit budget pour les \u00e9v\u00e9nements de restitution). <strong>Any project, from the lightest (observation and short survey, statistical file, L1 level) to the most complex<\/strong> (Master, doctorat ou projet de recherche) peut y trouver sa place &#8211; depuis toute institution d&rsquo;enseignement sup\u00e9rieur int\u00e9ress\u00e9 \u00e0 y participer, dans le respect des principes \u00e9nonc\u00e9s ci-dessus.<\/p>\n<h3>\n\t\t<strong>THE 4-5 SECTOR IN MARSEILLE<\/strong>\n\t<\/h3>\n\t<p>Le choix du 4-5\u00e8me arrondissements de Marseille repose d&rsquo;abord sur l&rsquo;existence de liens avec des \u00e9lus et des associations du secteur, qui rendent pertinent l&rsquo;exercice de cette recherche engag\u00e9e. L&rsquo;int\u00e9r\u00eat de cet espace pour un Atelier est double\u00a0:<\/p>\n<p>&#8211; C&rsquo;est un secteur socialement diversifi\u00e9, recouvrant des quartiers de classes moyennes au sud (Baille, Conception), des quartiers en voie de gentrification (Camas, Cinq Avenues), et des quartiers plus populaires au nord et \u00e0 l&rsquo;est (Saint-Pierre, Blancarde, Chartreux, Chutes Lavie). Il inclut quelques grands \u00e9quipements, parfois enjeux d&rsquo;interventions locales : le Parc Longchamp, la gare de la Blancarde, l&rsquo;Hopital de la Timone, le d\u00e9bouch\u00e9 du canal de Marseille.<\/p>\n<p>&#8211; Ce secteur, un des piliers \u00e9lectoraux du Printemps Marseillais, est dirig\u00e9 par Didier Jau (EELV). La mairie ambitionne d&rsquo;y mener des projets pilotes de la transition, en termes d&rsquo;am\u00e9lioration du cadre de vie, de v\u00e9g\u00e9talisation, de d\u00e9simperm\u00e9abilisation des sols, d&rsquo;\u00e9conomie sociale et solidaire, de coh\u00e9sion sociale et de d\u00e9mocratie locale.<\/p>\n<p>L&rsquo;id\u00e9e pour les enseignants-chercheurs est de <strong>working on the making of \"ordinary\" transitions<\/strong>This is a socially mixed neighbourhood, run by a proactive local authority team and an active community network, working on everyday spaces and practices rather than on major projects.<\/p>\n\t\t\t\t<img loading=\"lazy\" decoding=\"async\" src=\"https:\/\/mesopolhis.fr\/wp-content\/uploads\/2023\/01\/Capture-decran-2023-01-16-a-09.32.32.png\" alt=\"Capture d'e\u0301cran 2023-01-16 a\u0300 09.32.32\" height=\"512\" width=\"554\" title=\"Capture d'e\u0301cran 2023-01-16 a\u0300 09.32.32\" \/>\n\t<p><strong>Research activities<\/strong>\u00a0:<\/p>\n<ul>\n<li>Four themes were developed and fed by numerous field surveys: Public Spaces, Social Mixing, Ecological Transition and Local Democracy.<\/li>\n<li>Des publications sont en cours, 2025-2026 est l&rsquo;ann\u00e9e de leur consolidation. Des s\u00e9minaires sont organis\u00e9s pour les mettre en d\u00e9bat : contact Mathilde Jourdam-Boutin<\/li>\n<\/ul>\n\t\t\t<a href=\"https:\/\/atelier4-5.mmsh.fr\/\" target=\"_blank\" rel=\"noopener\">\n\t\t\t\t\t\t\tPour plus d&rsquo;informations, voir le site de l&rsquo;Atelier\n\t\t\t\t\t<\/a>\n\t<p><strong>Coordination<\/strong>\u00a0:<\/p>\n<p><strong>Claire B\u00e9nit<\/strong>\u00a0est ma\u00eetresse de conf\u00e9rences en urbanisme, D\u00e9partement de G\u00e9ographie Am\u00e9nagement Environnement, Aix Marseillle Universit\u00e9 ; et chercheur au MESOPOLHIS (CNRS-Sciences Po-AMU). Elle a une longue exp\u00e9rience de la recherche collective et participative, ayant coordonn\u00e9 plusieurs types de partenariats similaires \u00e0 Johannesburg, depuis l&rsquo;Universit\u00e9 de Wits, comme le Yeoville Studio (www.wits.ac.za\/yeovillestudio), ou le partenariat avec l&rsquo;agence municipale des Parcs et Jardins \u00e0 Johannesburg.<\/p>\n<p><strong>Cesare Mattina<\/strong> is a lecturer in Sociology at Aix Marseille University, and a researcher at MESOPOLHIS (CNRS-Sciences Po-AMU). For a long time he has worked in Marseille, taking a localised approach to politics (clientelism, city government, local elected representatives), where for several years he has been developing field workshops with undergraduate and postgraduate students.<\/p>\n<p><strong>Etienne Ballan<\/strong>, sociologue et urbaniste, est enseignant \u00e0 l&rsquo;Ecole Nationale Sup\u00e9rieure du Paysage (ENSP) \u00e0 Marseille. Il coordonne depuis plusieurs ann\u00e9es des ateliers dans le secteur du 4-5 avec ses \u00e9tudiants de Master. Cofondateur de l&rsquo;association Ar\u00e8nes \u00e0 Marseille, Pr\u00e9sident de la Commission Particuli\u00e8re du D\u00e9bat Public (CPDP), il a une grande exp\u00e9rience de la conduite du changement urbain, de la transition \u00e9cologique et de la d\u00e9mocratie participative, \u00e0 Marseille et ailleurs.<\/p>\n<p><b>Mathilde Jourdam-Boutin<\/b>, g\u00e9ographe, vient de soutenir sa th\u00e8se sur N\u00e9olib\u00e9ralisme et fabrique du logement priv\u00e9 \u00e0 Yaound\u00e9 (Universit\u00e9 Paris I). Associ\u00e9e au MESOPOLHIS, elle a \u00e9t\u00e9 ing\u00e9nieure de recherche (2024-25) et est pour 2025-26 post-doctorante au sein du programme europ\u00e9en FAIRVILLE (coproduction de la ville face aux in\u00e9galit\u00e9s et aux crises d\u00e9mocratiques en Europe), dont fait partie l&rsquo;Atelier Marseille 4-5. Elle s&rsquo;occupe de la valorisation et diffusion des r\u00e9sultats de l&rsquo;Atelier, a organis\u00e9 \u00ab\u00a04-5 s\u00e9minaires sur l&rsquo;Atelier 4-5\u00a0\u00bb, et s&rsquo;int\u00e9resse aux questions de p\u00e9dagogies dans le cadre de l&rsquo;Atelier.<\/p>\n\t<p><strong>Contacts: <\/strong><a href=\"mailto:claire.BENIT@univ-amu.fr\">claire.BENIT@univ-amu.fr<\/a> \/ <a href=\"mailto:cesare.mattina@univ-amu.fr\">cesare.mattina@univ-amu.fr<\/a> \/ <a href=\"mailto:etienne.ballan@mail.fr\">etienne.ballan@mail.fr<\/a> \/ <a href=\"mailto:m.jourdamboutin@gmail.com\">m.jourdamboutin@gmail.com<\/a><\/p>","protected":false},"excerpt":{"rendered":"<p>Accueil &raquo; Recherche &raquo; Axe transversal\u00a0\u00ab\u00a0\u00c9tudes urbaines\u00a0\u00bb &raquo; L&rsquo;Atelier Marseille 4-5 L&rsquo;Atelier Marseille 4-5 L&rsquo;Atelier Marseille 4-5 est une initiative soutenue par le programme europ\u00e9en FAIRVILLE : \u00ab\u00a0Coproduire la ville en Europe\u00a0\u00bb et par l&rsquo;Observatoire Villes en transitions, des Politiques et des Pratiques Alternatives (Maison M\u00e9diterran\u00e9enne des Sciences de l&rsquo;Homme, Aix Marseille Universit\u00e9-CNRS). L&rsquo;Atelier a&hellip;<\/p>","protected":false},"author":4,"featured_media":0,"parent":32418,"menu_order":0,"comment_status":"closed","ping_status":"closed","template":"","meta":{"_acf_changed":false,"inline_featured_image":false,"footnotes":""},"class_list":["post-32436","page","type-page","status-publish","hentry"],"acf":[],"yoast_head":"<!-- This site is optimized with the Yoast SEO plugin v27.3 - https:\/\/yoast.com\/product\/yoast-seo-wordpress\/ -->\n<title>L\u2019Atelier Marseille 4-5 - Mesopolhis<\/title>\n<meta name=\"robots\" content=\"index, follow, max-snippet:-1, max-image-preview:large, max-video-preview:-1\" \/>\n<link rel=\"canonical\" href=\"https:\/\/mesopolhis.fr\/en\/research\/cross-cutting-urban-studies\/atelier-marseille-4-5\/\" \/>\n<meta property=\"og:locale\" content=\"en_GB\" \/>\n<meta property=\"og:type\" content=\"article\" \/>\n<meta property=\"og:title\" content=\"L\u2019Atelier Marseille 4-5 - Mesopolhis\" \/>\n<meta property=\"og:description\" content=\"Accueil &raquo; Recherche &raquo; Axe transversal\u00a0\u00ab\u00a0\u00c9tudes urbaines\u00a0\u00bb &raquo; L&rsquo;Atelier Marseille 4-5 L&rsquo;Atelier Marseille 4-5 L&rsquo;Atelier Marseille 4-5 est une initiative soutenue par le programme europ\u00e9en FAIRVILLE : \u00ab\u00a0Coproduire la ville en Europe\u00a0\u00bb et par l&rsquo;Observatoire Villes en transitions, des Politiques et des Pratiques Alternatives (Maison M\u00e9diterran\u00e9enne des Sciences de l&rsquo;Homme, Aix Marseille Universit\u00e9-CNRS). L&rsquo;Atelier a&hellip;\" \/>\n<meta property=\"og:url\" content=\"https:\/\/mesopolhis.fr\/en\/research\/cross-cutting-urban-studies\/atelier-marseille-4-5\/\" \/>\n<meta property=\"og:site_name\" content=\"Mesopolhis\" \/>\n<meta property=\"article:modified_time\" content=\"2025-09-17T07:28:05+00:00\" \/>\n<meta property=\"og:image\" content=\"https:\/\/mesopolhis.fr\/wp-content\/uploads\/2023\/01\/1200px-Palais_Longchamp_Marseille.jpeg\" \/>\n<meta name=\"twitter:card\" content=\"summary_large_image\" \/>\n<meta name=\"twitter:label1\" content=\"Estimated reading time\" \/>\n\t<meta name=\"twitter:data1\" content=\"6 minutes\" \/>\n<script type=\"application\/ld+json\" class=\"yoast-schema-graph\">{\"@context\":\"https:\\\/\\\/schema.org\",\"@graph\":[{\"@type\":\"WebPage\",\"@id\":\"https:\\\/\\\/mesopolhis.fr\\\/recherche\\\/axe-transversal-etudes-urbaines\\\/atelier-marseille-4-5\\\/\",\"url\":\"https:\\\/\\\/mesopolhis.fr\\\/recherche\\\/axe-transversal-etudes-urbaines\\\/atelier-marseille-4-5\\\/\",\"name\":\"L\u2019Atelier Marseille 4-5 - Mesopolhis\",\"isPartOf\":{\"@id\":\"https:\\\/\\\/mesopolhis.fr\\\/#website\"},\"primaryImageOfPage\":{\"@id\":\"https:\\\/\\\/mesopolhis.fr\\\/recherche\\\/axe-transversal-etudes-urbaines\\\/atelier-marseille-4-5\\\/#primaryimage\"},\"image\":{\"@id\":\"https:\\\/\\\/mesopolhis.fr\\\/recherche\\\/axe-transversal-etudes-urbaines\\\/atelier-marseille-4-5\\\/#primaryimage\"},\"thumbnailUrl\":\"https:\\\/\\\/mesopolhis.fr\\\/wp-content\\\/uploads\\\/2023\\\/01\\\/1200px-Palais_Longchamp_Marseille.jpeg\",\"datePublished\":\"2023-01-16T08:09:37+00:00\",\"dateModified\":\"2025-09-17T07:28:05+00:00\",\"breadcrumb\":{\"@id\":\"https:\\\/\\\/mesopolhis.fr\\\/recherche\\\/axe-transversal-etudes-urbaines\\\/atelier-marseille-4-5\\\/#breadcrumb\"},\"inLanguage\":\"en-GB\",\"potentialAction\":[{\"@type\":\"ReadAction\",\"target\":[\"https:\\\/\\\/mesopolhis.fr\\\/recherche\\\/axe-transversal-etudes-urbaines\\\/atelier-marseille-4-5\\\/\"]}]},{\"@type\":\"ImageObject\",\"inLanguage\":\"en-GB\",\"@id\":\"https:\\\/\\\/mesopolhis.fr\\\/recherche\\\/axe-transversal-etudes-urbaines\\\/atelier-marseille-4-5\\\/#primaryimage\",\"url\":\"https:\\\/\\\/mesopolhis.fr\\\/wp-content\\\/uploads\\\/2023\\\/01\\\/1200px-Palais_Longchamp_Marseille.jpeg\",\"contentUrl\":\"https:\\\/\\\/mesopolhis.fr\\\/wp-content\\\/uploads\\\/2023\\\/01\\\/1200px-Palais_Longchamp_Marseille.jpeg\"},{\"@type\":\"BreadcrumbList\",\"@id\":\"https:\\\/\\\/mesopolhis.fr\\\/recherche\\\/axe-transversal-etudes-urbaines\\\/atelier-marseille-4-5\\\/#breadcrumb\",\"itemListElement\":[{\"@type\":\"ListItem\",\"position\":1,\"name\":\"Accueil\",\"item\":\"https:\\\/\\\/mesopolhis.fr\\\/\"},{\"@type\":\"ListItem\",\"position\":2,\"name\":\"Recherche\",\"item\":\"https:\\\/\\\/mesopolhis.fr\\\/recherche\\\/\"},{\"@type\":\"ListItem\",\"position\":3,\"name\":\"Axe transversal\u00a0\u00ab\u00a0\u00c9tudes urbaines\u00a0\u00bb\",\"item\":\"https:\\\/\\\/mesopolhis.fr\\\/recherche\\\/axe-transversal-etudes-urbaines\\\/\"},{\"@type\":\"ListItem\",\"position\":4,\"name\":\"L\u2019Atelier Marseille 4-5\"}]},{\"@type\":\"WebSite\",\"@id\":\"https:\\\/\\\/mesopolhis.fr\\\/#website\",\"url\":\"https:\\\/\\\/mesopolhis.fr\\\/\",\"name\":\"Mesopolhis\",\"description\":\"Centre m\u00e9diterran\u00e9en de sociologie, de science politique et d&#039;histoire\",\"publisher\":{\"@id\":\"https:\\\/\\\/mesopolhis.fr\\\/#organization\"},\"potentialAction\":[{\"@type\":\"SearchAction\",\"target\":{\"@type\":\"EntryPoint\",\"urlTemplate\":\"https:\\\/\\\/mesopolhis.fr\\\/?s={search_term_string}\"},\"query-input\":{\"@type\":\"PropertyValueSpecification\",\"valueRequired\":true,\"valueName\":\"search_term_string\"}}],\"inLanguage\":\"en-GB\"},{\"@type\":\"Organization\",\"@id\":\"https:\\\/\\\/mesopolhis.fr\\\/#organization\",\"name\":\"Mesopolhis\",\"url\":\"https:\\\/\\\/mesopolhis.fr\\\/\",\"logo\":{\"@type\":\"ImageObject\",\"inLanguage\":\"en-GB\",\"@id\":\"https:\\\/\\\/mesopolhis.fr\\\/#\\\/schema\\\/logo\\\/image\\\/\",\"url\":\"https:\\\/\\\/mesopolhis.fr\\\/wp-content\\\/uploads\\\/2021\\\/12\\\/Logo_MESOPOLHIS_Quadri.png\",\"contentUrl\":\"https:\\\/\\\/mesopolhis.fr\\\/wp-content\\\/uploads\\\/2021\\\/12\\\/Logo_MESOPOLHIS_Quadri.png\",\"width\":264,\"height\":69,\"caption\":\"Mesopolhis\"},\"image\":{\"@id\":\"https:\\\/\\\/mesopolhis.fr\\\/#\\\/schema\\\/logo\\\/image\\\/\"}}]}<\/script>\n<!-- \/ Yoast SEO plugin. -->","yoast_head_json":{"title":"L'Atelier Marseille 4-5 - Mesopolhis","robots":{"index":"index","follow":"follow","max-snippet":"max-snippet:-1","max-image-preview":"max-image-preview:large","max-video-preview":"max-video-preview:-1"},"canonical":"https:\/\/mesopolhis.fr\/en\/research\/cross-cutting-urban-studies\/atelier-marseille-4-5\/","og_locale":"en_GB","og_type":"article","og_title":"L\u2019Atelier Marseille 4-5 - Mesopolhis","og_description":"Accueil &raquo; Recherche &raquo; Axe transversal\u00a0\u00ab\u00a0\u00c9tudes urbaines\u00a0\u00bb &raquo; L&rsquo;Atelier Marseille 4-5 L&rsquo;Atelier Marseille 4-5 L&rsquo;Atelier Marseille 4-5 est une initiative soutenue par le programme europ\u00e9en FAIRVILLE : \u00ab\u00a0Coproduire la ville en Europe\u00a0\u00bb et par l&rsquo;Observatoire Villes en transitions, des Politiques et des Pratiques Alternatives (Maison M\u00e9diterran\u00e9enne des Sciences de l&rsquo;Homme, Aix Marseille Universit\u00e9-CNRS). L&rsquo;Atelier a&hellip;","og_url":"https:\/\/mesopolhis.fr\/en\/research\/cross-cutting-urban-studies\/atelier-marseille-4-5\/","og_site_name":"Mesopolhis","article_modified_time":"2025-09-17T07:28:05+00:00","og_image":[{"url":"https:\/\/mesopolhis.fr\/wp-content\/uploads\/2023\/01\/1200px-Palais_Longchamp_Marseille.jpeg","type":"","width":"","height":""}],"twitter_card":"summary_large_image","twitter_misc":{"Estimated reading time":"6 minutes"},"schema":{"@context":"https:\/\/schema.org","@graph":[{"@type":"WebPage","@id":"https:\/\/mesopolhis.fr\/recherche\/axe-transversal-etudes-urbaines\/atelier-marseille-4-5\/","url":"https:\/\/mesopolhis.fr\/recherche\/axe-transversal-etudes-urbaines\/atelier-marseille-4-5\/","name":"L'Atelier Marseille 4-5 - Mesopolhis","isPartOf":{"@id":"https:\/\/mesopolhis.fr\/#website"},"primaryImageOfPage":{"@id":"https:\/\/mesopolhis.fr\/recherche\/axe-transversal-etudes-urbaines\/atelier-marseille-4-5\/#primaryimage"},"image":{"@id":"https:\/\/mesopolhis.fr\/recherche\/axe-transversal-etudes-urbaines\/atelier-marseille-4-5\/#primaryimage"},"thumbnailUrl":"https:\/\/mesopolhis.fr\/wp-content\/uploads\/2023\/01\/1200px-Palais_Longchamp_Marseille.jpeg","datePublished":"2023-01-16T08:09:37+00:00","dateModified":"2025-09-17T07:28:05+00:00","breadcrumb":{"@id":"https:\/\/mesopolhis.fr\/recherche\/axe-transversal-etudes-urbaines\/atelier-marseille-4-5\/#breadcrumb"},"inLanguage":"en-GB","potentialAction":[{"@type":"ReadAction","target":["https:\/\/mesopolhis.fr\/recherche\/axe-transversal-etudes-urbaines\/atelier-marseille-4-5\/"]}]},{"@type":"ImageObject","inLanguage":"en-GB","@id":"https:\/\/mesopolhis.fr\/recherche\/axe-transversal-etudes-urbaines\/atelier-marseille-4-5\/#primaryimage","url":"https:\/\/mesopolhis.fr\/wp-content\/uploads\/2023\/01\/1200px-Palais_Longchamp_Marseille.jpeg","contentUrl":"https:\/\/mesopolhis.fr\/wp-content\/uploads\/2023\/01\/1200px-Palais_Longchamp_Marseille.jpeg"},{"@type":"BreadcrumbList","@id":"https:\/\/mesopolhis.fr\/recherche\/axe-transversal-etudes-urbaines\/atelier-marseille-4-5\/#breadcrumb","itemListElement":[{"@type":"ListItem","position":1,"name":"Accueil","item":"https:\/\/mesopolhis.fr\/"},{"@type":"ListItem","position":2,"name":"Recherche","item":"https:\/\/mesopolhis.fr\/recherche\/"},{"@type":"ListItem","position":3,"name":"Axe transversal\u00a0\u00ab\u00a0\u00c9tudes urbaines\u00a0\u00bb","item":"https:\/\/mesopolhis.fr\/recherche\/axe-transversal-etudes-urbaines\/"},{"@type":"ListItem","position":4,"name":"L\u2019Atelier Marseille 4-5"}]},{"@type":"WebSite","@id":"https:\/\/mesopolhis.fr\/#website","url":"https:\/\/mesopolhis.fr\/","name":"Mesopolhis","description":"Mediterranean Centre for Sociology, Political Science and History","publisher":{"@id":"https:\/\/mesopolhis.fr\/#organization"},"potentialAction":[{"@type":"SearchAction","target":{"@type":"EntryPoint","urlTemplate":"https:\/\/mesopolhis.fr\/?s={search_term_string}"},"query-input":{"@type":"PropertyValueSpecification","valueRequired":true,"valueName":"search_term_string"}}],"inLanguage":"en-GB"},{"@type":"Organization","@id":"https:\/\/mesopolhis.fr\/#organization","name":"Mesopolhis","url":"https:\/\/mesopolhis.fr\/","logo":{"@type":"ImageObject","inLanguage":"en-GB","@id":"https:\/\/mesopolhis.fr\/#\/schema\/logo\/image\/","url":"https:\/\/mesopolhis.fr\/wp-content\/uploads\/2021\/12\/Logo_MESOPOLHIS_Quadri.png","contentUrl":"https:\/\/mesopolhis.fr\/wp-content\/uploads\/2021\/12\/Logo_MESOPOLHIS_Quadri.png","width":264,"height":69,"caption":"Mesopolhis"},"image":{"@id":"https:\/\/mesopolhis.fr\/#\/schema\/logo\/image\/"}}]}},"_links":{"self":[{"href":"https:\/\/mesopolhis.fr\/en\/wp-json\/wp\/v2\/pages\/32436","targetHints":{"allow":["GET"]}}],"collection":[{"href":"https:\/\/mesopolhis.fr\/en\/wp-json\/wp\/v2\/pages"}],"about":[{"href":"https:\/\/mesopolhis.fr\/en\/wp-json\/wp\/v2\/types\/page"}],"author":[{"embeddable":true,"href":"https:\/\/mesopolhis.fr\/en\/wp-json\/wp\/v2\/users\/4"}],"replies":[{"embeddable":true,"href":"https:\/\/mesopolhis.fr\/en\/wp-json\/wp\/v2\/comments?post=32436"}],"version-history":[{"count":2,"href":"https:\/\/mesopolhis.fr\/en\/wp-json\/wp\/v2\/pages\/32436\/revisions"}],"predecessor-version":[{"id":38041,"href":"https:\/\/mesopolhis.fr\/en\/wp-json\/wp\/v2\/pages\/32436\/revisions\/38041"}],"up":[{"embeddable":true,"href":"https:\/\/mesopolhis.fr\/en\/wp-json\/wp\/v2\/pages\/32418"}],"wp:attachment":[{"href":"https:\/\/mesopolhis.fr\/en\/wp-json\/wp\/v2\/media?parent=32436"}],"curies":[{"name":"wp","href":"https:\/\/api.w.org\/{rel}","templated":true}]}}