{"id":32418,"date":"2023-01-11T11:28:31","date_gmt":"2023-01-11T10:28:31","guid":{"rendered":"https:\/\/mesopolhis.fr\/?page_id=32418"},"modified":"2025-12-17T14:59:19","modified_gmt":"2025-12-17T13:59:19","slug":"cross-cutting-urban-studies","status":"publish","type":"page","link":"https:\/\/mesopolhis.fr\/en\/research\/cross-cutting-urban-studies\/","title":{"rendered":"Urban studies\" cross-cutting theme"},"content":{"rendered":"<nav id=\"breadcrumbs\" aria-label=\"Breadcrumbs\"><a href=\"https:\/\/mesopolhis.fr\/en\/\">Home<\/a> \" <a href=\"https:\/\/mesopolhis.fr\/en\/research\/\">Search<\/a> &raquo; Axe transversal\u00a0\u00ab\u00a0\u00c9tudes urbaines\u00a0\u00bb<\/nav><h1>\n\t\tUrban studies\" cross-cutting theme <br \/> Spatialised social groups, local institutions and urban policies\n\t<\/h1>\n\t\t\t\t\t\t\t\t\t<img loading=\"lazy\" decoding=\"async\" src=\"https:\/\/mesopolhis.fr\/wp-content\/uploads\/2024\/10\/city.png\" alt=\"city\" itemprop=\"image\" height=\"512\" width=\"512\" srcset=\"https:\/\/mesopolhis.fr\/wp-content\/uploads\/2024\/10\/city.png 512w, https:\/\/mesopolhis.fr\/wp-content\/uploads\/2024\/10\/city-300x300.png 300w, https:\/\/mesopolhis.fr\/wp-content\/uploads\/2024\/10\/city-150x150.png 150w\" sizes=\"auto, (max-width: 512px) 100vw, 512px\" title=\"city\" onerror=\"this.style.display='none'\"  \/>\n\t<p><strong>Coordinated by <\/strong><\/p>\n<p><strong><a href=\"http:\/\/Axe coordonn\u00e9 par Claire B\u00e9nit-Gbaffou &amp; Cesare Mattina\">Claire B\u00e9nit<\/a><\/strong><\/p>\n<p>L&rsquo;axe transversal \u00ab \u00c9tudes urbaines \u00bb vise \u00e0 f\u00e9d\u00e9rer des chercheurs et chercheuses du MESOPOLHIS qui, dans les diff\u00e9rents axes, d\u00e9veloppent, centralement ou de fa\u00e7on incidente, des recherches sur la ville ou sur des objets urbains. L&rsquo;identit\u00e9 multidisciplinaire du laboratoire (qui regroupe sociologues, politistes, historiens, urbanistes, g\u00e9ographes, d\u00e9mographes) ; l&rsquo;ancrage de diff\u00e9rentes traditions d&rsquo;\u00e9tudes locales et politiques (chez les politistes, l&rsquo;analyse localis\u00e9e du politique ; chez les sociologues, celle des dynamiques sociales urbaines, et l&rsquo;h\u00e9ritage d&rsquo;un atelier collectif marseillais), nous incitent aujourd&rsquo;hui \u00e0 proposer cet espace o\u00f9 croiser les approches disciplinaires autour de la ville et de la question du pouvoir.<\/p>\n\t<p>&nbsp;<\/p>\n<p>&nbsp;<\/p>\n<p>&nbsp;<\/p>\n\t\t\t\t<img loading=\"lazy\" decoding=\"async\" src=\"https:\/\/mesopolhis.fr\/wp-content\/uploads\/2023\/01\/Capture-decran-2023-01-17-a-15.07.54-684x1024.png\" alt=\"Capture d'e\u0301cran 2023-01-17 a\u0300 15.07.54\" itemprop=\"image\" height=\"1024\" width=\"684\" title=\"Capture d'e\u0301cran 2023-01-17 a\u0300 15.07.54\" onerror=\"this.style.display='none'\"  \/>\n\t\t\t <p>Le c\u0153ur de l&rsquo;analyse de cet axe, et son originalit\u00e9 \u00e0 l&rsquo;\u00e9chelle des laboratoires de recherche nationaux travaillant sur l&rsquo;urbain, est de tenir ensemble trois approches permettant d&rsquo;analyser la question du pouvoir en ville, dans la ville, et sur la ville\u00a0:<\/p><ul><li>L&rsquo;analyse des groupes sociaux, leurs distributions et leurs ancrages spatiaux, leurs alliances, c\u00f4toiements et rivalit\u00e9s dans l&rsquo;espace urbain ;<\/li><li>L&rsquo;analyse des batailles politiques, partisanes ou institutionnelles pour gouverner la ville : les acteurs, les enjeux, les sites et les objets<\/li><li>L&rsquo;analyse des politiques mises en \u0153uvre dans l&rsquo;espace urbain par des institutions publiques \u00e0 diff\u00e9rentes \u00e9chelles : leur g\u00e9n\u00e9alogie, leurs instruments et leurs effets spatiaux.<\/li><\/ul>\t\t\n\t<p>Ces approches demeurent souvent disjointes, ou associ\u00e9es seulement deux \u00e0 deux, du fait de leur ancrage disciplinaire dominant (respectivement, la sociologie, la g\u00e9ographie et l&rsquo;anthropologie urbaines pour la premi\u00e8re, la science politique pour la seconde, l&rsquo;urbanisme pour la troisi\u00e8me). <strong>Un dialogue fructueux au sein du laboratoire, \u00e0 l&rsquo;Universit\u00e9 d&rsquo;Aix Marseille et au-del\u00e0, a commenc\u00e9 \u00e0 se mettre en place au travers de diff\u00e9rentes initiatives prenant la ville comme objet de recherche, parfois appuy\u00e9es sur des projets p\u00e9dagogiques, et tentant de tenir ensemble ces trois dimensions.<\/strong><\/p>\n\t<p>Cet axe transversal s&rsquo;adosse principalement aux <strong>axes 4 \"Socio-spatial dynamics and political mobilisation\" and 6 \"Norms, deviances, knowledge of government\".<\/strong> du laboratoire. Il est structur\u00e9 en plusieurs initiatives, de nature et de temporalit\u00e9s diverses, et est ouvert aux propositions des coll\u00e8gues qui souhaitent s&rsquo;y inscrire.<\/p>\n\t<h3><strong>1 &#8211; L&rsquo; Atelier de Lecture \u00ab Gouverner la ville \u00bb <\/strong><\/h3>\n<p>&nbsp;<\/p>\n<p>L&rsquo; Atelier de Lecture \u00ab Gouverner la ville \u00bb propose des d\u00e9bats autour de lectures approfondies, collectives et r\u00e9guli\u00e8res sur des corpus de textes autour de th\u00e9matiques choisies chaque ann\u00e9e.<\/p>\n<strong>2025-2026. Institutional activism and the making of the city\u00a0<\/strong><br \/>\n<a href=\"https:\/\/mesopolhis.fr\/en\/research\/reading-workshop-governing-the-city\/\">See presentation of the theme and programme of sessions<\/a><br \/>\nCoordination : <a href=\"https:\/\/mesopolhis.fr\/en\/blog\/members\/benit-gbaffou-claire\/\">Claire B\u00e9nit<\/a> and Alice Daquin\n<strong>2021-2022. Who governs the city? Community power studies in the United States and elsewhere\u00a0<\/strong><br \/>\n<a href=\"https:\/\/mesopolhis.fr\/en\/research\/cross-cutting-urban-studies\/archives-reading-workshop-governing-the-city\/\">See presentation of the theme and session reports<\/a>\n\t\t\t<a href=\"https:\/\/mesopolhis.fr\/en\/research\/cross-cutting-urban-studies\/reading-workshop-governing-the-city\/\" target=\"_blank\" rel=\"noopener\">\n\t\t\t\t\t\t\tEn savoir plus sur l&rsquo; Atelier de Lecture \u00ab Gouverner la ville \u00bb\n\t\t\t\t\t<\/a>\n\t<h3><strong>2 &#8211; Les Ateliers Urbains<\/strong><\/h3>\n<p>&nbsp;<\/p>\n<p>The Ateliers Urbains organise joint field research on a chosen area and theme for a period of three years, in interaction with local stakeholders. As applied educational and research initiatives, they involve students from a range of disciplines and various forms of public debate.<\/p>\n<p><strong>2022-2026.<\/strong> A first edition of these urban workshops was organised under the name<strong> \"Marseille 4-5 Workshop<\/strong>in the 4<sup>e<\/sup> and 5<sup>e<\/sup> arrondissements de Marseille, en dialogue avec la mairie de secteur, sur le th\u00e8me \u00ab\u00a0Fabrique de l&rsquo;action publique locale en milieu urbain\u00a0\u00bb. Apr\u00e8s trois ann\u00e9es de terrain (2023-2025), nous consacrons cette ann\u00e9e (2026) \u00e0 la <strong>consolidation scientifique des r\u00e9sultats de l&rsquo;enqu\u00eate<\/strong>.<\/p>\n<p>Coordination 2025-2026 : <a href=\"https:\/\/mesopolhis.fr\/en\/blog\/members\/benit-gbaffou-claire\/\">Claire B\u00e9nit<\/a>, <a href=\"https:\/\/mesopolhis.fr\/en\/blog\/members\/mattina-cesare\/\">Cesare Mattina<\/a> and Mathilde Jourdam Boutin<\/p>\n\t\t\t<a href=\"https:\/\/mesopolhis.fr\/en\/research\/cross-cutting-urban-studies\/atelier-marseille-4-5\/\" target=\"_blank\" rel=\"noopener\">\n\t\t\t\t\t\t\tEn savoir plus sur l&rsquo;Atelier Marseille 4-5\n\t\t\t\t\t<\/a>\n\t\t\t\t<a href=\"https:\/\/atelier4-5.mmsh.fr\/\" target=\"_blank\" rel=\"noopener\"  itemprop=\"url\">\n\t\t\t\t<img loading=\"lazy\" decoding=\"async\" src=\"https:\/\/mesopolhis.fr\/wp-content\/uploads\/2023\/10\/Capture-decran-2023-10-11-a-09.29.17-300x166.png\" alt=\"Capture d'e\u0301cran 2023-10-11 a\u0300 09.29.17\" itemprop=\"image\" height=\"166\" width=\"300\" title=\"Capture d'e\u0301cran 2023-10-11 a\u0300 09.29.17\" onerror=\"this.style.display='none'\"  \/>\n\t\t\t\t<\/a>\n\t<p><a href=\"https:\/\/atelier4-5.mmsh.fr\/\" target=\"_blank\" rel=\"noopener\"><strong>Voir le site de l&rsquo;Atelier Marseille 4-5<\/strong><\/a><\/p>\n\t<h3><strong>3 &#8211; Le S\u00e9minaire permanent de \u00ab Marseillologie \u00bb<\/strong><\/h3>\n<p>&nbsp;<\/p>\n<p>Le S\u00e9minaire permanent de \u00ab Marseillologie \u00bb ouvre un lieu de r\u00e9flexion, d&rsquo;\u00e9change et de partage de travaux de sciences sociales en cours et \u00e0 venir sur Marseille et sa m\u00e9tropole. \u00c0 travers l&rsquo;organisation de journ\u00e9es d&rsquo;\u00e9tudes th\u00e9matiques, centr\u00e9es sur la mise en perspective et en comparaison des terrains urbains marseillais avec d&rsquo;autres terrains urbains en France et \u00e0 l&rsquo;\u00e9tranger, il s&rsquo;agit de consolider un collectif de chercheurs (et de jeunes chercheurs) dont les recherches multidisciplinaires, ancr\u00e9es dans l&rsquo;espace marseillais, interrogent la sp\u00e9cificit\u00e9 et la banalit\u00e9 de cette ville.<\/p>\n<p><a href=\"https:\/\/mesopolhis.fr\/en\/research\/cross-cutting-urban-studies\/permanent-seminar-on-marseillology\/\">See the 2025-2026 seminar programme<\/a><\/p>\n<p>2025-2026 coordination: Dennis Rodgers and Mathilde Jourdam-Boutin, with <a href=\"https:\/\/mesopolhis.fr\/en\/blog\/members\/benit-gbaffou-claire\/\">Claire B\u00e9nit<\/a>, <a href=\"https:\/\/mesopolhis.fr\/en\/blog\/members\/mattina-cesare\/\">Cesare Mattina<\/a> and <a href=\"https:\/\/mesopolhis.fr\/en\/blog\/members\/richard-bossez-ariane\/\">Ariane Richard-Bossez<\/a><\/p>\n\t\t\t<a href=\"https:\/\/mesopolhis.fr\/en\/research\/cross-cutting-urban-studies\/permanent-seminar-on-marseillology\/\" target=\"_blank\" rel=\"noopener\">\n\t\t\t\t\t\t\tFind out more about the permanent \"Marseillologie\" seminar\n\t\t\t\t\t<\/a>\n<h2>\n\t\tLes coordinateurs de l&rsquo;axe \u00c9tudes Urbaines \u00ab Gouverner la ville \u00bb\n\t<\/h2>\n\t\t\t\t<img loading=\"lazy\" decoding=\"async\" src=\"https:\/\/mesopolhis.fr\/wp-content\/uploads\/2022\/01\/clairebenit.jpg\" alt=\"clairebenit\" itemprop=\"image\" height=\"145\" width=\"113\" title=\"clairebenit\" onerror=\"this.style.display='none'\"  \/>\n\t\t\t\t<img loading=\"lazy\" decoding=\"async\" src=\"https:\/\/mesopolhis.fr\/wp-content\/uploads\/2022\/01\/AVT_Cesare-Mattina_1500.jpg\" alt=\"AVT_Cesare-Mattina_1500\" itemprop=\"image\" height=\"677\" width=\"520\" title=\"AVT_Cesare-Mattina_1500\" onerror=\"this.style.display='none'\"  \/>\n\t<h4><strong>Claire B\u00e9nit is a geographer and urban planner at MESOPOLHIS (AMU-CNRS-Sciences Po Aix) and Aix-Marseille University.<\/strong><\/h4>\n<p>Elle s&rsquo;int\u00e9resse \u00e0 l&rsquo;activisme institutionnel et au changement urbain, trouvant une inspiration dans les travaux (nord-am\u00e9ricains) en urban politics, la sociologie politique (nord-am\u00e9ricaine et br\u00e9silienne) de l&rsquo;activisme institutionnel, et dans les travaux (fran\u00e7ais et europ\u00e9ens) sur le municipalisme. Elle a travaill\u00e9 sur le gouvernement du commerce informel, puis des parcs et jardins, \u00e0 Johannesburg\u00a0; s&rsquo;int\u00e9ressant depuis peu \u00e0 celui des parcs urbains et espaces publics \u00e0 Marseille.<\/p>\n\t<h4><strong>Cesare Mattina is a sociologist at MESOPOLHIS (AMU-CNRS-Sciences Po Aix) and Aix-Marseille University.<\/strong><\/h4>\n<p>Ses travaux de recherche portent sur le gouvernement des villes. Il travaille \u00e0 la fois sur les grandes villes, \u00e0 partir de ces recherches sur l&rsquo;influence des ph\u00e9nom\u00e8nes client\u00e9laires sur la hi\u00e9rarchisation des groupes sociaux (Marseille), et sur les plus petites villes et communes \u00e0 faible densit\u00e9 et \u00e0 pr\u00e9sence industrielle (la chimie lourde et nucl\u00e9aire civil en France et en Italie).<\/p>\n\t\t\t<a href=\"https:\/\/mesopolhis.fr\/en\/members\/benit-gbaffou-claire\/\" target=\"_self\">\n\t\t\t\t\t\tFind out more\n\t\t\t\t\t<\/a>\n\t\t\t<a href=\"https:\/\/mesopolhis.fr\/en\/members\/mattina-cesare\/\" target=\"_self\">\n\t\t\t\t\t\tFind out more\n\t\t\t\t\t<\/a>","protected":false},"excerpt":{"rendered":"<p>Accueil &raquo; Recherche &raquo; Axe transversal\u00a0\u00ab\u00a0\u00c9tudes urbaines\u00a0\u00bb Axe transversal \u00ab \u00c9tudes urbaines \u00bb Groupes sociaux spatialis\u00e9s, institutions locales et politiques urbaines Axe coordonn\u00e9 par Claire B\u00e9nit L&rsquo;axe transversal \u00ab \u00c9tudes urbaines \u00bb vise \u00e0 f\u00e9d\u00e9rer des chercheurs et chercheuses du MESOPOLHIS qui, dans les diff\u00e9rents axes, d\u00e9veloppent, centralement ou de fa\u00e7on incidente, des recherches sur&hellip;<\/p>","protected":false},"author":4,"featured_media":0,"parent":137,"menu_order":0,"comment_status":"closed","ping_status":"closed","template":"","meta":{"_acf_changed":false,"inline_featured_image":false,"footnotes":""},"class_list":["post-32418","page","type-page","status-publish","hentry"],"acf":[],"yoast_head":"<!-- This site is optimized with the Yoast SEO plugin v27.3 - https:\/\/yoast.com\/product\/yoast-seo-wordpress\/ -->\n<title>Axe transversal\u00a0&quot;\u00c9tudes urbaines&quot; - Mesopolhis<\/title>\n<meta name=\"robots\" content=\"index, follow, max-snippet:-1, max-image-preview:large, max-video-preview:-1\" \/>\n<link rel=\"canonical\" href=\"https:\/\/mesopolhis.fr\/en\/research\/cross-cutting-urban-studies\/\" \/>\n<meta property=\"og:locale\" content=\"en_GB\" \/>\n<meta property=\"og:type\" content=\"article\" \/>\n<meta property=\"og:title\" content=\"Axe transversal\u00a0&quot;\u00c9tudes urbaines&quot; - Mesopolhis\" \/>\n<meta property=\"og:description\" content=\"Accueil &raquo; Recherche &raquo; Axe transversal\u00a0\u00ab\u00a0\u00c9tudes urbaines\u00a0\u00bb Axe transversal \u00ab \u00c9tudes urbaines \u00bb Groupes sociaux spatialis\u00e9s, institutions locales et politiques urbaines Axe coordonn\u00e9 par Claire B\u00e9nit L&rsquo;axe transversal \u00ab \u00c9tudes urbaines \u00bb vise \u00e0 f\u00e9d\u00e9rer des chercheurs et chercheuses du MESOPOLHIS qui, dans les diff\u00e9rents axes, d\u00e9veloppent, centralement ou de fa\u00e7on incidente, des recherches sur&hellip;\" \/>\n<meta property=\"og:url\" content=\"https:\/\/mesopolhis.fr\/en\/research\/cross-cutting-urban-studies\/\" \/>\n<meta property=\"og:site_name\" content=\"Mesopolhis\" \/>\n<meta property=\"article:modified_time\" content=\"2025-12-17T13:59:19+00:00\" \/>\n<meta property=\"og:image\" content=\"https:\/\/mesopolhis.fr\/wp-content\/uploads\/2024\/10\/city.png\" \/>\n<meta name=\"twitter:card\" content=\"summary_large_image\" \/>\n<meta name=\"twitter:label1\" content=\"Estimated reading time\" \/>\n\t<meta name=\"twitter:data1\" content=\"6 minutes\" \/>\n<script type=\"application\/ld+json\" class=\"yoast-schema-graph\">{\"@context\":\"https:\\\/\\\/schema.org\",\"@graph\":[{\"@type\":\"WebPage\",\"@id\":\"https:\\\/\\\/mesopolhis.fr\\\/recherche\\\/axe-transversal-etudes-urbaines\\\/\",\"url\":\"https:\\\/\\\/mesopolhis.fr\\\/recherche\\\/axe-transversal-etudes-urbaines\\\/\",\"name\":\"Axe transversal\u00a0\\\"\u00c9tudes urbaines\\\" - Mesopolhis\",\"isPartOf\":{\"@id\":\"https:\\\/\\\/mesopolhis.fr\\\/#website\"},\"primaryImageOfPage\":{\"@id\":\"https:\\\/\\\/mesopolhis.fr\\\/recherche\\\/axe-transversal-etudes-urbaines\\\/#primaryimage\"},\"image\":{\"@id\":\"https:\\\/\\\/mesopolhis.fr\\\/recherche\\\/axe-transversal-etudes-urbaines\\\/#primaryimage\"},\"thumbnailUrl\":\"https:\\\/\\\/mesopolhis.fr\\\/wp-content\\\/uploads\\\/2024\\\/10\\\/city.png\",\"datePublished\":\"2023-01-11T10:28:31+00:00\",\"dateModified\":\"2025-12-17T13:59:19+00:00\",\"breadcrumb\":{\"@id\":\"https:\\\/\\\/mesopolhis.fr\\\/recherche\\\/axe-transversal-etudes-urbaines\\\/#breadcrumb\"},\"inLanguage\":\"en-GB\",\"potentialAction\":[{\"@type\":\"ReadAction\",\"target\":[\"https:\\\/\\\/mesopolhis.fr\\\/recherche\\\/axe-transversal-etudes-urbaines\\\/\"]}]},{\"@type\":\"ImageObject\",\"inLanguage\":\"en-GB\",\"@id\":\"https:\\\/\\\/mesopolhis.fr\\\/recherche\\\/axe-transversal-etudes-urbaines\\\/#primaryimage\",\"url\":\"https:\\\/\\\/mesopolhis.fr\\\/wp-content\\\/uploads\\\/2024\\\/10\\\/city.png\",\"contentUrl\":\"https:\\\/\\\/mesopolhis.fr\\\/wp-content\\\/uploads\\\/2024\\\/10\\\/city.png\"},{\"@type\":\"BreadcrumbList\",\"@id\":\"https:\\\/\\\/mesopolhis.fr\\\/recherche\\\/axe-transversal-etudes-urbaines\\\/#breadcrumb\",\"itemListElement\":[{\"@type\":\"ListItem\",\"position\":1,\"name\":\"Accueil\",\"item\":\"https:\\\/\\\/mesopolhis.fr\\\/\"},{\"@type\":\"ListItem\",\"position\":2,\"name\":\"Recherche\",\"item\":\"https:\\\/\\\/mesopolhis.fr\\\/recherche\\\/\"},{\"@type\":\"ListItem\",\"position\":3,\"name\":\"Axe transversal\u00a0\u00ab\u00a0\u00c9tudes urbaines\u00a0\u00bb\"}]},{\"@type\":\"WebSite\",\"@id\":\"https:\\\/\\\/mesopolhis.fr\\\/#website\",\"url\":\"https:\\\/\\\/mesopolhis.fr\\\/\",\"name\":\"Mesopolhis\",\"description\":\"Centre m\u00e9diterran\u00e9en de sociologie, de science politique et d&#039;histoire\",\"publisher\":{\"@id\":\"https:\\\/\\\/mesopolhis.fr\\\/#organization\"},\"potentialAction\":[{\"@type\":\"SearchAction\",\"target\":{\"@type\":\"EntryPoint\",\"urlTemplate\":\"https:\\\/\\\/mesopolhis.fr\\\/?s={search_term_string}\"},\"query-input\":{\"@type\":\"PropertyValueSpecification\",\"valueRequired\":true,\"valueName\":\"search_term_string\"}}],\"inLanguage\":\"en-GB\"},{\"@type\":\"Organization\",\"@id\":\"https:\\\/\\\/mesopolhis.fr\\\/#organization\",\"name\":\"Mesopolhis\",\"url\":\"https:\\\/\\\/mesopolhis.fr\\\/\",\"logo\":{\"@type\":\"ImageObject\",\"inLanguage\":\"en-GB\",\"@id\":\"https:\\\/\\\/mesopolhis.fr\\\/#\\\/schema\\\/logo\\\/image\\\/\",\"url\":\"https:\\\/\\\/mesopolhis.fr\\\/wp-content\\\/uploads\\\/2021\\\/12\\\/Logo_MESOPOLHIS_Quadri.png\",\"contentUrl\":\"https:\\\/\\\/mesopolhis.fr\\\/wp-content\\\/uploads\\\/2021\\\/12\\\/Logo_MESOPOLHIS_Quadri.png\",\"width\":264,\"height\":69,\"caption\":\"Mesopolhis\"},\"image\":{\"@id\":\"https:\\\/\\\/mesopolhis.fr\\\/#\\\/schema\\\/logo\\\/image\\\/\"}}]}<\/script>\n<!-- \/ Yoast SEO plugin. -->","yoast_head_json":{"title":"Urban studies\" cross-cutting theme - Mesopolhis","robots":{"index":"index","follow":"follow","max-snippet":"max-snippet:-1","max-image-preview":"max-image-preview:large","max-video-preview":"max-video-preview:-1"},"canonical":"https:\/\/mesopolhis.fr\/en\/research\/cross-cutting-urban-studies\/","og_locale":"en_GB","og_type":"article","og_title":"Axe transversal\u00a0\"\u00c9tudes urbaines\" - Mesopolhis","og_description":"Accueil &raquo; Recherche &raquo; Axe transversal\u00a0\u00ab\u00a0\u00c9tudes urbaines\u00a0\u00bb Axe transversal \u00ab \u00c9tudes urbaines \u00bb Groupes sociaux spatialis\u00e9s, institutions locales et politiques urbaines Axe coordonn\u00e9 par Claire B\u00e9nit L&rsquo;axe transversal \u00ab \u00c9tudes urbaines \u00bb vise \u00e0 f\u00e9d\u00e9rer des chercheurs et chercheuses du MESOPOLHIS qui, dans les diff\u00e9rents axes, d\u00e9veloppent, centralement ou de fa\u00e7on incidente, des recherches sur&hellip;","og_url":"https:\/\/mesopolhis.fr\/en\/research\/cross-cutting-urban-studies\/","og_site_name":"Mesopolhis","article_modified_time":"2025-12-17T13:59:19+00:00","og_image":[{"url":"https:\/\/mesopolhis.fr\/wp-content\/uploads\/2024\/10\/city.png","type":"","width":"","height":""}],"twitter_card":"summary_large_image","twitter_misc":{"Estimated reading time":"6 minutes"},"schema":{"@context":"https:\/\/schema.org","@graph":[{"@type":"WebPage","@id":"https:\/\/mesopolhis.fr\/recherche\/axe-transversal-etudes-urbaines\/","url":"https:\/\/mesopolhis.fr\/recherche\/axe-transversal-etudes-urbaines\/","name":"Urban studies\" cross-cutting theme - Mesopolhis","isPartOf":{"@id":"https:\/\/mesopolhis.fr\/#website"},"primaryImageOfPage":{"@id":"https:\/\/mesopolhis.fr\/recherche\/axe-transversal-etudes-urbaines\/#primaryimage"},"image":{"@id":"https:\/\/mesopolhis.fr\/recherche\/axe-transversal-etudes-urbaines\/#primaryimage"},"thumbnailUrl":"https:\/\/mesopolhis.fr\/wp-content\/uploads\/2024\/10\/city.png","datePublished":"2023-01-11T10:28:31+00:00","dateModified":"2025-12-17T13:59:19+00:00","breadcrumb":{"@id":"https:\/\/mesopolhis.fr\/recherche\/axe-transversal-etudes-urbaines\/#breadcrumb"},"inLanguage":"en-GB","potentialAction":[{"@type":"ReadAction","target":["https:\/\/mesopolhis.fr\/recherche\/axe-transversal-etudes-urbaines\/"]}]},{"@type":"ImageObject","inLanguage":"en-GB","@id":"https:\/\/mesopolhis.fr\/recherche\/axe-transversal-etudes-urbaines\/#primaryimage","url":"https:\/\/mesopolhis.fr\/wp-content\/uploads\/2024\/10\/city.png","contentUrl":"https:\/\/mesopolhis.fr\/wp-content\/uploads\/2024\/10\/city.png"},{"@type":"BreadcrumbList","@id":"https:\/\/mesopolhis.fr\/recherche\/axe-transversal-etudes-urbaines\/#breadcrumb","itemListElement":[{"@type":"ListItem","position":1,"name":"Accueil","item":"https:\/\/mesopolhis.fr\/"},{"@type":"ListItem","position":2,"name":"Recherche","item":"https:\/\/mesopolhis.fr\/recherche\/"},{"@type":"ListItem","position":3,"name":"Axe transversal\u00a0\u00ab\u00a0\u00c9tudes urbaines\u00a0\u00bb"}]},{"@type":"WebSite","@id":"https:\/\/mesopolhis.fr\/#website","url":"https:\/\/mesopolhis.fr\/","name":"Mesopolhis","description":"Mediterranean Centre for Sociology, Political Science and History","publisher":{"@id":"https:\/\/mesopolhis.fr\/#organization"},"potentialAction":[{"@type":"SearchAction","target":{"@type":"EntryPoint","urlTemplate":"https:\/\/mesopolhis.fr\/?s={search_term_string}"},"query-input":{"@type":"PropertyValueSpecification","valueRequired":true,"valueName":"search_term_string"}}],"inLanguage":"en-GB"},{"@type":"Organization","@id":"https:\/\/mesopolhis.fr\/#organization","name":"Mesopolhis","url":"https:\/\/mesopolhis.fr\/","logo":{"@type":"ImageObject","inLanguage":"en-GB","@id":"https:\/\/mesopolhis.fr\/#\/schema\/logo\/image\/","url":"https:\/\/mesopolhis.fr\/wp-content\/uploads\/2021\/12\/Logo_MESOPOLHIS_Quadri.png","contentUrl":"https:\/\/mesopolhis.fr\/wp-content\/uploads\/2021\/12\/Logo_MESOPOLHIS_Quadri.png","width":264,"height":69,"caption":"Mesopolhis"},"image":{"@id":"https:\/\/mesopolhis.fr\/#\/schema\/logo\/image\/"}}]}},"_links":{"self":[{"href":"https:\/\/mesopolhis.fr\/en\/wp-json\/wp\/v2\/pages\/32418","targetHints":{"allow":["GET"]}}],"collection":[{"href":"https:\/\/mesopolhis.fr\/en\/wp-json\/wp\/v2\/pages"}],"about":[{"href":"https:\/\/mesopolhis.fr\/en\/wp-json\/wp\/v2\/types\/page"}],"author":[{"embeddable":true,"href":"https:\/\/mesopolhis.fr\/en\/wp-json\/wp\/v2\/users\/4"}],"replies":[{"embeddable":true,"href":"https:\/\/mesopolhis.fr\/en\/wp-json\/wp\/v2\/comments?post=32418"}],"version-history":[{"count":6,"href":"https:\/\/mesopolhis.fr\/en\/wp-json\/wp\/v2\/pages\/32418\/revisions"}],"predecessor-version":[{"id":38895,"href":"https:\/\/mesopolhis.fr\/en\/wp-json\/wp\/v2\/pages\/32418\/revisions\/38895"}],"up":[{"embeddable":true,"href":"https:\/\/mesopolhis.fr\/en\/wp-json\/wp\/v2\/pages\/137"}],"wp:attachment":[{"href":"https:\/\/mesopolhis.fr\/en\/wp-json\/wp\/v2\/media?parent=32418"}],"curies":[{"name":"wp","href":"https:\/\/api.w.org\/{rel}","templated":true}]}}