{"id":32360,"date":"2023-01-02T14:04:09","date_gmt":"2023-01-02T13:04:09","guid":{"rendered":"https:\/\/mesopolhis.fr\/?page_id=32360"},"modified":"2023-09-07T15:52:48","modified_gmt":"2023-09-07T13:52:48","slug":"hyflex-amidex","status":"publish","type":"page","link":"https:\/\/mesopolhis.fr\/en\/hyflex-amidex\/","title":{"rendered":"HyFlex . A*Midex"},"content":{"rendered":"<a href=\"https:\/\/mesopolhis.fr\/en\/\">Home<\/a> &raquo; HyFlex . A*Midex<h2>\n\t\tHyFlex . A*Midex\n\t<\/h2>\n<h2>\n\t\tDessiner la transition vers l&rsquo;hydrog\u00e8ne dans les territoires : quelle flexibilit\u00e9 des projets entre risques environnementaux et risques socio-politiques ?\n\t<\/h2>\n\t\t\t<h3> Duration: 2023-2026<\/h3>\t\t\n\t\t\t<h3> Financement : Amidex \u00e0 travers l&rsquo;appel Transition en action de l&rsquo;Institut m\u00e9diterran\u00e9en pour la transition environnementale (ITEM)<\/h3>\t\t\n\t\t\t<h3> Project sponsor: Mesopolhis<\/h3>\t\t\n\t\t\t<h3> Project team<\/h3> <p><strong>Scientific coordination <\/strong><strong>Pierre FOURNIER<\/strong>, <a href=\"mailto:pierre.fournier@univ-amu.fr\">pierre.fournier@univ-amu.fr<\/a>\u00a0(Mesopolhis)<strong>Partenaires membres d&rsquo;ITEM<\/strong>\u00a0<strong>MESOPOLHIS<\/strong> (contact: <strong>Maurice<\/strong> <strong>OLIVE<\/strong>, <a href=\"mailto:maurice.olive@univ-amu.fr\">maurice.olive@univ-amu.fr<\/a>)<strong>IMBE<\/strong> (contact: <strong>Ir\u00e8ne XUEREF-REMY<\/strong>, <a href=\"mailto:irene.REMY-XUEREF@univ-amu.fr\">irene.REMY-XUEREF@univ-amu.fr<\/a>)<strong>Researchers involved in Mesopolhis\u00a0<\/strong><strong>Pierre FOURNIER<\/strong>Professor of Sociology<strong>Maurice OLIVE<\/strong>Senior Lecturer in Political Science<strong>Antoine DOLEZ<\/strong>Postdoc in Sociology<strong>H\u00e9l\u00e8ne JEANMOUGIN<\/strong>Postdoc in Sociology<strong>Cesare MATTINA<\/strong>Senior Lecturer in Sociology<strong>Supported by<\/strong><strong>Adrien CHATEAUREYNAUD<\/strong>General Secretary<strong>St\u00e9phanie MEIRANESIO<\/strong>Manager<strong>Vanina BEAUCHAMPS-ASSALI<\/strong>Data Manager<strong>Jean-Baptiste BERTRAND<\/strong>Standardised data analysis<\/p>\t\t\n\t<p>Le d\u00e9r\u00e8glement climatique impose de chercher des solutions de d\u00e9carbonation des activit\u00e9s humaines mais la mise en \u0153uvre de ces solutions sur les territoires peut ouvrir sur d&rsquo;autres menaces. S&rsquo;agissant du d\u00e9veloppement de l&rsquo;hydrog\u00e8ne comme substitut aux hydrocarbures, les projets industriels pr\u00e9sentent-ils un bilan entre b\u00e9n\u00e9fices et risques qui soit si clair qu&rsquo;ils s&rsquo;imposent d&rsquo;\u00e9vidence ? Ou le parcours pour les r\u00e9aliser conna\u00eet-il des inflexions pour composer avec de multiples risques\u00a0? Certains risques sont avanc\u00e9s comme source de l\u00e9gitimation (comme le risque climatique \u00e0 combattre), d&rsquo;autres comme freins potentiels au projet (comme les risques technologiques \u00e0 pr\u00e9venir sur les territoires de production et de consommation). De m\u00eame, ce parcours se pr\u00e9cise-t-il au gr\u00e9 d&rsquo;opportunit\u00e9s telles que des changements de politiques publiques incitatives, des all\u00e8gements d&rsquo;endettement par l&rsquo;inflation, l&rsquo;engagement de la population en soutien pour avoir le sentiment d&rsquo;agir sur le climat et en faveur de la r\u00e9industrialisation&#8230; C&rsquo;est ce mouvement it\u00e9ratif de design dans un jeu de forces parfois contraires que le pr\u00e9sent programme de recherche entend \u00e9clairer \u00e0 travers l&rsquo;examen d&rsquo;un projet industriel \u00e0 forts enjeux territoriaux, saisi en train de se formuler. A cette fin, il propose d&rsquo;int\u00e9grer les capacit\u00e9s d&rsquo;analyse des sciences de l&rsquo;environnement et des sciences de la soci\u00e9t\u00e9 pour d\u00e9terminer la valence des risques et opportunit\u00e9s et pour pister leur prise en consid\u00e9ration ou leur ignorance par les acteurs impliqu\u00e9s. Parmi ces risques et opportunit\u00e9s, une attention particuli\u00e8re sera accord\u00e9e aux effets contradictoires du recours \u00e0 l&rsquo;hydrog\u00e8ne sur le climat et sur la qualit\u00e9 de l&rsquo;air\u00a0: l&rsquo;hydrog\u00e8ne produit par \u00e9lectrolyse \u00e9vite la mobilisation de m\u00e9thane \u00e0 effet de serre mais la fugacit\u00e9 de l&rsquo;hydrog\u00e8ne repr\u00e9sente potentiellement un risque de fuites vers l&rsquo;atmosph\u00e8re qui provoquent indirectement un effet de serre additionnel, une augmentation de la pollution en ozone troposph\u00e9rique et une destruction de la couche d&rsquo;ozone stratosph\u00e9rique qui prot\u00e8ge les organismes vivants des UV nocifs du soleil. Du c\u00f4t\u00e9 socio-politique, on trouve pareilles ambivalences en faveur du projet (comme relais d&rsquo;activit\u00e9 face \u00e0 la limitation des \u00e9nergies carbon\u00e9es, comme source de revenus pour les collectivit\u00e9s locales, comme attestation de mobilisation collective contre la crise environnementale&#8230;) et en sa d\u00e9faveur (face \u00e0 des risques financiers, \u00e0 des risques sanitaires, \u00e0 des conflits d&rsquo;usage autour des terrains mobilis\u00e9s, au d\u00e9faut de prise en consid\u00e9ration des citoyens dans les d\u00e9cisions sociotechniques, au d\u00e9faut de transparence dans la gestion de l&rsquo;argent public&#8230;).<\/p>\n<p>&nbsp;<\/p>\n<p>Les sciences sociales savent que les controverses sociotechniques, le soutien des populations, les dispositifs de politique publique encadrant la transition \u00e9nerg\u00e9tique p\u00e8sent sur la trajectoire de tels projets mais les r\u00e9pertoires suivant lesquels ces risques et opportunit\u00e9s s&rsquo;articulent \u00e0 l&rsquo;\u00e9chelle locale et dans leurs interactions avec des \u00e9chelles nationales et internationales sont encore mal connus. Le suivi du projet au plus pr\u00e8s du territoire pendant sa phase de d\u00e9finition doit contribuer \u00e0 \u00e9clairer ces questions et, notamment, \u00e0 voir comment la rh\u00e9torique de la promesse dans divers domaines vient s&rsquo;inscrire en \u00e9cho \u00e0 la rh\u00e9torique de l&rsquo;injonction sur les enjeux environnementaux.<\/p>","protected":false},"excerpt":{"rendered":"<p>Accueil &raquo; HyFlex . A*Midex HyFlex . A*Midex Dessiner la transition vers l&rsquo;hydrog\u00e8ne dans les territoires : quelle flexibilit\u00e9 des projets entre risques environnementaux et risques socio-politiques ? Dur\u00e9e : 2023-2026 Financement : Amidex \u00e0 travers l&rsquo;appel Transition en action de l&rsquo;Institut m\u00e9diterran\u00e9en pour la transition environnementale (ITEM) Porteur : Mesopolhis Equipe projet Coordination scientifique&hellip;<\/p>","protected":false},"author":4,"featured_media":0,"parent":0,"menu_order":0,"comment_status":"closed","ping_status":"closed","template":"","meta":{"_acf_changed":false,"inline_featured_image":false,"footnotes":""},"class_list":["post-32360","page","type-page","status-publish","hentry"],"acf":[],"yoast_head":"<!-- This site is optimized with the Yoast SEO plugin v27.5 - https:\/\/yoast.com\/product\/yoast-seo-wordpress\/ -->\n<title>HyFlex . A*Midex - Mesopolhis<\/title>\n<meta name=\"robots\" content=\"index, follow, max-snippet:-1, max-image-preview:large, max-video-preview:-1\" \/>\n<link rel=\"canonical\" href=\"https:\/\/mesopolhis.fr\/en\/hyflex-amidex\/\" \/>\n<meta property=\"og:locale\" content=\"en_GB\" \/>\n<meta property=\"og:type\" content=\"article\" \/>\n<meta property=\"og:title\" content=\"HyFlex . A*Midex - Mesopolhis\" \/>\n<meta property=\"og:description\" content=\"Accueil &raquo; HyFlex . A*Midex HyFlex . A*Midex Dessiner la transition vers l&rsquo;hydrog\u00e8ne dans les territoires : quelle flexibilit\u00e9 des projets entre risques environnementaux et risques socio-politiques ? Dur\u00e9e : 2023-2026 Financement : Amidex \u00e0 travers l&rsquo;appel Transition en action de l&rsquo;Institut m\u00e9diterran\u00e9en pour la transition environnementale (ITEM) Porteur : Mesopolhis Equipe projet Coordination scientifique&hellip;\" \/>\n<meta property=\"og:url\" content=\"https:\/\/mesopolhis.fr\/en\/hyflex-amidex\/\" \/>\n<meta property=\"og:site_name\" content=\"Mesopolhis\" \/>\n<meta property=\"article:modified_time\" content=\"2023-09-07T13:52:48+00:00\" \/>\n<meta name=\"twitter:card\" content=\"summary_large_image\" \/>\n<meta name=\"twitter:label1\" content=\"Estimated reading time\" \/>\n\t<meta name=\"twitter:data1\" content=\"4 minutes\" \/>\n<script type=\"application\/ld+json\" class=\"yoast-schema-graph\">{\"@context\":\"https:\\\/\\\/schema.org\",\"@graph\":[{\"@type\":\"WebPage\",\"@id\":\"https:\\\/\\\/mesopolhis.fr\\\/hyflex-amidex\\\/\",\"url\":\"https:\\\/\\\/mesopolhis.fr\\\/hyflex-amidex\\\/\",\"name\":\"HyFlex . A*Midex - Mesopolhis\",\"isPartOf\":{\"@id\":\"https:\\\/\\\/mesopolhis.fr\\\/#website\"},\"datePublished\":\"2023-01-02T13:04:09+00:00\",\"dateModified\":\"2023-09-07T13:52:48+00:00\",\"breadcrumb\":{\"@id\":\"https:\\\/\\\/mesopolhis.fr\\\/hyflex-amidex\\\/#breadcrumb\"},\"inLanguage\":\"en-GB\",\"potentialAction\":[{\"@type\":\"ReadAction\",\"target\":[\"https:\\\/\\\/mesopolhis.fr\\\/hyflex-amidex\\\/\"]}]},{\"@type\":\"BreadcrumbList\",\"@id\":\"https:\\\/\\\/mesopolhis.fr\\\/hyflex-amidex\\\/#breadcrumb\",\"itemListElement\":[{\"@type\":\"ListItem\",\"position\":1,\"name\":\"Accueil\",\"item\":\"https:\\\/\\\/mesopolhis.fr\\\/\"},{\"@type\":\"ListItem\",\"position\":2,\"name\":\"HyFlex . A*Midex\"}]},{\"@type\":\"WebSite\",\"@id\":\"https:\\\/\\\/mesopolhis.fr\\\/#website\",\"url\":\"https:\\\/\\\/mesopolhis.fr\\\/\",\"name\":\"Mesopolhis\",\"description\":\"Centre m\u00e9diterran\u00e9en de sociologie, de science politique et d&#039;histoire\",\"publisher\":{\"@id\":\"https:\\\/\\\/mesopolhis.fr\\\/#organization\"},\"potentialAction\":[{\"@type\":\"SearchAction\",\"target\":{\"@type\":\"EntryPoint\",\"urlTemplate\":\"https:\\\/\\\/mesopolhis.fr\\\/?s={search_term_string}\"},\"query-input\":{\"@type\":\"PropertyValueSpecification\",\"valueRequired\":true,\"valueName\":\"search_term_string\"}}],\"inLanguage\":\"en-GB\"},{\"@type\":\"Organization\",\"@id\":\"https:\\\/\\\/mesopolhis.fr\\\/#organization\",\"name\":\"Mesopolhis\",\"url\":\"https:\\\/\\\/mesopolhis.fr\\\/\",\"logo\":{\"@type\":\"ImageObject\",\"inLanguage\":\"en-GB\",\"@id\":\"https:\\\/\\\/mesopolhis.fr\\\/#\\\/schema\\\/logo\\\/image\\\/\",\"url\":\"https:\\\/\\\/mesopolhis.fr\\\/wp-content\\\/uploads\\\/2021\\\/12\\\/Logo_MESOPOLHIS_Quadri.png\",\"contentUrl\":\"https:\\\/\\\/mesopolhis.fr\\\/wp-content\\\/uploads\\\/2021\\\/12\\\/Logo_MESOPOLHIS_Quadri.png\",\"width\":264,\"height\":69,\"caption\":\"Mesopolhis\"},\"image\":{\"@id\":\"https:\\\/\\\/mesopolhis.fr\\\/#\\\/schema\\\/logo\\\/image\\\/\"}}]}<\/script>\n<!-- \/ Yoast SEO plugin. -->","yoast_head_json":{"title":"HyFlex . A*Midex - Mesopolhis","robots":{"index":"index","follow":"follow","max-snippet":"max-snippet:-1","max-image-preview":"max-image-preview:large","max-video-preview":"max-video-preview:-1"},"canonical":"https:\/\/mesopolhis.fr\/en\/hyflex-amidex\/","og_locale":"en_GB","og_type":"article","og_title":"HyFlex . A*Midex - Mesopolhis","og_description":"Accueil &raquo; HyFlex . A*Midex HyFlex . A*Midex Dessiner la transition vers l&rsquo;hydrog\u00e8ne dans les territoires : quelle flexibilit\u00e9 des projets entre risques environnementaux et risques socio-politiques ? Dur\u00e9e : 2023-2026 Financement : Amidex \u00e0 travers l&rsquo;appel Transition en action de l&rsquo;Institut m\u00e9diterran\u00e9en pour la transition environnementale (ITEM) Porteur : Mesopolhis Equipe projet Coordination scientifique&hellip;","og_url":"https:\/\/mesopolhis.fr\/en\/hyflex-amidex\/","og_site_name":"Mesopolhis","article_modified_time":"2023-09-07T13:52:48+00:00","twitter_card":"summary_large_image","twitter_misc":{"Estimated reading time":"4 minutes"},"schema":{"@context":"https:\/\/schema.org","@graph":[{"@type":"WebPage","@id":"https:\/\/mesopolhis.fr\/hyflex-amidex\/","url":"https:\/\/mesopolhis.fr\/hyflex-amidex\/","name":"HyFlex . A*Midex - Mesopolhis","isPartOf":{"@id":"https:\/\/mesopolhis.fr\/#website"},"datePublished":"2023-01-02T13:04:09+00:00","dateModified":"2023-09-07T13:52:48+00:00","breadcrumb":{"@id":"https:\/\/mesopolhis.fr\/hyflex-amidex\/#breadcrumb"},"inLanguage":"en-GB","potentialAction":[{"@type":"ReadAction","target":["https:\/\/mesopolhis.fr\/hyflex-amidex\/"]}]},{"@type":"BreadcrumbList","@id":"https:\/\/mesopolhis.fr\/hyflex-amidex\/#breadcrumb","itemListElement":[{"@type":"ListItem","position":1,"name":"Accueil","item":"https:\/\/mesopolhis.fr\/"},{"@type":"ListItem","position":2,"name":"HyFlex . A*Midex"}]},{"@type":"WebSite","@id":"https:\/\/mesopolhis.fr\/#website","url":"https:\/\/mesopolhis.fr\/","name":"Mesopolhis","description":"Mediterranean Centre for Sociology, Political Science and History","publisher":{"@id":"https:\/\/mesopolhis.fr\/#organization"},"potentialAction":[{"@type":"SearchAction","target":{"@type":"EntryPoint","urlTemplate":"https:\/\/mesopolhis.fr\/?s={search_term_string}"},"query-input":{"@type":"PropertyValueSpecification","valueRequired":true,"valueName":"search_term_string"}}],"inLanguage":"en-GB"},{"@type":"Organization","@id":"https:\/\/mesopolhis.fr\/#organization","name":"Mesopolhis","url":"https:\/\/mesopolhis.fr\/","logo":{"@type":"ImageObject","inLanguage":"en-GB","@id":"https:\/\/mesopolhis.fr\/#\/schema\/logo\/image\/","url":"https:\/\/mesopolhis.fr\/wp-content\/uploads\/2021\/12\/Logo_MESOPOLHIS_Quadri.png","contentUrl":"https:\/\/mesopolhis.fr\/wp-content\/uploads\/2021\/12\/Logo_MESOPOLHIS_Quadri.png","width":264,"height":69,"caption":"Mesopolhis"},"image":{"@id":"https:\/\/mesopolhis.fr\/#\/schema\/logo\/image\/"}}]}},"_links":{"self":[{"href":"https:\/\/mesopolhis.fr\/en\/wp-json\/wp\/v2\/pages\/32360","targetHints":{"allow":["GET"]}}],"collection":[{"href":"https:\/\/mesopolhis.fr\/en\/wp-json\/wp\/v2\/pages"}],"about":[{"href":"https:\/\/mesopolhis.fr\/en\/wp-json\/wp\/v2\/types\/page"}],"author":[{"embeddable":true,"href":"https:\/\/mesopolhis.fr\/en\/wp-json\/wp\/v2\/users\/4"}],"replies":[{"embeddable":true,"href":"https:\/\/mesopolhis.fr\/en\/wp-json\/wp\/v2\/comments?post=32360"}],"version-history":[{"count":0,"href":"https:\/\/mesopolhis.fr\/en\/wp-json\/wp\/v2\/pages\/32360\/revisions"}],"wp:attachment":[{"href":"https:\/\/mesopolhis.fr\/en\/wp-json\/wp\/v2\/media?parent=32360"}],"curies":[{"name":"wp","href":"https:\/\/api.w.org\/{rel}","templated":true}]}}