{"id":32145,"date":"2022-11-15T16:02:31","date_gmt":"2022-11-15T15:02:31","guid":{"rendered":"https:\/\/mesopolhis.fr\/?page_id=32145"},"modified":"2025-09-04T11:51:17","modified_gmt":"2025-09-04T09:51:17","slug":"educational-sites-2022-2025-educational-sites","status":"publish","type":"page","link":"https:\/\/mesopolhis.fr\/en\/educational-sites-2022-2025-educational-sites\/","title":{"rendered":"Cit\u00e9s \u00e9ducatives 2022-2025 . The Marseille Education Centres"},"content":{"rendered":"\n\n\t<nav id=\"breadcrumbs\" aria-label=\"Breadcrumbs\"><a href=\"https:\/\/mesopolhis.fr\/\">Accueil<\/a> &raquo; Cit\u00e9s \u00e9ducatives 2022-2025 . Les Cit\u00e9s \u00e9ducatives Marseillaises<\/nav><h2>\n\t\tCit\u00e9s \u00e9ducatives 2022-2025. Les Cit\u00e9s \u00e9ducatives Marseillaises\u00a0 \u00a0\u00a0\n\t<\/h2>\n<h3>\n\t\tUne \u00e9quipe de chercheurs de l&rsquo;axe 1 de Mesopolhis est en charge d&rsquo;une recherche \u00e9valuative sur les Cit\u00e9s \u00e9ducatives marseillaises, financ\u00e9e par l&rsquo;Etat.\n\t<\/h3>\n\t\t\t<h3> Coordinatrices de projet<\/h3> <p><strong>Magali Nonjon<\/strong> (MCF, Mesopolhis)<strong>Ariane Richard-Bossez<\/strong> (MCF, Mesopolhis)<strong>Camille Floderer<\/strong> (post-doctorante, Mesopolhis)<\/p>\t\t\n\t<p><strong>Pr\u00e9sentation des Cit\u00e9s \u00e9ducatives<\/strong><\/p>\n<p>Le d\u00e9ploiement des Cit\u00e9s \u00e9ducatives (CE) depuis mai 2019 vise \u00e0 assurer \u00ab la mobilisation de l&rsquo;ensemble des acteurs et institutions engag\u00e9s autour de l&rsquo;Ecole et des diff\u00e9rents lieux \u00e9ducatifs pour assurer la continuit\u00e9 \u00e9ducative [&#8230;] tout au long du parcours des enfants \u00e0 partir de 3 ans et des jeunes jusqu&rsquo;\u00e0 25 ans, avant, pendant, autour et apr\u00e8s le cadre scolaire \u00bb (circulaire du 28\/06\/2021) et ce, sur certains territoires de l&rsquo;Education prioritaire (EP). Mis en \u0153uvre pour une dur\u00e9e de trois ans, la d\u00e9marche des CE vise \u00e0 am\u00e9liorer la structuration des acteurs de la communaut\u00e9 \u00e9ducative sur les p\u00e9rim\u00e8tres cibl\u00e9s. Sont ainsi mobilis\u00e9s pour am\u00e9liorer l&rsquo;accompagnement \u00e9ducatif des enfants et des jeunes de 0 \u00e0 25 ans, les services de l&rsquo;Etat (via le Rectorat et la sous-pr\u00e9f\u00e8te d\u00e9l\u00e9gu\u00e9e \u00e0 l&rsquo;\u00e9galit\u00e9 des chances mais aussi la CAF, l&rsquo;ARS&#8230;), les collectivit\u00e9s locales (ville, m\u00e9tropole, conseil d\u00e9partemental, r\u00e9gion) mais aussi les habitant.e.s et les associations qui maillent les territoires d&rsquo;intervention.<\/p>\n<p>En 2019, 3 Cit\u00e9s \u00e9ducatives ont \u00e9t\u00e9 labellis\u00e9es sur le territoire marseillais (Marseille Centre-ville, Marseille Malpass\u00e9-Corot, Marseille Nord). En 2022, deux nouvelles CE ont \u00e9t\u00e9 labelis\u00e9es (une CE dans le 14\u00e8me arrondissement de Marseille et une aux Docks). L&rsquo;\u00e9quipe Mesopolhis est charge de l&rsquo;\u00e9valuation de ces diff\u00e9rentes CE.<\/p>\n\t<p><b>Le programme de recherche<\/b><\/p>\n<p><b>&#8211; Une \u00e9valuation qualitative des processus \u00e0 l&rsquo;\u0153uvre au sein des CE marseillaises<\/b><\/p>\n<p>Cette recherche \u00e9valuative s&rsquo;attache \u00e0 rendre compte des effets de la d\u00e9marche \u00ab Cit\u00e9 \u00e9ducative \u00bb en termes de d\u00e9veloppement territorial, de transformations des pratiques professionnelles et de gouvernance et, ce faisant, de mieux saisir les impacts des CE sur les diff\u00e9rents acteurs investis, au-del\u00e0 des seuls publics.<\/p>\n<p>L&rsquo;\u00e9valuation qualitative des processus \u00e0 l&rsquo;\u0153uvre au sein de cette CE doit permettre d&rsquo;apporter des enseignements utiles tant pour la d\u00e9marche nationale que pour les projets locaux (mieux cerner les logiques d&rsquo;impl\u00e9mentation, et de transferts notamment, mais \u00e9galement ce que les CE produisent pour les publics qu&rsquo;elles visent), via le rep\u00e9rage des leviers d&rsquo;action, mais aussi des freins avec lesquels les acteurs op\u00e9rationnels doivent composer.<\/p>\n<p><b>\u00a0&#8211; Une \u00e9quipe de recherche pluridisciplinaire :<\/b><\/p>\n<p>Pour r\u00e9aliser cette \u00e9valuation des CE \u00ab\u00a0marseillaises\u00a0\u00bb, le laboratoire de recherche MESOPOLHIS d&rsquo;Aix-Marseille Universit\u00e9 met \u00e0 disposition une \u00e9quipe de chercheurs en Sciences Humaines et Sociales d\u00e9j\u00e0 investie sur les questions relatives \u00e0 l&rsquo;\u00e9ducation prioritaire et plus largement sur les enjeux de la territorialisation des politiques publiques (en particulier des politiques \u00e9ducatives) :<\/p>\n<b>Coordination :<\/b><br \/>\nCamille Floderer, Docteure en Science politique, Post-doctorante, Sciences Po Aix<br \/>\nMagali Nonjon, MCF en Science politique, Sciences Po Aix<br \/>\nAriane Richard-Bossez, MCF en Sociologie de l&rsquo;\u00e9ducation, Insp\u00e9 Aix-Marseille Universit\u00e9\n<b>Equipe de recherche<\/b><br \/>\nRenaud Cornand, Docteur en Sociologie de l&rsquo;\u00e9ducation, Aix-Marseille Universit\u00e9<br \/>\nChristine F\u00e9lix, MCF en Sciences de l&rsquo;\u00e9ducation, Aix-Marseille Universit\u00e9<br \/>\nGa\u00ebl Marsaud, Docteur en Science politique, Paris 8<br \/>\nCl\u00e9ment Teffri-Chambelland, Stagiaire recherche \u00e0 Mesopolhis, Etudiant en Master M\u00e9tiers de l&rsquo;Info, Sciences Po Aix\n\n","protected":false},"excerpt":{"rendered":"<p>Home \u00bb Cit\u00e9s \u00e9ducatives 2022-2025. Les Cit\u00e9s \u00e9ducatives Marseillaises Educational cities 2022-2025. Les Cit\u00e9s \u00e9ducatives Marseillaises A team of Mesopolhis Axis 1 researchers is in charge of a state-funded evaluative research project on the Cit\u00e9s \u00e9ducatives in Marseille. Project coordinators Magali Nonjon (MCF, Mesopolhis)Ariane Richard-Bossez (MCF, Mesopolhis)Camille Floderer (post-doctoral fellow, Mesopolhis) Presentation...<\/p>","protected":false},"author":4,"featured_media":0,"parent":0,"menu_order":0,"comment_status":"closed","ping_status":"closed","template":"","meta":{"_acf_changed":false,"inline_featured_image":false,"footnotes":""},"class_list":["post-32145","page","type-page","status-publish","hentry"],"acf":[],"yoast_head":"<!-- This site is optimized with the Yoast SEO plugin v27.5 - https:\/\/yoast.com\/product\/yoast-seo-wordpress\/ -->\n<title>Cit\u00e9s \u00e9ducatives 2022-2025 . Les Cit\u00e9s \u00e9ducatives Marseillaises - Mesopolhis<\/title>\n<meta name=\"robots\" content=\"index, follow, max-snippet:-1, max-image-preview:large, max-video-preview:-1\" \/>\n<link rel=\"canonical\" href=\"https:\/\/mesopolhis.fr\/en\/educational-sites-2022-2025-educational-sites\/\" \/>\n<meta property=\"og:locale\" content=\"en_GB\" \/>\n<meta property=\"og:type\" content=\"article\" \/>\n<meta property=\"og:title\" content=\"Cit\u00e9s \u00e9ducatives 2022-2025 . Les Cit\u00e9s \u00e9ducatives Marseillaises - Mesopolhis\" \/>\n<meta property=\"og:description\" content=\"Accueil &raquo; Cit\u00e9s \u00e9ducatives 2022-2025 . Les Cit\u00e9s \u00e9ducatives Marseillaises Cit\u00e9s \u00e9ducatives 2022-2025. Les Cit\u00e9s \u00e9ducatives Marseillaises\u00a0 \u00a0\u00a0 Une \u00e9quipe de chercheurs de l&rsquo;axe 1 de Mesopolhis est en charge d&rsquo;une recherche \u00e9valuative sur les Cit\u00e9s \u00e9ducatives marseillaises, financ\u00e9e par l&rsquo;Etat. Coordinatrices de projet Magali Nonjon (MCF, Mesopolhis)Ariane Richard-Bossez (MCF, Mesopolhis)Camille Floderer (post-doctorante, Mesopolhis) Pr\u00e9sentation&hellip;\" \/>\n<meta property=\"og:url\" content=\"https:\/\/mesopolhis.fr\/en\/educational-sites-2022-2025-educational-sites\/\" \/>\n<meta property=\"og:site_name\" content=\"Mesopolhis\" \/>\n<meta property=\"article:modified_time\" content=\"2025-09-04T09:51:17+00:00\" \/>\n<meta name=\"twitter:card\" content=\"summary_large_image\" \/>\n<meta name=\"twitter:label1\" content=\"Estimated reading time\" \/>\n\t<meta name=\"twitter:data1\" content=\"3 minutes\" \/>\n<script type=\"application\/ld+json\" class=\"yoast-schema-graph\">{\"@context\":\"https:\\\/\\\/schema.org\",\"@graph\":[{\"@type\":\"WebPage\",\"@id\":\"https:\\\/\\\/mesopolhis.fr\\\/cites-educatives-2022-2025-les-cites-educatives\\\/\",\"url\":\"https:\\\/\\\/mesopolhis.fr\\\/cites-educatives-2022-2025-les-cites-educatives\\\/\",\"name\":\"Cit\u00e9s \u00e9ducatives 2022-2025 . Les Cit\u00e9s \u00e9ducatives Marseillaises - Mesopolhis\",\"isPartOf\":{\"@id\":\"https:\\\/\\\/mesopolhis.fr\\\/#website\"},\"datePublished\":\"2022-11-15T15:02:31+00:00\",\"dateModified\":\"2025-09-04T09:51:17+00:00\",\"breadcrumb\":{\"@id\":\"https:\\\/\\\/mesopolhis.fr\\\/cites-educatives-2022-2025-les-cites-educatives\\\/#breadcrumb\"},\"inLanguage\":\"en-GB\",\"potentialAction\":[{\"@type\":\"ReadAction\",\"target\":[\"https:\\\/\\\/mesopolhis.fr\\\/cites-educatives-2022-2025-les-cites-educatives\\\/\"]}]},{\"@type\":\"BreadcrumbList\",\"@id\":\"https:\\\/\\\/mesopolhis.fr\\\/cites-educatives-2022-2025-les-cites-educatives\\\/#breadcrumb\",\"itemListElement\":[{\"@type\":\"ListItem\",\"position\":1,\"name\":\"Accueil\",\"item\":\"https:\\\/\\\/mesopolhis.fr\\\/\"},{\"@type\":\"ListItem\",\"position\":2,\"name\":\"Cit\u00e9s \u00e9ducatives 2022-2025 . Les Cit\u00e9s \u00e9ducatives Marseillaises\"}]},{\"@type\":\"WebSite\",\"@id\":\"https:\\\/\\\/mesopolhis.fr\\\/#website\",\"url\":\"https:\\\/\\\/mesopolhis.fr\\\/\",\"name\":\"Mesopolhis\",\"description\":\"Centre m\u00e9diterran\u00e9en de sociologie, de science politique et d&#039;histoire\",\"publisher\":{\"@id\":\"https:\\\/\\\/mesopolhis.fr\\\/#organization\"},\"potentialAction\":[{\"@type\":\"SearchAction\",\"target\":{\"@type\":\"EntryPoint\",\"urlTemplate\":\"https:\\\/\\\/mesopolhis.fr\\\/?s={search_term_string}\"},\"query-input\":{\"@type\":\"PropertyValueSpecification\",\"valueRequired\":true,\"valueName\":\"search_term_string\"}}],\"inLanguage\":\"en-GB\"},{\"@type\":\"Organization\",\"@id\":\"https:\\\/\\\/mesopolhis.fr\\\/#organization\",\"name\":\"Mesopolhis\",\"url\":\"https:\\\/\\\/mesopolhis.fr\\\/\",\"logo\":{\"@type\":\"ImageObject\",\"inLanguage\":\"en-GB\",\"@id\":\"https:\\\/\\\/mesopolhis.fr\\\/#\\\/schema\\\/logo\\\/image\\\/\",\"url\":\"https:\\\/\\\/mesopolhis.fr\\\/wp-content\\\/uploads\\\/2021\\\/12\\\/Logo_MESOPOLHIS_Quadri.png\",\"contentUrl\":\"https:\\\/\\\/mesopolhis.fr\\\/wp-content\\\/uploads\\\/2021\\\/12\\\/Logo_MESOPOLHIS_Quadri.png\",\"width\":264,\"height\":69,\"caption\":\"Mesopolhis\"},\"image\":{\"@id\":\"https:\\\/\\\/mesopolhis.fr\\\/#\\\/schema\\\/logo\\\/image\\\/\"}}]}<\/script>\n<!-- \/ Yoast SEO plugin. -->","yoast_head_json":{"title":"Cit\u00e9s \u00e9ducatives 2022-2025 . Les Cit\u00e9s \u00e9ducatives Marseillaises - Mesopolhis","robots":{"index":"index","follow":"follow","max-snippet":"max-snippet:-1","max-image-preview":"max-image-preview:large","max-video-preview":"max-video-preview:-1"},"canonical":"https:\/\/mesopolhis.fr\/en\/educational-sites-2022-2025-educational-sites\/","og_locale":"en_GB","og_type":"article","og_title":"Cit\u00e9s \u00e9ducatives 2022-2025 . Les Cit\u00e9s \u00e9ducatives Marseillaises - Mesopolhis","og_description":"Accueil &raquo; Cit\u00e9s \u00e9ducatives 2022-2025 . Les Cit\u00e9s \u00e9ducatives Marseillaises Cit\u00e9s \u00e9ducatives 2022-2025. Les Cit\u00e9s \u00e9ducatives Marseillaises\u00a0 \u00a0\u00a0 Une \u00e9quipe de chercheurs de l&rsquo;axe 1 de Mesopolhis est en charge d&rsquo;une recherche \u00e9valuative sur les Cit\u00e9s \u00e9ducatives marseillaises, financ\u00e9e par l&rsquo;Etat. Coordinatrices de projet Magali Nonjon (MCF, Mesopolhis)Ariane Richard-Bossez (MCF, Mesopolhis)Camille Floderer (post-doctorante, Mesopolhis) Pr\u00e9sentation&hellip;","og_url":"https:\/\/mesopolhis.fr\/en\/educational-sites-2022-2025-educational-sites\/","og_site_name":"Mesopolhis","article_modified_time":"2025-09-04T09:51:17+00:00","twitter_card":"summary_large_image","twitter_misc":{"Estimated reading time":"3 minutes"},"schema":{"@context":"https:\/\/schema.org","@graph":[{"@type":"WebPage","@id":"https:\/\/mesopolhis.fr\/cites-educatives-2022-2025-les-cites-educatives\/","url":"https:\/\/mesopolhis.fr\/cites-educatives-2022-2025-les-cites-educatives\/","name":"Cit\u00e9s \u00e9ducatives 2022-2025 . Les Cit\u00e9s \u00e9ducatives Marseillaises - Mesopolhis","isPartOf":{"@id":"https:\/\/mesopolhis.fr\/#website"},"datePublished":"2022-11-15T15:02:31+00:00","dateModified":"2025-09-04T09:51:17+00:00","breadcrumb":{"@id":"https:\/\/mesopolhis.fr\/cites-educatives-2022-2025-les-cites-educatives\/#breadcrumb"},"inLanguage":"en-GB","potentialAction":[{"@type":"ReadAction","target":["https:\/\/mesopolhis.fr\/cites-educatives-2022-2025-les-cites-educatives\/"]}]},{"@type":"BreadcrumbList","@id":"https:\/\/mesopolhis.fr\/cites-educatives-2022-2025-les-cites-educatives\/#breadcrumb","itemListElement":[{"@type":"ListItem","position":1,"name":"Accueil","item":"https:\/\/mesopolhis.fr\/"},{"@type":"ListItem","position":2,"name":"Cit\u00e9s \u00e9ducatives 2022-2025 . Les Cit\u00e9s \u00e9ducatives Marseillaises"}]},{"@type":"WebSite","@id":"https:\/\/mesopolhis.fr\/#website","url":"https:\/\/mesopolhis.fr\/","name":"Mesopolhis","description":"Mediterranean Centre for Sociology, Political Science and History","publisher":{"@id":"https:\/\/mesopolhis.fr\/#organization"},"potentialAction":[{"@type":"SearchAction","target":{"@type":"EntryPoint","urlTemplate":"https:\/\/mesopolhis.fr\/?s={search_term_string}"},"query-input":{"@type":"PropertyValueSpecification","valueRequired":true,"valueName":"search_term_string"}}],"inLanguage":"en-GB"},{"@type":"Organization","@id":"https:\/\/mesopolhis.fr\/#organization","name":"Mesopolhis","url":"https:\/\/mesopolhis.fr\/","logo":{"@type":"ImageObject","inLanguage":"en-GB","@id":"https:\/\/mesopolhis.fr\/#\/schema\/logo\/image\/","url":"https:\/\/mesopolhis.fr\/wp-content\/uploads\/2021\/12\/Logo_MESOPOLHIS_Quadri.png","contentUrl":"https:\/\/mesopolhis.fr\/wp-content\/uploads\/2021\/12\/Logo_MESOPOLHIS_Quadri.png","width":264,"height":69,"caption":"Mesopolhis"},"image":{"@id":"https:\/\/mesopolhis.fr\/#\/schema\/logo\/image\/"}}]}},"_links":{"self":[{"href":"https:\/\/mesopolhis.fr\/en\/wp-json\/wp\/v2\/pages\/32145","targetHints":{"allow":["GET"]}}],"collection":[{"href":"https:\/\/mesopolhis.fr\/en\/wp-json\/wp\/v2\/pages"}],"about":[{"href":"https:\/\/mesopolhis.fr\/en\/wp-json\/wp\/v2\/types\/page"}],"author":[{"embeddable":true,"href":"https:\/\/mesopolhis.fr\/en\/wp-json\/wp\/v2\/users\/4"}],"replies":[{"embeddable":true,"href":"https:\/\/mesopolhis.fr\/en\/wp-json\/wp\/v2\/comments?post=32145"}],"version-history":[{"count":1,"href":"https:\/\/mesopolhis.fr\/en\/wp-json\/wp\/v2\/pages\/32145\/revisions"}],"predecessor-version":[{"id":37908,"href":"https:\/\/mesopolhis.fr\/en\/wp-json\/wp\/v2\/pages\/32145\/revisions\/37908"}],"wp:attachment":[{"href":"https:\/\/mesopolhis.fr\/en\/wp-json\/wp\/v2\/media?parent=32145"}],"curies":[{"name":"wp","href":"https:\/\/api.w.org\/{rel}","templated":true}]}}