{"id":32018,"date":"2022-10-24T11:29:28","date_gmt":"2022-10-24T09:29:28","guid":{"rendered":"https:\/\/mesopolhis.fr\/?page_id=32018"},"modified":"2025-12-11T10:37:42","modified_gmt":"2025-12-11T09:37:42","slug":"hope-analysis-of-fire-fighting-assistance-in-road-safety-etat","status":"publish","type":"page","link":"https:\/\/mesopolhis.fr\/en\/hope-analysis-of-fire-fighting-assistance-in-road-safety-etat\/","title":{"rendered":"\"ESPOIR: AnalysE des Secours Pompiers en s\u00e9curIt\u00e9 Routi\u00e8re\" . STATUS"},"content":{"rendered":"<nav id=\"breadcrumbs\" aria-label=\"Breadcrumbs\"><a href=\"https:\/\/mesopolhis.fr\/en\/\">Home<\/a> \u00bbESPOIR: AnalysE des Secours Pompiers en s\u00e9curIt\u00e9 Routi\u00e8re\u00ab . STATUS<\/nav><h1>\n\t\t\u00abESPOIR: AnalysE des Secours Pompiers en s\u00e9curIt\u00e9 Routi\u00e8re\u00bb - STATE\u00a0\n\t<\/h1>\n\t\t\t<h3> Duration: 30 months (2022 - 2025)<\/h3>\t\t\n\t\t\t<h3> Funding (Ministry of the Interior and Overseas France): \u20ac216,000<\/h3>\t\t\n\t\t\t<h3> Project sponsor: Universit\u00e9 Gustave Eiffel<\/h3>\t\t\n\t\t\t<h3> Co-sponsors: AMU-Mesopolhis and ENSOSP<\/h3>\t\t\n\t\t\t<h3> Project team<\/h3> <p><strong>Laurent CARNIS<\/strong>, Research Director, Universit\u00e9 Gustave Eiffel (DEST) - Project Manager<strong>C\u00e9dric GARCIA<\/strong>Research Engineer, Gustave Eiffel University<strong>Oc\u00e9ane PERONA<\/strong>Senior Lecturer in Sociology, Aix-Marseille University (Mesopolhis)<strong>Tommaso GIURIATI<\/strong>, Sociologist at the Mesopolhis laboratory of the Mediterranean Centre for Sociology, Political Science and History in Aix-en-Provence.<strong>Anne KLETZLEN<\/strong>, Law and sociology researcher, associated with the Mesopolhis laboratory at the Mediterranean Centre for Sociology, Political Science and History in Aix-en-Provence.<strong>Audrey MOREL SENATORE<\/strong>Head of Department, ENSOSP\u00a0<strong>Djamila GROS<\/strong>Administrative Assistant, ENSOSP<strong>Wilfried STEFIC<\/strong>Commander, ENSOSP<\/p>\t\t\n\t\tThis project has 3 main focuses:\n\t\t\t\t\t\n<h2>\n\t\tCharacterise and understand the organisation of first aid to improve road safety\n\t<\/h2>\n\t<ul>\n<li>Rapid intervention by the fire service at the scene of an accident is crucial to saving lives and reducing the consequences of the accident. The consequences of an accident for the victim depend, among other things, on the speed of the response and the conditions in which the victim is secured. A rapid transfer of the victim to the emergency services reduces the probability of death in the event of a victim surviving the accident (this is known as the Golden Hour). As a result, the quality of the fire brigade's response is crucial in preventing a fatality during the evacuation of the victim or a worsening of the consequences of the injuries. These interventions are a lever for improving road safety.\n<p>The conditions under which these services are provided depend in particular on the human and technical resources available to carry them out, but also on the different environments in which they operate (more or less urbanised areas), with organisational constraints (size of workforce, diversity of missions, etc.) and users' vehicles now equipped with e-call (since April 2018 for new vehicles).<\/p>\n<p>However, little is known about the activities of the fire brigade. This line of research will aim to characterise and document the road safety work carried out by the fire brigade, whose remit extends beyond road rescue.<\/p>\nThe aim will therefore be to produce new knowledge about the conditions under which firefighters operate and to identify the human and technical resources deployed by the SISs. It will also involve determining their territorial distribution and comparing the resources and types of rescue centre with the territorial conditions for intervention. A second objective will be to characterise the conditions under which response operations are carried out, particularly in terms of response times and types, as well as their place among other rescue missions. Finally, a third objective will be to compare the accident rate recorded at departmental level with the location of SIS resources.<\/li>\n<\/ul>\n<h2>\n\t\tBe aware of road safety issues at the scene of an incident\n\t<\/h2>\n\t<ul>\n<li>Road safety data is important for characterising the issues, steering policies and prioritising interventions. Access to different sources of information and data is therefore crucial.\n<p>When the fire brigade arrives at the scene of an accident, it collects a range of useful information that should be exploited. The types of injury in these accidents, some of which are not included in the ONISR database, can be analysed using the emergency services' emergency response reports. At the dawn of a technological transformation within the SIS, there are new possibilities for collecting data on people injured in road accidents. This action will analyse a representative sample of this database. Access to this database should make it possible to obtain additional information on road accidents, their level and characteristics (type of network, place and time of accident).<\/p>\nIn addition, SIS activities include a preventive and public information component, which needs to be documented and better defined. It would also be useful to have information on the activities carried out and feedback on the preventive measures taken. How are these actions designed? Is there any feedback? How are they taken into account? Analysis of the database should also help to better characterise and contextualise fire-fighting operations.<\/li>\n<\/ul>\n<h2>\n\t\tKnowledge of the life-saving professions: representation, issues and barriers\n\t<\/h2>\n\t<ul>\n<li>As first responders in roadside rescue, firefighters are also subject to psychological risks associated with their work, which can lead to post-traumatic stress. Some firefighters are also involved in accidents at work, making this a high-risk occupation for saving lives and rescuing victims.\nThe aim of this line of research is to gain a better understanding of how firefighters carry out their duties in terms of<br \/>\nThe aim of this line of research, which will involve interviews in the field and the drafting of a questionnaire, is also to document firefighters' perceptions of their missions, as well as their training requirements. The aim of this line of research, through interviews conducted in the field and the drafting of a questionnaire, should also make it possible to document the perceptions of firefighters regarding their missions, as well as organisational and mission barriers, and to identify the issues concerning intervention conditions, particularly with the technological evolution of vehicles. The project will also aim to study and document preventive actions. The study of organisational constraints will involve identifying the issues relating to the means of action and the priority given to road safety missions, as well as studying relations with local decision-makers, such as prefects (through the SDACR, departmental risk analysis and coverage plans) and relays within the prefectures.\nThe three areas of research in this project should enable us to better document and characterise the action of fire brigades in road safety.<\/li>\n<\/ul>","protected":false},"excerpt":{"rendered":"<p>Home \u00bb \u00ab ESPOIR: analysE des Secours Pompiers en s\u00e9curIt\u00e9 Routi\u00e8re \u00bb . STATE \u00abESPOIR : analysE des Secours Pompiers en s\u00e9curIt\u00e9 Routi\u00e8re\u00bb - STATE Duration: 30 months (2022 - 2025) Funding (Ministry of the Interior and Overseas France): \u20ac216,000 Project sponsor: Universit\u00e9 Gustave Eiffel Co-project sponsors: AMU-Mesopolhis and ENSOSP Team:...<\/p>","protected":false},"author":4,"featured_media":0,"parent":0,"menu_order":0,"comment_status":"closed","ping_status":"closed","template":"","meta":{"_acf_changed":false,"inline_featured_image":false,"footnotes":""},"class_list":["post-32018","page","type-page","status-publish","hentry"],"acf":[],"yoast_head":"<!-- This site is optimized with the Yoast SEO plugin v27.4 - https:\/\/yoast.com\/product\/yoast-seo-wordpress\/ -->\n<title>\u00ab\u00a0ESPOIR : analysE des Secours Pompiers en s\u00e9curIt\u00e9 Routi\u00e8re \u00bb . ETAT - Mesopolhis<\/title>\n<meta name=\"robots\" content=\"index, follow, max-snippet:-1, max-image-preview:large, max-video-preview:-1\" \/>\n<link rel=\"canonical\" href=\"https:\/\/mesopolhis.fr\/en\/hope-analysis-of-fire-fighting-assistance-in-road-safety-etat\/\" \/>\n<meta property=\"og:locale\" content=\"en_GB\" \/>\n<meta property=\"og:type\" content=\"article\" \/>\n<meta property=\"og:title\" content=\"\u00ab\u00a0ESPOIR : analysE des Secours Pompiers en s\u00e9curIt\u00e9 Routi\u00e8re \u00bb . ETAT - Mesopolhis\" \/>\n<meta property=\"og:description\" content=\"Accueil &raquo; \u00ab\u00a0ESPOIR : analysE des Secours Pompiers en s\u00e9curIt\u00e9 Routi\u00e8re \u00bb . ETAT \u00ab ESPOIR : analysE des Secours Pompiers en s\u00e9curIt\u00e9 Routi\u00e8re \u00bb &#8211; ETAT\u00a0 Dur\u00e9e : 30 mois (2022 &#8211; 2025) Financement (Minist\u00e8re de l&#039;int\u00e9rieur et des Outre-Mer) : 216 000\u20ac Porteur : Universit\u00e9 Gustave Eiffel Co-porteurs : AMU-Mesopolhis et l&#039;ENSOSP Equipe&hellip;\" \/>\n<meta property=\"og:url\" content=\"https:\/\/mesopolhis.fr\/en\/hope-analysis-of-fire-fighting-assistance-in-road-safety-etat\/\" \/>\n<meta property=\"og:site_name\" content=\"Mesopolhis\" \/>\n<meta property=\"article:modified_time\" content=\"2025-12-11T09:37:42+00:00\" \/>\n<meta name=\"twitter:card\" content=\"summary_large_image\" \/>\n<script type=\"application\/ld+json\" class=\"yoast-schema-graph\">{\"@context\":\"https:\\\/\\\/schema.org\",\"@graph\":[{\"@type\":\"WebPage\",\"@id\":\"https:\\\/\\\/mesopolhis.fr\\\/espoir-analyse-des-secours-pompiers-en-securite-routiere-etat\\\/\",\"url\":\"https:\\\/\\\/mesopolhis.fr\\\/espoir-analyse-des-secours-pompiers-en-securite-routiere-etat\\\/\",\"name\":\"\u00ab\u00a0ESPOIR : analysE des Secours Pompiers en s\u00e9curIt\u00e9 Routi\u00e8re \u00bb . ETAT - Mesopolhis\",\"isPartOf\":{\"@id\":\"https:\\\/\\\/mesopolhis.fr\\\/#website\"},\"datePublished\":\"2022-10-24T09:29:28+00:00\",\"dateModified\":\"2025-12-11T09:37:42+00:00\",\"breadcrumb\":{\"@id\":\"https:\\\/\\\/mesopolhis.fr\\\/espoir-analyse-des-secours-pompiers-en-securite-routiere-etat\\\/#breadcrumb\"},\"inLanguage\":\"en-GB\",\"potentialAction\":[{\"@type\":\"ReadAction\",\"target\":[\"https:\\\/\\\/mesopolhis.fr\\\/espoir-analyse-des-secours-pompiers-en-securite-routiere-etat\\\/\"]}]},{\"@type\":\"BreadcrumbList\",\"@id\":\"https:\\\/\\\/mesopolhis.fr\\\/espoir-analyse-des-secours-pompiers-en-securite-routiere-etat\\\/#breadcrumb\",\"itemListElement\":[{\"@type\":\"ListItem\",\"position\":1,\"name\":\"Accueil\",\"item\":\"https:\\\/\\\/mesopolhis.fr\\\/\"},{\"@type\":\"ListItem\",\"position\":2,\"name\":\"\u00ab\u00a0ESPOIR : analysE des Secours Pompiers en s\u00e9curIt\u00e9 Routi\u00e8re \u00bb . ETAT\"}]},{\"@type\":\"WebSite\",\"@id\":\"https:\\\/\\\/mesopolhis.fr\\\/#website\",\"url\":\"https:\\\/\\\/mesopolhis.fr\\\/\",\"name\":\"Mesopolhis\",\"description\":\"Centre m\u00e9diterran\u00e9en de sociologie, de science politique et d&#039;histoire\",\"publisher\":{\"@id\":\"https:\\\/\\\/mesopolhis.fr\\\/#organization\"},\"potentialAction\":[{\"@type\":\"SearchAction\",\"target\":{\"@type\":\"EntryPoint\",\"urlTemplate\":\"https:\\\/\\\/mesopolhis.fr\\\/?s={search_term_string}\"},\"query-input\":{\"@type\":\"PropertyValueSpecification\",\"valueRequired\":true,\"valueName\":\"search_term_string\"}}],\"inLanguage\":\"en-GB\"},{\"@type\":\"Organization\",\"@id\":\"https:\\\/\\\/mesopolhis.fr\\\/#organization\",\"name\":\"Mesopolhis\",\"url\":\"https:\\\/\\\/mesopolhis.fr\\\/\",\"logo\":{\"@type\":\"ImageObject\",\"inLanguage\":\"en-GB\",\"@id\":\"https:\\\/\\\/mesopolhis.fr\\\/#\\\/schema\\\/logo\\\/image\\\/\",\"url\":\"https:\\\/\\\/mesopolhis.fr\\\/wp-content\\\/uploads\\\/2021\\\/12\\\/Logo_MESOPOLHIS_Quadri.png\",\"contentUrl\":\"https:\\\/\\\/mesopolhis.fr\\\/wp-content\\\/uploads\\\/2021\\\/12\\\/Logo_MESOPOLHIS_Quadri.png\",\"width\":264,\"height\":69,\"caption\":\"Mesopolhis\"},\"image\":{\"@id\":\"https:\\\/\\\/mesopolhis.fr\\\/#\\\/schema\\\/logo\\\/image\\\/\"}}]}<\/script>\n<!-- \/ Yoast SEO plugin. -->","yoast_head_json":{"title":"\"ESPOIR: AnalysE des Secours Pompiers en s\u00e9curIt\u00e9 Routi\u00e8re\" . STATE - Mesopolhis","robots":{"index":"index","follow":"follow","max-snippet":"max-snippet:-1","max-image-preview":"max-image-preview:large","max-video-preview":"max-video-preview:-1"},"canonical":"https:\/\/mesopolhis.fr\/en\/hope-analysis-of-fire-fighting-assistance-in-road-safety-etat\/","og_locale":"en_GB","og_type":"article","og_title":"\u00ab\u00a0ESPOIR : analysE des Secours Pompiers en s\u00e9curIt\u00e9 Routi\u00e8re \u00bb . ETAT - Mesopolhis","og_description":"Accueil &raquo; \u00ab\u00a0ESPOIR : analysE des Secours Pompiers en s\u00e9curIt\u00e9 Routi\u00e8re \u00bb . ETAT \u00ab ESPOIR : analysE des Secours Pompiers en s\u00e9curIt\u00e9 Routi\u00e8re \u00bb &#8211; ETAT\u00a0 Dur\u00e9e : 30 mois (2022 &#8211; 2025) Financement (Minist\u00e8re de l&#039;int\u00e9rieur et des Outre-Mer) : 216 000\u20ac Porteur : Universit\u00e9 Gustave Eiffel Co-porteurs : AMU-Mesopolhis et l&#039;ENSOSP Equipe&hellip;","og_url":"https:\/\/mesopolhis.fr\/en\/hope-analysis-of-fire-fighting-assistance-in-road-safety-etat\/","og_site_name":"Mesopolhis","article_modified_time":"2025-12-11T09:37:42+00:00","twitter_card":"summary_large_image","schema":{"@context":"https:\/\/schema.org","@graph":[{"@type":"WebPage","@id":"https:\/\/mesopolhis.fr\/espoir-analyse-des-secours-pompiers-en-securite-routiere-etat\/","url":"https:\/\/mesopolhis.fr\/espoir-analyse-des-secours-pompiers-en-securite-routiere-etat\/","name":"\"ESPOIR: AnalysE des Secours Pompiers en s\u00e9curIt\u00e9 Routi\u00e8re\" . STATE - Mesopolhis","isPartOf":{"@id":"https:\/\/mesopolhis.fr\/#website"},"datePublished":"2022-10-24T09:29:28+00:00","dateModified":"2025-12-11T09:37:42+00:00","breadcrumb":{"@id":"https:\/\/mesopolhis.fr\/espoir-analyse-des-secours-pompiers-en-securite-routiere-etat\/#breadcrumb"},"inLanguage":"en-GB","potentialAction":[{"@type":"ReadAction","target":["https:\/\/mesopolhis.fr\/espoir-analyse-des-secours-pompiers-en-securite-routiere-etat\/"]}]},{"@type":"BreadcrumbList","@id":"https:\/\/mesopolhis.fr\/espoir-analyse-des-secours-pompiers-en-securite-routiere-etat\/#breadcrumb","itemListElement":[{"@type":"ListItem","position":1,"name":"Accueil","item":"https:\/\/mesopolhis.fr\/"},{"@type":"ListItem","position":2,"name":"\u00ab\u00a0ESPOIR : analysE des Secours Pompiers en s\u00e9curIt\u00e9 Routi\u00e8re \u00bb . ETAT"}]},{"@type":"WebSite","@id":"https:\/\/mesopolhis.fr\/#website","url":"https:\/\/mesopolhis.fr\/","name":"Mesopolhis","description":"Mediterranean Centre for Sociology, Political Science and History","publisher":{"@id":"https:\/\/mesopolhis.fr\/#organization"},"potentialAction":[{"@type":"SearchAction","target":{"@type":"EntryPoint","urlTemplate":"https:\/\/mesopolhis.fr\/?s={search_term_string}"},"query-input":{"@type":"PropertyValueSpecification","valueRequired":true,"valueName":"search_term_string"}}],"inLanguage":"en-GB"},{"@type":"Organization","@id":"https:\/\/mesopolhis.fr\/#organization","name":"Mesopolhis","url":"https:\/\/mesopolhis.fr\/","logo":{"@type":"ImageObject","inLanguage":"en-GB","@id":"https:\/\/mesopolhis.fr\/#\/schema\/logo\/image\/","url":"https:\/\/mesopolhis.fr\/wp-content\/uploads\/2021\/12\/Logo_MESOPOLHIS_Quadri.png","contentUrl":"https:\/\/mesopolhis.fr\/wp-content\/uploads\/2021\/12\/Logo_MESOPOLHIS_Quadri.png","width":264,"height":69,"caption":"Mesopolhis"},"image":{"@id":"https:\/\/mesopolhis.fr\/#\/schema\/logo\/image\/"}}]}},"_links":{"self":[{"href":"https:\/\/mesopolhis.fr\/en\/wp-json\/wp\/v2\/pages\/32018","targetHints":{"allow":["GET"]}}],"collection":[{"href":"https:\/\/mesopolhis.fr\/en\/wp-json\/wp\/v2\/pages"}],"about":[{"href":"https:\/\/mesopolhis.fr\/en\/wp-json\/wp\/v2\/types\/page"}],"author":[{"embeddable":true,"href":"https:\/\/mesopolhis.fr\/en\/wp-json\/wp\/v2\/users\/4"}],"replies":[{"embeddable":true,"href":"https:\/\/mesopolhis.fr\/en\/wp-json\/wp\/v2\/comments?post=32018"}],"version-history":[{"count":3,"href":"https:\/\/mesopolhis.fr\/en\/wp-json\/wp\/v2\/pages\/32018\/revisions"}],"predecessor-version":[{"id":38838,"href":"https:\/\/mesopolhis.fr\/en\/wp-json\/wp\/v2\/pages\/32018\/revisions\/38838"}],"wp:attachment":[{"href":"https:\/\/mesopolhis.fr\/en\/wp-json\/wp\/v2\/media?parent=32018"}],"curies":[{"name":"wp","href":"https:\/\/api.w.org\/{rel}","templated":true}]}}