{"id":31777,"date":"2022-10-12T14:28:18","date_gmt":"2022-10-12T12:28:18","guid":{"rendered":"https:\/\/mesopolhis.fr\/?page_id=31777"},"modified":"2025-09-29T15:01:04","modified_gmt":"2025-09-29T13:01:04","slug":"becoming-a-doctoral-student","status":"publish","type":"page","link":"https:\/\/mesopolhis.fr\/en\/phd\/becoming-a-doctoral-student\/","title":{"rendered":"Becoming a doctoral student"},"content":{"rendered":"<nav id=\"breadcrumbs\" aria-label=\"Breadcrumbs\"><a href=\"https:\/\/mesopolhis.fr\/en\/\">Home<\/a> \" <a href=\"https:\/\/mesopolhis.fr\/en\/phd\/\">Doctorate<\/a> \u00bbBecoming a doctoral student<\/nav><h1>\n\t\tBecoming a doctoral student\n\t<\/h1>\n<h1>\n\t\tDoctoral training is a priority mission of the MESOPOLHIS laboratory.\n\t<\/h1>\n\tEach year, MESOPOLHIS welcomes doctoral students who come to prepare their thesis under the supervision of a full member of the unit (university professor, CNRS research director, lecturer qualified to direct research).<br \/>\nLa <strong>doctoral training<\/strong> is one of the fundamental missions of any laboratory with regard to doctoral students preparing their thesis under its auspices.\n<p>In addition to the research carried out as part of their dissertation project, the training of these young researchers includes active participation in workshops, seminars and training courses designed both to provide them with a scientific culture and to prepare them for careers in higher education and research (academic careers, study centres, R&amp;D, consultancy and expertise, etc.).<\/p>\n<p>From the start of the academic year, a \"Discovery Trail\" is offered to newly-arrived doctoral students to introduce them to the laboratory's facilities and resources.<\/p>\n<h3>\n\t\tDoctoral guide<br \/> at MESOPOLHIS\n\t<\/h3>\n\tThe purpose of this guide is to inform doctoral students and their supervisors of their rights and obligations. It also looks at how theses are supervised, the possibilities for support, etc.<br \/>\nfinancial support and representation of doctoral students within the various doctoral-related bodies (Research Units (RU), Doctoral Schools (ED), Associations, etc.).\n\t\t\t<a href=\"https:\/\/mesopolhis.fr\/en\/phd\/the-doctorate-guide\/\" target=\"_self\">\n\t\t\t\t\t\t\tFind out more\n\t\t\t\t\t<\/a>\n<h3>\n\t\tPractical guide to MESOPOLHIS\n\t<\/h3>\n\t\t\t<a href=\"https:\/\/mesopolhis.fr\/en\/the-laboratory\/mesopolhis-practical-guide\/\" target=\"_blank\" rel=\"noopener\">\n\t\t\t\t\t\t\tFind out more\n\t\t\t\t\t<\/a>\n\t\t\t\t<a href=\"https:\/\/ecole-doctorale-355.univ-amu.fr\/fr\/ecole-doctorale-355-espaces-cultures-societes-contrats-doctoraux-classiques-amu-2022-2025-selection\" target=\"_self\">\n\t\t\t\t<img loading=\"lazy\" decoding=\"async\" src=\"https:\/\/mesopolhis.fr\/wp-content\/uploads\/2022\/10\/ed_3.png\" alt=\"ed_3\" height=\"200\" width=\"200\" title=\"ed_3\" \/>\n\t\t\t\t<\/a>\n\t\t\t\t<a href=\"https:\/\/ecole-doctorale-67.univ-amu.fr\/fr\/ed-67\" target=\"_self\">\n\t\t\t\t<img loading=\"lazy\" decoding=\"async\" src=\"https:\/\/mesopolhis.fr\/wp-content\/uploads\/2022\/10\/logo_ed67_n.1.png\" alt=\"logo_ed67_n.1\" height=\"433\" width=\"577\" title=\"logo_ed67_n.1\" \/>\n\t\t\t\t<\/a>","protected":false},"excerpt":{"rendered":"<p>Home \u00bb Doctoral studies \u00bb Becoming a doctoral student Becoming a doctoral student Doctoral training is one of the MESOPOLHIS laboratory's priorities. Every year, MESOPOLHIS welcomes doctoral students who come to prepare their thesis under the supervision of a full member of the unit (university professor, CNRS research director, lecturer qualified to supervise...<\/p>","protected":false},"author":4,"featured_media":0,"parent":533,"menu_order":0,"comment_status":"closed","ping_status":"closed","template":"","meta":{"_acf_changed":false,"inline_featured_image":false,"footnotes":""},"class_list":["post-31777","page","type-page","status-publish","hentry"],"acf":[],"yoast_head":"<!-- This site is optimized with the Yoast SEO plugin v27.3 - https:\/\/yoast.com\/product\/yoast-seo-wordpress\/ -->\n<title>Devenir doctorant - Mesopolhis<\/title>\n<meta name=\"robots\" content=\"index, follow, max-snippet:-1, max-image-preview:large, max-video-preview:-1\" \/>\n<link rel=\"canonical\" href=\"https:\/\/mesopolhis.fr\/en\/phd\/becoming-a-doctoral-student\/\" \/>\n<meta property=\"og:locale\" content=\"en_GB\" \/>\n<meta property=\"og:type\" content=\"article\" \/>\n<meta property=\"og:title\" content=\"Devenir doctorant - Mesopolhis\" \/>\n<meta property=\"og:description\" content=\"Accueil &raquo; Doctorat &raquo; Devenir doctorant Devenir doctorant La formation doctorale est une mission prioritaire du laboratoire MESOPOLHIS MESOPOLHIS accueille chaque ann\u00e9e des doctorant\u00b7es qui viennent y pr\u00e9parer leur th\u00e8se sous la direction d&rsquo;un\u00b7e membre titulaire de l&rsquo;unit\u00e9 (professeur\u00b7e des universit\u00e9s, directrice ou directeur de recherche CNRS, ma\u00eetresse ou ma\u00eetre de conf\u00e9rences habilit\u00e9\u00b7e \u00e0 diriger&hellip;\" \/>\n<meta property=\"og:url\" content=\"https:\/\/mesopolhis.fr\/en\/phd\/becoming-a-doctoral-student\/\" \/>\n<meta property=\"og:site_name\" content=\"Mesopolhis\" \/>\n<meta property=\"article:modified_time\" content=\"2025-09-29T13:01:04+00:00\" \/>\n<meta property=\"og:image\" content=\"https:\/\/mesopolhis.fr\/wp-content\/uploads\/2022\/10\/ed_3.png\" \/>\n<meta name=\"twitter:card\" content=\"summary_large_image\" \/>\n<meta name=\"twitter:label1\" content=\"Estimated reading time\" \/>\n\t<meta name=\"twitter:data1\" content=\"2 minutes\" \/>\n<script type=\"application\/ld+json\" class=\"yoast-schema-graph\">{\"@context\":\"https:\\\/\\\/schema.org\",\"@graph\":[{\"@type\":\"WebPage\",\"@id\":\"https:\\\/\\\/mesopolhis.fr\\\/doctorat\\\/devenir-doctorant\\\/\",\"url\":\"https:\\\/\\\/mesopolhis.fr\\\/doctorat\\\/devenir-doctorant\\\/\",\"name\":\"Devenir doctorant - Mesopolhis\",\"isPartOf\":{\"@id\":\"https:\\\/\\\/mesopolhis.fr\\\/#website\"},\"primaryImageOfPage\":{\"@id\":\"https:\\\/\\\/mesopolhis.fr\\\/doctorat\\\/devenir-doctorant\\\/#primaryimage\"},\"image\":{\"@id\":\"https:\\\/\\\/mesopolhis.fr\\\/doctorat\\\/devenir-doctorant\\\/#primaryimage\"},\"thumbnailUrl\":\"https:\\\/\\\/mesopolhis.fr\\\/wp-content\\\/uploads\\\/2022\\\/10\\\/ed_3.png\",\"datePublished\":\"2022-10-12T12:28:18+00:00\",\"dateModified\":\"2025-09-29T13:01:04+00:00\",\"breadcrumb\":{\"@id\":\"https:\\\/\\\/mesopolhis.fr\\\/doctorat\\\/devenir-doctorant\\\/#breadcrumb\"},\"inLanguage\":\"en-GB\",\"potentialAction\":[{\"@type\":\"ReadAction\",\"target\":[\"https:\\\/\\\/mesopolhis.fr\\\/doctorat\\\/devenir-doctorant\\\/\"]}]},{\"@type\":\"ImageObject\",\"inLanguage\":\"en-GB\",\"@id\":\"https:\\\/\\\/mesopolhis.fr\\\/doctorat\\\/devenir-doctorant\\\/#primaryimage\",\"url\":\"https:\\\/\\\/mesopolhis.fr\\\/wp-content\\\/uploads\\\/2022\\\/10\\\/ed_3.png\",\"contentUrl\":\"https:\\\/\\\/mesopolhis.fr\\\/wp-content\\\/uploads\\\/2022\\\/10\\\/ed_3.png\"},{\"@type\":\"BreadcrumbList\",\"@id\":\"https:\\\/\\\/mesopolhis.fr\\\/doctorat\\\/devenir-doctorant\\\/#breadcrumb\",\"itemListElement\":[{\"@type\":\"ListItem\",\"position\":1,\"name\":\"Accueil\",\"item\":\"https:\\\/\\\/mesopolhis.fr\\\/\"},{\"@type\":\"ListItem\",\"position\":2,\"name\":\"Doctorat\",\"item\":\"https:\\\/\\\/mesopolhis.fr\\\/doctorat\\\/\"},{\"@type\":\"ListItem\",\"position\":3,\"name\":\"Devenir doctorant\"}]},{\"@type\":\"WebSite\",\"@id\":\"https:\\\/\\\/mesopolhis.fr\\\/#website\",\"url\":\"https:\\\/\\\/mesopolhis.fr\\\/\",\"name\":\"Mesopolhis\",\"description\":\"Centre m\u00e9diterran\u00e9en de sociologie, de science politique et d&#039;histoire\",\"publisher\":{\"@id\":\"https:\\\/\\\/mesopolhis.fr\\\/#organization\"},\"potentialAction\":[{\"@type\":\"SearchAction\",\"target\":{\"@type\":\"EntryPoint\",\"urlTemplate\":\"https:\\\/\\\/mesopolhis.fr\\\/?s={search_term_string}\"},\"query-input\":{\"@type\":\"PropertyValueSpecification\",\"valueRequired\":true,\"valueName\":\"search_term_string\"}}],\"inLanguage\":\"en-GB\"},{\"@type\":\"Organization\",\"@id\":\"https:\\\/\\\/mesopolhis.fr\\\/#organization\",\"name\":\"Mesopolhis\",\"url\":\"https:\\\/\\\/mesopolhis.fr\\\/\",\"logo\":{\"@type\":\"ImageObject\",\"inLanguage\":\"en-GB\",\"@id\":\"https:\\\/\\\/mesopolhis.fr\\\/#\\\/schema\\\/logo\\\/image\\\/\",\"url\":\"https:\\\/\\\/mesopolhis.fr\\\/wp-content\\\/uploads\\\/2021\\\/12\\\/Logo_MESOPOLHIS_Quadri.png\",\"contentUrl\":\"https:\\\/\\\/mesopolhis.fr\\\/wp-content\\\/uploads\\\/2021\\\/12\\\/Logo_MESOPOLHIS_Quadri.png\",\"width\":264,\"height\":69,\"caption\":\"Mesopolhis\"},\"image\":{\"@id\":\"https:\\\/\\\/mesopolhis.fr\\\/#\\\/schema\\\/logo\\\/image\\\/\"}}]}<\/script>\n<!-- \/ Yoast SEO plugin. -->","yoast_head_json":{"title":"Becoming a doctoral student - Mesopolhis","robots":{"index":"index","follow":"follow","max-snippet":"max-snippet:-1","max-image-preview":"max-image-preview:large","max-video-preview":"max-video-preview:-1"},"canonical":"https:\/\/mesopolhis.fr\/en\/phd\/becoming-a-doctoral-student\/","og_locale":"en_GB","og_type":"article","og_title":"Devenir doctorant - Mesopolhis","og_description":"Accueil &raquo; Doctorat &raquo; Devenir doctorant Devenir doctorant La formation doctorale est une mission prioritaire du laboratoire MESOPOLHIS MESOPOLHIS accueille chaque ann\u00e9e des doctorant\u00b7es qui viennent y pr\u00e9parer leur th\u00e8se sous la direction d&rsquo;un\u00b7e membre titulaire de l&rsquo;unit\u00e9 (professeur\u00b7e des universit\u00e9s, directrice ou directeur de recherche CNRS, ma\u00eetresse ou ma\u00eetre de conf\u00e9rences habilit\u00e9\u00b7e \u00e0 diriger&hellip;","og_url":"https:\/\/mesopolhis.fr\/en\/phd\/becoming-a-doctoral-student\/","og_site_name":"Mesopolhis","article_modified_time":"2025-09-29T13:01:04+00:00","og_image":[{"url":"https:\/\/mesopolhis.fr\/wp-content\/uploads\/2022\/10\/ed_3.png","type":"","width":"","height":""}],"twitter_card":"summary_large_image","twitter_misc":{"Estimated reading time":"2 minutes"},"schema":{"@context":"https:\/\/schema.org","@graph":[{"@type":"WebPage","@id":"https:\/\/mesopolhis.fr\/doctorat\/devenir-doctorant\/","url":"https:\/\/mesopolhis.fr\/doctorat\/devenir-doctorant\/","name":"Becoming a doctoral student - Mesopolhis","isPartOf":{"@id":"https:\/\/mesopolhis.fr\/#website"},"primaryImageOfPage":{"@id":"https:\/\/mesopolhis.fr\/doctorat\/devenir-doctorant\/#primaryimage"},"image":{"@id":"https:\/\/mesopolhis.fr\/doctorat\/devenir-doctorant\/#primaryimage"},"thumbnailUrl":"https:\/\/mesopolhis.fr\/wp-content\/uploads\/2022\/10\/ed_3.png","datePublished":"2022-10-12T12:28:18+00:00","dateModified":"2025-09-29T13:01:04+00:00","breadcrumb":{"@id":"https:\/\/mesopolhis.fr\/doctorat\/devenir-doctorant\/#breadcrumb"},"inLanguage":"en-GB","potentialAction":[{"@type":"ReadAction","target":["https:\/\/mesopolhis.fr\/doctorat\/devenir-doctorant\/"]}]},{"@type":"ImageObject","inLanguage":"en-GB","@id":"https:\/\/mesopolhis.fr\/doctorat\/devenir-doctorant\/#primaryimage","url":"https:\/\/mesopolhis.fr\/wp-content\/uploads\/2022\/10\/ed_3.png","contentUrl":"https:\/\/mesopolhis.fr\/wp-content\/uploads\/2022\/10\/ed_3.png"},{"@type":"BreadcrumbList","@id":"https:\/\/mesopolhis.fr\/doctorat\/devenir-doctorant\/#breadcrumb","itemListElement":[{"@type":"ListItem","position":1,"name":"Accueil","item":"https:\/\/mesopolhis.fr\/"},{"@type":"ListItem","position":2,"name":"Doctorat","item":"https:\/\/mesopolhis.fr\/doctorat\/"},{"@type":"ListItem","position":3,"name":"Devenir doctorant"}]},{"@type":"WebSite","@id":"https:\/\/mesopolhis.fr\/#website","url":"https:\/\/mesopolhis.fr\/","name":"Mesopolhis","description":"Mediterranean Centre for Sociology, Political Science and History","publisher":{"@id":"https:\/\/mesopolhis.fr\/#organization"},"potentialAction":[{"@type":"SearchAction","target":{"@type":"EntryPoint","urlTemplate":"https:\/\/mesopolhis.fr\/?s={search_term_string}"},"query-input":{"@type":"PropertyValueSpecification","valueRequired":true,"valueName":"search_term_string"}}],"inLanguage":"en-GB"},{"@type":"Organization","@id":"https:\/\/mesopolhis.fr\/#organization","name":"Mesopolhis","url":"https:\/\/mesopolhis.fr\/","logo":{"@type":"ImageObject","inLanguage":"en-GB","@id":"https:\/\/mesopolhis.fr\/#\/schema\/logo\/image\/","url":"https:\/\/mesopolhis.fr\/wp-content\/uploads\/2021\/12\/Logo_MESOPOLHIS_Quadri.png","contentUrl":"https:\/\/mesopolhis.fr\/wp-content\/uploads\/2021\/12\/Logo_MESOPOLHIS_Quadri.png","width":264,"height":69,"caption":"Mesopolhis"},"image":{"@id":"https:\/\/mesopolhis.fr\/#\/schema\/logo\/image\/"}}]}},"_links":{"self":[{"href":"https:\/\/mesopolhis.fr\/en\/wp-json\/wp\/v2\/pages\/31777","targetHints":{"allow":["GET"]}}],"collection":[{"href":"https:\/\/mesopolhis.fr\/en\/wp-json\/wp\/v2\/pages"}],"about":[{"href":"https:\/\/mesopolhis.fr\/en\/wp-json\/wp\/v2\/types\/page"}],"author":[{"embeddable":true,"href":"https:\/\/mesopolhis.fr\/en\/wp-json\/wp\/v2\/users\/4"}],"replies":[{"embeddable":true,"href":"https:\/\/mesopolhis.fr\/en\/wp-json\/wp\/v2\/comments?post=31777"}],"version-history":[{"count":2,"href":"https:\/\/mesopolhis.fr\/en\/wp-json\/wp\/v2\/pages\/31777\/revisions"}],"predecessor-version":[{"id":38145,"href":"https:\/\/mesopolhis.fr\/en\/wp-json\/wp\/v2\/pages\/31777\/revisions\/38145"}],"up":[{"embeddable":true,"href":"https:\/\/mesopolhis.fr\/en\/wp-json\/wp\/v2\/pages\/533"}],"wp:attachment":[{"href":"https:\/\/mesopolhis.fr\/en\/wp-json\/wp\/v2\/media?parent=31777"}],"curies":[{"name":"wp","href":"https:\/\/api.w.org\/{rel}","templated":true}]}}