{"id":31443,"date":"2022-09-13T16:15:44","date_gmt":"2022-09-13T14:15:44","guid":{"rendered":"https:\/\/mesopolhis.fr\/?page_id=31443"},"modified":"2026-02-06T17:08:35","modified_gmt":"2026-02-06T16:08:35","slug":"fairville-horizon-ria","status":"publish","type":"page","link":"https:\/\/mesopolhis.fr\/en\/fairville-horizon-ria\/","title":{"rendered":"FAIR'Ville . HORIZON EUROPE"},"content":{"rendered":"<nav id=\"breadcrumbs\" aria-label=\"Breadcrumbs\"><a href=\"https:\/\/mesopolhis.fr\/en\/\">Home<\/a> \u00bbFAIR'Ville. HORIZON EUROPE<\/nav><h2>\n\t\tFairville - Facing Inequalities and democratic challenges through Co-production in Cities\n\t<\/h2>\n<h3>\n\t\tEuropean collective programme - Cluster 2: Culture, Creativity and Inclusive society\n\t<\/h3>\n\t\t\t<h3> Project sponsor: Aix-Marseille University (MESOPOLHIS Laboratory)<\/h3>\t\t\n\t\t\t<h3> MESOPOLHIS scientific managers: Claire Benit and Magali Nonjon<\/h3>\t\t\n\t\t\t<h3> Funding: project funded following the call for proposals HORIZON-CL2-2022-DEMOCRACY-01-03 - The impact of inequalities on democracy.<\/h3>\t\t\n\t<p>If the link between inequalities and declining levels of trust in the political institutions of democracy in Europe has already been shown, the various ways in which both citizens and institutions are trying to face these inequalities and (re)build a sustainable common future remain somewhat under-documented. Indeed, this lacuna becomes even more pronounced when one considers those attempts that go beyond conventional forms of state-led participation. Responding to this gap, the aim of Fairville is to both document and propose pilot models of urban intervention that engage local academics, -authorities, -community-based organisations, -residents and -users in the collective improvement of deprived urban neighbourhoods via a deepening of resident and user participation in new and existing democratic processes. The idea that urban policies should not be made \u00abfor\u00bb populations but rather \u00abwith\u00bb them is a potentially profound engine of social transformation and empowerment. However, the realisation of such co-production processes is often marked by epistemic inequalities and unequal power relations. Cognisant of this issue, the Fairville pilot cases all place an emphasis on exploring the ways in which academic researchers, local communities and local authority representatives can work together to reduce the power and information asymmetries that exist between them. Clustered around three major themes - environmental inequalities, inequalities related to housing and urban planning and inequalities related to climate risks - and ranging from co-diagnosis to co-planning and intervention, the pilots will be carried out as action research and include the implementation of observation, capitalisation and co-evaluation mechanisms. The results of these pilot cases will be widely disseminated to the institutions and citizens concerned and we will work collectively to encourage policy transfer and outreach.<\/p>\n\t\t\t<h3> Members of the consortium<\/h3> <p>-<strong>FRANCE<\/strong>CNRSAMUUNIVERSITE PARIS 8 VINCENNES SAINT-DENISAlternatives for urban projects here and abroadA Town Centre For All<strong>GERMANY<\/strong>TECHNISCHE UNIVERSITAT BERLINICLEI EUROPEAN SECRETARIAT GMBH (ICLEI EUROPASEKR)<strong>BELGIUM<\/strong>COMMUNE D'IXELLESUNIVERSITE LIBRE DE BRUXELLESEtats G\u00e9n\u00e9raux de l'Eau \u00e0 Bruxelles<strong>UNITED KINGDOM<\/strong>UNIVERSITY COLLEGE LONDONJust Space<strong>OTHER COUNTRIES<\/strong>ASOCIATIA FRONTAL (Romania)CONOSCENZA E INNOVAZIONE SOCIETA ARESPONSABILITI (Italy)NORTH-SOUTH CONSULTANTS EXCHANGE LLC (EG)ICLEI-LOCAL GOVERNMENTS FOR SUSTAINABILITY-AFRICA (ZA)PERIFEREIA ATTIKIS (Greece)Sineterismos Ergazomenon COMMONSPACE (EL)<\/p>\t\t\n\t\t\t\t<a href=\"https:\/\/www.fairville-eu.org\/\" target=\"_self\" itemprop=\"url\">\n\t\t\t\t<img loading=\"lazy\" decoding=\"async\" src=\"https:\/\/mesopolhis.fr\/wp-content\/uploads\/2025\/10\/logo-fairville.png\" alt=\"fairville logo\" itemprop=\"image\" height=\"168\" width=\"372\" title=\"fairville logo\" onerror=\"this.style.display='none'\"  \/>\n\t\t\t\t<\/a>\n\t<p>This project has received funding from the European Union's Horizon Europe research and innovation programme (grant agreement No. coming soon)<\/p>","protected":false},"excerpt":{"rendered":"<p>Home \u00bb FAIR'Ville . HORIZON EUROPE Fairville - Facing Inequalities and democratic challenges through Co-production in Cities European collective programme - Cluster 2: Culture, Creativity and Inclusive society Promoter: Aix-Marseille University (MESOPOLHIS Laboratory) MESOPOLHIS Scientific Coordinators: Claire Benit and Magali Nonjon Funding: project funded following the call for proposals HORIZON-CL2-2022-DEMOCRACY-01-03 - The impact of...<\/p>","protected":false},"author":4,"featured_media":0,"parent":0,"menu_order":0,"comment_status":"closed","ping_status":"closed","template":"","meta":{"_acf_changed":false,"inline_featured_image":false,"footnotes":""},"class_list":["post-31443","page","type-page","status-publish","hentry"],"acf":[],"yoast_head":"<!-- This site is optimized with the Yoast SEO plugin v27.4 - https:\/\/yoast.com\/product\/yoast-seo-wordpress\/ -->\n<title>FAIR&#039;Ville . HORIZON EUROPE - Mesopolhis<\/title>\n<meta name=\"robots\" content=\"index, follow, max-snippet:-1, max-image-preview:large, max-video-preview:-1\" \/>\n<link rel=\"canonical\" href=\"https:\/\/mesopolhis.fr\/en\/fairville-horizon-ria\/\" \/>\n<meta property=\"og:locale\" content=\"en_GB\" \/>\n<meta property=\"og:type\" content=\"article\" \/>\n<meta property=\"og:title\" content=\"FAIR&#039;Ville . HORIZON EUROPE - Mesopolhis\" \/>\n<meta property=\"og:description\" content=\"Accueil &raquo; FAIR&rsquo;Ville . HORIZON EUROPE Fairville &#8211; Facing Inequalities and democratic challenges through Co-production in Cities Programme collectif europ\u00e9en &#8211; Cluster 2 : Culture, Creativity and Inclusive society Porteur : Aix-Marseille Universit\u00e9 (Laboratoire MESOPOLHIS) Responsables scientifiques MESOPOLHIS : Claire Benit\u00a0et Magali Nonjon Financement : projet financ\u00e9 suite \u00e0 l&rsquo;appel HORIZON-CL2-2022-DEMOCRACY-01-03 &#8211; The impact of&hellip;\" \/>\n<meta property=\"og:url\" content=\"https:\/\/mesopolhis.fr\/en\/fairville-horizon-ria\/\" \/>\n<meta property=\"og:site_name\" content=\"Mesopolhis\" \/>\n<meta property=\"article:modified_time\" content=\"2026-02-06T16:08:35+00:00\" \/>\n<meta property=\"og:image\" content=\"https:\/\/mesopolhis.fr\/wp-content\/uploads\/2025\/10\/logo-fairville.png\" \/>\n<meta name=\"twitter:card\" content=\"summary_large_image\" \/>\n<script type=\"application\/ld+json\" class=\"yoast-schema-graph\">{\"@context\":\"https:\\\/\\\/schema.org\",\"@graph\":[{\"@type\":\"WebPage\",\"@id\":\"https:\\\/\\\/mesopolhis.fr\\\/fairville-horizon-ria\\\/\",\"url\":\"https:\\\/\\\/mesopolhis.fr\\\/fairville-horizon-ria\\\/\",\"name\":\"FAIR'Ville . HORIZON EUROPE - Mesopolhis\",\"isPartOf\":{\"@id\":\"https:\\\/\\\/mesopolhis.fr\\\/#website\"},\"primaryImageOfPage\":{\"@id\":\"https:\\\/\\\/mesopolhis.fr\\\/fairville-horizon-ria\\\/#primaryimage\"},\"image\":{\"@id\":\"https:\\\/\\\/mesopolhis.fr\\\/fairville-horizon-ria\\\/#primaryimage\"},\"thumbnailUrl\":\"https:\\\/\\\/mesopolhis.fr\\\/wp-content\\\/uploads\\\/2025\\\/10\\\/logo-fairville.png\",\"datePublished\":\"2022-09-13T14:15:44+00:00\",\"dateModified\":\"2026-02-06T16:08:35+00:00\",\"breadcrumb\":{\"@id\":\"https:\\\/\\\/mesopolhis.fr\\\/fairville-horizon-ria\\\/#breadcrumb\"},\"inLanguage\":\"en-GB\",\"potentialAction\":[{\"@type\":\"ReadAction\",\"target\":[\"https:\\\/\\\/mesopolhis.fr\\\/fairville-horizon-ria\\\/\"]}]},{\"@type\":\"ImageObject\",\"inLanguage\":\"en-GB\",\"@id\":\"https:\\\/\\\/mesopolhis.fr\\\/fairville-horizon-ria\\\/#primaryimage\",\"url\":\"https:\\\/\\\/mesopolhis.fr\\\/wp-content\\\/uploads\\\/2025\\\/10\\\/logo-fairville.png\",\"contentUrl\":\"https:\\\/\\\/mesopolhis.fr\\\/wp-content\\\/uploads\\\/2025\\\/10\\\/logo-fairville.png\"},{\"@type\":\"BreadcrumbList\",\"@id\":\"https:\\\/\\\/mesopolhis.fr\\\/fairville-horizon-ria\\\/#breadcrumb\",\"itemListElement\":[{\"@type\":\"ListItem\",\"position\":1,\"name\":\"Accueil\",\"item\":\"https:\\\/\\\/mesopolhis.fr\\\/\"},{\"@type\":\"ListItem\",\"position\":2,\"name\":\"FAIR&rsquo;Ville . HORIZON EUROPE\"}]},{\"@type\":\"WebSite\",\"@id\":\"https:\\\/\\\/mesopolhis.fr\\\/#website\",\"url\":\"https:\\\/\\\/mesopolhis.fr\\\/\",\"name\":\"Mesopolhis\",\"description\":\"Centre m\u00e9diterran\u00e9en de sociologie, de science politique et d&#039;histoire\",\"publisher\":{\"@id\":\"https:\\\/\\\/mesopolhis.fr\\\/#organization\"},\"potentialAction\":[{\"@type\":\"SearchAction\",\"target\":{\"@type\":\"EntryPoint\",\"urlTemplate\":\"https:\\\/\\\/mesopolhis.fr\\\/?s={search_term_string}\"},\"query-input\":{\"@type\":\"PropertyValueSpecification\",\"valueRequired\":true,\"valueName\":\"search_term_string\"}}],\"inLanguage\":\"en-GB\"},{\"@type\":\"Organization\",\"@id\":\"https:\\\/\\\/mesopolhis.fr\\\/#organization\",\"name\":\"Mesopolhis\",\"url\":\"https:\\\/\\\/mesopolhis.fr\\\/\",\"logo\":{\"@type\":\"ImageObject\",\"inLanguage\":\"en-GB\",\"@id\":\"https:\\\/\\\/mesopolhis.fr\\\/#\\\/schema\\\/logo\\\/image\\\/\",\"url\":\"https:\\\/\\\/mesopolhis.fr\\\/wp-content\\\/uploads\\\/2021\\\/12\\\/Logo_MESOPOLHIS_Quadri.png\",\"contentUrl\":\"https:\\\/\\\/mesopolhis.fr\\\/wp-content\\\/uploads\\\/2021\\\/12\\\/Logo_MESOPOLHIS_Quadri.png\",\"width\":264,\"height\":69,\"caption\":\"Mesopolhis\"},\"image\":{\"@id\":\"https:\\\/\\\/mesopolhis.fr\\\/#\\\/schema\\\/logo\\\/image\\\/\"}}]}<\/script>\n<!-- \/ Yoast SEO plugin. -->","yoast_head_json":{"title":"FAIR'Ville . HORIZON EUROPE - Mesopolhis","robots":{"index":"index","follow":"follow","max-snippet":"max-snippet:-1","max-image-preview":"max-image-preview:large","max-video-preview":"max-video-preview:-1"},"canonical":"https:\/\/mesopolhis.fr\/en\/fairville-horizon-ria\/","og_locale":"en_GB","og_type":"article","og_title":"FAIR'Ville . HORIZON EUROPE - Mesopolhis","og_description":"Accueil &raquo; FAIR&rsquo;Ville . HORIZON EUROPE Fairville &#8211; Facing Inequalities and democratic challenges through Co-production in Cities Programme collectif europ\u00e9en &#8211; Cluster 2 : Culture, Creativity and Inclusive society Porteur : Aix-Marseille Universit\u00e9 (Laboratoire MESOPOLHIS) Responsables scientifiques MESOPOLHIS : Claire Benit\u00a0et Magali Nonjon Financement : projet financ\u00e9 suite \u00e0 l&rsquo;appel HORIZON-CL2-2022-DEMOCRACY-01-03 &#8211; The impact of&hellip;","og_url":"https:\/\/mesopolhis.fr\/en\/fairville-horizon-ria\/","og_site_name":"Mesopolhis","article_modified_time":"2026-02-06T16:08:35+00:00","og_image":[{"url":"https:\/\/mesopolhis.fr\/wp-content\/uploads\/2025\/10\/logo-fairville.png","type":"","width":"","height":""}],"twitter_card":"summary_large_image","schema":{"@context":"https:\/\/schema.org","@graph":[{"@type":"WebPage","@id":"https:\/\/mesopolhis.fr\/fairville-horizon-ria\/","url":"https:\/\/mesopolhis.fr\/fairville-horizon-ria\/","name":"FAIR'Ville . HORIZON EUROPE - Mesopolhis","isPartOf":{"@id":"https:\/\/mesopolhis.fr\/#website"},"primaryImageOfPage":{"@id":"https:\/\/mesopolhis.fr\/fairville-horizon-ria\/#primaryimage"},"image":{"@id":"https:\/\/mesopolhis.fr\/fairville-horizon-ria\/#primaryimage"},"thumbnailUrl":"https:\/\/mesopolhis.fr\/wp-content\/uploads\/2025\/10\/logo-fairville.png","datePublished":"2022-09-13T14:15:44+00:00","dateModified":"2026-02-06T16:08:35+00:00","breadcrumb":{"@id":"https:\/\/mesopolhis.fr\/fairville-horizon-ria\/#breadcrumb"},"inLanguage":"en-GB","potentialAction":[{"@type":"ReadAction","target":["https:\/\/mesopolhis.fr\/fairville-horizon-ria\/"]}]},{"@type":"ImageObject","inLanguage":"en-GB","@id":"https:\/\/mesopolhis.fr\/fairville-horizon-ria\/#primaryimage","url":"https:\/\/mesopolhis.fr\/wp-content\/uploads\/2025\/10\/logo-fairville.png","contentUrl":"https:\/\/mesopolhis.fr\/wp-content\/uploads\/2025\/10\/logo-fairville.png"},{"@type":"BreadcrumbList","@id":"https:\/\/mesopolhis.fr\/fairville-horizon-ria\/#breadcrumb","itemListElement":[{"@type":"ListItem","position":1,"name":"Accueil","item":"https:\/\/mesopolhis.fr\/"},{"@type":"ListItem","position":2,"name":"FAIR&rsquo;Ville . HORIZON EUROPE"}]},{"@type":"WebSite","@id":"https:\/\/mesopolhis.fr\/#website","url":"https:\/\/mesopolhis.fr\/","name":"Mesopolhis","description":"Mediterranean Centre for Sociology, Political Science and History","publisher":{"@id":"https:\/\/mesopolhis.fr\/#organization"},"potentialAction":[{"@type":"SearchAction","target":{"@type":"EntryPoint","urlTemplate":"https:\/\/mesopolhis.fr\/?s={search_term_string}"},"query-input":{"@type":"PropertyValueSpecification","valueRequired":true,"valueName":"search_term_string"}}],"inLanguage":"en-GB"},{"@type":"Organization","@id":"https:\/\/mesopolhis.fr\/#organization","name":"Mesopolhis","url":"https:\/\/mesopolhis.fr\/","logo":{"@type":"ImageObject","inLanguage":"en-GB","@id":"https:\/\/mesopolhis.fr\/#\/schema\/logo\/image\/","url":"https:\/\/mesopolhis.fr\/wp-content\/uploads\/2021\/12\/Logo_MESOPOLHIS_Quadri.png","contentUrl":"https:\/\/mesopolhis.fr\/wp-content\/uploads\/2021\/12\/Logo_MESOPOLHIS_Quadri.png","width":264,"height":69,"caption":"Mesopolhis"},"image":{"@id":"https:\/\/mesopolhis.fr\/#\/schema\/logo\/image\/"}}]}},"_links":{"self":[{"href":"https:\/\/mesopolhis.fr\/en\/wp-json\/wp\/v2\/pages\/31443","targetHints":{"allow":["GET"]}}],"collection":[{"href":"https:\/\/mesopolhis.fr\/en\/wp-json\/wp\/v2\/pages"}],"about":[{"href":"https:\/\/mesopolhis.fr\/en\/wp-json\/wp\/v2\/types\/page"}],"author":[{"embeddable":true,"href":"https:\/\/mesopolhis.fr\/en\/wp-json\/wp\/v2\/users\/4"}],"replies":[{"embeddable":true,"href":"https:\/\/mesopolhis.fr\/en\/wp-json\/wp\/v2\/comments?post=31443"}],"version-history":[{"count":5,"href":"https:\/\/mesopolhis.fr\/en\/wp-json\/wp\/v2\/pages\/31443\/revisions"}],"predecessor-version":[{"id":39208,"href":"https:\/\/mesopolhis.fr\/en\/wp-json\/wp\/v2\/pages\/31443\/revisions\/39208"}],"wp:attachment":[{"href":"https:\/\/mesopolhis.fr\/en\/wp-json\/wp\/v2\/media?parent=31443"}],"curies":[{"name":"wp","href":"https:\/\/api.w.org\/{rel}","templated":true}]}}