{"id":31283,"date":"2022-09-06T11:56:32","date_gmt":"2022-09-06T09:56:32","guid":{"rendered":"https:\/\/mesopolhis.fr\/?page_id=31283"},"modified":"2024-06-03T17:12:41","modified_gmt":"2024-06-03T15:12:41","slug":"audiovisual-archives-and-social-sciences","status":"publish","type":"page","link":"https:\/\/mesopolhis.fr\/en\/research\/images-and-social-sciences\/audiovisual-archives-and-social-sciences\/","title":{"rendered":"Audiovisual archives and social sciences"},"content":{"rendered":"<nav id=\"breadcrumbs\" aria-label=\"Breadcrumbs\"><a href=\"https:\/\/mesopolhis.fr\/en\/\">Home<\/a> \" <a href=\"https:\/\/mesopolhis.fr\/en\/research-areas\/\">Search<\/a> \" <a href=\"https:\/\/mesopolhis.fr\/en\/research-areas\/images-and-social-sciences\/\">Cross-cutting theme - Images and social sciences<\/a> &raquo; Archives audiovisuelles et sciences sociales<\/nav><h1>\n\t\tAudiovisual archives and social sciences\u00a0\u00a0\n\t<\/h1>\n\t\t\t<a href=\"https:\/\/mesopolhis.fr\/en\/research-areas\/images-and-social-sciences\/\" target=\"_self\" rel=\"noopener\">\n\t\t\t\t\t\tBack to Images and social sciences\n\t\t\t\t\t<\/a>\n<h2>\n\t\tAudiovisual archives and social sciences\n\t<\/h2>\n\t<p>Les ressources audiovisuelles produites dans le pass\u00e9, quand elles sont conserv\u00e9es et mises \u00e0 disposition des chercheurs, par exemple par l&rsquo;INA, la BNF ou le CNC, ont un statut d&rsquo;archives qui en fait des sources pour la recherche historique. Certaines donnent \u00e0 voir des fractions du r\u00e9el. D&rsquo;autres proposent des regards sur le r\u00e9el et \u00e9clairent sur les personnes qui tentent d&rsquo;imposer ces repr\u00e9sentations s\u00e9lectives comme la r\u00e9alit\u00e9 objective et sur leurs intentions ce faisant. Les archives audiovisuelles ont souvent aussi une riche actualit\u00e9\u00a0: celle de leur rediffusion. Soit int\u00e9grale dans un cadre \u00e9ditorial plus ou moins explicite, soit par fragments au sein de productions culturelles nouvelles. Autant de r\u00e9pertoires qui peuvent int\u00e9resser les sciences sociales du pr\u00e9sent pour caract\u00e9riser des formes culturelles se diffusant dans la soci\u00e9t\u00e9, des rapports au pass\u00e9 se manifestant autour des ph\u00e9nom\u00e8nes de s\u00e9lection s&rsquo;exer\u00e7ant dans les archives disponibles, des r\u00e9flexions sur les identit\u00e9s sociales des personnes quand celles-ci s&rsquo;engagent elles-m\u00eames dans le r\u00e9emploi et le relais de contenus audiovisuels avec leur ordinateur ou leur smartphone&#8230;<\/p>\n<h2>\n\t\tInternational research programme Archives-M\u00e9dias-Images-Soci\u00e9t\u00e9s\n\t<\/h2>\n\t<p>L\u2019<strong>international research program Archives-M\u00e9dias-Images-Soci\u00e9t\u00e9s <\/strong>is a Franco-Brazilian programme supported by the CNRS (<strong>2020-2025<\/strong>). Avec des contributions de P. Fournier autour de la production et de la circulation des images de la bombe atomique apr\u00e8s 1945 : un possible facteur d&rsquo;acculturation \u00e0 la perception du nucl\u00e9aire civil (mars 2022), de P. Cesaro et P. Fournier autour d&rsquo;une archive militante remobilis\u00e9e dans un documentaire politique (septembre 2022).<\/p>\n\t\t\t<a href=\"https:\/\/pics.hypotheses.org\/\" target=\"_blank\" rel=\"noopener\">\n\t\t\t\t\t\thttps:\/\/pics.hypotheses.org\/\n\t\t\t\t\t<\/a>\n\t\t\t\t<img loading=\"lazy\" decoding=\"async\" src=\"https:\/\/mesopolhis.fr\/wp-content\/uploads\/2022\/09\/Capture-de\u0301cran-2022-09-07-a\u0300-13.34.37.png\" alt=\"Photo du Poste de consultation multimedia des archives de l'INA et du CNC dans la m\u00e9diath\u00e8que de la MMSH (Aix-en-Provence)Cr\u00e9dits\u00a0: V\u00e9ronique Ginouv\u00e8s\" itemprop=\"image\" height=\"526\" width=\"1120\" title=\"Poste de consultation multimedia des archives de l'INA et du CNC dans la m\u00e9diath\u00e8que de la MMSH (Aix-en-Provence)\" onerror=\"this.style.display='none'\"  \/>\n\t\tPhoto du Poste de consultation multimedia des archives de l&rsquo;INA et du CNC dans la m\u00e9diath\u00e8que de la MMSH (Aix-en-Provence)\nCr\u00e9dits\u00a0: V\u00e9ronique Ginouv\u00e8s\n\t\t\t\t<img loading=\"lazy\" decoding=\"async\" src=\"https:\/\/mesopolhis.fr\/wp-content\/uploads\/2022\/12\/Pierre-FOURNIER-aux-archives-du-CNC-scaled.jpeg\" alt=\"Photo du Poste de consultation des archives filmiques du CNC \u00e0 Bois d'Arcy. Cr\u00e9dits : Pierre Fournier\" itemprop=\"image\" height=\"1920\" width=\"2560\" title=\"Pierre FOURNIER at the CNC archives\" onerror=\"this.style.display='none'\"  \/>\n\t\tPhoto du Poste de consultation des archives filmiques du CNC \u00e0 Bois d&rsquo;Arcy. Cr\u00e9dits : Pierre Fournier\n\t<blockquote><p>Une r\u00e9flexion autour de la production et de la circulation des images de la bombe atomique de 1945 dans l&rsquo;art et l&rsquo;information.<\/p>\n<p>Pierre Fournier se demande s&rsquo;il faut y voir un possible facteur d&rsquo;acculturation \u00e0 la perception nuclaire civile, comme objet ne donnant prise \u00e0 aucun d\u00e9bat politique.<\/p><\/blockquote>\n<h2>\n\t\tThe road travelled\n\t<\/h2>\n\t<p>Other uses of audiovisual archives for research purposes include <i>video congratulations<\/i>\u00a0: <b>la mobilisation d&rsquo;images anim\u00e9es et sonoris\u00e9es pour servir de support \u00e0 des entretiens<\/b> and get people to react.<\/p>\n<p>C&rsquo;est ce dispositif qu&rsquo;ont utilis\u00e9 Pascal Cesaro et Pierre Fournier dans le cadre du programme <i>Nuclear power and local society<\/i> (Nuxolo) en mobilisant des extraits d&rsquo;un feuilleton t\u00e9l\u00e9vis\u00e9 des ann\u00e9es 1960 pour \u00e9voquer l&rsquo;exp\u00e9rience de travail et de vie des travailleurs du nucl\u00e9aire dans le territoire d&rsquo;implantation du CEA \u00e0 Cadarache (Bouches-du-Rh\u00f4ne).<\/p>\n<p>Their work has led to a number of scientific publications and two audiovisual productions.<\/p>\n\t\t\t<a href=\"https:\/\/nucleaire.hypotheses.org\/prolongements\/venir-travailler-dans-le-nucleaire\" target=\"_blank\" rel=\"noopener\">\n\t\t\t\t\t\thttps:\/\/nucleaire.hypotheses.org\n\t\t\t\t\t<\/a>\n\t\t\t\t\t\t\t\t<a href=\"https:\/\/journals.openedition.org\/itti\/1438\" target=\"_blank\" itemprop=\"url\" rel=\"noopener\">\n\t\t\t\t\t\t\t\t\t<img loading=\"lazy\" decoding=\"async\" src=\"https:\/\/mesopolhis.fr\/wp-content\/uploads\/2024\/05\/une_itti10_am_v2-200x300.jpg\" alt=\"une_itti10_am_v2\" itemprop=\"image\" height=\"300\" width=\"200\" srcset=\"https:\/\/mesopolhis.fr\/wp-content\/uploads\/2024\/05\/une_itti10_am_v2-200x300.jpg 200w, https:\/\/mesopolhis.fr\/wp-content\/uploads\/2024\/05\/une_itti10_am_v2.jpg 507w\" sizes=\"auto, (max-width: 200px) 100vw, 200px\" title=\"une_itti10_am_v2\" onerror=\"this.style.display='none'\"  \/>\n\t\t\t\t\t\t\t\t\t\t\t\t\t<\/a>\n\t<p>Une des particularit\u00e9s de cette recherche est d&rsquo;avoir utilis\u00e9 des images de fiction dans le dispositif de vid\u00e9o-\u00e9licitation, posant la question plus large des <strong>uses that can be made of fiction in research<\/strong>. En effet, parmi les productions audiovisuelles qui entretiennent avec le r\u00e9el un rapport de repr\u00e9sentation, la fiction occupe-t-elle un statut \u00e0 part\u00a0? Les chercheurs en sciences sociales, quand ils ne prennent pas la narration fictionnelle pour objet d&rsquo;analyse, ont-ils quelque chose \u00e0 en dire\u00a0? Le programme de recherche Nuxolo a \u00e9t\u00e9 l&rsquo;occasion de travailler cette question et d&rsquo;aller vers la coordination d&rsquo;un num\u00e9ro de la revue Images du travail\/Travail des images consacr\u00e9 \u00e0 \u00ab\u00a0La fiction au travail. Recherche et formation \u00e0 la recherche au moyen d&rsquo;images de fiction (cin\u00e9ma, t\u00e9l\u00e9vision ou web)\u00a0\u00bb, paru en f\u00e9vrier 2021.<\/p>\n\t<p>La pr\u00e9sentation de ce num\u00e9ro \u00e0 la MMSH a \u00e9t\u00e9 l&rsquo;occasion de rencontres Science &amp; fiction \u00e0 l&rsquo;automne 2021. Elles ont permis d&rsquo;explorer les <strong>vertus de la mobilisation de la fiction audiovisuelle dans les sciences sociales et dans d&rsquo;autres disciplines<\/strong> et d&rsquo;\u00e9tendre la r\u00e9flexion \u00e0 <b>l&rsquo;\u00e9dition de la recherche avec l&rsquo;image<\/b>.<\/p>\n\t\t\t\t<a href=\"https:\/\/itti.hypotheses.org\/1499\" target=\"_blank\" rel=\"noopener\" itemprop=\"url\">\n\t\t\t\t<img loading=\"lazy\" decoding=\"async\" src=\"https:\/\/mesopolhis.fr\/wp-content\/uploads\/2022\/09\/affiche-du-programme-Science-et-Fiction-768x435-1.jpeg\" alt=\"programme-poster-Science-and-Fiction-768x435\" itemprop=\"image\" height=\"435\" width=\"768\" title=\"programme-poster-Science-and-Fiction-768x435\" onerror=\"this.style.display='none'\"  \/>\n\t\t\t\t<\/a>\n\t\t\t<a href=\"https:\/\/nucleaire.hypotheses.org\/prolongements\/venir-travailler-dans-le-nucleaire\" target=\"_blank\" rel=\"noopener\">\n\t\t\t\t\t\tRencontres Science &#038; fiction, MMSH, 8 octobre 2021\n\t\t\t\t\t<\/a>\n\t\t\t<a href=\"https:\/\/mesopolhis.fr\/en\/research-areas\/images-and-social-sciences\/\" target=\"_self\" rel=\"noopener\">\n\t\t\t\t\t\tBack to Images and social sciences\n\t\t\t\t\t<\/a>","protected":false},"excerpt":{"rendered":"<p>Accueil &raquo; Recherche &raquo; Axe transversal\u00a0&#8211; Images et sciences sociales &raquo; Archives audiovisuelles et sciences sociales Archives audiovisuelles et sciences sociales\u00a0\u00a0 Retour axe transversal Images et sciences sociales Archives audiovisuelles et sciences sociales Les ressources audiovisuelles produites dans le pass\u00e9, quand elles sont conserv\u00e9es et mises \u00e0 disposition des chercheurs, par exemple par l&rsquo;INA, la&hellip;<\/p>","protected":false},"author":4,"featured_media":0,"parent":494,"menu_order":0,"comment_status":"closed","ping_status":"closed","template":"","meta":{"_acf_changed":false,"inline_featured_image":false,"footnotes":""},"class_list":["post-31283","page","type-page","status-publish","hentry"],"acf":[],"yoast_head":"<!-- This site is optimized with the Yoast SEO plugin v27.4 - https:\/\/yoast.com\/product\/yoast-seo-wordpress\/ -->\n<title>Archives audiovisuelles et sciences sociales - Mesopolhis<\/title>\n<meta name=\"robots\" content=\"index, follow, max-snippet:-1, max-image-preview:large, max-video-preview:-1\" \/>\n<link rel=\"canonical\" href=\"https:\/\/mesopolhis.fr\/en\/research\/images-and-social-sciences\/audiovisual-archives-and-social-sciences\/\" \/>\n<meta property=\"og:locale\" content=\"en_GB\" \/>\n<meta property=\"og:type\" content=\"article\" \/>\n<meta property=\"og:title\" content=\"Archives audiovisuelles et sciences sociales - Mesopolhis\" \/>\n<meta property=\"og:description\" content=\"Accueil &raquo; Recherche &raquo; Axe transversal\u00a0&#8211; Images et sciences sociales &raquo; Archives audiovisuelles et sciences sociales Archives audiovisuelles et sciences sociales\u00a0\u00a0 Retour axe transversal Images et sciences sociales Archives audiovisuelles et sciences sociales Les ressources audiovisuelles produites dans le pass\u00e9, quand elles sont conserv\u00e9es et mises \u00e0 disposition des chercheurs, par exemple par l&rsquo;INA, la&hellip;\" \/>\n<meta property=\"og:url\" content=\"https:\/\/mesopolhis.fr\/en\/research\/images-and-social-sciences\/audiovisual-archives-and-social-sciences\/\" \/>\n<meta property=\"og:site_name\" content=\"Mesopolhis\" \/>\n<meta property=\"article:modified_time\" content=\"2024-06-03T15:12:41+00:00\" \/>\n<meta property=\"og:image\" content=\"https:\/\/mesopolhis.fr\/wp-content\/uploads\/2022\/12\/Pierre-FOURNIER-aux-archives-du-CNC-scaled.jpeg\" \/>\n<meta name=\"twitter:card\" content=\"summary_large_image\" \/>\n<meta name=\"twitter:label1\" content=\"Estimated reading time\" \/>\n\t<meta name=\"twitter:data1\" content=\"8 minutes\" \/>\n<script type=\"application\/ld+json\" class=\"yoast-schema-graph\">{\"@context\":\"https:\\\/\\\/schema.org\",\"@graph\":[{\"@type\":\"WebPage\",\"@id\":\"https:\\\/\\\/mesopolhis.fr\\\/recherche\\\/axe-transversal-images-et-sciences-sociales\\\/archives-audiovisuelles-et-sciences-sociales\\\/\",\"url\":\"https:\\\/\\\/mesopolhis.fr\\\/recherche\\\/axe-transversal-images-et-sciences-sociales\\\/archives-audiovisuelles-et-sciences-sociales\\\/\",\"name\":\"Archives audiovisuelles et sciences sociales - Mesopolhis\",\"isPartOf\":{\"@id\":\"https:\\\/\\\/mesopolhis.fr\\\/#website\"},\"primaryImageOfPage\":{\"@id\":\"https:\\\/\\\/mesopolhis.fr\\\/recherche\\\/axe-transversal-images-et-sciences-sociales\\\/archives-audiovisuelles-et-sciences-sociales\\\/#primaryimage\"},\"image\":{\"@id\":\"https:\\\/\\\/mesopolhis.fr\\\/recherche\\\/axe-transversal-images-et-sciences-sociales\\\/archives-audiovisuelles-et-sciences-sociales\\\/#primaryimage\"},\"thumbnailUrl\":\"https:\\\/\\\/mesopolhis.fr\\\/wp-content\\\/uploads\\\/2022\\\/12\\\/Pierre-FOURNIER-aux-archives-du-CNC-scaled.jpeg\",\"datePublished\":\"2022-09-06T09:56:32+00:00\",\"dateModified\":\"2024-06-03T15:12:41+00:00\",\"breadcrumb\":{\"@id\":\"https:\\\/\\\/mesopolhis.fr\\\/recherche\\\/axe-transversal-images-et-sciences-sociales\\\/archives-audiovisuelles-et-sciences-sociales\\\/#breadcrumb\"},\"inLanguage\":\"en-GB\",\"potentialAction\":[{\"@type\":\"ReadAction\",\"target\":[\"https:\\\/\\\/mesopolhis.fr\\\/recherche\\\/axe-transversal-images-et-sciences-sociales\\\/archives-audiovisuelles-et-sciences-sociales\\\/\"]}]},{\"@type\":\"ImageObject\",\"inLanguage\":\"en-GB\",\"@id\":\"https:\\\/\\\/mesopolhis.fr\\\/recherche\\\/axe-transversal-images-et-sciences-sociales\\\/archives-audiovisuelles-et-sciences-sociales\\\/#primaryimage\",\"url\":\"https:\\\/\\\/mesopolhis.fr\\\/wp-content\\\/uploads\\\/2022\\\/12\\\/Pierre-FOURNIER-aux-archives-du-CNC-scaled.jpeg\",\"contentUrl\":\"https:\\\/\\\/mesopolhis.fr\\\/wp-content\\\/uploads\\\/2022\\\/12\\\/Pierre-FOURNIER-aux-archives-du-CNC-scaled.jpeg\"},{\"@type\":\"BreadcrumbList\",\"@id\":\"https:\\\/\\\/mesopolhis.fr\\\/recherche\\\/axe-transversal-images-et-sciences-sociales\\\/archives-audiovisuelles-et-sciences-sociales\\\/#breadcrumb\",\"itemListElement\":[{\"@type\":\"ListItem\",\"position\":1,\"name\":\"Accueil\",\"item\":\"https:\\\/\\\/mesopolhis.fr\\\/\"},{\"@type\":\"ListItem\",\"position\":2,\"name\":\"Recherche\",\"item\":\"https:\\\/\\\/mesopolhis.fr\\\/recherche\\\/\"},{\"@type\":\"ListItem\",\"position\":3,\"name\":\"Axe transversal\u00a0&#8211; Images et sciences sociales\",\"item\":\"https:\\\/\\\/mesopolhis.fr\\\/recherche\\\/axe-transversal-images-et-sciences-sociales\\\/\"},{\"@type\":\"ListItem\",\"position\":4,\"name\":\"Archives audiovisuelles et sciences sociales\"}]},{\"@type\":\"WebSite\",\"@id\":\"https:\\\/\\\/mesopolhis.fr\\\/#website\",\"url\":\"https:\\\/\\\/mesopolhis.fr\\\/\",\"name\":\"Mesopolhis\",\"description\":\"Centre m\u00e9diterran\u00e9en de sociologie, de science politique et d&#039;histoire\",\"publisher\":{\"@id\":\"https:\\\/\\\/mesopolhis.fr\\\/#organization\"},\"potentialAction\":[{\"@type\":\"SearchAction\",\"target\":{\"@type\":\"EntryPoint\",\"urlTemplate\":\"https:\\\/\\\/mesopolhis.fr\\\/?s={search_term_string}\"},\"query-input\":{\"@type\":\"PropertyValueSpecification\",\"valueRequired\":true,\"valueName\":\"search_term_string\"}}],\"inLanguage\":\"en-GB\"},{\"@type\":\"Organization\",\"@id\":\"https:\\\/\\\/mesopolhis.fr\\\/#organization\",\"name\":\"Mesopolhis\",\"url\":\"https:\\\/\\\/mesopolhis.fr\\\/\",\"logo\":{\"@type\":\"ImageObject\",\"inLanguage\":\"en-GB\",\"@id\":\"https:\\\/\\\/mesopolhis.fr\\\/#\\\/schema\\\/logo\\\/image\\\/\",\"url\":\"https:\\\/\\\/mesopolhis.fr\\\/wp-content\\\/uploads\\\/2021\\\/12\\\/Logo_MESOPOLHIS_Quadri.png\",\"contentUrl\":\"https:\\\/\\\/mesopolhis.fr\\\/wp-content\\\/uploads\\\/2021\\\/12\\\/Logo_MESOPOLHIS_Quadri.png\",\"width\":264,\"height\":69,\"caption\":\"Mesopolhis\"},\"image\":{\"@id\":\"https:\\\/\\\/mesopolhis.fr\\\/#\\\/schema\\\/logo\\\/image\\\/\"}}]}<\/script>\n<!-- \/ Yoast SEO plugin. -->","yoast_head_json":{"title":"Audiovisual archives and social sciences - Mesopolhis","robots":{"index":"index","follow":"follow","max-snippet":"max-snippet:-1","max-image-preview":"max-image-preview:large","max-video-preview":"max-video-preview:-1"},"canonical":"https:\/\/mesopolhis.fr\/en\/research\/images-and-social-sciences\/audiovisual-archives-and-social-sciences\/","og_locale":"en_GB","og_type":"article","og_title":"Archives audiovisuelles et sciences sociales - Mesopolhis","og_description":"Accueil &raquo; Recherche &raquo; Axe transversal\u00a0&#8211; Images et sciences sociales &raquo; Archives audiovisuelles et sciences sociales Archives audiovisuelles et sciences sociales\u00a0\u00a0 Retour axe transversal Images et sciences sociales Archives audiovisuelles et sciences sociales Les ressources audiovisuelles produites dans le pass\u00e9, quand elles sont conserv\u00e9es et mises \u00e0 disposition des chercheurs, par exemple par l&rsquo;INA, la&hellip;","og_url":"https:\/\/mesopolhis.fr\/en\/research\/images-and-social-sciences\/audiovisual-archives-and-social-sciences\/","og_site_name":"Mesopolhis","article_modified_time":"2024-06-03T15:12:41+00:00","og_image":[{"url":"https:\/\/mesopolhis.fr\/wp-content\/uploads\/2022\/12\/Pierre-FOURNIER-aux-archives-du-CNC-scaled.jpeg","type":"","width":"","height":""}],"twitter_card":"summary_large_image","twitter_misc":{"Estimated reading time":"8 minutes"},"schema":{"@context":"https:\/\/schema.org","@graph":[{"@type":"WebPage","@id":"https:\/\/mesopolhis.fr\/recherche\/axe-transversal-images-et-sciences-sociales\/archives-audiovisuelles-et-sciences-sociales\/","url":"https:\/\/mesopolhis.fr\/recherche\/axe-transversal-images-et-sciences-sociales\/archives-audiovisuelles-et-sciences-sociales\/","name":"Audiovisual archives and social sciences - Mesopolhis","isPartOf":{"@id":"https:\/\/mesopolhis.fr\/#website"},"primaryImageOfPage":{"@id":"https:\/\/mesopolhis.fr\/recherche\/axe-transversal-images-et-sciences-sociales\/archives-audiovisuelles-et-sciences-sociales\/#primaryimage"},"image":{"@id":"https:\/\/mesopolhis.fr\/recherche\/axe-transversal-images-et-sciences-sociales\/archives-audiovisuelles-et-sciences-sociales\/#primaryimage"},"thumbnailUrl":"https:\/\/mesopolhis.fr\/wp-content\/uploads\/2022\/12\/Pierre-FOURNIER-aux-archives-du-CNC-scaled.jpeg","datePublished":"2022-09-06T09:56:32+00:00","dateModified":"2024-06-03T15:12:41+00:00","breadcrumb":{"@id":"https:\/\/mesopolhis.fr\/recherche\/axe-transversal-images-et-sciences-sociales\/archives-audiovisuelles-et-sciences-sociales\/#breadcrumb"},"inLanguage":"en-GB","potentialAction":[{"@type":"ReadAction","target":["https:\/\/mesopolhis.fr\/recherche\/axe-transversal-images-et-sciences-sociales\/archives-audiovisuelles-et-sciences-sociales\/"]}]},{"@type":"ImageObject","inLanguage":"en-GB","@id":"https:\/\/mesopolhis.fr\/recherche\/axe-transversal-images-et-sciences-sociales\/archives-audiovisuelles-et-sciences-sociales\/#primaryimage","url":"https:\/\/mesopolhis.fr\/wp-content\/uploads\/2022\/12\/Pierre-FOURNIER-aux-archives-du-CNC-scaled.jpeg","contentUrl":"https:\/\/mesopolhis.fr\/wp-content\/uploads\/2022\/12\/Pierre-FOURNIER-aux-archives-du-CNC-scaled.jpeg"},{"@type":"BreadcrumbList","@id":"https:\/\/mesopolhis.fr\/recherche\/axe-transversal-images-et-sciences-sociales\/archives-audiovisuelles-et-sciences-sociales\/#breadcrumb","itemListElement":[{"@type":"ListItem","position":1,"name":"Accueil","item":"https:\/\/mesopolhis.fr\/"},{"@type":"ListItem","position":2,"name":"Recherche","item":"https:\/\/mesopolhis.fr\/recherche\/"},{"@type":"ListItem","position":3,"name":"Axe transversal\u00a0&#8211; Images et sciences sociales","item":"https:\/\/mesopolhis.fr\/recherche\/axe-transversal-images-et-sciences-sociales\/"},{"@type":"ListItem","position":4,"name":"Archives audiovisuelles et sciences sociales"}]},{"@type":"WebSite","@id":"https:\/\/mesopolhis.fr\/#website","url":"https:\/\/mesopolhis.fr\/","name":"Mesopolhis","description":"Mediterranean Centre for Sociology, Political Science and History","publisher":{"@id":"https:\/\/mesopolhis.fr\/#organization"},"potentialAction":[{"@type":"SearchAction","target":{"@type":"EntryPoint","urlTemplate":"https:\/\/mesopolhis.fr\/?s={search_term_string}"},"query-input":{"@type":"PropertyValueSpecification","valueRequired":true,"valueName":"search_term_string"}}],"inLanguage":"en-GB"},{"@type":"Organization","@id":"https:\/\/mesopolhis.fr\/#organization","name":"Mesopolhis","url":"https:\/\/mesopolhis.fr\/","logo":{"@type":"ImageObject","inLanguage":"en-GB","@id":"https:\/\/mesopolhis.fr\/#\/schema\/logo\/image\/","url":"https:\/\/mesopolhis.fr\/wp-content\/uploads\/2021\/12\/Logo_MESOPOLHIS_Quadri.png","contentUrl":"https:\/\/mesopolhis.fr\/wp-content\/uploads\/2021\/12\/Logo_MESOPOLHIS_Quadri.png","width":264,"height":69,"caption":"Mesopolhis"},"image":{"@id":"https:\/\/mesopolhis.fr\/#\/schema\/logo\/image\/"}}]}},"_links":{"self":[{"href":"https:\/\/mesopolhis.fr\/en\/wp-json\/wp\/v2\/pages\/31283","targetHints":{"allow":["GET"]}}],"collection":[{"href":"https:\/\/mesopolhis.fr\/en\/wp-json\/wp\/v2\/pages"}],"about":[{"href":"https:\/\/mesopolhis.fr\/en\/wp-json\/wp\/v2\/types\/page"}],"author":[{"embeddable":true,"href":"https:\/\/mesopolhis.fr\/en\/wp-json\/wp\/v2\/users\/4"}],"replies":[{"embeddable":true,"href":"https:\/\/mesopolhis.fr\/en\/wp-json\/wp\/v2\/comments?post=31283"}],"version-history":[{"count":0,"href":"https:\/\/mesopolhis.fr\/en\/wp-json\/wp\/v2\/pages\/31283\/revisions"}],"up":[{"embeddable":true,"href":"https:\/\/mesopolhis.fr\/en\/wp-json\/wp\/v2\/pages\/494"}],"wp:attachment":[{"href":"https:\/\/mesopolhis.fr\/en\/wp-json\/wp\/v2\/media?parent=31283"}],"curies":[{"name":"wp","href":"https:\/\/api.w.org\/{rel}","templated":true}]}}