{"id":31176,"date":"2022-08-24T15:26:09","date_gmt":"2022-08-24T13:26:09","guid":{"rendered":"https:\/\/mesopolhis.fr\/?page_id=31176"},"modified":"2024-03-22T15:29:01","modified_gmt":"2024-03-22T14:29:01","slug":"cargo-amidex","status":"publish","type":"page","link":"https:\/\/mesopolhis.fr\/en\/research\/contract-archives\/cargo-amidex\/","title":{"rendered":"CARGO - A*Midex"},"content":{"rendered":"<nav id=\"breadcrumbs\" aria-label=\"Breadcrumbs\"><a href=\"https:\/\/mesopolhis.fr\/en\/\">Home<\/a> \" <a href=\"https:\/\/mesopolhis.fr\/en\/research-areas\/\">Search<\/a> \" <a href=\"https:\/\/mesopolhis.fr\/en\/research-areas\/programme-contracts\/\">Contracts and Programmes<\/a> \u00bbCARGO - A*Midex<\/nav><h1>\n\t\tCARGO . A*Midex\n\t<\/h1>\n<h3>\n\t\tSilent figures and sounds of the Mediterranean crossing.\n\t<\/h3>\n\t\t\t<h3> Duration: September 2021 to February 2023<\/h3>\t\t\n\t\t\t<h3> Financing : N\/C<\/h3>\t\t\n\t\t\t<h3> Project sponsor: AMU &amp; MESOPOLHIS<\/h3>\t\t\n\t\t\t<h3> Project coordinators<\/h3> <p><strong>Constance De Gourcy<\/strong>, HDR Lecturer, MESOPOLHIS, constance.degourcy@univ-amu.fr<strong>Sa\u00efd Belguidoum<\/strong>IREMAM<\/p>\t\t\n\tThe Cargo project, led by artists Anne de Giafferri and Christian Del\u00e9cluse, in partnership with researchers from the Iremam (UMR 7310) and Mesopolhis (UMR 7064) laboratories and students from Aix-Marseille University, is part of a resolutely interdisciplinary and experimental approach that seeks to use stories of the Mediterranean crossing to show immigration in the making, through the prism of words, stories and soundscapes.<br \/>\nTo this end, it is questioning the relationship between artistic and academic approaches, based on a cross-analysis of the materials collected around the temporalities of the crossing and the production of a sound work. A joint installation will emerge from this innovative process, which will be co-constructed, shared, questioned and disseminated between artists, academics and the general public. It will take the form of a travelling maritime container, diverted from its logistical function in the globalised economy to be moored in the heart of several major Mediterranean cities, offering a space for discovering and immersing oneself in artistic, visual and sound creations.<br \/>\nThis project, which takes a fresh look at the question of mobility, identity and belonging in the Mediterranean, takes a sensitive look at crossing, navigation, migration and, more generally, at the exchanges between peoples that have nurtured Mediterranean civilisations, between past and present.\n\t\t\t<a href=\"https:\/\/www.univ-amu.fr\/fr\/public\/cargo\" target=\"_self\" rel=\"noopener\">\n\t\t\t\t\t\t\tMore information\n\t\t\t\t\t<\/a>","protected":false},"excerpt":{"rendered":"<p>Home \u00bb Research \u00bb Contracts and Programmes \u00bb CARGO - A*Midex CARGO . A*Midex Silent figures and sounds of the Mediterranean crossing. Duration: September 2021 to February 2023 Funding: N\/C Project sponsor: AMU &amp; MESOPOLHIS Project coordinators Constance De Gourcy, Associate Professor HDR, MESOPOLHIS, constance.degourcy@univ-amu.frSa\u00efd Belguidoum, IREMAM The Cargo project,...<\/p>","protected":false},"author":4,"featured_media":0,"parent":34344,"menu_order":0,"comment_status":"closed","ping_status":"closed","template":"","meta":{"_acf_changed":false,"inline_featured_image":false,"footnotes":""},"class_list":["post-31176","page","type-page","status-publish","hentry"],"acf":[],"yoast_head":"<!-- This site is optimized with the Yoast SEO plugin v27.4 - https:\/\/yoast.com\/product\/yoast-seo-wordpress\/ -->\n<title>CARGO - A*Midex - Mesopolhis<\/title>\n<meta name=\"robots\" content=\"index, follow, max-snippet:-1, max-image-preview:large, max-video-preview:-1\" \/>\n<link rel=\"canonical\" href=\"https:\/\/mesopolhis.fr\/en\/research\/contract-archives\/cargo-amidex\/\" \/>\n<meta property=\"og:locale\" content=\"en_GB\" \/>\n<meta property=\"og:type\" content=\"article\" \/>\n<meta property=\"og:title\" content=\"CARGO - A*Midex - Mesopolhis\" \/>\n<meta property=\"og:description\" content=\"Accueil &raquo; Recherche &raquo; Contrats et Programmes &raquo; CARGO &#8211; A*Midex CARGO . A*Midex Figures et sonorit\u00e9s silencieuses de la travers\u00e9e en M\u00e9diterran\u00e9e. Dur\u00e9e : Septembre 2021 \u00e0 F\u00e9vrier 2023 Financement : N\/C Porteur : AMU &amp; MESOPOLHIS Coordinateurs de projet Constance De Gourcy, Ma\u00eetresse de conf\u00e9rences HDR, MESOPOLHIS, constance.degourcy@univ-amu.frSa\u00efd Belguidoum, IREMAM Le projet Cargo,&hellip;\" \/>\n<meta property=\"og:url\" content=\"https:\/\/mesopolhis.fr\/en\/research\/contract-archives\/cargo-amidex\/\" \/>\n<meta property=\"og:site_name\" content=\"Mesopolhis\" \/>\n<meta property=\"article:modified_time\" content=\"2024-03-22T14:29:01+00:00\" \/>\n<meta name=\"twitter:card\" content=\"summary_large_image\" \/>\n<meta name=\"twitter:label1\" content=\"Estimated reading time\" \/>\n\t<meta name=\"twitter:data1\" content=\"2 minutes\" \/>\n<script type=\"application\/ld+json\" class=\"yoast-schema-graph\">{\"@context\":\"https:\\\/\\\/schema.org\",\"@graph\":[{\"@type\":\"WebPage\",\"@id\":\"https:\\\/\\\/mesopolhis.fr\\\/recherche\\\/archives-contrats\\\/cargo-amidex\\\/\",\"url\":\"https:\\\/\\\/mesopolhis.fr\\\/recherche\\\/archives-contrats\\\/cargo-amidex\\\/\",\"name\":\"CARGO - A*Midex - Mesopolhis\",\"isPartOf\":{\"@id\":\"https:\\\/\\\/mesopolhis.fr\\\/#website\"},\"datePublished\":\"2022-08-24T13:26:09+00:00\",\"dateModified\":\"2024-03-22T14:29:01+00:00\",\"breadcrumb\":{\"@id\":\"https:\\\/\\\/mesopolhis.fr\\\/recherche\\\/archives-contrats\\\/cargo-amidex\\\/#breadcrumb\"},\"inLanguage\":\"en-GB\",\"potentialAction\":[{\"@type\":\"ReadAction\",\"target\":[\"https:\\\/\\\/mesopolhis.fr\\\/recherche\\\/archives-contrats\\\/cargo-amidex\\\/\"]}]},{\"@type\":\"BreadcrumbList\",\"@id\":\"https:\\\/\\\/mesopolhis.fr\\\/recherche\\\/archives-contrats\\\/cargo-amidex\\\/#breadcrumb\",\"itemListElement\":[{\"@type\":\"ListItem\",\"position\":1,\"name\":\"Accueil\",\"item\":\"https:\\\/\\\/mesopolhis.fr\\\/\"},{\"@type\":\"ListItem\",\"position\":2,\"name\":\"Recherche\",\"item\":\"https:\\\/\\\/mesopolhis.fr\\\/recherche\\\/\"},{\"@type\":\"ListItem\",\"position\":3,\"name\":\"Archives contrats\",\"item\":\"https:\\\/\\\/mesopolhis.fr\\\/recherche\\\/archives-contrats\\\/\"},{\"@type\":\"ListItem\",\"position\":4,\"name\":\"CARGO &#8211; A*Midex\"}]},{\"@type\":\"WebSite\",\"@id\":\"https:\\\/\\\/mesopolhis.fr\\\/#website\",\"url\":\"https:\\\/\\\/mesopolhis.fr\\\/\",\"name\":\"Mesopolhis\",\"description\":\"Centre m\u00e9diterran\u00e9en de sociologie, de science politique et d&#039;histoire\",\"publisher\":{\"@id\":\"https:\\\/\\\/mesopolhis.fr\\\/#organization\"},\"potentialAction\":[{\"@type\":\"SearchAction\",\"target\":{\"@type\":\"EntryPoint\",\"urlTemplate\":\"https:\\\/\\\/mesopolhis.fr\\\/?s={search_term_string}\"},\"query-input\":{\"@type\":\"PropertyValueSpecification\",\"valueRequired\":true,\"valueName\":\"search_term_string\"}}],\"inLanguage\":\"en-GB\"},{\"@type\":\"Organization\",\"@id\":\"https:\\\/\\\/mesopolhis.fr\\\/#organization\",\"name\":\"Mesopolhis\",\"url\":\"https:\\\/\\\/mesopolhis.fr\\\/\",\"logo\":{\"@type\":\"ImageObject\",\"inLanguage\":\"en-GB\",\"@id\":\"https:\\\/\\\/mesopolhis.fr\\\/#\\\/schema\\\/logo\\\/image\\\/\",\"url\":\"https:\\\/\\\/mesopolhis.fr\\\/wp-content\\\/uploads\\\/2021\\\/12\\\/Logo_MESOPOLHIS_Quadri.png\",\"contentUrl\":\"https:\\\/\\\/mesopolhis.fr\\\/wp-content\\\/uploads\\\/2021\\\/12\\\/Logo_MESOPOLHIS_Quadri.png\",\"width\":264,\"height\":69,\"caption\":\"Mesopolhis\"},\"image\":{\"@id\":\"https:\\\/\\\/mesopolhis.fr\\\/#\\\/schema\\\/logo\\\/image\\\/\"}}]}<\/script>\n<!-- \/ Yoast SEO plugin. -->","yoast_head_json":{"title":"CARGO - A*Midex - Mesopolhis","robots":{"index":"index","follow":"follow","max-snippet":"max-snippet:-1","max-image-preview":"max-image-preview:large","max-video-preview":"max-video-preview:-1"},"canonical":"https:\/\/mesopolhis.fr\/en\/research\/contract-archives\/cargo-amidex\/","og_locale":"en_GB","og_type":"article","og_title":"CARGO - A*Midex - Mesopolhis","og_description":"Accueil &raquo; Recherche &raquo; Contrats et Programmes &raquo; CARGO &#8211; A*Midex CARGO . A*Midex Figures et sonorit\u00e9s silencieuses de la travers\u00e9e en M\u00e9diterran\u00e9e. Dur\u00e9e : Septembre 2021 \u00e0 F\u00e9vrier 2023 Financement : N\/C Porteur : AMU &amp; MESOPOLHIS Coordinateurs de projet Constance De Gourcy, Ma\u00eetresse de conf\u00e9rences HDR, MESOPOLHIS, constance.degourcy@univ-amu.frSa\u00efd Belguidoum, IREMAM Le projet Cargo,&hellip;","og_url":"https:\/\/mesopolhis.fr\/en\/research\/contract-archives\/cargo-amidex\/","og_site_name":"Mesopolhis","article_modified_time":"2024-03-22T14:29:01+00:00","twitter_card":"summary_large_image","twitter_misc":{"Estimated reading time":"2 minutes"},"schema":{"@context":"https:\/\/schema.org","@graph":[{"@type":"WebPage","@id":"https:\/\/mesopolhis.fr\/recherche\/archives-contrats\/cargo-amidex\/","url":"https:\/\/mesopolhis.fr\/recherche\/archives-contrats\/cargo-amidex\/","name":"CARGO - A*Midex - Mesopolhis","isPartOf":{"@id":"https:\/\/mesopolhis.fr\/#website"},"datePublished":"2022-08-24T13:26:09+00:00","dateModified":"2024-03-22T14:29:01+00:00","breadcrumb":{"@id":"https:\/\/mesopolhis.fr\/recherche\/archives-contrats\/cargo-amidex\/#breadcrumb"},"inLanguage":"en-GB","potentialAction":[{"@type":"ReadAction","target":["https:\/\/mesopolhis.fr\/recherche\/archives-contrats\/cargo-amidex\/"]}]},{"@type":"BreadcrumbList","@id":"https:\/\/mesopolhis.fr\/recherche\/archives-contrats\/cargo-amidex\/#breadcrumb","itemListElement":[{"@type":"ListItem","position":1,"name":"Accueil","item":"https:\/\/mesopolhis.fr\/"},{"@type":"ListItem","position":2,"name":"Recherche","item":"https:\/\/mesopolhis.fr\/recherche\/"},{"@type":"ListItem","position":3,"name":"Archives contrats","item":"https:\/\/mesopolhis.fr\/recherche\/archives-contrats\/"},{"@type":"ListItem","position":4,"name":"CARGO &#8211; A*Midex"}]},{"@type":"WebSite","@id":"https:\/\/mesopolhis.fr\/#website","url":"https:\/\/mesopolhis.fr\/","name":"Mesopolhis","description":"Mediterranean Centre for Sociology, Political Science and History","publisher":{"@id":"https:\/\/mesopolhis.fr\/#organization"},"potentialAction":[{"@type":"SearchAction","target":{"@type":"EntryPoint","urlTemplate":"https:\/\/mesopolhis.fr\/?s={search_term_string}"},"query-input":{"@type":"PropertyValueSpecification","valueRequired":true,"valueName":"search_term_string"}}],"inLanguage":"en-GB"},{"@type":"Organization","@id":"https:\/\/mesopolhis.fr\/#organization","name":"Mesopolhis","url":"https:\/\/mesopolhis.fr\/","logo":{"@type":"ImageObject","inLanguage":"en-GB","@id":"https:\/\/mesopolhis.fr\/#\/schema\/logo\/image\/","url":"https:\/\/mesopolhis.fr\/wp-content\/uploads\/2021\/12\/Logo_MESOPOLHIS_Quadri.png","contentUrl":"https:\/\/mesopolhis.fr\/wp-content\/uploads\/2021\/12\/Logo_MESOPOLHIS_Quadri.png","width":264,"height":69,"caption":"Mesopolhis"},"image":{"@id":"https:\/\/mesopolhis.fr\/#\/schema\/logo\/image\/"}}]}},"_links":{"self":[{"href":"https:\/\/mesopolhis.fr\/en\/wp-json\/wp\/v2\/pages\/31176","targetHints":{"allow":["GET"]}}],"collection":[{"href":"https:\/\/mesopolhis.fr\/en\/wp-json\/wp\/v2\/pages"}],"about":[{"href":"https:\/\/mesopolhis.fr\/en\/wp-json\/wp\/v2\/types\/page"}],"author":[{"embeddable":true,"href":"https:\/\/mesopolhis.fr\/en\/wp-json\/wp\/v2\/users\/4"}],"replies":[{"embeddable":true,"href":"https:\/\/mesopolhis.fr\/en\/wp-json\/wp\/v2\/comments?post=31176"}],"version-history":[{"count":0,"href":"https:\/\/mesopolhis.fr\/en\/wp-json\/wp\/v2\/pages\/31176\/revisions"}],"up":[{"embeddable":true,"href":"https:\/\/mesopolhis.fr\/en\/wp-json\/wp\/v2\/pages\/34344"}],"wp:attachment":[{"href":"https:\/\/mesopolhis.fr\/en\/wp-json\/wp\/v2\/media?parent=31176"}],"curies":[{"name":"wp","href":"https:\/\/api.w.org\/{rel}","templated":true}]}}