{"id":31167,"date":"2022-08-24T14:09:11","date_gmt":"2022-08-24T12:09:11","guid":{"rendered":"https:\/\/mesopolhis.fr\/?page_id=31167"},"modified":"2022-09-06T15:16:43","modified_gmt":"2022-09-06T13:16:43","slug":"metropolitan-investments-for-the-future","status":"publish","type":"page","link":"https:\/\/mesopolhis.fr\/en\/metropolitan-investments-for-the-future\/","title":{"rendered":"METROPOLITIN . Investing in the future"},"content":{"rendered":"<a href=\"https:\/\/mesopolhis.fr\/en\/\">Home<\/a> \u00bbMETROPOLITIN . Investing in the future<h2>\n\t\tMETROPOLITIN. Investing in the future \u00a0\n\t<\/h2>\n<h3>\n\t\tMETROLOGY POLICY OF INDUSTRIAL WASTE IN EUROPE: producing and using INFORMATION ON WASTE\n\t<\/h3>\n\t\t\t<h3> Duration: 2018-2022<\/h3>\t\t\n\t\t\t<h3> Financemement: Third Future Investment Programme<\/h3>\t\t\n\t\t\t<h3> Project coordinator<\/h3> <p><strong>Pierre Fournier<\/strong>, Professor at the University of Aix-Marseille, MESOPOLHIS, pierre.fournier@univ-amu.fr<\/p>\t\t\n\t\t\t<h3> Partners<\/h3> <p><strong>Ecole normale sup\u00e9rieure de Lyon - Environment, City, Society laboratory<\/strong> (UMR5600, CNRS, ENS-Lyon, Universit\u00e9 Lyon 2)<br \/>Contact: Romain Garcier, romain.garcier@ens-lyon.fr<strong>History of Science and Technology in Society Laboratory<\/strong> (Conservatoire National des Arts et M\u00e9tiers, Paris)<strong>University of Exeter<\/strong><strong>University of Turin<\/strong>\u00a0<\/p>\t\t\n\t<strong>Context<\/strong><br \/>\nAlongside the production of intermediate or final goods, industrial processes necessarily generate by-products. Recovering and recycling these by-products is one of the economic concerns of industrialists, just as it is part of their environmental responsibility to neutralise their harmful nature and dispose of any waste that cannot be recovered in landfill sites. Neutralising the toxicity of this waste is not always an easy task, and this concern applies both to non-recoverable production residues and to the very facilities that produced them when they are obsolete and so impregnated that they cannot be completely cleaned.<br \/>\nOn all these points, the nuclear power industry is no exception. In Europe, around a hundred nuclear reactors are currently shut down. Dismantling them will generate large volumes of materials, some of them radioactive. The largest volumes will be very low-level waste (VLLW). The management of these dismantling products is therefore a major challenge, creating pressure on the recovery channels for these materials and on the capacity of storage facilities for those classified in the institutional category of final VLLW waste.<br \/>\nThe project proposes to examine the role of information in the categorisation and management of this waste: how is information on dismantling waste, which is by its very nature extremely diverse, currently produced, circulated, used, understood or contested? How is waste measured, qualified, standardised, given value and practised by the various players in the dismantling sector?\n\t<strong>Objectives<\/strong><br \/>\n- To analyse the historical and current circumstances surrounding the production and circulation of information on waste, adopting a \u00abbottom-up\u00bb perspective (creation of reference systems, practical and theoretical knowledge).<br \/>\n- Identify the way in which information structures collectives and intervenes in controversies about waste, by following waste and the information that accompanies it from the dismantled site to the general public.<br \/>\n- To examine the implications of forms of information for the development of management sectors.\nTo meet these objectives, the METROPOLITIN project is interdisciplinary and combines three methodological approaches:<br \/>\n- Sociotechnical analysis of measurement, its uses and the controversies it provokes (\u00abpolitical metrology\u00bb); ;<br \/>\n- Comparison of the management of TFA waste with other industrial waste streams (in particular incineration bottom ash) and in different national contexts (France, Sweden, United Kingdom, Germany, Italy); ;<br \/>\n- An ethnographic approach to tracking both the waste and the information produced and discussed about it throughout the dismantling of nuclear facilities.\n\t<strong>Course<\/strong><br \/>\nThe project will run for 48 months from January 2018 and combines radioactivity metrology, sociology, history, geography and Science and Technology Studies. It includes field surveys in France (notably at the CEA) and in four foreign countries (Germany, Italy, the United Kingdom and Sweden). In particular, LAMES is contributing to the study of the situation in Italy and to the ethnography in France of dismantling operations and the transport of waste from these operations to final disposal sites.\n\t<p><strong>Publications<\/strong><\/p>\n<p>The main publications are available\u00a0<strong><a href=\"https:\/\/nucleaire.hypotheses.org\/prolongements\/travailler-dans-les-dechets-nucleaires\">here<\/a><\/strong>.<\/p>","protected":false},"excerpt":{"rendered":"<p>Home \u00bb METROPOLITIN. Future investments METROPOLITIN. Investissements d'avenir METROlogie POLITique des d\u00e9chets industriels en Europe : produire et utiliser de l'INformation sur les d\u00e9chets Duration: 2018-2022 Funding: Third Investissements d'avenir programme Project coordinator Pierre Fournier, Professor at the University of Aix-Marseille, MESOPOLHIS, pierre.fournier@univ-amu.fr Partners Ecole normale sup\u00e9rieure de Lyon - Environnement,...<\/p>","protected":false},"author":4,"featured_media":0,"parent":0,"menu_order":0,"comment_status":"closed","ping_status":"closed","template":"","meta":{"_acf_changed":false,"inline_featured_image":false,"footnotes":""},"class_list":["post-31167","page","type-page","status-publish","hentry"],"acf":[],"yoast_head":"<!-- This site is optimized with the Yoast SEO plugin v27.3 - https:\/\/yoast.com\/product\/yoast-seo-wordpress\/ -->\n<title>METROPOLITIN . Investissements d&#039;avenir - Mesopolhis<\/title>\n<meta name=\"robots\" content=\"index, follow, max-snippet:-1, max-image-preview:large, max-video-preview:-1\" \/>\n<link rel=\"canonical\" href=\"https:\/\/mesopolhis.fr\/en\/metropolitan-investments-for-the-future\/\" \/>\n<meta property=\"og:locale\" content=\"en_GB\" \/>\n<meta property=\"og:type\" content=\"article\" \/>\n<meta property=\"og:title\" content=\"METROPOLITIN . Investissements d&#039;avenir - Mesopolhis\" \/>\n<meta property=\"og:description\" content=\"Accueil &raquo; METROPOLITIN . Investissements d&rsquo;avenir METROPOLITIN. Investissements d&rsquo;avenir \u00a0 METROlogie POLITique des d\u00e9chets industriels en Europe\u00a0: produire et utiliser de l&rsquo;INformation sur les d\u00e9chets Dur\u00e9e : 2018-2022 Financemement : Troisi\u00e8me programme des Investissements d&rsquo;avenir Coordinateur de projet Pierre Fournier, Professeur \u00e0 l&rsquo;Universit\u00e9 d&rsquo;Aix-Marseille, MESOPOLHIS, pierre.fournier@univ-amu.fr Partenaires Ecole normale sup\u00e9rieure de Lyon &#8211; laboratoire Environnement,&hellip;\" \/>\n<meta property=\"og:url\" content=\"https:\/\/mesopolhis.fr\/en\/metropolitan-investments-for-the-future\/\" \/>\n<meta property=\"og:site_name\" content=\"Mesopolhis\" \/>\n<meta property=\"article:modified_time\" content=\"2022-09-06T13:16:43+00:00\" \/>\n<meta name=\"twitter:card\" content=\"summary_large_image\" \/>\n<meta name=\"twitter:label1\" content=\"Estimated reading time\" \/>\n\t<meta name=\"twitter:data1\" content=\"4 minutes\" \/>\n<script type=\"application\/ld+json\" class=\"yoast-schema-graph\">{\"@context\":\"https:\\\/\\\/schema.org\",\"@graph\":[{\"@type\":\"WebPage\",\"@id\":\"https:\\\/\\\/mesopolhis.fr\\\/metropolitin-investissements-davenir\\\/\",\"url\":\"https:\\\/\\\/mesopolhis.fr\\\/metropolitin-investissements-davenir\\\/\",\"name\":\"METROPOLITIN . Investissements d'avenir - Mesopolhis\",\"isPartOf\":{\"@id\":\"https:\\\/\\\/mesopolhis.fr\\\/#website\"},\"datePublished\":\"2022-08-24T12:09:11+00:00\",\"dateModified\":\"2022-09-06T13:16:43+00:00\",\"breadcrumb\":{\"@id\":\"https:\\\/\\\/mesopolhis.fr\\\/metropolitin-investissements-davenir\\\/#breadcrumb\"},\"inLanguage\":\"en-GB\",\"potentialAction\":[{\"@type\":\"ReadAction\",\"target\":[\"https:\\\/\\\/mesopolhis.fr\\\/metropolitin-investissements-davenir\\\/\"]}]},{\"@type\":\"BreadcrumbList\",\"@id\":\"https:\\\/\\\/mesopolhis.fr\\\/metropolitin-investissements-davenir\\\/#breadcrumb\",\"itemListElement\":[{\"@type\":\"ListItem\",\"position\":1,\"name\":\"Accueil\",\"item\":\"https:\\\/\\\/mesopolhis.fr\\\/\"},{\"@type\":\"ListItem\",\"position\":2,\"name\":\"METROPOLITIN . Investissements d&#8217;avenir\"}]},{\"@type\":\"WebSite\",\"@id\":\"https:\\\/\\\/mesopolhis.fr\\\/#website\",\"url\":\"https:\\\/\\\/mesopolhis.fr\\\/\",\"name\":\"Mesopolhis\",\"description\":\"Centre m\u00e9diterran\u00e9en de sociologie, de science politique et d&#039;histoire\",\"publisher\":{\"@id\":\"https:\\\/\\\/mesopolhis.fr\\\/#organization\"},\"potentialAction\":[{\"@type\":\"SearchAction\",\"target\":{\"@type\":\"EntryPoint\",\"urlTemplate\":\"https:\\\/\\\/mesopolhis.fr\\\/?s={search_term_string}\"},\"query-input\":{\"@type\":\"PropertyValueSpecification\",\"valueRequired\":true,\"valueName\":\"search_term_string\"}}],\"inLanguage\":\"en-GB\"},{\"@type\":\"Organization\",\"@id\":\"https:\\\/\\\/mesopolhis.fr\\\/#organization\",\"name\":\"Mesopolhis\",\"url\":\"https:\\\/\\\/mesopolhis.fr\\\/\",\"logo\":{\"@type\":\"ImageObject\",\"inLanguage\":\"en-GB\",\"@id\":\"https:\\\/\\\/mesopolhis.fr\\\/#\\\/schema\\\/logo\\\/image\\\/\",\"url\":\"https:\\\/\\\/mesopolhis.fr\\\/wp-content\\\/uploads\\\/2021\\\/12\\\/Logo_MESOPOLHIS_Quadri.png\",\"contentUrl\":\"https:\\\/\\\/mesopolhis.fr\\\/wp-content\\\/uploads\\\/2021\\\/12\\\/Logo_MESOPOLHIS_Quadri.png\",\"width\":264,\"height\":69,\"caption\":\"Mesopolhis\"},\"image\":{\"@id\":\"https:\\\/\\\/mesopolhis.fr\\\/#\\\/schema\\\/logo\\\/image\\\/\"}}]}<\/script>\n<!-- \/ Yoast SEO plugin. -->","yoast_head_json":{"title":"METROPOLITIN . Investing in the future - Mesopolhis","robots":{"index":"index","follow":"follow","max-snippet":"max-snippet:-1","max-image-preview":"max-image-preview:large","max-video-preview":"max-video-preview:-1"},"canonical":"https:\/\/mesopolhis.fr\/en\/metropolitan-investments-for-the-future\/","og_locale":"en_GB","og_type":"article","og_title":"METROPOLITIN . Investissements d'avenir - Mesopolhis","og_description":"Accueil &raquo; METROPOLITIN . Investissements d&rsquo;avenir METROPOLITIN. Investissements d&rsquo;avenir \u00a0 METROlogie POLITique des d\u00e9chets industriels en Europe\u00a0: produire et utiliser de l&rsquo;INformation sur les d\u00e9chets Dur\u00e9e : 2018-2022 Financemement : Troisi\u00e8me programme des Investissements d&rsquo;avenir Coordinateur de projet Pierre Fournier, Professeur \u00e0 l&rsquo;Universit\u00e9 d&rsquo;Aix-Marseille, MESOPOLHIS, pierre.fournier@univ-amu.fr Partenaires Ecole normale sup\u00e9rieure de Lyon &#8211; laboratoire Environnement,&hellip;","og_url":"https:\/\/mesopolhis.fr\/en\/metropolitan-investments-for-the-future\/","og_site_name":"Mesopolhis","article_modified_time":"2022-09-06T13:16:43+00:00","twitter_card":"summary_large_image","twitter_misc":{"Estimated reading time":"4 minutes"},"schema":{"@context":"https:\/\/schema.org","@graph":[{"@type":"WebPage","@id":"https:\/\/mesopolhis.fr\/metropolitin-investissements-davenir\/","url":"https:\/\/mesopolhis.fr\/metropolitin-investissements-davenir\/","name":"METROPOLITIN . Investing in the future - Mesopolhis","isPartOf":{"@id":"https:\/\/mesopolhis.fr\/#website"},"datePublished":"2022-08-24T12:09:11+00:00","dateModified":"2022-09-06T13:16:43+00:00","breadcrumb":{"@id":"https:\/\/mesopolhis.fr\/metropolitin-investissements-davenir\/#breadcrumb"},"inLanguage":"en-GB","potentialAction":[{"@type":"ReadAction","target":["https:\/\/mesopolhis.fr\/metropolitin-investissements-davenir\/"]}]},{"@type":"BreadcrumbList","@id":"https:\/\/mesopolhis.fr\/metropolitin-investissements-davenir\/#breadcrumb","itemListElement":[{"@type":"ListItem","position":1,"name":"Accueil","item":"https:\/\/mesopolhis.fr\/"},{"@type":"ListItem","position":2,"name":"METROPOLITIN . Investissements d&#8217;avenir"}]},{"@type":"WebSite","@id":"https:\/\/mesopolhis.fr\/#website","url":"https:\/\/mesopolhis.fr\/","name":"Mesopolhis","description":"Mediterranean Centre for Sociology, Political Science and History","publisher":{"@id":"https:\/\/mesopolhis.fr\/#organization"},"potentialAction":[{"@type":"SearchAction","target":{"@type":"EntryPoint","urlTemplate":"https:\/\/mesopolhis.fr\/?s={search_term_string}"},"query-input":{"@type":"PropertyValueSpecification","valueRequired":true,"valueName":"search_term_string"}}],"inLanguage":"en-GB"},{"@type":"Organization","@id":"https:\/\/mesopolhis.fr\/#organization","name":"Mesopolhis","url":"https:\/\/mesopolhis.fr\/","logo":{"@type":"ImageObject","inLanguage":"en-GB","@id":"https:\/\/mesopolhis.fr\/#\/schema\/logo\/image\/","url":"https:\/\/mesopolhis.fr\/wp-content\/uploads\/2021\/12\/Logo_MESOPOLHIS_Quadri.png","contentUrl":"https:\/\/mesopolhis.fr\/wp-content\/uploads\/2021\/12\/Logo_MESOPOLHIS_Quadri.png","width":264,"height":69,"caption":"Mesopolhis"},"image":{"@id":"https:\/\/mesopolhis.fr\/#\/schema\/logo\/image\/"}}]}},"_links":{"self":[{"href":"https:\/\/mesopolhis.fr\/en\/wp-json\/wp\/v2\/pages\/31167","targetHints":{"allow":["GET"]}}],"collection":[{"href":"https:\/\/mesopolhis.fr\/en\/wp-json\/wp\/v2\/pages"}],"about":[{"href":"https:\/\/mesopolhis.fr\/en\/wp-json\/wp\/v2\/types\/page"}],"author":[{"embeddable":true,"href":"https:\/\/mesopolhis.fr\/en\/wp-json\/wp\/v2\/users\/4"}],"replies":[{"embeddable":true,"href":"https:\/\/mesopolhis.fr\/en\/wp-json\/wp\/v2\/comments?post=31167"}],"version-history":[{"count":0,"href":"https:\/\/mesopolhis.fr\/en\/wp-json\/wp\/v2\/pages\/31167\/revisions"}],"wp:attachment":[{"href":"https:\/\/mesopolhis.fr\/en\/wp-json\/wp\/v2\/media?parent=31167"}],"curies":[{"name":"wp","href":"https:\/\/api.w.org\/{rel}","templated":true}]}}