{"id":31161,"date":"2022-08-24T12:33:21","date_gmt":"2022-08-24T10:33:21","guid":{"rendered":"https:\/\/mesopolhis.fr\/?page_id=31161"},"modified":"2025-09-04T11:34:36","modified_gmt":"2025-09-04T09:34:36","slug":"i-biolex-anr","status":"publish","type":"page","link":"https:\/\/mesopolhis.fr\/en\/research\/programme-contracts\/i-biolex-anr\/","title":{"rendered":"I-BIOLEX . ANR"},"content":{"rendered":"<a href=\"https:\/\/mesopolhis.fr\/en\/\">Home<\/a> \u00bbCopy of Observatoire des publics et des pratiques de la culture - Sciences et soci\u00e9t\u00e9 . MESRI - AMU<h2>\n\t\tI-BIOLEX . ANR&nbsp;&nbsp;\n\t<\/h2>\n<h3>\n\t\tFragmentation and defragmentation of the Law on Biomedical innovations\n\t<\/h3>\n\t\t\t<h3> Duration: 2021 - 2024<\/h3>\t\t\n\t\t\t<h3> Financemement : <\/h3>\t\t\n\t\t\t<h3> Project sponsor : <\/h3>\t\t\n\t\t\t<h3> Project coordinator<\/h3> <p><strong>Marc Bernardot<\/strong>, Professor of Sociology at Aix Marseille University (PR1) in the Department of Sociology (ALLSH) and Director of the Centre m\u00e9diterran\u00e9en de sociologie, de science politique et d'histoire (MESOPOLHIS) UMR 7064 (AMU, SPXAix, CNRS), marc.bernardot@univ-amu.fr<\/p>\t\t\n\tAur\u00e9lie Mahalatchimy and a team of researchers in the humanities, social sciences and biomedical sciences have obtained funding from the French National Research Agency for a 4-year project to study the processes of fragmentation and defragmentation of European law applicable to innovations.<br>\nbiomedical (mainly gene therapy, regenerative medicine and nanomedicine).<br>\nThe aims of the project are to explore and explain these legal processes and to decipher their developments over time in the field of European biomedical innovation law. While building on existing work devoted to the legal framework for biomedical innovations, the temporality of law and the phenomenon of fragmentation in law, the I-Biolex project will use approaches that<br>\ncomparative\/comparative and interdisciplinary, and will combine a theoretical and conceptual scope with a practical dimension of modelling decision-making processes in order to determine how the law on biomedical innovations can meet the needs of patients.<br>\nvarious societal objectives.\nThe I-Biolex project team involves 5 French teams attached to laboratories at the University of Aix-Marseille:<br>\n- At the Centre d'Etudes et de Recherches Internationales et Communautaires (CERIC, UMR 7318 International, Comparative and European Law, Faculty of Law and Political Science): Estelle Brosset (Professor of public law); Aur\u00e9lie Mahalatchimy (CNRS Research Fellow, Law); Sandrine Maljean-Dubois (CNRS Research Director, Law); Martine Perron (CNRS Research Engineer, Communication and promotion), Nathalie Rubio (Professor of public law), Pascal Gauttier (Research Project Manager).<br>\n- At the Institut Louis Favoreu- Groupe d'Etudes et de Recherches sur la Justice Constitutionnelle (ILF-GERJC, UMR 7318 International, Comparative and European Law, Faculty of Law and Political Science): Laurence Gay (CNRS Research Fellow, Law); Xavier Magnon (Professor of Public Law).<br>\n- At Mesopolhis (formerly Laboratoire m\u00e9diterran\u00e9en de sociologie (LAMES UMR 7305, Maison m\u00e9diterran\u00e9enne des sciences de l'homme): Marc Bernardot (Professor of Sociology).<br>\n- At the Marseille Cancer Research Centre (CRCM): Christian Chabannon (Professor of Cell Biology).\n- At the Cardiovascular and Nutrition Research Centre (C2VN, Faculty of Pharmacy): Florence Sabatier (Professor of Haematology and Biotherapies).<br>\nTo these can be added :<br>\n- 2 British laboratories at Oxford University (Michael Morrisson, Research Fellow in Science and technology Studies, HeLEX) and Queen's University Belfast (Mark Flear, Reader in law)<br>\n- 1 laboratory at Monash University in Australia (John Gardner, Senior Lecturer in Sociology).\nThe Scientific Advisory Committee is made up of four people renowned for their expertise in the areas covered by the project: Alex Faulkner (Sociology\/STS, University of Sussex), Emmanuelle Rial-Sebbag (Law, Universit\u00e9 Toulouse III- Inserm), Virginie<br>\nTournay (Sciences Po CEVIPOF) and Andrew Webster (Sociology\/STS, University of York).","protected":false},"excerpt":{"rendered":"<p>Home \u00bb Copy of Observatoire des publics et des pratiques de la culture - Sciences et soci\u00e9t\u00e9 . MESRI - AMU I-BIOLEX . ANR Fragmentation and defragmentation of the Law on Biomedical innovations Duration: 2021 - 2024 Funding : Project sponsor: Project coordinator Marc Bernardot, Professor of Sociology at Aix Marseille University (PR1) at the...<\/p>","protected":false},"author":4,"featured_media":0,"parent":511,"menu_order":0,"comment_status":"closed","ping_status":"closed","template":"","meta":{"_acf_changed":false,"inline_featured_image":false,"footnotes":""},"class_list":["post-31161","page","type-page","status-publish","hentry"],"acf":[],"yoast_head":"<!-- This site is optimized with the Yoast SEO plugin v27.4 - https:\/\/yoast.com\/product\/yoast-seo-wordpress\/ -->\n<title>I-BIOLEX . ANR - Mesopolhis<\/title>\n<meta name=\"robots\" content=\"index, follow, max-snippet:-1, max-image-preview:large, max-video-preview:-1\" \/>\n<link rel=\"canonical\" href=\"https:\/\/mesopolhis.fr\/en\/research\/programme-contracts\/i-biolex-anr\/\" \/>\n<meta property=\"og:locale\" content=\"en_GB\" \/>\n<meta property=\"og:type\" content=\"article\" \/>\n<meta property=\"og:title\" content=\"I-BIOLEX . ANR - Mesopolhis\" \/>\n<meta property=\"og:description\" content=\"Accueil \u00bb Copie de Observatoire des publics et des pratiques de la culture &#8211; Sciences et soci\u00e9t\u00e9&nbsp;. MESRI \u2013 AMU I-BIOLEX . ANR&nbsp;&nbsp; Fragmentation and defragmentation of the Law on Biomedical innovations Dur\u00e9e : 2021 &#8211; 2024 Financemement : Porteur : Coordinateur de projet Marc Bernardot, Professeur de sociologie \u00e0 Aix Marseille Universit\u00e9 (PR1) au&hellip;\" \/>\n<meta property=\"og:url\" content=\"https:\/\/mesopolhis.fr\/en\/research\/programme-contracts\/i-biolex-anr\/\" \/>\n<meta property=\"og:site_name\" content=\"Mesopolhis\" \/>\n<meta property=\"article:modified_time\" content=\"2025-09-04T09:34:36+00:00\" \/>\n<meta name=\"twitter:card\" content=\"summary_large_image\" \/>\n<meta name=\"twitter:label1\" content=\"Estimated reading time\" \/>\n\t<meta name=\"twitter:data1\" content=\"3 minutes\" \/>\n<script type=\"application\/ld+json\" class=\"yoast-schema-graph\">{\"@context\":\"https:\\\/\\\/schema.org\",\"@graph\":[{\"@type\":\"WebPage\",\"@id\":\"https:\\\/\\\/mesopolhis.fr\\\/recherche\\\/contrats-programmes\\\/i-biolex-anr\\\/\",\"url\":\"https:\\\/\\\/mesopolhis.fr\\\/recherche\\\/contrats-programmes\\\/i-biolex-anr\\\/\",\"name\":\"I-BIOLEX . ANR - Mesopolhis\",\"isPartOf\":{\"@id\":\"https:\\\/\\\/mesopolhis.fr\\\/#website\"},\"datePublished\":\"2022-08-24T10:33:21+00:00\",\"dateModified\":\"2025-09-04T09:34:36+00:00\",\"breadcrumb\":{\"@id\":\"https:\\\/\\\/mesopolhis.fr\\\/recherche\\\/contrats-programmes\\\/i-biolex-anr\\\/#breadcrumb\"},\"inLanguage\":\"en-GB\",\"potentialAction\":[{\"@type\":\"ReadAction\",\"target\":[\"https:\\\/\\\/mesopolhis.fr\\\/recherche\\\/contrats-programmes\\\/i-biolex-anr\\\/\"]}]},{\"@type\":\"BreadcrumbList\",\"@id\":\"https:\\\/\\\/mesopolhis.fr\\\/recherche\\\/contrats-programmes\\\/i-biolex-anr\\\/#breadcrumb\",\"itemListElement\":[{\"@type\":\"ListItem\",\"position\":1,\"name\":\"Accueil\",\"item\":\"https:\\\/\\\/mesopolhis.fr\\\/\"},{\"@type\":\"ListItem\",\"position\":2,\"name\":\"Recherche\",\"item\":\"https:\\\/\\\/mesopolhis.fr\\\/recherche\\\/\"},{\"@type\":\"ListItem\",\"position\":3,\"name\":\"Contrats et Programmes\",\"item\":\"https:\\\/\\\/mesopolhis.fr\\\/recherche\\\/contrats-programmes\\\/\"},{\"@type\":\"ListItem\",\"position\":4,\"name\":\"I-BIOLEX . ANR\"}]},{\"@type\":\"WebSite\",\"@id\":\"https:\\\/\\\/mesopolhis.fr\\\/#website\",\"url\":\"https:\\\/\\\/mesopolhis.fr\\\/\",\"name\":\"Mesopolhis\",\"description\":\"Centre m\u00e9diterran\u00e9en de sociologie, de science politique et d&#039;histoire\",\"publisher\":{\"@id\":\"https:\\\/\\\/mesopolhis.fr\\\/#organization\"},\"potentialAction\":[{\"@type\":\"SearchAction\",\"target\":{\"@type\":\"EntryPoint\",\"urlTemplate\":\"https:\\\/\\\/mesopolhis.fr\\\/?s={search_term_string}\"},\"query-input\":{\"@type\":\"PropertyValueSpecification\",\"valueRequired\":true,\"valueName\":\"search_term_string\"}}],\"inLanguage\":\"en-GB\"},{\"@type\":\"Organization\",\"@id\":\"https:\\\/\\\/mesopolhis.fr\\\/#organization\",\"name\":\"Mesopolhis\",\"url\":\"https:\\\/\\\/mesopolhis.fr\\\/\",\"logo\":{\"@type\":\"ImageObject\",\"inLanguage\":\"en-GB\",\"@id\":\"https:\\\/\\\/mesopolhis.fr\\\/#\\\/schema\\\/logo\\\/image\\\/\",\"url\":\"https:\\\/\\\/mesopolhis.fr\\\/wp-content\\\/uploads\\\/2021\\\/12\\\/Logo_MESOPOLHIS_Quadri.png\",\"contentUrl\":\"https:\\\/\\\/mesopolhis.fr\\\/wp-content\\\/uploads\\\/2021\\\/12\\\/Logo_MESOPOLHIS_Quadri.png\",\"width\":264,\"height\":69,\"caption\":\"Mesopolhis\"},\"image\":{\"@id\":\"https:\\\/\\\/mesopolhis.fr\\\/#\\\/schema\\\/logo\\\/image\\\/\"}}]}<\/script>\n<!-- \/ Yoast SEO plugin. -->","yoast_head_json":{"title":"I-BIOLEX . ANR - Mesopolhis","robots":{"index":"index","follow":"follow","max-snippet":"max-snippet:-1","max-image-preview":"max-image-preview:large","max-video-preview":"max-video-preview:-1"},"canonical":"https:\/\/mesopolhis.fr\/en\/research\/programme-contracts\/i-biolex-anr\/","og_locale":"en_GB","og_type":"article","og_title":"I-BIOLEX . ANR - Mesopolhis","og_description":"Accueil \u00bb Copie de Observatoire des publics et des pratiques de la culture &#8211; Sciences et soci\u00e9t\u00e9&nbsp;. MESRI \u2013 AMU I-BIOLEX . ANR&nbsp;&nbsp; Fragmentation and defragmentation of the Law on Biomedical innovations Dur\u00e9e : 2021 &#8211; 2024 Financemement : Porteur : Coordinateur de projet Marc Bernardot, Professeur de sociologie \u00e0 Aix Marseille Universit\u00e9 (PR1) au&hellip;","og_url":"https:\/\/mesopolhis.fr\/en\/research\/programme-contracts\/i-biolex-anr\/","og_site_name":"Mesopolhis","article_modified_time":"2025-09-04T09:34:36+00:00","twitter_card":"summary_large_image","twitter_misc":{"Estimated reading time":"3 minutes"},"schema":{"@context":"https:\/\/schema.org","@graph":[{"@type":"WebPage","@id":"https:\/\/mesopolhis.fr\/recherche\/contrats-programmes\/i-biolex-anr\/","url":"https:\/\/mesopolhis.fr\/recherche\/contrats-programmes\/i-biolex-anr\/","name":"I-BIOLEX . ANR - Mesopolhis","isPartOf":{"@id":"https:\/\/mesopolhis.fr\/#website"},"datePublished":"2022-08-24T10:33:21+00:00","dateModified":"2025-09-04T09:34:36+00:00","breadcrumb":{"@id":"https:\/\/mesopolhis.fr\/recherche\/contrats-programmes\/i-biolex-anr\/#breadcrumb"},"inLanguage":"en-GB","potentialAction":[{"@type":"ReadAction","target":["https:\/\/mesopolhis.fr\/recherche\/contrats-programmes\/i-biolex-anr\/"]}]},{"@type":"BreadcrumbList","@id":"https:\/\/mesopolhis.fr\/recherche\/contrats-programmes\/i-biolex-anr\/#breadcrumb","itemListElement":[{"@type":"ListItem","position":1,"name":"Accueil","item":"https:\/\/mesopolhis.fr\/"},{"@type":"ListItem","position":2,"name":"Recherche","item":"https:\/\/mesopolhis.fr\/recherche\/"},{"@type":"ListItem","position":3,"name":"Contrats et Programmes","item":"https:\/\/mesopolhis.fr\/recherche\/contrats-programmes\/"},{"@type":"ListItem","position":4,"name":"I-BIOLEX . ANR"}]},{"@type":"WebSite","@id":"https:\/\/mesopolhis.fr\/#website","url":"https:\/\/mesopolhis.fr\/","name":"Mesopolhis","description":"Mediterranean Centre for Sociology, Political Science and History","publisher":{"@id":"https:\/\/mesopolhis.fr\/#organization"},"potentialAction":[{"@type":"SearchAction","target":{"@type":"EntryPoint","urlTemplate":"https:\/\/mesopolhis.fr\/?s={search_term_string}"},"query-input":{"@type":"PropertyValueSpecification","valueRequired":true,"valueName":"search_term_string"}}],"inLanguage":"en-GB"},{"@type":"Organization","@id":"https:\/\/mesopolhis.fr\/#organization","name":"Mesopolhis","url":"https:\/\/mesopolhis.fr\/","logo":{"@type":"ImageObject","inLanguage":"en-GB","@id":"https:\/\/mesopolhis.fr\/#\/schema\/logo\/image\/","url":"https:\/\/mesopolhis.fr\/wp-content\/uploads\/2021\/12\/Logo_MESOPOLHIS_Quadri.png","contentUrl":"https:\/\/mesopolhis.fr\/wp-content\/uploads\/2021\/12\/Logo_MESOPOLHIS_Quadri.png","width":264,"height":69,"caption":"Mesopolhis"},"image":{"@id":"https:\/\/mesopolhis.fr\/#\/schema\/logo\/image\/"}}]}},"_links":{"self":[{"href":"https:\/\/mesopolhis.fr\/en\/wp-json\/wp\/v2\/pages\/31161","targetHints":{"allow":["GET"]}}],"collection":[{"href":"https:\/\/mesopolhis.fr\/en\/wp-json\/wp\/v2\/pages"}],"about":[{"href":"https:\/\/mesopolhis.fr\/en\/wp-json\/wp\/v2\/types\/page"}],"author":[{"embeddable":true,"href":"https:\/\/mesopolhis.fr\/en\/wp-json\/wp\/v2\/users\/4"}],"replies":[{"embeddable":true,"href":"https:\/\/mesopolhis.fr\/en\/wp-json\/wp\/v2\/comments?post=31161"}],"version-history":[{"count":1,"href":"https:\/\/mesopolhis.fr\/en\/wp-json\/wp\/v2\/pages\/31161\/revisions"}],"predecessor-version":[{"id":37906,"href":"https:\/\/mesopolhis.fr\/en\/wp-json\/wp\/v2\/pages\/31161\/revisions\/37906"}],"up":[{"embeddable":true,"href":"https:\/\/mesopolhis.fr\/en\/wp-json\/wp\/v2\/pages\/511"}],"wp:attachment":[{"href":"https:\/\/mesopolhis.fr\/en\/wp-json\/wp\/v2\/media?parent=31161"}],"curies":[{"name":"wp","href":"https:\/\/api.w.org\/{rel}","templated":true}]}}