{"id":31158,"date":"2022-08-24T12:25:09","date_gmt":"2022-08-24T10:25:09","guid":{"rendered":"https:\/\/mesopolhis.fr\/?page_id=31158"},"modified":"2022-08-24T12:26:05","modified_gmt":"2022-08-24T10:26:05","slug":"proteus-amidex-copy-copy-2","status":"publish","type":"page","link":"https:\/\/mesopolhis.fr\/en\/proteus-amidex-copy-copy-2\/","title":{"rendered":"ASELN . A*Midex P\u00e9pini\u00e8re"},"content":{"rendered":"<a href=\"https:\/\/mesopolhis.fr\/en\/\">Home<\/a> \u00bbCopy of Observatoire des publics et des pratiques de la culture - Sciences et soci\u00e9t\u00e9 . MESRI - AMU<h2>\n\t\tASELN . AMIDEX Nursery&nbsp; &nbsp;&nbsp;\n\t<\/h2>\n<h3>\n\t\tA sociological approach to digital literacy education.\n\t<\/h3>\n\t\t\t<h3> Duration: <\/h3>\t\t\n\t\t\t<h3> Financemement :<\/h3>\t\t\n\t\t\t<h3> Project sponsor : <\/h3>\t\t\n\t\t\t<h3> Project coordinator<\/h3> <p><strong>Mohamed Dendani<\/strong>, D. in sociology, is a lecturer in the sociology department at the University of Aix-Marseille I and a researcher at the Institute for Research and Studies on the Arab World (IREMAM).<\/p>\t\t\n\t\t\t<h3> Project team<\/h3> <p><strong>Magali Ballatore<\/strong>, ESPE Aix-Marseille University, MESOPOLHIS, magali.ballatore@univ-amu.fr<strong>Sylvia Girel<\/strong>University Professor, Mesopolhis - sylvia.girel@univ-amu.fr<strong>Ariane Richard-Bossez<\/strong>, Lecturer in Sociology at INSPE, Aix-Marseille, MESOPOLHIS, richard.bossez@univ-amu.fr<strong>Fabienne Soldini<\/strong>LEST<strong>Philippe Vitale<\/strong>LEST<\/p>\t\t\n\t\t\t<h3> Partners<\/h3> <p>Ecole Sup\u00e9rieure du Professorat et de l'Education (ESPE) d'Aix-MarseilleRectorat d'Aix-MarseilleMaison du num\u00e9rique d'Aix-en-ProvenceMus\u00e9e MUCEMLes biblioth\u00e8ques municipales de la r\u00e9gion d'Aix en Provence<\/p>\t\t\n\tAxis 3 of the MESOPOLHIS Laboratory, \u00abEducation and cultures in the digital age\u00bb, which brings together researchers in the sociology of education and culture (art, literature), has obtained funding to organise a research seminar on the Sociological Approach to Digital Literacy Education (ASELN).<br>\nIn fact, the growing role played by the development of new ICTs in all social spheres means that not only do we need to integrate the contributions of digital technology into the social and cultural practices we are analysing, but we also need to look at the way in which educational institutions are using these new tools.<br>\nBy integrating digital issues into our long-standing work on literacy and educational inequalities, we are renewing the sociological approaches we use. That's why we wanted to organise a research seminar on digital issues, bringing in not only local researchers, but also national researchers in the sociology of education and the sociology of culture, as well as researchers in education and information and communication sciences from an interdisciplinary perspective. This will enable us, on the one hand, to nurture and flesh out our scientific thinking and enrich our knowledge and skills on digital literacy, and on the other, to create a network of researchers in the sociology of digital literacy while consolidating the links that already exist with research networks in sociology and information and communication sciences on digital, education and cultural practices.\n\t<strong>Seminars<\/strong><br><strong>- Ilya Levin<\/strong>, The culture of digital society (Tel Aviv University)<br>\n<strong>- Fr\u00e9d\u00e9rique Bros<\/strong>, What digital technology is doing to literacy (University of Lille)<br>\n- Reading in the digital age: new practices, new readers, with&nbsp;<strong>Fran\u00e7oise Paquiens\u00e9guy<\/strong>&nbsp;(Sciences Po Lyon)&nbsp;<strong>Mabel Verdi<\/strong>&nbsp;(EHESS),&nbsp;<strong>Aude Inaudi<\/strong>&nbsp;(Grenoble Alpes University - GRESEC),&nbsp;<strong>Fabienne Soldini<\/strong>&nbsp;(Aix-Marseille Univ, CNRS, LAMES)<br>\n<strong>- Milad Doueihi<\/strong>&nbsp;- Between calculation and computation. A digital philology\u00ab (University of Paris IV)\n<strong>- Marco Pitzalis<\/strong>, The logic of things. The micro-political dimension of innovation in schools (University of Cagliari)<br>\n<strong>- Sihem Najar<\/strong>, Online social movements and new forms of citizen expression in post-revolutionary Tunisia (University of Tunis)","protected":false},"excerpt":{"rendered":"<p>Home \u00bb Copy of Observatoire des publics et des pratiques de la culture - Sciences et soci\u00e9t\u00e9 . MESRI - AMU ASELN . AMIDEX P\u00e9pini\u00e8re Sociological approach to digital literacy education. Duration: Financing : Project sponsor: Project coordinator Mohamed Dendani, PhD in sociology, is a lecturer in the sociology department...<\/p>","protected":false},"author":4,"featured_media":0,"parent":0,"menu_order":0,"comment_status":"closed","ping_status":"closed","template":"","meta":{"_acf_changed":false,"inline_featured_image":false,"footnotes":""},"class_list":["post-31158","page","type-page","status-publish","hentry"],"acf":[],"yoast_head":"<!-- This site is optimized with the Yoast SEO plugin v27.5 - https:\/\/yoast.com\/product\/yoast-seo-wordpress\/ -->\n<title>ASELN . A*Midex P\u00e9pini\u00e8re - Mesopolhis<\/title>\n<meta name=\"robots\" content=\"index, follow, max-snippet:-1, max-image-preview:large, max-video-preview:-1\" \/>\n<link rel=\"canonical\" href=\"https:\/\/mesopolhis.fr\/en\/proteus-amidex-copy-copy-2\/\" \/>\n<meta property=\"og:locale\" content=\"en_GB\" \/>\n<meta property=\"og:type\" content=\"article\" \/>\n<meta property=\"og:title\" content=\"ASELN . A*Midex P\u00e9pini\u00e8re - Mesopolhis\" \/>\n<meta property=\"og:description\" content=\"Accueil \u00bb Copie de Observatoire des publics et des pratiques de la culture &#8211; Sciences et soci\u00e9t\u00e9&nbsp;. MESRI \u2013 AMU ASELN . AMIDEX P\u00e9pini\u00e8re&nbsp; &nbsp;&nbsp; Approche sociologique de l&rsquo;\u00e9ducation \u00e0 la litt\u00e9ratie num\u00e9rique. Dur\u00e9e : Financemement : Porteur : Coordinateur de projet Mohamed Dendani, Docteur en sociologie, est ma\u00eetre de conf\u00e9rences au d\u00e9partement de sociologie&hellip;\" \/>\n<meta property=\"og:url\" content=\"https:\/\/mesopolhis.fr\/en\/proteus-amidex-copy-copy-2\/\" \/>\n<meta property=\"og:site_name\" content=\"Mesopolhis\" \/>\n<meta property=\"article:modified_time\" content=\"2022-08-24T10:26:05+00:00\" \/>\n<meta name=\"twitter:card\" content=\"summary_large_image\" \/>\n<meta name=\"twitter:label1\" content=\"Estimated reading time\" \/>\n\t<meta name=\"twitter:data1\" content=\"3 minutes\" \/>\n<script type=\"application\/ld+json\" class=\"yoast-schema-graph\">{\"@context\":\"https:\\\/\\\/schema.org\",\"@graph\":[{\"@type\":\"WebPage\",\"@id\":\"https:\\\/\\\/mesopolhis.fr\\\/proteus-amidex-copy-copy-2\\\/\",\"url\":\"https:\\\/\\\/mesopolhis.fr\\\/proteus-amidex-copy-copy-2\\\/\",\"name\":\"ASELN . A*Midex P\u00e9pini\u00e8re - Mesopolhis\",\"isPartOf\":{\"@id\":\"https:\\\/\\\/mesopolhis.fr\\\/#website\"},\"datePublished\":\"2022-08-24T10:25:09+00:00\",\"dateModified\":\"2022-08-24T10:26:05+00:00\",\"breadcrumb\":{\"@id\":\"https:\\\/\\\/mesopolhis.fr\\\/proteus-amidex-copy-copy-2\\\/#breadcrumb\"},\"inLanguage\":\"en-GB\",\"potentialAction\":[{\"@type\":\"ReadAction\",\"target\":[\"https:\\\/\\\/mesopolhis.fr\\\/proteus-amidex-copy-copy-2\\\/\"]}]},{\"@type\":\"BreadcrumbList\",\"@id\":\"https:\\\/\\\/mesopolhis.fr\\\/proteus-amidex-copy-copy-2\\\/#breadcrumb\",\"itemListElement\":[{\"@type\":\"ListItem\",\"position\":1,\"name\":\"Accueil\",\"item\":\"https:\\\/\\\/mesopolhis.fr\\\/\"},{\"@type\":\"ListItem\",\"position\":2,\"name\":\"ASELN . A*Midex P\u00e9pini\u00e8re\"}]},{\"@type\":\"WebSite\",\"@id\":\"https:\\\/\\\/mesopolhis.fr\\\/#website\",\"url\":\"https:\\\/\\\/mesopolhis.fr\\\/\",\"name\":\"Mesopolhis\",\"description\":\"Centre m\u00e9diterran\u00e9en de sociologie, de science politique et d&#039;histoire\",\"publisher\":{\"@id\":\"https:\\\/\\\/mesopolhis.fr\\\/#organization\"},\"potentialAction\":[{\"@type\":\"SearchAction\",\"target\":{\"@type\":\"EntryPoint\",\"urlTemplate\":\"https:\\\/\\\/mesopolhis.fr\\\/?s={search_term_string}\"},\"query-input\":{\"@type\":\"PropertyValueSpecification\",\"valueRequired\":true,\"valueName\":\"search_term_string\"}}],\"inLanguage\":\"en-GB\"},{\"@type\":\"Organization\",\"@id\":\"https:\\\/\\\/mesopolhis.fr\\\/#organization\",\"name\":\"Mesopolhis\",\"url\":\"https:\\\/\\\/mesopolhis.fr\\\/\",\"logo\":{\"@type\":\"ImageObject\",\"inLanguage\":\"en-GB\",\"@id\":\"https:\\\/\\\/mesopolhis.fr\\\/#\\\/schema\\\/logo\\\/image\\\/\",\"url\":\"https:\\\/\\\/mesopolhis.fr\\\/wp-content\\\/uploads\\\/2021\\\/12\\\/Logo_MESOPOLHIS_Quadri.png\",\"contentUrl\":\"https:\\\/\\\/mesopolhis.fr\\\/wp-content\\\/uploads\\\/2021\\\/12\\\/Logo_MESOPOLHIS_Quadri.png\",\"width\":264,\"height\":69,\"caption\":\"Mesopolhis\"},\"image\":{\"@id\":\"https:\\\/\\\/mesopolhis.fr\\\/#\\\/schema\\\/logo\\\/image\\\/\"}}]}<\/script>\n<!-- \/ Yoast SEO plugin. -->","yoast_head_json":{"title":"ASELN . A*Midex P\u00e9pini\u00e8re - Mesopolhis","robots":{"index":"index","follow":"follow","max-snippet":"max-snippet:-1","max-image-preview":"max-image-preview:large","max-video-preview":"max-video-preview:-1"},"canonical":"https:\/\/mesopolhis.fr\/en\/proteus-amidex-copy-copy-2\/","og_locale":"en_GB","og_type":"article","og_title":"ASELN . A*Midex P\u00e9pini\u00e8re - Mesopolhis","og_description":"Accueil \u00bb Copie de Observatoire des publics et des pratiques de la culture &#8211; Sciences et soci\u00e9t\u00e9&nbsp;. MESRI \u2013 AMU ASELN . AMIDEX P\u00e9pini\u00e8re&nbsp; &nbsp;&nbsp; Approche sociologique de l&rsquo;\u00e9ducation \u00e0 la litt\u00e9ratie num\u00e9rique. Dur\u00e9e : Financemement : Porteur : Coordinateur de projet Mohamed Dendani, Docteur en sociologie, est ma\u00eetre de conf\u00e9rences au d\u00e9partement de sociologie&hellip;","og_url":"https:\/\/mesopolhis.fr\/en\/proteus-amidex-copy-copy-2\/","og_site_name":"Mesopolhis","article_modified_time":"2022-08-24T10:26:05+00:00","twitter_card":"summary_large_image","twitter_misc":{"Estimated reading time":"3 minutes"},"schema":{"@context":"https:\/\/schema.org","@graph":[{"@type":"WebPage","@id":"https:\/\/mesopolhis.fr\/proteus-amidex-copy-copy-2\/","url":"https:\/\/mesopolhis.fr\/proteus-amidex-copy-copy-2\/","name":"ASELN . A*Midex P\u00e9pini\u00e8re - Mesopolhis","isPartOf":{"@id":"https:\/\/mesopolhis.fr\/#website"},"datePublished":"2022-08-24T10:25:09+00:00","dateModified":"2022-08-24T10:26:05+00:00","breadcrumb":{"@id":"https:\/\/mesopolhis.fr\/proteus-amidex-copy-copy-2\/#breadcrumb"},"inLanguage":"en-GB","potentialAction":[{"@type":"ReadAction","target":["https:\/\/mesopolhis.fr\/proteus-amidex-copy-copy-2\/"]}]},{"@type":"BreadcrumbList","@id":"https:\/\/mesopolhis.fr\/proteus-amidex-copy-copy-2\/#breadcrumb","itemListElement":[{"@type":"ListItem","position":1,"name":"Accueil","item":"https:\/\/mesopolhis.fr\/"},{"@type":"ListItem","position":2,"name":"ASELN . A*Midex P\u00e9pini\u00e8re"}]},{"@type":"WebSite","@id":"https:\/\/mesopolhis.fr\/#website","url":"https:\/\/mesopolhis.fr\/","name":"Mesopolhis","description":"Mediterranean Centre for Sociology, Political Science and History","publisher":{"@id":"https:\/\/mesopolhis.fr\/#organization"},"potentialAction":[{"@type":"SearchAction","target":{"@type":"EntryPoint","urlTemplate":"https:\/\/mesopolhis.fr\/?s={search_term_string}"},"query-input":{"@type":"PropertyValueSpecification","valueRequired":true,"valueName":"search_term_string"}}],"inLanguage":"en-GB"},{"@type":"Organization","@id":"https:\/\/mesopolhis.fr\/#organization","name":"Mesopolhis","url":"https:\/\/mesopolhis.fr\/","logo":{"@type":"ImageObject","inLanguage":"en-GB","@id":"https:\/\/mesopolhis.fr\/#\/schema\/logo\/image\/","url":"https:\/\/mesopolhis.fr\/wp-content\/uploads\/2021\/12\/Logo_MESOPOLHIS_Quadri.png","contentUrl":"https:\/\/mesopolhis.fr\/wp-content\/uploads\/2021\/12\/Logo_MESOPOLHIS_Quadri.png","width":264,"height":69,"caption":"Mesopolhis"},"image":{"@id":"https:\/\/mesopolhis.fr\/#\/schema\/logo\/image\/"}}]}},"_links":{"self":[{"href":"https:\/\/mesopolhis.fr\/en\/wp-json\/wp\/v2\/pages\/31158","targetHints":{"allow":["GET"]}}],"collection":[{"href":"https:\/\/mesopolhis.fr\/en\/wp-json\/wp\/v2\/pages"}],"about":[{"href":"https:\/\/mesopolhis.fr\/en\/wp-json\/wp\/v2\/types\/page"}],"author":[{"embeddable":true,"href":"https:\/\/mesopolhis.fr\/en\/wp-json\/wp\/v2\/users\/4"}],"replies":[{"embeddable":true,"href":"https:\/\/mesopolhis.fr\/en\/wp-json\/wp\/v2\/comments?post=31158"}],"version-history":[{"count":0,"href":"https:\/\/mesopolhis.fr\/en\/wp-json\/wp\/v2\/pages\/31158\/revisions"}],"wp:attachment":[{"href":"https:\/\/mesopolhis.fr\/en\/wp-json\/wp\/v2\/media?parent=31158"}],"curies":[{"name":"wp","href":"https:\/\/api.w.org\/{rel}","templated":true}]}}