{"id":31153,"date":"2022-08-24T11:57:26","date_gmt":"2022-08-24T09:57:26","guid":{"rendered":"https:\/\/mesopolhis.fr\/?page_id=31153"},"modified":"2022-10-25T15:00:02","modified_gmt":"2022-10-25T13:00:02","slug":"knowledge-factory-southern-region","status":"publish","type":"page","link":"https:\/\/mesopolhis.fr\/en\/knowledge-factory-southern-region\/","title":{"rendered":"KNOWLEDGE FACTORY . Southern Region"},"content":{"rendered":"<a href=\"https:\/\/mesopolhis.fr\/en\/\">Home<\/a> &raquo; FABRIQUE DES CONNAISSANCES . R\u00e9gion Sud<h2>\n\t\t\u00ab Fabrique des connaissances \u00bb &#8211; R\u00e9gion Sud\u00a0\n\t<\/h2>\n<h3>\n\t\tAltermobility and demobility in the southern region: what alternatives for low-carbon mobility?\n\t<\/h3>\n\t\t\t<h3> Dur\u00e9e : Mars 2022 &#8211; Mars 2023<\/h3>\t\t\n\t\t\t<h3> Funding: \u20ac30,000<\/h3>\t\t\n\t\t\t<h3> Project sponsor: Mesopolhis<\/h3>\t\t\n\t\t\t<h3> Project team<\/h3> <p><strong>Rodolphe Dodier<\/strong>geographer, scientific and administrative advisor, PR AMU, UMR MESOPOLHIS, rodolphe.dodier@univ-amu.fr<strong>Laurent Cailly<\/strong> (TELEMME), geographer, scientific advisor, MCF-HDR, UMR CITERES<strong>Matthias Bourrissoux<\/strong>sociologist, research associate, UMR MESOPOLHIS<strong>Joseph Cacciari<\/strong>sociologist, research associate, UMR IDHES<strong>Marie Huyghe<\/strong>geographer, associate researcher, UMR CITERES<strong>Matthieu Leborgne<\/strong>sociologist, research associate, UMR MESOPOLHIS<strong>Nicolas Oppenchaim<\/strong>sociologist, MCF, UMR CITERES<\/p>\t\t\n\tPar le laboratoire MESOPOLHIS (UMR 7064 &#8211; Aix-Marseille universit\u00e9\/CNRS\/Sciences Po Aix) &#8211;\u00a0Partenaire scientifique\u00a0: laboratoire CITERES (UMR 7324 &#8211; Universit\u00e9 de Tours\/CNRS)<br \/>\nEn r\u00e9ponse \u00e0 un appel propos\u00e9 par la direction \u00ab\u00a0Prospective\u00a0\u00bb de la R\u00e9gion Sud dans le cadre de l&rsquo;AAP \u00ab\u00a0Fabrique de la Connaissance\u00a0\u00bb, une \u00e9quipe pluridisciplinaire adoss\u00e9e \u00e0 l&rsquo;UMR M\u00e9sopolhis (Universit\u00e9 d&rsquo;Aix-Marseille) et \u00e0 l&rsquo;UMR Citeres (Universit\u00e9 de Tours) s&rsquo;est constitu\u00e9e et se donne pour projet d&rsquo;accompagner la R\u00e9gion dans sa d\u00e9marche, en proposant\u00a0:\nUn \u00e9tat des connaissances th\u00e9oriques et empiriques sur les changements de comportement de mobilit\u00e9 des habitants, appr\u00e9hend\u00e9s \u00e0 l&rsquo;\u00e9chelle individuelle, dans le contexte fran\u00e7ais et plus sp\u00e9cifiquement de la R\u00e9gion Sud, en se focalisant \u00e0 la fois sur la d\u00e9mobilit\u00e9 et sur l&rsquo;altermobilit\u00e9.<br \/>\nUne confrontation de cet \u00e9tat de la recherche avec une approche de terrain visant \u00e0 identifier les enjeux des changements comportementaux sur diff\u00e9rents types d&rsquo;espaces repr\u00e9sentatifs des territoires de la R\u00e9gion Sud. Il s&rsquo;agit d&rsquo;identifier les freins ou les leviers sp\u00e9cifiques selon les diff\u00e9rentes caract\u00e9ristiques territoriales.<br \/>\nUn accompagnement des acteurs r\u00e9gionaux et locaux dans une d\u00e9marche d&rsquo;appropriation d&rsquo;outils conceptuels, m\u00e9thodologiques et empiriques, leur permettant d&rsquo;identifier et\/ou de reformuler les enjeux de mobilit\u00e9 sur leur territoire.\n<h2>\n\t\tProject objectives\n\t<\/h2>\n\t<ul>\n<li>Faire un \u00e9tat des connaissances th\u00e9oriques et empiriques sur les changements de comportement de mobilit\u00e9 des habitants et plus sp\u00e9cifiquement sur la question de la d\u00e9mobilit\u00e9,\u00a0 notamment en lien avec les \u00e9volutions contextuelles rapides marqu\u00e9es par \u00ab\u00a0l&#8217;embo\u00eetement des crises\u00a0\u00bb\u00a0: \u00e9nerg\u00e9tique, sociale, sanitaire, climatique, etc. Un premier travail sera effectu\u00e9 sur les \u00e9l\u00e9ments de d\u00e9finition (pratiques alternatives, d\u00e9mobilit\u00e9, choisies ou subies, etc.). Une deuxi\u00e8me perspective visera \u00e0 synth\u00e9tiser, sur chacun des deux th\u00e8mes, les mod\u00e8les mis en \u0153uvre par les chercheurs pour d\u00e9crire et analyser les changements de comportement. Dans les deux cas, l&rsquo;attention sera \u00e9galement port\u00e9e sur les approches critiques (efficience, cons\u00e9quences non attendues, changements sociaux induits, etc.). Une troisi\u00e8me orientation consistera \u00e0 synth\u00e9tiser les r\u00e9sultats des enqu\u00eates men\u00e9es r\u00e9cemment en France et en r\u00e9gion, et de proposer une synth\u00e8se des pistes \u00e0 explorer pour mener de telles enqu\u00eates dans la R\u00e9gion Sud. Enfin, un dernier volet proposera d&rsquo;identifier, \u00e0 travers quelques retours d&rsquo;exp\u00e9riences men\u00e9es dans des territoires pilotes hors r\u00e9gion, les outils et les pratiques de diagnostic et d&rsquo;accompagnement mis en \u0153uvre pour penser le changement et\/ou la r\u00e9duction des pratiques de d\u00e9placement.<\/li>\n<\/ul>\n<ul>\n<li>Confronter cet \u00e9tat de la recherche avec une approche de terrain visant \u00e0 identifier les diff\u00e9rentes formes de changements (ou leur absence) des pratiques de mobilit\u00e9 sur diff\u00e9rents types d&rsquo;espaces repr\u00e9sentatifs des territoires de la R\u00e9gion Sud. Une synth\u00e8se des enjeux sp\u00e9cifiques, des freins, des \u00e9ventuelles initiatives locales, sera propos\u00e9e en se basant sur la structuration du territoire r\u00e9gional en trois principaux types d&rsquo;espaces : le c\u0153ur m\u00e9tropolis\u00e9 (Avignon-Aix-Marseille-Toulon-Nice), les marges rurales et alpines plus isol\u00e9es (Mercantour, Haute-Durance, Baronnies, etc.), et l&rsquo;entre-deux r\u00e9gional, compos\u00e9 de territoires p\u00e9riurbains ou p\u00e9ri-m\u00e9tropolitains (Nord du Var, Basse Durance, etc.) et de villes moyennes (Gap, Digne, Manosque, etc.). Le but est \u00e9galement de renseigner un certain nombre d&rsquo;\u00e9nigmes territorialis\u00e9es de la mobilit\u00e9, de l&rsquo;altermobilit\u00e9 ou de la d\u00e9mobilit\u00e9. L&rsquo;objectif final est d&rsquo;arriver \u00e0 une vision partag\u00e9e, avec nos partenaires de la R\u00e9gion, des territoires \u00e0 explorer de fa\u00e7on plus approfondie dans une \u00e9ventuelle seconde phase du travail.<\/li>\n<\/ul>\n<ul>\n<li>Accompagner des acteurs r\u00e9gionaux et locaux dans une d\u00e9marche d&rsquo;appropriation d&rsquo;outils conceptuels, m\u00e9thodologiques et empiriques, leur permettant d&rsquo;identifier et\/ou de reformuler les enjeux de mobilit\u00e9 sur leur territoire, \u00e0 partir d&rsquo;une meilleure connaissance des leviers et des freins aux changements de comportements, adapt\u00e9e aux contextes territoriaux qui sont les leurs. L&rsquo;objectif est de donner aux participants aux ateliers les connaissances et outils pour faire \u00e9voluer leur mani\u00e8re de travailler sur la mobilit\u00e9.<\/li>\n<\/ul>","protected":false},"excerpt":{"rendered":"<p>Accueil &raquo; FABRIQUE DES CONNAISSANCES . R\u00e9gion Sud \u00ab Fabrique des connaissances \u00bb &#8211; R\u00e9gion Sud\u00a0 AAP Altermobilit\u00e9 et d\u00e9mobilit\u00e9 dans la r\u00e9gion sud : quelles alternatives pour une mobilit\u00e9 d\u00e9carbon\u00e9e ? Dur\u00e9e : Mars 2022 &#8211; Mars 2023 Financement : 30 000\u20ac Porteur : Mesopolhis Equipe projet Rodolphe Dodier, g\u00e9ographe, r\u00e9f\u00e9rent scientifique et administratif,&hellip;<\/p>","protected":false},"author":4,"featured_media":0,"parent":0,"menu_order":0,"comment_status":"closed","ping_status":"closed","template":"","meta":{"_acf_changed":false,"inline_featured_image":false,"footnotes":""},"class_list":["post-31153","page","type-page","status-publish","hentry"],"acf":[],"yoast_head":"<!-- This site is optimized with the Yoast SEO plugin v27.5 - https:\/\/yoast.com\/product\/yoast-seo-wordpress\/ -->\n<title>FABRIQUE DES CONNAISSANCES . R\u00e9gion Sud - Mesopolhis<\/title>\n<meta name=\"robots\" content=\"index, follow, max-snippet:-1, max-image-preview:large, max-video-preview:-1\" \/>\n<link rel=\"canonical\" href=\"https:\/\/mesopolhis.fr\/en\/knowledge-factory-southern-region\/\" \/>\n<meta property=\"og:locale\" content=\"en_GB\" \/>\n<meta property=\"og:type\" content=\"article\" \/>\n<meta property=\"og:title\" content=\"FABRIQUE DES CONNAISSANCES . R\u00e9gion Sud - Mesopolhis\" \/>\n<meta property=\"og:description\" content=\"Accueil &raquo; FABRIQUE DES CONNAISSANCES . R\u00e9gion Sud \u00ab Fabrique des connaissances \u00bb &#8211; R\u00e9gion Sud\u00a0 AAP Altermobilit\u00e9 et d\u00e9mobilit\u00e9 dans la r\u00e9gion sud : quelles alternatives pour une mobilit\u00e9 d\u00e9carbon\u00e9e ? Dur\u00e9e : Mars 2022 &#8211; Mars 2023 Financement : 30 000\u20ac Porteur : Mesopolhis Equipe projet Rodolphe Dodier, g\u00e9ographe, r\u00e9f\u00e9rent scientifique et administratif,&hellip;\" \/>\n<meta property=\"og:url\" content=\"https:\/\/mesopolhis.fr\/en\/knowledge-factory-southern-region\/\" \/>\n<meta property=\"og:site_name\" content=\"Mesopolhis\" \/>\n<meta property=\"article:modified_time\" content=\"2022-10-25T13:00:02+00:00\" \/>\n<meta name=\"twitter:card\" content=\"summary_large_image\" \/>\n<script type=\"application\/ld+json\" class=\"yoast-schema-graph\">{\"@context\":\"https:\\\/\\\/schema.org\",\"@graph\":[{\"@type\":\"WebPage\",\"@id\":\"https:\\\/\\\/mesopolhis.fr\\\/fabrique-des-connaissances-region-sud\\\/\",\"url\":\"https:\\\/\\\/mesopolhis.fr\\\/fabrique-des-connaissances-region-sud\\\/\",\"name\":\"FABRIQUE DES CONNAISSANCES . R\u00e9gion Sud - Mesopolhis\",\"isPartOf\":{\"@id\":\"https:\\\/\\\/mesopolhis.fr\\\/#website\"},\"datePublished\":\"2022-08-24T09:57:26+00:00\",\"dateModified\":\"2022-10-25T13:00:02+00:00\",\"breadcrumb\":{\"@id\":\"https:\\\/\\\/mesopolhis.fr\\\/fabrique-des-connaissances-region-sud\\\/#breadcrumb\"},\"inLanguage\":\"en-GB\",\"potentialAction\":[{\"@type\":\"ReadAction\",\"target\":[\"https:\\\/\\\/mesopolhis.fr\\\/fabrique-des-connaissances-region-sud\\\/\"]}]},{\"@type\":\"BreadcrumbList\",\"@id\":\"https:\\\/\\\/mesopolhis.fr\\\/fabrique-des-connaissances-region-sud\\\/#breadcrumb\",\"itemListElement\":[{\"@type\":\"ListItem\",\"position\":1,\"name\":\"Accueil\",\"item\":\"https:\\\/\\\/mesopolhis.fr\\\/\"},{\"@type\":\"ListItem\",\"position\":2,\"name\":\"FABRIQUE DES CONNAISSANCES . R\u00e9gion Sud\"}]},{\"@type\":\"WebSite\",\"@id\":\"https:\\\/\\\/mesopolhis.fr\\\/#website\",\"url\":\"https:\\\/\\\/mesopolhis.fr\\\/\",\"name\":\"Mesopolhis\",\"description\":\"Centre m\u00e9diterran\u00e9en de sociologie, de science politique et d&#039;histoire\",\"publisher\":{\"@id\":\"https:\\\/\\\/mesopolhis.fr\\\/#organization\"},\"potentialAction\":[{\"@type\":\"SearchAction\",\"target\":{\"@type\":\"EntryPoint\",\"urlTemplate\":\"https:\\\/\\\/mesopolhis.fr\\\/?s={search_term_string}\"},\"query-input\":{\"@type\":\"PropertyValueSpecification\",\"valueRequired\":true,\"valueName\":\"search_term_string\"}}],\"inLanguage\":\"en-GB\"},{\"@type\":\"Organization\",\"@id\":\"https:\\\/\\\/mesopolhis.fr\\\/#organization\",\"name\":\"Mesopolhis\",\"url\":\"https:\\\/\\\/mesopolhis.fr\\\/\",\"logo\":{\"@type\":\"ImageObject\",\"inLanguage\":\"en-GB\",\"@id\":\"https:\\\/\\\/mesopolhis.fr\\\/#\\\/schema\\\/logo\\\/image\\\/\",\"url\":\"https:\\\/\\\/mesopolhis.fr\\\/wp-content\\\/uploads\\\/2021\\\/12\\\/Logo_MESOPOLHIS_Quadri.png\",\"contentUrl\":\"https:\\\/\\\/mesopolhis.fr\\\/wp-content\\\/uploads\\\/2021\\\/12\\\/Logo_MESOPOLHIS_Quadri.png\",\"width\":264,\"height\":69,\"caption\":\"Mesopolhis\"},\"image\":{\"@id\":\"https:\\\/\\\/mesopolhis.fr\\\/#\\\/schema\\\/logo\\\/image\\\/\"}}]}<\/script>\n<!-- \/ Yoast SEO plugin. -->","yoast_head_json":{"title":"KNOWLEDGE FACTORY . Southern Region - Mesopolhis","robots":{"index":"index","follow":"follow","max-snippet":"max-snippet:-1","max-image-preview":"max-image-preview:large","max-video-preview":"max-video-preview:-1"},"canonical":"https:\/\/mesopolhis.fr\/en\/knowledge-factory-southern-region\/","og_locale":"en_GB","og_type":"article","og_title":"FABRIQUE DES CONNAISSANCES . R\u00e9gion Sud - Mesopolhis","og_description":"Accueil &raquo; FABRIQUE DES CONNAISSANCES . R\u00e9gion Sud \u00ab Fabrique des connaissances \u00bb &#8211; R\u00e9gion Sud\u00a0 AAP Altermobilit\u00e9 et d\u00e9mobilit\u00e9 dans la r\u00e9gion sud : quelles alternatives pour une mobilit\u00e9 d\u00e9carbon\u00e9e ? Dur\u00e9e : Mars 2022 &#8211; Mars 2023 Financement : 30 000\u20ac Porteur : Mesopolhis Equipe projet Rodolphe Dodier, g\u00e9ographe, r\u00e9f\u00e9rent scientifique et administratif,&hellip;","og_url":"https:\/\/mesopolhis.fr\/en\/knowledge-factory-southern-region\/","og_site_name":"Mesopolhis","article_modified_time":"2022-10-25T13:00:02+00:00","twitter_card":"summary_large_image","schema":{"@context":"https:\/\/schema.org","@graph":[{"@type":"WebPage","@id":"https:\/\/mesopolhis.fr\/fabrique-des-connaissances-region-sud\/","url":"https:\/\/mesopolhis.fr\/fabrique-des-connaissances-region-sud\/","name":"KNOWLEDGE FACTORY . Southern Region - Mesopolhis","isPartOf":{"@id":"https:\/\/mesopolhis.fr\/#website"},"datePublished":"2022-08-24T09:57:26+00:00","dateModified":"2022-10-25T13:00:02+00:00","breadcrumb":{"@id":"https:\/\/mesopolhis.fr\/fabrique-des-connaissances-region-sud\/#breadcrumb"},"inLanguage":"en-GB","potentialAction":[{"@type":"ReadAction","target":["https:\/\/mesopolhis.fr\/fabrique-des-connaissances-region-sud\/"]}]},{"@type":"BreadcrumbList","@id":"https:\/\/mesopolhis.fr\/fabrique-des-connaissances-region-sud\/#breadcrumb","itemListElement":[{"@type":"ListItem","position":1,"name":"Accueil","item":"https:\/\/mesopolhis.fr\/"},{"@type":"ListItem","position":2,"name":"FABRIQUE DES CONNAISSANCES . R\u00e9gion Sud"}]},{"@type":"WebSite","@id":"https:\/\/mesopolhis.fr\/#website","url":"https:\/\/mesopolhis.fr\/","name":"Mesopolhis","description":"Mediterranean Centre for Sociology, Political Science and History","publisher":{"@id":"https:\/\/mesopolhis.fr\/#organization"},"potentialAction":[{"@type":"SearchAction","target":{"@type":"EntryPoint","urlTemplate":"https:\/\/mesopolhis.fr\/?s={search_term_string}"},"query-input":{"@type":"PropertyValueSpecification","valueRequired":true,"valueName":"search_term_string"}}],"inLanguage":"en-GB"},{"@type":"Organization","@id":"https:\/\/mesopolhis.fr\/#organization","name":"Mesopolhis","url":"https:\/\/mesopolhis.fr\/","logo":{"@type":"ImageObject","inLanguage":"en-GB","@id":"https:\/\/mesopolhis.fr\/#\/schema\/logo\/image\/","url":"https:\/\/mesopolhis.fr\/wp-content\/uploads\/2021\/12\/Logo_MESOPOLHIS_Quadri.png","contentUrl":"https:\/\/mesopolhis.fr\/wp-content\/uploads\/2021\/12\/Logo_MESOPOLHIS_Quadri.png","width":264,"height":69,"caption":"Mesopolhis"},"image":{"@id":"https:\/\/mesopolhis.fr\/#\/schema\/logo\/image\/"}}]}},"_links":{"self":[{"href":"https:\/\/mesopolhis.fr\/en\/wp-json\/wp\/v2\/pages\/31153","targetHints":{"allow":["GET"]}}],"collection":[{"href":"https:\/\/mesopolhis.fr\/en\/wp-json\/wp\/v2\/pages"}],"about":[{"href":"https:\/\/mesopolhis.fr\/en\/wp-json\/wp\/v2\/types\/page"}],"author":[{"embeddable":true,"href":"https:\/\/mesopolhis.fr\/en\/wp-json\/wp\/v2\/users\/4"}],"replies":[{"embeddable":true,"href":"https:\/\/mesopolhis.fr\/en\/wp-json\/wp\/v2\/comments?post=31153"}],"version-history":[{"count":0,"href":"https:\/\/mesopolhis.fr\/en\/wp-json\/wp\/v2\/pages\/31153\/revisions"}],"wp:attachment":[{"href":"https:\/\/mesopolhis.fr\/en\/wp-json\/wp\/v2\/media?parent=31153"}],"curies":[{"name":"wp","href":"https:\/\/api.w.org\/{rel}","templated":true}]}}